{"id":1190,"date":"2023-06-30T08:22:49","date_gmt":"2023-06-30T08:22:49","guid":{"rendered":"https:\/\/prueba.ibima.eu\/?page_id=1190"},"modified":"2026-01-12T11:49:21","modified_gmt":"2026-01-12T11:49:21","slug":"proteomica","status":"publish","type":"page","link":"https:\/\/ibima.eu\/en\/proteomica\/","title":{"rendered":"Proteomics"},"content":{"rendered":"<p>[et_pb_section fb_built=\u00bb1&#8243; _builder_version=\u00bb4.20.4&#8243; _module_preset=\u00bbdefault\u00bb background_image=\u00bbhttps:\/\/ibima.eu\/wp-content\/uploads\/2023\/10\/PROTEOMICA-scaled.jpg\u00bb global_colors_info=\u00bb{}\u00bb][et_pb_row _builder_version=\u00bb4.20.4&#8243; _module_preset=\u00bbdefault\u00bb custom_padding=\u00bb250px||30px||false|false\u00bb global_colors_info=\u00bb{}\u00bb][et_pb_column type=\u00bb4_4&#8243; _builder_version=\u00bb4.20.4&#8243; _module_preset=\u00bbdefault\u00bb global_colors_info=\u00bb{}\u00bb][et_pb_text _builder_version=\u00bb4.20.4&#8243; _module_preset=\u00bbdefault\u00bb header_2_font=\u00bbPoppins|700|||||||\u00bb header_2_text_color=\u00bb#FFFFFF\u00bb header_2_font_size=\u00bb46px\u00bb global_colors_info=\u00bb{}\u00bb]<\/p>\n<h2>Prote\u00f3mica<\/h2>\n<p>[\/et_pb_text][\/et_pb_column][\/et_pb_row][\/et_pb_section][et_pb_section fb_built=\u00bb1&#8243; _builder_version=\u00bb4.20.4&#8243; _module_preset=\u00bbdefault\u00bb global_colors_info=\u00bb{}\u00bb][et_pb_row _builder_version=\u00bb4.20.4&#8243; _module_preset=\u00bbdefault\u00bb width=\u00bb70%\u00bb custom_margin=\u00bb50px||50px||true|false\u00bb custom_margin_tablet=\u00bb50px||50px||true|false\u00bb custom_margin_phone=\u00bb20px||20px||true|false\u00bb custom_margin_last_edited=\u00bbon|phone\u00bb global_colors_info=\u00bb{}\u00bb][et_pb_column type=\u00bb4_4&#8243; _builder_version=\u00bb4.20.4&#8243; _module_preset=\u00bbdefault\u00bb global_colors_info=\u00bb{}\u00bb][et_pb_text _builder_version=\u00bb4.23.4&#8243; _module_preset=\u00bbdefault\u00bb text_font=\u00bbPoppins||||||||\u00bb text_orientation=\u00bbjustified\u00bb global_colors_info=\u00bb{}\u00bb]<\/p>\n<p style=\"text-align: justify;\">La Unidad de Prote\u00f3mica proporciona apoyo y asesoramiento cient\u00edfico-t\u00e9cnico a la comunidad universitaria y a otras instituciones p\u00fablicas o privadas en la identificaci\u00f3n y caracterizaci\u00f3n de prote\u00ednas, as\u00ed como de otras biomol\u00e9culas, fundamentalmente mediante t\u00e9cnicas de espectrometr\u00eda de masas. La espectrometr\u00eda de masas est\u00e1 basada en el comportamiento diferencial que presentan las mol\u00e9culas ionizadas al atravesar campos el\u00e9ctricos y magn\u00e9ticos. Esta t\u00e9cnica permite que dichos iones sean separados en funci\u00f3n de su relaci\u00f3n masa\/carga (m\/z) y detectados posteriormente.<\/p>\n<p style=\"text-align: justify;\">Est\u00e1 ubicada en la Unidad de Prote\u00f3mica de los Servicios Centrales de Apoyo a la Investigaci\u00f3n (SCAI) de la Universidad de M\u00e1laga y cuenta con una avanzada infraestructura cient\u00edfica y con personal altamente cualificado. Su funci\u00f3n es realizar ensayos y dar soporte cient\u00edfico-t\u00e9cnico y docente, de una forma integral y centralizada<\/p>\n<p>[\/et_pb_text][\/et_pb_column][\/et_pb_row][\/et_pb_section][et_pb_section fb_built=\u00bb1&#8243; _builder_version=\u00bb4.20.4&#8243; _module_preset=\u00bbdefault\u00bb background_color=\u00bb#235b78&#8243; custom_padding=\u00bb30px||30px||true|false\u00bb global_colors_info=\u00bb{}\u00bb][et_pb_row _builder_version=\u00bb4.20.4&#8243; _module_preset=\u00bbdefault\u00bb global_colors_info=\u00bb{}\u00bb][et_pb_column type=\u00bb4_4&#8243; _builder_version=\u00bb4.20.4&#8243; _module_preset=\u00bbdefault\u00bb global_colors_info=\u00bb{}\u00bb][et_pb_text _builder_version=\u00bb4.20.4&#8243; _module_preset=\u00bbdefault\u00bb header_3_font=\u00bbPoppins|700|||||||\u00bb header_3_text_color=\u00bb#FFFFFF\u00bb header_3_font_size=\u00bb34px\u00bb global_colors_info=\u00bb{}\u00bb]<\/p>\n<h3>Servicios<\/h3>\n<p>[\/et_pb_text][\/et_pb_column][\/et_pb_row][\/et_pb_section][et_pb_section fb_built=\u00bb1&#8243; _builder_version=\u00bb4.20.4&#8243; _module_preset=\u00bbdefault\u00bb global_colors_info=\u00bb{}\u00bb][et_pb_row _builder_version=\u00bb4.20.4&#8243; _module_preset=\u00bbdefault\u00bb width=\u00bb70%\u00bb custom_margin=\u00bb50px||50px||true|false\u00bb custom_margin_tablet=\u00bb50px||50px||true|false\u00bb custom_margin_phone=\u00bb20px||20px||true|false\u00bb custom_margin_last_edited=\u00bbon|phone\u00bb global_colors_info=\u00bb{}\u00bb][et_pb_column type=\u00bb4_4&#8243; _builder_version=\u00bb4.20.4&#8243; _module_preset=\u00bbdefault\u00bb global_colors_info=\u00bb{}\u00bb][et_pb_text _builder_version=\u00bb4.23.2&#8243; _module_preset=\u00bbdefault\u00bb text_font=\u00bbPoppins||||||||\u00bb header_font=\u00bbPoppins||||||||\u00bb text_orientation=\u00bbjustified\u00bb global_colors_info=\u00bb{}\u00bb]<\/p>\n<p>\u2022 Espectrometr\u00eda de Masas mediante Cuadrupolo-Orbitrap<br \/>\u2022 Espectrometr\u00eda de Masas mediante Trampa de Iones<br \/>\u2022 Espectrometr\u00eda de masas MALDI-TOF\/TOF<br \/>\u2022 Espectrometr\u00eda MALDI-Imaging<\/p>\n<p>[\/et_pb_text][\/et_pb_column][\/et_pb_row][et_pb_row _builder_version=\u00bb4.20.4&#8243; _module_preset=\u00bbdefault\u00bb width=\u00bb70%\u00bb custom_margin=\u00bb||50px||false|false\u00bb global_colors_info=\u00bb{}\u00bb][et_pb_column type=\u00bb4_4&#8243; _builder_version=\u00bb4.20.4&#8243; _module_preset=\u00bbdefault\u00bb global_colors_info=\u00bb{}\u00bb][dsm_text_divider header=\u00bbAplicaciones\u00bb color=\u00bb#6ba5d1&#8243; _builder_version=\u00bb4.20.4&#8243; _module_preset=\u00bbdefault\u00bb header_font=\u00bbPoppins||||||||\u00bb header_text_color=\u00bb#6ba5d1&#8243; global_colors_info=\u00bb{}\u00bb][\/dsm_text_divider][et_pb_text _builder_version=\u00bb4.24.2&#8243; _module_preset=\u00bbdefault\u00bb text_font=\u00bbPoppins||||||||\u00bb text_orientation=\u00bbjustified\u00bb custom_margin=\u00bb30px||||false|false\u00bb global_colors_info=\u00bb{}\u00bb]<\/p>\n<p>\u2022 De diagn\u00f3stico y pron\u00f3stico de enfermedades<br \/>\u2022 B\u00fasqueda de dianas terap\u00e9uticas para el desarrollo de nuevos f\u00e1rmacos y vacunas<br \/>\u2022 Determinaci\u00f3n de mecanismos moleculares involucrados en la patog\u00e9nesis de enfermedades<br \/>\u2022 Clasificaci\u00f3n de tumores<br \/>\u2022 Distribuci\u00f3n de f\u00e1rmacos en tejidos<br \/>\u2022 Identificaci\u00f3n de microorganismos<br \/>\u2022 Estudios ecol\u00f3gicos y evolutivos<\/p>\n<p>[\/et_pb_text][dsm_text_divider header=\u00bbEquipos\u00bb color=\u00bb#6ba5d1&#8243; _builder_version=\u00bb4.20.4&#8243; _module_preset=\u00bbdefault\u00bb header_font=\u00bbPoppins||||||||\u00bb header_text_color=\u00bb#6ba5d1&#8243; global_colors_info=\u00bb{}\u00bb][\/dsm_text_divider][et_pb_text _builder_version=\u00bb4.23.2&#8243; _module_preset=\u00bbdefault\u00bb text_font=\u00bbPoppins||||||||\u00bb text_orientation=\u00bbjustified\u00bb custom_margin=\u00bb30px||||false|false\u00bb global_colors_info=\u00bb{}\u00bb]<\/p>\n<p>\u2022 Q Exactive HF-X<br \/>\u2022 ULTRAFLEXTREME<br \/>\u2022 Amazon Speed ETD<br \/>\u2022 Ultimate 3000<br \/>\u2022 Image-Prep<br \/>\u2022 Digestor<br \/>\u2022 Proteineer FC II<br \/>\u2022 Agilent 1200<br \/>\u2022 Bioplex 200<br \/>\u2022 Bioplex Pro Wash<br \/>\u2022 EASY-NLC II<br \/>\u2022 Biologic DuoFlow<br \/>\u2022 EASY-nLC 1200<\/p>\n<p>[\/et_pb_text][\/et_pb_column][\/et_pb_row][\/et_pb_section][et_pb_section fb_built=\u00bb1&#8243; _builder_version=\u00bb4.20.4&#8243; _module_preset=\u00bbdefault\u00bb background_image=\u00bbhttps:\/\/ibima.eu\/wp-content\/uploads\/2023\/04\/BANNER_2.jpg\u00bb custom_margin=\u00bb5px||5px||true|false\u00bb custom_padding=\u00bb||||false|false\u00bb locked=\u00bboff\u00bb global_colors_info=\u00bb{}\u00bb][et_pb_row _builder_version=\u00bb4.20.4&#8243; _module_preset=\u00bbdefault\u00bb custom_padding=\u00bb80px||80px||true|false\u00bb global_colors_info=\u00bb{}\u00bb][et_pb_column type=\u00bb4_4&#8243; _builder_version=\u00bb4.20.4&#8243; _module_preset=\u00bbdefault\u00bb global_colors_info=\u00bb{}\u00bb][et_pb_text _builder_version=\u00bb4.24.2&#8243; _module_preset=\u00bbdefault\u00bb text_font=\u00bbPoppins|700|||||||\u00bb text_text_color=\u00bb#FFFFFF\u00bb text_font_size=\u00bb33px\u00bb header_5_font=\u00bbPoppins|700|||||||\u00bb header_5_text_align=\u00bbleft\u00bb header_5_text_color=\u00bb#FFFFFF\u00bb header_5_font_size=\u00bb32px\u00bb header_5_line_height=\u00bb1.2em\u00bb global_colors_info=\u00bb{}\u00bb]<\/p>\n<h5>Tarifas<\/h5>\n<p>[\/et_pb_text][et_pb_button button_url=\u00bbhttps:\/\/ibima.eu\/wp-content\/uploads\/2025\/12\/Tarifas_Proteomica-SIMOA_2025.pdf\u00bb url_new_window=\u00bbon\u00bb button_text=\u00bbDESCARGAR\u00bb button_alignment=\u00bbleft\u00bb _builder_version=\u00bb4.27.4&#8243; _module_preset=\u00bbdefault\u00bb custom_button=\u00bbon\u00bb button_text_size=\u00bb17px\u00bb button_text_color=\u00bb#ffffff\u00bb button_bg_color=\u00bb#235b78&#8243; button_border_width=\u00bb0px\u00bb button_border_radius=\u00bb12px\u00bb button_font=\u00bbPoppins||||||||\u00bb button_icon=\u00bb&#x39;||divi||400&#8243; global_colors_info=\u00bb{}\u00bb][\/et_pb_button][\/et_pb_column][\/et_pb_row][\/et_pb_section][et_pb_section fb_built=\u00bb1&#8243; _builder_version=\u00bb4.20.4&#8243; _module_preset=\u00bbdefault\u00bb background_color=\u00bb#235b78&#8243; custom_padding=\u00bb30px||30px||true|false\u00bb global_colors_info=\u00bb{}\u00bb][et_pb_row _builder_version=\u00bb4.20.4&#8243; _module_preset=\u00bbdefault\u00bb global_colors_info=\u00bb{}\u00bb][et_pb_column type=\u00bb4_4&#8243; _builder_version=\u00bb4.20.4&#8243; _module_preset=\u00bbdefault\u00bb global_colors_info=\u00bb{}\u00bb][et_pb_text _builder_version=\u00bb4.20.4&#8243; _module_preset=\u00bbdefault\u00bb header_3_font=\u00bbPoppins|700|||||||\u00bb header_3_text_color=\u00bb#FFFFFF\u00bb header_3_font_size=\u00bb34px\u00bb global_colors_info=\u00bb{}\u00bb]<\/p>\n<h3>Contacto<\/h3>\n<p>[\/et_pb_text][\/et_pb_column][\/et_pb_row][\/et_pb_section][et_pb_section fb_built=\u00bb1&#8243; _builder_version=\u00bb4.20.4&#8243; _module_preset=\u00bbdefault\u00bb custom_margin=\u00bb-72px|||||\u00bb global_colors_info=\u00bb{}\u00bb][et_pb_row column_structure=\u00bb1_3,1_3,1_3&#8243; make_equal=\u00bbon\u00bb custom_padding_last_edited=\u00bbon|tablet\u00bb _builder_version=\u00bb4.20.4&#8243; _module_preset=\u00bbdefault\u00bb width=\u00bb100%\u00bb custom_margin=\u00bb80px||||false|false\u00bb custom_padding_tablet=\u00bb||0px||false|false\u00bb custom_padding_phone=\u00bb||0px||false|false\u00bb locked=\u00bboff\u00bb global_colors_info=\u00bb{}\u00bb][et_pb_column type=\u00bb1_3&#8243; _builder_version=\u00bb4.20.4&#8243; _module_preset=\u00bbdefault\u00bb transform_scale_tablet=\u00bb\u00bb transform_scale_phone=\u00bb103%|103%\u00bb transform_scale_last_edited=\u00bbon|phone\u00bb transform_translate_tablet=\u00bb\u00bb transform_translate_phone=\u00bb\u00bb transform_translate_last_edited=\u00bbon|phone\u00bb transform_rotate_tablet=\u00bb\u00bb transform_rotate_phone=\u00bb\u00bb transform_rotate_last_edited=\u00bbon|phone\u00bb transform_skew_tablet=\u00bb\u00bb transform_skew_phone=\u00bb\u00bb transform_skew_last_edited=\u00bbon|phone\u00bb transform_origin_tablet=\u00bb\u00bb transform_origin_phone=\u00bb\u00bb transform_origin_last_edited=\u00bbon|phone\u00bb transform_styles_last_edited=\u00bbon|phone\u00bb transform_styles_tablet=\u00bb\u00bb transform_styles_phone=\u00bb\u00bb global_colors_info=\u00bb{}\u00bb][et_pb_blurb title=\u00bbJavier M\u00e1rquez G\u00f3mez\u00bb image=\u00bbhttps:\/\/ibima.eu\/wp-content\/uploads\/2024\/01\/Javier-Marquez.png\u00bb image_icon_width=\u00bb72%\u00bb _builder_version=\u00bb4.24.2&#8243; _module_preset=\u00bbdefault\u00bb header_font=\u00bbPoppins|700|||||||\u00bb header_text_align=\u00bbcenter\u00bb header_text_color=\u00bb#43a5d3&#8243; header_font_size=\u00bb24px\u00bb body_font=\u00bbMontserrat||||||||\u00bb body_text_align=\u00bbcenter\u00bb body_text_color=\u00bb#FFFFFF\u00bb body_font_size=\u00bb18px\u00bb background_color=\u00bb#2a627d\u00bb image_icon_custom_margin=\u00bb10px||||false|false\u00bb module_alignment=\u00bbcenter\u00bb min_height=\u00bb554.8px\u00bb custom_margin=\u00bb||27px|||\u00bb custom_padding=\u00bb|30px|0px|30px|false|true\u00bb border_width_right=\u00bb5px\u00bb border_color_right=\u00bb#FFFFFF\u00bb border_radii_image=\u00bbon|100%|100%|100%|100%\u00bb locked=\u00bboff\u00bb global_colors_info=\u00bb{}\u00bb]<\/p>\n<p>Coordinador Cient\u00edfico<\/p>\n<p>Contacto: 952 13 22 10 |<\/p>\n<p><a href=\"mailto:genomica@ibima.eu\u00a0\" title=\"genomica@ibima.eu\u00a0\">marquez@uma.es<\/a><\/p>\n<p>[\/et_pb_blurb][\/et_pb_column][et_pb_column type=\u00bb1_3&#8243; _builder_version=\u00bb4.20.4&#8243; _module_preset=\u00bbdefault\u00bb transform_scale_tablet=\u00bb102%|100%\u00bb transform_scale_phone=\u00bb102%|100%\u00bb transform_scale_last_edited=\u00bbon|tablet\u00bb transform_scale_linked_tablet=\u00bboff\u00bb transform_translate_tablet=\u00bb4px|0px\u00bb transform_translate_phone=\u00bb4px|0px\u00bb transform_translate_last_edited=\u00bbon|tablet\u00bb transform_translate_linked_tablet=\u00bboff\u00bb transform_rotate_tablet=\u00bb\u00bb transform_rotate_phone=\u00bb\u00bb transform_rotate_last_edited=\u00bbon|tablet\u00bb transform_skew_tablet=\u00bb\u00bb transform_skew_phone=\u00bb\u00bb transform_skew_last_edited=\u00bbon|tablet\u00bb transform_origin_tablet=\u00bb\u00bb transform_origin_phone=\u00bb\u00bb transform_origin_last_edited=\u00bbon|tablet\u00bb transform_styles_last_edited=\u00bbon|tablet\u00bb transform_styles_tablet=\u00bb\u00bb transform_styles_phone=\u00bb\u00bb global_colors_info=\u00bb{}\u00bb][et_pb_blurb title=\u00bbCasimiro C\u00e1rdenas Garc\u00eda\u00bb image=\u00bbhttps:\/\/ibima.eu\/wp-content\/uploads\/2024\/02\/casimiro-proteomica.png\u00bb image_icon_width=\u00bb72%\u00bb _builder_version=\u00bb4.24.2&#8243; _module_preset=\u00bbdefault\u00bb header_font=\u00bbPoppins|700|||||||\u00bb header_text_align=\u00bbcenter\u00bb header_text_color=\u00bb#43a5d3&#8243; header_font_size=\u00bb24px\u00bb body_font=\u00bbMontserrat||||||||\u00bb body_text_align=\u00bbcenter\u00bb body_text_color=\u00bb#FFFFFF\u00bb body_font_size=\u00bb18px\u00bb background_color=\u00bb#2a627d\u00bb image_icon_custom_margin=\u00bb10px||||false|false\u00bb module_alignment=\u00bbcenter\u00bb min_height=\u00bb554.8px\u00bb custom_margin=\u00bb||27px|||\u00bb custom_padding=\u00bb|30px|0px|30px|false|true\u00bb border_width_right=\u00bb5px\u00bb border_color_right=\u00bb#FFFFFF\u00bb border_radii_image=\u00bbon|100%|100%|100%|100%\u00bb locked=\u00bboff\u00bb global_colors_info=\u00bb{}\u00bb]<\/p>\n<p>T\u00e9cnico Responsable<\/p>\n<p>Contacto: 952 13 22 10 |<\/p>\n<p><a href=\"mailto:ccg@uma.es\">ccg@uma.es<\/a><\/p>\n<p>[\/et_pb_blurb][\/et_pb_column][et_pb_column type=\u00bb1_3&#8243; _builder_version=\u00bb4.20.4&#8243; _module_preset=\u00bbdefault\u00bb transform_scale_tablet=\u00bb\u00bb transform_scale_phone=\u00bb103%|103%\u00bb transform_scale_last_edited=\u00bbon|tablet\u00bb transform_translate_tablet=\u00bb0px|5px\u00bb transform_translate_phone=\u00bb0px|5px\u00bb transform_translate_last_edited=\u00bbon|tablet\u00bb transform_translate_linked_tablet=\u00bboff\u00bb transform_rotate_tablet=\u00bb\u00bb transform_rotate_phone=\u00bb\u00bb transform_rotate_last_edited=\u00bbon|tablet\u00bb transform_skew_tablet=\u00bb\u00bb transform_skew_phone=\u00bb\u00bb transform_skew_last_edited=\u00bbon|tablet\u00bb transform_origin_tablet=\u00bb\u00bb transform_origin_phone=\u00bb\u00bb transform_origin_last_edited=\u00bbon|tablet\u00bb transform_styles_last_edited=\u00bbon|tablet\u00bb transform_styles_tablet=\u00bb\u00bb transform_styles_phone=\u00bb\u00bb global_colors_info=\u00bb{}\u00bb][et_pb_blurb title=\u00bbJuan Cruz Herrero\u00bb image=\u00bbhttps:\/\/ibima.eu\/wp-content\/uploads\/2026\/01\/Diseno-sin-titulo-92-scaled.jpg\u00bb image_icon_width=\u00bb72%\u00bb _builder_version=\u00bb4.24.2&#8243; _module_preset=\u00bbdefault\u00bb header_font=\u00bbPoppins|700|||||||\u00bb header_text_align=\u00bbcenter\u00bb header_text_color=\u00bb#43a5d3&#8243; header_font_size=\u00bb24px\u00bb body_font=\u00bbMontserrat||||||||\u00bb body_text_align=\u00bbcenter\u00bb body_text_color=\u00bb#FFFFFF\u00bb body_font_size=\u00bb18px\u00bb background_color=\u00bb#2a627d\u00bb image_icon_custom_margin=\u00bb10px||||false|false\u00bb module_alignment=\u00bbcenter\u00bb min_height=\u00bb554.8px\u00bb custom_margin=\u00bb||27px|||\u00bb custom_padding=\u00bb|30px|0px|30px|false|true\u00bb hover_enabled=\u00bb0&#8243; border_width_right=\u00bb5px\u00bb border_color_right=\u00bb#FFFFFF\u00bb border_radii_image=\u00bbon|100%|100%|100%|100%\u00bb locked=\u00bboff\u00bb global_colors_info=\u00bb{}\u00bb alt=\u00bbJuan Prote\u00f3mica\u00bb title_text=\u00bbJuan Prote\u00f3mica\u00bb sticky_enabled=\u00bb0&#8243;]<\/p>\n<p>T\u00e9cnico Especialista<\/p>\n<p><a href=\"mailto:ccg@uma.es\">juancruz.herrero@ibima.eu\u00a0<\/a><\/p>\n<p>[\/et_pb_blurb][\/et_pb_column][\/et_pb_row][\/et_pb_section]<\/p>\n","protected":false},"excerpt":{"rendered":"<p>Prote\u00f3micaLa Unidad de Prote\u00f3mica proporciona apoyo y asesoramiento cient\u00edfico-t\u00e9cnico a la comunidad universitaria y a otras instituciones p\u00fablicas o privadas en la identificaci\u00f3n y caracterizaci\u00f3n de prote\u00ednas, as\u00ed como de otras biomol\u00e9culas, fundamentalmente mediante t\u00e9cnicas de espectrometr\u00eda de masas. La espectrometr\u00eda de masas est\u00e1 basada en el comportamiento diferencial que presentan las mol\u00e9culas ionizadas al [&hellip;]<\/p>\n","protected":false},"author":1,"featured_media":0,"parent":0,"menu_order":0,"comment_status":"closed","ping_status":"closed","template":"","meta":{"_acf_changed":false,"_et_pb_use_builder":"on","_et_pb_old_content":"","_et_gb_content_width":"","footnotes":""},"class_list":["post-1190","page","type-page","status-publish","hentry"],"acf":[],"yoast_head":"<!-- This site is optimized with the Yoast SEO plugin v27.3 - https:\/\/yoast.com\/product\/yoast-seo-wordpress\/ -->\n<title>Prote\u00f3mica - Ibima<\/title>\n<meta name=\"description\" content=\"La Unidad de Prote\u00f3mica de IBIMA genera datos de alta precisi\u00f3n sobre el perfil proteico para impulsar avances en salud y medicina de precisi\u00f3n\" \/>\n<meta name=\"robots\" content=\"index, follow, max-snippet:-1, max-image-preview:large, max-video-preview:-1\" \/>\n<link rel=\"canonical\" href=\"https:\/\/ibima.eu\/en\/proteomica\/\" \/>\n<meta property=\"og:locale\" content=\"en_GB\" \/>\n<meta property=\"og:type\" content=\"article\" \/>\n<meta property=\"og:title\" content=\"Prote\u00f3mica - Ibima\" \/>\n<meta property=\"og:description\" content=\"La Unidad de Prote\u00f3mica de IBIMA genera datos de alta precisi\u00f3n sobre el perfil proteico para impulsar avances en salud y medicina de precisi\u00f3n\" \/>\n<meta property=\"og:url\" content=\"https:\/\/ibima.eu\/en\/proteomica\/\" \/>\n<meta property=\"og:site_name\" content=\"Ibima\" \/>\n<meta property=\"article:modified_time\" content=\"2026-01-12T11:49:21+00:00\" \/>\n<meta name=\"twitter:card\" content=\"summary_large_image\" \/>\n<meta name=\"twitter:label1\" content=\"Estimated reading time\" \/>\n\t<meta name=\"twitter:data1\" content=\"2 minutes\" \/>\n<script type=\"application\/ld+json\" class=\"yoast-schema-graph\">{\"@context\":\"https:\\\/\\\/schema.org\",\"@graph\":[{\"@type\":\"WebPage\",\"@id\":\"https:\\\/\\\/ibima.eu\\\/es\\\/proteomica\\\/\",\"url\":\"https:\\\/\\\/ibima.eu\\\/es\\\/proteomica\\\/\",\"name\":\"Prote\u00f3mica - Ibima\",\"isPartOf\":{\"@id\":\"https:\\\/\\\/ibima.eu\\\/es\\\/#website\"},\"datePublished\":\"2023-06-30T08:22:49+00:00\",\"dateModified\":\"2026-01-12T11:49:21+00:00\",\"description\":\"La Unidad de Prote\u00f3mica de IBIMA genera datos de alta precisi\u00f3n sobre el perfil proteico para impulsar avances en salud y medicina de precisi\u00f3n\",\"breadcrumb\":{\"@id\":\"https:\\\/\\\/ibima.eu\\\/es\\\/proteomica\\\/#breadcrumb\"},\"inLanguage\":\"en-GB\",\"potentialAction\":[{\"@type\":\"ReadAction\",\"target\":[\"https:\\\/\\\/ibima.eu\\\/es\\\/proteomica\\\/\"]}]},{\"@type\":\"BreadcrumbList\",\"@id\":\"https:\\\/\\\/ibima.eu\\\/es\\\/proteomica\\\/#breadcrumb\",\"itemListElement\":[{\"@type\":\"ListItem\",\"position\":1,\"name\":\"Portada\",\"item\":\"https:\\\/\\\/ibima.eu\\\/es\\\/\"},{\"@type\":\"ListItem\",\"position\":2,\"name\":\"Prote\u00f3mica\"}]},{\"@type\":\"WebSite\",\"@id\":\"https:\\\/\\\/ibima.eu\\\/es\\\/#website\",\"url\":\"https:\\\/\\\/ibima.eu\\\/es\\\/\",\"name\":\"Ibima\",\"description\":\"\",\"potentialAction\":[{\"@type\":\"SearchAction\",\"target\":{\"@type\":\"EntryPoint\",\"urlTemplate\":\"https:\\\/\\\/ibima.eu\\\/es\\\/?s={search_term_string}\"},\"query-input\":{\"@type\":\"PropertyValueSpecification\",\"valueRequired\":true,\"valueName\":\"search_term_string\"}}],\"inLanguage\":\"en-GB\"}]}<\/script>\n<!-- \/ Yoast SEO plugin. -->","yoast_head_json":{"title":"Prote\u00f3mica - Ibima","description":"La Unidad de Prote\u00f3mica de IBIMA genera datos de alta precisi\u00f3n sobre el perfil proteico para impulsar avances en salud y medicina de precisi\u00f3n","robots":{"index":"index","follow":"follow","max-snippet":"max-snippet:-1","max-image-preview":"max-image-preview:large","max-video-preview":"max-video-preview:-1"},"canonical":"https:\/\/ibima.eu\/en\/proteomica\/","og_locale":"en_GB","og_type":"article","og_title":"Prote\u00f3mica - Ibima","og_description":"La Unidad de Prote\u00f3mica de IBIMA genera datos de alta precisi\u00f3n sobre el perfil proteico para impulsar avances en salud y medicina de precisi\u00f3n","og_url":"https:\/\/ibima.eu\/en\/proteomica\/","og_site_name":"Ibima","article_modified_time":"2026-01-12T11:49:21+00:00","twitter_card":"summary_large_image","twitter_misc":{"Estimated reading time":"2 minutes"},"schema":{"@context":"https:\/\/schema.org","@graph":[{"@type":"WebPage","@id":"https:\/\/ibima.eu\/es\/proteomica\/","url":"https:\/\/ibima.eu\/es\/proteomica\/","name":"Prote\u00f3mica - Ibima","isPartOf":{"@id":"https:\/\/ibima.eu\/es\/#website"},"datePublished":"2023-06-30T08:22:49+00:00","dateModified":"2026-01-12T11:49:21+00:00","description":"La Unidad de Prote\u00f3mica de IBIMA genera datos de alta precisi\u00f3n sobre el perfil proteico para impulsar avances en salud y medicina de precisi\u00f3n","breadcrumb":{"@id":"https:\/\/ibima.eu\/es\/proteomica\/#breadcrumb"},"inLanguage":"en-GB","potentialAction":[{"@type":"ReadAction","target":["https:\/\/ibima.eu\/es\/proteomica\/"]}]},{"@type":"BreadcrumbList","@id":"https:\/\/ibima.eu\/es\/proteomica\/#breadcrumb","itemListElement":[{"@type":"ListItem","position":1,"name":"Portada","item":"https:\/\/ibima.eu\/es\/"},{"@type":"ListItem","position":2,"name":"Prote\u00f3mica"}]},{"@type":"WebSite","@id":"https:\/\/ibima.eu\/es\/#website","url":"https:\/\/ibima.eu\/es\/","name":"Ibima","description":"","potentialAction":[{"@type":"SearchAction","target":{"@type":"EntryPoint","urlTemplate":"https:\/\/ibima.eu\/es\/?s={search_term_string}"},"query-input":{"@type":"PropertyValueSpecification","valueRequired":true,"valueName":"search_term_string"}}],"inLanguage":"en-GB"}]}},"_links":{"self":[{"href":"https:\/\/ibima.eu\/en\/wp-json\/wp\/v2\/pages\/1190","targetHints":{"allow":["GET"]}}],"collection":[{"href":"https:\/\/ibima.eu\/en\/wp-json\/wp\/v2\/pages"}],"about":[{"href":"https:\/\/ibima.eu\/en\/wp-json\/wp\/v2\/types\/page"}],"author":[{"embeddable":true,"href":"https:\/\/ibima.eu\/en\/wp-json\/wp\/v2\/users\/1"}],"replies":[{"embeddable":true,"href":"https:\/\/ibima.eu\/en\/wp-json\/wp\/v2\/comments?post=1190"}],"version-history":[{"count":4,"href":"https:\/\/ibima.eu\/en\/wp-json\/wp\/v2\/pages\/1190\/revisions"}],"predecessor-version":[{"id":59523,"href":"https:\/\/ibima.eu\/en\/wp-json\/wp\/v2\/pages\/1190\/revisions\/59523"}],"wp:attachment":[{"href":"https:\/\/ibima.eu\/en\/wp-json\/wp\/v2\/media?parent=1190"}],"curies":[{"name":"wp","href":"https:\/\/api.w.org\/{rel}","templated":true}]}}