{"id":12724,"date":"2023-10-30T09:23:46","date_gmt":"2023-10-30T09:23:46","guid":{"rendered":"https:\/\/ibima.eu\/?page_id=12724"},"modified":"2026-01-09T14:51:35","modified_gmt":"2026-01-09T14:51:35","slug":"internacional","status":"publish","type":"page","link":"https:\/\/ibima.eu\/en\/internacional\/","title":{"rendered":"International"},"content":{"rendered":"<p>[et_pb_section fb_built=\u00bb1&#8243; _builder_version=\u00bb4.25.1&#8243; _module_preset=\u00bbdefault\u00bb background_image=\u00bbhttps:\/\/ibima.eu\/wp-content\/uploads\/2024\/05\/internacional-1.webp\u00bb global_colors_info=\u00bb{}\u00bb][et_pb_row _builder_version=\u00bb4.20.4&#8243; _module_preset=\u00bbdefault\u00bb custom_padding=\u00bb250px||30px||false|false\u00bb global_colors_info=\u00bb{}\u00bb][et_pb_column type=\u00bb4_4&#8243; _builder_version=\u00bb4.20.4&#8243; _module_preset=\u00bbdefault\u00bb global_colors_info=\u00bb{}\u00bb][et_pb_text _builder_version=\u00bb4.25.1&#8243; _module_preset=\u00bbdefault\u00bb header_2_font=\u00bbPoppins|700|||||||\u00bb header_2_text_color=\u00bb#FFFFFF\u00bb header_2_font_size=\u00bb46px\u00bb text_text_shadow_style=\u00bbpreset3&#8243; text_text_shadow_color=\u00bb#000000&#8243; global_colors_info=\u00bb{}\u00bb]<\/p>\n<h2>Internacional<\/h2>\n<p>[\/et_pb_text][\/et_pb_column][\/et_pb_row][\/et_pb_section][et_pb_section fb_built=\u00bb1&#8243; _builder_version=\u00bb4.25.0&#8243; _module_preset=\u00bbdefault\u00bb custom_padding=\u00bb50px||50px||true|false\u00bb global_colors_info=\u00bb{}\u00bb][et_pb_row column_structure=\u00bb1_3,1_3,1_3&#8243; _builder_version=\u00bb4.25.0&#8243; _module_preset=\u00bbdefault\u00bb width=\u00bb75%\u00bb custom_padding=\u00bb||||false|true\u00bb global_colors_info=\u00bb{}\u00bb][et_pb_column type=\u00bb1_3&#8243; _builder_version=\u00bb4.25.0&#8243; _module_preset=\u00bbdefault\u00bb custom_padding=\u00bb||||true|true\u00bb animation_style=\u00bbslide\u00bb animation_direction=\u00bbbottom\u00bb global_colors_info=\u00bb{}\u00bb][dsm_perspective_image src=\u00bbhttps:\/\/ibima.eu\/wp-content\/uploads\/2024\/05\/Proyectos-int-1024&#215;1024-1.png\u00bb title_text=\u00bbProyectos-int-1024&#215;1024&#8243; url=\u00bbhttps:\/\/ibima.eu\/es\/internacional\/proyectos-y-colaboraciones-internacionales-de-ibima\/\u00bb align=\u00bbcenter\u00bb _builder_version=\u00bb4.25.0&#8243; _module_preset=\u00bbdefault\u00bb width=\u00bb250px\u00bb max_width=\u00bb100%\u00bb max_width_tablet=\u00bb200px\u00bb max_width_phone=\u00bb200px\u00bb max_width_last_edited=\u00bbon|desktop\u00bb global_colors_info=\u00bb{}\u00bb][\/dsm_perspective_image][et_pb_text _builder_version=\u00bb4.25.0&#8243; _module_preset=\u00bbdefault\u00bb header_2_text_align=\u00bbcenter\u00bb header_2_text_color=\u00bb#195e7f\u00bb header_2_font_size=\u00bb29px\u00bb custom_padding=\u00bb25px|15px|25px|15px|true|true\u00bb link_option_url=\u00bbhttps:\/\/ibima.eu\/es\/internacional\/proyectos-y-colaboraciones-internacionales-de-ibima\/\u00bb header_2_font_size_tablet=\u00bb20px\u00bb header_2_font_size_phone=\u00bb20px\u00bb header_2_font_size_last_edited=\u00bbon|phone\u00bb global_colors_info=\u00bb{}\u00bb]<\/p>\n<h2>Proyectos y colaboraciones internacionales de IBIMA<\/h2>\n<p>[\/et_pb_text][\/et_pb_column][et_pb_column type=\u00bb1_3&#8243; _builder_version=\u00bb4.25.0&#8243; _module_preset=\u00bbdefault\u00bb custom_padding=\u00bb||||true|true\u00bb animation_style=\u00bbslide\u00bb animation_direction=\u00bbbottom\u00bb global_colors_info=\u00bb{}\u00bb][dsm_perspective_image src=\u00bbhttps:\/\/ibima.eu\/wp-content\/uploads\/2024\/05\/Formacion-Internacional-1024&#215;1024-1.jpg\u00bb title_text=\u00bbFormacion-Internacional-1024&#215;1024&#8243; url=\u00bbhttps:\/\/ibima.eu\/es\/internacional\/formacion-en-proyectos-internacionales\/\u00bb align=\u00bbcenter\u00bb _builder_version=\u00bb4.25.0&#8243; _module_preset=\u00bbdefault\u00bb width=\u00bb250px\u00bb max_width=\u00bb100%\u00bb max_width_tablet=\u00bb200px\u00bb max_width_phone=\u00bb200px\u00bb max_width_last_edited=\u00bbon|desktop\u00bb global_colors_info=\u00bb{}\u00bb][\/dsm_perspective_image][et_pb_text _builder_version=\u00bb4.25.0&#8243; _module_preset=\u00bbdefault\u00bb header_2_text_align=\u00bbcenter\u00bb header_2_text_color=\u00bb#195e7f\u00bb header_2_font_size=\u00bb29px\u00bb custom_padding=\u00bb25px|15px|25px|15px|true|true\u00bb link_option_url=\u00bbhttps:\/\/ibima.eu\/es\/internacional\/formacion-en-proyectos-internacionales\/\u00bb header_2_font_size_tablet=\u00bb20px\u00bb header_2_font_size_phone=\u00bb20px\u00bb header_2_font_size_last_edited=\u00bbon|phone\u00bb global_colors_info=\u00bb{}\u00bb]<\/p>\n<h2>Formaci\u00f3n en proyectos Internacionales<\/h2>\n<p>[\/et_pb_text][\/et_pb_column][et_pb_column type=\u00bb1_3&#8243; _builder_version=\u00bb4.25.0&#8243; _module_preset=\u00bbdefault\u00bb custom_padding=\u00bb||||true|true\u00bb animation_style=\u00bbslide\u00bb animation_direction=\u00bbbottom\u00bb global_colors_info=\u00bb{}\u00bb][dsm_perspective_image src=\u00bbhttps:\/\/ibima.eu\/wp-content\/uploads\/2024\/05\/Hor-Eur-1024&#215;1024-1.png\u00bb title_text=\u00bbHor-Eur-1024&#215;1024&#8243; url=\u00bbhttps:\/\/ibima.eu\/es\/internacional\/horizonte-europa\/\u00bb align=\u00bbcenter\u00bb _builder_version=\u00bb4.25.0&#8243; _module_preset=\u00bbdefault\u00bb width=\u00bb250px\u00bb max_width=\u00bb100%\u00bb max_width_tablet=\u00bb200px\u00bb max_width_phone=\u00bb200px\u00bb max_width_last_edited=\u00bbon|desktop\u00bb global_colors_info=\u00bb{}\u00bb][\/dsm_perspective_image][et_pb_text _builder_version=\u00bb4.25.0&#8243; _module_preset=\u00bbdefault\u00bb header_2_text_align=\u00bbcenter\u00bb header_2_text_color=\u00bb#195e7f\u00bb header_2_font_size=\u00bb29px\u00bb custom_padding=\u00bb25px|15px|25px|15px|true|true\u00bb link_option_url=\u00bbhttps:\/\/ibima.eu\/es\/internacional\/horizonte-europa\/\u00bb header_2_font_size_tablet=\u00bb20px\u00bb header_2_font_size_phone=\u00bb20px\u00bb header_2_font_size_last_edited=\u00bbon|phone\u00bb global_colors_info=\u00bb{}\u00bb]<\/p>\n<h2>Horizonte Europa y otros programas europeos<\/h2>\n<p>[\/et_pb_text][\/et_pb_column][\/et_pb_row][et_pb_row _builder_version=\u00bb4.25.0&#8243; _module_preset=\u00bbdefault\u00bb width=\u00bb75%\u00bb custom_padding=\u00bb|0px||0px|false|true\u00bb global_colors_info=\u00bb{}\u00bb][et_pb_column type=\u00bb4_4&#8243; _builder_version=\u00bb4.25.0&#8243; _module_preset=\u00bbdefault\u00bb custom_padding=\u00bb25px|25px|25px|25px|true|true\u00bb global_colors_info=\u00bb{}\u00bb][et_pb_text _builder_version=\u00bb4.25.0&#8243; _module_preset=\u00bbdefault\u00bb header_2_text_align=\u00bbleft\u00bb header_2_text_color=\u00bb#195e7f\u00bb header_2_font_size=\u00bb29px\u00bb custom_padding=\u00bb|15px||15px|true|true\u00bb global_colors_info=\u00bb{}\u00bb]<\/p>\n<h2>Conoce al equipo<\/h2>\n<p>[\/et_pb_text][\/et_pb_column][\/et_pb_row][et_pb_row column_structure=\u00bb1_3,1_3,1_3&#8243; _builder_version=\u00bb4.25.0&#8243; _module_preset=\u00bbdefault\u00bb width=\u00bb75%\u00bb custom_padding=\u00bb|0px||0px|false|true\u00bb global_colors_info=\u00bb{}\u00bb][et_pb_column type=\u00bb1_3&#8243; _builder_version=\u00bb4.25.0&#8243; _module_preset=\u00bbdefault\u00bb custom_padding=\u00bb||||true|true\u00bb global_colors_info=\u00bb{}\u00bb][et_pb_team_member name=\u00bbRosa G\u00f3mez G\u00e1lvez\u00bb position=\u00bbPromoci\u00f3n y gesti\u00f3n de proyectos internacionales\u00bb image_url=\u00bbhttps:\/\/ibima.eu\/wp-content\/uploads\/2024\/01\/Rosa-Gomez.png\u00bb _builder_version=\u00bb4.25.0&#8243; _module_preset=\u00bbdefault\u00bb header_text_align=\u00bbcenter\u00bb header_text_color=\u00bb#195e7f\u00bb header_line_height=\u00bb1.8em\u00bb body_text_align=\u00bbcenter\u00bb position_text_align=\u00bbcenter\u00bb position_text_color=\u00bb#195e7f\u00bb text_orientation=\u00bbleft\u00bb max_width=\u00bb250px\u00bb module_alignment=\u00bbcenter\u00bb custom_padding=\u00bb||||true|true\u00bb border_radii_image=\u00bbon|25px|25px|25px|25px\u00bb box_shadow_style_image=\u00bbpreset2&#8243; global_colors_info=\u00bb{}\u00bb]<\/p>\n<p><span>+34 681 242 922<\/span><\/p>\n<div class=\"elementor-column elementor-col-16 elementor-top-column elementor-element elementor-element-8562172\" data-id=\"8562172\" data-element_type=\"column\">\n<div class=\"elementor-widget-wrap elementor-element-populated\">\n<div class=\"elementor-element elementor-element-3663466 elementor-widget elementor-widget-text-editor\" data-id=\"3663466\" data-element_type=\"widget\" data-widget_type=\"text-editor.default\">\n<div class=\"elementor-widget-container\">\n<p>rosa.gomez@ibima.eu<\/p>\n<\/div>\n<\/div>\n<\/div>\n<\/div>\n<p>[\/et_pb_team_member][\/et_pb_column][et_pb_column type=\u00bb1_3&#8243; _builder_version=\u00bb4.25.0&#8243; _module_preset=\u00bbdefault\u00bb custom_padding=\u00bb||||true|true\u00bb global_colors_info=\u00bb{}\u00bb][et_pb_team_member name=\u00bbInmaculada Jurado \u00bb position=\u00bbGesti\u00f3n de proyectos internacionales\u00bb image_url=\u00bbhttps:\/\/ibima.eu\/wp-content\/uploads\/2024\/01\/Inma-Jurado.png\u00bb _builder_version=\u00bb4.25.0&#8243; _module_preset=\u00bbdefault\u00bb header_text_align=\u00bbcenter\u00bb header_text_color=\u00bb#195e7f\u00bb header_line_height=\u00bb1.8em\u00bb body_text_align=\u00bbcenter\u00bb position_text_align=\u00bbcenter\u00bb position_text_color=\u00bb#195e7f\u00bb text_orientation=\u00bbleft\u00bb max_width=\u00bb250px\u00bb module_alignment=\u00bbcenter\u00bb custom_padding=\u00bb||||true|true\u00bb border_radii_image=\u00bbon|25px|25px|25px|25px\u00bb box_shadow_style_image=\u00bbpreset2&#8243; global_colors_info=\u00bb{}\u00bb]<\/p>\n<p>+34 662 49 29 71<br \/>inma.jurado@ibima.eu<\/p>\n<p>[\/et_pb_team_member][\/et_pb_column][et_pb_column type=\u00bb1_3&#8243; _builder_version=\u00bb4.25.0&#8243; _module_preset=\u00bbdefault\u00bb custom_padding=\u00bb||||true|true\u00bb global_colors_info=\u00bb{}\u00bb][et_pb_team_member name=\u00bbAitor Rando \u00bb position=\u00bbPromoci\u00f3n de proyectos internacionales (GIS25\/0003)\u00bb image_url=\u00bbhttps:\/\/ibima.eu\/wp-content\/uploads\/2024\/01\/Aitor.png\u00bb _builder_version=\u00bb4.25.0&#8243; _module_preset=\u00bbdefault\u00bb header_text_align=\u00bbcenter\u00bb header_text_color=\u00bb#195e7f\u00bb header_line_height=\u00bb1.8em\u00bb body_text_align=\u00bbcenter\u00bb position_text_align=\u00bbcenter\u00bb position_text_color=\u00bb#195e7f\u00bb text_orientation=\u00bbleft\u00bb max_width=\u00bb250px\u00bb module_alignment=\u00bbcenter\u00bb custom_padding=\u00bb||||true|true\u00bb custom_css_free_form=\u00bbselector img{||  display:block !important;||  margin: auto !important;||}\u00bb border_radii_image=\u00bbon|25px|25px|25px|25px\u00bb box_shadow_style_image=\u00bbpreset2&#8243; global_colors_info=\u00bb{}\u00bb]<\/p>\n<p>+34 683 65 52 28<br \/>aitor.rando@ibima.eu<\/p>\n<p>[\/et_pb_team_member][\/et_pb_column][\/et_pb_row][et_pb_row _builder_version=\u00bb4.25.0&#8243; _module_preset=\u00bbdefault\u00bb width=\u00bb75%\u00bb custom_padding=\u00bb25px||25px||true|true\u00bb global_colors_info=\u00bb{}\u00bb][et_pb_column type=\u00bb4_4&#8243; _builder_version=\u00bb4.25.0&#8243; _module_preset=\u00bbdefault\u00bb custom_padding=\u00bb||||true|true\u00bb global_colors_info=\u00bb{}\u00bb][et_pb_text _builder_version=\u00bb4.25.0&#8243; _module_preset=\u00bbdefault\u00bb header_2_text_align=\u00bbleft\u00bb header_2_text_color=\u00bb#195e7f\u00bb header_2_font_size=\u00bb29px\u00bb custom_padding=\u00bb|15px||15px|true|true\u00bb global_colors_info=\u00bb{}\u00bb]<\/p>\n<h2>Nuestras funciones<\/h2>\n<p>[\/et_pb_text][et_pb_text _builder_version=\u00bb4.25.0&#8243; _module_preset=\u00bbdefault\u00bb header_2_text_align=\u00bbcenter\u00bb header_2_text_color=\u00bb#195e7f\u00bb header_2_font_size=\u00bb29px\u00bb header_3_text_align=\u00bbright\u00bb custom_padding=\u00bb|15px||15px|true|true\u00bb global_colors_info=\u00bb{}\u00bb]<\/p>\n<p><strong>Promoci\u00f3n de oportunidades internacionales de I+D+i<\/strong>. Asesoramos a la comunidad cient\u00edfica sobre los distintos programas internacionales e identificamos aquellas convocatorias e inici\u00e1ticas que se alineas con las \u00e1reas\/l\u00edneas de investigaci\u00f3n del Instituto y sus grupos.<\/p>\n<p><strong>Presentaci\u00f3n de propuestas<\/strong>. Apoyamos y asesoramos a los investigadores en la preparaci\u00f3n y presentaci\u00f3n de propuestas.<\/p>\n<p><strong>Gesti\u00f3n de proyectos<\/strong>. Gestionamos los proyectos financiados, desde su concesi\u00f3n hasta su finalizaci\u00f3n, manteniendo la interlocuci\u00f3n directa con los organismos financiadores.<\/p>\n<p><strong>Visibilidad<\/strong>. Visibilizamos IBIMA en eventos internacionales, creando nuevas sinergias y oportunidades de colaboraci\u00f3n.<\/p>\n<p>[\/et_pb_text][\/et_pb_column][\/et_pb_row][et_pb_row _builder_version=\u00bb4.25.0&#8243; _module_preset=\u00bbdefault\u00bb width=\u00bb75%\u00bb custom_padding=\u00bb||||false|true\u00bb global_colors_info=\u00bb{}\u00bb][et_pb_column type=\u00bb4_4&#8243; _builder_version=\u00bb4.25.0&#8243; _module_preset=\u00bbdefault\u00bb custom_padding=\u00bb||||true|true\u00bb global_colors_info=\u00bb{}\u00bb][et_pb_text _builder_version=\u00bb4.25.0&#8243; _module_preset=\u00bbdefault\u00bb header_2_text_align=\u00bbleft\u00bb header_2_text_color=\u00bb#195e7f\u00bb header_2_font_size=\u00bb29px\u00bb custom_padding=\u00bb|15px||15px|true|true\u00bb global_colors_info=\u00bb{}\u00bb]<\/p>\n<h2>Andalusian Public Health System<\/h2>\n<p>[\/et_pb_text][et_pb_text _builder_version=\u00bb4.25.0&#8243; _module_preset=\u00bbdefault\u00bb header_2_text_align=\u00bbcenter\u00bb header_2_text_color=\u00bb#195e7f\u00bb header_2_font_size=\u00bb29px\u00bb header_3_text_align=\u00bbright\u00bb custom_padding=\u00bb|15px||15px|true|true\u00bb global_colors_info=\u00bb{}\u00bb]<\/p>\n<p>Formamos parte de la red de <a href=\"https:\/\/www.juntadeandalucia.es\/organismos\/fps.html\">Servicios de la Red de Fundaciones Gestoras de la Investigaci\u00f3n del Sistema Sanitario P\u00fablico de Andaluc\u00eda (RFGI-SSPA)<\/a>, coordinados por la <a href=\"#\">Oficina de Proyectos Internacionales del Sistema Sanitario P\u00fablico de Andaluc\u00eda (OPI-SSPA)<\/a><\/p>\n<p><strong>Enlaces de Inter\u00e9s<\/strong><br \/><a href=\"#\">The Andalusian Public Health System \u2013 Profile<\/a><br \/><a href=\"#\">The Network of Research Managing Foundations of the Andalusian Public Health System<\/a> (in Spanish)<br \/><a href=\"#\">International Projects Office of the Andalusian Public Health System<\/a> (in Spanish)<\/p>\n<p>[\/et_pb_text][et_pb_image src=\u00bbhttps:\/\/ibima.eu\/wp-content\/uploads\/2024\/05\/Andalusian-Public-Health-System-1024&#215;369-1.jpg\u00bb title_text=\u00bbAndalusian-Public-Health-System-1024&#215;369&#8243; align=\u00bbcenter\u00bb _builder_version=\u00bb4.25.0&#8243; _module_preset=\u00bbdefault\u00bb custom_padding=\u00bb20px||20px||true|false\u00bb global_colors_info=\u00bb{}\u00bb][\/et_pb_image][\/et_pb_column][\/et_pb_row][\/et_pb_section]<\/p>\n","protected":false},"excerpt":{"rendered":"<p>Internacional<div class=\"et_pb_module dsm_perspective_image dsm_perspective_image_0\">\n\t\t\t\t\n\t\t\t\t\n\t\t\t\t\n\t\t\t\t\n\t\t\t\t\n\t\t\t\t\n\t\t\t\t<div class=\"et_pb_module_inner\">\n\t\t\t\t\t<div class=\"dsm-perspective-image-wrapper et_always_center_on_mobile\">\n\t\t\t\t\n\t\t\t\t\n\t\t\t\t<a href=\"https:\/\/ibima.eu\/es\/internacional\/proyectos-y-colaboraciones-internacionales-de-ibima\/\" class=\"\" data-dsm-lightbox-id=\"dsm_perspective_image_0\"><span class=\"et_pb_image_wrap \"><img decoding=\"async\" src=\"https:\/\/ibima.eu\/wp-content\/uploads\/2024\/05\/Proyectos-int-1024x1024-1.png\" alt=\"\" title=\"Proyectos-int-1024x1024\" \/><\/span><\/a>\n\t\t\t<\/div>\n\t\t\t\t<\/div>\n\t\t\t<\/div>Proyectos y colaboraciones internacionales de IBIMA<div class=\"et_pb_module dsm_perspective_image dsm_perspective_image_1\">\n\t\t\t\t\n\t\t\t\t\n\t\t\t\t\n\t\t\t\t\n\t\t\t\t\n\t\t\t\t\n\t\t\t\t<div class=\"et_pb_module_inner\">\n\t\t\t\t\t<div class=\"dsm-perspective-image-wrapper et_always_center_on_mobile\">\n\t\t\t\t\n\t\t\t\t\n\t\t\t\t<a href=\"https:\/\/ibima.eu\/es\/internacional\/formacion-en-proyectos-internacionales\/\" class=\"\" data-dsm-lightbox-id=\"dsm_perspective_image_1\"><span class=\"et_pb_image_wrap \"><img decoding=\"async\" src=\"https:\/\/ibima.eu\/wp-content\/uploads\/2024\/05\/Formacion-Internacional-1024x1024-1.jpg\" alt=\"\" title=\"Formacion-Internacional-1024x1024\" \/><\/span><\/a>\n\t\t\t<\/div>\n\t\t\t\t<\/div>\n\t\t\t<\/div>Formaci\u00f3n en proyectos Internacionales<div class=\"et_pb_module dsm_perspective_image dsm_perspective_image_2\">\n\t\t\t\t\n\t\t\t\t\n\t\t\t\t\n\t\t\t\t\n\t\t\t\t\n\t\t\t\t\n\t\t\t\t<div class=\"et_pb_module_inner\">\n\t\t\t\t\t<div class=\"dsm-perspective-image-wrapper et_always_center_on_mobile\">\n\t\t\t\t\n\t\t\t\t\n\t\t\t\t<a href=\"https:\/\/ibima.eu\/es\/internacional\/horizonte-europa\/\" class=\"\" data-dsm-lightbox-id=\"dsm_perspective_image_2\"><span class=\"et_pb_image_wrap \"><img decoding=\"async\" src=\"https:\/\/ibima.eu\/wp-content\/uploads\/2024\/05\/Hor-Eur-1024x1024-1.png\" alt=\"\" title=\"Hor-Eur-1024x1024\" \/><\/span><\/a>\n\t\t\t<\/div>\n\t\t\t\t<\/div>\n\t\t\t<\/div>Horizonte Europa y otros programas europeosConoce al equipo+34 681 242 922 [&hellip;]<\/p>\n","protected":false},"author":1,"featured_media":0,"parent":0,"menu_order":0,"comment_status":"closed","ping_status":"closed","template":"","meta":{"_acf_changed":false,"_et_pb_use_builder":"on","_et_pb_old_content":"","_et_gb_content_width":"","footnotes":""},"class_list":["post-12724","page","type-page","status-publish","hentry"],"acf":[],"yoast_head":"<!-- This site is optimized with the Yoast SEO plugin v27.3 - https:\/\/yoast.com\/product\/yoast-seo-wordpress\/ -->\n<title>Internacional - Ibima<\/title>\n<meta name=\"description\" content=\"IBIMA impulsa la proyecci\u00f3n internacional de su investigaci\u00f3n biom\u00e9dica mediante proyectos europeos, alianzas globales y captaci\u00f3n de talento\" \/>\n<meta name=\"robots\" content=\"index, follow, max-snippet:-1, max-image-preview:large, max-video-preview:-1\" \/>\n<link rel=\"canonical\" href=\"https:\/\/ibima.eu\/en\/internacional\/\" \/>\n<meta property=\"og:locale\" content=\"en_GB\" \/>\n<meta property=\"og:type\" content=\"article\" \/>\n<meta property=\"og:title\" content=\"Internacional - Ibima\" \/>\n<meta property=\"og:description\" content=\"IBIMA impulsa la proyecci\u00f3n internacional de su investigaci\u00f3n biom\u00e9dica mediante proyectos europeos, alianzas globales y captaci\u00f3n de talento\" \/>\n<meta property=\"og:url\" content=\"https:\/\/ibima.eu\/en\/internacional\/\" \/>\n<meta property=\"og:site_name\" content=\"Ibima\" \/>\n<meta property=\"article:modified_time\" content=\"2026-01-09T14:51:35+00:00\" \/>\n<meta name=\"twitter:card\" content=\"summary_large_image\" \/>\n<meta name=\"twitter:label1\" content=\"Estimated reading time\" \/>\n\t<meta name=\"twitter:data1\" content=\"3 minutes\" \/>\n<script type=\"application\/ld+json\" class=\"yoast-schema-graph\">{\"@context\":\"https:\\\/\\\/schema.org\",\"@graph\":[{\"@type\":\"WebPage\",\"@id\":\"https:\\\/\\\/ibima.eu\\\/es\\\/internacional\\\/\",\"url\":\"https:\\\/\\\/ibima.eu\\\/es\\\/internacional\\\/\",\"name\":\"Internacional - Ibima\",\"isPartOf\":{\"@id\":\"https:\\\/\\\/ibima.eu\\\/es\\\/#website\"},\"datePublished\":\"2023-10-30T09:23:46+00:00\",\"dateModified\":\"2026-01-09T14:51:35+00:00\",\"description\":\"IBIMA impulsa la proyecci\u00f3n internacional de su investigaci\u00f3n biom\u00e9dica mediante proyectos europeos, alianzas globales y captaci\u00f3n de talento\",\"breadcrumb\":{\"@id\":\"https:\\\/\\\/ibima.eu\\\/es\\\/internacional\\\/#breadcrumb\"},\"inLanguage\":\"en-GB\",\"potentialAction\":[{\"@type\":\"ReadAction\",\"target\":[\"https:\\\/\\\/ibima.eu\\\/es\\\/internacional\\\/\"]}]},{\"@type\":\"BreadcrumbList\",\"@id\":\"https:\\\/\\\/ibima.eu\\\/es\\\/internacional\\\/#breadcrumb\",\"itemListElement\":[{\"@type\":\"ListItem\",\"position\":1,\"name\":\"Portada\",\"item\":\"https:\\\/\\\/ibima.eu\\\/es\\\/\"},{\"@type\":\"ListItem\",\"position\":2,\"name\":\"Internacional\"}]},{\"@type\":\"WebSite\",\"@id\":\"https:\\\/\\\/ibima.eu\\\/es\\\/#website\",\"url\":\"https:\\\/\\\/ibima.eu\\\/es\\\/\",\"name\":\"Ibima\",\"description\":\"\",\"potentialAction\":[{\"@type\":\"SearchAction\",\"target\":{\"@type\":\"EntryPoint\",\"urlTemplate\":\"https:\\\/\\\/ibima.eu\\\/es\\\/?s={search_term_string}\"},\"query-input\":{\"@type\":\"PropertyValueSpecification\",\"valueRequired\":true,\"valueName\":\"search_term_string\"}}],\"inLanguage\":\"en-GB\"}]}<\/script>\n<!-- \/ Yoast SEO plugin. -->","yoast_head_json":{"title":"Internacional - Ibima","description":"IBIMA impulsa la proyecci\u00f3n internacional de su investigaci\u00f3n biom\u00e9dica mediante proyectos europeos, alianzas globales y captaci\u00f3n de talento","robots":{"index":"index","follow":"follow","max-snippet":"max-snippet:-1","max-image-preview":"max-image-preview:large","max-video-preview":"max-video-preview:-1"},"canonical":"https:\/\/ibima.eu\/en\/internacional\/","og_locale":"en_GB","og_type":"article","og_title":"Internacional - Ibima","og_description":"IBIMA impulsa la proyecci\u00f3n internacional de su investigaci\u00f3n biom\u00e9dica mediante proyectos europeos, alianzas globales y captaci\u00f3n de talento","og_url":"https:\/\/ibima.eu\/en\/internacional\/","og_site_name":"Ibima","article_modified_time":"2026-01-09T14:51:35+00:00","twitter_card":"summary_large_image","twitter_misc":{"Estimated reading time":"3 minutes"},"schema":{"@context":"https:\/\/schema.org","@graph":[{"@type":"WebPage","@id":"https:\/\/ibima.eu\/es\/internacional\/","url":"https:\/\/ibima.eu\/es\/internacional\/","name":"Internacional - Ibima","isPartOf":{"@id":"https:\/\/ibima.eu\/es\/#website"},"datePublished":"2023-10-30T09:23:46+00:00","dateModified":"2026-01-09T14:51:35+00:00","description":"IBIMA impulsa la proyecci\u00f3n internacional de su investigaci\u00f3n biom\u00e9dica mediante proyectos europeos, alianzas globales y captaci\u00f3n de talento","breadcrumb":{"@id":"https:\/\/ibima.eu\/es\/internacional\/#breadcrumb"},"inLanguage":"en-GB","potentialAction":[{"@type":"ReadAction","target":["https:\/\/ibima.eu\/es\/internacional\/"]}]},{"@type":"BreadcrumbList","@id":"https:\/\/ibima.eu\/es\/internacional\/#breadcrumb","itemListElement":[{"@type":"ListItem","position":1,"name":"Portada","item":"https:\/\/ibima.eu\/es\/"},{"@type":"ListItem","position":2,"name":"Internacional"}]},{"@type":"WebSite","@id":"https:\/\/ibima.eu\/es\/#website","url":"https:\/\/ibima.eu\/es\/","name":"Ibima","description":"","potentialAction":[{"@type":"SearchAction","target":{"@type":"EntryPoint","urlTemplate":"https:\/\/ibima.eu\/es\/?s={search_term_string}"},"query-input":{"@type":"PropertyValueSpecification","valueRequired":true,"valueName":"search_term_string"}}],"inLanguage":"en-GB"}]}},"_links":{"self":[{"href":"https:\/\/ibima.eu\/en\/wp-json\/wp\/v2\/pages\/12724","targetHints":{"allow":["GET"]}}],"collection":[{"href":"https:\/\/ibima.eu\/en\/wp-json\/wp\/v2\/pages"}],"about":[{"href":"https:\/\/ibima.eu\/en\/wp-json\/wp\/v2\/types\/page"}],"author":[{"embeddable":true,"href":"https:\/\/ibima.eu\/en\/wp-json\/wp\/v2\/users\/1"}],"replies":[{"embeddable":true,"href":"https:\/\/ibima.eu\/en\/wp-json\/wp\/v2\/comments?post=12724"}],"version-history":[{"count":3,"href":"https:\/\/ibima.eu\/en\/wp-json\/wp\/v2\/pages\/12724\/revisions"}],"predecessor-version":[{"id":59508,"href":"https:\/\/ibima.eu\/en\/wp-json\/wp\/v2\/pages\/12724\/revisions\/59508"}],"wp:attachment":[{"href":"https:\/\/ibima.eu\/en\/wp-json\/wp\/v2\/media?parent=12724"}],"curies":[{"name":"wp","href":"https:\/\/api.w.org\/{rel}","templated":true}]}}