{"id":23,"date":"2023-04-19T17:49:15","date_gmt":"2023-04-19T17:49:15","guid":{"rendered":"https:\/\/prueba.ibima.eu\/?page_id=23"},"modified":"2025-03-07T12:04:44","modified_gmt":"2025-03-07T12:04:44","slug":"sociedad","status":"publish","type":"page","link":"https:\/\/ibima.eu\/en\/sociedad\/","title":{"rendered":"Society"},"content":{"rendered":"<p>[et_pb_section fb_built=\u00bb1&#8243; _builder_version=\u00bb4.20.4&#8243; _module_preset=\u00bbdefault\u00bb background_image=\u00bbhttps:\/\/ibima.eu\/wp-content\/uploads\/2023\/04\/FotoWeb-min-1000&#215;500-1.jpg\u00bb global_colors_info=\u00bb{}\u00bb][et_pb_row _builder_version=\u00bb4.20.4&#8243; _module_preset=\u00bbdefault\u00bb custom_padding=\u00bb250px||30px||false|false\u00bb global_colors_info=\u00bb{}\u00bb][et_pb_column type=\u00bb4_4&#8243; _builder_version=\u00bb4.20.4&#8243; _module_preset=\u00bbdefault\u00bb global_colors_info=\u00bb{}\u00bb][et_pb_text _builder_version=\u00bb4.20.4&#8243; _module_preset=\u00bbdefault\u00bb header_2_font=\u00bbPoppins|700|||||||\u00bb header_2_text_color=\u00bb#FFFFFF\u00bb header_2_font_size=\u00bb46px\u00bb header_2_font_size_tablet=\u00bb46px\u00bb header_2_font_size_phone=\u00bb40px\u00bb header_2_font_size_last_edited=\u00bbon|phone\u00bb global_colors_info=\u00bb{}\u00bb]<\/p>\n<h2>Sociedad<\/h2>\n<p>[\/et_pb_text][\/et_pb_column][\/et_pb_row][\/et_pb_section][et_pb_section fb_built=\u00bb1&#8243; custom_padding_last_edited=\u00bbon|tablet\u00bb _builder_version=\u00bb4.20.4&#8243; _module_preset=\u00bbdefault\u00bb custom_padding_tablet=\u00bb5px||5px||true|false\u00bb custom_padding_phone=\u00bb5px||5px||true|false\u00bb global_colors_info=\u00bb{}\u00bb][et_pb_row _builder_version=\u00bb4.20.4&#8243; _module_preset=\u00bbdefault\u00bb global_colors_info=\u00bb{}\u00bb][et_pb_column type=\u00bb4_4&#8243; _builder_version=\u00bb4.20.4&#8243; _module_preset=\u00bbdefault\u00bb global_colors_info=\u00bb{}\u00bb][et_pb_text _builder_version=\u00bb4.20.4&#8243; _module_preset=\u00bbdefault\u00bb header_font=\u00bbPoppins||||||||\u00bb header_font_size=\u00bb40px\u00bb header_3_font=\u00bbPoppins||||||||\u00bb header_3_text_align=\u00bbcenter\u00bb header_3_text_color=\u00bb#24a8d7&#8243; header_3_font_size=\u00bb30px\u00bb custom_padding=\u00bb50px||50px||true|false\u00bb custom_padding_tablet=\u00bb50px||0px||false|false\u00bb custom_padding_phone=\u00bb50px||0px||false|false\u00bb custom_padding_last_edited=\u00bbon|tablet\u00bb global_colors_info=\u00bb{}\u00bb]<\/p>\n<h3>\u00bfQu\u00e9 es la Investigaci\u00f3n e Innovaci\u00f3n Responsable?<\/h3>\n<p>[\/et_pb_text][\/et_pb_column][\/et_pb_row][et_pb_row _builder_version=\u00bb4.20.4&#8243; _module_preset=\u00bbdefault\u00bb width=\u00bb60%\u00bb custom_padding=\u00bb||50px||false|false\u00bb global_colors_info=\u00bb{}\u00bb][et_pb_column type=\u00bb4_4&#8243; _builder_version=\u00bb4.20.4&#8243; _module_preset=\u00bbdefault\u00bb global_colors_info=\u00bb{}\u00bb][et_pb_text _builder_version=\u00bb4.23.4&#8243; _module_preset=\u00bbdefault\u00bb text_font=\u00bbPoppins||||||||\u00bb global_colors_info=\u00bb{}\u00bb]<\/p>\n<p style=\"text-align: justify;\">La investigaci\u00f3n e innovaci\u00f3n responsable, del ingl\u00e9s Responsible Research &amp; Innovation, es una perspectiva consolidada internacionalmente que implica una acci\u00f3n conjunta de los actores implicados en la Investigaci\u00f3n y la Innovaci\u00f3n, con el objetivo de trabajar de manera conjunta para alinear procesos y resultados que generen un impacto real, gracias a la incorporaci\u00f3n de los avances cient\u00edficos y tecn\u00f3logicos, en la salud de la ciudadan\u00eda y en el entorno econ\u00f3mico<\/p>\n<p>[\/et_pb_text][et_pb_text _builder_version=\u00bb4.20.4&#8243; _module_preset=\u00bbdefault\u00bb text_font=\u00bbPoppins||||||||\u00bb text_text_color=\u00bb#24a8d7&#8243; text_font_size=\u00bb24px\u00bb text_orientation=\u00bbcenter\u00bb custom_margin=\u00bb50px||||false|false\u00bb global_colors_info=\u00bb{}\u00bb]<\/p>\n<p>La Investigaci\u00f3n e Innovaci\u00f3n Responsable se sustenta en seis pilares fundamentales:<\/p>\n<p>[\/et_pb_text][\/et_pb_column][\/et_pb_row][et_pb_row _builder_version=\u00bb4.20.4&#8243; _module_preset=\u00bbdefault\u00bb width=\u00bb60%\u00bb custom_padding=\u00bb||50px||false|false\u00bb global_colors_info=\u00bb{}\u00bb][et_pb_column type=\u00bb4_4&#8243; _builder_version=\u00bb4.20.4&#8243; _module_preset=\u00bbdefault\u00bb global_colors_info=\u00bb{}\u00bb][et_pb_blurb title=\u00bbParticipaci\u00f3n ciudadana\u00bb use_icon=\u00bbon\u00bb font_icon=\u00bb&#xf0c0;||fa||900&#8243; icon_color=\u00bb#24a8d7&#8243; icon_placement=\u00bbleft\u00bb content_max_width=\u00bb1100px\u00bb _builder_version=\u00bb4.24.2&#8243; _module_preset=\u00bbdefault\u00bb header_font=\u00bbPoppins|600|||||||\u00bb header_text_color=\u00bb#195e7f\u00bb body_font=\u00bbPoppins||||||||\u00bb global_colors_info=\u00bb{}\u00bb]<\/p>\n<p>Como un proceso colaborativo, se invita a todos los actores de la sociedad a participar de manera activa para hacer una investigaci\u00f3n e innovaci\u00f3n de car\u00e1cter inclusiva con un papel protagonista a la vez que determinante durante las distintas fases de la investigaci\u00f3n e innovaci\u00f3n<\/p>\n<p>&#8211; II Torneo ben\u00e9fico de F\u00fatbol 7. Participaci\u00f3n de 17 equipos y m\u00e1s de 300 personas, incluyendo un equipo infantil.<\/p>\n<p>&#8211; Jornadas informativas para la sociedad con motivo del D\u00eda Mundial de la Salud, junto al Ayuntamiento de M\u00e1laga.<\/p>\n<p>&#8211; Jornada del D\u00eda Mundial Sin Tabaco en colaboraci\u00f3n con Opplus.<\/p>\n<p>&nbsp;<\/p>\n<p>[\/et_pb_blurb][et_pb_button button_url=\u00bbhttps:\/\/ibima.eu\/wp-content\/uploads\/2024\/07\/Donaciones__IBIMA_PlataformaBIONAND.pdf\u00bb url_new_window=\u00bbon\u00bb button_text=\u00bbHAZ UNA DONACI\u00d3N\u00bb button_alignment=\u00bbcenter\u00bb _builder_version=\u00bb4.27.0&#8243; _module_preset=\u00bbdefault\u00bb custom_button=\u00bbon\u00bb button_text_size=\u00bb17px\u00bb button_text_color=\u00bb#ffffff\u00bb button_bg_color=\u00bb#43a5d3&#8243; button_border_width=\u00bb0px\u00bb button_border_radius=\u00bb12px\u00bb button_font=\u00bbPoppins||||||||\u00bb button_icon=\u00bb&#x39;||divi||400&#8243; custom_margin=\u00bb30px||||false|false\u00bb custom_padding=\u00bb||||false|false\u00bb global_colors_info=\u00bb{}\u00bb admin_label=\u00bbBot\u00f3n\u00bb][\/et_pb_button][et_pb_blurb title=\u00bbIgualdad de g\u00e9nero\u00bb use_icon=\u00bbon\u00bb font_icon=\u00bb&#xf182;||fa||900&#8243; icon_color=\u00bb#24a8d7&#8243; icon_placement=\u00bbleft\u00bb content_max_width=\u00bb1100px\u00bb _builder_version=\u00bb4.23.4&#8243; _module_preset=\u00bbdefault\u00bb header_font=\u00bbPoppins|600|||||||\u00bb header_text_color=\u00bb#195e7f\u00bb body_font=\u00bbPoppins||||||||\u00bb custom_padding=\u00bb50px||||false|false\u00bb global_colors_info=\u00bb{}\u00bb]<\/p>\n<p>Apoyo en el equilibrio de g\u00e9nero de manera transversal en los distintos estamentos de los que se compone el Instituto, integrando de manera directa a la mujer en todas las acciones de I+D+i y en la toma de decisiones<br \/>El Instituto tiene por objetivo trabajar de manera incansable en la igualdad de g\u00e9nero. Para ello, dispone de un Plan de Igualdad que pone de manifiesto el papel de la mujer cient\u00edfica en el centro de su hoja de ruta con la integraci\u00f3n de la mujer en la toma de decisiones y en puestos de responsabilidad. Algunas actividades dentro de este pilar han estado relacionados con:<\/p>\n<p><strong>&#8211; <\/strong>Jornada enmarcado en el D\u00eda Internacional de la Mujer y la Ni\u00f1a en la Ciencia 2024.<\/p>\n<p>&#8211; 5 de nuestras investigadoras seleccionadas entre las \u201cCien malague\u00f1as m\u00e1s influyentes\u201d.<\/p>\n<p>&#8211; Premio a la mejor investigadora emergente del a\u00f1o de la convocatoria del Plan Propio IBIMA Plataforma BIONAND.<\/p>\n<p>[\/et_pb_blurb][et_pb_button button_url=\u00bbhttps:\/\/ibima.eu\/es\/igualdad-en-ibima-plataforma-bionand\/\u00bb url_new_window=\u00bbon\u00bb button_text=\u00bbACCIONES EN IGUALDAD\u00bb button_alignment=\u00bbcenter\u00bb _builder_version=\u00bb4.27.4&#8243; _module_preset=\u00bbdefault\u00bb custom_button=\u00bbon\u00bb button_text_size=\u00bb17px\u00bb button_text_color=\u00bb#ffffff\u00bb button_bg_color=\u00bb#43a5d3&#8243; button_border_width=\u00bb0px\u00bb button_border_radius=\u00bb12px\u00bb button_font=\u00bbPoppins||||||||\u00bb button_icon=\u00bb&#x39;||divi||400&#8243; custom_margin=\u00bb30px||||false|false\u00bb custom_padding=\u00bb||||false|false\u00bb hover_enabled=\u00bb0&#8243; global_colors_info=\u00bb{}\u00bb sticky_enabled=\u00bb0&#8243;][\/et_pb_button][et_pb_blurb title=\u00bbEducaci\u00f3n cient\u00edfica\u00bb use_icon=\u00bbon\u00bb font_icon=\u00bb&#xf19d;||fa||900&#8243; icon_color=\u00bb#24a8d7&#8243; icon_placement=\u00bbleft\u00bb content_max_width=\u00bb1100px\u00bb _builder_version=\u00bb4.24.2&#8243; _module_preset=\u00bbdefault\u00bb header_font=\u00bbPoppins|600|||||||\u00bb header_text_color=\u00bb#195e7f\u00bb body_font=\u00bbPoppins||||||||\u00bb custom_padding=\u00bb50px||||false|false\u00bb global_colors_info=\u00bb{}\u00bb]<\/p>\n<p>Acceso a los futuros investigadores y a otros actores de la sociedad para disponer de las herramientas y capacidades \u00f3ptimas para participar de manera directa en el proceso de investigaci\u00f3n e innovaci\u00f3n, despertando la vocaci\u00f3n cient\u00edfica y la capacidad de la ciudadan\u00eda para enriquecer el debate cient\u00edfico entre profesionales y sociedad<\/p>\n<p>&#8211; Jornada \u2018Acercando la ciencia a las escuelas\u2019 junto con Farmaindustria<\/p>\n<p>&#8211; Noche Europea de los Investigadores.<\/p>\n<p>&#8211; Festival \u2018Pint of Science\u2019<\/p>\n<p>&nbsp;<\/p>\n<p>[\/et_pb_blurb][et_pb_blurb title=\u00bb\u00c9tica\u00bb use_icon=\u00bbon\u00bb font_icon=\u00bb&#xe0ff;||divi||400&#8243; icon_color=\u00bb#24a8d7&#8243; icon_placement=\u00bbleft\u00bb content_max_width=\u00bb1100px\u00bb _builder_version=\u00bb4.25.0&#8243; _module_preset=\u00bbdefault\u00bb header_font=\u00bbPoppins|600|||||||\u00bb header_text_color=\u00bb#195e7f\u00bb body_font=\u00bbPoppins||||||||\u00bb custom_padding=\u00bb50px||||false|false\u00bb global_colors_info=\u00bb{}\u00bb]<\/p>\n<p>La investigaci\u00f3n y la innovaci\u00f3n han de respetar los derechos fundamentales y los m\u00e1s altos est\u00e1ndares \u00e9ticos.<\/p>\n<p><strong><\/strong><\/p>\n<p>\u2013 C\u00f3digo \u00c9tico y Buenas pr\u00e1cticas en Investigaci\u00f3n<\/p>\n<p>\u2013 Comit\u00e9s \u00e9ticos: CEIm y CEUMA<\/p>\n<p>\u2013 Certificaci\u00f3n HRS4R: Estrategia de Recursos Humanos para la Investigaci\u00f3n<\/p>\n<p>\u2013 Certificaci\u00f3n UNE 166002: Sistema de Gesti\u00f3n de la I+D+i<\/p>\n<p>\u2013 Buenas Pr\u00e1cticas Cl\u00ednicas (GCP)<\/p>\n<p>\u2013 Sistema de Compliance Corporativo<\/p>\n<p>[\/et_pb_blurb][et_pb_button button_url=\u00bbhttps:\/\/ibima.eu\/wp-content\/uploads\/2024\/06\/Codigo-etico-y-buenas-practicas.pdf\u00bb url_new_window=\u00bbon\u00bb button_text=\u00bbC\u00d3DIGO \u00c9TICO (espa\u00f1ol)\u00bb button_alignment=\u00bbcenter\u00bb _builder_version=\u00bb4.27.0&#8243; _module_preset=\u00bbdefault\u00bb custom_button=\u00bbon\u00bb button_text_size=\u00bb17px\u00bb button_text_color=\u00bb#ffffff\u00bb button_bg_color=\u00bb#43a5d3&#8243; button_border_width=\u00bb0px\u00bb button_border_radius=\u00bb12px\u00bb button_font=\u00bbPoppins||||||||\u00bb button_icon=\u00bb&#x39;||divi||400&#8243; custom_margin=\u00bb30px||||false|false\u00bb custom_padding=\u00bb||||false|false\u00bb global_colors_info=\u00bb{}\u00bb][\/et_pb_button][et_pb_button button_url=\u00bbhttps:\/\/ibima.eu\/wp-content\/uploads\/2024\/09\/COD.-ETICO-Y-BUENAS-PRACTICAS-EN-INVEST_EN.pdf\u00bb url_new_window=\u00bbon\u00bb button_text=\u00bbC\u00d3DIGO \u00c9TICO (ingl\u00e9s)\u00bb button_alignment=\u00bbcenter\u00bb _builder_version=\u00bb4.27.0&#8243; _module_preset=\u00bbdefault\u00bb custom_button=\u00bbon\u00bb button_text_size=\u00bb17px\u00bb button_text_color=\u00bb#ffffff\u00bb button_bg_color=\u00bb#43a5d3&#8243; button_border_width=\u00bb0px\u00bb button_border_radius=\u00bb12px\u00bb button_font=\u00bbPoppins||||||||\u00bb button_icon=\u00bb&#x39;||divi||400&#8243; custom_margin=\u00bb30px||||false|false\u00bb custom_padding=\u00bb||||false|false\u00bb global_colors_info=\u00bb{}\u00bb][\/et_pb_button][et_pb_blurb title=\u00bbAcceso abierto\u00bb use_icon=\u00bbon\u00bb font_icon=\u00bb&#xe001;||divi||400&#8243; icon_color=\u00bb#24a8d7&#8243; icon_placement=\u00bbleft\u00bb content_max_width=\u00bb1100px\u00bb _builder_version=\u00bb4.25.0&#8243; _module_preset=\u00bbdefault\u00bb header_font=\u00bbPoppins|600|||||||\u00bb header_text_color=\u00bb#195e7f\u00bb body_font=\u00bbPoppins||||||||\u00bb custom_padding=\u00bb50px||||false|false\u00bb global_colors_info=\u00bb{}\u00bb]<\/p>\n<p>La Investigaci\u00f3n e innovaci\u00f3n responsable ha de ser accesible y transparente, y los resultados de la investigaci\u00f3n financiada con fondos p\u00fablicos deben estar disponibles de forma gratuita<\/p>\n<p>\u2013 Publicaciones en Open Access del instituto disponibles en los repositorios institucionales de la Salud de Andaluc\u00eda RISalud y del Instituto de Salud Carlos III, REPISALUD.<\/p>\n<p>&#8211; Premio Investigaci\u00f3n e Innovaci\u00f3n responsable (RRI) 2024 del Instituto de Salud Carlos III<\/p>\n<p>\u2013 Implementaci\u00f3n de pol\u00edticas de acceso abierto para datos de investigaci\u00f3n.<\/p>\n<p>[\/et_pb_blurb][et_pb_button button_url=\u00bbhttps:\/\/ibima.eu\/wp-content\/uploads\/2024\/10\/Politica-Open-Science.pdf\u00bb url_new_window=\u00bbon\u00bb button_text=\u00bbPOL\u00cdTICA INSTITUCIONAL OPEN SCIENCE\u00bb button_alignment=\u00bbcenter\u00bb _builder_version=\u00bb4.27.0&#8243; _module_preset=\u00bbdefault\u00bb custom_button=\u00bbon\u00bb button_text_size=\u00bb17px\u00bb button_text_color=\u00bb#ffffff\u00bb button_bg_color=\u00bb#43a5d3&#8243; button_border_width=\u00bb0px\u00bb button_border_radius=\u00bb12px\u00bb button_font=\u00bbPoppins||||||||\u00bb button_icon=\u00bb&#x39;||divi||400&#8243; custom_margin=\u00bb30px||||false|false\u00bb custom_padding=\u00bb||||false|false\u00bb global_colors_info=\u00bb{}\u00bb][\/et_pb_button][et_pb_blurb title=\u00bbGobernanza\u00bb use_icon=\u00bbon\u00bb font_icon=\u00bb&#xe109;||divi||400&#8243; icon_color=\u00bb#24a8d7&#8243; icon_placement=\u00bbleft\u00bb content_max_width=\u00bb1100px\u00bb _builder_version=\u00bb4.24.2&#8243; _module_preset=\u00bbdefault\u00bb header_font=\u00bbPoppins|600|||||||\u00bb header_text_color=\u00bb#195e7f\u00bb body_font=\u00bbPoppins||||||||\u00bb custom_padding=\u00bb50px||||false|false\u00bb global_colors_info=\u00bb{}\u00bb]<\/p>\n<p>Las entidades de Investigaci\u00f3n e Innovaci\u00f3n Responsable deben promover la participaci\u00f3n ciudadana en sus \u00f3rganos asesores y de gobierno<\/p>\n<p>&#8211; La Asociaci\u00f3n Espa\u00f1ola Contra el C\u00e1ncer como miembro del Comit\u00e9 Cient\u00edfico Interno.<\/p>\n<p>&#8211; Participaci\u00f3n de asociaciones de pacientes en la elaboraci\u00f3n del Plan Estrat\u00e9gico y en la priorizaci\u00f3n de las l\u00edneas estrat\u00e9gicas.<\/p>\n<p>&#8211; Acreditaci\u00f3n como Instituto de Investigaci\u00f3n Sanitaria por el Instituto de Salud Carlos III (desde 2015)<\/p>\n<p>&nbsp;<\/p>\n<p>[\/et_pb_blurb][\/et_pb_column][\/et_pb_row][\/et_pb_section]<\/p>\n","protected":false},"excerpt":{"rendered":"<p>Sociedad\u00bfQu\u00e9 es la Investigaci\u00f3n e Innovaci\u00f3n Responsable?La investigaci\u00f3n e innovaci\u00f3n responsable, del ingl\u00e9s Responsible Research &amp; Innovation, es una perspectiva consolidada internacionalmente que implica una acci\u00f3n conjunta de los actores implicados en la Investigaci\u00f3n y la Innovaci\u00f3n, con el objetivo de trabajar de manera conjunta para alinear procesos y resultados que generen un impacto real, [&hellip;]<\/p>\n","protected":false},"author":1,"featured_media":0,"parent":0,"menu_order":0,"comment_status":"closed","ping_status":"closed","template":"","meta":{"_acf_changed":false,"_et_pb_use_builder":"on","_et_pb_old_content":"","_et_gb_content_width":"","footnotes":""},"class_list":["post-23","page","type-page","status-publish","hentry"],"acf":[],"yoast_head":"<!-- This site is optimized with the Yoast SEO plugin v27.4 - https:\/\/yoast.com\/product\/yoast-seo-wordpress\/ -->\n<title>Sociedad - Ibima<\/title>\n<meta name=\"robots\" content=\"index, follow, max-snippet:-1, max-image-preview:large, max-video-preview:-1\" \/>\n<link rel=\"canonical\" href=\"https:\/\/ibima.eu\/en\/sociedad\/\" \/>\n<meta property=\"og:locale\" content=\"en_GB\" \/>\n<meta property=\"og:type\" content=\"article\" \/>\n<meta property=\"og:title\" content=\"Sociedad - Ibima\" \/>\n<meta property=\"og:description\" content=\"Sociedad\u00bfQu\u00e9 es la Investigaci\u00f3n e Innovaci\u00f3n Responsable?La investigaci\u00f3n e innovaci\u00f3n responsable, del ingl\u00e9s Responsible Research &amp; Innovation, es una perspectiva consolidada internacionalmente que implica una acci\u00f3n conjunta de los actores implicados en la Investigaci\u00f3n y la Innovaci\u00f3n, con el objetivo de trabajar de manera conjunta para alinear procesos y resultados que generen un impacto real, [&hellip;]\" \/>\n<meta property=\"og:url\" content=\"https:\/\/ibima.eu\/en\/sociedad\/\" \/>\n<meta property=\"og:site_name\" content=\"Ibima\" \/>\n<meta property=\"article:modified_time\" content=\"2025-03-07T12:04:44+00:00\" \/>\n<meta name=\"twitter:card\" content=\"summary_large_image\" \/>\n<meta name=\"twitter:label1\" content=\"Estimated reading time\" \/>\n\t<meta name=\"twitter:data1\" content=\"9 minutes\" \/>\n<script type=\"application\/ld+json\" class=\"yoast-schema-graph\">{\"@context\":\"https:\\\/\\\/schema.org\",\"@graph\":[{\"@type\":\"WebPage\",\"@id\":\"https:\\\/\\\/ibima.eu\\\/es\\\/sociedad\\\/\",\"url\":\"https:\\\/\\\/ibima.eu\\\/es\\\/sociedad\\\/\",\"name\":\"Sociedad - Ibima\",\"isPartOf\":{\"@id\":\"https:\\\/\\\/ibima.eu\\\/es\\\/#website\"},\"datePublished\":\"2023-04-19T17:49:15+00:00\",\"dateModified\":\"2025-03-07T12:04:44+00:00\",\"breadcrumb\":{\"@id\":\"https:\\\/\\\/ibima.eu\\\/es\\\/sociedad\\\/#breadcrumb\"},\"inLanguage\":\"en-GB\",\"potentialAction\":[{\"@type\":\"ReadAction\",\"target\":[\"https:\\\/\\\/ibima.eu\\\/es\\\/sociedad\\\/\"]}]},{\"@type\":\"BreadcrumbList\",\"@id\":\"https:\\\/\\\/ibima.eu\\\/es\\\/sociedad\\\/#breadcrumb\",\"itemListElement\":[{\"@type\":\"ListItem\",\"position\":1,\"name\":\"Portada\",\"item\":\"https:\\\/\\\/ibima.eu\\\/es\\\/\"},{\"@type\":\"ListItem\",\"position\":2,\"name\":\"Sociedad\"}]},{\"@type\":\"WebSite\",\"@id\":\"https:\\\/\\\/ibima.eu\\\/es\\\/#website\",\"url\":\"https:\\\/\\\/ibima.eu\\\/es\\\/\",\"name\":\"Ibima\",\"description\":\"\",\"potentialAction\":[{\"@type\":\"SearchAction\",\"target\":{\"@type\":\"EntryPoint\",\"urlTemplate\":\"https:\\\/\\\/ibima.eu\\\/es\\\/?s={search_term_string}\"},\"query-input\":{\"@type\":\"PropertyValueSpecification\",\"valueRequired\":true,\"valueName\":\"search_term_string\"}}],\"inLanguage\":\"en-GB\"}]}<\/script>\n<!-- \/ Yoast SEO plugin. -->","yoast_head_json":{"title":"Sociedad - Ibima","robots":{"index":"index","follow":"follow","max-snippet":"max-snippet:-1","max-image-preview":"max-image-preview:large","max-video-preview":"max-video-preview:-1"},"canonical":"https:\/\/ibima.eu\/en\/sociedad\/","og_locale":"en_GB","og_type":"article","og_title":"Sociedad - Ibima","og_description":"Sociedad\u00bfQu\u00e9 es la Investigaci\u00f3n e Innovaci\u00f3n Responsable?La investigaci\u00f3n e innovaci\u00f3n responsable, del ingl\u00e9s Responsible Research &amp; Innovation, es una perspectiva consolidada internacionalmente que implica una acci\u00f3n conjunta de los actores implicados en la Investigaci\u00f3n y la Innovaci\u00f3n, con el objetivo de trabajar de manera conjunta para alinear procesos y resultados que generen un impacto real, [&hellip;]","og_url":"https:\/\/ibima.eu\/en\/sociedad\/","og_site_name":"Ibima","article_modified_time":"2025-03-07T12:04:44+00:00","twitter_card":"summary_large_image","twitter_misc":{"Estimated reading time":"9 minutes"},"schema":{"@context":"https:\/\/schema.org","@graph":[{"@type":"WebPage","@id":"https:\/\/ibima.eu\/es\/sociedad\/","url":"https:\/\/ibima.eu\/es\/sociedad\/","name":"Sociedad - Ibima","isPartOf":{"@id":"https:\/\/ibima.eu\/es\/#website"},"datePublished":"2023-04-19T17:49:15+00:00","dateModified":"2025-03-07T12:04:44+00:00","breadcrumb":{"@id":"https:\/\/ibima.eu\/es\/sociedad\/#breadcrumb"},"inLanguage":"en-GB","potentialAction":[{"@type":"ReadAction","target":["https:\/\/ibima.eu\/es\/sociedad\/"]}]},{"@type":"BreadcrumbList","@id":"https:\/\/ibima.eu\/es\/sociedad\/#breadcrumb","itemListElement":[{"@type":"ListItem","position":1,"name":"Portada","item":"https:\/\/ibima.eu\/es\/"},{"@type":"ListItem","position":2,"name":"Sociedad"}]},{"@type":"WebSite","@id":"https:\/\/ibima.eu\/es\/#website","url":"https:\/\/ibima.eu\/es\/","name":"Ibima","description":"","potentialAction":[{"@type":"SearchAction","target":{"@type":"EntryPoint","urlTemplate":"https:\/\/ibima.eu\/es\/?s={search_term_string}"},"query-input":{"@type":"PropertyValueSpecification","valueRequired":true,"valueName":"search_term_string"}}],"inLanguage":"en-GB"}]}},"_links":{"self":[{"href":"https:\/\/ibima.eu\/en\/wp-json\/wp\/v2\/pages\/23","targetHints":{"allow":["GET"]}}],"collection":[{"href":"https:\/\/ibima.eu\/en\/wp-json\/wp\/v2\/pages"}],"about":[{"href":"https:\/\/ibima.eu\/en\/wp-json\/wp\/v2\/types\/page"}],"author":[{"embeddable":true,"href":"https:\/\/ibima.eu\/en\/wp-json\/wp\/v2\/users\/1"}],"replies":[{"embeddable":true,"href":"https:\/\/ibima.eu\/en\/wp-json\/wp\/v2\/comments?post=23"}],"version-history":[{"count":12,"href":"https:\/\/ibima.eu\/en\/wp-json\/wp\/v2\/pages\/23\/revisions"}],"predecessor-version":[{"id":50648,"href":"https:\/\/ibima.eu\/en\/wp-json\/wp\/v2\/pages\/23\/revisions\/50648"}],"wp:attachment":[{"href":"https:\/\/ibima.eu\/en\/wp-json\/wp\/v2\/media?parent=23"}],"curies":[{"name":"wp","href":"https:\/\/api.w.org\/{rel}","templated":true}]}}