{"id":34545,"date":"2024-03-08T12:35:35","date_gmt":"2024-03-08T12:35:35","guid":{"rendered":"https:\/\/ibima.eu\/?page_id=34545"},"modified":"2024-08-02T10:18:05","modified_gmt":"2024-08-02T10:18:05","slug":"laboratorio-biologia-celular","status":"publish","type":"page","link":"https:\/\/ibima.eu\/en\/laboratorio-biologia-celular\/","title":{"rendered":"General Laboratory of Cellular Biology"},"content":{"rendered":"<p>[et_pb_section fb_built=\u00bb1&#8243; _builder_version=\u00bb4.20.4&#8243; _module_preset=\u00bbdefault\u00bb background_image=\u00bbhttps:\/\/ibima.eu\/wp-content\/uploads\/2023\/10\/Histologia-scaled.jpg\u00bb global_colors_info=\u00bb{}\u00bb][et_pb_row _builder_version=\u00bb4.20.4&#8243; _module_preset=\u00bbdefault\u00bb custom_padding=\u00bb250px||30px||false|false\u00bb global_colors_info=\u00bb{}\u00bb][et_pb_column type=\u00bb4_4&#8243; _builder_version=\u00bb4.20.4&#8243; _module_preset=\u00bbdefault\u00bb global_colors_info=\u00bb{}\u00bb][et_pb_text _builder_version=\u00bb4.24.2&#8243; _module_preset=\u00bbdefault\u00bb header_2_font=\u00bbPoppins|700|||||||\u00bb header_2_text_color=\u00bb#FFFFFF\u00bb header_2_font_size=\u00bb46px\u00bb global_colors_info=\u00bb{}\u00bb]<\/p>\n<h2>Laboratorio de Biolog\u00eda Celular<\/h2>\n<p>[\/et_pb_text][\/et_pb_column][\/et_pb_row][\/et_pb_section][et_pb_section fb_built=\u00bb1&#8243; custom_padding_last_edited=\u00bbon|desktop\u00bb _builder_version=\u00bb4.20.4&#8243; _module_preset=\u00bbdefault\u00bb custom_padding=\u00bb22px||22px||true|false\u00bb custom_padding_tablet=\u00bb40px||40px||true|false\u00bb custom_padding_phone=\u00bb40px||40px||true|false\u00bb global_colors_info=\u00bb{}\u00bb][et_pb_row _builder_version=\u00bb4.20.4&#8243; _module_preset=\u00bbdefault\u00bb min_height=\u00bb90.4px\u00bb custom_margin=\u00bb|auto|-67px|auto||\u00bb custom_padding=\u00bb||50px||false|false\u00bb global_colors_info=\u00bb{}\u00bb][et_pb_column type=\u00bb4_4&#8243; _builder_version=\u00bb4.20.4&#8243; _module_preset=\u00bbdefault\u00bb global_colors_info=\u00bb{}\u00bb][et_pb_text _builder_version=\u00bb4.24.2&#8243; _module_preset=\u00bbdefault\u00bb text_font=\u00bbPoppins||||||||\u00bb text_orientation=\u00bbjustified\u00bb min_height=\u00bb114.4px\u00bb global_colors_info=\u00bb{}\u00bb]<\/p>\n<p style=\"text-align: justify;\">El Laboratorio General de Biolog\u00eda Celular se encuentra ubicada en el Hospital Regional Universitario de M\u00e1laga, en el Hospital Civil y en el Hospital Universitario Virgen de la Victoria. Ofrecen unas completas instalaciones de uso com\u00fan para los diferentes grupos y posibles usuarios externos. A las instalaciones tienen acceso todos los investigadores integrados en IBIMA Plataforma BIONAND, cont\u00e1ndose con un sistema de reserva de equipos o servicios<\/p>\n<p>[\/et_pb_text][\/et_pb_column][\/et_pb_row][\/et_pb_section][et_pb_section fb_built=\u00bb1&#8243; _builder_version=\u00bb4.20.4&#8243; _module_preset=\u00bbdefault\u00bb background_color=\u00bb#235b78&#8243; min_height=\u00bb91px\u00bb custom_padding=\u00bb30px||30px||true|false\u00bb global_colors_info=\u00bb{}\u00bb][et_pb_row _builder_version=\u00bb4.20.4&#8243; _module_preset=\u00bbdefault\u00bb global_colors_info=\u00bb{}\u00bb][et_pb_column type=\u00bb4_4&#8243; _builder_version=\u00bb4.20.4&#8243; _module_preset=\u00bbdefault\u00bb global_colors_info=\u00bb{}\u00bb][et_pb_text _builder_version=\u00bb4.20.4&#8243; _module_preset=\u00bbdefault\u00bb header_3_font=\u00bbPoppins|700|||||||\u00bb header_3_text_color=\u00bb#FFFFFF\u00bb header_3_font_size=\u00bb34px\u00bb global_colors_info=\u00bb{}\u00bb]<\/p>\n<h3>Servicios<\/h3>\n<p>[\/et_pb_text][\/et_pb_column][\/et_pb_row][\/et_pb_section][et_pb_section fb_built=\u00bb1&#8243; _builder_version=\u00bb4.20.4&#8243; _module_preset=\u00bbdefault\u00bb min_height=\u00bb487.2px\u00bb custom_padding=\u00bb50px||50px||true|false\u00bb global_colors_info=\u00bb{}\u00bb][et_pb_row _builder_version=\u00bb4.20.4&#8243; _module_preset=\u00bbdefault\u00bb global_colors_info=\u00bb{}\u00bb][et_pb_column type=\u00bb4_4&#8243; _builder_version=\u00bb4.20.4&#8243; _module_preset=\u00bbdefault\u00bb global_colors_info=\u00bb{}\u00bb][et_pb_text _builder_version=\u00bb4.24.2&#8243; _module_preset=\u00bbdefault\u00bb text_font=\u00bbPoppins||||||||\u00bb text_orientation=\u00bbjustified\u00bb global_colors_info=\u00bb{}\u00bb]<\/p>\n<p>Se ofrecen las instalaciones y equipamientos en las condiciones \u00f3ptimas con los calibrados y revisiones peri\u00f3dicas para su correcto funcionamiento.<\/p>\n<p style=\"text-align: justify;\"><strong>Servicio de Citometr\u00eda:<\/strong><strong><\/strong><\/p>\n<ul>\n<li style=\"text-align: justify;\">Inmunofenotipado celular. Caracterizaci\u00f3n de subpoblaciones celulares, estado de activaci\u00f3n, expresi\u00f3n de receptores y mediadores celulares<\/li>\n<li>Separador celular<\/li>\n<\/ul>\n<p><strong>Servicio de Cultivos Celulares:<\/strong><strong><\/strong><\/p>\n<p><strong><\/strong><\/p>\n<ul>\n<li style=\"text-align: justify;\">Preparaci\u00f3n y alicuotado de antibi\u00f3ticos espec\u00edficos para medios de cultivos, inactivaci\u00f3n y almacenamiento de suero fetal bovino, preparaci\u00f3n de medios de cultivos al igual que de medio para congelar c\u00e9lulas y mantenimiento de las pipetas de trabajo<\/li>\n<li>Procesamiento de diferentes muestras biol\u00f3gicas: separaci\u00f3n celular mediante gradiente de densidad, obtenci\u00f3n de suero y plasma\u2026<\/li>\n<li>Obtenci\u00f3n y asilamiento de cultivos primarios y l\u00edneas celulares<\/li>\n<li>Aislamiento de linfocitos y marcaje de los mismos para estudios de proliferaci\u00f3n celular<\/li>\n<li>Congelaci\u00f3n celular<\/li>\n<\/ul>\n<p>[\/et_pb_text][et_pb_text _builder_version=\u00bb4.24.2&#8243; _module_preset=\u00bbdefault\u00bb text_font=\u00bbPoppins||||||||\u00bb text_orientation=\u00bbjustified\u00bb global_colors_info=\u00bb{}\u00bb]<\/p>\n<p style=\"text-align: justify;\"><strong>Servicio de Inmunoqu\u00edmica:<\/strong><strong><\/strong><\/p>\n<ul>\n<li style=\"text-align: justify;\">Inmunoensayos<\/li>\n<\/ul>\n<p>[\/et_pb_text][\/et_pb_column][\/et_pb_row][\/et_pb_section][et_pb_section fb_built=\u00bb1&#8243; _builder_version=\u00bb4.20.4&#8243; _module_preset=\u00bbdefault\u00bb background_color=\u00bb#235b78&#8243; custom_padding=\u00bb30px||30px||true|false\u00bb global_colors_info=\u00bb{}\u00bb][et_pb_row _builder_version=\u00bb4.20.4&#8243; _module_preset=\u00bbdefault\u00bb global_colors_info=\u00bb{}\u00bb][et_pb_column type=\u00bb4_4&#8243; _builder_version=\u00bb4.20.4&#8243; _module_preset=\u00bbdefault\u00bb global_colors_info=\u00bb{}\u00bb][et_pb_text _builder_version=\u00bb4.20.4&#8243; _module_preset=\u00bbdefault\u00bb header_3_font=\u00bbPoppins|700|||||||\u00bb header_3_text_color=\u00bb#FFFFFF\u00bb header_3_font_size=\u00bb34px\u00bb global_colors_info=\u00bb{}\u00bb]<\/p>\n<h3>Contacto<\/h3>\n<p>[\/et_pb_text][\/et_pb_column][\/et_pb_row][\/et_pb_section][et_pb_section fb_built=\u00bb1&#8243; _builder_version=\u00bb4.20.4&#8243; _module_preset=\u00bbdefault\u00bb background_color=\u00bb#f4f4f4&#8243; custom_margin=\u00bb4px||||false|false\u00bb custom_padding=\u00bb5px||||false|false\u00bb global_colors_info=\u00bb{}\u00bb][et_pb_row column_structure=\u00bb1_3,1_3,1_3&#8243; make_equal=\u00bbon\u00bb custom_padding_last_edited=\u00bbon|tablet\u00bb _builder_version=\u00bb4.20.4&#8243; _module_preset=\u00bbdefault\u00bb transform_scale_tablet=\u00bb102%|102%\u00bb transform_scale_phone=\u00bb102%|102%\u00bb transform_scale_last_edited=\u00bbon|tablet\u00bb transform_translate_tablet=\u00bb\u00bb transform_translate_phone=\u00bb\u00bb transform_translate_last_edited=\u00bbon|tablet\u00bb transform_rotate_tablet=\u00bb\u00bb transform_rotate_phone=\u00bb\u00bb transform_rotate_last_edited=\u00bbon|tablet\u00bb transform_skew_tablet=\u00bb\u00bb transform_skew_phone=\u00bb\u00bb transform_skew_last_edited=\u00bbon|tablet\u00bb transform_origin_tablet=\u00bb\u00bb transform_origin_phone=\u00bb\u00bb transform_origin_last_edited=\u00bbon|tablet\u00bb transform_styles_last_edited=\u00bbon|tablet\u00bb width=\u00bb100%\u00bb custom_margin=\u00bb0px|auto|-24px|auto|false|false\u00bb custom_padding=\u00bb||0px|||\u00bb custom_padding_tablet=\u00bb10px||0px||false|false\u00bb custom_padding_phone=\u00bb10px||0px||false|false\u00bb transform_styles_tablet=\u00bb\u00bb transform_styles_phone=\u00bb\u00bb global_colors_info=\u00bb{}\u00bb][et_pb_column type=\u00bb1_3&#8243; _builder_version=\u00bb4.20.4&#8243; _module_preset=\u00bbdefault\u00bb global_colors_info=\u00bb{}\u00bb][et_pb_blurb title=\u00bbCristobalina Mayorga Mayorga\u00bb image=\u00bbhttps:\/\/ibima.eu\/wp-content\/uploads\/2024\/02\/D04-CoIR-Cristobalina.png\u00bb image_icon_width=\u00bb72%\u00bb _builder_version=\u00bb4.24.2&#8243; _module_preset=\u00bbdefault\u00bb header_font=\u00bbPoppins|700|||||||\u00bb header_text_align=\u00bbcenter\u00bb header_text_color=\u00bb#43a5d3&#8243; header_font_size=\u00bb24px\u00bb body_font=\u00bbMontserrat||||||||\u00bb body_text_align=\u00bbcenter\u00bb body_text_color=\u00bb#FFFFFF\u00bb body_font_size=\u00bb18px\u00bb background_color=\u00bb#2a627d\u00bb image_icon_custom_margin=\u00bb10px||||false|false\u00bb module_alignment=\u00bbcenter\u00bb min_height=\u00bb580px\u00bb custom_margin=\u00bb||27px|||\u00bb custom_padding=\u00bb|30px|0px|30px|false|true\u00bb border_width_right=\u00bb5px\u00bb border_color_right=\u00bb#FFFFFF\u00bb border_radii_image=\u00bbon|100%|100%|100%|100%\u00bb locked=\u00bboff\u00bb global_colors_info=\u00bb{}\u00bb]<\/p>\n<p style=\"text-align: center;\">Coordinadora Laboratorio Biolog\u00eda Celular. Hospital Civil<\/p>\n<p style=\"text-align: center;\">Contacto: 951 29 02 26 |\u00a0<a href=\"mailto:lina.mayorga@ibima.eu\">lina.mayorga@ibima.eu<\/a><\/p>\n<p style=\"text-align: center;\">\n<p>[\/et_pb_blurb][\/et_pb_column][et_pb_column type=\u00bb1_3&#8243; _builder_version=\u00bb4.20.4&#8243; _module_preset=\u00bbdefault\u00bb global_colors_info=\u00bb{}\u00bb][et_pb_blurb title=\u00bbManuel Mac\u00edas Gonz\u00e1lez\u00bb image=\u00bbhttps:\/\/ibima.eu\/wp-content\/uploads\/2024\/02\/A-02-Manuel-Macias.png\u00bb image_icon_width=\u00bb72%\u00bb _builder_version=\u00bb4.27.0&#8243; _module_preset=\u00bbdefault\u00bb header_font=\u00bbPoppins|700|||||||\u00bb header_text_align=\u00bbcenter\u00bb header_text_color=\u00bb#43a5d3&#8243; header_font_size=\u00bb24px\u00bb body_font=\u00bbMontserrat||||||||\u00bb body_text_align=\u00bbcenter\u00bb body_text_color=\u00bb#FFFFFF\u00bb body_font_size=\u00bb18px\u00bb background_color=\u00bb#2a627d\u00bb image_icon_custom_margin=\u00bb10px||||false|false\u00bb module_alignment=\u00bbcenter\u00bb min_height=\u00bb580px\u00bb custom_margin=\u00bb||27px|||\u00bb custom_padding=\u00bb|30px|0px|30px|false|true\u00bb border_width_right=\u00bb5px\u00bb border_color_right=\u00bb#FFFFFF\u00bb border_radii_image=\u00bbon|100%|100%|100%|100%\u00bb locked=\u00bboff\u00bb global_colors_info=\u00bb{}\u00bb]<\/p>\n<p style=\"text-align: center;\">\u00a0Coordinador Laboratorio Biolog\u00eda Celular. Hospital Universitario Virgen de la Victoria<\/p>\n<p style=\"text-align: center;\">Contacto: 951 03 84 07 |\u00a0<a href=\"mailto:manuel.macias@ibima.eu\">manuel.macias@ibima.eu<\/a><\/p>\n<p>[\/et_pb_blurb][\/et_pb_column][et_pb_column type=\u00bb1_3&#8243; _builder_version=\u00bb4.20.4&#8243; _module_preset=\u00bbdefault\u00bb global_colors_info=\u00bb{}\u00bb][et_pb_blurb title=\u00bbFernando Rodr\u00edguez de Fonseca\u00bb image=\u00bbhttps:\/\/ibima.eu\/wp-content\/uploads\/2024\/02\/C-06-Fernando-Rdguez.png\u00bb image_icon_width=\u00bb72%\u00bb _builder_version=\u00bb4.24.2&#8243; _module_preset=\u00bbdefault\u00bb header_font=\u00bbPoppins|700|||||||\u00bb header_text_align=\u00bbcenter\u00bb header_text_color=\u00bb#43a5d3&#8243; header_font_size=\u00bb24px\u00bb body_font=\u00bbMontserrat||||||||\u00bb body_text_align=\u00bbcenter\u00bb body_text_color=\u00bb#FFFFFF\u00bb body_font_size=\u00bb18px\u00bb background_color=\u00bb#2a627d\u00bb image_icon_custom_margin=\u00bb10px||||false|false\u00bb module_alignment=\u00bbcenter\u00bb min_height=\u00bb580px\u00bb custom_margin=\u00bb||27px|||\u00bb custom_padding=\u00bb|30px|0px|30px|false|true\u00bb border_width_right=\u00bb5px\u00bb border_color_right=\u00bb#FFFFFF\u00bb border_radii_image=\u00bbon|100%|100%|100%|100%\u00bb locked=\u00bboff\u00bb global_colors_info=\u00bb{}\u00bb]<\/p>\n<p><span>Coordinador Laboratorio Biolog\u00eda Celular. Hospital Regional Universitario de M\u00e1laga<\/span><\/p>\n<p><span>Contacto: 952 61 40 12 |\u00a0<\/span><a href=\"mailto:fernando.rodriguez@ibima.eu\">fernando.rodriguez@ibima.eu<\/a><\/p>\n<p>[\/et_pb_blurb][\/et_pb_column][\/et_pb_row][\/et_pb_section][et_pb_section fb_built=\u00bb1&#8243; _builder_version=\u00bb4.20.4&#8243; _module_preset=\u00bbdefault\u00bb background_color=\u00bb#f4f4f4&#8243; min_height=\u00bb571.2px\u00bb custom_margin=\u00bb||||false|false\u00bb custom_padding=\u00bb5px||||false|false\u00bb global_colors_info=\u00bb{}\u00bb][et_pb_row column_structure=\u00bb1_3,1_3,1_3&#8243; make_equal=\u00bbon\u00bb custom_padding_last_edited=\u00bbon|tablet\u00bb _builder_version=\u00bb4.20.4&#8243; _module_preset=\u00bbdefault\u00bb transform_scale_tablet=\u00bb102%|102%\u00bb transform_scale_phone=\u00bb102%|102%\u00bb transform_scale_last_edited=\u00bbon|tablet\u00bb transform_translate_tablet=\u00bb\u00bb transform_translate_phone=\u00bb\u00bb transform_translate_last_edited=\u00bbon|tablet\u00bb transform_rotate_tablet=\u00bb\u00bb transform_rotate_phone=\u00bb\u00bb transform_rotate_last_edited=\u00bbon|tablet\u00bb transform_skew_tablet=\u00bb\u00bb transform_skew_phone=\u00bb\u00bb transform_skew_last_edited=\u00bbon|tablet\u00bb transform_origin_tablet=\u00bb\u00bb transform_origin_phone=\u00bb\u00bb transform_origin_last_edited=\u00bbon|tablet\u00bb transform_styles_last_edited=\u00bbon|tablet\u00bb width=\u00bb100%\u00bb min_height=\u00bb557.2px\u00bb custom_margin=\u00bb0px||||false|false\u00bb custom_padding_tablet=\u00bb10px||0px||false|false\u00bb custom_padding_phone=\u00bb10px||0px||false|false\u00bb transform_styles_tablet=\u00bb\u00bb transform_styles_phone=\u00bb\u00bb global_colors_info=\u00bb{}\u00bb][et_pb_column type=\u00bb1_3&#8243; _builder_version=\u00bb4.20.4&#8243; _module_preset=\u00bbdefault\u00bb global_colors_info=\u00bb{}\u00bb][et_pb_blurb title=\u00bbPablo Jim\u00e9nez Jurado\u00bb image=\u00bbhttps:\/\/ibima.eu\/wp-content\/uploads\/2024\/07\/PabloJJurado.jpg\u00bb image_icon_width=\u00bb72%\u00bb _builder_version=\u00bb4.25.1&#8243; _module_preset=\u00bbdefault\u00bb header_font=\u00bbPoppins|700|||||||\u00bb header_text_align=\u00bbcenter\u00bb header_text_color=\u00bb#43a5d3&#8243; header_font_size=\u00bb24px\u00bb body_font=\u00bbMontserrat||||||||\u00bb body_text_align=\u00bbcenter\u00bb body_text_color=\u00bb#FFFFFF\u00bb body_font_size=\u00bb18px\u00bb background_color=\u00bb#2a627d\u00bb image_icon_custom_margin=\u00bb10px||||false|false\u00bb module_alignment=\u00bbcenter\u00bb min_height=\u00bb580px\u00bb custom_margin=\u00bb||27px|||\u00bb custom_padding=\u00bb|30px|0px|30px|false|true\u00bb border_width_right=\u00bb5px\u00bb border_color_right=\u00bb#FFFFFF\u00bb border_radii_image=\u00bbon|100%|100%|100%|100%\u00bb locked=\u00bboff\u00bb global_colors_info=\u00bb{}\u00bb]<\/p>\n<p style=\"text-align: center;\">T\u00e9cnico del Laboratorio Hospital Civil<\/p>\n<p style=\"text-align: center;\">Contacto: 951 29 03 46 |\u00a0<a href=\"mailto:pablo.jimenez@ibima.eu\">pablo.jimenez@ibima.eu<\/a><\/p>\n<p>[\/et_pb_blurb][\/et_pb_column][et_pb_column type=\u00bb1_3&#8243; _builder_version=\u00bb4.20.4&#8243; _module_preset=\u00bbdefault\u00bb global_colors_info=\u00bb{}\u00bb][et_pb_blurb title=\u00bbCristina Fern\u00e1ndez de Sousa\u00bb image=\u00bbhttps:\/\/ibima.eu\/wp-content\/uploads\/2024\/07\/CristinaSousa2.jpeg\u00bb image_icon_width=\u00bb72%\u00bb _builder_version=\u00bb4.25.1&#8243; _module_preset=\u00bbdefault\u00bb header_font=\u00bbPoppins|700|||||||\u00bb header_text_align=\u00bbcenter\u00bb header_text_color=\u00bb#43a5d3&#8243; header_font_size=\u00bb24px\u00bb body_font=\u00bbMontserrat||||||||\u00bb body_text_align=\u00bbcenter\u00bb body_text_color=\u00bb#FFFFFF\u00bb body_font_size=\u00bb18px\u00bb background_color=\u00bb#2a627d\u00bb image_icon_custom_margin=\u00bb10px||||false|false\u00bb module_alignment=\u00bbcenter\u00bb min_height=\u00bb580px\u00bb custom_margin=\u00bb||27px|||\u00bb custom_padding=\u00bb|30px|0px|30px|false|true\u00bb border_width_right=\u00bb5px\u00bb border_color_right=\u00bb#FFFFFF\u00bb border_radii_image=\u00bbon|100%|100%|100%|100%\u00bb locked=\u00bboff\u00bb global_colors_info=\u00bb{}\u00bb]<\/p>\n<p style=\"text-align: center;\">\u00a0T\u00e9cnico del Laboratorio Hospital Universitario Virgen de la Victoria<\/p>\n<p style=\"text-align: center;\">Contacto: 636 36 15 87 | <a href=\"mailto:cristina.fernandez@ibima.eu\">cristina.fernandez@ibima.eu<\/a><\/p>\n<p>[\/et_pb_blurb][\/et_pb_column][et_pb_column type=\u00bb1_3&#8243; _builder_version=\u00bb4.20.4&#8243; _module_preset=\u00bbdefault\u00bb global_colors_info=\u00bb{}\u00bb][et_pb_blurb title=\u00bbJuan Su\u00e1rez P\u00e9rez\u00bb image=\u00bbhttps:\/\/ibima.eu\/wp-content\/uploads\/2024\/02\/C-06-Juan-Suarez.png\u00bb image_icon_width=\u00bb72%\u00bb _builder_version=\u00bb4.27.0&#8243; _module_preset=\u00bbdefault\u00bb header_font=\u00bbPoppins|700|||||||\u00bb header_text_align=\u00bbcenter\u00bb header_text_color=\u00bb#43a5d3&#8243; header_font_size=\u00bb24px\u00bb body_font=\u00bbMontserrat||||||||\u00bb body_text_align=\u00bbcenter\u00bb body_text_color=\u00bb#FFFFFF\u00bb body_font_size=\u00bb18px\u00bb background_color=\u00bb#2a627d\u00bb image_icon_custom_margin=\u00bb10px||||false|false\u00bb module_alignment=\u00bbcenter\u00bb min_height=\u00bb580px\u00bb custom_margin=\u00bb||27px|||\u00bb custom_padding=\u00bb|30px|0px|30px|false|true\u00bb hover_enabled=\u00bb0&#8243; border_width_right=\u00bb5px\u00bb border_color_right=\u00bb#FFFFFF\u00bb border_radii_image=\u00bbon|100%|100%|100%|100%\u00bb locked=\u00bboff\u00bb global_colors_info=\u00bb{}\u00bb sticky_enabled=\u00bb0&#8243;]<\/p>\n<p><span>Coordinador Adjunto del Laboratorio del Hospital Regional Universitario de M\u00e1laga<\/span><\/p>\n<p><span>Contacto: 659 64 19 27 | <\/span><a href=\"mailto:juan.suarez@ibima.eu\">juan.suarez@ibima.eu<\/a><\/p>\n<p>[\/et_pb_blurb][\/et_pb_column][\/et_pb_row][\/et_pb_section]<\/p>\n","protected":false},"excerpt":{"rendered":"<p>Laboratorio de Biolog\u00eda CelularEl Laboratorio General de Biolog\u00eda Celular se encuentra ubicada en el Hospital Regional Universitario de M\u00e1laga, en el Hospital Civil y en el Hospital Universitario Virgen de la Victoria. Ofrecen unas completas instalaciones de uso com\u00fan para los diferentes grupos y posibles usuarios externos. A las instalaciones tienen acceso todos los investigadores [&hellip;]<\/p>\n","protected":false},"author":1,"featured_media":0,"parent":0,"menu_order":0,"comment_status":"closed","ping_status":"closed","template":"","meta":{"_acf_changed":false,"_et_pb_use_builder":"on","_et_pb_old_content":"","_et_gb_content_width":"1920","footnotes":""},"class_list":["post-34545","page","type-page","status-publish","hentry"],"acf":[],"yoast_head":"<!-- This site is optimized with the Yoast SEO plugin v27.4 - https:\/\/yoast.com\/product\/yoast-seo-wordpress\/ -->\n<title>Laboratorio Biolog\u00eda Celular - Ibima<\/title>\n<meta name=\"robots\" content=\"index, follow, max-snippet:-1, max-image-preview:large, max-video-preview:-1\" \/>\n<link rel=\"canonical\" href=\"https:\/\/ibima.eu\/en\/laboratorio-biologia-celular\/\" \/>\n<meta property=\"og:locale\" content=\"en_GB\" \/>\n<meta property=\"og:type\" content=\"article\" \/>\n<meta property=\"og:title\" content=\"Laboratorio Biolog\u00eda Celular - Ibima\" \/>\n<meta property=\"og:description\" content=\"Laboratorio de Biolog\u00eda CelularEl Laboratorio General de Biolog\u00eda Celular se encuentra ubicada en el Hospital Regional Universitario de M\u00e1laga, en el Hospital Civil y en el Hospital Universitario Virgen de la Victoria. Ofrecen unas completas instalaciones de uso com\u00fan para los diferentes grupos y posibles usuarios externos. A las instalaciones tienen acceso todos los investigadores [&hellip;]\" \/>\n<meta property=\"og:url\" content=\"https:\/\/ibima.eu\/en\/laboratorio-biologia-celular\/\" \/>\n<meta property=\"og:site_name\" content=\"Ibima\" \/>\n<meta property=\"article:modified_time\" content=\"2024-08-02T10:18:05+00:00\" \/>\n<meta name=\"twitter:card\" content=\"summary_large_image\" \/>\n<meta name=\"twitter:label1\" content=\"Estimated reading time\" \/>\n\t<meta name=\"twitter:data1\" content=\"9 minutes\" \/>\n<script type=\"application\/ld+json\" class=\"yoast-schema-graph\">{\"@context\":\"https:\\\/\\\/schema.org\",\"@graph\":[{\"@type\":\"WebPage\",\"@id\":\"https:\\\/\\\/ibima.eu\\\/es\\\/laboratorio-biologia-celular\\\/\",\"url\":\"https:\\\/\\\/ibima.eu\\\/es\\\/laboratorio-biologia-celular\\\/\",\"name\":\"Laboratorio Biolog\u00eda Celular - Ibima\",\"isPartOf\":{\"@id\":\"https:\\\/\\\/ibima.eu\\\/es\\\/#website\"},\"datePublished\":\"2024-03-08T12:35:35+00:00\",\"dateModified\":\"2024-08-02T10:18:05+00:00\",\"breadcrumb\":{\"@id\":\"https:\\\/\\\/ibima.eu\\\/es\\\/laboratorio-biologia-celular\\\/#breadcrumb\"},\"inLanguage\":\"en-GB\",\"potentialAction\":[{\"@type\":\"ReadAction\",\"target\":[\"https:\\\/\\\/ibima.eu\\\/es\\\/laboratorio-biologia-celular\\\/\"]}]},{\"@type\":\"BreadcrumbList\",\"@id\":\"https:\\\/\\\/ibima.eu\\\/es\\\/laboratorio-biologia-celular\\\/#breadcrumb\",\"itemListElement\":[{\"@type\":\"ListItem\",\"position\":1,\"name\":\"Portada\",\"item\":\"https:\\\/\\\/ibima.eu\\\/es\\\/\"},{\"@type\":\"ListItem\",\"position\":2,\"name\":\"Laboratorio Biolog\u00eda Celular\"}]},{\"@type\":\"WebSite\",\"@id\":\"https:\\\/\\\/ibima.eu\\\/es\\\/#website\",\"url\":\"https:\\\/\\\/ibima.eu\\\/es\\\/\",\"name\":\"Ibima\",\"description\":\"\",\"potentialAction\":[{\"@type\":\"SearchAction\",\"target\":{\"@type\":\"EntryPoint\",\"urlTemplate\":\"https:\\\/\\\/ibima.eu\\\/es\\\/?s={search_term_string}\"},\"query-input\":{\"@type\":\"PropertyValueSpecification\",\"valueRequired\":true,\"valueName\":\"search_term_string\"}}],\"inLanguage\":\"en-GB\"}]}<\/script>\n<!-- \/ Yoast SEO plugin. -->","yoast_head_json":{"title":"Laboratorio Biolog\u00eda Celular - Ibima","robots":{"index":"index","follow":"follow","max-snippet":"max-snippet:-1","max-image-preview":"max-image-preview:large","max-video-preview":"max-video-preview:-1"},"canonical":"https:\/\/ibima.eu\/en\/laboratorio-biologia-celular\/","og_locale":"en_GB","og_type":"article","og_title":"Laboratorio Biolog\u00eda Celular - Ibima","og_description":"Laboratorio de Biolog\u00eda CelularEl Laboratorio General de Biolog\u00eda Celular se encuentra ubicada en el Hospital Regional Universitario de M\u00e1laga, en el Hospital Civil y en el Hospital Universitario Virgen de la Victoria. Ofrecen unas completas instalaciones de uso com\u00fan para los diferentes grupos y posibles usuarios externos. A las instalaciones tienen acceso todos los investigadores [&hellip;]","og_url":"https:\/\/ibima.eu\/en\/laboratorio-biologia-celular\/","og_site_name":"Ibima","article_modified_time":"2024-08-02T10:18:05+00:00","twitter_card":"summary_large_image","twitter_misc":{"Estimated reading time":"9 minutes"},"schema":{"@context":"https:\/\/schema.org","@graph":[{"@type":"WebPage","@id":"https:\/\/ibima.eu\/es\/laboratorio-biologia-celular\/","url":"https:\/\/ibima.eu\/es\/laboratorio-biologia-celular\/","name":"Laboratorio Biolog\u00eda Celular - Ibima","isPartOf":{"@id":"https:\/\/ibima.eu\/es\/#website"},"datePublished":"2024-03-08T12:35:35+00:00","dateModified":"2024-08-02T10:18:05+00:00","breadcrumb":{"@id":"https:\/\/ibima.eu\/es\/laboratorio-biologia-celular\/#breadcrumb"},"inLanguage":"en-GB","potentialAction":[{"@type":"ReadAction","target":["https:\/\/ibima.eu\/es\/laboratorio-biologia-celular\/"]}]},{"@type":"BreadcrumbList","@id":"https:\/\/ibima.eu\/es\/laboratorio-biologia-celular\/#breadcrumb","itemListElement":[{"@type":"ListItem","position":1,"name":"Portada","item":"https:\/\/ibima.eu\/es\/"},{"@type":"ListItem","position":2,"name":"Laboratorio Biolog\u00eda Celular"}]},{"@type":"WebSite","@id":"https:\/\/ibima.eu\/es\/#website","url":"https:\/\/ibima.eu\/es\/","name":"Ibima","description":"","potentialAction":[{"@type":"SearchAction","target":{"@type":"EntryPoint","urlTemplate":"https:\/\/ibima.eu\/es\/?s={search_term_string}"},"query-input":{"@type":"PropertyValueSpecification","valueRequired":true,"valueName":"search_term_string"}}],"inLanguage":"en-GB"}]}},"_links":{"self":[{"href":"https:\/\/ibima.eu\/en\/wp-json\/wp\/v2\/pages\/34545","targetHints":{"allow":["GET"]}}],"collection":[{"href":"https:\/\/ibima.eu\/en\/wp-json\/wp\/v2\/pages"}],"about":[{"href":"https:\/\/ibima.eu\/en\/wp-json\/wp\/v2\/types\/page"}],"author":[{"embeddable":true,"href":"https:\/\/ibima.eu\/en\/wp-json\/wp\/v2\/users\/1"}],"replies":[{"embeddable":true,"href":"https:\/\/ibima.eu\/en\/wp-json\/wp\/v2\/comments?post=34545"}],"version-history":[{"count":9,"href":"https:\/\/ibima.eu\/en\/wp-json\/wp\/v2\/pages\/34545\/revisions"}],"predecessor-version":[{"id":48188,"href":"https:\/\/ibima.eu\/en\/wp-json\/wp\/v2\/pages\/34545\/revisions\/48188"}],"wp:attachment":[{"href":"https:\/\/ibima.eu\/en\/wp-json\/wp\/v2\/media?parent=34545"}],"curies":[{"name":"wp","href":"https:\/\/api.w.org\/{rel}","templated":true}]}}