{"id":348,"date":"2023-04-27T06:57:45","date_gmt":"2023-04-27T06:57:45","guid":{"rendered":"https:\/\/prueba.ibima.eu\/?page_id=348"},"modified":"2025-10-01T07:42:23","modified_gmt":"2025-10-01T07:42:23","slug":"hospital-regional-universitario-de-malaga","status":"publish","type":"page","link":"https:\/\/ibima.eu\/en\/hospital-regional-universitario-de-malaga\/","title":{"rendered":"University Regional Hospital of M\u00e1laga"},"content":{"rendered":"\n[et_pb_section fb_built=\u00bb1&#8243; _builder_version=\u00bb4.20.4&#8243; _module_preset=\u00bbdefault\u00bb background_image=\u00bbhttps:\/\/ibima.eu\/wp-content\/uploads\/2023\/04\/FotoWeb-min-1000&#215;500-1.jpg\u00bb global_colors_info=\u00bb{}\u00bb][et_pb_row _builder_version=\u00bb4.20.4&#8243; _module_preset=\u00bbdefault\u00bb custom_padding=\u00bb250px||30px||false|false\u00bb global_colors_info=\u00bb{}\u00bb][et_pb_column type=\u00bb4_4&#8243; _builder_version=\u00bb4.20.4&#8243; _module_preset=\u00bbdefault\u00bb global_colors_info=\u00bb{}\u00bb][et_pb_text _builder_version=\u00bb4.20.4&#8243; _module_preset=\u00bbdefault\u00bb header_2_font=\u00bbPoppins|700|||||||\u00bb header_2_text_color=\u00bb#FFFFFF\u00bb header_2_font_size=\u00bb46px\u00bb global_colors_info=\u00bb{}\u00bb]<h2>Hospital Regional Universitario de M\u00e1laga<\/h2>[\/et_pb_text][\/et_pb_column][\/et_pb_row][\/et_pb_section][et_pb_section fb_built=\u00bb1&#8243; _builder_version=\u00bb4.20.4&#8243; _module_preset=\u00bbdefault\u00bb background_color=\u00bb#235b78&#8243; custom_margin=\u00bb5px||||false|false\u00bb global_colors_info=\u00bb{}\u00bb][et_pb_row _builder_version=\u00bb4.20.4&#8243; _module_preset=\u00bbdefault\u00bb custom_padding=\u00bb50px||50px||true|false\u00bb global_colors_info=\u00bb{}\u00bb][et_pb_column type=\u00bb4_4&#8243; _builder_version=\u00bb4.20.4&#8243; _module_preset=\u00bbdefault\u00bb global_colors_info=\u00bb{}\u00bb][et_pb_text _builder_version=\u00bb4.20.4&#8243; _module_preset=\u00bbdefault\u00bb header_4_font=\u00bbPoppins|700|||||||\u00bb header_4_text_color=\u00bb#FFFFFF\u00bb header_4_font_size=\u00bb27px\u00bb header_5_font=\u00bbPoppins||||||||\u00bb header_5_text_color=\u00bb#FFFFFF\u00bb global_colors_info=\u00bb{}\u00bb]<h4>Informaci\u00f3n<\/h4>[\/et_pb_text][\/et_pb_column][\/et_pb_row][\/et_pb_section][et_pb_section fb_built=\u00bb1&#8243; _builder_version=\u00bb4.20.4&#8243; _module_preset=\u00bbdefault\u00bb global_colors_info=\u00bb{}\u00bb][et_pb_row _builder_version=\u00bb4.20.4&#8243; _module_preset=\u00bbdefault\u00bb custom_margin=\u00bb80px||80px||true|false\u00bb global_colors_info=\u00bb{}\u00bb][et_pb_column type=\u00bb4_4&#8243; _builder_version=\u00bb4.20.4&#8243; _module_preset=\u00bbdefault\u00bb global_colors_info=\u00bb{}\u00bb][et_pb_text _builder_version=\u00bb4.20.4&#8243; _module_preset=\u00bbdefault\u00bb text_font=\u00bbMontserrat||||||||\u00bb text_orientation=\u00bbcenter\u00bb global_colors_info=\u00bb{}\u00bb]<p>El Laboratorio de Medicina Regenerativa (LMR), ubicado en el s\u00f3tano del Pabell\u00f3n de Gobierno del Hospital Regional Universitario de M\u00e1laga, se divide en las siguientes \u00c1reas:<\/p>[\/et_pb_text][\/et_pb_column][\/et_pb_row][\/et_pb_section][et_pb_section fb_built=\u00bb1&#8243; _builder_version=\u00bb4.20.4&#8243; _module_preset=\u00bbdefault\u00bb global_colors_info=\u00bb{}\u00bb][et_pb_row column_structure=\u00bb1_4,1_4,1_4,1_4&#8243; use_custom_gutter=\u00bbon\u00bb make_equal=\u00bbon\u00bb _builder_version=\u00bb4.20.4&#8243; _module_preset=\u00bbdefault\u00bb width=\u00bb100%\u00bb custom_margin=\u00bb5px||||false|false\u00bb global_colors_info=\u00bb{}\u00bb][et_pb_column type=\u00bb1_4&#8243; _builder_version=\u00bb4.20.4&#8243; _module_preset=\u00bbdefault\u00bb background_color=\u00bb#43a5d3&#8243; custom_padding=\u00bb80px||80px||false|false\u00bb border_width_right=\u00bb5px\u00bb border_color_right=\u00bb#FFFFFF\u00bb global_colors_info=\u00bb{}\u00bb][et_pb_text _builder_version=\u00bb4.20.4&#8243; _module_preset=\u00bbdefault\u00bb header_4_font=\u00bbMontserrat||||||||\u00bb header_4_text_align=\u00bbcenter\u00bb header_4_text_color=\u00bb#235b78&#8243; header_4_font_size=\u00bb20px\u00bb custom_margin=\u00bb20px||||false|false\u00bb global_colors_info=\u00bb{}\u00bb]<h4><span>Biolog\u00eda Molecular<\/span><\/h4>[\/et_pb_text][\/et_pb_column][et_pb_column type=\u00bb1_4&#8243; _builder_version=\u00bb4.20.4&#8243; _module_preset=\u00bbdefault\u00bb background_color=\u00bb#235b78&#8243; custom_padding=\u00bb80px||80px||false|false\u00bb border_width_right=\u00bb5px\u00bb border_color_right=\u00bb#FFFFFF\u00bb global_colors_info=\u00bb{}\u00bb][et_pb_text _builder_version=\u00bb4.20.4&#8243; _module_preset=\u00bbdefault\u00bb header_4_font=\u00bbMontserrat||||||||\u00bb header_4_text_align=\u00bbcenter\u00bb header_4_text_color=\u00bb#43a5d3&#8243; header_4_font_size=\u00bb20px\u00bb custom_margin=\u00bb20px||||false|false\u00bb global_colors_info=\u00bb{}\u00bb]<h4><span>Inmunohistoqu\u00edmica<\/span><\/h4>[\/et_pb_text][\/et_pb_column][et_pb_column type=\u00bb1_4&#8243; _builder_version=\u00bb4.20.4&#8243; _module_preset=\u00bbdefault\u00bb background_color=\u00bb#43a5d3&#8243; custom_padding=\u00bb80px||80px||false|false\u00bb border_width_right=\u00bb5px\u00bb border_color_right=\u00bb#FFFFFF\u00bb global_colors_info=\u00bb{}\u00bb][et_pb_text _builder_version=\u00bb4.20.4&#8243; _module_preset=\u00bbdefault\u00bb header_4_font=\u00bbMontserrat||||||||\u00bb header_4_text_align=\u00bbcenter\u00bb header_4_text_color=\u00bb#235b78&#8243; header_4_font_size=\u00bb20px\u00bb custom_margin=\u00bb20px||||false|false\u00bb global_colors_info=\u00bb{}\u00bb]<h4><span>Microscop\u00eda<\/span><\/h4>[\/et_pb_text][\/et_pb_column][et_pb_column type=\u00bb1_4&#8243; _builder_version=\u00bb4.20.4&#8243; _module_preset=\u00bbdefault\u00bb background_color=\u00bb#235b78&#8243; custom_padding=\u00bb80px||80px||false|false\u00bb global_colors_info=\u00bb{}\u00bb][et_pb_text _builder_version=\u00bb4.20.4&#8243; _module_preset=\u00bbdefault\u00bb header_4_font=\u00bbMontserrat||||||||\u00bb header_4_text_align=\u00bbcenter\u00bb header_4_text_color=\u00bb#43a5d3&#8243; header_4_font_size=\u00bb20px\u00bb custom_margin=\u00bb20px||||false|false\u00bb global_colors_info=\u00bb{}\u00bb]<h4><span>Cultivo Celular<\/span><\/h4>[\/et_pb_text][\/et_pb_column][\/et_pb_row][\/et_pb_section][et_pb_section fb_built=\u00bb1&#8243; _builder_version=\u00bb4.20.4&#8243; _module_preset=\u00bbdefault\u00bb custom_margin=\u00bb5px||||false|false\u00bb global_colors_info=\u00bb{}\u00bb][et_pb_row _builder_version=\u00bb4.20.4&#8243; _module_preset=\u00bbdefault\u00bb width=\u00bb100%\u00bb global_colors_info=\u00bb{}\u00bb][et_pb_column type=\u00bb4_4&#8243; _builder_version=\u00bb4.20.4&#8243; _module_preset=\u00bbdefault\u00bb global_colors_info=\u00bb{}\u00bb][et_pb_code _builder_version=\u00bb4.20.4&#8243; _module_preset=\u00bbdefault\u00bb global_colors_info=\u00bb{}\u00bb]<iframe src=\"https:\/\/www.google.com\/maps\/embed?pb=!1m14!1m8!1m3!1d12791.898008933105!2d-4.4498416!3d36.7231736!3m2!1i1024!2i768!4f13.1!3m3!1m2!1s0xd72f7128220d4cf%3A0x1313e47299989ce4!2sHospital%20Regional%20Universitario%20de%20M%C3%A1laga!5e0!3m2!1ses!2ses!4v1682580252549!5m2!1ses!2ses\" width=\"2000\" height=\"500\" style=\"border:0;\" allowfullscreen=\"\" loading=\"lazy\" referrerpolicy=\"no-referrer-when-downgrade\"><\/iframe>[\/et_pb_code][\/et_pb_column][\/et_pb_row][\/et_pb_section][et_pb_section fb_built=\u00bb1&#8243; theme_builder_area=\u00bbpost_content\u00bb _builder_version=\u00bb4.20.4&#8243; _module_preset=\u00bbdefault\u00bb custom_margin=\u00bb5px||||false|false\u00bb background_color=\u00bb#235b78&#8243; hover_enabled=\u00bb0&#8243; sticky_enabled=\u00bb0&#8243;][et_pb_row _builder_version=\u00bb4.20.4&#8243; _module_preset=\u00bbdefault\u00bb column_structure=\u00bb1_2,1_2&#8243; theme_builder_area=\u00bbpost_content\u00bb custom_padding=\u00bb80px||80px||true|false\u00bb hover_enabled=\u00bb0&#8243; sticky_enabled=\u00bb0&#8243;][et_pb_column _builder_version=\u00bb4.20.4&#8243; _module_preset=\u00bbdefault\u00bb type=\u00bb1_2&#8243; theme_builder_area=\u00bbpost_content\u00bb border_color_right=\u00bb#FFFFFF\u00bb border_width_right=\u00bb1px\u00bb hover_enabled=\u00bb0&#8243; sticky_enabled=\u00bb0&#8243;][et_pb_blurb title=\u00bbRODR\u00cdGUEZ DE FONSECA, FERNANDO\u00bb image=\u00bbhttps:\/\/ibima.eu\/wp-content\/uploads\/2023\/04\/03Neuropsifonseca.jpg\u00bb image_icon_width=\u00bb31%\u00bb _builder_version=\u00bb4.20.4&#8243; _module_preset=\u00bbdefault\u00bb header_font=\u00bbPoppins|700|||||||\u00bb header_text_align=\u00bbcenter\u00bb header_text_color=\u00bb#43a5d3&#8243; header_font_size=\u00bb20px\u00bb body_font=\u00bbMontserrat||||||||\u00bb body_text_align=\u00bbcenter\u00bb body_text_color=\u00bb#FFFFFF\u00bb hover_enabled=\u00bb0&#8243; border_radii_image=\u00bbon|200px|200px|200px|200px\u00bb global_colors_info=\u00bb{}\u00bb theme_builder_area=\u00bbpost_content\u00bb title_text=\u00bb03Neuropsifonseca\u00bb sticky_enabled=\u00bb0&#8243;]<p>Co-coordinador ECAI Biolog\u00eda Celular (Citometr\u00eda y Cultivos)<br \/>ECAI Cell Biology Co-Coordinator. Cytometry and Cultures<br \/><strong>Tel\u00e9fono:<\/strong> 952 61 40 12<br \/><strong>Email:<\/strong> fernando.rodriguez@ibima.eu<\/p>[\/et_pb_blurb][\/et_pb_column][et_pb_column _builder_version=\u00bb4.20.4&#8243; _module_preset=\u00bbdefault\u00bb type=\u00bb1_2&#8243; theme_builder_area=\u00bbpost_content\u00bb][et_pb_blurb title=\u00bbSU\u00c1REZ P\u00c9REZ, JUAN\u00bb image=\u00bbhttps:\/\/ibima.eu\/wp-content\/uploads\/2023\/04\/03Neuropsijuansuarez.jpg\u00bb image_icon_width=\u00bb31%\u00bb _builder_version=\u00bb4.20.4&#8243; _module_preset=\u00bbdefault\u00bb header_font=\u00bbPoppins|700|||||||\u00bb header_text_align=\u00bbcenter\u00bb header_text_color=\u00bb#43a5d3&#8243; header_font_size=\u00bb20px\u00bb body_font=\u00bbMontserrat||||||||\u00bb body_text_align=\u00bbcenter\u00bb body_text_color=\u00bb#FFFFFF\u00bb hover_enabled=\u00bb0&#8243; border_radii_image=\u00bbon|200px|200px|200px|200px\u00bb global_colors_info=\u00bb{}\u00bb theme_builder_area=\u00bbpost_content\u00bb title_text=\u00bbbty\u00bb sticky_enabled=\u00bb0&#8243;]<p>Responsable Laboratorio del Hospital Regional Universitario de M\u00e1laga.<br \/>Regional University Hospital of M\u00e1laga Laboratory Manager.<br \/><strong>Tel\u00e9fono:<\/strong> 952 61 40 12<br \/><strong>Email:<\/strong> juan.suarez@ibima.eu<\/p>[\/et_pb_blurb][\/et_pb_column][\/et_pb_row][\/et_pb_section]\n","protected":false},"excerpt":{"rendered":"<p>Hospital Regional Universitario de M\u00e1lagaInformaci\u00f3nEl Laboratorio de Medicina Regenerativa (LMR), ubicado en el s\u00f3tano del Pabell\u00f3n de Gobierno del Hospital Regional Universitario de M\u00e1laga, se divide en las siguientes \u00c1reas:Biolog\u00eda MolecularInmunohistoqu\u00edmicaMicroscop\u00edaCultivo CelularCo-coordinador ECAI Biolog\u00eda Celular (Citometr\u00eda y Cultivos)ECAI Cell Biology Co-Coordinator. Cytometry and CulturesTel\u00e9fono: 952 61 40 12Email: fernando.rodriguez@ibima.euResponsable Laboratorio del Hospital Regional Universitario de [&hellip;]<\/p>\n","protected":false},"author":1,"featured_media":0,"parent":0,"menu_order":0,"comment_status":"closed","ping_status":"closed","template":"","meta":{"_acf_changed":false,"_et_pb_use_builder":"on","_et_pb_old_content":"","_et_gb_content_width":"","footnotes":""},"class_list":["post-348","page","type-page","status-publish","hentry"],"acf":[],"yoast_head":"<!-- This site is optimized with the Yoast SEO plugin v27.3 - https:\/\/yoast.com\/product\/yoast-seo-wordpress\/ -->\n<title>Hospital Regional Universitario de M\u00e1laga - Ibima<\/title>\n<meta name=\"robots\" content=\"index, follow, max-snippet:-1, max-image-preview:large, max-video-preview:-1\" \/>\n<link rel=\"canonical\" href=\"https:\/\/ibima.eu\/en\/hospital-regional-universitario-de-malaga\/\" \/>\n<meta property=\"og:locale\" content=\"en_GB\" \/>\n<meta property=\"og:type\" content=\"article\" \/>\n<meta property=\"og:title\" content=\"Hospital Regional Universitario de M\u00e1laga - Ibima\" \/>\n<meta property=\"og:description\" content=\"Hospital Regional Universitario de M\u00e1lagaInformaci\u00f3nEl Laboratorio de Medicina Regenerativa (LMR), ubicado en el s\u00f3tano del Pabell\u00f3n de Gobierno del Hospital Regional Universitario de M\u00e1laga, se divide en las siguientes \u00c1reas:Biolog\u00eda MolecularInmunohistoqu\u00edmicaMicroscop\u00edaCultivo CelularCo-coordinador ECAI Biolog\u00eda Celular (Citometr\u00eda y Cultivos)ECAI Cell Biology Co-Coordinator. Cytometry and CulturesTel\u00e9fono: 952 61 40 12Email: fernando.rodriguez@ibima.euResponsable Laboratorio del Hospital Regional Universitario de [&hellip;]\" \/>\n<meta property=\"og:url\" content=\"https:\/\/ibima.eu\/en\/hospital-regional-universitario-de-malaga\/\" \/>\n<meta property=\"og:site_name\" content=\"Ibima\" \/>\n<meta property=\"article:modified_time\" content=\"2025-10-01T07:42:23+00:00\" \/>\n<meta name=\"twitter:card\" content=\"summary_large_image\" \/>\n<meta name=\"twitter:label1\" content=\"Estimated reading time\" \/>\n\t<meta name=\"twitter:data1\" content=\"1 minute\" \/>\n<script type=\"application\/ld+json\" class=\"yoast-schema-graph\">{\"@context\":\"https:\\\/\\\/schema.org\",\"@graph\":[{\"@type\":\"WebPage\",\"@id\":\"https:\\\/\\\/ibima.eu\\\/hospital-regional-universitario-de-malaga\\\/\",\"url\":\"https:\\\/\\\/ibima.eu\\\/hospital-regional-universitario-de-malaga\\\/\",\"name\":\"Hospital Regional Universitario de M\u00e1laga - Ibima\",\"isPartOf\":{\"@id\":\"https:\\\/\\\/ibima.eu\\\/es\\\/#website\"},\"datePublished\":\"2023-04-27T06:57:45+00:00\",\"dateModified\":\"2025-10-01T07:42:23+00:00\",\"breadcrumb\":{\"@id\":\"https:\\\/\\\/ibima.eu\\\/hospital-regional-universitario-de-malaga\\\/#breadcrumb\"},\"inLanguage\":\"en-GB\",\"potentialAction\":[{\"@type\":\"ReadAction\",\"target\":[\"https:\\\/\\\/ibima.eu\\\/hospital-regional-universitario-de-malaga\\\/\"]}]},{\"@type\":\"BreadcrumbList\",\"@id\":\"https:\\\/\\\/ibima.eu\\\/hospital-regional-universitario-de-malaga\\\/#breadcrumb\",\"itemListElement\":[{\"@type\":\"ListItem\",\"position\":1,\"name\":\"Portada\",\"item\":\"https:\\\/\\\/ibima.eu\\\/es\\\/\"},{\"@type\":\"ListItem\",\"position\":2,\"name\":\"Hospital Regional Universitario de M\u00e1laga\"}]},{\"@type\":\"WebSite\",\"@id\":\"https:\\\/\\\/ibima.eu\\\/es\\\/#website\",\"url\":\"https:\\\/\\\/ibima.eu\\\/es\\\/\",\"name\":\"Ibima\",\"description\":\"\",\"potentialAction\":[{\"@type\":\"SearchAction\",\"target\":{\"@type\":\"EntryPoint\",\"urlTemplate\":\"https:\\\/\\\/ibima.eu\\\/es\\\/?s={search_term_string}\"},\"query-input\":{\"@type\":\"PropertyValueSpecification\",\"valueRequired\":true,\"valueName\":\"search_term_string\"}}],\"inLanguage\":\"en-GB\"}]}<\/script>\n<!-- \/ Yoast SEO plugin. -->","yoast_head_json":{"title":"Hospital Regional Universitario de M\u00e1laga - Ibima","robots":{"index":"index","follow":"follow","max-snippet":"max-snippet:-1","max-image-preview":"max-image-preview:large","max-video-preview":"max-video-preview:-1"},"canonical":"https:\/\/ibima.eu\/en\/hospital-regional-universitario-de-malaga\/","og_locale":"en_GB","og_type":"article","og_title":"Hospital Regional Universitario de M\u00e1laga - Ibima","og_description":"Hospital Regional Universitario de M\u00e1lagaInformaci\u00f3nEl Laboratorio de Medicina Regenerativa (LMR), ubicado en el s\u00f3tano del Pabell\u00f3n de Gobierno del Hospital Regional Universitario de M\u00e1laga, se divide en las siguientes \u00c1reas:Biolog\u00eda MolecularInmunohistoqu\u00edmicaMicroscop\u00edaCultivo CelularCo-coordinador ECAI Biolog\u00eda Celular (Citometr\u00eda y Cultivos)ECAI Cell Biology Co-Coordinator. Cytometry and CulturesTel\u00e9fono: 952 61 40 12Email: fernando.rodriguez@ibima.euResponsable Laboratorio del Hospital Regional Universitario de [&hellip;]","og_url":"https:\/\/ibima.eu\/en\/hospital-regional-universitario-de-malaga\/","og_site_name":"Ibima","article_modified_time":"2025-10-01T07:42:23+00:00","twitter_card":"summary_large_image","twitter_misc":{"Estimated reading time":"1 minute"},"schema":{"@context":"https:\/\/schema.org","@graph":[{"@type":"WebPage","@id":"https:\/\/ibima.eu\/hospital-regional-universitario-de-malaga\/","url":"https:\/\/ibima.eu\/hospital-regional-universitario-de-malaga\/","name":"Hospital Regional Universitario de M\u00e1laga - Ibima","isPartOf":{"@id":"https:\/\/ibima.eu\/es\/#website"},"datePublished":"2023-04-27T06:57:45+00:00","dateModified":"2025-10-01T07:42:23+00:00","breadcrumb":{"@id":"https:\/\/ibima.eu\/hospital-regional-universitario-de-malaga\/#breadcrumb"},"inLanguage":"en-GB","potentialAction":[{"@type":"ReadAction","target":["https:\/\/ibima.eu\/hospital-regional-universitario-de-malaga\/"]}]},{"@type":"BreadcrumbList","@id":"https:\/\/ibima.eu\/hospital-regional-universitario-de-malaga\/#breadcrumb","itemListElement":[{"@type":"ListItem","position":1,"name":"Portada","item":"https:\/\/ibima.eu\/es\/"},{"@type":"ListItem","position":2,"name":"Hospital Regional Universitario de M\u00e1laga"}]},{"@type":"WebSite","@id":"https:\/\/ibima.eu\/es\/#website","url":"https:\/\/ibima.eu\/es\/","name":"Ibima","description":"","potentialAction":[{"@type":"SearchAction","target":{"@type":"EntryPoint","urlTemplate":"https:\/\/ibima.eu\/es\/?s={search_term_string}"},"query-input":{"@type":"PropertyValueSpecification","valueRequired":true,"valueName":"search_term_string"}}],"inLanguage":"en-GB"}]}},"_links":{"self":[{"href":"https:\/\/ibima.eu\/en\/wp-json\/wp\/v2\/pages\/348","targetHints":{"allow":["GET"]}}],"collection":[{"href":"https:\/\/ibima.eu\/en\/wp-json\/wp\/v2\/pages"}],"about":[{"href":"https:\/\/ibima.eu\/en\/wp-json\/wp\/v2\/types\/page"}],"author":[{"embeddable":true,"href":"https:\/\/ibima.eu\/en\/wp-json\/wp\/v2\/users\/1"}],"replies":[{"embeddable":true,"href":"https:\/\/ibima.eu\/en\/wp-json\/wp\/v2\/comments?post=348"}],"version-history":[{"count":2,"href":"https:\/\/ibima.eu\/en\/wp-json\/wp\/v2\/pages\/348\/revisions"}],"predecessor-version":[{"id":57737,"href":"https:\/\/ibima.eu\/en\/wp-json\/wp\/v2\/pages\/348\/revisions\/57737"}],"wp:attachment":[{"href":"https:\/\/ibima.eu\/en\/wp-json\/wp\/v2\/media?parent=348"}],"curies":[{"name":"wp","href":"https:\/\/api.w.org\/{rel}","templated":true}]}}