{"id":44738,"date":"2024-07-26T09:13:55","date_gmt":"2024-07-26T09:13:55","guid":{"rendered":"https:\/\/ibima.eu\/?page_id=44738"},"modified":"2024-07-31T11:15:43","modified_gmt":"2024-07-31T11:15:43","slug":"estancia-internacional-en-ibima-a03_2","status":"publish","type":"page","link":"https:\/\/ibima.eu\/en\/estancia-internacional-en-ibima-a03_2\/","title":{"rendered":"Estancia Internacional en IBIMA &#8211; A03_2"},"content":{"rendered":"<p>[et_pb_section fb_built=\u00bb1&#8243; _builder_version=\u00bb4.27.0&#8243; _module_preset=\u00bbdefault\u00bb background_image=\u00bbhttps:\/\/ibima.eu\/wp-content\/uploads\/2024\/07\/Estancias-internacionales-Heading.jpg\u00bb background_position=\u00bbtop_center\u00bb background_vertical_offset=\u00bb33%\u00bb global_colors_info=\u00bb{}\u00bb][et_pb_row _builder_version=\u00bb4.20.4&#8243; _module_preset=\u00bbdefault\u00bb custom_padding=\u00bb250px||30px||false|false\u00bb global_colors_info=\u00bb{}\u00bb][et_pb_column type=\u00bb4_4&#8243; _builder_version=\u00bb4.20.4&#8243; _module_preset=\u00bbdefault\u00bb global_colors_info=\u00bb{}\u00bb][et_pb_text _builder_version=\u00bb4.27.0&#8243; _module_preset=\u00bbdefault\u00bb header_2_font=\u00bbPoppins|700|||||||\u00bb header_2_text_color=\u00bb#FFFFFF\u00bb header_2_font_size=\u00bb46px\u00bb header_2_font_size_tablet=\u00bb46px\u00bb header_2_font_size_phone=\u00bb40px\u00bb header_2_font_size_last_edited=\u00bbon|phone\u00bb global_colors_info=\u00bb{}\u00bb][\/et_pb_text][\/et_pb_column][\/et_pb_row][\/et_pb_section][et_pb_section fb_built=\u00bb1&#8243; custom_padding_last_edited=\u00bbon|tablet\u00bb _builder_version=\u00bb4.20.4&#8243; _module_preset=\u00bbdefault\u00bb custom_padding_tablet=\u00bb0px||0px||true|false\u00bb custom_padding_phone=\u00bb0px||0px||true|false\u00bb global_colors_info=\u00bb{}\u00bb][et_pb_row _builder_version=\u00bb4.20.4&#8243; _module_preset=\u00bbdefault\u00bb global_colors_info=\u00bb{}\u00bb][et_pb_column type=\u00bb4_4&#8243; _builder_version=\u00bb4.20.4&#8243; _module_preset=\u00bbdefault\u00bb global_colors_info=\u00bb{}\u00bb][et_pb_text _builder_version=\u00bb4.27.0&#8243; _module_preset=\u00bbdefault\u00bb header_3_font=\u00bbPoppins||||||||\u00bb header_3_text_align=\u00bbcenter\u00bb header_3_text_color=\u00bb#24a8d7&#8243; header_3_font_size=\u00bb24px\u00bb custom_margin=\u00bb||-11px||false|false\u00bb custom_padding=\u00bb50px||||false|false\u00bb global_colors_info=\u00bb{}\u00bb]<\/p>\n<h3>A-03 Investigador Cardiovascular para la Salud<\/h3>\n<p>[\/et_pb_text][\/et_pb_column][\/et_pb_row][et_pb_row _builder_version=\u00bb4.20.4&#8243; _module_preset=\u00bbdefault\u00bb width=\u00bb60%\u00bb custom_padding=\u00bb||50px||false|false\u00bb global_colors_info=\u00bb{}\u00bb][et_pb_column type=\u00bb4_4&#8243; _builder_version=\u00bb4.20.4&#8243; _module_preset=\u00bbdefault\u00bb global_colors_info=\u00bb{}\u00bb][et_pb_blurb title=\u00bbGRUPO DE ACOGIDA\u00bb use_icon=\u00bbon\u00bb font_icon=\u00bb&#x24;||divi||400&#8243; icon_color=\u00bb#24a8d7&#8243; image_icon_background_color=\u00bb#FFFFFF\u00bb icon_placement=\u00bbleft\u00bb content_max_width=\u00bb1100px\u00bb _builder_version=\u00bb4.27.0&#8243; _module_preset=\u00bbdefault\u00bb header_font=\u00bbPoppins|700|||||||\u00bb header_text_color=\u00bb#24a8d7&#8243; header_font_size=\u00bb18px\u00bb body_font=\u00bbPoppins||||||||\u00bb custom_margin=\u00bb50px||||false|false\u00bb global_colors_info=\u00bb{}\u00bb]<\/p>\n<p style=\"text-align: justify;\"><a href=\"https:\/\/ibima.eu\/es\/project\/a-03\/\"><strong>\u00a0&#8211; Grupo de investigaci\u00f3n: <\/strong>A-03 Investigaci\u00f3n Cardiovascular para la Salud<\/a><\/p>\n<p style=\"text-align: justify;\">&#8211; <strong>Supervisora<\/strong>: Mar\u00eda Jos\u00e9 S\u00e1nchez Quintero.<\/p>\n<p>[\/et_pb_blurb][et_pb_blurb title=\u00bbDESCRIPCI\u00d3N DE LA OFERTA\u00bb use_icon=\u00bbon\u00bb font_icon=\u00bb&#x24;||divi||400&#8243; icon_color=\u00bb#24a8d7&#8243; image_icon_background_color=\u00bb#FFFFFF\u00bb icon_placement=\u00bbleft\u00bb content_max_width=\u00bb1100px\u00bb _builder_version=\u00bb4.27.0&#8243; _module_preset=\u00bbdefault\u00bb header_font=\u00bbPoppins|700|||||||\u00bb header_text_color=\u00bb#24a8d7&#8243; header_font_size=\u00bb18px\u00bb body_font=\u00bbPoppins||||||||\u00bb custom_margin=\u00bb50px||||false|false\u00bb global_colors_info=\u00bb{}\u00bb]<\/p>\n<p><strong>&#8211; T\u00edtulo traineeship: <\/strong>Estudio de la Funci\u00f3n Mitocondrial en Pacientes con Hipertensi\u00f3n Pulmonar<\/p>\n<p><strong>&#8211; Palabras clave:<\/strong> Mitocondria, Hipertensi\u00f3n Pulmonar, Modelos<em> in vitro<\/em>.<\/p>\n<p>[\/et_pb_blurb][et_pb_blurb image_icon_background_color=\u00bb#FFFFFF\u00bb icon_placement=\u00bbleft\u00bb content_max_width=\u00bb1100px\u00bb _builder_version=\u00bb4.27.0&#8243; _module_preset=\u00bbdefault\u00bb header_font=\u00bbPoppins|700|||||||\u00bb header_text_color=\u00bb#000000&#8243; header_font_size=\u00bb18px\u00bb body_font=\u00bbPoppins||||||||\u00bb custom_margin=\u00bb25px|||63px|false|false\u00bb global_colors_info=\u00bb{}\u00bb]<\/p>\n<p style=\"text-align: justify;\"><strong>Descripci\u00f3n del grupo\/proyecto:<\/strong><\/p>\n<p style=\"text-align: justify;\">Nuestro grupo es un grupo de investigaci\u00f3n multidisciplinar donde trabajan en estrecha colaboraci\u00f3n m\u00e9dicos, bi\u00f3logos y t\u00e9cnicos para el desarrollo de proyectos traslacionales en el \u00e1mbito de las enfermedades cardiovasculares.<\/p>\n<p style=\"text-align: justify;\">La Dra. Mar\u00eda J. S\u00e1nchez Quintero lidera un proyecto centrado en el estudio de la hipertensi\u00f3n pulmonar, una enfermedad rara y grave que afecta a los vasos pulmonares, y que conlleva el estrechamiento progresivo de los vasos, dando lugar a la disfunci\u00f3n del ventr\u00edculo derecho y causando la muerte. Estudios previos realizados en biopsias de vasos pulmonares de pacientes demuestran una disfunci\u00f3n mitocondrial en este tejido, caracterizada por una disminuci\u00f3n de la actividad enzim\u00e1tica de los complejos I y III de la cadena respiratoria, localizada en la membrana interna de las mitocondrias. Esta disfunci\u00f3n mitocondrial ha sido observada tambi\u00e9n en modelos animales, a los cuales se ha inducido la enfermedad. Sin embargo, no existen modelos humanos <em>in vitro<\/em> para el estudio de la hipertensi\u00f3n pulmonar. En este proyecto proponemos el desarrollo de modelos <em>in vitro<\/em> a partir de fibroblastos de la piel de pacientes. Nuestro objetivo es estudiar los mecanismos moleculares que tienen lugar en la hipertensi\u00f3n pulmonar, lo que nos permitir\u00eda sentar las bases para desarrollar terapias personalizadas que utilicen la mitocondria como diana terap\u00e9utica.<\/p>\n<p style=\"text-align: justify;\"><strong>\u00bfQu\u00e9 puede aprender el alumno durante su estancia?<\/strong><\/p>\n<p style=\"text-align: justify;\">El\/la alumno\/a aprender\u00e1 c\u00f3mo se organiza un grupo de investigaci\u00f3n traslacional, en el que parte del equipo trabaja en el hospital, en contacto directo con los pacientes, y otra parte del equipo realiza el trabajo de laboratorio. Se familiarizar\u00e1 con el sistema de coordinaci\u00f3n hospital-laboratorio, y con el sistema de organizaci\u00f3n del trabajo.<\/p>\n<p style=\"text-align: justify;\">En el laboratorio, el\/la alumno\/a aprender\u00e1 a organizar el trabajo de laboratorio diario para desarrollar las tareas necesarias en cada momento. Adem\u00e1s, aprender\u00e1 a realizar las t\u00e9cnicas rutinarias para desarrollar los proyectos en los que se trabaja en este momento en el grupo.<\/p>\n<p><strong>Principales tareas y oportunidades de aprendizaje:<\/strong><\/p>\n<p><strong><\/strong><\/p>\n<p style=\"text-align: justify;\">El\/la alumno\/a se formar\u00e1 en el manejo de t\u00e9cnicas de cultivos celulares (desarrollo y mantenimiento de l\u00edneas celulares), as\u00ed como en t\u00e9cnicas moleculares para el estudio de genes y prote\u00ednas (PCR y Western Blot, respectivamente) involucrados en la enfermedad. Adem\u00e1s, aprender\u00e1 a desarrollar t\u00e9cnicas espec\u00edficas para an\u00e1lisis del metabolismo mitocondrial, mediante el uso de microscopio electr\u00f3nico y espectrofot\u00f3metro.<\/p>\n<p style=\"text-align: justify;\"><strong>Otra informaci\u00f3n de inter\u00e9s<\/strong><\/p>\n<ul style=\"text-align: justify;\">\n<li><strong>Duraci\u00f3n:<\/strong>\u00a0 1 &#8211; 4 meses<\/li>\n<li><strong>Fechas disponibles: <\/strong>Septiembre &#8211; Junio<\/li>\n<li><strong>N\u00famero de alumnos que puede acoger el grupo al mismo tiempo en este puesto:<\/strong> 1<\/li>\n<\/ul>\n<p style=\"text-align: justify;\"><em>* Todas las pr\u00e1cticas ofrecidas por IBIMA Plataforma BIONAND son en el \u00e1mbito de la investigaci\u00f3n (no asistenciales).<\/em><\/p>\n<p style=\"text-align: justify;\">\n<p>[\/et_pb_blurb][\/et_pb_column][\/et_pb_row][\/et_pb_section]<\/p>\n","protected":false},"excerpt":{"rendered":"<p>A-03 Investigador Cardiovascular para la Salud\u00a0&#8211; Grupo de investigaci\u00f3n: A-03 Investigaci\u00f3n Cardiovascular para la Salud &#8211; Supervisora: Mar\u00eda Jos\u00e9 S\u00e1nchez Quintero.- T\u00edtulo traineeship: Estudio de la Funci\u00f3n Mitocondrial en Pacientes con Hipertensi\u00f3n Pulmonar &#8211; Palabras clave: Mitocondria, Hipertensi\u00f3n Pulmonar, Modelos in vitro.Descripci\u00f3n del grupo\/proyecto: Nuestro grupo es un grupo de investigaci\u00f3n multidisciplinar donde trabajan en [&hellip;]<\/p>\n","protected":false},"author":2,"featured_media":0,"parent":0,"menu_order":0,"comment_status":"closed","ping_status":"closed","template":"","meta":{"_acf_changed":false,"_et_pb_use_builder":"on","_et_pb_old_content":"","_et_gb_content_width":"","footnotes":""},"class_list":["post-44738","page","type-page","status-publish","hentry"],"acf":[],"yoast_head":"<!-- This site is optimized with the Yoast SEO plugin v27.3 - https:\/\/yoast.com\/product\/yoast-seo-wordpress\/ -->\n<title>Estancia Internacional en IBIMA - A03_2 - Ibima<\/title>\n<meta name=\"robots\" content=\"index, follow, max-snippet:-1, max-image-preview:large, max-video-preview:-1\" \/>\n<link rel=\"canonical\" href=\"https:\/\/ibima.eu\/en\/estancia-internacional-en-ibima-a03_2\/\" \/>\n<meta property=\"og:locale\" content=\"en_GB\" \/>\n<meta property=\"og:type\" content=\"article\" \/>\n<meta property=\"og:title\" content=\"Estancia Internacional en IBIMA - A03_2 - Ibima\" \/>\n<meta property=\"og:description\" content=\"A-03 Investigador Cardiovascular para la Salud\u00a0- Grupo de investigaci\u00f3n: A-03 Investigaci\u00f3n Cardiovascular para la Salud - Supervisora: Mar\u00eda Jos\u00e9 S\u00e1nchez Quintero.- T\u00edtulo traineeship: Estudio de la Funci\u00f3n Mitocondrial en Pacientes con Hipertensi\u00f3n Pulmonar - Palabras clave: Mitocondria, Hipertensi\u00f3n Pulmonar, Modelos in vitro.Descripci\u00f3n del grupo\/proyecto: Nuestro grupo es un grupo de investigaci\u00f3n multidisciplinar donde trabajan en [&hellip;]\" \/>\n<meta property=\"og:url\" content=\"https:\/\/ibima.eu\/en\/estancia-internacional-en-ibima-a03_2\/\" \/>\n<meta property=\"og:site_name\" content=\"Ibima\" \/>\n<meta property=\"article:modified_time\" content=\"2024-07-31T11:15:43+00:00\" \/>\n<meta name=\"twitter:card\" content=\"summary_large_image\" \/>\n<meta name=\"twitter:label1\" content=\"Estimated reading time\" \/>\n\t<meta name=\"twitter:data1\" content=\"2 minutes\" \/>\n<script type=\"application\/ld+json\" class=\"yoast-schema-graph\">{\"@context\":\"https:\\\/\\\/schema.org\",\"@graph\":[{\"@type\":\"WebPage\",\"@id\":\"https:\\\/\\\/ibima.eu\\\/es\\\/estancia-internacional-en-ibima-a03_2\\\/\",\"url\":\"https:\\\/\\\/ibima.eu\\\/es\\\/estancia-internacional-en-ibima-a03_2\\\/\",\"name\":\"Estancia Internacional en IBIMA - A03_2 - Ibima\",\"isPartOf\":{\"@id\":\"https:\\\/\\\/ibima.eu\\\/es\\\/#website\"},\"datePublished\":\"2024-07-26T09:13:55+00:00\",\"dateModified\":\"2024-07-31T11:15:43+00:00\",\"breadcrumb\":{\"@id\":\"https:\\\/\\\/ibima.eu\\\/es\\\/estancia-internacional-en-ibima-a03_2\\\/#breadcrumb\"},\"inLanguage\":\"en-GB\",\"potentialAction\":[{\"@type\":\"ReadAction\",\"target\":[\"https:\\\/\\\/ibima.eu\\\/es\\\/estancia-internacional-en-ibima-a03_2\\\/\"]}]},{\"@type\":\"BreadcrumbList\",\"@id\":\"https:\\\/\\\/ibima.eu\\\/es\\\/estancia-internacional-en-ibima-a03_2\\\/#breadcrumb\",\"itemListElement\":[{\"@type\":\"ListItem\",\"position\":1,\"name\":\"Portada\",\"item\":\"https:\\\/\\\/ibima.eu\\\/es\\\/\"},{\"@type\":\"ListItem\",\"position\":2,\"name\":\"Estancia Internacional en IBIMA &#8211; A03_2\"}]},{\"@type\":\"WebSite\",\"@id\":\"https:\\\/\\\/ibima.eu\\\/es\\\/#website\",\"url\":\"https:\\\/\\\/ibima.eu\\\/es\\\/\",\"name\":\"Ibima\",\"description\":\"\",\"potentialAction\":[{\"@type\":\"SearchAction\",\"target\":{\"@type\":\"EntryPoint\",\"urlTemplate\":\"https:\\\/\\\/ibima.eu\\\/es\\\/?s={search_term_string}\"},\"query-input\":{\"@type\":\"PropertyValueSpecification\",\"valueRequired\":true,\"valueName\":\"search_term_string\"}}],\"inLanguage\":\"en-GB\"}]}<\/script>\n<!-- \/ Yoast SEO plugin. -->","yoast_head_json":{"title":"Estancia Internacional en IBIMA - A03_2 - Ibima","robots":{"index":"index","follow":"follow","max-snippet":"max-snippet:-1","max-image-preview":"max-image-preview:large","max-video-preview":"max-video-preview:-1"},"canonical":"https:\/\/ibima.eu\/en\/estancia-internacional-en-ibima-a03_2\/","og_locale":"en_GB","og_type":"article","og_title":"Estancia Internacional en IBIMA - A03_2 - Ibima","og_description":"A-03 Investigador Cardiovascular para la Salud\u00a0- Grupo de investigaci\u00f3n: A-03 Investigaci\u00f3n Cardiovascular para la Salud - Supervisora: Mar\u00eda Jos\u00e9 S\u00e1nchez Quintero.- T\u00edtulo traineeship: Estudio de la Funci\u00f3n Mitocondrial en Pacientes con Hipertensi\u00f3n Pulmonar - Palabras clave: Mitocondria, Hipertensi\u00f3n Pulmonar, Modelos in vitro.Descripci\u00f3n del grupo\/proyecto: Nuestro grupo es un grupo de investigaci\u00f3n multidisciplinar donde trabajan en [&hellip;]","og_url":"https:\/\/ibima.eu\/en\/estancia-internacional-en-ibima-a03_2\/","og_site_name":"Ibima","article_modified_time":"2024-07-31T11:15:43+00:00","twitter_card":"summary_large_image","twitter_misc":{"Estimated reading time":"2 minutes"},"schema":{"@context":"https:\/\/schema.org","@graph":[{"@type":"WebPage","@id":"https:\/\/ibima.eu\/es\/estancia-internacional-en-ibima-a03_2\/","url":"https:\/\/ibima.eu\/es\/estancia-internacional-en-ibima-a03_2\/","name":"Estancia Internacional en IBIMA - A03_2 - Ibima","isPartOf":{"@id":"https:\/\/ibima.eu\/es\/#website"},"datePublished":"2024-07-26T09:13:55+00:00","dateModified":"2024-07-31T11:15:43+00:00","breadcrumb":{"@id":"https:\/\/ibima.eu\/es\/estancia-internacional-en-ibima-a03_2\/#breadcrumb"},"inLanguage":"en-GB","potentialAction":[{"@type":"ReadAction","target":["https:\/\/ibima.eu\/es\/estancia-internacional-en-ibima-a03_2\/"]}]},{"@type":"BreadcrumbList","@id":"https:\/\/ibima.eu\/es\/estancia-internacional-en-ibima-a03_2\/#breadcrumb","itemListElement":[{"@type":"ListItem","position":1,"name":"Portada","item":"https:\/\/ibima.eu\/es\/"},{"@type":"ListItem","position":2,"name":"Estancia Internacional en IBIMA &#8211; A03_2"}]},{"@type":"WebSite","@id":"https:\/\/ibima.eu\/es\/#website","url":"https:\/\/ibima.eu\/es\/","name":"Ibima","description":"","potentialAction":[{"@type":"SearchAction","target":{"@type":"EntryPoint","urlTemplate":"https:\/\/ibima.eu\/es\/?s={search_term_string}"},"query-input":{"@type":"PropertyValueSpecification","valueRequired":true,"valueName":"search_term_string"}}],"inLanguage":"en-GB"}]}},"_links":{"self":[{"href":"https:\/\/ibima.eu\/en\/wp-json\/wp\/v2\/pages\/44738","targetHints":{"allow":["GET"]}}],"collection":[{"href":"https:\/\/ibima.eu\/en\/wp-json\/wp\/v2\/pages"}],"about":[{"href":"https:\/\/ibima.eu\/en\/wp-json\/wp\/v2\/types\/page"}],"author":[{"embeddable":true,"href":"https:\/\/ibima.eu\/en\/wp-json\/wp\/v2\/users\/2"}],"replies":[{"embeddable":true,"href":"https:\/\/ibima.eu\/en\/wp-json\/wp\/v2\/comments?post=44738"}],"version-history":[{"count":8,"href":"https:\/\/ibima.eu\/en\/wp-json\/wp\/v2\/pages\/44738\/revisions"}],"predecessor-version":[{"id":47927,"href":"https:\/\/ibima.eu\/en\/wp-json\/wp\/v2\/pages\/44738\/revisions\/47927"}],"wp:attachment":[{"href":"https:\/\/ibima.eu\/en\/wp-json\/wp\/v2\/media?parent=44738"}],"curies":[{"name":"wp","href":"https:\/\/api.w.org\/{rel}","templated":true}]}}