{"id":44741,"date":"2024-07-26T09:36:58","date_gmt":"2024-07-26T09:36:58","guid":{"rendered":"https:\/\/ibima.eu\/?page_id=44741"},"modified":"2024-07-26T09:36:59","modified_gmt":"2024-07-26T09:36:59","slug":"estancia-internacional-en-ibima-f05","status":"publish","type":"page","link":"https:\/\/ibima.eu\/en\/estancia-internacional-en-ibima-f05\/","title":{"rendered":"Estancia Internacional en IBIMA &#8211; F05"},"content":{"rendered":"<p>[et_pb_section fb_built=\u00bb1&#8243; _builder_version=\u00bb4.27.0&#8243; _module_preset=\u00bbdefault\u00bb background_image=\u00bbhttps:\/\/ibima.eu\/wp-content\/uploads\/2024\/07\/Estancias-internacionales-Heading.jpg\u00bb background_position=\u00bbtop_center\u00bb background_vertical_offset=\u00bb33%\u00bb global_colors_info=\u00bb{}\u00bb][et_pb_row _builder_version=\u00bb4.20.4&#8243; _module_preset=\u00bbdefault\u00bb custom_padding=\u00bb250px||30px||false|false\u00bb global_colors_info=\u00bb{}\u00bb][et_pb_column type=\u00bb4_4&#8243; _builder_version=\u00bb4.20.4&#8243; _module_preset=\u00bbdefault\u00bb global_colors_info=\u00bb{}\u00bb][et_pb_text _builder_version=\u00bb4.27.0&#8243; _module_preset=\u00bbdefault\u00bb header_2_font=\u00bbPoppins|700|||||||\u00bb header_2_text_color=\u00bb#FFFFFF\u00bb header_2_font_size=\u00bb46px\u00bb hover_enabled=\u00bb0&#8243; header_2_font_size_tablet=\u00bb46px\u00bb header_2_font_size_phone=\u00bb40px\u00bb header_2_font_size_last_edited=\u00bbon|phone\u00bb global_colors_info=\u00bb{}\u00bb sticky_enabled=\u00bb0&#8243;][\/et_pb_text][\/et_pb_column][\/et_pb_row][\/et_pb_section][et_pb_section fb_built=\u00bb1&#8243; custom_padding_last_edited=\u00bbon|tablet\u00bb _builder_version=\u00bb4.20.4&#8243; _module_preset=\u00bbdefault\u00bb custom_padding_tablet=\u00bb0px||0px||true|false\u00bb custom_padding_phone=\u00bb0px||0px||true|false\u00bb global_colors_info=\u00bb{}\u00bb][et_pb_row _builder_version=\u00bb4.20.4&#8243; _module_preset=\u00bbdefault\u00bb global_colors_info=\u00bb{}\u00bb][et_pb_column type=\u00bb4_4&#8243; _builder_version=\u00bb4.20.4&#8243; _module_preset=\u00bbdefault\u00bb global_colors_info=\u00bb{}\u00bb][et_pb_text _builder_version=\u00bb4.27.0&#8243; _module_preset=\u00bbdefault\u00bb header_3_font=\u00bbPoppins||||||||\u00bb header_3_text_align=\u00bbcenter\u00bb header_3_text_color=\u00bb#24a8d7&#8243; header_3_font_size=\u00bb24px\u00bb custom_margin=\u00bb||-11px||false|false\u00bb custom_padding=\u00bb50px||||false|false\u00bb hover_enabled=\u00bb0&#8243; global_colors_info=\u00bb{}\u00bb sticky_enabled=\u00bb0&#8243;]<\/p>\n<h3>F-05 Rob\u00f3tica M\u00e9dica<\/h3>\n<p>[\/et_pb_text][\/et_pb_column][\/et_pb_row][et_pb_row _builder_version=\u00bb4.20.4&#8243; _module_preset=\u00bbdefault\u00bb width=\u00bb60%\u00bb custom_padding=\u00bb||50px||false|false\u00bb global_colors_info=\u00bb{}\u00bb][et_pb_column type=\u00bb4_4&#8243; _builder_version=\u00bb4.20.4&#8243; _module_preset=\u00bbdefault\u00bb global_colors_info=\u00bb{}\u00bb][et_pb_blurb title=\u00bbGRUPO DE ACOGIDA\u00bb use_icon=\u00bbon\u00bb font_icon=\u00bb&#x24;||divi||400&#8243; icon_color=\u00bb#24a8d7&#8243; image_icon_background_color=\u00bb#FFFFFF\u00bb icon_placement=\u00bbleft\u00bb content_max_width=\u00bb1100px\u00bb _builder_version=\u00bb4.27.0&#8243; _module_preset=\u00bbdefault\u00bb header_font=\u00bbPoppins|700|||||||\u00bb header_text_color=\u00bb#24a8d7&#8243; header_font_size=\u00bb18px\u00bb body_font=\u00bbPoppins||||||||\u00bb custom_margin=\u00bb50px||||false|false\u00bb hover_enabled=\u00bb0&#8243; global_colors_info=\u00bb{}\u00bb sticky_enabled=\u00bb0&#8243;]<\/p>\n<p style=\"text-align: justify;\"><a href=\"https:\/\/ibima.eu\/es\/project\/f-05\/\"><strong>\u00a0&#8211; Grupo de investigaci\u00f3n: <\/strong>A-05 Rob\u00f3tica M\u00e9dica<\/a><\/p>\n<p style=\"text-align: justify;\">&#8211; <strong>Supervisor<\/strong>: V\u00edctor F. Mu\u00f1oz Mart\u00ednez<\/p>\n<p>[\/et_pb_blurb][et_pb_blurb title=\u00bbDESCRIPCI\u00d3N DE LA OFERTA\u00bb use_icon=\u00bbon\u00bb font_icon=\u00bb&#x24;||divi||400&#8243; icon_color=\u00bb#24a8d7&#8243; image_icon_background_color=\u00bb#FFFFFF\u00bb icon_placement=\u00bbleft\u00bb content_max_width=\u00bb1100px\u00bb _builder_version=\u00bb4.27.0&#8243; _module_preset=\u00bbdefault\u00bb header_font=\u00bbPoppins|700|||||||\u00bb header_text_color=\u00bb#24a8d7&#8243; header_font_size=\u00bb18px\u00bb body_font=\u00bbPoppins||||||||\u00bb custom_margin=\u00bb50px||||false|false\u00bb hover_enabled=\u00bb0&#8243; global_colors_info=\u00bb{}\u00bb sticky_enabled=\u00bb0&#8243;]<\/p>\n<p><strong>&#8211; T\u00edtulo traineeship:<\/strong> Desarrollo de asistentes rob\u00f3ticos para cirug\u00eda y otros equipos de mejora de la asistencia sanitaria<\/p>\n<p><strong>&#8211; Palabras clave:<\/strong> Rob\u00f3tica m\u00e9dica, control, gemelos digitales, inteligencia artificial<\/p>\n<p>[\/et_pb_blurb][et_pb_blurb image_icon_background_color=\u00bb#FFFFFF\u00bb icon_placement=\u00bbleft\u00bb content_max_width=\u00bb1100px\u00bb _builder_version=\u00bb4.27.0&#8243; _module_preset=\u00bbdefault\u00bb header_font=\u00bbPoppins|700|||||||\u00bb header_text_color=\u00bb#000000&#8243; header_font_size=\u00bb18px\u00bb body_font=\u00bbPoppins||||||||\u00bb custom_margin=\u00bb25px|||63px|false|false\u00bb hover_enabled=\u00bb0&#8243; global_colors_info=\u00bb{}\u00bb sticky_enabled=\u00bb0&#8243;]<\/p>\n<p style=\"text-align: justify;\"><strong>Descripci\u00f3n del grupo\/proyecto:<\/strong><\/p>\n<p style=\"text-align: justify;\">El grupo tiene una amplia experiencia en el dise\u00f1o y desarrollo de robots quir\u00fargicos para su uso en cl\u00ednica, y una gran trayectoria de colaboraci\u00f3n con el entorno cl\u00ednico y empresarial. Sus principales l\u00edneas de investigaci\u00f3n est\u00e1n centradas en la creaci\u00f3n de asistentes rob\u00f3ticos, con el objetivo de crear m\u00e1quinas que no sustituyan al cirujano durante una intervenci\u00f3n, sino que trabajen con \u00e9l.<\/p>\n<p style=\"text-align: justify;\">La metodolog\u00eda de trabajo consta de una etapa de creaci\u00f3n de nuevos conocimientos, seguida de la construcci\u00f3n de equipos demostradores. Los prototipos desarrollados tienen una doble utilidad: verificar experimentalmente los desarrollos te\u00f3ricos y facilitar la transferencia.<\/p>\n<p style=\"text-align: justify;\"><strong>\u00bfQu\u00e9 puede aprender el alumno durante su estancia?<\/strong><\/p>\n<p style=\"text-align: justify;\">El alumno aprender\u00e1 a desenvolverse en un entorno de trabajo real de investigaci\u00f3n, a trabajar en equipo en un entorno multidisciplinar y la necesidad de interactuar con otras entidades para la consecuci\u00f3n de los objetivos previstos, como puede ser el contacto con empresas o con el entorno cl\u00ednico.<\/p>\n<p style=\"text-align: justify;\">Las habilidades relacionadas con la rob\u00f3tica que el alumno puede desarrollar depender\u00e1n de las actividades concretas que se lleven a cabo, pero entre otras se encuentran aquellas relacionadas con la configuraci\u00f3n de los dispositivos, las interacciones robot-humano, la configuraci\u00f3n de distintos tipos de movimientos de los brazos rob\u00f3ticos y diferentes agarres\u2026<\/p>\n<p style=\"text-align: justify;\"><strong>Principales tareas y oportunidades de aprendizaje:<\/strong><\/p>\n<p style=\"text-align: justify;\">Durante la estancia, el alumno desarrollar\u00e1 diferentes tareas relacionadas con el desarrollo de robots quir\u00fargicos y nuevos dispositivos electr\u00f3nicos y digitales para la mejora de la asistencia sanitaria. Las actividades concretas depender\u00e1n del tiempo de la estancia del alumno y de la fecha de su llegada, siendo posible la realizaci\u00f3n de: dise\u00f1o, programaci\u00f3n y prototipado de brazos rob\u00f3ticos, an\u00e1lisis de datos, elaboraci\u00f3n de algoritmos de control, dise\u00f1o de la metodolog\u00eda para la validaci\u00f3n del sistema, integraci\u00f3n de sistemas, desarrollo de estrategias tolerante a fallos, dise\u00f1o de API y aplicaciones m\u00f3vil, y elaboraci\u00f3n de gemelos digitales, entre otras. Publicaci\u00f3n de resultados obtenidos en las intervenciones de modificaci\u00f3n de estilo de vida<\/p>\n<p style=\"text-align: justify;\"><strong>Otra informaci\u00f3n de inter\u00e9s<\/strong><\/p>\n<ul style=\"text-align: justify;\">\n<li><strong>Duraci\u00f3n:<\/strong>\u00a0 2 &#8211; 12 meses<\/li>\n<li><strong>Fechas disponibles: <\/strong>Septiembre &#8211; Julio<\/li>\n<li><strong>N\u00famero de alumnos que puede acoger el grupo al mismo tiempo en este puesto:<\/strong> 2<\/li>\n<\/ul>\n<p style=\"text-align: justify;\"><em>* Todas las pr\u00e1cticas ofrecidas por IBIMA Plataforma BIONAND son en el \u00e1mbito de la investigaci\u00f3n (no asistenciales).<\/em><\/p>\n<p style=\"text-align: justify;\">[\/et_pb_blurb][\/et_pb_column][\/et_pb_row][\/et_pb_section]<\/p>\n","protected":false},"excerpt":{"rendered":"<p>F-05 Rob\u00f3tica M\u00e9dica\u00a0&#8211; Grupo de investigaci\u00f3n: A-05 Rob\u00f3tica M\u00e9dica &#8211; Supervisor: V\u00edctor F. Mu\u00f1oz Mart\u00ednez- T\u00edtulo traineeship: Desarrollo de asistentes rob\u00f3ticos para cirug\u00eda y otros equipos de mejora de la asistencia sanitaria &#8211; Palabras clave: Rob\u00f3tica m\u00e9dica, control, gemelos digitales, inteligencia artificialDescripci\u00f3n del grupo\/proyecto: El grupo tiene una amplia experiencia en el dise\u00f1o y desarrollo [&hellip;]<\/p>\n","protected":false},"author":2,"featured_media":0,"parent":0,"menu_order":0,"comment_status":"closed","ping_status":"closed","template":"","meta":{"_acf_changed":false,"_et_pb_use_builder":"on","_et_pb_old_content":"","_et_gb_content_width":"","footnotes":""},"class_list":["post-44741","page","type-page","status-publish","hentry"],"acf":[],"yoast_head":"<!-- This site is optimized with the Yoast SEO plugin v27.4 - https:\/\/yoast.com\/product\/yoast-seo-wordpress\/ -->\n<title>Estancia Internacional en IBIMA - F05 - Ibima<\/title>\n<meta name=\"robots\" content=\"index, follow, max-snippet:-1, max-image-preview:large, max-video-preview:-1\" \/>\n<link rel=\"canonical\" href=\"https:\/\/ibima.eu\/en\/estancia-internacional-en-ibima-f05\/\" \/>\n<meta property=\"og:locale\" content=\"en_GB\" \/>\n<meta property=\"og:type\" content=\"article\" \/>\n<meta property=\"og:title\" content=\"Estancia Internacional en IBIMA - F05 - Ibima\" \/>\n<meta property=\"og:description\" content=\"F-05 Rob\u00f3tica M\u00e9dica\u00a0- Grupo de investigaci\u00f3n: A-05 Rob\u00f3tica M\u00e9dica - Supervisor: V\u00edctor F. Mu\u00f1oz Mart\u00ednez- T\u00edtulo traineeship: Desarrollo de asistentes rob\u00f3ticos para cirug\u00eda y otros equipos de mejora de la asistencia sanitaria - Palabras clave: Rob\u00f3tica m\u00e9dica, control, gemelos digitales, inteligencia artificialDescripci\u00f3n del grupo\/proyecto: El grupo tiene una amplia experiencia en el dise\u00f1o y desarrollo [&hellip;]\" \/>\n<meta property=\"og:url\" content=\"https:\/\/ibima.eu\/en\/estancia-internacional-en-ibima-f05\/\" \/>\n<meta property=\"og:site_name\" content=\"Ibima\" \/>\n<meta property=\"article:modified_time\" content=\"2024-07-26T09:36:59+00:00\" \/>\n<meta name=\"twitter:card\" content=\"summary_large_image\" \/>\n<meta name=\"twitter:label1\" content=\"Estimated reading time\" \/>\n\t<meta name=\"twitter:data1\" content=\"5 minutes\" \/>\n<script type=\"application\/ld+json\" class=\"yoast-schema-graph\">{\"@context\":\"https:\\\/\\\/schema.org\",\"@graph\":[{\"@type\":\"WebPage\",\"@id\":\"https:\\\/\\\/ibima.eu\\\/es\\\/estancia-internacional-en-ibima-f05\\\/\",\"url\":\"https:\\\/\\\/ibima.eu\\\/es\\\/estancia-internacional-en-ibima-f05\\\/\",\"name\":\"Estancia Internacional en IBIMA - F05 - Ibima\",\"isPartOf\":{\"@id\":\"https:\\\/\\\/ibima.eu\\\/es\\\/#website\"},\"datePublished\":\"2024-07-26T09:36:58+00:00\",\"dateModified\":\"2024-07-26T09:36:59+00:00\",\"breadcrumb\":{\"@id\":\"https:\\\/\\\/ibima.eu\\\/es\\\/estancia-internacional-en-ibima-f05\\\/#breadcrumb\"},\"inLanguage\":\"en-GB\",\"potentialAction\":[{\"@type\":\"ReadAction\",\"target\":[\"https:\\\/\\\/ibima.eu\\\/es\\\/estancia-internacional-en-ibima-f05\\\/\"]}]},{\"@type\":\"BreadcrumbList\",\"@id\":\"https:\\\/\\\/ibima.eu\\\/es\\\/estancia-internacional-en-ibima-f05\\\/#breadcrumb\",\"itemListElement\":[{\"@type\":\"ListItem\",\"position\":1,\"name\":\"Portada\",\"item\":\"https:\\\/\\\/ibima.eu\\\/es\\\/\"},{\"@type\":\"ListItem\",\"position\":2,\"name\":\"Estancia Internacional en IBIMA &#8211; F05\"}]},{\"@type\":\"WebSite\",\"@id\":\"https:\\\/\\\/ibima.eu\\\/es\\\/#website\",\"url\":\"https:\\\/\\\/ibima.eu\\\/es\\\/\",\"name\":\"Ibima\",\"description\":\"\",\"potentialAction\":[{\"@type\":\"SearchAction\",\"target\":{\"@type\":\"EntryPoint\",\"urlTemplate\":\"https:\\\/\\\/ibima.eu\\\/es\\\/?s={search_term_string}\"},\"query-input\":{\"@type\":\"PropertyValueSpecification\",\"valueRequired\":true,\"valueName\":\"search_term_string\"}}],\"inLanguage\":\"en-GB\"}]}<\/script>\n<!-- \/ Yoast SEO plugin. -->","yoast_head_json":{"title":"Estancia Internacional en IBIMA - F05 - Ibima","robots":{"index":"index","follow":"follow","max-snippet":"max-snippet:-1","max-image-preview":"max-image-preview:large","max-video-preview":"max-video-preview:-1"},"canonical":"https:\/\/ibima.eu\/en\/estancia-internacional-en-ibima-f05\/","og_locale":"en_GB","og_type":"article","og_title":"Estancia Internacional en IBIMA - F05 - Ibima","og_description":"F-05 Rob\u00f3tica M\u00e9dica\u00a0- Grupo de investigaci\u00f3n: A-05 Rob\u00f3tica M\u00e9dica - Supervisor: V\u00edctor F. Mu\u00f1oz Mart\u00ednez- T\u00edtulo traineeship: Desarrollo de asistentes rob\u00f3ticos para cirug\u00eda y otros equipos de mejora de la asistencia sanitaria - Palabras clave: Rob\u00f3tica m\u00e9dica, control, gemelos digitales, inteligencia artificialDescripci\u00f3n del grupo\/proyecto: El grupo tiene una amplia experiencia en el dise\u00f1o y desarrollo [&hellip;]","og_url":"https:\/\/ibima.eu\/en\/estancia-internacional-en-ibima-f05\/","og_site_name":"Ibima","article_modified_time":"2024-07-26T09:36:59+00:00","twitter_card":"summary_large_image","twitter_misc":{"Estimated reading time":"5 minutes"},"schema":{"@context":"https:\/\/schema.org","@graph":[{"@type":"WebPage","@id":"https:\/\/ibima.eu\/es\/estancia-internacional-en-ibima-f05\/","url":"https:\/\/ibima.eu\/es\/estancia-internacional-en-ibima-f05\/","name":"Estancia Internacional en IBIMA - F05 - Ibima","isPartOf":{"@id":"https:\/\/ibima.eu\/es\/#website"},"datePublished":"2024-07-26T09:36:58+00:00","dateModified":"2024-07-26T09:36:59+00:00","breadcrumb":{"@id":"https:\/\/ibima.eu\/es\/estancia-internacional-en-ibima-f05\/#breadcrumb"},"inLanguage":"en-GB","potentialAction":[{"@type":"ReadAction","target":["https:\/\/ibima.eu\/es\/estancia-internacional-en-ibima-f05\/"]}]},{"@type":"BreadcrumbList","@id":"https:\/\/ibima.eu\/es\/estancia-internacional-en-ibima-f05\/#breadcrumb","itemListElement":[{"@type":"ListItem","position":1,"name":"Portada","item":"https:\/\/ibima.eu\/es\/"},{"@type":"ListItem","position":2,"name":"Estancia Internacional en IBIMA &#8211; F05"}]},{"@type":"WebSite","@id":"https:\/\/ibima.eu\/es\/#website","url":"https:\/\/ibima.eu\/es\/","name":"Ibima","description":"","potentialAction":[{"@type":"SearchAction","target":{"@type":"EntryPoint","urlTemplate":"https:\/\/ibima.eu\/es\/?s={search_term_string}"},"query-input":{"@type":"PropertyValueSpecification","valueRequired":true,"valueName":"search_term_string"}}],"inLanguage":"en-GB"}]}},"_links":{"self":[{"href":"https:\/\/ibima.eu\/en\/wp-json\/wp\/v2\/pages\/44741","targetHints":{"allow":["GET"]}}],"collection":[{"href":"https:\/\/ibima.eu\/en\/wp-json\/wp\/v2\/pages"}],"about":[{"href":"https:\/\/ibima.eu\/en\/wp-json\/wp\/v2\/types\/page"}],"author":[{"embeddable":true,"href":"https:\/\/ibima.eu\/en\/wp-json\/wp\/v2\/users\/2"}],"replies":[{"embeddable":true,"href":"https:\/\/ibima.eu\/en\/wp-json\/wp\/v2\/comments?post=44741"}],"version-history":[{"count":2,"href":"https:\/\/ibima.eu\/en\/wp-json\/wp\/v2\/pages\/44741\/revisions"}],"predecessor-version":[{"id":44775,"href":"https:\/\/ibima.eu\/en\/wp-json\/wp\/v2\/pages\/44741\/revisions\/44775"}],"wp:attachment":[{"href":"https:\/\/ibima.eu\/en\/wp-json\/wp\/v2\/media?parent=44741"}],"curies":[{"name":"wp","href":"https:\/\/api.w.org\/{rel}","templated":true}]}}