{"id":44742,"date":"2024-07-26T09:32:56","date_gmt":"2024-07-26T09:32:56","guid":{"rendered":"https:\/\/ibima.eu\/?page_id=44742"},"modified":"2024-07-26T09:32:57","modified_gmt":"2024-07-26T09:32:57","slug":"estancia-internacional-en-ibima-c06","status":"publish","type":"page","link":"https:\/\/ibima.eu\/en\/estancia-internacional-en-ibima-c06\/","title":{"rendered":"Estancia Internacional en IBIMA &#8211; C06"},"content":{"rendered":"<p>[et_pb_section fb_built=\u00bb1&#8243; _builder_version=\u00bb4.27.0&#8243; _module_preset=\u00bbdefault\u00bb background_image=\u00bbhttps:\/\/ibima.eu\/wp-content\/uploads\/2024\/07\/Estancias-internacionales-Heading.jpg\u00bb background_position=\u00bbtop_center\u00bb background_vertical_offset=\u00bb33%\u00bb global_colors_info=\u00bb{}\u00bb][et_pb_row _builder_version=\u00bb4.20.4&#8243; _module_preset=\u00bbdefault\u00bb custom_padding=\u00bb250px||30px||false|false\u00bb global_colors_info=\u00bb{}\u00bb][et_pb_column type=\u00bb4_4&#8243; _builder_version=\u00bb4.20.4&#8243; _module_preset=\u00bbdefault\u00bb global_colors_info=\u00bb{}\u00bb][et_pb_text _builder_version=\u00bb4.27.0&#8243; _module_preset=\u00bbdefault\u00bb header_2_font=\u00bbPoppins|700|||||||\u00bb header_2_text_color=\u00bb#FFFFFF\u00bb header_2_font_size=\u00bb46px\u00bb header_2_font_size_tablet=\u00bb46px\u00bb header_2_font_size_phone=\u00bb40px\u00bb header_2_font_size_last_edited=\u00bbon|phone\u00bb global_colors_info=\u00bb{}\u00bb hover_enabled=\u00bb0&#8243; sticky_enabled=\u00bb0&#8243;][\/et_pb_text][\/et_pb_column][\/et_pb_row][\/et_pb_section][et_pb_section fb_built=\u00bb1&#8243; custom_padding_last_edited=\u00bbon|tablet\u00bb _builder_version=\u00bb4.20.4&#8243; _module_preset=\u00bbdefault\u00bb custom_padding_tablet=\u00bb0px||0px||true|false\u00bb custom_padding_phone=\u00bb0px||0px||true|false\u00bb global_colors_info=\u00bb{}\u00bb][et_pb_row _builder_version=\u00bb4.20.4&#8243; _module_preset=\u00bbdefault\u00bb global_colors_info=\u00bb{}\u00bb][et_pb_column type=\u00bb4_4&#8243; _builder_version=\u00bb4.20.4&#8243; _module_preset=\u00bbdefault\u00bb global_colors_info=\u00bb{}\u00bb][et_pb_text _builder_version=\u00bb4.27.0&#8243; _module_preset=\u00bbdefault\u00bb header_3_font=\u00bbPoppins||||||||\u00bb header_3_text_align=\u00bbcenter\u00bb header_3_text_color=\u00bb#24a8d7&#8243; header_3_font_size=\u00bb24px\u00bb custom_margin=\u00bb||-11px||false|false\u00bb custom_padding=\u00bb50px||||false|false\u00bb global_colors_info=\u00bb{}\u00bb hover_enabled=\u00bb0&#8243; sticky_enabled=\u00bb0&#8243;]<\/p>\n<h3>A-06 Neuropsicofarmacolog\u00eda<\/h3>\n<p>[\/et_pb_text][\/et_pb_column][\/et_pb_row][et_pb_row _builder_version=\u00bb4.20.4&#8243; _module_preset=\u00bbdefault\u00bb width=\u00bb60%\u00bb custom_padding=\u00bb||50px||false|false\u00bb global_colors_info=\u00bb{}\u00bb][et_pb_column type=\u00bb4_4&#8243; _builder_version=\u00bb4.20.4&#8243; _module_preset=\u00bbdefault\u00bb global_colors_info=\u00bb{}\u00bb][et_pb_blurb title=\u00bbGRUPO DE ACOGIDA\u00bb use_icon=\u00bbon\u00bb font_icon=\u00bb&#x24;||divi||400&#8243; icon_color=\u00bb#24a8d7&#8243; image_icon_background_color=\u00bb#FFFFFF\u00bb icon_placement=\u00bbleft\u00bb content_max_width=\u00bb1100px\u00bb _builder_version=\u00bb4.27.0&#8243; _module_preset=\u00bbdefault\u00bb header_font=\u00bbPoppins|700|||||||\u00bb header_text_color=\u00bb#24a8d7&#8243; header_font_size=\u00bb18px\u00bb body_font=\u00bbPoppins||||||||\u00bb custom_margin=\u00bb50px||||false|false\u00bb global_colors_info=\u00bb{}\u00bb hover_enabled=\u00bb0&#8243; sticky_enabled=\u00bb0&#8243;]<\/p>\n<p style=\"text-align: justify;\"><a href=\"https:\/\/ibima.eu\/es\/project\/c-06\/\"><strong>\u00a0&#8211; Grupo de investigaci\u00f3n: <\/strong>C-06 Neuropsicofarmacolog\u00eda<\/a><\/p>\n<p style=\"text-align: justify;\">&#8211; <strong>Supervisora<\/strong>: Antonia Serrano Criado<\/p>\n<p>[\/et_pb_blurb][et_pb_blurb title=\u00bbDESCRIPCI\u00d3N DE LA OFERTA\u00bb use_icon=\u00bbon\u00bb font_icon=\u00bb&#x24;||divi||400&#8243; icon_color=\u00bb#24a8d7&#8243; image_icon_background_color=\u00bb#FFFFFF\u00bb icon_placement=\u00bbleft\u00bb content_max_width=\u00bb1100px\u00bb _builder_version=\u00bb4.27.0&#8243; _module_preset=\u00bbdefault\u00bb header_font=\u00bbPoppins|700|||||||\u00bb header_text_color=\u00bb#24a8d7&#8243; header_font_size=\u00bb18px\u00bb body_font=\u00bbPoppins||||||||\u00bb custom_margin=\u00bb50px||||false|false\u00bb global_colors_info=\u00bb{}\u00bb hover_enabled=\u00bb0&#8243; sticky_enabled=\u00bb0&#8243;]<\/p>\n<p><strong>&#8211; T\u00edtulo traineeship:<\/strong> Papel de sistemas de se\u00f1alizaci\u00f3n lip\u00eddica en modelos de alcohol y estr\u00e9s temprano<\/p>\n<p><strong>&#8211; Palabras clave:<\/strong> Endocannabinoides, \u00e1cido lisofosfat\u00eddico, roedores, alcohol, estr\u00e9s<\/p>\n<p>[\/et_pb_blurb][et_pb_blurb image_icon_background_color=\u00bb#FFFFFF\u00bb icon_placement=\u00bbleft\u00bb content_max_width=\u00bb1100px\u00bb _builder_version=\u00bb4.27.0&#8243; _module_preset=\u00bbdefault\u00bb header_font=\u00bbPoppins|700|||||||\u00bb header_text_color=\u00bb#000000&#8243; header_font_size=\u00bb18px\u00bb body_font=\u00bbPoppins||||||||\u00bb custom_margin=\u00bb25px|||63px|false|false\u00bb global_colors_info=\u00bb{}\u00bb hover_enabled=\u00bb0&#8243; sticky_enabled=\u00bb0&#8243;]<\/p>\n<p style=\"text-align: justify;\"><strong>Descripci\u00f3n del grupo\/proyecto:<\/strong><\/p>\n<p style=\"text-align: justify;\">El grupo de investigaci\u00f3n de Neuropsicofarmacolog\u00eda (IBIMA C-06) pertenece a la Unidad de Gesti\u00f3n Cl\u00ednica de Salud Mental del Hospital Regional Universitario de M\u00e1laga. Se trata de un grupo multidisciplinar con una amplia experiencia investigadora en el campo de las drogas de abuso, desarrollando estudios traslacionales que combina estudios precl\u00ednicos con estudios cl\u00ednicos en pacientes. Una de las l\u00edneas prioritarias de investigaci\u00f3n se centra en el desarrollo de estudios traslacionales centrados en la caracterizaci\u00f3n molecular de sistemas de se\u00f1alizaci\u00f3n lip\u00eddica con el objetivo de identificar biomarcadores y\/o dianas terap\u00e9uticas frente a trastornos por uso de sustancias y comorbilidad psiqui\u00e1trica.<\/p>\n<p style=\"text-align: justify;\"><strong>\u00bfQu\u00e9 puede aprender el alumno durante su estancia?<\/strong><\/p>\n<p style=\"text-align: justify;\">El alumno se integrar\u00eda en la l\u00ednea de investigaci\u00f3n previamente mencionada, realizando un trabajo experimental apoyado por una formaci\u00f3n te\u00f3rica. El objetivo principal de la estancia es que el alumno se familiarice con el trabajo que se lleva a cabo en el grupo de investigaci\u00f3n. Se pretende que, durante el tiempo de la estancia, el alumno adquiera los conocimientos metodol\u00f3gicos necesarios para llevar a cabo estudios en modelos precl\u00ednicos (roedores) en el campo de las adicciones, principalmente modelos de exposici\u00f3n a alcohol.<\/p>\n<p style=\"text-align: justify;\"><strong>Principales tareas y oportunidades de aprendizaje:<\/strong><\/p>\n<ul style=\"text-align: justify;\">\n<li>Participaci\u00f3n en experimentaci\u00f3n animal con modelos de roedores (rata y\/o rat\u00f3n): estudios farmacol\u00f3gicos y comportamentales<\/li>\n<li>Obtenci\u00f3n de muestras biol\u00f3gicas<\/li>\n<li>Determinaci\u00f3n de la expresi\u00f3n de sistemas de se\u00f1alizaci\u00f3n lip\u00eddicos por PCR cuantitativa a tiempo real y western blot<\/li>\n<li>Determinaciones en plasma (ELISAs)<\/li>\n<\/ul>\n<p style=\"text-align: justify;\"><strong>Otra informaci\u00f3n de inter\u00e9s<\/strong><\/p>\n<ul style=\"text-align: justify;\">\n<li><strong>Duraci\u00f3n:<\/strong> \u00a04 &#8211; 12 meses<\/li>\n<li><strong>Fechas disponibles: <\/strong>Septiembre &#8211; Junio<\/li>\n<li><strong>N\u00famero de alumnos que puede acoger el grupo al mismo tiempo en este puesto:<\/strong> 1<\/li>\n<\/ul>\n<p style=\"text-align: justify;\"><em>* Todas las pr\u00e1cticas ofrecidas por IBIMA Plataforma BIONAND son en el \u00e1mbito de la investigaci\u00f3n (no asistenciales).<\/em><\/p>\n<p style=\"text-align: justify;\">[\/et_pb_blurb][\/et_pb_column][\/et_pb_row][\/et_pb_section]<\/p>\n","protected":false},"excerpt":{"rendered":"<p>A-06 Neuropsicofarmacolog\u00eda\u00a0&#8211; Grupo de investigaci\u00f3n: C-06 Neuropsicofarmacolog\u00eda &#8211; Supervisora: Antonia Serrano Criado- T\u00edtulo traineeship: Papel de sistemas de se\u00f1alizaci\u00f3n lip\u00eddica en modelos de alcohol y estr\u00e9s temprano &#8211; Palabras clave: Endocannabinoides, \u00e1cido lisofosfat\u00eddico, roedores, alcohol, estr\u00e9sDescripci\u00f3n del grupo\/proyecto: El grupo de investigaci\u00f3n de Neuropsicofarmacolog\u00eda (IBIMA C-06) pertenece a la Unidad de Gesti\u00f3n Cl\u00ednica de Salud [&hellip;]<\/p>\n","protected":false},"author":2,"featured_media":0,"parent":0,"menu_order":0,"comment_status":"closed","ping_status":"closed","template":"","meta":{"_acf_changed":false,"_et_pb_use_builder":"on","_et_pb_old_content":"","_et_gb_content_width":"","footnotes":""},"class_list":["post-44742","page","type-page","status-publish","hentry"],"acf":[],"yoast_head":"<!-- This site is optimized with the Yoast SEO plugin v27.3 - https:\/\/yoast.com\/product\/yoast-seo-wordpress\/ -->\n<title>Estancia Internacional en IBIMA - C06 - Ibima<\/title>\n<meta name=\"robots\" content=\"index, follow, max-snippet:-1, max-image-preview:large, max-video-preview:-1\" \/>\n<link rel=\"canonical\" href=\"https:\/\/ibima.eu\/en\/estancia-internacional-en-ibima-c06\/\" \/>\n<meta property=\"og:locale\" content=\"en_GB\" \/>\n<meta property=\"og:type\" content=\"article\" \/>\n<meta property=\"og:title\" content=\"Estancia Internacional en IBIMA - C06 - Ibima\" \/>\n<meta property=\"og:description\" content=\"A-06 Neuropsicofarmacolog\u00eda\u00a0- Grupo de investigaci\u00f3n: C-06 Neuropsicofarmacolog\u00eda - Supervisora: Antonia Serrano Criado- T\u00edtulo traineeship: Papel de sistemas de se\u00f1alizaci\u00f3n lip\u00eddica en modelos de alcohol y estr\u00e9s temprano - Palabras clave: Endocannabinoides, \u00e1cido lisofosfat\u00eddico, roedores, alcohol, estr\u00e9sDescripci\u00f3n del grupo\/proyecto: El grupo de investigaci\u00f3n de Neuropsicofarmacolog\u00eda (IBIMA C-06) pertenece a la Unidad de Gesti\u00f3n Cl\u00ednica de Salud [&hellip;]\" \/>\n<meta property=\"og:url\" content=\"https:\/\/ibima.eu\/en\/estancia-internacional-en-ibima-c06\/\" \/>\n<meta property=\"og:site_name\" content=\"Ibima\" \/>\n<meta property=\"article:modified_time\" content=\"2024-07-26T09:32:57+00:00\" \/>\n<meta name=\"twitter:card\" content=\"summary_large_image\" \/>\n<meta name=\"twitter:label1\" content=\"Estimated reading time\" \/>\n\t<meta name=\"twitter:data1\" content=\"4 minutes\" \/>\n<script type=\"application\/ld+json\" class=\"yoast-schema-graph\">{\"@context\":\"https:\\\/\\\/schema.org\",\"@graph\":[{\"@type\":\"WebPage\",\"@id\":\"https:\\\/\\\/ibima.eu\\\/es\\\/estancia-internacional-en-ibima-c06\\\/\",\"url\":\"https:\\\/\\\/ibima.eu\\\/es\\\/estancia-internacional-en-ibima-c06\\\/\",\"name\":\"Estancia Internacional en IBIMA - C06 - Ibima\",\"isPartOf\":{\"@id\":\"https:\\\/\\\/ibima.eu\\\/es\\\/#website\"},\"datePublished\":\"2024-07-26T09:32:56+00:00\",\"dateModified\":\"2024-07-26T09:32:57+00:00\",\"breadcrumb\":{\"@id\":\"https:\\\/\\\/ibima.eu\\\/es\\\/estancia-internacional-en-ibima-c06\\\/#breadcrumb\"},\"inLanguage\":\"en-GB\",\"potentialAction\":[{\"@type\":\"ReadAction\",\"target\":[\"https:\\\/\\\/ibima.eu\\\/es\\\/estancia-internacional-en-ibima-c06\\\/\"]}]},{\"@type\":\"BreadcrumbList\",\"@id\":\"https:\\\/\\\/ibima.eu\\\/es\\\/estancia-internacional-en-ibima-c06\\\/#breadcrumb\",\"itemListElement\":[{\"@type\":\"ListItem\",\"position\":1,\"name\":\"Portada\",\"item\":\"https:\\\/\\\/ibima.eu\\\/es\\\/\"},{\"@type\":\"ListItem\",\"position\":2,\"name\":\"Estancia Internacional en IBIMA &#8211; C06\"}]},{\"@type\":\"WebSite\",\"@id\":\"https:\\\/\\\/ibima.eu\\\/es\\\/#website\",\"url\":\"https:\\\/\\\/ibima.eu\\\/es\\\/\",\"name\":\"Ibima\",\"description\":\"\",\"potentialAction\":[{\"@type\":\"SearchAction\",\"target\":{\"@type\":\"EntryPoint\",\"urlTemplate\":\"https:\\\/\\\/ibima.eu\\\/es\\\/?s={search_term_string}\"},\"query-input\":{\"@type\":\"PropertyValueSpecification\",\"valueRequired\":true,\"valueName\":\"search_term_string\"}}],\"inLanguage\":\"en-GB\"}]}<\/script>\n<!-- \/ Yoast SEO plugin. -->","yoast_head_json":{"title":"Estancia Internacional en IBIMA - C06 - Ibima","robots":{"index":"index","follow":"follow","max-snippet":"max-snippet:-1","max-image-preview":"max-image-preview:large","max-video-preview":"max-video-preview:-1"},"canonical":"https:\/\/ibima.eu\/en\/estancia-internacional-en-ibima-c06\/","og_locale":"en_GB","og_type":"article","og_title":"Estancia Internacional en IBIMA - C06 - Ibima","og_description":"A-06 Neuropsicofarmacolog\u00eda\u00a0- Grupo de investigaci\u00f3n: C-06 Neuropsicofarmacolog\u00eda - Supervisora: Antonia Serrano Criado- T\u00edtulo traineeship: Papel de sistemas de se\u00f1alizaci\u00f3n lip\u00eddica en modelos de alcohol y estr\u00e9s temprano - Palabras clave: Endocannabinoides, \u00e1cido lisofosfat\u00eddico, roedores, alcohol, estr\u00e9sDescripci\u00f3n del grupo\/proyecto: El grupo de investigaci\u00f3n de Neuropsicofarmacolog\u00eda (IBIMA C-06) pertenece a la Unidad de Gesti\u00f3n Cl\u00ednica de Salud [&hellip;]","og_url":"https:\/\/ibima.eu\/en\/estancia-internacional-en-ibima-c06\/","og_site_name":"Ibima","article_modified_time":"2024-07-26T09:32:57+00:00","twitter_card":"summary_large_image","twitter_misc":{"Estimated reading time":"4 minutes"},"schema":{"@context":"https:\/\/schema.org","@graph":[{"@type":"WebPage","@id":"https:\/\/ibima.eu\/es\/estancia-internacional-en-ibima-c06\/","url":"https:\/\/ibima.eu\/es\/estancia-internacional-en-ibima-c06\/","name":"Estancia Internacional en IBIMA - C06 - Ibima","isPartOf":{"@id":"https:\/\/ibima.eu\/es\/#website"},"datePublished":"2024-07-26T09:32:56+00:00","dateModified":"2024-07-26T09:32:57+00:00","breadcrumb":{"@id":"https:\/\/ibima.eu\/es\/estancia-internacional-en-ibima-c06\/#breadcrumb"},"inLanguage":"en-GB","potentialAction":[{"@type":"ReadAction","target":["https:\/\/ibima.eu\/es\/estancia-internacional-en-ibima-c06\/"]}]},{"@type":"BreadcrumbList","@id":"https:\/\/ibima.eu\/es\/estancia-internacional-en-ibima-c06\/#breadcrumb","itemListElement":[{"@type":"ListItem","position":1,"name":"Portada","item":"https:\/\/ibima.eu\/es\/"},{"@type":"ListItem","position":2,"name":"Estancia Internacional en IBIMA &#8211; C06"}]},{"@type":"WebSite","@id":"https:\/\/ibima.eu\/es\/#website","url":"https:\/\/ibima.eu\/es\/","name":"Ibima","description":"","potentialAction":[{"@type":"SearchAction","target":{"@type":"EntryPoint","urlTemplate":"https:\/\/ibima.eu\/es\/?s={search_term_string}"},"query-input":{"@type":"PropertyValueSpecification","valueRequired":true,"valueName":"search_term_string"}}],"inLanguage":"en-GB"}]}},"_links":{"self":[{"href":"https:\/\/ibima.eu\/en\/wp-json\/wp\/v2\/pages\/44742","targetHints":{"allow":["GET"]}}],"collection":[{"href":"https:\/\/ibima.eu\/en\/wp-json\/wp\/v2\/pages"}],"about":[{"href":"https:\/\/ibima.eu\/en\/wp-json\/wp\/v2\/types\/page"}],"author":[{"embeddable":true,"href":"https:\/\/ibima.eu\/en\/wp-json\/wp\/v2\/users\/2"}],"replies":[{"embeddable":true,"href":"https:\/\/ibima.eu\/en\/wp-json\/wp\/v2\/comments?post=44742"}],"version-history":[{"count":2,"href":"https:\/\/ibima.eu\/en\/wp-json\/wp\/v2\/pages\/44742\/revisions"}],"predecessor-version":[{"id":44773,"href":"https:\/\/ibima.eu\/en\/wp-json\/wp\/v2\/pages\/44742\/revisions\/44773"}],"wp:attachment":[{"href":"https:\/\/ibima.eu\/en\/wp-json\/wp\/v2\/media?parent=44742"}],"curies":[{"name":"wp","href":"https:\/\/api.w.org\/{rel}","templated":true}]}}