{"id":44769,"date":"2024-07-26T09:28:14","date_gmt":"2024-07-26T09:28:14","guid":{"rendered":"https:\/\/ibima.eu\/?page_id=44769"},"modified":"2024-08-22T08:56:19","modified_gmt":"2024-08-22T08:56:19","slug":"estancia-internacional-en-ibima-c03_2","status":"publish","type":"page","link":"https:\/\/ibima.eu\/en\/estancia-internacional-en-ibima-c03_2\/","title":{"rendered":"Estancia Internacional en IBIMA &#8211; C03_2"},"content":{"rendered":"<p>[et_pb_section fb_built=\u00bb1&#8243; _builder_version=\u00bb4.27.0&#8243; _module_preset=\u00bbdefault\u00bb background_image=\u00bbhttps:\/\/ibima.eu\/wp-content\/uploads\/2024\/07\/Estancias-internacionales-Heading.jpg\u00bb background_position=\u00bbtop_center\u00bb background_vertical_offset=\u00bb33%\u00bb global_colors_info=\u00bb{}\u00bb][et_pb_row _builder_version=\u00bb4.20.4&#8243; _module_preset=\u00bbdefault\u00bb custom_padding=\u00bb250px||30px||false|false\u00bb global_colors_info=\u00bb{}\u00bb][et_pb_column type=\u00bb4_4&#8243; _builder_version=\u00bb4.20.4&#8243; _module_preset=\u00bbdefault\u00bb global_colors_info=\u00bb{}\u00bb][et_pb_text _builder_version=\u00bb4.27.0&#8243; _module_preset=\u00bbdefault\u00bb header_2_font=\u00bbPoppins|700|||||||\u00bb header_2_text_color=\u00bb#FFFFFF\u00bb header_2_font_size=\u00bb46px\u00bb header_2_font_size_tablet=\u00bb46px\u00bb header_2_font_size_phone=\u00bb40px\u00bb header_2_font_size_last_edited=\u00bbon|phone\u00bb global_colors_info=\u00bb{}\u00bb][\/et_pb_text][\/et_pb_column][\/et_pb_row][\/et_pb_section][et_pb_section fb_built=\u00bb1&#8243; custom_padding_last_edited=\u00bbon|tablet\u00bb _builder_version=\u00bb4.20.4&#8243; _module_preset=\u00bbdefault\u00bb custom_padding_tablet=\u00bb0px||0px||true|false\u00bb custom_padding_phone=\u00bb0px||0px||true|false\u00bb global_colors_info=\u00bb{}\u00bb][et_pb_row _builder_version=\u00bb4.20.4&#8243; _module_preset=\u00bbdefault\u00bb global_colors_info=\u00bb{}\u00bb][et_pb_column type=\u00bb4_4&#8243; _builder_version=\u00bb4.20.4&#8243; _module_preset=\u00bbdefault\u00bb global_colors_info=\u00bb{}\u00bb][et_pb_text _builder_version=\u00bb4.27.0&#8243; _module_preset=\u00bbdefault\u00bb header_3_font=\u00bbPoppins||||||||\u00bb header_3_text_align=\u00bbcenter\u00bb header_3_text_color=\u00bb#24a8d7&#8243; header_3_font_size=\u00bb24px\u00bb custom_margin=\u00bb||-11px||false|false\u00bb custom_padding=\u00bb50px||||false|false\u00bb global_colors_info=\u00bb{}\u00bb]<\/p>\n<h3>C-03 Investigaci\u00f3n B\u00e1sica, Cl\u00ednica y Epidemiol\u00f3gica en Salud Mental<\/h3>\n<p>[\/et_pb_text][\/et_pb_column][\/et_pb_row][et_pb_row _builder_version=\u00bb4.20.4&#8243; _module_preset=\u00bbdefault\u00bb width=\u00bb60%\u00bb custom_padding=\u00bb||50px||false|false\u00bb global_colors_info=\u00bb{}\u00bb][et_pb_column type=\u00bb4_4&#8243; _builder_version=\u00bb4.20.4&#8243; _module_preset=\u00bbdefault\u00bb global_colors_info=\u00bb{}\u00bb][et_pb_blurb title=\u00bbGRUPO DE ACOGIDA\u00bb use_icon=\u00bbon\u00bb font_icon=\u00bb&#x24;||divi||400&#8243; icon_color=\u00bb#24a8d7&#8243; image_icon_background_color=\u00bb#FFFFFF\u00bb icon_placement=\u00bbleft\u00bb content_max_width=\u00bb1100px\u00bb _builder_version=\u00bb4.27.0&#8243; _module_preset=\u00bbdefault\u00bb header_font=\u00bbPoppins|700|||||||\u00bb header_text_color=\u00bb#24a8d7&#8243; header_font_size=\u00bb18px\u00bb body_font=\u00bbPoppins||||||||\u00bb custom_margin=\u00bb50px||||false|false\u00bb global_colors_info=\u00bb{}\u00bb]<\/p>\n<p style=\"text-align: justify;\"><a href=\"https:\/\/ibima.eu\/es\/project\/c-03\/\"><strong>\u00a0&#8211; Grupo de investigaci\u00f3n: <\/strong>C-03 Investigaci\u00f3n B\u00e1sica, Cl\u00ednica y Epidemiol\u00f3gica en Salud Mental<\/a><\/p>\n<p style=\"text-align: justify;\">&#8211; <strong>Supervisora<\/strong>: Jessica Marian Goodman Casanova<\/p>\n<p>[\/et_pb_blurb][et_pb_blurb title=\u00bbDESCRIPCI\u00d3N DE LA OFERTA\u00bb use_icon=\u00bbon\u00bb font_icon=\u00bb&#x24;||divi||400&#8243; icon_color=\u00bb#24a8d7&#8243; image_icon_background_color=\u00bb#FFFFFF\u00bb icon_placement=\u00bbleft\u00bb content_max_width=\u00bb1100px\u00bb _builder_version=\u00bb4.27.0&#8243; _module_preset=\u00bbdefault\u00bb header_font=\u00bbPoppins|700|||||||\u00bb header_text_color=\u00bb#24a8d7&#8243; header_font_size=\u00bb18px\u00bb body_font=\u00bbPoppins||||||||\u00bb custom_margin=\u00bb50px||||false|false\u00bb global_colors_info=\u00bb{}\u00bb]<\/p>\n<p><strong>&#8211; T\u00edtulo traineeship:<\/strong> Evaluaci\u00f3n de servicios: prevenci\u00f3n del suicidio y recuperaci\u00f3n en salud mental<\/p>\n<p><strong>&#8211; Palabras clave:<\/strong> Evaluaci\u00f3n de Resultado en la Atenci\u00f3n de Salud, Recuperaci\u00f3n de la Salud Mental, Prevenci\u00f3n secundaria, Suicidio<\/p>\n<p>[\/et_pb_blurb][et_pb_blurb image_icon_background_color=\u00bb#FFFFFF\u00bb icon_placement=\u00bbleft\u00bb content_max_width=\u00bb1100px\u00bb _builder_version=\u00bb4.27.0&#8243; _module_preset=\u00bbdefault\u00bb header_font=\u00bbPoppins|700|||||||\u00bb header_text_color=\u00bb#000000&#8243; header_font_size=\u00bb18px\u00bb body_font=\u00bbPoppins||||||||\u00bb custom_margin=\u00bb25px|||63px|false|false\u00bb global_colors_info=\u00bb{}\u00bb]<\/p>\n<p>&nbsp;<\/p>\n<p style=\"text-align: justify;\"><strong>Descripci\u00f3n del grupo\/proyecto:<\/strong><\/p>\n<p style=\"text-align: justify;\">Entre las \u00e1reas prioritarias de atenci\u00f3n del equipo de investigaci\u00f3n se encuentra investigar la atenci\u00f3n de servicios de salud mental a personas, familias y comunidades evaluando la efectividad de intervenciones y buenas pr\u00e1cticas centradas en los cuidados en salud mental. Sus principales l\u00edneas de actuaci\u00f3n son:1) garantizar la seguridad y los derechos humanos de las personas usuarias en relaci\u00f3n con pr\u00e1cticas de prevenci\u00f3n del suicidio en urgencias hospitalarias y medidas coercitivas en las unidades de hospitalizaci\u00f3n; 2) promover la recuperaci\u00f3n en salud mental desde un enfoque intersectorial participativo en el \u00e1mbito comunitario mediante intervenciones basadas en el arte y la cultura; y 3) adaptar transculturalmente y validar psicom\u00e9tricamente instrumentos de medida en salud mental. El grupo tiene una vocaci\u00f3n de investigaci\u00f3n cl\u00ednica traslacional y un marcado car\u00e1cter multidisciplinar con l\u00edneas de investigaci\u00f3n que se enmarcan en diferentes \u00e1reas de conocimiento: psiquiatr\u00eda, psicolog\u00eda cl\u00ednica, enfermer\u00eda y biolog\u00eda, entre otros.<\/p>\n<p style=\"text-align: justify;\"><strong>\u00bfQu\u00e9 puede aprender el alumno durante su estancia?<\/strong><\/p>\n<ul>\n<li>Equipo de trabajo multidisciplinar de alto rendimiento<\/li>\n<li>Habilidades profesionales para l\u00edderes de investigaci\u00f3n<\/li>\n<li>Maximizar el impacto de investigaci\u00f3n<\/li>\n<li>Estrategias de b\u00fasqueda y gesti\u00f3n de la informaci\u00f3n<\/li>\n<li>La conducta responsable en la investigaci\u00f3n<\/li>\n<li>An\u00e1lisis de datos estad\u00edsticos<\/li>\n<li>Innovaci\u00f3n universidad-empresa<\/li>\n<li>Transferencia de conocimiento<\/li>\n<\/ul>\n<p style=\"text-align: justify;\"><strong>Principales tareas y oportunidades de aprendizaje:<\/strong><\/p>\n<ul style=\"text-align: justify;\">\n<li>Redacci\u00f3n de protocolos de investigaci\u00f3n<\/li>\n<li>Env\u00edo de protocolos a Comit\u00e9 de \u00c9tica de la Investigaci\u00f3n y registro en clinicaltrials.gov<\/li>\n<li>Reclutamiento y seguimiento de participantes<\/li>\n<li>Evaluaciones cl\u00ednicas<\/li>\n<li>Registro en Cuadernos de Recogida de Datos Electr\u00f3nicos<\/li>\n<li>Consulta de historias cl\u00ednicas<\/li>\n<li>Elaboraci\u00f3n de bases de datos<\/li>\n<li>An\u00e1lisis de datos estad\u00edsticos<\/li>\n<li>Redacci\u00f3n de resultados y difusi\u00f3n en revistas cient\u00edficas<\/li>\n<\/ul>\n<p style=\"text-align: justify;\"><strong>Otra informaci\u00f3n de inter\u00e9s<\/strong><\/p>\n<ul style=\"text-align: justify;\">\n<li><strong>Duraci\u00f3n:<\/strong>\u00a0 2 &#8211; 12 meses<\/li>\n<li><strong>Fechas disponibles: <\/strong>Septiembre &#8211; Junio<\/li>\n<li><strong>N\u00famero de alumnos que puede acoger el grupo al mismo tiempo en este puesto:<\/strong> 1<\/li>\n<\/ul>\n<p style=\"text-align: justify;\"><em>* Todas las pr\u00e1cticas ofrecidas por IBIMA Plataforma BIONAND son en el \u00e1mbito de la investigaci\u00f3n (no asistenciales).<\/em><\/p>\n<p style=\"text-align: justify;\">\n<p>[\/et_pb_blurb][\/et_pb_column][\/et_pb_row][\/et_pb_section]<\/p>\n","protected":false},"excerpt":{"rendered":"<p>C-03 Investigaci\u00f3n B\u00e1sica, Cl\u00ednica y Epidemiol\u00f3gica en Salud Mental\u00a0&#8211; Grupo de investigaci\u00f3n: C-03 Investigaci\u00f3n B\u00e1sica, Cl\u00ednica y Epidemiol\u00f3gica en Salud Mental &#8211; Supervisora: Jessica Marian Goodman Casanova- T\u00edtulo traineeship: Evaluaci\u00f3n de servicios: prevenci\u00f3n del suicidio y recuperaci\u00f3n en salud mental &#8211; Palabras clave: Evaluaci\u00f3n de Resultado en la Atenci\u00f3n de Salud, Recuperaci\u00f3n de la Salud [&hellip;]<\/p>\n","protected":false},"author":2,"featured_media":0,"parent":0,"menu_order":0,"comment_status":"closed","ping_status":"closed","template":"","meta":{"_acf_changed":false,"_et_pb_use_builder":"on","_et_pb_old_content":"","_et_gb_content_width":"","footnotes":""},"class_list":["post-44769","page","type-page","status-publish","hentry"],"acf":[],"yoast_head":"<!-- This site is optimized with the Yoast SEO plugin v27.5 - https:\/\/yoast.com\/product\/yoast-seo-wordpress\/ -->\n<title>Estancia Internacional en IBIMA - C03_2 - Ibima<\/title>\n<meta name=\"robots\" content=\"index, follow, max-snippet:-1, max-image-preview:large, max-video-preview:-1\" \/>\n<link rel=\"canonical\" href=\"https:\/\/ibima.eu\/en\/estancia-internacional-en-ibima-c03_2\/\" \/>\n<meta property=\"og:locale\" content=\"en_GB\" \/>\n<meta property=\"og:type\" content=\"article\" \/>\n<meta property=\"og:title\" content=\"Estancia Internacional en IBIMA - C03_2 - Ibima\" \/>\n<meta property=\"og:description\" content=\"C-03 Investigaci\u00f3n B\u00e1sica, Cl\u00ednica y Epidemiol\u00f3gica en Salud Mental\u00a0- Grupo de investigaci\u00f3n: C-03 Investigaci\u00f3n B\u00e1sica, Cl\u00ednica y Epidemiol\u00f3gica en Salud Mental - Supervisora: Jessica Marian Goodman Casanova- T\u00edtulo traineeship: Evaluaci\u00f3n de servicios: prevenci\u00f3n del suicidio y recuperaci\u00f3n en salud mental - Palabras clave: Evaluaci\u00f3n de Resultado en la Atenci\u00f3n de Salud, Recuperaci\u00f3n de la Salud [&hellip;]\" \/>\n<meta property=\"og:url\" content=\"https:\/\/ibima.eu\/en\/estancia-internacional-en-ibima-c03_2\/\" \/>\n<meta property=\"og:site_name\" content=\"Ibima\" \/>\n<meta property=\"article:modified_time\" content=\"2024-08-22T08:56:19+00:00\" \/>\n<meta name=\"twitter:card\" content=\"summary_large_image\" \/>\n<meta name=\"twitter:label1\" content=\"Estimated reading time\" \/>\n\t<meta name=\"twitter:data1\" content=\"2 minutes\" \/>\n<script type=\"application\/ld+json\" class=\"yoast-schema-graph\">{\"@context\":\"https:\\\/\\\/schema.org\",\"@graph\":[{\"@type\":\"WebPage\",\"@id\":\"https:\\\/\\\/ibima.eu\\\/es\\\/estancia-internacional-en-ibima-c03_2\\\/\",\"url\":\"https:\\\/\\\/ibima.eu\\\/es\\\/estancia-internacional-en-ibima-c03_2\\\/\",\"name\":\"Estancia Internacional en IBIMA - C03_2 - Ibima\",\"isPartOf\":{\"@id\":\"https:\\\/\\\/ibima.eu\\\/es\\\/#website\"},\"datePublished\":\"2024-07-26T09:28:14+00:00\",\"dateModified\":\"2024-08-22T08:56:19+00:00\",\"breadcrumb\":{\"@id\":\"https:\\\/\\\/ibima.eu\\\/es\\\/estancia-internacional-en-ibima-c03_2\\\/#breadcrumb\"},\"inLanguage\":\"en-GB\",\"potentialAction\":[{\"@type\":\"ReadAction\",\"target\":[\"https:\\\/\\\/ibima.eu\\\/es\\\/estancia-internacional-en-ibima-c03_2\\\/\"]}]},{\"@type\":\"BreadcrumbList\",\"@id\":\"https:\\\/\\\/ibima.eu\\\/es\\\/estancia-internacional-en-ibima-c03_2\\\/#breadcrumb\",\"itemListElement\":[{\"@type\":\"ListItem\",\"position\":1,\"name\":\"Portada\",\"item\":\"https:\\\/\\\/ibima.eu\\\/es\\\/\"},{\"@type\":\"ListItem\",\"position\":2,\"name\":\"Estancia Internacional en IBIMA &#8211; C03_2\"}]},{\"@type\":\"WebSite\",\"@id\":\"https:\\\/\\\/ibima.eu\\\/es\\\/#website\",\"url\":\"https:\\\/\\\/ibima.eu\\\/es\\\/\",\"name\":\"Ibima\",\"description\":\"\",\"potentialAction\":[{\"@type\":\"SearchAction\",\"target\":{\"@type\":\"EntryPoint\",\"urlTemplate\":\"https:\\\/\\\/ibima.eu\\\/es\\\/?s={search_term_string}\"},\"query-input\":{\"@type\":\"PropertyValueSpecification\",\"valueRequired\":true,\"valueName\":\"search_term_string\"}}],\"inLanguage\":\"en-GB\"}]}<\/script>\n<!-- \/ Yoast SEO plugin. -->","yoast_head_json":{"title":"Estancia Internacional en IBIMA - C03_2 - Ibima","robots":{"index":"index","follow":"follow","max-snippet":"max-snippet:-1","max-image-preview":"max-image-preview:large","max-video-preview":"max-video-preview:-1"},"canonical":"https:\/\/ibima.eu\/en\/estancia-internacional-en-ibima-c03_2\/","og_locale":"en_GB","og_type":"article","og_title":"Estancia Internacional en IBIMA - C03_2 - Ibima","og_description":"C-03 Investigaci\u00f3n B\u00e1sica, Cl\u00ednica y Epidemiol\u00f3gica en Salud Mental\u00a0- Grupo de investigaci\u00f3n: C-03 Investigaci\u00f3n B\u00e1sica, Cl\u00ednica y Epidemiol\u00f3gica en Salud Mental - Supervisora: Jessica Marian Goodman Casanova- T\u00edtulo traineeship: Evaluaci\u00f3n de servicios: prevenci\u00f3n del suicidio y recuperaci\u00f3n en salud mental - Palabras clave: Evaluaci\u00f3n de Resultado en la Atenci\u00f3n de Salud, Recuperaci\u00f3n de la Salud [&hellip;]","og_url":"https:\/\/ibima.eu\/en\/estancia-internacional-en-ibima-c03_2\/","og_site_name":"Ibima","article_modified_time":"2024-08-22T08:56:19+00:00","twitter_card":"summary_large_image","twitter_misc":{"Estimated reading time":"2 minutes"},"schema":{"@context":"https:\/\/schema.org","@graph":[{"@type":"WebPage","@id":"https:\/\/ibima.eu\/es\/estancia-internacional-en-ibima-c03_2\/","url":"https:\/\/ibima.eu\/es\/estancia-internacional-en-ibima-c03_2\/","name":"Estancia Internacional en IBIMA - C03_2 - Ibima","isPartOf":{"@id":"https:\/\/ibima.eu\/es\/#website"},"datePublished":"2024-07-26T09:28:14+00:00","dateModified":"2024-08-22T08:56:19+00:00","breadcrumb":{"@id":"https:\/\/ibima.eu\/es\/estancia-internacional-en-ibima-c03_2\/#breadcrumb"},"inLanguage":"en-GB","potentialAction":[{"@type":"ReadAction","target":["https:\/\/ibima.eu\/es\/estancia-internacional-en-ibima-c03_2\/"]}]},{"@type":"BreadcrumbList","@id":"https:\/\/ibima.eu\/es\/estancia-internacional-en-ibima-c03_2\/#breadcrumb","itemListElement":[{"@type":"ListItem","position":1,"name":"Portada","item":"https:\/\/ibima.eu\/es\/"},{"@type":"ListItem","position":2,"name":"Estancia Internacional en IBIMA &#8211; C03_2"}]},{"@type":"WebSite","@id":"https:\/\/ibima.eu\/es\/#website","url":"https:\/\/ibima.eu\/es\/","name":"Ibima","description":"","potentialAction":[{"@type":"SearchAction","target":{"@type":"EntryPoint","urlTemplate":"https:\/\/ibima.eu\/es\/?s={search_term_string}"},"query-input":{"@type":"PropertyValueSpecification","valueRequired":true,"valueName":"search_term_string"}}],"inLanguage":"en-GB"}]}},"_links":{"self":[{"href":"https:\/\/ibima.eu\/en\/wp-json\/wp\/v2\/pages\/44769","targetHints":{"allow":["GET"]}}],"collection":[{"href":"https:\/\/ibima.eu\/en\/wp-json\/wp\/v2\/pages"}],"about":[{"href":"https:\/\/ibima.eu\/en\/wp-json\/wp\/v2\/types\/page"}],"author":[{"embeddable":true,"href":"https:\/\/ibima.eu\/en\/wp-json\/wp\/v2\/users\/2"}],"replies":[{"embeddable":true,"href":"https:\/\/ibima.eu\/en\/wp-json\/wp\/v2\/comments?post=44769"}],"version-history":[{"count":3,"href":"https:\/\/ibima.eu\/en\/wp-json\/wp\/v2\/pages\/44769\/revisions"}],"predecessor-version":[{"id":48616,"href":"https:\/\/ibima.eu\/en\/wp-json\/wp\/v2\/pages\/44769\/revisions\/48616"}],"wp:attachment":[{"href":"https:\/\/ibima.eu\/en\/wp-json\/wp\/v2\/media?parent=44769"}],"curies":[{"name":"wp","href":"https:\/\/api.w.org\/{rel}","templated":true}]}}