{"id":47983,"date":"2024-08-01T07:22:41","date_gmt":"2024-08-01T07:22:41","guid":{"rendered":"https:\/\/ibima.eu\/?page_id=47983"},"modified":"2024-08-01T07:22:41","modified_gmt":"2024-08-01T07:22:41","slug":"estancia-internacional-en-ibima-a02","status":"publish","type":"page","link":"https:\/\/ibima.eu\/en\/estancia-internacional-en-ibima-a02\/","title":{"rendered":"Estancia Internacional en IBIMA &#8211; A02"},"content":{"rendered":"<p>[et_pb_section fb_built=\u00bb1&#8243; _builder_version=\u00bb4.27.0&#8243; _module_preset=\u00bbdefault\u00bb background_image=\u00bbhttps:\/\/ibima.eu\/wp-content\/uploads\/2024\/07\/Estancias-internacionales-Heading.jpg\u00bb background_position=\u00bbtop_center\u00bb background_vertical_offset=\u00bb33%\u00bb global_colors_info=\u00bb{}\u00bb][et_pb_row _builder_version=\u00bb4.20.4&#8243; _module_preset=\u00bbdefault\u00bb custom_padding=\u00bb250px||30px||false|false\u00bb global_colors_info=\u00bb{}\u00bb][et_pb_column type=\u00bb4_4&#8243; _builder_version=\u00bb4.20.4&#8243; _module_preset=\u00bbdefault\u00bb global_colors_info=\u00bb{}\u00bb][et_pb_text _builder_version=\u00bb4.27.0&#8243; _module_preset=\u00bbdefault\u00bb header_2_font=\u00bbPoppins|700|||||||\u00bb header_2_text_color=\u00bb#FFFFFF\u00bb header_2_font_size=\u00bb46px\u00bb header_2_font_size_tablet=\u00bb46px\u00bb header_2_font_size_phone=\u00bb40px\u00bb header_2_font_size_last_edited=\u00bbon|phone\u00bb global_colors_info=\u00bb{}\u00bb][\/et_pb_text][\/et_pb_column][\/et_pb_row][\/et_pb_section][et_pb_section fb_built=\u00bb1&#8243; custom_padding_last_edited=\u00bbon|tablet\u00bb _builder_version=\u00bb4.20.4&#8243; _module_preset=\u00bbdefault\u00bb custom_padding_tablet=\u00bb0px||0px||true|false\u00bb custom_padding_phone=\u00bb0px||0px||true|false\u00bb global_colors_info=\u00bb{}\u00bb][et_pb_row _builder_version=\u00bb4.20.4&#8243; _module_preset=\u00bbdefault\u00bb global_colors_info=\u00bb{}\u00bb][et_pb_column type=\u00bb4_4&#8243; _builder_version=\u00bb4.20.4&#8243; _module_preset=\u00bbdefault\u00bb global_colors_info=\u00bb{}\u00bb][et_pb_text _builder_version=\u00bb4.27.0&#8243; _module_preset=\u00bbdefault\u00bb header_3_font=\u00bbPoppins||||||||\u00bb header_3_text_align=\u00bbcenter\u00bb header_3_text_color=\u00bb#24a8d7&#8243; header_3_font_size=\u00bb24px\u00bb custom_margin=\u00bb||-11px||false|false\u00bb custom_padding=\u00bb50px||||false|false\u00bb global_colors_info=\u00bb{}\u00bb]<\/p>\n<h3>A-02 Obesidad, diabetes y sus comorbilidades: prevenci\u00f3n y talento<\/h3>\n<p>[\/et_pb_text][\/et_pb_column][\/et_pb_row][et_pb_row _builder_version=\u00bb4.20.4&#8243; _module_preset=\u00bbdefault\u00bb width=\u00bb60%\u00bb custom_padding=\u00bb||50px||false|false\u00bb global_colors_info=\u00bb{}\u00bb][et_pb_column type=\u00bb4_4&#8243; _builder_version=\u00bb4.20.4&#8243; _module_preset=\u00bbdefault\u00bb global_colors_info=\u00bb{}\u00bb][et_pb_blurb title=\u00bbGRUPO DE ACOGIDA\u00bb use_icon=\u00bbon\u00bb font_icon=\u00bb&#x24;||divi||400&#8243; icon_color=\u00bb#24a8d7&#8243; image_icon_background_color=\u00bb#FFFFFF\u00bb icon_placement=\u00bbleft\u00bb content_max_width=\u00bb1100px\u00bb _builder_version=\u00bb4.27.0&#8243; _module_preset=\u00bbdefault\u00bb header_font=\u00bbPoppins|700|||||||\u00bb header_text_color=\u00bb#24a8d7&#8243; header_font_size=\u00bb18px\u00bb body_font=\u00bbPoppins||||||||\u00bb custom_margin=\u00bb50px||||false|false\u00bb global_colors_info=\u00bb{}\u00bb]<\/p>\n<p style=\"text-align: justify;\"><a href=\"https:\/\/ibima.eu\/es\/project\/c-06\/\">\u00a0&#8211; Grupo de investigaci\u00f3n: A-02 Obesidad, diabetes y sus comorbilidades: prevenci\u00f3n y tratamiento<\/a><\/p>\n<p style=\"text-align: justify;\">&#8211; <strong>Supervisora<\/strong>: Virginia Mela Rivas<\/p>\n<p>[\/et_pb_blurb][et_pb_blurb title=\u00bbDESCRIPCI\u00d3N DE LA OFERTA\u00bb use_icon=\u00bbon\u00bb font_icon=\u00bb&#x24;||divi||400&#8243; icon_color=\u00bb#24a8d7&#8243; image_icon_background_color=\u00bb#FFFFFF\u00bb icon_placement=\u00bbleft\u00bb content_max_width=\u00bb1100px\u00bb _builder_version=\u00bb4.27.0&#8243; _module_preset=\u00bbdefault\u00bb header_font=\u00bbPoppins|700|||||||\u00bb header_text_color=\u00bb#24a8d7&#8243; header_font_size=\u00bb18px\u00bb body_font=\u00bbPoppins||||||||\u00bb custom_margin=\u00bb50px||||false|false\u00bb global_colors_info=\u00bb{}\u00bb]<\/p>\n<p><strong>&#8211; T\u00edtulo traineeship:<\/strong> Obesidad y envejecimiento cerebral<\/p>\n<p><strong>&#8211; Palabras clave:<\/strong> Neuroinflamaci\u00f3n, cognici\u00f3n, depresi\u00f3n, microgl\u00eda, obesidad<\/p>\n<p>[\/et_pb_blurb][et_pb_blurb image_icon_background_color=\u00bb#FFFFFF\u00bb icon_placement=\u00bbleft\u00bb content_max_width=\u00bb1100px\u00bb _builder_version=\u00bb4.27.0&#8243; _module_preset=\u00bbdefault\u00bb header_font=\u00bbPoppins|700|||||||\u00bb header_text_color=\u00bb#000000&#8243; header_font_size=\u00bb18px\u00bb body_font=\u00bbPoppins||||||||\u00bb custom_margin=\u00bb25px|||63px|false|false\u00bb global_colors_info=\u00bb{}\u00bb custom_padding=\u00bb|59px||||\u00bb]<\/p>\n<p style=\"text-align: justify;\"><strong>Descripci\u00f3n del grupo\/proyecto:<\/strong><\/p>\n<p style=\"text-align: justify;\">Obesidad y envejecimiento cerebral es una l\u00ednea de investigaci\u00f3n basada en desentra\u00f1ar el mecanismo subyacente al deterioro cognitivo y los s\u00edntomas de depresi\u00f3n asociados a la obesidad. Centrada en la comunicaci\u00f3n del eje intestino-cerebro, esta l\u00ednea de investigaci\u00f3n estudia c\u00f3mo los diferentes estilos de vida pueden modificar la composici\u00f3n de la mircrobiota intestinal y, en \u00faltima instancia, afectar a la funcionalidad del cerebro. Siendo la c\u00e9lula microglial el centinela y principal protector del cerebro, el objetivo principal de esta l\u00ednea de investigaci\u00f3n es entender el papel de la c\u00e9lula microglial en la modulaci\u00f3n de la comunicaci\u00f3n del eje intestino-cerebro.<\/p>\n<p style=\"text-align: justify;\"><strong>\u00bfQu\u00e9 puede aprender el alumno durante su estancia?<\/strong><\/p>\n<p style=\"text-align: justify;\">Adem\u00e1s del entorno te\u00f3rico del proyecto y de comprender mejor c\u00f3mo el estilo de vida puede afectar al cerebro, los estudiantes aprender\u00e1n a trabajar en un laboratorio multidisciplinar en el que enfermeros, m\u00e9dicos y bi\u00f3logos comparten la pasi\u00f3n por la biomedicina y trabajan en equipo. En el laboratorio, el estudiante aprender\u00e1 t\u00e9cnicas de biolog\u00eda molecular y celular como inmunocitoqu\u00edmica\/inmunohistoqu\u00edmica, western blot, RT-qPCR y an\u00e1lisis microsc\u00f3pico.<\/p>\n<p style=\"text-align: justify;\"><strong>Principales tareas y oportunidades de aprendizaje:<\/strong><\/p>\n<p style=\"text-align: justify;\"><span style=\"font-size: 14px;\">Preparaci\u00f3n de tampones, manipulaci\u00f3n y procesamiento de muestras biol\u00f3gicas, aislamiento y cuantificaci\u00f3n de prote\u00ednas y ARN, procedimiento de inmunotinci\u00f3n y an\u00e1lisis de datos.<\/span><\/p>\n<p style=\"text-align: justify;\"><strong>Otra informaci\u00f3n de inter\u00e9s<\/strong><\/p>\n<ul style=\"text-align: justify;\">\n<li><strong>Duraci\u00f3n:<\/strong>\u00a0 2 &#8211; 12 meses<\/li>\n<li><strong>Fechas disponibles: <\/strong>Septiembre &#8211; Junio<\/li>\n<li><strong>N\u00famero de alumnos que puede acoger el grupo al mismo tiempo en este puesto:<\/strong> 1<\/li>\n<\/ul>\n<p style=\"text-align: justify;\"><em>* Todas las pr\u00e1cticas ofrecidas por IBIMA Plataforma BIONAND son en el \u00e1mbito de la investigaci\u00f3n (no asistenciales).<\/em><\/p>\n<p style=\"text-align: justify;\">\n<p>[\/et_pb_blurb][\/et_pb_column][\/et_pb_row][\/et_pb_section]<\/p>\n","protected":false},"excerpt":{"rendered":"<p>A-02 Obesidad, diabetes y sus comorbilidades: prevenci\u00f3n y talento\u00a0&#8211; Grupo de investigaci\u00f3n: A-02 Obesidad, diabetes y sus comorbilidades: prevenci\u00f3n y tratamiento &#8211; Supervisora: Virginia Mela Rivas- T\u00edtulo traineeship: Obesidad y envejecimiento cerebral &#8211; Palabras clave: Neuroinflamaci\u00f3n, cognici\u00f3n, depresi\u00f3n, microgl\u00eda, obesidadDescripci\u00f3n del grupo\/proyecto: Obesidad y envejecimiento cerebral es una l\u00ednea de investigaci\u00f3n basada en desentra\u00f1ar el [&hellip;]<\/p>\n","protected":false},"author":2,"featured_media":0,"parent":0,"menu_order":0,"comment_status":"closed","ping_status":"closed","template":"","meta":{"_acf_changed":false,"_et_pb_use_builder":"on","_et_pb_old_content":"","_et_gb_content_width":"","footnotes":""},"class_list":["post-47983","page","type-page","status-publish","hentry"],"acf":[],"yoast_head":"<!-- This site is optimized with the Yoast SEO plugin v27.3 - https:\/\/yoast.com\/product\/yoast-seo-wordpress\/ -->\n<title>Estancia Internacional en IBIMA - A02 - Ibima<\/title>\n<meta name=\"robots\" content=\"index, follow, max-snippet:-1, max-image-preview:large, max-video-preview:-1\" \/>\n<link rel=\"canonical\" href=\"https:\/\/ibima.eu\/en\/estancia-internacional-en-ibima-a02\/\" \/>\n<meta property=\"og:locale\" content=\"en_GB\" \/>\n<meta property=\"og:type\" content=\"article\" \/>\n<meta property=\"og:title\" content=\"Estancia Internacional en IBIMA - A02 - Ibima\" \/>\n<meta property=\"og:description\" content=\"A-02 Obesidad, diabetes y sus comorbilidades: prevenci\u00f3n y talento\u00a0- Grupo de investigaci\u00f3n: A-02 Obesidad, diabetes y sus comorbilidades: prevenci\u00f3n y tratamiento - Supervisora: Virginia Mela Rivas- T\u00edtulo traineeship: Obesidad y envejecimiento cerebral - Palabras clave: Neuroinflamaci\u00f3n, cognici\u00f3n, depresi\u00f3n, microgl\u00eda, obesidadDescripci\u00f3n del grupo\/proyecto: Obesidad y envejecimiento cerebral es una l\u00ednea de investigaci\u00f3n basada en desentra\u00f1ar el [&hellip;]\" \/>\n<meta property=\"og:url\" content=\"https:\/\/ibima.eu\/en\/estancia-internacional-en-ibima-a02\/\" \/>\n<meta property=\"og:site_name\" content=\"Ibima\" \/>\n<meta name=\"twitter:card\" content=\"summary_large_image\" \/>\n<meta name=\"twitter:label1\" content=\"Estimated reading time\" \/>\n\t<meta name=\"twitter:data1\" content=\"4 minutes\" \/>\n<script type=\"application\/ld+json\" class=\"yoast-schema-graph\">{\"@context\":\"https:\\\/\\\/schema.org\",\"@graph\":[{\"@type\":\"WebPage\",\"@id\":\"https:\\\/\\\/ibima.eu\\\/estancia-internacional-en-ibima-a02\\\/\",\"url\":\"https:\\\/\\\/ibima.eu\\\/estancia-internacional-en-ibima-a02\\\/\",\"name\":\"Estancia Internacional en IBIMA - A02 - Ibima\",\"isPartOf\":{\"@id\":\"https:\\\/\\\/ibima.eu\\\/es\\\/#website\"},\"datePublished\":\"2024-08-01T07:22:41+00:00\",\"breadcrumb\":{\"@id\":\"https:\\\/\\\/ibima.eu\\\/estancia-internacional-en-ibima-a02\\\/#breadcrumb\"},\"inLanguage\":\"en-GB\",\"potentialAction\":[{\"@type\":\"ReadAction\",\"target\":[\"https:\\\/\\\/ibima.eu\\\/estancia-internacional-en-ibima-a02\\\/\"]}]},{\"@type\":\"BreadcrumbList\",\"@id\":\"https:\\\/\\\/ibima.eu\\\/estancia-internacional-en-ibima-a02\\\/#breadcrumb\",\"itemListElement\":[{\"@type\":\"ListItem\",\"position\":1,\"name\":\"Portada\",\"item\":\"https:\\\/\\\/ibima.eu\\\/es\\\/\"},{\"@type\":\"ListItem\",\"position\":2,\"name\":\"Estancia Internacional en IBIMA &#8211; A02\"}]},{\"@type\":\"WebSite\",\"@id\":\"https:\\\/\\\/ibima.eu\\\/es\\\/#website\",\"url\":\"https:\\\/\\\/ibima.eu\\\/es\\\/\",\"name\":\"Ibima\",\"description\":\"\",\"potentialAction\":[{\"@type\":\"SearchAction\",\"target\":{\"@type\":\"EntryPoint\",\"urlTemplate\":\"https:\\\/\\\/ibima.eu\\\/es\\\/?s={search_term_string}\"},\"query-input\":{\"@type\":\"PropertyValueSpecification\",\"valueRequired\":true,\"valueName\":\"search_term_string\"}}],\"inLanguage\":\"en-GB\"}]}<\/script>\n<!-- \/ Yoast SEO plugin. -->","yoast_head_json":{"title":"Estancia Internacional en IBIMA - A02 - Ibima","robots":{"index":"index","follow":"follow","max-snippet":"max-snippet:-1","max-image-preview":"max-image-preview:large","max-video-preview":"max-video-preview:-1"},"canonical":"https:\/\/ibima.eu\/en\/estancia-internacional-en-ibima-a02\/","og_locale":"en_GB","og_type":"article","og_title":"Estancia Internacional en IBIMA - A02 - Ibima","og_description":"A-02 Obesidad, diabetes y sus comorbilidades: prevenci\u00f3n y talento\u00a0- Grupo de investigaci\u00f3n: A-02 Obesidad, diabetes y sus comorbilidades: prevenci\u00f3n y tratamiento - Supervisora: Virginia Mela Rivas- T\u00edtulo traineeship: Obesidad y envejecimiento cerebral - Palabras clave: Neuroinflamaci\u00f3n, cognici\u00f3n, depresi\u00f3n, microgl\u00eda, obesidadDescripci\u00f3n del grupo\/proyecto: Obesidad y envejecimiento cerebral es una l\u00ednea de investigaci\u00f3n basada en desentra\u00f1ar el [&hellip;]","og_url":"https:\/\/ibima.eu\/en\/estancia-internacional-en-ibima-a02\/","og_site_name":"Ibima","twitter_card":"summary_large_image","twitter_misc":{"Estimated reading time":"4 minutes"},"schema":{"@context":"https:\/\/schema.org","@graph":[{"@type":"WebPage","@id":"https:\/\/ibima.eu\/estancia-internacional-en-ibima-a02\/","url":"https:\/\/ibima.eu\/estancia-internacional-en-ibima-a02\/","name":"Estancia Internacional en IBIMA - A02 - Ibima","isPartOf":{"@id":"https:\/\/ibima.eu\/es\/#website"},"datePublished":"2024-08-01T07:22:41+00:00","breadcrumb":{"@id":"https:\/\/ibima.eu\/estancia-internacional-en-ibima-a02\/#breadcrumb"},"inLanguage":"en-GB","potentialAction":[{"@type":"ReadAction","target":["https:\/\/ibima.eu\/estancia-internacional-en-ibima-a02\/"]}]},{"@type":"BreadcrumbList","@id":"https:\/\/ibima.eu\/estancia-internacional-en-ibima-a02\/#breadcrumb","itemListElement":[{"@type":"ListItem","position":1,"name":"Portada","item":"https:\/\/ibima.eu\/es\/"},{"@type":"ListItem","position":2,"name":"Estancia Internacional en IBIMA &#8211; A02"}]},{"@type":"WebSite","@id":"https:\/\/ibima.eu\/es\/#website","url":"https:\/\/ibima.eu\/es\/","name":"Ibima","description":"","potentialAction":[{"@type":"SearchAction","target":{"@type":"EntryPoint","urlTemplate":"https:\/\/ibima.eu\/es\/?s={search_term_string}"},"query-input":{"@type":"PropertyValueSpecification","valueRequired":true,"valueName":"search_term_string"}}],"inLanguage":"en-GB"}]}},"_links":{"self":[{"href":"https:\/\/ibima.eu\/en\/wp-json\/wp\/v2\/pages\/47983","targetHints":{"allow":["GET"]}}],"collection":[{"href":"https:\/\/ibima.eu\/en\/wp-json\/wp\/v2\/pages"}],"about":[{"href":"https:\/\/ibima.eu\/en\/wp-json\/wp\/v2\/types\/page"}],"author":[{"embeddable":true,"href":"https:\/\/ibima.eu\/en\/wp-json\/wp\/v2\/users\/2"}],"replies":[{"embeddable":true,"href":"https:\/\/ibima.eu\/en\/wp-json\/wp\/v2\/comments?post=47983"}],"version-history":[{"count":2,"href":"https:\/\/ibima.eu\/en\/wp-json\/wp\/v2\/pages\/47983\/revisions"}],"predecessor-version":[{"id":48025,"href":"https:\/\/ibima.eu\/en\/wp-json\/wp\/v2\/pages\/47983\/revisions\/48025"}],"wp:attachment":[{"href":"https:\/\/ibima.eu\/en\/wp-json\/wp\/v2\/media?parent=47983"}],"curies":[{"name":"wp","href":"https:\/\/api.w.org\/{rel}","templated":true}]}}