{"id":48998,"date":"2024-10-10T07:32:14","date_gmt":"2024-10-10T07:32:14","guid":{"rendered":"https:\/\/ibima.eu\/?page_id=48998"},"modified":"2024-11-15T11:47:34","modified_gmt":"2024-11-15T11:47:34","slug":"innohealth","status":"publish","type":"page","link":"https:\/\/ibima.eu\/en\/innohealth\/","title":{"rendered":"Innohealth"},"content":{"rendered":"<p>[et_pb_section fb_built=\u00bb1&#8243; _builder_version=\u00bb4.27.0&#8243; _module_preset=\u00bbdefault\u00bb background_image=\u00bbhttps:\/\/ibima.eu\/wp-content\/uploads\/2024\/10\/2.png\u00bb global_colors_info=\u00bb{}\u00bb][et_pb_row _builder_version=\u00bb4.20.4&#8243; _module_preset=\u00bbdefault\u00bb custom_padding=\u00bb250px||30px||false|false\u00bb global_colors_info=\u00bb{}\u00bb][et_pb_column type=\u00bb4_4&#8243; _builder_version=\u00bb4.20.4&#8243; _module_preset=\u00bbdefault\u00bb global_colors_info=\u00bb{}\u00bb][et_pb_text disabled_on=\u00bbon|on|on\u00bb _builder_version=\u00bb4.27.0&#8243; _module_preset=\u00bbdefault\u00bb header_2_font=\u00bbPoppins|700|||||||\u00bb header_2_text_color=\u00bb#FFFFFF\u00bb header_2_font_size=\u00bb46px\u00bb text_text_shadow_style=\u00bbpreset3&#8243; text_text_shadow_color=\u00bb#000000&#8243; disabled=\u00bbon\u00bb global_colors_info=\u00bb{}\u00bb]<\/p>\n<h2>Unidad de Innovaci\u00f3n y Transferencia de Tecnolog\u00eda<\/h2>\n<p>[\/et_pb_text][\/et_pb_column][\/et_pb_row][\/et_pb_section][et_pb_section fb_built=\u00bb1&#8243; _builder_version=\u00bb4.20.4&#8243; _module_preset=\u00bbdefault\u00bb background_color=\u00bb#235b78&#8243; custom_padding=\u00bb30px||30px||true|false\u00bb locked=\u00bboff\u00bb global_colors_info=\u00bb{}\u00bb][et_pb_row _builder_version=\u00bb4.20.4&#8243; _module_preset=\u00bbdefault\u00bb global_colors_info=\u00bb{}\u00bb][et_pb_column type=\u00bb4_4&#8243; _builder_version=\u00bb4.20.4&#8243; _module_preset=\u00bbdefault\u00bb global_colors_info=\u00bb{}\u00bb][et_pb_text _builder_version=\u00bb4.27.0&#8243; _module_preset=\u00bbdefault\u00bb header_3_font=\u00bbPoppins|700|||||||\u00bb header_3_text_color=\u00bb#FFFFFF\u00bb header_3_font_size=\u00bb34px\u00bb global_colors_info=\u00bb{}\u00bb]<\/p>\n<h3>II Edici\u00f3n: El dato en salud digital<\/h3>\n<p>[\/et_pb_text][\/et_pb_column][\/et_pb_row][\/et_pb_section][et_pb_section fb_built=\u00bb1&#8243; _builder_version=\u00bb4.27.0&#8243; _module_preset=\u00bbdefault\u00bb background_color=\u00bb#ffa14f\u00bb custom_padding=\u00bb15px||15px||true|false\u00bb hover_transition_duration=\u00bb150ms\u00bb global_colors_info=\u00bb{}\u00bb][et_pb_row _builder_version=\u00bb4.27.0&#8243; _module_preset=\u00bbdefault\u00bb background_color=\u00bb#ffa14f\u00bb width=\u00bb75%\u00bb custom_padding=\u00bb||||false|true\u00bb hover_transition_duration=\u00bb0ms\u00bb global_colors_info=\u00bb{}\u00bb][et_pb_column type=\u00bb4_4&#8243; _builder_version=\u00bb4.25.0&#8243; _module_preset=\u00bbdefault\u00bb custom_padding=\u00bb||||true|true\u00bb animation_style=\u00bbslide\u00bb animation_direction=\u00bbbottom\u00bb global_colors_info=\u00bb{}\u00bb][et_pb_menu menu_id=\u00bb2633&#8243; menu_style=\u00bbinline_centered_logo\u00bb logo=\u00bbhttps:\/\/ibima.eu\/wp-content\/uploads\/2024\/10\/logos_OPI-OTT_horizontal-removebg-preview-1.png\u00bb logo_max_width=\u00bb300px\u00bb _builder_version=\u00bb4.27.0&#8243; _module_preset=\u00bbdefault\u00bb menu_font_size=\u00bb24px\u00bb background_color=\u00bb#ffa14f\u00bb background_layout=\u00bbdark\u00bb menu_text_shadow_style=\u00bbpreset4&#8243; global_colors_info=\u00bb{}\u00bb][\/et_pb_menu][\/et_pb_column][\/et_pb_row][\/et_pb_section][et_pb_section fb_built=\u00bb1&#8243; _builder_version=\u00bb4.27.0&#8243; _module_preset=\u00bbdefault\u00bb custom_margin=\u00bb50px||50px||true|false\u00bb custom_padding=\u00bb0px|||||\u00bb global_colors_info=\u00bb{}\u00bb][et_pb_row make_equal=\u00bbon\u00bb admin_label=\u00bbFila\u00bb _builder_version=\u00bb4.27.0&#8243; _module_preset=\u00bbdefault\u00bb module_alignment=\u00bbcenter\u00bb global_colors_info=\u00bb{}\u00bb][et_pb_column type=\u00bb4_4&#8243; _builder_version=\u00bb4.27.0&#8243; _module_preset=\u00bbdefault\u00bb global_colors_info=\u00bb{}\u00bb][et_pb_text _builder_version=\u00bb4.27.2&#8243; _module_preset=\u00bbdefault\u00bb header_text_color=\u00bb#43a5d3&#8243; header_font_size=\u00bb4rem\u00bb header_2_text_color=\u00bb#235b78&#8243; header_2_font_size=\u00bb4rem\u00bb global_colors_info=\u00bb{}\u00bb]<\/p>\n<h2 style=\"text-align: center;\"><strong>InnoHEALTH<\/strong>:<\/h2>\n<h1 style=\"text-align: center;\">El dato en salud digital<\/h1>\n<h2 style=\"text-align: center;\"><span style=\"font-size: xx-large; color: #ff7700;\">21 de noviembre de 2024 | Edificio Green Lemon<\/span><\/h2>\n<h3 style=\"text-align: justify;\"><span style=\"font-size: large;\"><strong>IBIMA Plataforma BIONAND<\/strong>, con la colaboraci\u00f3n de <strong>M\u00e1laga TechPark<\/strong> e <strong>InnovaIRV<\/strong>, organiza una <strong>jornada dedicada a explorar los avances y retos en la utilizaci\u00f3n de datos dentro del espacio de salud digital<\/strong>, en el contexto de la legislaci\u00f3n del espacio de datos europeo.<\/span><\/h3>\n<h3 style=\"text-align: justify;\"><span style=\"font-size: large;\">Este evento tendr\u00e1 lugar el pr\u00f3ximo jueves 21 de noviembre de 2024, a partir de las 11:00 de la ma\u00f1ana en el edificio Green Lemon en M\u00e1laga TechPark.<\/span><\/h3>\n<h3 style=\"text-align: justify;\"><span style=\"font-size: large;\">Bajo el t\u00edtulo <strong>\u00abEl Dato en Salud Digital\u00bb<\/strong>, la jornada abordar\u00e1 temas clave en el \u00e1mbito de la investigaci\u00f3n en salud y el uso de datos, a trav\u00e9s de dos mesas redondas:<\/span><\/h3>\n<h3 style=\"text-align: center;\"><span style=\"font-size: large;\">Mesa Redonda 1: \u00ab<strong>Uso compartido del dato en investigaci\u00f3n en salud<\/strong>\u00ab<\/span><\/h3>\n<h3 style=\"text-align: center;\"><span style=\"font-size: large;\">Mesa Redonda 2: \u00ab<strong>Desarrollo de casos en el uso de datos de salud<\/strong>\u00ab<\/span><\/h3>\n<p>[\/et_pb_text][et_pb_button button_url=\u00bbhttps:\/\/ibima.eu\/wp-content\/uploads\/2024\/11\/Innohealth-2-programa.pdf\u00bb url_new_window=\u00bbon\u00bb button_text=\u00bbPROGRAMA\u00bb button_alignment=\u00bbcenter\u00bb _builder_version=\u00bb4.27.2&#8243; _module_preset=\u00bbdefault\u00bb custom_button=\u00bbon\u00bb button_text_size=\u00bb17px\u00bb button_text_color=\u00bb#ffffff\u00bb button_bg_color=\u00bb#235b78&#8243; button_border_width=\u00bb0px\u00bb button_border_radius=\u00bb12px\u00bb button_font=\u00bbPoppins||||||||\u00bb button_icon=\u00bb&#x39;||divi||400&#8243; custom_margin=\u00bb15px||15px||true|false\u00bb locked=\u00bboff\u00bb global_colors_info=\u00bb{}\u00bb][\/et_pb_button][et_pb_text _builder_version=\u00bb4.27.2&#8243; _module_preset=\u00bbdefault\u00bb header_text_color=\u00bb#43a5d3&#8243; header_font_size=\u00bb4rem\u00bb header_2_text_color=\u00bb#235b78&#8243; header_2_font_size=\u00bb4rem\u00bb global_colors_info=\u00bb{}\u00bb]<\/p>\n<h3 style=\"text-align: justify;\"><span style=\"font-size: large;\">Adem\u00e1s de estas mesas redondas, se ofrecer\u00e1 a los asistentes la oportunidad de participar en <\/span><strong style=\"font-size: large;\">reuniones one-to-one<\/strong><span style=\"font-size: large;\">, dise\u00f1adas para fomentar la comunicaci\u00f3n y colaboraci\u00f3n entre empresas tecnol\u00f3gicas, investigadores y asociaciones de pacientes. Estas reuniones se concertar\u00e1n previamente durante el proceso de inscripci\u00f3n.<\/span><br \/><span style=\"font-size: large;\"><\/span><\/h3>\n<h3 style=\"text-align: justify;\"><span style=\"font-size: large;\">La jornada incluye un <strong>c\u00f3ctel de networking<\/strong> a las 14:00 horas, seguido por las reuniones one-to-one desde las 14:45 hasta las 16:30 horas.<\/span><\/h3>\n<h3 style=\"text-align: justify;\"><span style=\"font-size: large;\">Este evento es una excelente oportunidad para debatir sobre el futuro del uso de los datos en salud digital y crear sinergias entre distintos actores del ecosistema de innovaci\u00f3n en salud.<\/span><\/h3>\n<h4>Puede contactar con nosotros en: <a href=\"mailto:innovaciontic@ibima.eu\">innovaciontic@ibima.eu<\/a><\/h4>\n<p><span style=\"font-size: large;\"><\/span><\/p>\n<p><span style=\"font-size: large;\"><\/span><\/p>\n<p><span style=\"font-size: large;\"><\/span><\/p>\n<h3 style=\"text-align: center;\"><a href=\"https:\/\/ibima.eu\/innohealth\/inscripciones\/\"><span style=\"font-size: xx-large; color: #ff7700;\"><strong>\u00a1Inscr\u00edbete y participa!<\/strong><\/span><\/a><\/h3>\n<p>[\/et_pb_text][\/et_pb_column][\/et_pb_row][\/et_pb_section][et_pb_section fb_built=\u00bb1&#8243; _builder_version=\u00bb4.20.4&#8243; _module_preset=\u00bbdefault\u00bb background_color=\u00bb#235b78&#8243; custom_padding=\u00bb30px||30px||true|false\u00bb locked=\u00bboff\u00bb global_colors_info=\u00bb{}\u00bb][et_pb_row column_structure=\u00bb2_5,3_5&#8243; _builder_version=\u00bb4.20.4&#8243; _module_preset=\u00bbdefault\u00bb custom_padding=\u00bb3px|||||\u00bb global_colors_info=\u00bb{}\u00bb][et_pb_column type=\u00bb2_5&#8243; _builder_version=\u00bb4.20.4&#8243; _module_preset=\u00bbdefault\u00bb global_colors_info=\u00bb{}\u00bb][et_pb_text _builder_version=\u00bb4.27.0&#8243; _module_preset=\u00bbdefault\u00bb header_3_font=\u00bbPoppins|700|||||||\u00bb header_3_text_color=\u00bb#FFFFFF\u00bb header_3_font_size=\u00bb34px\u00bb global_colors_info=\u00bb{}\u00bb]<\/p>\n<h3>Organiza:<\/h3>\n<p>[\/et_pb_text][\/et_pb_column][et_pb_column type=\u00bb3_5&#8243; _builder_version=\u00bb4.20.4&#8243; _module_preset=\u00bbdefault\u00bb global_colors_info=\u00bb{}\u00bb][et_pb_text _builder_version=\u00bb4.27.0&#8243; _module_preset=\u00bbdefault\u00bb header_3_font=\u00bbPoppins|700|||||||\u00bb header_3_text_color=\u00bb#FFFFFF\u00bb header_3_font_size=\u00bb34px\u00bb global_colors_info=\u00bb{}\u00bb]<\/p>\n<h3>Colabora:<\/h3>\n<p>[\/et_pb_text][\/et_pb_column][\/et_pb_row][\/et_pb_section][et_pb_section fb_built=\u00bb1&#8243; _builder_version=\u00bb4.27.0&#8243; _module_preset=\u00bbdefault\u00bb custom_padding=\u00bb||6px||false|false\u00bb global_colors_info=\u00bb{}\u00bb][et_pb_row column_structure=\u00bb1_3,1_3,1_3&#8243; make_equal=\u00bbon\u00bb custom_padding_last_edited=\u00bboff|desktop\u00bb _builder_version=\u00bb4.27.0&#8243; _module_preset=\u00bbdefault\u00bb width=\u00bb100%\u00bb custom_margin=\u00bb6px||||false|false\u00bb custom_padding=\u00bb||||false|false\u00bb custom_padding_tablet=\u00bb0px||0px||true|false\u00bb custom_padding_phone=\u00bb0px||0px||true|false\u00bb global_colors_info=\u00bb{}\u00bb][et_pb_column type=\u00bb1_3&#8243; _builder_version=\u00bb4.20.4&#8243; _module_preset=\u00bbdefault\u00bb transform_scale_tablet=\u00bb102%|102%\u00bb transform_scale_phone=\u00bb102%|102%\u00bb transform_scale_last_edited=\u00bbon|tablet\u00bb transform_translate_tablet=\u00bb\u00bb transform_translate_phone=\u00bb\u00bb transform_translate_last_edited=\u00bbon|desktop\u00bb transform_rotate_tablet=\u00bb\u00bb transform_rotate_phone=\u00bb\u00bb transform_rotate_last_edited=\u00bbon|desktop\u00bb transform_skew_tablet=\u00bb\u00bb transform_skew_phone=\u00bb\u00bb transform_skew_last_edited=\u00bbon|desktop\u00bb transform_origin_tablet=\u00bb\u00bb transform_origin_phone=\u00bb\u00bb transform_origin_last_edited=\u00bbon|desktop\u00bb transform_styles_last_edited=\u00bbon|tablet\u00bb transform_styles_tablet=\u00bb\u00bb transform_styles_phone=\u00bb\u00bb global_colors_info=\u00bb{}\u00bb][et_pb_blurb image=\u00bbhttps:\/\/ibima.eu\/wp-content\/uploads\/2024\/10\/ibima-jda-uma.png\u00bb image_icon_width=\u00bb70%\u00bb _builder_version=\u00bb4.27.2&#8243; _module_preset=\u00bbdefault\u00bb header_font=\u00bbPoppins|700|||||||\u00bb header_text_align=\u00bbcenter\u00bb header_text_color=\u00bb#43a5d3&#8243; header_font_size=\u00bb24px\u00bb body_font=\u00bbMontserrat||||||||\u00bb body_text_align=\u00bbcenter\u00bb body_text_color=\u00bb#FFFFFF\u00bb body_font_size=\u00bb18px\u00bb background_color=\u00bb#235b78&#8243; image_icon_custom_margin=\u00bb10px||||false|false\u00bb module_alignment=\u00bbcenter\u00bb min_height=\u00bb415px\u00bb custom_margin=\u00bb5px||5px||true|false\u00bb custom_padding=\u00bb27px|30px|27px|30px|true|true\u00bb border_width_right=\u00bb5px\u00bb border_color_right=\u00bb#FFFFFF\u00bb border_radii_image=\u00bbon|25px|25px|25px|25px\u00bb locked=\u00bboff\u00bb global_colors_info=\u00bb{}\u00bb]<\/p>\n<p><span style=\"font-size: x-large;\">IBIMA Plataforma BIONAND<\/span><\/p>\n<p>[\/et_pb_blurb][\/et_pb_column][et_pb_column type=\u00bb1_3&#8243; _builder_version=\u00bb4.20.4&#8243; _module_preset=\u00bbdefault\u00bb transform_scale_tablet=\u00bb103%|103%\u00bb transform_scale_phone=\u00bb103%|103%\u00bb transform_scale_last_edited=\u00bbon|tablet\u00bb transform_translate_tablet=\u00bb\u00bb transform_translate_phone=\u00bb\u00bb transform_translate_last_edited=\u00bbon|tablet\u00bb transform_rotate_tablet=\u00bb\u00bb transform_rotate_phone=\u00bb\u00bb transform_rotate_last_edited=\u00bbon|tablet\u00bb transform_skew_tablet=\u00bb\u00bb transform_skew_phone=\u00bb\u00bb transform_skew_last_edited=\u00bbon|tablet\u00bb transform_origin_tablet=\u00bb\u00bb transform_origin_phone=\u00bb\u00bb transform_origin_last_edited=\u00bbon|tablet\u00bb transform_styles_last_edited=\u00bbon|tablet\u00bb transform_styles_tablet=\u00bb\u00bb transform_styles_phone=\u00bb\u00bb global_colors_info=\u00bb{}\u00bb][et_pb_blurb image=\u00bbhttps:\/\/ibima.eu\/wp-content\/uploads\/2024\/10\/PTA-logos-Malaga-Tech-Park-versiones-AF-01-scaled-1.jpg\u00bb image_icon_width=\u00bb70%\u00bb _builder_version=\u00bb4.27.2&#8243; _module_preset=\u00bbdefault\u00bb header_font=\u00bbPoppins|700|||||||\u00bb header_text_align=\u00bbcenter\u00bb header_text_color=\u00bb#43a5d3&#8243; header_font_size=\u00bb24px\u00bb body_font=\u00bbMontserrat||||||||\u00bb body_text_align=\u00bbcenter\u00bb body_text_color=\u00bb#FFFFFF\u00bb body_font_size=\u00bb18px\u00bb background_color=\u00bb#235b78&#8243; image_icon_custom_margin=\u00bb10px||||false|false\u00bb module_alignment=\u00bbcenter\u00bb min_height=\u00bb415px\u00bb custom_margin=\u00bb5px||5px||true|false\u00bb custom_padding=\u00bb27px|30px|27px|30px|true|true\u00bb border_width_right=\u00bb5px\u00bb border_color_right=\u00bb#FFFFFF\u00bb border_radii_image=\u00bbon|25px|25px|25px|25px\u00bb locked=\u00bboff\u00bb global_colors_info=\u00bb{}\u00bb]<\/p>\n<p><span style=\"font-size: x-large;\"><\/span><\/p>\n<p><span style=\"font-size: x-large;\"><\/span><\/p>\n<p><span style=\"font-size: x-large;\"><\/span><\/p>\n<p><span style=\"font-size: x-large;\"><\/span><\/p>\n<p><span style=\"font-size: x-large;\"><\/span><\/p>\n<p><span style=\"font-size: x-large;\"><\/span><\/p>\n<p><span style=\"font-size: x-large;\">M\u00e1laga TechPark<\/span><\/p>\n<p>[\/et_pb_blurb][\/et_pb_column][et_pb_column type=\u00bb1_3&#8243; _builder_version=\u00bb4.20.4&#8243; _module_preset=\u00bbdefault\u00bb global_colors_info=\u00bb{}\u00bb][et_pb_blurb image=\u00bbhttps:\/\/ibima.eu\/wp-content\/uploads\/2024\/10\/LOGO-INNOVA-IRV.jpg\u00bb image_icon_width=\u00bb70%\u00bb _builder_version=\u00bb4.27.2&#8243; _module_preset=\u00bbdefault\u00bb header_font=\u00bbPoppins|700|||||||\u00bb header_text_align=\u00bbcenter\u00bb header_text_color=\u00bb#43a5d3&#8243; header_font_size=\u00bb24px\u00bb body_font=\u00bbMontserrat||||||||\u00bb body_text_align=\u00bbcenter\u00bb body_text_color=\u00bb#FFFFFF\u00bb body_font_size=\u00bb18px\u00bb background_color=\u00bb#235b78&#8243; image_icon_custom_margin=\u00bb10px||||false|false\u00bb module_alignment=\u00bbcenter\u00bb min_height=\u00bb415px\u00bb custom_margin=\u00bb5px||5px||true|false\u00bb custom_padding=\u00bb27px|30px|27px|30px|true|true\u00bb border_width_right=\u00bb5px\u00bb border_color_right=\u00bb#FFFFFF\u00bb border_radii_image=\u00bbon|25px|25px|25px|25px\u00bb locked=\u00bboff\u00bb global_colors_info=\u00bb{}\u00bb]<\/p>\n<p><span style=\"font-size: x-large;\"><\/span><\/p>\n<p><span style=\"font-size: x-large;\"><\/span><\/p>\n<p><span style=\"font-size: x-large;\"><\/span><\/p>\n<p><span style=\"font-size: x-large;\"><\/span><\/p>\n<p><span style=\"font-size: x-large;\"><\/span><\/p>\n<p><span style=\"font-size: x-large;\"><\/span><\/p>\n<p><span style=\"font-size: x-large;\">Instituto Ricardo Valle de Innovaci\u00f3n<\/span><\/p>\n<p>[\/et_pb_blurb][\/et_pb_column][\/et_pb_row][\/et_pb_section]<\/p>\n","protected":false},"excerpt":{"rendered":"<p>Unidad de Innovaci\u00f3n y Transferencia de Tecnolog\u00edaII Edici\u00f3n: El dato en salud digitalInnoHEALTH: El dato en salud digital 21 de noviembre de 2024 | Edificio Green Lemon IBIMA Plataforma BIONAND, con la colaboraci\u00f3n de M\u00e1laga TechPark e InnovaIRV, organiza una jornada dedicada a explorar los avances y retos en la utilizaci\u00f3n de datos dentro del [&hellip;]<\/p>\n","protected":false},"author":2,"featured_media":0,"parent":0,"menu_order":0,"comment_status":"closed","ping_status":"closed","template":"","meta":{"_acf_changed":false,"_et_pb_use_builder":"on","_et_pb_old_content":"","_et_gb_content_width":"","footnotes":""},"class_list":["post-48998","page","type-page","status-publish","hentry"],"acf":[],"yoast_head":"<!-- This site is optimized with the Yoast SEO plugin v27.4 - https:\/\/yoast.com\/product\/yoast-seo-wordpress\/ -->\n<title>Innohealth - Ibima<\/title>\n<meta name=\"description\" content=\"Innohealth de IBIMA impulsa la innovaci\u00f3n en salud mediante proyectos de I+D en biomedicina y tecnolog\u00eda sanitaria.\" \/>\n<meta name=\"robots\" content=\"index, follow, max-snippet:-1, max-image-preview:large, max-video-preview:-1\" \/>\n<link rel=\"canonical\" href=\"https:\/\/ibima.eu\/en\/innohealth\/\" \/>\n<meta property=\"og:locale\" content=\"en_GB\" \/>\n<meta property=\"og:type\" content=\"article\" \/>\n<meta property=\"og:title\" content=\"Innohealth - Ibima\" \/>\n<meta property=\"og:description\" content=\"Innohealth de IBIMA impulsa la innovaci\u00f3n en salud mediante proyectos de I+D en biomedicina y tecnolog\u00eda sanitaria.\" \/>\n<meta property=\"og:url\" content=\"https:\/\/ibima.eu\/en\/innohealth\/\" \/>\n<meta property=\"og:site_name\" content=\"Ibima\" \/>\n<meta property=\"article:modified_time\" content=\"2024-11-15T11:47:34+00:00\" \/>\n<meta name=\"twitter:card\" content=\"summary_large_image\" \/>\n<meta name=\"twitter:label1\" content=\"Estimated reading time\" \/>\n\t<meta name=\"twitter:data1\" content=\"3 minutes\" \/>\n<script type=\"application\/ld+json\" class=\"yoast-schema-graph\">{\"@context\":\"https:\\\/\\\/schema.org\",\"@graph\":[{\"@type\":\"WebPage\",\"@id\":\"https:\\\/\\\/ibima.eu\\\/es\\\/innohealth\\\/\",\"url\":\"https:\\\/\\\/ibima.eu\\\/es\\\/innohealth\\\/\",\"name\":\"Innohealth - Ibima\",\"isPartOf\":{\"@id\":\"https:\\\/\\\/ibima.eu\\\/es\\\/#website\"},\"datePublished\":\"2024-10-10T07:32:14+00:00\",\"dateModified\":\"2024-11-15T11:47:34+00:00\",\"description\":\"Innohealth de IBIMA impulsa la innovaci\u00f3n en salud mediante proyectos de I+D en biomedicina y tecnolog\u00eda sanitaria.\",\"breadcrumb\":{\"@id\":\"https:\\\/\\\/ibima.eu\\\/es\\\/innohealth\\\/#breadcrumb\"},\"inLanguage\":\"en-GB\",\"potentialAction\":[{\"@type\":\"ReadAction\",\"target\":[\"https:\\\/\\\/ibima.eu\\\/es\\\/innohealth\\\/\"]}]},{\"@type\":\"BreadcrumbList\",\"@id\":\"https:\\\/\\\/ibima.eu\\\/es\\\/innohealth\\\/#breadcrumb\",\"itemListElement\":[{\"@type\":\"ListItem\",\"position\":1,\"name\":\"Portada\",\"item\":\"https:\\\/\\\/ibima.eu\\\/es\\\/\"},{\"@type\":\"ListItem\",\"position\":2,\"name\":\"Innohealth\"}]},{\"@type\":\"WebSite\",\"@id\":\"https:\\\/\\\/ibima.eu\\\/es\\\/#website\",\"url\":\"https:\\\/\\\/ibima.eu\\\/es\\\/\",\"name\":\"Ibima\",\"description\":\"\",\"potentialAction\":[{\"@type\":\"SearchAction\",\"target\":{\"@type\":\"EntryPoint\",\"urlTemplate\":\"https:\\\/\\\/ibima.eu\\\/es\\\/?s={search_term_string}\"},\"query-input\":{\"@type\":\"PropertyValueSpecification\",\"valueRequired\":true,\"valueName\":\"search_term_string\"}}],\"inLanguage\":\"en-GB\"}]}<\/script>\n<!-- \/ Yoast SEO plugin. -->","yoast_head_json":{"title":"Innohealth - Ibima","description":"Innohealth de IBIMA impulsa la innovaci\u00f3n en salud mediante proyectos de I+D en biomedicina y tecnolog\u00eda sanitaria.","robots":{"index":"index","follow":"follow","max-snippet":"max-snippet:-1","max-image-preview":"max-image-preview:large","max-video-preview":"max-video-preview:-1"},"canonical":"https:\/\/ibima.eu\/en\/innohealth\/","og_locale":"en_GB","og_type":"article","og_title":"Innohealth - Ibima","og_description":"Innohealth de IBIMA impulsa la innovaci\u00f3n en salud mediante proyectos de I+D en biomedicina y tecnolog\u00eda sanitaria.","og_url":"https:\/\/ibima.eu\/en\/innohealth\/","og_site_name":"Ibima","article_modified_time":"2024-11-15T11:47:34+00:00","twitter_card":"summary_large_image","twitter_misc":{"Estimated reading time":"3 minutes"},"schema":{"@context":"https:\/\/schema.org","@graph":[{"@type":"WebPage","@id":"https:\/\/ibima.eu\/es\/innohealth\/","url":"https:\/\/ibima.eu\/es\/innohealth\/","name":"Innohealth - Ibima","isPartOf":{"@id":"https:\/\/ibima.eu\/es\/#website"},"datePublished":"2024-10-10T07:32:14+00:00","dateModified":"2024-11-15T11:47:34+00:00","description":"Innohealth de IBIMA impulsa la innovaci\u00f3n en salud mediante proyectos de I+D en biomedicina y tecnolog\u00eda sanitaria.","breadcrumb":{"@id":"https:\/\/ibima.eu\/es\/innohealth\/#breadcrumb"},"inLanguage":"en-GB","potentialAction":[{"@type":"ReadAction","target":["https:\/\/ibima.eu\/es\/innohealth\/"]}]},{"@type":"BreadcrumbList","@id":"https:\/\/ibima.eu\/es\/innohealth\/#breadcrumb","itemListElement":[{"@type":"ListItem","position":1,"name":"Portada","item":"https:\/\/ibima.eu\/es\/"},{"@type":"ListItem","position":2,"name":"Innohealth"}]},{"@type":"WebSite","@id":"https:\/\/ibima.eu\/es\/#website","url":"https:\/\/ibima.eu\/es\/","name":"Ibima","description":"","potentialAction":[{"@type":"SearchAction","target":{"@type":"EntryPoint","urlTemplate":"https:\/\/ibima.eu\/es\/?s={search_term_string}"},"query-input":{"@type":"PropertyValueSpecification","valueRequired":true,"valueName":"search_term_string"}}],"inLanguage":"en-GB"}]}},"_links":{"self":[{"href":"https:\/\/ibima.eu\/en\/wp-json\/wp\/v2\/pages\/48998","targetHints":{"allow":["GET"]}}],"collection":[{"href":"https:\/\/ibima.eu\/en\/wp-json\/wp\/v2\/pages"}],"about":[{"href":"https:\/\/ibima.eu\/en\/wp-json\/wp\/v2\/types\/page"}],"author":[{"embeddable":true,"href":"https:\/\/ibima.eu\/en\/wp-json\/wp\/v2\/users\/2"}],"replies":[{"embeddable":true,"href":"https:\/\/ibima.eu\/en\/wp-json\/wp\/v2\/comments?post=48998"}],"version-history":[{"count":33,"href":"https:\/\/ibima.eu\/en\/wp-json\/wp\/v2\/pages\/48998\/revisions"}],"predecessor-version":[{"id":49474,"href":"https:\/\/ibima.eu\/en\/wp-json\/wp\/v2\/pages\/48998\/revisions\/49474"}],"wp:attachment":[{"href":"https:\/\/ibima.eu\/en\/wp-json\/wp\/v2\/media?parent=48998"}],"curies":[{"name":"wp","href":"https:\/\/api.w.org\/{rel}","templated":true}]}}