{"id":50650,"date":"2025-03-12T08:01:43","date_gmt":"2025-03-12T08:01:43","guid":{"rendered":"https:\/\/ibima.eu\/?page_id=50650"},"modified":"2025-03-12T08:48:58","modified_gmt":"2025-03-12T08:48:58","slug":"m-era-net","status":"publish","type":"page","link":"https:\/\/ibima.eu\/en\/m-era-net\/","title":{"rendered":"M-ERA.NET"},"content":{"rendered":"<p>[et_pb_section fb_built=\u00bb1&#8243; admin_label=\u00bbsection\u00bb _builder_version=\u00bb4.25.1&#8243; custom_padding=\u00bb||0px|||\u00bb locked=\u00bboff\u00bb collapsed=\u00bboff\u00bb global_colors_info=\u00bb{}\u00bb][et_pb_row column_structure=\u00bb1_5,3_5,1_5&#8243; _builder_version=\u00bb4.25.1&#8243; _module_preset=\u00bbdefault\u00bb custom_margin=\u00bb10px||||false|false\u00bb global_colors_info=\u00bb{}\u00bb][et_pb_column type=\u00bb1_5&#8243; _builder_version=\u00bb4.25.1&#8243; _module_preset=\u00bbdefault\u00bb global_colors_info=\u00bb{}\u00bb][\/et_pb_column][et_pb_column type=\u00bb3_5&#8243; _builder_version=\u00bb4.25.1&#8243; _module_preset=\u00bbdefault\u00bb global_colors_info=\u00bb{}\u00bb][et_pb_image src=\u00bbhttps:\/\/ibima.eu\/wp-content\/uploads\/2025\/03\/meranet-logo.png\u00bb title_text=\u00bbmeranet-logo\u00bb align=\u00bbcenter\u00bb _builder_version=\u00bb4.27.4&#8243; _module_preset=\u00bbdefault\u00bb width=\u00bb54%\u00bb module_alignment=\u00bbcenter\u00bb custom_margin=\u00bb26px||||false|false\u00bb global_colors_info=\u00bb{}\u00bb][\/et_pb_image][\/et_pb_column][et_pb_column type=\u00bb1_5&#8243; _builder_version=\u00bb4.25.1&#8243; _module_preset=\u00bbdefault\u00bb global_colors_info=\u00bb{}\u00bb][\/et_pb_column][\/et_pb_row][et_pb_row _builder_version=\u00bb4.27.4&#8243; _module_preset=\u00bbdefault\u00bb custom_margin=\u00bb59px||||false|false\u00bb global_colors_info=\u00bb{}\u00bb][et_pb_column type=\u00bb4_4&#8243; _builder_version=\u00bb4.25.1&#8243; _module_preset=\u00bbdefault\u00bb global_colors_info=\u00bb{}\u00bb][et_pb_heading title=\u00bbM-ERA.NET CALL 2025&#8243; _builder_version=\u00bb4.27.4&#8243; _module_preset=\u00bbdefault\u00bb title_text_align=\u00bbleft\u00bb title_text_color=\u00bb#0C71C3&#8243; module_alignment=\u00bbcenter\u00bb global_colors_info=\u00bb{}\u00bb][\/et_pb_heading][\/et_pb_column][\/et_pb_row][et_pb_row admin_label=\u00bbrow\u00bb _builder_version=\u00bb4.25.1&#8243; background_size=\u00bbinitial\u00bb background_position=\u00bbtop_left\u00bb background_repeat=\u00bbrepeat\u00bb width=\u00bb77.1%\u00bb custom_margin=\u00bb|-259px||161px||\u00bb custom_padding=\u00bb|0px||9px||\u00bb global_colors_info=\u00bb{}\u00bb][et_pb_column type=\u00bb4_4&#8243; _builder_version=\u00bb4.16&#8243; custom_padding=\u00bb|||\u00bb global_colors_info=\u00bb{}\u00bb custom_padding__hover=\u00bb|||\u00bb][et_pb_text admin_label=\u00bbText\u00bb _builder_version=\u00bb4.27.4&#8243; header_text_color=\u00bb#000000&#8243; background_size=\u00bbinitial\u00bb background_position=\u00bbtop_left\u00bb background_repeat=\u00bbrepeat\u00bb width=\u00bb100%\u00bb custom_margin=\u00bb1px|-78px|||false|false\u00bb hover_enabled=\u00bb0&#8243; global_colors_info=\u00bb{}\u00bb sticky_enabled=\u00bb0&#8243;]<\/p>\n<p style=\"text-align: justify;\">La red Europea M-ERA.NET lanza una nueva Convocatoria Conjunta para fortalecer la investigaci\u00f3n e innovaci\u00f3n relacionadas con tecnolog\u00edas de materiales.<\/p>\n<p style=\"text-align: justify;\">Este a\u00f1o hay 6 convocatorias. 2 de ellas relacionadas con la salud:<\/p>\n<ol>\n<li style=\"text-align: justify;\">Functional materials\u00a0(including: Materials for smart wearables, implants and other health applications).<\/li>\n<li style=\"text-align: justify;\">Next generation materials for advanced electronics (Proposals including and considering materials by design, using modelling and\/or artificial intelligence approaches, targeting health applications or focus<em>ing on energy management are welcome).<\/em><\/li>\n<\/ol>\n<p style=\"text-align: justify;\">[\/et_pb_text][et_pb_heading title=\u00bbTopic 4: Functional Materials<br \/>\n\u00bb _builder_version=\u00bb4.27.4&#8243; _module_preset=\u00bbdefault\u00bb title_font=\u00bb|||on|||||\u00bb title_text_align=\u00bbcenter\u00bb title_text_color=\u00bb#0C71C3&#8243; width=\u00bb98.8%\u00bb custom_margin=\u00bb30px||||false|false\u00bb custom_padding=\u00bb4px||0px|0px||\u00bb global_colors_info=\u00bb{}\u00bb custom_padding__hover_enabled=\u00bbon|desktop\u00bb custom_padding__hover=\u00bb4px||0px|0px||\u00bb][\/et_pb_heading][et_pb_text admin_label=\u00bbText\u00bb _builder_version=\u00bb4.27.4&#8243; header_text_color=\u00bb#000000&#8243; background_size=\u00bbinitial\u00bb background_position=\u00bbtop_left\u00bb background_repeat=\u00bbrepeat\u00bb width=\u00bb100%\u00bb custom_margin=\u00bb11px|-78px|||false|false\u00bb global_colors_info=\u00bb{}\u00bb]<\/p>\n<h3 data-pm-slice=\"1 3 []\"><span>Objetivo de la Convocatoria <\/span><span>y Desaf\u00edos Abordados<\/span><\/h3>\n<p data-pm-slice=\"1 3 []\"><span>Esta convocatoria tiene como objetivo promover el desarrollo de materiales funcionales innovadores que impulsen soluciones tecnol\u00f3gicas sostenibles, contribuyendo a la transici\u00f3n hacia una econom\u00eda circular y al Pacto Verde Europeo. La investigaci\u00f3n se centrar\u00e1 en materiales avanzados con propiedades espec\u00edficas para aplicaciones en salud, energ\u00eda, construcci\u00f3n y procesos industriales.<\/span><\/p>\n<p><span>Entre los principales desaf\u00edos a abordar se incluyen:<\/span><\/p>\n<ul data-spread=\"false\">\n<li><span>Sustituci\u00f3n de materias primas cr\u00edticas y sustancias peligrosas.<\/span><\/li>\n<li><span>Desarrollo de materiales inteligentes para dispositivos m\u00e9dicos, wearables y aplicaciones terap\u00e9uticas.<\/span><\/li>\n<li><span>Creaci\u00f3n de estructuras funcionales para detecci\u00f3n, sensorizaci\u00f3n y actuadores.<\/span><\/li>\n<li><span>Soluciones para aislamiento t\u00e9rmico y optimizaci\u00f3n energ\u00e9tica en edificaciones.<\/span><\/li>\n<li><span>Producci\u00f3n eficiente para la purificaci\u00f3n de l\u00edquidos y gases.<\/span><\/li>\n<li><span>Fabricaci\u00f3n sostenible y reciclaje de materiales avanzados.<\/span><\/li>\n<\/ul>\n<ul data-spread=\"false\" style=\"text-align: justify;\"><\/ul>\n<p>[\/et_pb_text][et_pb_heading title=\u00bbTopic 6: Next Generation Materials for Electronics\u00bb _builder_version=\u00bb4.27.4&#8243; _module_preset=\u00bbdefault\u00bb title_font=\u00bb|||on|||||\u00bb title_text_align=\u00bbcenter\u00bb title_text_color=\u00bb#0C71C3&#8243; width=\u00bb98.8%\u00bb custom_margin=\u00bb30px||||false|false\u00bb custom_padding=\u00bb4px||0px|0px||\u00bb global_colors_info=\u00bb{}\u00bb custom_padding__hover_enabled=\u00bbon|desktop\u00bb custom_padding__hover=\u00bb4px||0px|0px||\u00bb][\/et_pb_heading][\/et_pb_column][\/et_pb_row][et_pb_row admin_label=\u00bbrow\u00bb _builder_version=\u00bb4.25.1&#8243; background_size=\u00bbinitial\u00bb background_position=\u00bbtop_left\u00bb background_repeat=\u00bbrepeat\u00bb width=\u00bb77.1%\u00bb custom_margin=\u00bb|-259px||161px||\u00bb custom_padding=\u00bb|0px||9px||\u00bb global_colors_info=\u00bb{}\u00bb][et_pb_column type=\u00bb4_4&#8243; _builder_version=\u00bb4.16&#8243; custom_padding=\u00bb|||\u00bb global_colors_info=\u00bb{}\u00bb custom_padding__hover=\u00bb|||\u00bb][et_pb_text admin_label=\u00bbText\u00bb _builder_version=\u00bb4.27.4&#8243; header_text_color=\u00bb#000000&#8243; background_size=\u00bbinitial\u00bb background_position=\u00bbtop_left\u00bb background_repeat=\u00bbrepeat\u00bb width=\u00bb100%\u00bb custom_margin=\u00bb16px|-78px|||false|false\u00bb custom_padding=\u00bb||0px|||\u00bb global_colors_info=\u00bb{}\u00bb]<\/p>\n<p><span style=\"color: #333333; font-size: 22px;\">Objetivo de la Convocatoria <\/span><span style=\"color: #333333; font-size: 22px;\">y Desaf\u00edos Abordados<\/span><\/p>\n<p data-pm-slice=\"1 3 []\" style=\"text-align: justify;\">Esta convocatoria tiene como objetivo fomentar la investigaci\u00f3n y el desarrollo de materiales innovadores para la pr\u00f3xima generaci\u00f3n de dispositivos electr\u00f3nicos, impulsando soluciones sostenibles y alineadas con el Pacto Verde Europeo. Se busca avanzar en la creaci\u00f3n de un ecosistema de microelectr\u00f3nica diversificado y din\u00e1mico, al tiempo que se abordan los retos de sostenibilidad asociados a la producci\u00f3n masiva de componentes electr\u00f3nicos para aplicaciones como el Internet de las Cosas (IoT), la Industria 4.0, la inteligencia artificial y la computaci\u00f3n avanzada.<\/p>\n<p style=\"text-align: justify;\"><span>Entre los principales desaf\u00edos a abordar se incluyen:<\/span><\/p>\n<ul data-spread=\"false\">\n<li data-start=\"764\" data-end=\"894\" style=\"text-align: justify;\">Desarrollo de materiales nanoestructurados como alternativas al silicio (materiales bidimensionales, heteroestructuras, etc.).<\/li>\n<li data-start=\"895\" data-end=\"988\" style=\"text-align: justify;\">Creaci\u00f3n de materiales avanzados para sensores, actuadores, transductores y procesadores.<\/li>\n<li data-start=\"989\" data-end=\"1073\" style=\"text-align: justify;\">Optimizaci\u00f3n de materiales para la gesti\u00f3n t\u00e9rmica en dispositivos electr\u00f3nicos.<\/li>\n<li data-start=\"1074\" data-end=\"1187\" style=\"text-align: justify;\">Desarrollo de materiales electr\u00f3nicos responsables, incluyendo opciones flexibles, estirables y conformables.<\/li>\n<li data-start=\"1188\" data-end=\"1288\" style=\"text-align: justify;\">Innovaci\u00f3n en materiales implantables, ingeribles y biorreabsorbibles para aplicaciones m\u00e9dicas.<\/li>\n<li data-start=\"1289\" data-end=\"1381\" style=\"text-align: justify;\">Materiales de ultra bajo consumo energ\u00e9tico o con capacidad de control de alta potencia.<\/li>\n<li data-start=\"1382\" data-end=\"1493\" style=\"text-align: justify;\">Avances en electr\u00f3nica \u00abMore-than-Moore\u00bb, como espintr\u00f3nica, fot\u00f3nica, computaci\u00f3n cu\u00e1ntica y neurom\u00f3rfica.<\/li>\n<li data-start=\"1494\" data-end=\"1581\" style=\"text-align: justify;\">Integraci\u00f3n h\u00edbrida y heterog\u00e9nea combinando materiales convencionales y avanzados.<\/li>\n<li data-start=\"1582\" data-end=\"1708\" style=\"text-align: justify;\">M\u00e9todos de fabricaci\u00f3n sostenible para componentes electr\u00f3nicos (impresi\u00f3n 3D, manufactura aditiva, procesos l\u00e1ser, etc.).<\/li>\n<li data-start=\"1709\" data-end=\"1793\" style=\"text-align: justify;\">Sustituci\u00f3n de materiales peligrosos por alternativas m\u00e1s limpias y sostenibles.<\/li>\n<\/ul>\n<p><span><\/span><\/p>\n<p>[\/et_pb_text][et_pb_heading title=\u00bbCondiciones Generales\u00bb _builder_version=\u00bb4.27.4&#8243; _module_preset=\u00bbdefault\u00bb title_font=\u00bb|||on|||||\u00bb title_text_align=\u00bbleft\u00bb title_text_color=\u00bb#0C71C3&#8243; width=\u00bb98.8%\u00bb module_alignment=\u00bbleft\u00bb custom_margin=\u00bb30px||10px||false|false\u00bb custom_padding=\u00bb4px||0px|0px||\u00bb global_colors_info=\u00bb{}\u00bb custom_padding__hover_enabled=\u00bbon|desktop\u00bb custom_padding__hover=\u00bb4px||0px|0px||\u00bb][\/et_pb_heading][et_pb_text admin_label=\u00bbText\u00bb _builder_version=\u00bb4.27.4&#8243; header_text_color=\u00bb#000000&#8243; background_size=\u00bbinitial\u00bb background_position=\u00bbtop_left\u00bb background_repeat=\u00bbrepeat\u00bb width=\u00bb100%\u00bb custom_margin=\u00bb1px|-78px|||false|false\u00bb custom_padding=\u00bb||0px|||\u00bb global_colors_info=\u00bb{}\u00bb]<\/p>\n<p><span><\/span><\/p>\n<ul data-spread=\"false\">\n<li style=\"text-align: justify;\">\n<p data-start=\"91\" data-end=\"325\">Es una convocatoria de dos fases.<\/p>\n<\/li>\n<li style=\"text-align: justify;\">\n<p data-start=\"91\" data-end=\"325\">El consorcio deber\u00e1 contar con un m\u00ednimo de 3 socios de 3 pa\u00edses distintos. El n\u00famero m\u00e1ximo de socios por pa\u00eds ser\u00e1 definido seg\u00fan las reglas de elegibilidad de cada ente financiador.<\/p>\n<\/li>\n<li style=\"text-align: justify;\">\n<p data-start=\"91\" data-end=\"325\">Se permiten socios colaboradores (no financiados por la convocatoria), siempre y cuando se pueda demostrar su valor a\u00f1adido al consorcio y se presente una \u00abLetter of Support\u00bb firmada por una persona con capacidad de representaci\u00f3n del socio.<\/p>\n<\/li>\n<li style=\"text-align: justify;\">\n<p data-start=\"91\" data-end=\"325\"><strong data-start=\"572\" data-end=\"605\">Duraci\u00f3n m\u00e1xima del proyecto:<\/strong> 36 meses.<\/p>\n<\/li>\n<li style=\"text-align: justify;\">\n<p data-start=\"91\" data-end=\"325\">Cada ente financiador establecer\u00e1 sus propias condiciones de elegibilidad, tanto para la instituci\u00f3n como para el investigador principal (IP) y los costes elegibles. Espa\u00f1a participa en el programa de financiaci\u00f3n a trav\u00e9s de la <strong>Agencia Estatal de Investigaci\u00f3n<\/strong>.<\/p>\n<\/li>\n<li style=\"text-align: justify;\">\n<p data-start=\"91\" data-end=\"325\"><strong data-start=\"889\" data-end=\"914\">Pa\u00edses participantes:<\/strong> Austria, B\u00e9lgica, Brasil, Bulgaria, Canad\u00e1, Croacia, Rep\u00fablica Checa, Dinamarca, Estonia, Finlandia, Francia, Alemania, Hungr\u00eda, Italia, Israel, Letonia, Lituania, Luxemburgo, Malta, Noruega, Polonia, Rep\u00fablica Eslovaca, Eslovenia, Sud\u00e1frica, Corea del Sur, Espa\u00f1a, Suecia.<\/p>\n<\/li>\n<li style=\"text-align: justify;\">\n<p data-start=\"91\" data-end=\"325\">Existe una<a href=\"https:\/\/een.ec.europa.eu\/partnering-opportunities\"> herramienta de partenariado<\/a> para la b\u00fasqueda de socios y para postularse como potencial partner ante coordinadores.<\/p>\n<p>&nbsp;<\/p>\n<p><u style=\"font-size: large;\"><strong>Financiaci\u00f3n de la participaci\u00f3n Andaluza:<\/strong><\/u><\/p>\n<p><span>Se financiar\u00e1 a trav\u00e9s de la\u00a0<\/span><strong>Agencia Estatal de Investigaci\u00f3n (AEI).<\/strong><\/p>\n<ul>\n<li><strong data-start=\"1503\" data-end=\"1582\">Proyectos con un coordinador Espa\u00f1ol: <\/strong>220.000 \u20ac.<\/li>\n<li><strong data-start=\"1503\" data-end=\"1582\">Proyectos con dos socios espa\u00f1oles, uno de ellos actuando como coordinador:<\/strong><span>\u00a0<\/span>260.000 \u20ac a repartir entre las dos entidades.<\/li>\n<li><strong data-start=\"1633\" data-end=\"1668\">Proyectos con un socio espa\u00f1ol:<\/strong><span>\u00a0<\/span>140.000 \u20ac.<\/li>\n<\/ul>\n<p><u style=\"font-size: large;\"><strong>Fechas de la convocatoria:\u00a0<\/strong><\/u><\/p>\n<ul>\n<li><strong>4 de marzo de 2025<\/strong>: Publicaci\u00f3n oficial de la convocatoria.<\/li>\n<li><strong>13 de mayo de 2025<\/strong>: Fecha l\u00edmite para la presentaci\u00f3n de las pre-propuestas.<\/li>\n<li><strong>Principios de octubre de 2025: <\/strong>Comunicaci\u00f3n de los resultados.<\/li>\n<li><strong>19 de noviembre de 2025<\/strong>: Deadline del 2\u00ba stage<\/li>\n<\/ul>\n<\/li>\n<\/ul>\n<p>[\/et_pb_text][\/et_pb_column][\/et_pb_row][et_pb_row _builder_version=\u00bb4.25.1&#8243; _module_preset=\u00bbdefault\u00bb width=\u00bb75.9%\u00bb custom_margin=\u00bb20px|auto||159px|false|false\u00bb global_colors_info=\u00bb{}\u00bb][et_pb_column type=\u00bb4_4&#8243; _builder_version=\u00bb4.25.1&#8243; _module_preset=\u00bbdefault\u00bb global_colors_info=\u00bb{}\u00bb][et_pb_heading title=\u00bbDocumentaci\u00f3n y enlaces clave\u00bb _builder_version=\u00bb4.27.4&#8243; _module_preset=\u00bbdefault\u00bb title_font=\u00bb|||on|||||\u00bb title_text_color=\u00bb#0C71C3&#8243; min_height=\u00bb0px\u00bb custom_margin=\u00bb30px||||false|false\u00bb global_colors_info=\u00bb{}\u00bb custom_padding__hover_enabled=\u00bbon|desktop\u00bb][\/et_pb_heading][et_pb_text _builder_version=\u00bb4.27.4&#8243; _module_preset=\u00bbdefault\u00bb custom_padding=\u00bb|||11px||\u00bb global_colors_info=\u00bb{}\u00bb]<\/p>\n<ul>\n<li style=\"list-style-type: none;\">\n<ul>\n<li style=\"list-style-type: none;\">\n<ul>\n<li><a href=\"https:\/\/www.m-era.net\/joint-calls\/joint-call-2025\"><strong>Web de la convocatoria<\/strong><\/a><\/li>\n<li><a href=\"https:\/\/www.m-era.net\/lw_resource\/datapool\/systemfiles\/elements\/files\/aee4741d-f8ce-11ef-be5b-a0369fe1b534\/current\/document\/call2025-guideforproposers_V1.0.pdf\"><strong>Texto de la convocatoria<\/strong><\/a><\/li>\n<li><a href=\"https:\/\/www.m-era.net\/lw_resource\/datapool\/systemfiles\/elements\/files\/83d47c3e-f8ce-11ef-be5b-a0369fe1b534\/current\/document\/Call2025-Annex_A.pdf\"><b>Anexo condiciones de financiaci\u00f3n nacional<\/b><\/a><\/li>\n<li><a href=\"https:\/\/www.m-era.net\/lw_resource\/datapool\/systemfiles\/elements\/files\/c725a625-f8ce-11ef-be5b-a0369fe1b534\/current\/document\/call2025-PreProposalform.docx\"><strong>Template de la propuesta<\/strong><\/a><\/li>\n<li><a href=\"https:\/\/www.m-era.net\/joint-calls\/partnersearch\/offers#\/list\"><strong>Enlace a la plataforma de matchmacking<\/strong><\/a><\/li>\n<\/ul>\n<\/li>\n<\/ul>\n<\/li>\n<\/ul>\n<p>[\/et_pb_text][\/et_pb_column][\/et_pb_row][\/et_pb_section]<\/p>\n","protected":false},"excerpt":{"rendered":"<p>La red Europea M-ERA.NET lanza una nueva Convocatoria Conjunta para fortalecer la investigaci\u00f3n e innovaci\u00f3n relacionadas con tecnolog\u00edas de materiales. Este a\u00f1o hay 6 convocatorias. 2 de ellas relacionadas con la salud: Functional materials\u00a0(including: Materials for smart wearables, implants and other health applications). Next generation materials for advanced electronics (Proposals including and considering materials by [&hellip;]<\/p>\n","protected":false},"author":4,"featured_media":0,"parent":0,"menu_order":0,"comment_status":"closed","ping_status":"closed","template":"","meta":{"_acf_changed":false,"_et_pb_use_builder":"on","_et_pb_old_content":"","_et_gb_content_width":"","footnotes":""},"class_list":["post-50650","page","type-page","status-publish","hentry"],"acf":[],"yoast_head":"<!-- This site is optimized with the Yoast SEO plugin v27.3 - https:\/\/yoast.com\/product\/yoast-seo-wordpress\/ -->\n<title>M-ERA.NET - Ibima<\/title>\n<meta name=\"robots\" content=\"index, follow, max-snippet:-1, max-image-preview:large, max-video-preview:-1\" \/>\n<link rel=\"canonical\" href=\"https:\/\/ibima.eu\/en\/m-era-net\/\" \/>\n<meta property=\"og:locale\" content=\"en_GB\" \/>\n<meta property=\"og:type\" content=\"article\" \/>\n<meta property=\"og:title\" content=\"M-ERA.NET - Ibima\" \/>\n<meta property=\"og:description\" content=\"La red Europea M-ERA.NET lanza una nueva Convocatoria Conjunta para fortalecer la investigaci\u00f3n e innovaci\u00f3n relacionadas con tecnolog\u00edas de materiales. Este a\u00f1o hay 6 convocatorias. 2 de ellas relacionadas con la salud: Functional materials\u00a0(including: Materials for smart wearables, implants and other health applications). Next generation materials for advanced electronics (Proposals including and considering materials by [&hellip;]\" \/>\n<meta property=\"og:url\" content=\"https:\/\/ibima.eu\/en\/m-era-net\/\" \/>\n<meta property=\"og:site_name\" content=\"Ibima\" \/>\n<meta property=\"article:modified_time\" content=\"2025-03-12T08:48:58+00:00\" \/>\n<meta name=\"twitter:card\" content=\"summary_large_image\" \/>\n<meta name=\"twitter:label1\" content=\"Estimated reading time\" \/>\n\t<meta name=\"twitter:data1\" content=\"5 minutes\" \/>\n<script type=\"application\/ld+json\" class=\"yoast-schema-graph\">{\"@context\":\"https:\\\/\\\/schema.org\",\"@graph\":[{\"@type\":\"WebPage\",\"@id\":\"https:\\\/\\\/ibima.eu\\\/es\\\/m-era-net\\\/\",\"url\":\"https:\\\/\\\/ibima.eu\\\/es\\\/m-era-net\\\/\",\"name\":\"M-ERA.NET - Ibima\",\"isPartOf\":{\"@id\":\"https:\\\/\\\/ibima.eu\\\/es\\\/#website\"},\"datePublished\":\"2025-03-12T08:01:43+00:00\",\"dateModified\":\"2025-03-12T08:48:58+00:00\",\"breadcrumb\":{\"@id\":\"https:\\\/\\\/ibima.eu\\\/es\\\/m-era-net\\\/#breadcrumb\"},\"inLanguage\":\"en-GB\",\"potentialAction\":[{\"@type\":\"ReadAction\",\"target\":[\"https:\\\/\\\/ibima.eu\\\/es\\\/m-era-net\\\/\"]}]},{\"@type\":\"BreadcrumbList\",\"@id\":\"https:\\\/\\\/ibima.eu\\\/es\\\/m-era-net\\\/#breadcrumb\",\"itemListElement\":[{\"@type\":\"ListItem\",\"position\":1,\"name\":\"Portada\",\"item\":\"https:\\\/\\\/ibima.eu\\\/es\\\/\"},{\"@type\":\"ListItem\",\"position\":2,\"name\":\"M-ERA.NET\"}]},{\"@type\":\"WebSite\",\"@id\":\"https:\\\/\\\/ibima.eu\\\/es\\\/#website\",\"url\":\"https:\\\/\\\/ibima.eu\\\/es\\\/\",\"name\":\"Ibima\",\"description\":\"\",\"potentialAction\":[{\"@type\":\"SearchAction\",\"target\":{\"@type\":\"EntryPoint\",\"urlTemplate\":\"https:\\\/\\\/ibima.eu\\\/es\\\/?s={search_term_string}\"},\"query-input\":{\"@type\":\"PropertyValueSpecification\",\"valueRequired\":true,\"valueName\":\"search_term_string\"}}],\"inLanguage\":\"en-GB\"}]}<\/script>\n<!-- \/ Yoast SEO plugin. -->","yoast_head_json":{"title":"M-ERA.NET - Ibima","robots":{"index":"index","follow":"follow","max-snippet":"max-snippet:-1","max-image-preview":"max-image-preview:large","max-video-preview":"max-video-preview:-1"},"canonical":"https:\/\/ibima.eu\/en\/m-era-net\/","og_locale":"en_GB","og_type":"article","og_title":"M-ERA.NET - Ibima","og_description":"La red Europea M-ERA.NET lanza una nueva Convocatoria Conjunta para fortalecer la investigaci\u00f3n e innovaci\u00f3n relacionadas con tecnolog\u00edas de materiales. Este a\u00f1o hay 6 convocatorias. 2 de ellas relacionadas con la salud: Functional materials\u00a0(including: Materials for smart wearables, implants and other health applications). Next generation materials for advanced electronics (Proposals including and considering materials by [&hellip;]","og_url":"https:\/\/ibima.eu\/en\/m-era-net\/","og_site_name":"Ibima","article_modified_time":"2025-03-12T08:48:58+00:00","twitter_card":"summary_large_image","twitter_misc":{"Estimated reading time":"5 minutes"},"schema":{"@context":"https:\/\/schema.org","@graph":[{"@type":"WebPage","@id":"https:\/\/ibima.eu\/es\/m-era-net\/","url":"https:\/\/ibima.eu\/es\/m-era-net\/","name":"M-ERA.NET - Ibima","isPartOf":{"@id":"https:\/\/ibima.eu\/es\/#website"},"datePublished":"2025-03-12T08:01:43+00:00","dateModified":"2025-03-12T08:48:58+00:00","breadcrumb":{"@id":"https:\/\/ibima.eu\/es\/m-era-net\/#breadcrumb"},"inLanguage":"en-GB","potentialAction":[{"@type":"ReadAction","target":["https:\/\/ibima.eu\/es\/m-era-net\/"]}]},{"@type":"BreadcrumbList","@id":"https:\/\/ibima.eu\/es\/m-era-net\/#breadcrumb","itemListElement":[{"@type":"ListItem","position":1,"name":"Portada","item":"https:\/\/ibima.eu\/es\/"},{"@type":"ListItem","position":2,"name":"M-ERA.NET"}]},{"@type":"WebSite","@id":"https:\/\/ibima.eu\/es\/#website","url":"https:\/\/ibima.eu\/es\/","name":"Ibima","description":"","potentialAction":[{"@type":"SearchAction","target":{"@type":"EntryPoint","urlTemplate":"https:\/\/ibima.eu\/es\/?s={search_term_string}"},"query-input":{"@type":"PropertyValueSpecification","valueRequired":true,"valueName":"search_term_string"}}],"inLanguage":"en-GB"}]}},"_links":{"self":[{"href":"https:\/\/ibima.eu\/en\/wp-json\/wp\/v2\/pages\/50650","targetHints":{"allow":["GET"]}}],"collection":[{"href":"https:\/\/ibima.eu\/en\/wp-json\/wp\/v2\/pages"}],"about":[{"href":"https:\/\/ibima.eu\/en\/wp-json\/wp\/v2\/types\/page"}],"author":[{"embeddable":true,"href":"https:\/\/ibima.eu\/en\/wp-json\/wp\/v2\/users\/4"}],"replies":[{"embeddable":true,"href":"https:\/\/ibima.eu\/en\/wp-json\/wp\/v2\/comments?post=50650"}],"version-history":[{"count":7,"href":"https:\/\/ibima.eu\/en\/wp-json\/wp\/v2\/pages\/50650\/revisions"}],"predecessor-version":[{"id":50897,"href":"https:\/\/ibima.eu\/en\/wp-json\/wp\/v2\/pages\/50650\/revisions\/50897"}],"wp:attachment":[{"href":"https:\/\/ibima.eu\/en\/wp-json\/wp\/v2\/media?parent=50650"}],"curies":[{"name":"wp","href":"https:\/\/api.w.org\/{rel}","templated":true}]}}