{"id":53684,"date":"2025-05-12T10:46:43","date_gmt":"2025-05-12T10:46:43","guid":{"rendered":"https:\/\/ibima.eu\/?page_id=53684"},"modified":"2025-05-12T10:51:49","modified_gmt":"2025-05-12T10:51:49","slug":"prima-partnership-for-research-and-innovation-in-the-mediterranean-area","status":"publish","type":"page","link":"https:\/\/ibima.eu\/en\/prima-partnership-for-research-and-innovation-in-the-mediterranean-area\/","title":{"rendered":"PRIMA Partnership for Research and Innovation in the Mediterranean Area"},"content":{"rendered":"<p>[et_pb_section fb_built=\u00bb1&#8243; admin_label=\u00bbsection\u00bb _builder_version=\u00bb4.25.1&#8243; custom_padding=\u00bb||0px|||\u00bb locked=\u00bboff\u00bb collapsed=\u00bboff\u00bb global_colors_info=\u00bb{}\u00bb][et_pb_row column_structure=\u00bb1_5,3_5,1_5&#8243; _builder_version=\u00bb4.25.1&#8243; _module_preset=\u00bbdefault\u00bb custom_margin=\u00bb10px||||false|false\u00bb global_colors_info=\u00bb{}\u00bb][et_pb_column type=\u00bb1_5&#8243; _builder_version=\u00bb4.25.1&#8243; _module_preset=\u00bbdefault\u00bb global_colors_info=\u00bb{}\u00bb][\/et_pb_column][et_pb_column type=\u00bb3_5&#8243; _builder_version=\u00bb4.25.1&#8243; _module_preset=\u00bbdefault\u00bb global_colors_info=\u00bb{}\u00bb][et_pb_image src=\u00bbhttps:\/\/ibima.eu\/wp-content\/uploads\/2025\/05\/PRIMA.png\u00bb title_text=\u00bbPRIMA\u00bb align=\u00bbcenter\u00bb _builder_version=\u00bb4.27.4&#8243; _module_preset=\u00bbdefault\u00bb width=\u00bb54%\u00bb module_alignment=\u00bbcenter\u00bb custom_margin=\u00bb26px||||false|false\u00bb hover_enabled=\u00bb0&#8243; global_colors_info=\u00bb{}\u00bb sticky_enabled=\u00bb0&#8243;][\/et_pb_image][\/et_pb_column][et_pb_column type=\u00bb1_5&#8243; _builder_version=\u00bb4.25.1&#8243; _module_preset=\u00bbdefault\u00bb global_colors_info=\u00bb{}\u00bb][\/et_pb_column][\/et_pb_row][et_pb_row _builder_version=\u00bb4.27.4&#8243; _module_preset=\u00bbdefault\u00bb custom_margin=\u00bb59px||||false|false\u00bb global_colors_info=\u00bb{}\u00bb][et_pb_column type=\u00bb4_4&#8243; _builder_version=\u00bb4.25.1&#8243; _module_preset=\u00bbdefault\u00bb global_colors_info=\u00bb{}\u00bb][et_pb_heading title=\u00bbPRIMA Partnership &#8211; 2025&#8243; _builder_version=\u00bb4.27.4&#8243; _module_preset=\u00bbdefault\u00bb title_text_align=\u00bbleft\u00bb title_text_color=\u00bb#0C71C3&#8243; module_alignment=\u00bbcenter\u00bb hover_enabled=\u00bb0&#8243; global_colors_info=\u00bb{}\u00bb sticky_enabled=\u00bb0&#8243;][\/et_pb_heading][\/et_pb_column][\/et_pb_row][et_pb_row admin_label=\u00bbrow\u00bb _builder_version=\u00bb4.25.1&#8243; background_size=\u00bbinitial\u00bb background_position=\u00bbtop_left\u00bb background_repeat=\u00bbrepeat\u00bb width=\u00bb77.1%\u00bb custom_margin=\u00bb|-259px||161px||\u00bb custom_padding=\u00bb|0px||9px||\u00bb global_colors_info=\u00bb{}\u00bb][et_pb_column type=\u00bb4_4&#8243; _builder_version=\u00bb4.16&#8243; custom_padding=\u00bb|||\u00bb global_colors_info=\u00bb{}\u00bb custom_padding__hover=\u00bb|||\u00bb][et_pb_text admin_label=\u00bbText\u00bb _builder_version=\u00bb4.27.4&#8243; header_text_color=\u00bb#000000&#8243; background_size=\u00bbinitial\u00bb background_position=\u00bbtop_left\u00bb background_repeat=\u00bbrepeat\u00bb width=\u00bb100%\u00bb custom_margin=\u00bb1px|-78px|||false|false\u00bb hover_enabled=\u00bb0&#8243; global_colors_info=\u00bb{}\u00bb sticky_enabled=\u00bb0&#8243;]<\/p>\n<p style=\"text-align: justify;\">El <strong data-start=\"3\" data-end=\"80\">PRIMA (Partnership for Research and Innovation in the Mediterranean Area)<\/strong> es una <strong data-start=\"88\" data-end=\"132\">iniciativa de colaboraci\u00f3n internacional<\/strong> centrada en la investigaci\u00f3n e innovaci\u00f3n en la regi\u00f3n mediterr\u00e1nea. Su objetivo principal es <strong data-start=\"227\" data-end=\"276\">promover soluciones innovadoras y sostenibles<\/strong> para tres grandes retos que afectan a esta regi\u00f3n.<\/p>\n<p style=\"text-align: justify;\">En 2025, hay dos topics relacionados con la salud:<\/p>\n<ul>\n<li style=\"text-align: justify;\">\n<p>Topic 1.1: Agri-food Value Chain in the Nexus \u2013 Promoting Sustainable and Healthy Eating Through the Mediterranean Diet<\/p>\n<\/li>\n<li style=\"text-align: justify;\">\n<p>Topic 12.3: Agri-food Value Chain in the Nexus \u2013 Promoviendo la Transici\u00f3n hacia Prote\u00ednas Alternativas de Origen Vegetal en las Dietas Mediterr\u00e1neas<\/p>\n<\/li>\n<\/ul>\n<p>[\/et_pb_text][et_pb_heading title=\u00bbTopic 1.1: Agri-food Value Chain in the Nexus \u2013 Promoting Sustainable and Healthy Eating Through the Mediterranean Diet\u00bb _builder_version=\u00bb4.27.4&#8243; _module_preset=\u00bbdefault\u00bb title_font=\u00bb|||on|||||\u00bb title_text_align=\u00bbcenter\u00bb title_text_color=\u00bb#0C71C3&#8243; width=\u00bb98.8%\u00bb custom_margin=\u00bb30px||||false|false\u00bb custom_padding=\u00bb4px||0px|0px||\u00bb hover_enabled=\u00bb0&#8243; global_colors_info=\u00bb{}\u00bb custom_padding__hover_enabled=\u00bbon|desktop\u00bb custom_padding__hover=\u00bb4px||0px|0px||\u00bb sticky_enabled=\u00bb0&#8243;][\/et_pb_heading][et_pb_text admin_label=\u00bbText\u00bb _builder_version=\u00bb4.27.4&#8243; header_text_color=\u00bb#000000&#8243; background_size=\u00bbinitial\u00bb background_position=\u00bbtop_left\u00bb background_repeat=\u00bbrepeat\u00bb width=\u00bb100%\u00bb custom_margin=\u00bb1px|-78px|||false|false\u00bb hover_enabled=\u00bb0&#8243; global_colors_info=\u00bb{}\u00bb sticky_enabled=\u00bb0&#8243;]<\/p>\n<p style=\"text-align: justify;\"><strong>Objetivo de la Convocatoria y Desaf\u00edos Abordados<\/strong><\/p>\n<p style=\"text-align: justify;\">Esta convocatoria tiene como objetivo fomentar h\u00e1bitos alimentarios sostenibles y saludables en el marco de la dieta mediterr\u00e1nea, contribuyendo a los objetivos del Pacto Verde Europeo, la estrategia \u201cFARM to FORK\u201d y las metas clim\u00e1ticas de la UE para 2030 y 2050.<\/p>\n<p style=\"text-align: justify;\">Se propone un enfoque integral centrado en la adopci\u00f3n de la dieta mediterr\u00e1nea, reconocida por sus beneficios para la salud, su sostenibilidad ambiental y su valor cultural. Entre los principales desaf\u00edos que se abordan se incluyen:<\/p>\n<ul style=\"text-align: justify;\">\n<li>Cambios en los estilos de vida: Urbanizaci\u00f3n y aumento del consumo de alimentos ultraprocesados que alejan a la poblaci\u00f3n de patrones alimentarios saludables.<\/li>\n<li>Educaci\u00f3n alimentaria: Falta de conocimiento y concienciaci\u00f3n sobre los beneficios de la dieta mediterr\u00e1nea y de productos sostenibles.<\/li>\n<li>Sistemas alimentarios sostenibles: Necesidad de reforzar los v\u00ednculos entre consumidores y productores locales.<\/li>\n<li>Pol\u00edticas p\u00fablicas: Escasa integraci\u00f3n de la dieta mediterr\u00e1nea en los programas de compras p\u00fablicas y pol\u00edticas alimentarias.<\/li>\n<\/ul>\n<p style=\"text-align: justify;\"><strong>Las diferentes actividades a realizar ser\u00e1n:<\/strong><\/p>\n<ul style=\"text-align: justify;\">\n<li>Fomentar el desarrollo y la adopci\u00f3n de productos alimentarios sostenibles, saludables y ecol\u00f3gicos que se alineen con las gu\u00edas diet\u00e9ticas.<\/li>\n<li>Implementar formaciones pr\u00e1cticas utilizando realidad virtual y t\u00e9cnicas de gamificaci\u00f3n para educar a distintos grupos demogr\u00e1ficos sobre los beneficios de la dieta mediterr\u00e1nea.<\/li>\n<li>Aprovechar los recursos digitales procedentes de los programas PRIMA, Horizonte 2020 y Horizonte Europa para crear experiencias de aprendizaje impulsadas por la comunidad.<\/li>\n<li>Impulsar asociaciones entre consumidores e investigadores para desarrollar soluciones alimentarias innovadoras y personalizadas.<\/li>\n<li>Promover la cocreaci\u00f3n de marcos adaptables que respalden la dieta mediterr\u00e1nea y los sistemas alimentarios sostenibles.<\/li>\n<li>Integrar los principios de la dieta mediterr\u00e1nea en las compras p\u00fablicas de alimentos mediante programas piloto que respalden las econom\u00edas locales, la sostenibilidad ambiental y la calidad nutricional. Personalizar estos programas para diferentes grupos de edad, recopilar retroalimentaci\u00f3n y escalar las pr\u00e1cticas efectivas para contribuir al desarrollo de pol\u00edticas adaptables.<\/li>\n<\/ul>\n<p style=\"text-align: justify;\"><strong>Condiciones generales:<\/strong><\/p>\n<ul style=\"text-align: justify;\">\n<li><strong>Presupuesto por propuesta:<\/strong> 2,7 M \u20ac<\/li>\n<li><strong>N\u00famero de propuestas a financiar:<\/strong> 4<\/li>\n<li><strong>Tipo de acci\u00f3n:<\/strong> Innovation Action<\/li>\n<li><strong>Pa\u00edses participantes:<\/strong><br \/>Bulgaria, Croacia, Chipre, Francia, Alemania, Grecia, Italia, Luxemburgo, Malta, Portugal, Espa\u00f1a, Eslovenia, Israel, T\u00fanez, Turqu\u00eda; Argelia, Egipto, Jordania, L\u00edbano y Marruecos.<\/li>\n<\/ul>\n<p style=\"text-align: justify;\">[\/et_pb_text][et_pb_heading title=\u00bbTopic 12.3: Agri-food Value Chain in the Nexus \u2013 Promoviendo la Transici\u00f3n hacia Prote\u00ednas Alternativas de Origen Vegetal en las Dietas Mediterr\u00e1neas\u00bb _builder_version=\u00bb4.27.4&#8243; _module_preset=\u00bbdefault\u00bb title_font=\u00bb|||on|||||\u00bb title_text_align=\u00bbcenter\u00bb title_text_color=\u00bb#0C71C3&#8243; width=\u00bb98.8%\u00bb custom_margin=\u00bb30px||||false|false\u00bb custom_padding=\u00bb4px||0px|0px||\u00bb hover_enabled=\u00bb0&#8243; global_colors_info=\u00bb{}\u00bb custom_padding__hover_enabled=\u00bbon|desktop\u00bb custom_padding__hover=\u00bb4px||0px|0px||\u00bb sticky_enabled=\u00bb0&#8243;][\/et_pb_heading][\/et_pb_column][\/et_pb_row][et_pb_row admin_label=\u00bbrow\u00bb _builder_version=\u00bb4.25.1&#8243; background_size=\u00bbinitial\u00bb background_position=\u00bbtop_left\u00bb background_repeat=\u00bbrepeat\u00bb width=\u00bb77.1%\u00bb custom_margin=\u00bb|-259px||161px||\u00bb custom_padding=\u00bb|0px||9px||\u00bb global_colors_info=\u00bb{}\u00bb][et_pb_column type=\u00bb4_4&#8243; _builder_version=\u00bb4.16&#8243; custom_padding=\u00bb|||\u00bb global_colors_info=\u00bb{}\u00bb custom_padding__hover=\u00bb|||\u00bb][et_pb_text admin_label=\u00bbText\u00bb _builder_version=\u00bb4.27.4&#8243; header_text_color=\u00bb#000000&#8243; background_size=\u00bbinitial\u00bb background_position=\u00bbtop_left\u00bb background_repeat=\u00bbrepeat\u00bb width=\u00bb100%\u00bb custom_margin=\u00bb16px|-78px|||false|false\u00bb custom_padding=\u00bb||0px|||\u00bb hover_enabled=\u00bb0&#8243; global_colors_info=\u00bb{}\u00bb sticky_enabled=\u00bb0&#8243;]<\/p>\n<p style=\"text-align: justify;\"><strong>Objetivo de la Convocatoria y Desaf\u00edos Abordados<\/strong><\/p>\n<p style=\"text-align: justify;\">Esta convocatoria tiene como objetivo impulsar iniciativas de investigaci\u00f3n e innovaci\u00f3n orientadas a promover la adopci\u00f3n de productos alternativos a las prote\u00ednas animales de origen vegetal (PBAPs) en las dietas mediterr\u00e1neas.<\/p>\n<p style=\"text-align: justify;\">Entre los principales desaf\u00edos abordados se encuentran:<\/p>\n<ul style=\"text-align: justify;\">\n<li><strong>Aceptabilidad y sostenibilidad<\/strong>: Necesidad de desarrollar tecnolog\u00edas y m\u00e9todos que mejoren la aceptabilidad, disponibilidad, asequibilidad y sostenibilidad de las prote\u00ednas vegetales alternativas.<\/li>\n<li><strong>Salud p\u00fablica<\/strong>: Garantizar la seguridad alimentaria mediante estudios sobre al\u00e9rgenos, intolerancias y digestibilidad de las prote\u00ednas vegetales, especialmente en grupos vulnerables como j\u00f3venes, personas embarazadas y mayores.<\/li>\n<li><strong>Cultura y tradici\u00f3n<\/strong>: Fomentar una transici\u00f3n alimentaria que respete el patrimonio culinario mediterr\u00e1neo y se adapte culturalmente a los h\u00e1bitos locales.<\/li>\n<li><strong>Educaci\u00f3n y percepci\u00f3n del consumidor<\/strong>: Comprender y abordar la influencia de los medios de comunicaci\u00f3n, redes sociales y la educaci\u00f3n en las decisiones alimentarias, promoviendo una mayor concienciaci\u00f3n mediante campa\u00f1as, etiquetado claro y programas comunitarios.<\/li>\n<\/ul>\n<p style=\"text-align: justify;\"><strong>Las diferentes actividades a realizar ser\u00e1n:<\/strong><\/p>\n<ul style=\"text-align: justify;\">\n<li>Desarrollar e innovar en tecnolog\u00edas de formulaci\u00f3n y procesamiento para mejorar la calidad, el sabor y la conservaci\u00f3n de PBAPs.<\/li>\n<li>Estudiar los al\u00e9rgenos e intolerancias asociadas a las prote\u00ednas vegetales, evaluando sus impactos en la salud de los consumidores mediterr\u00e1neos.<\/li>\n<li>Evaluar el valor nutricional, la digestibilidad y la calidad sensorial de los PBAPs, adapt\u00e1ndolos a las necesidades de distintos grupos poblacionales.<\/li>\n<li>Investigar el papel de los medios y la educaci\u00f3n en las decisiones alimentarias y promover campa\u00f1as de sensibilizaci\u00f3n sobre opciones alimentarias sostenibles.<\/li>\n<li>Incluir un enfoque multi-actor que involucre agricultores, industria, consumidores, investigadores, autoridades locales, medios, ONGs, educadores y otros actores clave.<\/li>\n<li>Establecer sinergias con otros proyectos PRIMA y de Horizonte Europa para fomentar la cooperaci\u00f3n, la divulgaci\u00f3n de resultados y el impacto conjunto en la transformaci\u00f3n de los sistemas alimentarios mediterr\u00e1neos.<\/li>\n<\/ul>\n<p style=\"text-align: justify;\"><strong>Condiciones generales:<\/strong><\/p>\n<ul>\n<li style=\"text-align: justify;\"><strong>Presupuesto por propuesta:<\/strong> 1,5 M \u20ac<\/li>\n<li style=\"text-align: justify;\"><strong>Tipo de acci\u00f3n:<\/strong> Research &amp; Innovation Activities<\/li>\n<li style=\"text-align: justify;\"><strong>Pa\u00edses participantes:<\/strong><br \/>Bulgaria, Croacia, Chipre, Francia, Alemania, Grecia, Italia, Luxemburgo, Malta, Portugal, Espa\u00f1a, Eslovenia, Israel, T\u00fanez, Turqu\u00eda; Argelia, Egipto, Jordania, L\u00edbano y Marruecos.<\/li>\n<\/ul>\n<p>[\/et_pb_text][\/et_pb_column][\/et_pb_row][et_pb_row _builder_version=\u00bb4.25.1&#8243; _module_preset=\u00bbdefault\u00bb width=\u00bb75.9%\u00bb custom_margin=\u00bb20px|auto||159px|false|false\u00bb global_colors_info=\u00bb{}\u00bb][et_pb_column type=\u00bb4_4&#8243; _builder_version=\u00bb4.25.1&#8243; _module_preset=\u00bbdefault\u00bb global_colors_info=\u00bb{}\u00bb][et_pb_heading title=\u00bbDocumentaci\u00f3n y enlaces clave\u00bb _builder_version=\u00bb4.27.4&#8243; _module_preset=\u00bbdefault\u00bb title_font=\u00bb|||on|||||\u00bb title_text_color=\u00bb#0C71C3&#8243; min_height=\u00bb0px\u00bb custom_margin=\u00bb30px||||false|false\u00bb global_colors_info=\u00bb{}\u00bb custom_padding__hover_enabled=\u00bbon|desktop\u00bb][\/et_pb_heading][et_pb_text _builder_version=\u00bb4.27.4&#8243; _module_preset=\u00bbdefault\u00bb custom_padding=\u00bb|||11px||\u00bb hover_enabled=\u00bb0&#8243; global_colors_info=\u00bb{}\u00bb sticky_enabled=\u00bb0&#8243;]<\/p>\n<ul>\n<li style=\"list-style-type: none;\">\n<ul>\n<li style=\"list-style-type: none;\">\n<ul>\n<li><a href=\"https:\/\/prima-med.org\/submit-your-project\/\"><strong>Web de la convocatoria<\/strong><\/a><\/li>\n<li><a href=\"https:\/\/prima-med.org\/wp-content\/uploads\/2025\/04\/PRIMA-Work-Programme-2025-adopted-C.pdf\"><strong>Texto de la convocatoria<\/strong><\/a><\/li>\n<li><a href=\"https:\/\/prima-med.org\/find-partners\/\"><strong>Enlace a la plataforma de matchmacking<\/strong><\/a><\/li>\n<\/ul>\n<\/li>\n<\/ul>\n<\/li>\n<\/ul>\n<p>[\/et_pb_text][\/et_pb_column][\/et_pb_row][\/et_pb_section]<\/p>\n","protected":false},"excerpt":{"rendered":"<p>El PRIMA (Partnership for Research and Innovation in the Mediterranean Area) es una iniciativa de colaboraci\u00f3n internacional centrada en la investigaci\u00f3n e innovaci\u00f3n en la regi\u00f3n mediterr\u00e1nea. Su objetivo principal es promover soluciones innovadoras y sostenibles para tres grandes retos que afectan a esta regi\u00f3n. En 2025, hay dos topics relacionados con la salud: Topic [&hellip;]<\/p>\n","protected":false},"author":4,"featured_media":0,"parent":0,"menu_order":0,"comment_status":"closed","ping_status":"closed","template":"","meta":{"_acf_changed":false,"_et_pb_use_builder":"on","_et_pb_old_content":"","_et_gb_content_width":"","footnotes":""},"class_list":["post-53684","page","type-page","status-publish","hentry"],"acf":[],"yoast_head":"<!-- This site is optimized with the Yoast SEO plugin v27.5 - https:\/\/yoast.com\/product\/yoast-seo-wordpress\/ -->\n<title>PRIMA Partnership for Research and Innovation in the Mediterranean Area - Ibima<\/title>\n<meta name=\"robots\" content=\"index, follow, max-snippet:-1, max-image-preview:large, max-video-preview:-1\" \/>\n<link rel=\"canonical\" href=\"https:\/\/ibima.eu\/en\/prima-partnership-for-research-and-innovation-in-the-mediterranean-area\/\" \/>\n<meta property=\"og:locale\" content=\"en_GB\" \/>\n<meta property=\"og:type\" content=\"article\" \/>\n<meta property=\"og:title\" content=\"PRIMA Partnership for Research and Innovation in the Mediterranean Area - Ibima\" \/>\n<meta property=\"og:description\" content=\"El PRIMA (Partnership for Research and Innovation in the Mediterranean Area) es una iniciativa de colaboraci\u00f3n internacional centrada en la investigaci\u00f3n e innovaci\u00f3n en la regi\u00f3n mediterr\u00e1nea. Su objetivo principal es promover soluciones innovadoras y sostenibles para tres grandes retos que afectan a esta regi\u00f3n. En 2025, hay dos topics relacionados con la salud: Topic [&hellip;]\" \/>\n<meta property=\"og:url\" content=\"https:\/\/ibima.eu\/en\/prima-partnership-for-research-and-innovation-in-the-mediterranean-area\/\" \/>\n<meta property=\"og:site_name\" content=\"Ibima\" \/>\n<meta property=\"article:modified_time\" content=\"2025-05-12T10:51:49+00:00\" \/>\n<meta name=\"twitter:card\" content=\"summary_large_image\" \/>\n<meta name=\"twitter:label1\" content=\"Estimated reading time\" \/>\n\t<meta name=\"twitter:data1\" content=\"8 minutes\" \/>\n<script type=\"application\/ld+json\" class=\"yoast-schema-graph\">{\"@context\":\"https:\\\/\\\/schema.org\",\"@graph\":[{\"@type\":\"WebPage\",\"@id\":\"https:\\\/\\\/ibima.eu\\\/es\\\/prima-partnership-for-research-and-innovation-in-the-mediterranean-area\\\/\",\"url\":\"https:\\\/\\\/ibima.eu\\\/es\\\/prima-partnership-for-research-and-innovation-in-the-mediterranean-area\\\/\",\"name\":\"PRIMA Partnership for Research and Innovation in the Mediterranean Area - Ibima\",\"isPartOf\":{\"@id\":\"https:\\\/\\\/ibima.eu\\\/es\\\/#website\"},\"datePublished\":\"2025-05-12T10:46:43+00:00\",\"dateModified\":\"2025-05-12T10:51:49+00:00\",\"breadcrumb\":{\"@id\":\"https:\\\/\\\/ibima.eu\\\/es\\\/prima-partnership-for-research-and-innovation-in-the-mediterranean-area\\\/#breadcrumb\"},\"inLanguage\":\"en-GB\",\"potentialAction\":[{\"@type\":\"ReadAction\",\"target\":[\"https:\\\/\\\/ibima.eu\\\/es\\\/prima-partnership-for-research-and-innovation-in-the-mediterranean-area\\\/\"]}]},{\"@type\":\"BreadcrumbList\",\"@id\":\"https:\\\/\\\/ibima.eu\\\/es\\\/prima-partnership-for-research-and-innovation-in-the-mediterranean-area\\\/#breadcrumb\",\"itemListElement\":[{\"@type\":\"ListItem\",\"position\":1,\"name\":\"Portada\",\"item\":\"https:\\\/\\\/ibima.eu\\\/es\\\/\"},{\"@type\":\"ListItem\",\"position\":2,\"name\":\"PRIMA Partnership for Research and Innovation in the Mediterranean Area\"}]},{\"@type\":\"WebSite\",\"@id\":\"https:\\\/\\\/ibima.eu\\\/es\\\/#website\",\"url\":\"https:\\\/\\\/ibima.eu\\\/es\\\/\",\"name\":\"Ibima\",\"description\":\"\",\"potentialAction\":[{\"@type\":\"SearchAction\",\"target\":{\"@type\":\"EntryPoint\",\"urlTemplate\":\"https:\\\/\\\/ibima.eu\\\/es\\\/?s={search_term_string}\"},\"query-input\":{\"@type\":\"PropertyValueSpecification\",\"valueRequired\":true,\"valueName\":\"search_term_string\"}}],\"inLanguage\":\"en-GB\"}]}<\/script>\n<!-- \/ Yoast SEO plugin. -->","yoast_head_json":{"title":"PRIMA Partnership for Research and Innovation in the Mediterranean Area - Ibima","robots":{"index":"index","follow":"follow","max-snippet":"max-snippet:-1","max-image-preview":"max-image-preview:large","max-video-preview":"max-video-preview:-1"},"canonical":"https:\/\/ibima.eu\/en\/prima-partnership-for-research-and-innovation-in-the-mediterranean-area\/","og_locale":"en_GB","og_type":"article","og_title":"PRIMA Partnership for Research and Innovation in the Mediterranean Area - Ibima","og_description":"El PRIMA (Partnership for Research and Innovation in the Mediterranean Area) es una iniciativa de colaboraci\u00f3n internacional centrada en la investigaci\u00f3n e innovaci\u00f3n en la regi\u00f3n mediterr\u00e1nea. Su objetivo principal es promover soluciones innovadoras y sostenibles para tres grandes retos que afectan a esta regi\u00f3n. En 2025, hay dos topics relacionados con la salud: Topic [&hellip;]","og_url":"https:\/\/ibima.eu\/en\/prima-partnership-for-research-and-innovation-in-the-mediterranean-area\/","og_site_name":"Ibima","article_modified_time":"2025-05-12T10:51:49+00:00","twitter_card":"summary_large_image","twitter_misc":{"Estimated reading time":"8 minutes"},"schema":{"@context":"https:\/\/schema.org","@graph":[{"@type":"WebPage","@id":"https:\/\/ibima.eu\/es\/prima-partnership-for-research-and-innovation-in-the-mediterranean-area\/","url":"https:\/\/ibima.eu\/es\/prima-partnership-for-research-and-innovation-in-the-mediterranean-area\/","name":"PRIMA Partnership for Research and Innovation in the Mediterranean Area - Ibima","isPartOf":{"@id":"https:\/\/ibima.eu\/es\/#website"},"datePublished":"2025-05-12T10:46:43+00:00","dateModified":"2025-05-12T10:51:49+00:00","breadcrumb":{"@id":"https:\/\/ibima.eu\/es\/prima-partnership-for-research-and-innovation-in-the-mediterranean-area\/#breadcrumb"},"inLanguage":"en-GB","potentialAction":[{"@type":"ReadAction","target":["https:\/\/ibima.eu\/es\/prima-partnership-for-research-and-innovation-in-the-mediterranean-area\/"]}]},{"@type":"BreadcrumbList","@id":"https:\/\/ibima.eu\/es\/prima-partnership-for-research-and-innovation-in-the-mediterranean-area\/#breadcrumb","itemListElement":[{"@type":"ListItem","position":1,"name":"Portada","item":"https:\/\/ibima.eu\/es\/"},{"@type":"ListItem","position":2,"name":"PRIMA Partnership for Research and Innovation in the Mediterranean Area"}]},{"@type":"WebSite","@id":"https:\/\/ibima.eu\/es\/#website","url":"https:\/\/ibima.eu\/es\/","name":"Ibima","description":"","potentialAction":[{"@type":"SearchAction","target":{"@type":"EntryPoint","urlTemplate":"https:\/\/ibima.eu\/es\/?s={search_term_string}"},"query-input":{"@type":"PropertyValueSpecification","valueRequired":true,"valueName":"search_term_string"}}],"inLanguage":"en-GB"}]}},"_links":{"self":[{"href":"https:\/\/ibima.eu\/en\/wp-json\/wp\/v2\/pages\/53684","targetHints":{"allow":["GET"]}}],"collection":[{"href":"https:\/\/ibima.eu\/en\/wp-json\/wp\/v2\/pages"}],"about":[{"href":"https:\/\/ibima.eu\/en\/wp-json\/wp\/v2\/types\/page"}],"author":[{"embeddable":true,"href":"https:\/\/ibima.eu\/en\/wp-json\/wp\/v2\/users\/4"}],"replies":[{"embeddable":true,"href":"https:\/\/ibima.eu\/en\/wp-json\/wp\/v2\/comments?post=53684"}],"version-history":[{"count":3,"href":"https:\/\/ibima.eu\/en\/wp-json\/wp\/v2\/pages\/53684\/revisions"}],"predecessor-version":[{"id":53690,"href":"https:\/\/ibima.eu\/en\/wp-json\/wp\/v2\/pages\/53684\/revisions\/53690"}],"wp:attachment":[{"href":"https:\/\/ibima.eu\/en\/wp-json\/wp\/v2\/media?parent=53684"}],"curies":[{"name":"wp","href":"https:\/\/api.w.org\/{rel}","templated":true}]}}