{"id":53734,"date":"2025-05-21T15:18:10","date_gmt":"2025-05-21T15:18:10","guid":{"rendered":"https:\/\/ibima.eu\/?page_id=53734"},"modified":"2025-05-21T15:22:02","modified_gmt":"2025-05-21T15:22:02","slug":"gls-gls2-crosstalk-cancer-therapy","status":"publish","type":"page","link":"https:\/\/ibima.eu\/en\/gls-gls2-crosstalk-cancer-therapy\/","title":{"rendered":"GLS and GLS2 cross-talk as a therapeutic target in cancer"},"content":{"rendered":"<p>[et_pb_section fb_built=\u00bb1&#8243; admin_label=\u00bbsection\u00bb _builder_version=\u00bb4.25.1&#8243; custom_padding=\u00bb||0px|||\u00bb locked=\u00bboff\u00bb collapsed=\u00bboff\u00bb global_colors_info=\u00bb{}\u00bb][et_pb_row column_structure=\u00bb1_5,3_5,1_5&#8243; _builder_version=\u00bb4.25.1&#8243; _module_preset=\u00bbdefault\u00bb custom_margin=\u00bb10px||||false|false\u00bb custom_padding=\u00bb||0px|||\u00bb global_colors_info=\u00bb{}\u00bb][et_pb_column type=\u00bb1_5&#8243; _builder_version=\u00bb4.25.1&#8243; _module_preset=\u00bbdefault\u00bb global_colors_info=\u00bb{}\u00bb][\/et_pb_column][et_pb_column type=\u00bb3_5&#8243; _builder_version=\u00bb4.25.1&#8243; _module_preset=\u00bbdefault\u00bb global_colors_info=\u00bb{}\u00bb][et_pb_image src=\u00bbhttps:\/\/ibima.eu\/wp-content\/uploads\/2025\/05\/MSCA-IBIMA.png\u00bb title_text=\u00bbMSCA IBIMA\u00bb align=\u00bbcenter\u00bb _builder_version=\u00bb4.27.4&#8243; _module_preset=\u00bbdefault\u00bb width=\u00bb86%\u00bb module_alignment=\u00bbcenter\u00bb custom_margin=\u00bb26px|224px|||false|false\u00bb custom_padding=\u00bb|0px||||\u00bb global_colors_info=\u00bb{}\u00bb][\/et_pb_image][\/et_pb_column][et_pb_column type=\u00bb1_5&#8243; _builder_version=\u00bb4.25.1&#8243; _module_preset=\u00bbdefault\u00bb global_colors_info=\u00bb{}\u00bb][\/et_pb_column][\/et_pb_row][et_pb_row _builder_version=\u00bb4.27.4&#8243; _module_preset=\u00bbdefault\u00bb min_height=\u00bb83px\u00bb custom_margin=\u00bb-1px|auto||auto|false|false\u00bb global_colors_info=\u00bb{}\u00bb][et_pb_column type=\u00bb4_4&#8243; _builder_version=\u00bb4.25.1&#8243; _module_preset=\u00bbdefault\u00bb global_colors_info=\u00bb{}\u00bb][et_pb_heading title=\u00bbGLS and GLS2 cross-talk as a therapeutic target in cancer &#8211; HOSTING OFFER \u2013 MSCA-PF 2025&#8243; _builder_version=\u00bb4.27.4&#8243; _module_preset=\u00bbdefault\u00bb title_text_align=\u00bbcenter\u00bb title_text_color=\u00bb#0C71C3&#8243; title_line_height=\u00bb1.4em\u00bb module_alignment=\u00bbcenter\u00bb hover_enabled=\u00bb0&#8243; global_colors_info=\u00bb{}\u00bb sticky_enabled=\u00bb0&#8243;][\/et_pb_heading][\/et_pb_column][\/et_pb_row][et_pb_row admin_label=\u00bbrow\u00bb _builder_version=\u00bb4.27.4&#8243; background_size=\u00bbinitial\u00bb background_position=\u00bbtop_left\u00bb background_repeat=\u00bbrepeat\u00bb width=\u00bb77.1%\u00bb custom_margin=\u00bb|-436px||237px|false|false\u00bb custom_padding=\u00bb1px|0px||9px||\u00bb global_colors_info=\u00bb{}\u00bb][et_pb_column type=\u00bb4_4&#8243; _builder_version=\u00bb4.16&#8243; custom_padding=\u00bb|||\u00bb global_colors_info=\u00bb{}\u00bb custom_padding__hover=\u00bb|||\u00bb][et_pb_text admin_label=\u00bbText\u00bb _builder_version=\u00bb4.27.4&#8243; header_text_color=\u00bb#000000&#8243; background_size=\u00bbinitial\u00bb background_position=\u00bbtop_left\u00bb background_repeat=\u00bbrepeat\u00bb width=\u00bb100%\u00bb custom_margin=\u00bb1px|-295px|||false|false\u00bb hover_enabled=\u00bb0&#8243; global_colors_info=\u00bb{}\u00bb sticky_enabled=\u00bb0&#8243;]<\/p>\n<p style=\"text-align: justify;\">The <strong>\u201cCANCEROMICS\u201d<\/strong> group, led by <strong>Prof. Jos\u00e9 M. Mat\u00e9s<\/strong> at the <strong>Faculty of Sciences<\/strong> in <strong>M\u00e1laga, Spain<\/strong>, is interested in hosting a Marie Sk\u0142odowska-Curie Postdoctoral Fellow.<\/p>\n<p style=\"text-align: justify;\">One <strong>Marie Sk\u0142odowska-Curie spot <\/strong>is currently offered under the supervision of <strong>Prof. Jos\u00e9 M. Mat\u00e9s<\/strong>.<\/p>\n<p style=\"text-align: justify;\">Prof. Mat\u00e9s earned his PhD in Biochemistry in 1992 and has over 35 years of experience in cancer research. He is currently leading a project focused on the design of novel <strong>PROTAC\u00aes<\/strong> that selectively target <strong>glutaminase isoenzymes<\/strong>, aiming to synergistically arrest cancer progression.<\/p>\n<p style=\"text-align: justify;\"><strong>Description of the center<\/strong>: IBIMA Platform BIONAND is a multidisciplinary research space in biomedicine and nanomedicine that is centered around the two largest hospitals located in Malaga (Regional and Virgen de la Victoria University Hospitals) and Primary Care Units of the Andalusian Public Health System, together with the biotechnological groups of the University of Malaga. This entity brings together 73 research groups, selected based on scientific excellence, and working on eight big research areas. IBIMA aims to promote research of excellence, oriented towards translational research, fostering transferable results to clinical practice, advancing in the improvement of prevention, diagnosis and treatment of the most prevalent health problems at the regional, national and international level. It enables the development and promotion of a space for cutting-edge research that contributes to the scientific basis of the programs and policies of the National Health System. In 2015, IBIMA obtained recognition from the National Ministry of Health as one of the Biomedical Research Institute of reference in Spain. In 2022, the Andalusian Centre for Nanomedicine and Biotechnology (BIONAND) was integrated into IBIMA, equipped with a nanoimaging Unit holding the distinction of \u201cSingular Scientific and Technical Infrastructure\u201d awarded by the Spanish Government, infrastructure unique in Spain and one of the most complete in Europe. The Institute is part of relevant European research infrastructures such us EATRIS (Biomarkers and ATMP platforms) and ECRIN (designated in 2022 as National Hub of ECRIN-ERIC by the Spanish Government), and also participates in more than 80 scientific and technological research networks, being a European reference in biomedical and translational research.<\/p>\n<p style=\"text-align: justify;\"><strong>Description of the project\/projects<\/strong>:<\/p>\n<ul style=\"text-align: justify;\">\n<li>Number of positions available: \u00a01<\/li>\n<li>Project 1 Objective: To design Protacs linkers and E3 ligase ligands for glutaminase, to be used against cancer. Several online gene expression databases, including Oncomine, TCGA and cBioportal, as well as our gene expression profiling database (in GBM and breast cancer) will be bioinformatically mined for GLS\/GLS2 expression levels in different cancers. All cancer types with GLS and\/or GLS2 overexpression will be selected for further study including treatment with GLS and GLS2 inhibitors. A library containing FDA-approved drugs, natural compounds, and other chemicals, will be screened using computer-aided drug design (CADD) technologies based on their interaction with GLS or GLS2. Glutaminase-specific ligands will then be further screened via a high throughput format, employing purified recombinant human. GLS and GLS2, as well as a coupling enzymatic assay, are available in our lab. For the compound screening, luciferase assays will be used.\u00a0 The intermediate linker is usually an ether (eg, PEG) or a variant of a hydrocarbon chain linked to a POI ligand through an amide, ether, or amine. Different linkers and E3 ligase ligands are commercially available (Bio-techne, BOC-Sciences, Creative BioLabs). As GLS\/GLS2 specific ligands, we will check those obtained from our high-throughput screenings and\/or previously described inhibitors, like CB-839.<\/li>\n<\/ul>\n<p style=\"text-align: justify;\"><strong>Description Principal Investigator<\/strong><\/p>\n<p style=\"text-align: justify;\"><em>Jos\u00e9 M Mat\u00e9s (orcid 0000-0001-9795-1993) worked as Senior Research officer two years (1993-1995) in London (Marie Curie Fellowship) at The Royal Postgraduate Medical School (Hammersmith Hospital), University of London (UK); and three months (1996) in USA (NATO Fellowship) at The Milton Hershey Medical Center, University of Pennsylvania (USA). He is Associate Professor in the Department of Molecular Biology and Biochemistry at University of M\u00e1laga, M\u00e1laga, Spain, since year 2001. His research interests include cancer metabolism, transcriptional regulation, glutamine, glutaminase isoenzymes, glutathione, reactive oxygen species, redox regulation, oxidative damage, and apoptosis. He has published 94 (68 as first or corresponding author) research articles (h index = 44). In the last 5 years he has published in Cancer Cell (27,41), Nature Medicine (IF 27.36), twice in Cell Metabolism (IF 17.35), J Biomed Sci (12.77), Proc. Natl. Ac. Sci. USA (IF 9.78), BBA Rev Cancer (IF 8.22), Cancers (6.58), Free Rad Biol Med (IF 6.10), Glia (IF 6.00), Int J Biochem Cell Biol (IF 4.90), J Mol Med (IF 4.80), Curr Med Chem (IF 4.71), Arch Toxicol (IF 4.67), PLoS ONE (IF 4.41), Front Biosc (IF 4.10), etc. He has written 19 book chapters (15 as first or corresponding author) and he has also submitted six DNA sequences to GenBank. Among his articles as corresponding author there are six with more than 800 cites (i.e.: 3100, 2000, 1300, 1000, 875 and 800 cites, aproximately). He has worked in 35 research Grants (six times PI). He has been awarded with IV Molly Hill award in oncologic research and the XV Bastiano Bergese award in oncologic research. He has also over 64 conference papers (32 international), and he has been advisor of three PhD Thesis, eight Degree Thesis and seven Master Thesis. He has reviewed &gt;200 manuscripts for international journals, and he has revised more than 140 Grant applications for International Agencies. He is currently serving the Editorial Board of World J Gastrointestinal Pathophysiol, ROS, Int J Medical &amp; Pharmaceutical Case Reports, etc. He is Editor in Chief of American J Biochem.<\/em><\/p>\n<p>[\/et_pb_text][et_pb_heading title=\u00bbApplication Details\u00bb _builder_version=\u00bb4.27.4&#8243; _module_preset=\u00bbdefault\u00bb title_level=\u00bbh4&#8243; title_font=\u00bb|||on|||||\u00bb title_text_align=\u00bbleft\u00bb title_text_color=\u00bb#0C71C3&#8243; width=\u00bb98.8%\u00bb custom_margin=\u00bb30px||||false|false\u00bb custom_padding=\u00bb4px||0px|0px||\u00bb global_colors_info=\u00bb{}\u00bb custom_padding__hover_enabled=\u00bbon|desktop\u00bb custom_padding__hover=\u00bb4px||0px|0px||\u00bb][\/et_pb_heading][\/et_pb_column][\/et_pb_row][et_pb_row admin_label=\u00bbrow\u00bb _builder_version=\u00bb4.27.4&#8243; background_size=\u00bbinitial\u00bb background_position=\u00bbtop_left\u00bb background_repeat=\u00bbrepeat\u00bb width=\u00bb77.1%\u00bb custom_margin=\u00bb|-259px||240px|false|false\u00bb custom_padding=\u00bb0px|0px||9px||\u00bb global_colors_info=\u00bb{}\u00bb][et_pb_column type=\u00bb4_4&#8243; _builder_version=\u00bb4.16&#8243; custom_padding=\u00bb|||\u00bb global_colors_info=\u00bb{}\u00bb custom_padding__hover=\u00bb|||\u00bb][et_pb_text admin_label=\u00bbText\u00bb _builder_version=\u00bb4.27.4&#8243; header_text_color=\u00bb#000000&#8243; background_size=\u00bbinitial\u00bb background_position=\u00bbtop_left\u00bb background_repeat=\u00bbrepeat\u00bb width=\u00bb100%\u00bb min_height=\u00bb121px\u00bb custom_margin=\u00bb0px|-78px|||false|false\u00bb custom_padding=\u00bb0px||0px|||\u00bb global_colors_info=\u00bb{}\u00bb]<\/p>\n<ul>\n<li>Foreseen job starting date: March 2026 (or later, depending on the GA signature)<\/li>\n<li>Application deadline: 11 September 2025<\/li>\n<li>How to apply: MSCA application website<\/li>\n<li>Application e-mail: <a href=\"mailto:opi@ibima.eu;\">opi@ibima.eu;<\/a>\u00a0 <a href=\"mailto:ana.ortega@ibima.eu\">ana.ortega@ibima.eu<\/a><\/li>\n<\/ul>\n<p>[\/et_pb_text][et_pb_heading title=\u00bbCandidate profile\u00bb _builder_version=\u00bb4.27.4&#8243; _module_preset=\u00bbdefault\u00bb title_level=\u00bbh4&#8243; title_font=\u00bb|||on|||||\u00bb title_text_align=\u00bbleft\u00bb title_text_color=\u00bb#0C71C3&#8243; width=\u00bb98.8%\u00bb custom_margin=\u00bb-1px||||false|false\u00bb custom_padding=\u00bb4px||0px|0px||\u00bb global_colors_info=\u00bb{}\u00bb custom_padding__hover_enabled=\u00bbon|desktop\u00bb custom_padding__hover=\u00bb4px||0px|0px||\u00bb][\/et_pb_heading][et_pb_text admin_label=\u00bbText\u00bb _builder_version=\u00bb4.27.4&#8243; header_text_color=\u00bb#000000&#8243; background_size=\u00bbinitial\u00bb background_position=\u00bbtop_left\u00bb background_repeat=\u00bbrepeat\u00bb width=\u00bb100%\u00bb min_height=\u00bb121px\u00bb custom_margin=\u00bb0px|-78px|||false|false\u00bb custom_padding=\u00bb0px||0px|||\u00bb hover_enabled=\u00bb0&#8243; global_colors_info=\u00bb{}\u00bb sticky_enabled=\u00bb0&#8243;]<\/p>\n<ul>\n<li>You are a highly motivated PhD. graduate, in your first 8 years of research experience in cancer field, looking for a hosting institution to apply for a Marie Curie Postdoctoral Fellowship.<\/li>\n<li>You have not resided or carried out their main activities in the country of Spain for more than 12 months in the 3 years immediately prior to the abovementioned deadline.<\/li>\n<li>Your research expertise is related to Canceromics<\/li>\n<\/ul>\n<p><span style=\"text-decoration: underline;\"><strong>Required education level:<\/strong><\/span><\/p>\n<ul>\n<li>Required education level 1: PhD<\/li>\n<li>Degree field: Biochemistry; Molecular Biology; Biology; Chemistry; Pharmacy,\u2026<\/li>\n<\/ul>\n<p><span style=\"text-decoration: underline;\"><strong>Required experience level:<\/strong><\/span><\/p>\n<ul>\n<li>Main research field: Cancer<\/li>\n<li>Sub research field: Omics<\/li>\n<li>Years of research experience: Max. 8 years of postdoctoral experience<\/li>\n<\/ul>\n<p><strong><span style=\"text-decoration: underline;\">Required languages skills:<\/span> <\/strong><\/p>\n<ul>\n<li>Language: English<\/li>\n<li>Language level: C<\/li>\n<\/ul>\n<p><span style=\"text-decoration: underline;\"><strong>Additional requirements:<\/strong><\/span><\/p>\n<ul>\n<li>Skills: Protein Chemisty<\/li>\n<li>Specific requirements: PROTAC and\/or Metabolomics<\/li>\n<\/ul>\n<p>At the deadline for the submission of proposals (<strong>11<\/strong> <strong>September, 2024<\/strong>), researchers:<\/p>\n<ul>\n<li>shall be in possession of a doctoral degree.<\/li>\n<li>must have a maximum of 8 years full-time equivalent experience in research, measured from the date of award of the doctoral degree.<\/li>\n<li>must not have resided or carried out their main activities in the country of Spain for more than 12 months in the 3 years immediately prior to the abovementioned deadline.<\/li>\n<li style=\"list-style-type: none;\">\n<ul><\/ul>\n<\/li>\n<\/ul>\n<p>[\/et_pb_text][et_pb_heading title=\u00bbImportant and contac information\u00bb _builder_version=\u00bb4.27.4&#8243; _module_preset=\u00bbdefault\u00bb title_level=\u00bbh4&#8243; title_font=\u00bb|||on|||||\u00bb title_text_align=\u00bbleft\u00bb title_text_color=\u00bb#0C71C3&#8243; width=\u00bb98.8%\u00bb custom_margin=\u00bb-1px||||false|false\u00bb custom_padding=\u00bb4px||0px|0px||\u00bb global_colors_info=\u00bb{}\u00bb custom_padding__hover_enabled=\u00bbon|desktop\u00bb custom_padding__hover=\u00bb4px||0px|0px||\u00bb][\/et_pb_heading][et_pb_text admin_label=\u00bbText\u00bb _builder_version=\u00bb4.27.4&#8243; header_text_color=\u00bb#000000&#8243; background_size=\u00bbinitial\u00bb background_position=\u00bbtop_left\u00bb background_repeat=\u00bbrepeat\u00bb width=\u00bb100%\u00bb min_height=\u00bb121px\u00bb custom_margin=\u00bb0px|-78px|62px||false|false\u00bb custom_padding=\u00bb0px||0px|||\u00bb global_colors_info=\u00bb{}\u00bb]<\/p>\n<ul>\n<li>Offer deadline: 20 Junio 2024<\/li>\n<li>Country: Spain<\/li>\n<li>City: Malaga<\/li>\n<li>EU Research Framework: HE\/MSCA<\/li>\n<li><a href=\"mailto:opi@ibima.eu\">opi@ibima.eu,<\/a> <a href=\"mailto:jmates@uma.es\">jmates@uma.es<\/a>\u00a0<\/li>\n<\/ul>\n<p>[\/et_pb_text][\/et_pb_column][\/et_pb_row][\/et_pb_section]<\/p>\n","protected":false},"excerpt":{"rendered":"<p>The \u201cCANCEROMICS\u201d group, led by Prof. Jos\u00e9 M. Mat\u00e9s at the Faculty of Sciences in M\u00e1laga, Spain, is interested in hosting a Marie Sk\u0142odowska-Curie Postdoctoral Fellow. One Marie Sk\u0142odowska-Curie spot is currently offered under the supervision of Prof. Jos\u00e9 M. Mat\u00e9s. Prof. Mat\u00e9s earned his PhD in Biochemistry in 1992 and has over 35 years [&hellip;]<\/p>\n","protected":false},"author":4,"featured_media":0,"parent":0,"menu_order":0,"comment_status":"closed","ping_status":"closed","template":"","meta":{"_acf_changed":false,"_et_pb_use_builder":"on","_et_pb_old_content":"","_et_gb_content_width":"","footnotes":""},"class_list":["post-53734","page","type-page","status-publish","hentry"],"acf":[],"yoast_head":"<!-- This site is optimized with the Yoast SEO plugin v27.4 - https:\/\/yoast.com\/product\/yoast-seo-wordpress\/ -->\n<title>GLS and GLS2 cross-talk as a therapeutic target in cancer - Ibima<\/title>\n<meta name=\"robots\" content=\"index, follow, max-snippet:-1, max-image-preview:large, max-video-preview:-1\" \/>\n<link rel=\"canonical\" href=\"https:\/\/ibima.eu\/en\/gls-gls2-crosstalk-cancer-therapy\/\" \/>\n<meta property=\"og:locale\" content=\"en_GB\" \/>\n<meta property=\"og:type\" content=\"article\" \/>\n<meta property=\"og:title\" content=\"GLS and GLS2 cross-talk as a therapeutic target in cancer - Ibima\" \/>\n<meta property=\"og:description\" content=\"The \u201cCANCEROMICS\u201d group, led by Prof. Jos\u00e9 M. Mat\u00e9s at the Faculty of Sciences in M\u00e1laga, Spain, is interested in hosting a Marie Sk\u0142odowska-Curie Postdoctoral Fellow. One Marie Sk\u0142odowska-Curie spot is currently offered under the supervision of Prof. Jos\u00e9 M. Mat\u00e9s. Prof. Mat\u00e9s earned his PhD in Biochemistry in 1992 and has over 35 years [&hellip;]\" \/>\n<meta property=\"og:url\" content=\"https:\/\/ibima.eu\/en\/gls-gls2-crosstalk-cancer-therapy\/\" \/>\n<meta property=\"og:site_name\" content=\"Ibima\" \/>\n<meta property=\"article:modified_time\" content=\"2025-05-21T15:22:02+00:00\" \/>\n<meta name=\"twitter:card\" content=\"summary_large_image\" \/>\n<meta name=\"twitter:label1\" content=\"Estimated reading time\" \/>\n\t<meta name=\"twitter:data1\" content=\"9 minutes\" \/>\n<script type=\"application\/ld+json\" class=\"yoast-schema-graph\">{\"@context\":\"https:\\\/\\\/schema.org\",\"@graph\":[{\"@type\":\"WebPage\",\"@id\":\"https:\\\/\\\/ibima.eu\\\/gls-gls2-crosstalk-cancer-therapy\\\/\",\"url\":\"https:\\\/\\\/ibima.eu\\\/gls-gls2-crosstalk-cancer-therapy\\\/\",\"name\":\"GLS and GLS2 cross-talk as a therapeutic target in cancer - Ibima\",\"isPartOf\":{\"@id\":\"https:\\\/\\\/ibima.eu\\\/es\\\/#website\"},\"datePublished\":\"2025-05-21T15:18:10+00:00\",\"dateModified\":\"2025-05-21T15:22:02+00:00\",\"breadcrumb\":{\"@id\":\"https:\\\/\\\/ibima.eu\\\/gls-gls2-crosstalk-cancer-therapy\\\/#breadcrumb\"},\"inLanguage\":\"en-GB\",\"potentialAction\":[{\"@type\":\"ReadAction\",\"target\":[\"https:\\\/\\\/ibima.eu\\\/gls-gls2-crosstalk-cancer-therapy\\\/\"]}]},{\"@type\":\"BreadcrumbList\",\"@id\":\"https:\\\/\\\/ibima.eu\\\/gls-gls2-crosstalk-cancer-therapy\\\/#breadcrumb\",\"itemListElement\":[{\"@type\":\"ListItem\",\"position\":1,\"name\":\"Portada\",\"item\":\"https:\\\/\\\/ibima.eu\\\/es\\\/\"},{\"@type\":\"ListItem\",\"position\":2,\"name\":\"GLS and GLS2 cross-talk as a therapeutic target in cancer\"}]},{\"@type\":\"WebSite\",\"@id\":\"https:\\\/\\\/ibima.eu\\\/es\\\/#website\",\"url\":\"https:\\\/\\\/ibima.eu\\\/es\\\/\",\"name\":\"Ibima\",\"description\":\"\",\"potentialAction\":[{\"@type\":\"SearchAction\",\"target\":{\"@type\":\"EntryPoint\",\"urlTemplate\":\"https:\\\/\\\/ibima.eu\\\/es\\\/?s={search_term_string}\"},\"query-input\":{\"@type\":\"PropertyValueSpecification\",\"valueRequired\":true,\"valueName\":\"search_term_string\"}}],\"inLanguage\":\"en-GB\"}]}<\/script>\n<!-- \/ Yoast SEO plugin. -->","yoast_head_json":{"title":"GLS and GLS2 cross-talk as a therapeutic target in cancer - Ibima","robots":{"index":"index","follow":"follow","max-snippet":"max-snippet:-1","max-image-preview":"max-image-preview:large","max-video-preview":"max-video-preview:-1"},"canonical":"https:\/\/ibima.eu\/en\/gls-gls2-crosstalk-cancer-therapy\/","og_locale":"en_GB","og_type":"article","og_title":"GLS and GLS2 cross-talk as a therapeutic target in cancer - Ibima","og_description":"The \u201cCANCEROMICS\u201d group, led by Prof. Jos\u00e9 M. Mat\u00e9s at the Faculty of Sciences in M\u00e1laga, Spain, is interested in hosting a Marie Sk\u0142odowska-Curie Postdoctoral Fellow. One Marie Sk\u0142odowska-Curie spot is currently offered under the supervision of Prof. Jos\u00e9 M. Mat\u00e9s. Prof. Mat\u00e9s earned his PhD in Biochemistry in 1992 and has over 35 years [&hellip;]","og_url":"https:\/\/ibima.eu\/en\/gls-gls2-crosstalk-cancer-therapy\/","og_site_name":"Ibima","article_modified_time":"2025-05-21T15:22:02+00:00","twitter_card":"summary_large_image","twitter_misc":{"Estimated reading time":"9 minutes"},"schema":{"@context":"https:\/\/schema.org","@graph":[{"@type":"WebPage","@id":"https:\/\/ibima.eu\/gls-gls2-crosstalk-cancer-therapy\/","url":"https:\/\/ibima.eu\/gls-gls2-crosstalk-cancer-therapy\/","name":"GLS and GLS2 cross-talk as a therapeutic target in cancer - Ibima","isPartOf":{"@id":"https:\/\/ibima.eu\/es\/#website"},"datePublished":"2025-05-21T15:18:10+00:00","dateModified":"2025-05-21T15:22:02+00:00","breadcrumb":{"@id":"https:\/\/ibima.eu\/gls-gls2-crosstalk-cancer-therapy\/#breadcrumb"},"inLanguage":"en-GB","potentialAction":[{"@type":"ReadAction","target":["https:\/\/ibima.eu\/gls-gls2-crosstalk-cancer-therapy\/"]}]},{"@type":"BreadcrumbList","@id":"https:\/\/ibima.eu\/gls-gls2-crosstalk-cancer-therapy\/#breadcrumb","itemListElement":[{"@type":"ListItem","position":1,"name":"Portada","item":"https:\/\/ibima.eu\/es\/"},{"@type":"ListItem","position":2,"name":"GLS and GLS2 cross-talk as a therapeutic target in cancer"}]},{"@type":"WebSite","@id":"https:\/\/ibima.eu\/es\/#website","url":"https:\/\/ibima.eu\/es\/","name":"Ibima","description":"","potentialAction":[{"@type":"SearchAction","target":{"@type":"EntryPoint","urlTemplate":"https:\/\/ibima.eu\/es\/?s={search_term_string}"},"query-input":{"@type":"PropertyValueSpecification","valueRequired":true,"valueName":"search_term_string"}}],"inLanguage":"en-GB"}]}},"_links":{"self":[{"href":"https:\/\/ibima.eu\/en\/wp-json\/wp\/v2\/pages\/53734","targetHints":{"allow":["GET"]}}],"collection":[{"href":"https:\/\/ibima.eu\/en\/wp-json\/wp\/v2\/pages"}],"about":[{"href":"https:\/\/ibima.eu\/en\/wp-json\/wp\/v2\/types\/page"}],"author":[{"embeddable":true,"href":"https:\/\/ibima.eu\/en\/wp-json\/wp\/v2\/users\/4"}],"replies":[{"embeddable":true,"href":"https:\/\/ibima.eu\/en\/wp-json\/wp\/v2\/comments?post=53734"}],"version-history":[{"count":2,"href":"https:\/\/ibima.eu\/en\/wp-json\/wp\/v2\/pages\/53734\/revisions"}],"predecessor-version":[{"id":53736,"href":"https:\/\/ibima.eu\/en\/wp-json\/wp\/v2\/pages\/53734\/revisions\/53736"}],"wp:attachment":[{"href":"https:\/\/ibima.eu\/en\/wp-json\/wp\/v2\/media?parent=53734"}],"curies":[{"name":"wp","href":"https:\/\/api.w.org\/{rel}","templated":true}]}}