{"id":53796,"date":"2025-05-28T12:29:14","date_gmt":"2025-05-28T12:29:14","guid":{"rendered":"https:\/\/ibima.eu\/?page_id=53796"},"modified":"2025-05-28T12:34:30","modified_gmt":"2025-05-28T12:34:30","slug":"art-mental-health-community-co-creating-pathways-to-recovery","status":"publish","type":"page","link":"https:\/\/ibima.eu\/en\/art-mental-health-community-co-creating-pathways-to-recovery\/","title":{"rendered":"Art, Mental Health, and Community: Co-creating intersectoral pathways to recovery"},"content":{"rendered":"<p>[et_pb_section fb_built=\u00bb1&#8243; admin_label=\u00bbsection\u00bb _builder_version=\u00bb4.25.1&#8243; custom_padding=\u00bb||0px|||\u00bb locked=\u00bboff\u00bb collapsed=\u00bboff\u00bb global_colors_info=\u00bb{}\u00bb][et_pb_row column_structure=\u00bb1_5,3_5,1_5&#8243; _builder_version=\u00bb4.25.1&#8243; _module_preset=\u00bbdefault\u00bb custom_margin=\u00bb10px||||false|false\u00bb custom_padding=\u00bb||0px|||\u00bb global_colors_info=\u00bb{}\u00bb][et_pb_column type=\u00bb1_5&#8243; _builder_version=\u00bb4.25.1&#8243; _module_preset=\u00bbdefault\u00bb global_colors_info=\u00bb{}\u00bb][\/et_pb_column][et_pb_column type=\u00bb3_5&#8243; _builder_version=\u00bb4.25.1&#8243; _module_preset=\u00bbdefault\u00bb global_colors_info=\u00bb{}\u00bb][et_pb_image src=\u00bbhttps:\/\/ibima.eu\/wp-content\/uploads\/2025\/05\/MSCA-IBIMA.png\u00bb title_text=\u00bbMSCA IBIMA\u00bb align=\u00bbcenter\u00bb _builder_version=\u00bb4.27.4&#8243; _module_preset=\u00bbdefault\u00bb width=\u00bb86%\u00bb module_alignment=\u00bbcenter\u00bb custom_margin=\u00bb26px|224px|||false|false\u00bb custom_padding=\u00bb|0px||||\u00bb global_colors_info=\u00bb{}\u00bb][\/et_pb_image][\/et_pb_column][et_pb_column type=\u00bb1_5&#8243; _builder_version=\u00bb4.25.1&#8243; _module_preset=\u00bbdefault\u00bb global_colors_info=\u00bb{}\u00bb][\/et_pb_column][\/et_pb_row][et_pb_row _builder_version=\u00bb4.27.4&#8243; _module_preset=\u00bbdefault\u00bb min_height=\u00bb83px\u00bb custom_margin=\u00bb-1px|auto||auto|false|false\u00bb global_colors_info=\u00bb{}\u00bb][et_pb_column type=\u00bb4_4&#8243; _builder_version=\u00bb4.25.1&#8243; _module_preset=\u00bbdefault\u00bb global_colors_info=\u00bb{}\u00bb][et_pb_heading title=\u00bbArt, Mental Health, and Community: Co-creating intersectoral pathways to recovery &#8211; HOSTING OFFER \u2013 MSCA-PF 2025&#8243; _builder_version=\u00bb4.27.4&#8243; _module_preset=\u00bbdefault\u00bb title_text_align=\u00bbcenter\u00bb title_text_color=\u00bb#0C71C3&#8243; title_line_height=\u00bb1.4em\u00bb module_alignment=\u00bbcenter\u00bb hover_enabled=\u00bb0&#8243; global_colors_info=\u00bb{}\u00bb sticky_enabled=\u00bb0&#8243;][\/et_pb_heading][\/et_pb_column][\/et_pb_row][et_pb_row admin_label=\u00bbrow\u00bb _builder_version=\u00bb4.27.4&#8243; background_size=\u00bbinitial\u00bb background_position=\u00bbtop_left\u00bb background_repeat=\u00bbrepeat\u00bb width=\u00bb77.1%\u00bb custom_margin=\u00bb|-436px||237px|false|false\u00bb custom_padding=\u00bb1px|0px||9px||\u00bb global_colors_info=\u00bb{}\u00bb][et_pb_column type=\u00bb4_4&#8243; _builder_version=\u00bb4.16&#8243; custom_padding=\u00bb|||\u00bb global_colors_info=\u00bb{}\u00bb custom_padding__hover=\u00bb|||\u00bb][et_pb_text admin_label=\u00bbText\u00bb _builder_version=\u00bb4.27.4&#8243; header_text_color=\u00bb#000000&#8243; background_size=\u00bbinitial\u00bb background_position=\u00bbtop_left\u00bb background_repeat=\u00bbrepeat\u00bb width=\u00bb100%\u00bb custom_margin=\u00bb1px|-295px|||false|false\u00bb hover_enabled=\u00bb0&#8243; global_colors_info=\u00bb{}\u00bb sticky_enabled=\u00bb0&#8243;]<\/p>\n<p style=\"text-align: justify;\">The group \u201cBasic, Clinical and Epidemiological Research in Mental Health\u201d lead by Dr. Jos\u00e9 Guzm\u00e1n-Parra at the IBIMA Platform BIONAND in M\u00e1laga (Spain) is interested in hosting a Marie Curie Fellowship. 1 <strong>Marie Sk\u0142odowska-Curie projects<\/strong> are offered to be supervised by Dr. Jessica Marian Goodman Casanova:<\/p>\n<p style=\"text-align: justify;\">Dr. Jessica Marian Goodman Casanova:<\/p>\n<p style=\"text-align: justify;\"><strong>Education:<\/strong><\/p>\n<p style=\"text-align: justify;\">Specialized training in Mental Health Nursing (2018)<\/p>\n<p style=\"text-align: justify;\">PhD, University of Alcal\u00e1 (2023)<\/p>\n<p style=\"text-align: justify;\">M.Sc Art Therapy, University Aut\u00f3noma of Madrid (2023)<\/p>\n<p style=\"text-align: justify;\"><strong>Current Positions:<\/strong><\/p>\n<p style=\"text-align: justify;\">Co-Responsible Researcher and Mental Health Nurse at the Mental Health Clinical Management Unit, Regional University Hospital of M\u00e1laga and Biomedical Research Institute of M\u00e1laga (IBIMA BIONAND)<\/p>\n<p style=\"text-align: justify;\"><strong>Research Focus:<\/strong><\/p>\n<p style=\"text-align: justify;\">Dr. Goodman-Casanova is specialized in the intersection of mental health, arts, and community-based interventions. Her work emphasizes co-creation with service users and cross-sector collaboration between health and cultural institutions.<\/p>\n<p style=\"text-align: justify;\"><strong>Key Publications:<\/strong><\/p>\n<ul style=\"text-align: justify;\">\n<li>Goodman-Casanova, J.M., et al. (2024). Community-based art groups in mental health recovery: A systematic review and narrative synthesis. Journal of Psychiatric and Mental Health Nursing, 31(2), 158\u2013173.<\/li>\n<li>Goodman-Casanova, J.M., et al. (2023). Effectiveness of museum-based participatory arts in mental health recovery. International Journal of Mental Health Nursing, 32(5), 1416\u20131428.<\/li>\n<li>Goodman-Casanova, J.M., et al. (2023). It&#8217;s all about the journey! An online museum-based recovery-oriented art psychotherapy group. International Journal of Art Therapy, 28(1), 3\u201314.<\/li>\n<\/ul>\n<p style=\"text-align: justify;\"><strong>Research Projects:<\/strong><\/p>\n<p style=\"text-align: justify;\">RecuperArte: A multicenter program evaluating the impact of participatory arts in museums on mental health recovery.<\/p>\n<p style=\"text-align: justify;\"><strong>Description of the center<\/strong>: IBIMA Platform BIONAND is a multidisciplinary research space in biomedicine and nanomedicine that is centered around the two largest hospitals located in Malaga (Regional and Virgen de la Victoria University Hospitals) and Primary Care Units of the Andalusian Public Health System, together with the biotechnological groups of the University of Malaga. This entity brings together 73 research groups, selected based on scientific excellence, and working on eight big research areas. IBIMA aims to promote research of excellence, oriented towards translational research, fostering transferable results to clinical practice, advancing in the improvement of prevention, diagnosis and treatment of the most prevalent health problems at the regional, national and international level. It enables the development and promotion of a space for cutting-edge research that contributes to the scientific basis of the programs and policies of the National Health System. In 2015, IBIMA obtained recognition from the National Ministry of Health as one of the Biomedical Research Institute of reference in Spain. In 2022, the Andalusian Centre for Nanomedicine and Biotechnology (BIONAND) was integrated into IBIMA, equipped with a nanoimaging Unit holding the distinction of \u201cSingular Scientific and Technical Infrastructure\u201d awarded by the Spanish Government, infrastructure unique in Spain and one of the most complete in Europe. The Institute is part of relevant European research infrastructures such us EATRIS (Biomarkers and ATMP platforms) and ECRIN (designated in 2022 as National Hub of ECRIN-ERIC by the Spanish Government), and also participates in more than 80 scientific and technological research networks, being a European reference in biomedical and translational research.<\/p>\n<p style=\"text-align: justify;\"><strong>Description of the project\/projects<\/strong>:<\/p>\n<ul style=\"text-align: justify;\">\n<li>Number of positions available: 1<\/li>\n<li>Project 1 Objective: Develop and Evaluate Art-based Interventions: Design and implement community-based art programs that facilitate mental health, emphasizing co-creation with participants and integration within cultural institutions.<\/li>\n<li>Project 2 Objective: Enhance Cross-Sector Collaboration: Foster partnerships between mental health services and cultural organizations to create sustainable, recovery-oriented art initiatives that are accessible and inclusive<\/li>\n<\/ul>\n<ul style=\"text-align: justify;\"><\/ul>\n<p style=\"text-align: justify;\"><em><\/em><\/p>\n<p>[\/et_pb_text][et_pb_heading title=\u00bbApplication Details\u00bb _builder_version=\u00bb4.27.4&#8243; _module_preset=\u00bbdefault\u00bb title_level=\u00bbh4&#8243; title_font=\u00bb|||on|||||\u00bb title_text_align=\u00bbleft\u00bb title_text_color=\u00bb#0C71C3&#8243; width=\u00bb98.8%\u00bb custom_margin=\u00bb8px||||false|false\u00bb custom_padding=\u00bb4px||0px|0px||\u00bb global_colors_info=\u00bb{}\u00bb custom_padding__hover_enabled=\u00bbon|desktop\u00bb custom_padding__hover=\u00bb4px||0px|0px||\u00bb][\/et_pb_heading][\/et_pb_column][\/et_pb_row][et_pb_row admin_label=\u00bbrow\u00bb _builder_version=\u00bb4.27.4&#8243; background_size=\u00bbinitial\u00bb background_position=\u00bbtop_left\u00bb background_repeat=\u00bbrepeat\u00bb width=\u00bb77.1%\u00bb custom_margin=\u00bb|-259px||240px|false|false\u00bb custom_padding=\u00bb0px|0px||9px||\u00bb global_colors_info=\u00bb{}\u00bb][et_pb_column type=\u00bb4_4&#8243; _builder_version=\u00bb4.16&#8243; custom_padding=\u00bb|||\u00bb global_colors_info=\u00bb{}\u00bb custom_padding__hover=\u00bb|||\u00bb][et_pb_text admin_label=\u00bbText\u00bb _builder_version=\u00bb4.27.4&#8243; header_text_color=\u00bb#000000&#8243; background_size=\u00bbinitial\u00bb background_position=\u00bbtop_left\u00bb background_repeat=\u00bbrepeat\u00bb width=\u00bb100%\u00bb min_height=\u00bb121px\u00bb custom_margin=\u00bb0px|-78px|||false|false\u00bb custom_padding=\u00bb0px||0px|||\u00bb hover_enabled=\u00bb0&#8243; global_colors_info=\u00bb{}\u00bb sticky_enabled=\u00bb0&#8243;]<\/p>\n<ul>\n<li style=\"text-align: justify;\">Foreseen job starting date: March 2026 (or later, depending on the GA signature)<\/li>\n<li style=\"text-align: justify;\">Application deadline: 11 September 2025<\/li>\n<li style=\"text-align: justify;\">How to apply: MSCA application website<\/li>\n<li style=\"text-align: justify;\">Application e-mail: <a href=\"mailto:opi@ibima.eu;\">opi@ibima.eu;<\/a> <a href=\"mailto:jessica.goodman@ibima.eu\">jessica.goodman@ibima.eu<\/a><\/li>\n<\/ul>\n<p>[\/et_pb_text][et_pb_heading title=\u00bbCandidate profile\u00bb _builder_version=\u00bb4.27.4&#8243; _module_preset=\u00bbdefault\u00bb title_level=\u00bbh4&#8243; title_font=\u00bb|||on|||||\u00bb title_text_align=\u00bbleft\u00bb title_text_color=\u00bb#0C71C3&#8243; width=\u00bb98.8%\u00bb custom_margin=\u00bb-1px||||false|false\u00bb custom_padding=\u00bb4px||0px|0px||\u00bb global_colors_info=\u00bb{}\u00bb custom_padding__hover_enabled=\u00bbon|desktop\u00bb custom_padding__hover=\u00bb4px||0px|0px||\u00bb][\/et_pb_heading][et_pb_text admin_label=\u00bbText\u00bb _builder_version=\u00bb4.27.4&#8243; header_text_color=\u00bb#000000&#8243; background_size=\u00bbinitial\u00bb background_position=\u00bbtop_left\u00bb background_repeat=\u00bbrepeat\u00bb width=\u00bb100%\u00bb min_height=\u00bb90px\u00bb custom_margin=\u00bb0px|-78px|||false|false\u00bb custom_padding=\u00bb0px||0px|||\u00bb hover_enabled=\u00bb0&#8243; global_colors_info=\u00bb{}\u00bb sticky_enabled=\u00bb0&#8243;]<\/p>\n<ul>\n<li style=\"text-align: justify;\">You are a highly motivated PhD. graduate, in your first 8 years of research experience in the mental health field, looking for a hosting institution to apply for a Marie Curie Postdoctoral Fellowship.<\/li>\n<li style=\"text-align: justify;\">You have not resided or carried out their main activities in the country of Spain for more than 12 months in the 3 years immediately prior to the abovementioned deadline.<\/li>\n<li style=\"text-align: justify;\">Your research expertise is related to mental health, the arts, community-based interventions, participatory research methods and co-creation processes.<\/li>\n<\/ul>\n<p style=\"text-align: justify;\"><strong>Required education level:<\/strong><\/p>\n<ul style=\"text-align: justify;\">\n<li>Required education level 1: PhD<\/li>\n<li>Degree field:\n<ul>\n<li>Background in mental health nursing, psychology, psychiatry, art therapy, or related fields.<\/li>\n<\/ul>\n<\/li>\n<\/ul>\n<p style=\"text-align: justify;\"><strong>Required experience level:<\/strong><\/p>\n<ul style=\"text-align: justify;\">\n<li>Main research field: Sciences<\/li>\n<li>Sub research field: Mental Health, Art, Community<\/li>\n<li>Years of research experience: Max. 8 years of postdoctoral experience<\/li>\n<\/ul>\n<p style=\"text-align: justify;\"><strong>Required languages skills: <\/strong><\/p>\n<ul style=\"text-align: justify;\">\n<li>Language: Spanish and English<\/li>\n<li>Language level: Proficient (C1 or higher)<\/li>\n<\/ul>\n<p style=\"text-align: justify;\"><strong>Additional requirements:<\/strong><\/p>\n<ul style=\"text-align: justify;\">\n<li>Skills:\n<ul>\n<li>Strong qualitative research skills, including thematic analysis and narrative synthesis.<\/li>\n<li>Ability to engage with diverse communities and facilitate participatory workshops.<\/li>\n<li>Excellent communication and collaboration abilities across disciplines.<\/li>\n<\/ul>\n<\/li>\n<li>Specific requirements:\n<ul>\n<li>A demonstrated commitment to interdisciplinary research and community engagement.<\/li>\n<li>Willingness to work within both clinical and cultural settings.<\/li>\n<li>Flexibility to adapt to various community contexts and participant needs.<\/li>\n<\/ul>\n<\/li>\n<\/ul>\n<p style=\"text-align: justify;\">At the deadline for the submission of proposals (<strong>11<\/strong> <strong>September, 2024<\/strong>), researchers:<\/p>\n<ul style=\"text-align: justify;\">\n<li>shall be in possession of a doctoral degree.<\/li>\n<li>must have a maximum of 8 years full-time equivalent experience in research, measured from the date of award of the doctoral degree.<\/li>\n<li>must not have resided or carried out their main activities in the country of Spain for more than 12 months in the 3 years immediately prior to the abovementioned deadline.<\/li>\n<\/ul>\n<p>[\/et_pb_text][et_pb_heading title=\u00bbImportant and contac information\u00bb _builder_version=\u00bb4.27.4&#8243; _module_preset=\u00bbdefault\u00bb title_level=\u00bbh4&#8243; title_font=\u00bb|||on|||||\u00bb title_text_align=\u00bbleft\u00bb title_text_color=\u00bb#0C71C3&#8243; width=\u00bb98.8%\u00bb custom_margin=\u00bb-1px||||false|false\u00bb custom_padding=\u00bb4px||0px|0px||\u00bb global_colors_info=\u00bb{}\u00bb custom_padding__hover_enabled=\u00bbon|desktop\u00bb custom_padding__hover=\u00bb4px||0px|0px||\u00bb][\/et_pb_heading][et_pb_text admin_label=\u00bbText\u00bb _builder_version=\u00bb4.27.4&#8243; header_text_color=\u00bb#000000&#8243; background_size=\u00bbinitial\u00bb background_position=\u00bbtop_left\u00bb background_repeat=\u00bbrepeat\u00bb width=\u00bb100%\u00bb min_height=\u00bb121px\u00bb custom_margin=\u00bb0px|-78px|62px||false|false\u00bb custom_padding=\u00bb0px||0px|||\u00bb hover_enabled=\u00bb0&#8243; global_colors_info=\u00bb{}\u00bb sticky_enabled=\u00bb0&#8243;]<\/p>\n<ul>\n<li>Offer deadline: 20 Junio 2025<\/li>\n<li>Country: Spain<\/li>\n<li>City: Malaga<\/li>\n<li>EU Research Framework: HE\/MSCA<\/li>\n<li><a href=\"mailto:opi@ibima.eu;\">opi@ibima.eu;<\/a> <a href=\"mailto:jessica.goodman@ibima.eu\">jessica.goodman@ibima.eu<\/a><\/li>\n<li style=\"list-style-type: none;\">\n<ul><\/ul>\n<\/li>\n<\/ul>\n<p>[\/et_pb_text][\/et_pb_column][\/et_pb_row][\/et_pb_section]<\/p>\n","protected":false},"excerpt":{"rendered":"<p>The group \u201cBasic, Clinical and Epidemiological Research in Mental Health\u201d lead by Dr. Jos\u00e9 Guzm\u00e1n-Parra at the IBIMA Platform BIONAND in M\u00e1laga (Spain) is interested in hosting a Marie Curie Fellowship. 1 Marie Sk\u0142odowska-Curie projects are offered to be supervised by Dr. Jessica Marian Goodman Casanova: Dr. Jessica Marian Goodman Casanova: Education: Specialized training in [&hellip;]<\/p>\n","protected":false},"author":4,"featured_media":0,"parent":0,"menu_order":0,"comment_status":"closed","ping_status":"closed","template":"","meta":{"_acf_changed":false,"_et_pb_use_builder":"on","_et_pb_old_content":"","_et_gb_content_width":"","footnotes":""},"class_list":["post-53796","page","type-page","status-publish","hentry"],"acf":[],"yoast_head":"<!-- This site is optimized with the Yoast SEO plugin v27.4 - https:\/\/yoast.com\/product\/yoast-seo-wordpress\/ -->\n<title>Art, Mental Health, and Community: Co-creating intersectoral pathways to recovery - Ibima<\/title>\n<meta name=\"robots\" content=\"index, follow, max-snippet:-1, max-image-preview:large, max-video-preview:-1\" \/>\n<link rel=\"canonical\" href=\"https:\/\/ibima.eu\/en\/art-mental-health-community-co-creating-pathways-to-recovery\/\" \/>\n<meta property=\"og:locale\" content=\"en_GB\" \/>\n<meta property=\"og:type\" content=\"article\" \/>\n<meta property=\"og:title\" content=\"Art, Mental Health, and Community: Co-creating intersectoral pathways to recovery - Ibima\" \/>\n<meta property=\"og:description\" content=\"The group \u201cBasic, Clinical and Epidemiological Research in Mental Health\u201d lead by Dr. Jos\u00e9 Guzm\u00e1n-Parra at the IBIMA Platform BIONAND in M\u00e1laga (Spain) is interested in hosting a Marie Curie Fellowship. 1 Marie Sk\u0142odowska-Curie projects are offered to be supervised by Dr. Jessica Marian Goodman Casanova: Dr. Jessica Marian Goodman Casanova: Education: Specialized training in [&hellip;]\" \/>\n<meta property=\"og:url\" content=\"https:\/\/ibima.eu\/en\/art-mental-health-community-co-creating-pathways-to-recovery\/\" \/>\n<meta property=\"og:site_name\" content=\"Ibima\" \/>\n<meta property=\"article:modified_time\" content=\"2025-05-28T12:34:30+00:00\" \/>\n<meta name=\"twitter:card\" content=\"summary_large_image\" \/>\n<meta name=\"twitter:label1\" content=\"Estimated reading time\" \/>\n\t<meta name=\"twitter:data1\" content=\"8 minutes\" \/>\n<script type=\"application\/ld+json\" class=\"yoast-schema-graph\">{\"@context\":\"https:\\\/\\\/schema.org\",\"@graph\":[{\"@type\":\"WebPage\",\"@id\":\"https:\\\/\\\/ibima.eu\\\/es\\\/art-mental-health-community-co-creating-pathways-to-recovery\\\/\",\"url\":\"https:\\\/\\\/ibima.eu\\\/es\\\/art-mental-health-community-co-creating-pathways-to-recovery\\\/\",\"name\":\"Art, Mental Health, and Community: Co-creating intersectoral pathways to recovery - Ibima\",\"isPartOf\":{\"@id\":\"https:\\\/\\\/ibima.eu\\\/es\\\/#website\"},\"datePublished\":\"2025-05-28T12:29:14+00:00\",\"dateModified\":\"2025-05-28T12:34:30+00:00\",\"breadcrumb\":{\"@id\":\"https:\\\/\\\/ibima.eu\\\/es\\\/art-mental-health-community-co-creating-pathways-to-recovery\\\/#breadcrumb\"},\"inLanguage\":\"en-GB\",\"potentialAction\":[{\"@type\":\"ReadAction\",\"target\":[\"https:\\\/\\\/ibima.eu\\\/es\\\/art-mental-health-community-co-creating-pathways-to-recovery\\\/\"]}]},{\"@type\":\"BreadcrumbList\",\"@id\":\"https:\\\/\\\/ibima.eu\\\/es\\\/art-mental-health-community-co-creating-pathways-to-recovery\\\/#breadcrumb\",\"itemListElement\":[{\"@type\":\"ListItem\",\"position\":1,\"name\":\"Portada\",\"item\":\"https:\\\/\\\/ibima.eu\\\/es\\\/\"},{\"@type\":\"ListItem\",\"position\":2,\"name\":\"Art, Mental Health, and Community: Co-creating intersectoral pathways to recovery\"}]},{\"@type\":\"WebSite\",\"@id\":\"https:\\\/\\\/ibima.eu\\\/es\\\/#website\",\"url\":\"https:\\\/\\\/ibima.eu\\\/es\\\/\",\"name\":\"Ibima\",\"description\":\"\",\"potentialAction\":[{\"@type\":\"SearchAction\",\"target\":{\"@type\":\"EntryPoint\",\"urlTemplate\":\"https:\\\/\\\/ibima.eu\\\/es\\\/?s={search_term_string}\"},\"query-input\":{\"@type\":\"PropertyValueSpecification\",\"valueRequired\":true,\"valueName\":\"search_term_string\"}}],\"inLanguage\":\"en-GB\"}]}<\/script>\n<!-- \/ Yoast SEO plugin. -->","yoast_head_json":{"title":"Art, Mental Health, and Community: Co-creating intersectoral pathways to recovery - Ibima","robots":{"index":"index","follow":"follow","max-snippet":"max-snippet:-1","max-image-preview":"max-image-preview:large","max-video-preview":"max-video-preview:-1"},"canonical":"https:\/\/ibima.eu\/en\/art-mental-health-community-co-creating-pathways-to-recovery\/","og_locale":"en_GB","og_type":"article","og_title":"Art, Mental Health, and Community: Co-creating intersectoral pathways to recovery - Ibima","og_description":"The group \u201cBasic, Clinical and Epidemiological Research in Mental Health\u201d lead by Dr. Jos\u00e9 Guzm\u00e1n-Parra at the IBIMA Platform BIONAND in M\u00e1laga (Spain) is interested in hosting a Marie Curie Fellowship. 1 Marie Sk\u0142odowska-Curie projects are offered to be supervised by Dr. Jessica Marian Goodman Casanova: Dr. Jessica Marian Goodman Casanova: Education: Specialized training in [&hellip;]","og_url":"https:\/\/ibima.eu\/en\/art-mental-health-community-co-creating-pathways-to-recovery\/","og_site_name":"Ibima","article_modified_time":"2025-05-28T12:34:30+00:00","twitter_card":"summary_large_image","twitter_misc":{"Estimated reading time":"8 minutes"},"schema":{"@context":"https:\/\/schema.org","@graph":[{"@type":"WebPage","@id":"https:\/\/ibima.eu\/es\/art-mental-health-community-co-creating-pathways-to-recovery\/","url":"https:\/\/ibima.eu\/es\/art-mental-health-community-co-creating-pathways-to-recovery\/","name":"Art, Mental Health, and Community: Co-creating intersectoral pathways to recovery - Ibima","isPartOf":{"@id":"https:\/\/ibima.eu\/es\/#website"},"datePublished":"2025-05-28T12:29:14+00:00","dateModified":"2025-05-28T12:34:30+00:00","breadcrumb":{"@id":"https:\/\/ibima.eu\/es\/art-mental-health-community-co-creating-pathways-to-recovery\/#breadcrumb"},"inLanguage":"en-GB","potentialAction":[{"@type":"ReadAction","target":["https:\/\/ibima.eu\/es\/art-mental-health-community-co-creating-pathways-to-recovery\/"]}]},{"@type":"BreadcrumbList","@id":"https:\/\/ibima.eu\/es\/art-mental-health-community-co-creating-pathways-to-recovery\/#breadcrumb","itemListElement":[{"@type":"ListItem","position":1,"name":"Portada","item":"https:\/\/ibima.eu\/es\/"},{"@type":"ListItem","position":2,"name":"Art, Mental Health, and Community: Co-creating intersectoral pathways to recovery"}]},{"@type":"WebSite","@id":"https:\/\/ibima.eu\/es\/#website","url":"https:\/\/ibima.eu\/es\/","name":"Ibima","description":"","potentialAction":[{"@type":"SearchAction","target":{"@type":"EntryPoint","urlTemplate":"https:\/\/ibima.eu\/es\/?s={search_term_string}"},"query-input":{"@type":"PropertyValueSpecification","valueRequired":true,"valueName":"search_term_string"}}],"inLanguage":"en-GB"}]}},"_links":{"self":[{"href":"https:\/\/ibima.eu\/en\/wp-json\/wp\/v2\/pages\/53796","targetHints":{"allow":["GET"]}}],"collection":[{"href":"https:\/\/ibima.eu\/en\/wp-json\/wp\/v2\/pages"}],"about":[{"href":"https:\/\/ibima.eu\/en\/wp-json\/wp\/v2\/types\/page"}],"author":[{"embeddable":true,"href":"https:\/\/ibima.eu\/en\/wp-json\/wp\/v2\/users\/4"}],"replies":[{"embeddable":true,"href":"https:\/\/ibima.eu\/en\/wp-json\/wp\/v2\/comments?post=53796"}],"version-history":[{"count":3,"href":"https:\/\/ibima.eu\/en\/wp-json\/wp\/v2\/pages\/53796\/revisions"}],"predecessor-version":[{"id":53799,"href":"https:\/\/ibima.eu\/en\/wp-json\/wp\/v2\/pages\/53796\/revisions\/53799"}],"wp:attachment":[{"href":"https:\/\/ibima.eu\/en\/wp-json\/wp\/v2\/media?parent=53796"}],"curies":[{"name":"wp","href":"https:\/\/api.w.org\/{rel}","templated":true}]}}