{"id":58374,"date":"2025-11-14T13:28:39","date_gmt":"2025-11-14T13:28:39","guid":{"rendered":"https:\/\/ibima.eu\/?page_id=58374"},"modified":"2026-02-09T13:14:26","modified_gmt":"2026-02-09T13:14:26","slug":"recursos-ecai-de-bioinformatica","status":"publish","type":"page","link":"https:\/\/ibima.eu\/en\/recursos-ecai-de-bioinformatica\/","title":{"rendered":"Recursos &#8211; ECAI de Bioinform\u00e1tica"},"content":{"rendered":"<p>[et_pb_section fb_built=\u00bb1&#8243; _builder_version=\u00bb4.20.4&#8243; _module_preset=\u00bbdefault\u00bb background_image=\u00bbhttps:\/\/ibima.eu\/wp-content\/uploads\/2023\/10\/GENOMICA-scaled.jpg\u00bb locked=\u00bboff\u00bb global_colors_info=\u00bb{}\u00bb][et_pb_row _builder_version=\u00bb4.20.4&#8243; _module_preset=\u00bbdefault\u00bb custom_padding=\u00bb250px||30px||false|false\u00bb global_colors_info=\u00bb{}\u00bb][et_pb_column type=\u00bb4_4&#8243; _builder_version=\u00bb4.20.4&#8243; _module_preset=\u00bbdefault\u00bb global_colors_info=\u00bb{}\u00bb][et_pb_text _builder_version=\u00bb4.27.4&#8243; _module_preset=\u00bbdefault\u00bb header_2_font=\u00bbPoppins|700|||||||\u00bb header_2_text_color=\u00bb#FFFFFF\u00bb header_2_font_size=\u00bb46px\u00bb header_2_font_size_tablet=\u00bb46px\u00bb header_2_font_size_phone=\u00bb40px\u00bb header_2_font_size_last_edited=\u00bbon|phone\u00bb global_colors_info=\u00bb{}\u00bb]<\/p>\n<h2>Recursos &#8211; ECAI de Bioinform\u00e1tica<\/h2>\n<p>[\/et_pb_text][\/et_pb_column][\/et_pb_row][\/et_pb_section][et_pb_section fb_built=\u00bb1&#8243; _builder_version=\u00bb4.20.4&#8243; _module_preset=\u00bbdefault\u00bb background_color=\u00bb#235b78&#8243; custom_padding=\u00bb30px||30px||true|false\u00bb global_colors_info=\u00bb{}\u00bb][et_pb_row _builder_version=\u00bb4.20.4&#8243; _module_preset=\u00bbdefault\u00bb global_colors_info=\u00bb{}\u00bb][et_pb_column type=\u00bb4_4&#8243; _builder_version=\u00bb4.20.4&#8243; _module_preset=\u00bbdefault\u00bb global_colors_info=\u00bb{}\u00bb][et_pb_text _builder_version=\u00bb4.27.4&#8243; _module_preset=\u00bbdefault\u00bb header_3_font=\u00bbPoppins|700|||||||\u00bb header_3_text_color=\u00bb#FFFFFF\u00bb header_3_font_size=\u00bb34px\u00bb global_colors_info=\u00bb{}\u00bb]<\/p>\n<h3>Repositorio de recursos recopilados por la <a href=\"https:\/\/ibima.eu\/es\/bioinformatica\/\" class=\"notion-link-token notion-focusable-token notion-enable-hover\" rel=\"noopener noreferrer\" data-token-index=\"1\" tabindex=\"0\"><span class=\"link-annotation-unknown-block-id--414947151\">ECAI de Bioinform\u00e1tica<\/span><\/a><span data-token-index=\"2\" class=\"notion-enable-hover\"> <\/span>del <a href=\"https:\/\/ibima.eu\/es\/\" class=\"notion-link-token notion-focusable-token notion-enable-hover\" rel=\"noopener noreferrer\" data-token-index=\"4\" tabindex=\"0\"><span class=\"link-annotation-unknown-block-id--1533044517\">IBIMA Plataforma BIONAND<\/span><\/a><span data-token-index=\"5\" class=\"notion-enable-hover\">.<\/span><!-- notionvc: 4fc92cd6-0a2e-463c-bcaa-6a43c57b3019 --><\/h3>\n<p>[\/et_pb_text][\/et_pb_column][\/et_pb_row][\/et_pb_section][et_pb_section fb_built=\u00bb1&#8243; _builder_version=\u00bb4.20.4&#8243; _module_preset=\u00bbdefault\u00bb global_colors_info=\u00bb{}\u00bb][et_pb_row _builder_version=\u00bb4.20.4&#8243; _module_preset=\u00bbdefault\u00bb width=\u00bb70%\u00bb custom_padding=\u00bb50px||50px||true|false\u00bb global_colors_info=\u00bb{}\u00bb][et_pb_column type=\u00bb4_4&#8243; _builder_version=\u00bb4.20.4&#8243; _module_preset=\u00bbdefault\u00bb global_colors_info=\u00bb{}\u00bb][et_pb_text _builder_version=\u00bb4.27.4&#8243; _module_preset=\u00bbdefault\u00bb text_font=\u00bbPoppins||||||||\u00bb global_colors_info=\u00bb{}\u00bb]<\/p>\n<p>A continuaci\u00f3n puedes encontrar un listado de recursos recopilados por la ECAI de Bioinform\u00e1tica del IBIMA Plataforma BIONAND. Los recursos est\u00e1n distribuidos en varias categor\u00edas: <em>Anotaci\u00f3n de variantes, Bases de circRNA, Bases y anotaci\u00f3n de miRNA, Color en gr\u00e1ficos, Enriquecimiento funcional y estructural, Estad\u00edstica y apoyo, Genomas, Herramientas, Identificaci\u00f3n de genes de referencia, Imputaci\u00f3n de variantes<\/em> y <em>Repositorios.<\/em><\/p>\n<p>Todos los recursos son de acceso libre y gratuito.<\/p>\n<p>La mayor\u00eda de recursos de consulta, como las bases de datos y plataformas, son accesibles para personas sin formaci\u00f3n en programaci\u00f3n.<\/p>\n<p><!-- notionvc: 460c1822-fa59-4ad2-a44b-b50b69c1fff0 --><\/p>\n<p>Para cualquier duda o consulta escribir a <a href=\"mailto:bioinformatica@ibima.eu\" class=\"notion-link-token notion-focusable-token notion-enable-hover\" rel=\"noopener noreferrer\" data-token-index=\"1\" tabindex=\"0\"><span class=\"link-annotation-unknown-block-id-719639503\">bioinformatica@ibima.eu<\/span><\/a>.\u00a0<!-- notionvc: 482c2053-12b8-4f2e-8e97-7363f315a9e4 --><\/p>\n<p>[\/et_pb_text][gs_logo_slider _builder_version=\u00bb4.27.5&#8243; _module_preset=\u00bbdefault\u00bb hover_enabled=\u00bb0&#8243; global_colors_info=\u00bb{}\u00bb sticky_enabled=\u00bb0&#8243;][\/gs_logo_slider][\/et_pb_column][\/et_pb_row][\/et_pb_section][et_pb_section fb_built=\u00bb1&#8243; _builder_version=\u00bb4.20.4&#8243; _module_preset=\u00bbdefault\u00bb background_color=\u00bb#235b78&#8243; custom_padding=\u00bb30px||30px||true|false\u00bb locked=\u00bboff\u00bb global_colors_info=\u00bb{}\u00bb][et_pb_row admin_label=\u00bbFila\u00bb _builder_version=\u00bb4.20.4&#8243; _module_preset=\u00bbdefault\u00bb global_colors_info=\u00bb{}\u00bb][et_pb_column type=\u00bb4_4&#8243; _builder_version=\u00bb4.20.4&#8243; _module_preset=\u00bbdefault\u00bb global_colors_info=\u00bb{}\u00bb][et_pb_text _builder_version=\u00bb4.23&#8243; _module_preset=\u00bbdefault\u00bb header_3_font=\u00bbPoppins|700|||||||\u00bb header_3_text_color=\u00bb#FFFFFF\u00bb header_3_font_size=\u00bb34px\u00bb global_colors_info=\u00bb{}\u00bb]<\/p>\n<h3>Contacto<\/h3>\n<p>[\/et_pb_text][\/et_pb_column][\/et_pb_row][\/et_pb_section][et_pb_section fb_built=\u00bb1&#8243; custom_padding_last_edited=\u00bbon|tablet\u00bb _builder_version=\u00bb4.20.4&#8243; _module_preset=\u00bbdefault\u00bb background_color=\u00bb#f4f4f4&#8243; custom_margin=\u00bb-72px||||false|false\u00bb custom_padding=\u00bb0px||||false|false\u00bb custom_padding_tablet=\u00bb80px||0px||false|false\u00bb custom_padding_phone=\u00bb80px||0px||false|false\u00bb global_colors_info=\u00bb{}\u00bb][et_pb_row column_structure=\u00bb1_3,1_3,1_3&#8243; make_equal=\u00bbon\u00bb custom_padding_last_edited=\u00bbon|tablet\u00bb _builder_version=\u00bb4.20.4&#8243; _module_preset=\u00bbdefault\u00bb width=\u00bb100%\u00bb min_height=\u00bb548.9px\u00bb custom_margin=\u00bb80px||||false|false\u00bb custom_padding_tablet=\u00bb||0px||false|false\u00bb custom_padding_phone=\u00bb||0px||false|false\u00bb global_colors_info=\u00bb{}\u00bb][et_pb_column type=\u00bb1_3&#8243; _builder_version=\u00bb4.20.4&#8243; _module_preset=\u00bbdefault\u00bb transform_scale_tablet=\u00bb\u00bb transform_scale_phone=\u00bb103%|103%\u00bb transform_scale_last_edited=\u00bbon|phone\u00bb transform_translate_tablet=\u00bb\u00bb transform_translate_phone=\u00bb\u00bb transform_translate_last_edited=\u00bbon|phone\u00bb transform_rotate_tablet=\u00bb\u00bb transform_rotate_phone=\u00bb\u00bb transform_rotate_last_edited=\u00bbon|phone\u00bb transform_skew_tablet=\u00bb\u00bb transform_skew_phone=\u00bb\u00bb transform_skew_last_edited=\u00bbon|phone\u00bb transform_origin_tablet=\u00bb\u00bb transform_origin_phone=\u00bb\u00bb transform_origin_last_edited=\u00bbon|phone\u00bb transform_styles_last_edited=\u00bbon|phone\u00bb transform_styles_tablet=\u00bb\u00bb transform_styles_phone=\u00bb\u00bb global_colors_info=\u00bb{}\u00bb][et_pb_blurb title=\u00bbJuan Antonio Garc\u00eda Ranea\u00bb image=\u00bbhttps:\/\/ibima.eu\/wp-content\/uploads\/2024\/01\/Juan-Antonio-Bioinformatica.png\u00bb image_icon_width=\u00bb72%\u00bb _builder_version=\u00bb4.24.2&#8243; _module_preset=\u00bbdefault\u00bb header_font=\u00bbPoppins|700|||||||\u00bb header_text_align=\u00bbcenter\u00bb header_text_color=\u00bb#43a5d3&#8243; header_font_size=\u00bb24px\u00bb body_font=\u00bbMontserrat||||||||\u00bb body_text_align=\u00bbcenter\u00bb body_text_color=\u00bb#FFFFFF\u00bb body_font_size=\u00bb18px\u00bb background_color=\u00bb#2a627d\u00bb image_icon_custom_margin=\u00bb10px||||false|false\u00bb module_alignment=\u00bbcenter\u00bb min_height=\u00bb600px\u00bb custom_margin=\u00bb||27px|||\u00bb custom_padding=\u00bb|30px|0px|30px|false|true\u00bb border_width_right=\u00bb5px\u00bb border_color_right=\u00bb#FFFFFF\u00bb border_radii_image=\u00bbon|100%|100%|100%|100%\u00bb locked=\u00bboff\u00bb global_colors_info=\u00bb{}\u00bb]<\/p>\n<p>Coordinador Cient\u00edfico<\/p>\n<p><a href=\"mailto:ranea@uma.es\">ranea@uma.es<\/a><\/p>\n<p>[\/et_pb_blurb][\/et_pb_column][et_pb_column type=\u00bb1_3&#8243; _builder_version=\u00bb4.20.4&#8243; _module_preset=\u00bbdefault\u00bb transform_scale_tablet=\u00bb102%|100%\u00bb transform_scale_phone=\u00bb102%|100%\u00bb transform_scale_last_edited=\u00bbon|tablet\u00bb transform_scale_linked_tablet=\u00bboff\u00bb transform_translate_tablet=\u00bb4px|0px\u00bb transform_translate_phone=\u00bb4px|0px\u00bb transform_translate_last_edited=\u00bbon|tablet\u00bb transform_translate_linked_tablet=\u00bboff\u00bb transform_rotate_tablet=\u00bb\u00bb transform_rotate_phone=\u00bb\u00bb transform_rotate_last_edited=\u00bbon|tablet\u00bb transform_skew_tablet=\u00bb\u00bb transform_skew_phone=\u00bb\u00bb transform_skew_last_edited=\u00bbon|tablet\u00bb transform_origin_tablet=\u00bb\u00bb transform_origin_phone=\u00bb\u00bb transform_origin_last_edited=\u00bbon|tablet\u00bb transform_styles_last_edited=\u00bbon|tablet\u00bb transform_styles_tablet=\u00bb\u00bb transform_styles_phone=\u00bb\u00bb global_colors_info=\u00bb{}\u00bb][et_pb_blurb title=\u00bbAndr\u00e9s Gonz\u00e1lez Jim\u00e9nez\u00bb image=\u00bbhttps:\/\/ibima.eu\/wp-content\/uploads\/2025\/05\/Diseno-sin-titulo-29-scaled.jpg\u00bb alt=\u00bbAndr\u00e9s Bioinform\u00e1tica\u00bb image_icon_width=\u00bb72%\u00bb _builder_version=\u00bb4.27.4&#8243; _module_preset=\u00bbdefault\u00bb header_font=\u00bbPoppins|700|||||||\u00bb header_text_align=\u00bbcenter\u00bb header_text_color=\u00bb#43a5d3&#8243; header_font_size=\u00bb24px\u00bb body_font=\u00bbMontserrat||||||||\u00bb body_text_align=\u00bbcenter\u00bb body_text_color=\u00bb#FFFFFF\u00bb body_font_size=\u00bb18px\u00bb background_color=\u00bb#2a627d\u00bb image_icon_custom_margin=\u00bb10px||||false|false\u00bb module_alignment=\u00bbcenter\u00bb min_height=\u00bb600px\u00bb custom_margin=\u00bb||27px|||\u00bb custom_padding=\u00bb|30px|0px|30px|false|true\u00bb border_width_right=\u00bb5px\u00bb border_color_right=\u00bb#FFFFFF\u00bb border_radii_image=\u00bbon|100%|100%|100%|100%\u00bb locked=\u00bboff\u00bb global_colors_info=\u00bb{}\u00bb]<\/p>\n<p>Coordinador<\/p>\n<p>Contacto: 658 17 65 04 |<\/p>\n<p><a href=\"mailto:%20bioinformatica@ibima.eu\">bioinformatica@ibima.eu<\/a><\/p>\n<p>[\/et_pb_blurb][et_pb_blurb title=\u00bbLuz Pino Ariza\u00bb image=\u00bbhttps:\/\/ibima.eu\/wp-content\/uploads\/2025\/05\/Diseno-sin-titulo-31-scaled.jpg\u00bb alt=\u00bbAndr\u00e9s Bioinform\u00e1tica\u00bb image_icon_width=\u00bb72%\u00bb _builder_version=\u00bb4.27.4&#8243; _module_preset=\u00bbdefault\u00bb header_font=\u00bbPoppins|700|||||||\u00bb header_text_align=\u00bbcenter\u00bb header_text_color=\u00bb#43a5d3&#8243; header_font_size=\u00bb24px\u00bb body_font=\u00bbMontserrat||||||||\u00bb body_text_align=\u00bbcenter\u00bb body_text_color=\u00bb#FFFFFF\u00bb body_font_size=\u00bb18px\u00bb background_color=\u00bb#2a627d\u00bb image_icon_custom_margin=\u00bb10px||||false|false\u00bb module_alignment=\u00bbcenter\u00bb min_height=\u00bb600px\u00bb custom_margin=\u00bb||27px|||\u00bb custom_padding=\u00bb|30px|0px|30px|false|true\u00bb border_width_right=\u00bb5px\u00bb border_color_right=\u00bb#FFFFFF\u00bb border_radii_image=\u00bbon|100%|100%|100%|100%\u00bb locked=\u00bboff\u00bb global_colors_info=\u00bb{}\u00bb]<\/p>\n<p>Bioinform\u00e1tico<\/p>\n<p><a href=\"mailto:%20bioinformatica@ibima.eu\">luz.pino@ibima.eu<\/a><\/p>\n<p>[\/et_pb_blurb][\/et_pb_column][et_pb_column type=\u00bb1_3&#8243; _builder_version=\u00bb4.20.4&#8243; _module_preset=\u00bbdefault\u00bb transform_scale_tablet=\u00bb\u00bb transform_scale_phone=\u00bb103%|103%\u00bb transform_scale_last_edited=\u00bbon|tablet\u00bb transform_translate_tablet=\u00bb0px|5px\u00bb transform_translate_phone=\u00bb0px|5px\u00bb transform_translate_last_edited=\u00bbon|tablet\u00bb transform_translate_linked_tablet=\u00bboff\u00bb transform_rotate_tablet=\u00bb\u00bb transform_rotate_phone=\u00bb\u00bb transform_rotate_last_edited=\u00bbon|tablet\u00bb transform_skew_tablet=\u00bb\u00bb transform_skew_phone=\u00bb\u00bb transform_skew_last_edited=\u00bbon|tablet\u00bb transform_origin_tablet=\u00bb\u00bb transform_origin_phone=\u00bb\u00bb transform_origin_last_edited=\u00bbon|tablet\u00bb transform_styles_last_edited=\u00bbon|tablet\u00bb transform_styles_tablet=\u00bb\u00bb transform_styles_phone=\u00bb\u00bb global_colors_info=\u00bb{}\u00bb][et_pb_blurb title=\u00bbGuillermo Paz L\u00f3pez\u00bb image=\u00bbhttps:\/\/ibima.eu\/wp-content\/uploads\/2025\/05\/Diseno-sin-titulo-30-scaled.jpg\u00bb image_icon_width=\u00bb72%\u00bb _builder_version=\u00bb4.27.4&#8243; _module_preset=\u00bbdefault\u00bb header_font=\u00bbPoppins|700|||||||\u00bb header_text_align=\u00bbcenter\u00bb header_text_color=\u00bb#43a5d3&#8243; header_font_size=\u00bb24px\u00bb body_font=\u00bbMontserrat||||||||\u00bb body_text_align=\u00bbcenter\u00bb body_text_color=\u00bb#FFFFFF\u00bb body_font_size=\u00bb18px\u00bb background_color=\u00bb#2a627d\u00bb image_icon_custom_margin=\u00bb10px||||false|false\u00bb module_alignment=\u00bbcenter\u00bb min_height=\u00bb600px\u00bb custom_margin=\u00bb||27px|||\u00bb custom_padding=\u00bb|30px|0px|30px|false|true\u00bb border_width_right=\u00bb5px\u00bb border_color_right=\u00bb#FFFFFF\u00bb border_radii_image=\u00bbon|100%|100%|100%|100%\u00bb locked=\u00bboff\u00bb global_colors_info=\u00bb{}\u00bb]<\/p>\n<p>Bioinform\u00e1tico<\/p>\n<p>FORT23\/00013<\/p>\n<p><a href=\"mailto:%20guillepl@uma.es\u00a0\">guillepl@uma.es\u00a0<\/a><\/p>\n<p>[\/et_pb_blurb][\/et_pb_column][\/et_pb_row][\/et_pb_section]<\/p>\n","protected":false},"excerpt":{"rendered":"<p>Recursos &#8211; ECAI de Bioinform\u00e1ticaRepositorio de recursos recopilados por la ECAI de Bioinform\u00e1tica del IBIMA Plataforma BIONAND.A continuaci\u00f3n puedes encontrar un listado de recursos recopilados por la ECAI de Bioinform\u00e1tica del IBIMA Plataforma BIONAND. Los recursos est\u00e1n distribuidos en varias categor\u00edas: Anotaci\u00f3n de variantes, Bases de circRNA, Bases y anotaci\u00f3n de miRNA, Color en gr\u00e1ficos, [&hellip;]<\/p>\n","protected":false},"author":4,"featured_media":0,"parent":0,"menu_order":0,"comment_status":"closed","ping_status":"closed","template":"","meta":{"_acf_changed":false,"_et_pb_use_builder":"on","_et_pb_old_content":"","_et_gb_content_width":"","footnotes":""},"class_list":["post-58374","page","type-page","status-publish","hentry"],"acf":[],"yoast_head":"<!-- This site is optimized with the Yoast SEO plugin v27.3 - https:\/\/yoast.com\/product\/yoast-seo-wordpress\/ -->\n<title>Recursos - ECAI de Bioinform\u00e1tica - Ibima<\/title>\n<meta name=\"robots\" content=\"index, follow, max-snippet:-1, max-image-preview:large, max-video-preview:-1\" \/>\n<link rel=\"canonical\" href=\"https:\/\/ibima.eu\/en\/recursos-ecai-de-bioinformatica\/\" \/>\n<meta property=\"og:locale\" content=\"en_GB\" \/>\n<meta property=\"og:type\" content=\"article\" \/>\n<meta property=\"og:title\" content=\"Recursos - ECAI de Bioinform\u00e1tica - Ibima\" \/>\n<meta property=\"og:description\" content=\"Recursos - ECAI de Bioinform\u00e1ticaRepositorio de recursos recopilados por la ECAI de Bioinform\u00e1tica del IBIMA Plataforma BIONAND.A continuaci\u00f3n puedes encontrar un listado de recursos recopilados por la ECAI de Bioinform\u00e1tica del IBIMA Plataforma BIONAND. Los recursos est\u00e1n distribuidos en varias categor\u00edas: Anotaci\u00f3n de variantes, Bases de circRNA, Bases y anotaci\u00f3n de miRNA, Color en gr\u00e1ficos, [&hellip;]\" \/>\n<meta property=\"og:url\" content=\"https:\/\/ibima.eu\/en\/recursos-ecai-de-bioinformatica\/\" \/>\n<meta property=\"og:site_name\" content=\"Ibima\" \/>\n<meta property=\"article:modified_time\" content=\"2026-02-09T13:14:26+00:00\" \/>\n<meta name=\"twitter:card\" content=\"summary_large_image\" \/>\n<meta name=\"twitter:label1\" content=\"Estimated reading time\" \/>\n\t<meta name=\"twitter:data1\" content=\"5 minutes\" \/>\n<script type=\"application\/ld+json\" class=\"yoast-schema-graph\">{\"@context\":\"https:\\\/\\\/schema.org\",\"@graph\":[{\"@type\":\"WebPage\",\"@id\":\"https:\\\/\\\/ibima.eu\\\/es\\\/recursos-ecai-de-bioinformatica\\\/\",\"url\":\"https:\\\/\\\/ibima.eu\\\/es\\\/recursos-ecai-de-bioinformatica\\\/\",\"name\":\"Recursos - ECAI de Bioinform\u00e1tica - Ibima\",\"isPartOf\":{\"@id\":\"https:\\\/\\\/ibima.eu\\\/es\\\/#website\"},\"datePublished\":\"2025-11-14T13:28:39+00:00\",\"dateModified\":\"2026-02-09T13:14:26+00:00\",\"breadcrumb\":{\"@id\":\"https:\\\/\\\/ibima.eu\\\/es\\\/recursos-ecai-de-bioinformatica\\\/#breadcrumb\"},\"inLanguage\":\"en-GB\",\"potentialAction\":[{\"@type\":\"ReadAction\",\"target\":[\"https:\\\/\\\/ibima.eu\\\/es\\\/recursos-ecai-de-bioinformatica\\\/\"]}]},{\"@type\":\"BreadcrumbList\",\"@id\":\"https:\\\/\\\/ibima.eu\\\/es\\\/recursos-ecai-de-bioinformatica\\\/#breadcrumb\",\"itemListElement\":[{\"@type\":\"ListItem\",\"position\":1,\"name\":\"Portada\",\"item\":\"https:\\\/\\\/ibima.eu\\\/es\\\/\"},{\"@type\":\"ListItem\",\"position\":2,\"name\":\"Recursos &#8211; ECAI de Bioinform\u00e1tica\"}]},{\"@type\":\"WebSite\",\"@id\":\"https:\\\/\\\/ibima.eu\\\/es\\\/#website\",\"url\":\"https:\\\/\\\/ibima.eu\\\/es\\\/\",\"name\":\"Ibima\",\"description\":\"\",\"potentialAction\":[{\"@type\":\"SearchAction\",\"target\":{\"@type\":\"EntryPoint\",\"urlTemplate\":\"https:\\\/\\\/ibima.eu\\\/es\\\/?s={search_term_string}\"},\"query-input\":{\"@type\":\"PropertyValueSpecification\",\"valueRequired\":true,\"valueName\":\"search_term_string\"}}],\"inLanguage\":\"en-GB\"}]}<\/script>\n<!-- \/ Yoast SEO plugin. -->","yoast_head_json":{"title":"Recursos - ECAI de Bioinform\u00e1tica - Ibima","robots":{"index":"index","follow":"follow","max-snippet":"max-snippet:-1","max-image-preview":"max-image-preview:large","max-video-preview":"max-video-preview:-1"},"canonical":"https:\/\/ibima.eu\/en\/recursos-ecai-de-bioinformatica\/","og_locale":"en_GB","og_type":"article","og_title":"Recursos - ECAI de Bioinform\u00e1tica - Ibima","og_description":"Recursos - ECAI de Bioinform\u00e1ticaRepositorio de recursos recopilados por la ECAI de Bioinform\u00e1tica del IBIMA Plataforma BIONAND.A continuaci\u00f3n puedes encontrar un listado de recursos recopilados por la ECAI de Bioinform\u00e1tica del IBIMA Plataforma BIONAND. Los recursos est\u00e1n distribuidos en varias categor\u00edas: Anotaci\u00f3n de variantes, Bases de circRNA, Bases y anotaci\u00f3n de miRNA, Color en gr\u00e1ficos, [&hellip;]","og_url":"https:\/\/ibima.eu\/en\/recursos-ecai-de-bioinformatica\/","og_site_name":"Ibima","article_modified_time":"2026-02-09T13:14:26+00:00","twitter_card":"summary_large_image","twitter_misc":{"Estimated reading time":"5 minutes"},"schema":{"@context":"https:\/\/schema.org","@graph":[{"@type":"WebPage","@id":"https:\/\/ibima.eu\/es\/recursos-ecai-de-bioinformatica\/","url":"https:\/\/ibima.eu\/es\/recursos-ecai-de-bioinformatica\/","name":"Recursos - ECAI de Bioinform\u00e1tica - Ibima","isPartOf":{"@id":"https:\/\/ibima.eu\/es\/#website"},"datePublished":"2025-11-14T13:28:39+00:00","dateModified":"2026-02-09T13:14:26+00:00","breadcrumb":{"@id":"https:\/\/ibima.eu\/es\/recursos-ecai-de-bioinformatica\/#breadcrumb"},"inLanguage":"en-GB","potentialAction":[{"@type":"ReadAction","target":["https:\/\/ibima.eu\/es\/recursos-ecai-de-bioinformatica\/"]}]},{"@type":"BreadcrumbList","@id":"https:\/\/ibima.eu\/es\/recursos-ecai-de-bioinformatica\/#breadcrumb","itemListElement":[{"@type":"ListItem","position":1,"name":"Portada","item":"https:\/\/ibima.eu\/es\/"},{"@type":"ListItem","position":2,"name":"Recursos &#8211; ECAI de Bioinform\u00e1tica"}]},{"@type":"WebSite","@id":"https:\/\/ibima.eu\/es\/#website","url":"https:\/\/ibima.eu\/es\/","name":"Ibima","description":"","potentialAction":[{"@type":"SearchAction","target":{"@type":"EntryPoint","urlTemplate":"https:\/\/ibima.eu\/es\/?s={search_term_string}"},"query-input":{"@type":"PropertyValueSpecification","valueRequired":true,"valueName":"search_term_string"}}],"inLanguage":"en-GB"}]}},"_links":{"self":[{"href":"https:\/\/ibima.eu\/en\/wp-json\/wp\/v2\/pages\/58374","targetHints":{"allow":["GET"]}}],"collection":[{"href":"https:\/\/ibima.eu\/en\/wp-json\/wp\/v2\/pages"}],"about":[{"href":"https:\/\/ibima.eu\/en\/wp-json\/wp\/v2\/types\/page"}],"author":[{"embeddable":true,"href":"https:\/\/ibima.eu\/en\/wp-json\/wp\/v2\/users\/4"}],"replies":[{"embeddable":true,"href":"https:\/\/ibima.eu\/en\/wp-json\/wp\/v2\/comments?post=58374"}],"version-history":[{"count":18,"href":"https:\/\/ibima.eu\/en\/wp-json\/wp\/v2\/pages\/58374\/revisions"}],"predecessor-version":[{"id":59891,"href":"https:\/\/ibima.eu\/en\/wp-json\/wp\/v2\/pages\/58374\/revisions\/59891"}],"wp:attachment":[{"href":"https:\/\/ibima.eu\/en\/wp-json\/wp\/v2\/media?parent=58374"}],"curies":[{"name":"wp","href":"https:\/\/api.w.org\/{rel}","templated":true}]}}