{"id":1079,"date":"2023-06-22T07:19:58","date_gmt":"2023-06-22T07:19:58","guid":{"rendered":"https:\/\/prueba.ibima.eu\/?page_id=1079"},"modified":"2025-11-25T11:45:13","modified_gmt":"2025-11-25T11:45:13","slug":"histologia","status":"publish","type":"page","link":"https:\/\/ibima.eu\/es\/histologia\/","title":{"rendered":"Histolog\u00eda"},"content":{"rendered":"\n[et_pb_section fb_built=\u00bb1&#8243; _builder_version=\u00bb4.20.4&#8243; _module_preset=\u00bbdefault\u00bb background_image=\u00bbhttps:\/\/ibima.eu\/wp-content\/uploads\/2023\/10\/Histologia-scaled.jpg\u00bb global_colors_info=\u00bb{}\u00bb][et_pb_row _builder_version=\u00bb4.20.4&#8243; _module_preset=\u00bbdefault\u00bb custom_padding=\u00bb250px||30px||false|false\u00bb global_colors_info=\u00bb{}\u00bb][et_pb_column type=\u00bb4_4&#8243; _builder_version=\u00bb4.20.4&#8243; _module_preset=\u00bbdefault\u00bb global_colors_info=\u00bb{}\u00bb][et_pb_text _builder_version=\u00bb4.25.0&#8243; _module_preset=\u00bbdefault\u00bb header_2_font=\u00bbPoppins|700|||||||\u00bb header_2_text_color=\u00bb#FFFFFF\u00bb header_2_font_size=\u00bb46px\u00bb global_colors_info=\u00bb{}\u00bb]<h2>Histolog\u00eda<\/h2>[\/et_pb_text][\/et_pb_column][\/et_pb_row][\/et_pb_section][et_pb_section fb_built=\u00bb1&#8243; custom_padding_last_edited=\u00bbon|desktop\u00bb _builder_version=\u00bb4.20.4&#8243; _module_preset=\u00bbdefault\u00bb custom_padding=\u00bb40px||40px||true|false\u00bb custom_padding_tablet=\u00bb40px||40px||true|false\u00bb custom_padding_phone=\u00bb40px||40px||true|false\u00bb global_colors_info=\u00bb{}\u00bb][et_pb_row _builder_version=\u00bb4.20.4&#8243; _module_preset=\u00bbdefault\u00bb custom_padding=\u00bb||50px||false|false\u00bb global_colors_info=\u00bb{}\u00bb][et_pb_column type=\u00bb4_4&#8243; _builder_version=\u00bb4.20.4&#8243; _module_preset=\u00bbdefault\u00bb global_colors_info=\u00bb{}\u00bb][et_pb_text _builder_version=\u00bb4.25.0&#8243; _module_preset=\u00bbdefault\u00bb text_font=\u00bbPoppins||||||||\u00bb text_orientation=\u00bbjustified\u00bb global_colors_info=\u00bb{}\u00bb]<p style=\"text-align: justify;\">El equipamiento disponible en la Unidad, junto a las t\u00e9cnicas en constante implementaci\u00f3n por parte del equipo t\u00e9cnico, permiten realizar valoraciones cualitativas y cuantitativas de cualquier tejido.<\/p>\n<p style=\"text-align: justify;\">En particular, los instrumentos de corte y pulido espec\u00edficos de materiales duros y el equipamiento de Histomorfometr\u00eda permite un an\u00e1lisis exhaustivo del tejido \u00f3seo.<br \/>Mediante la t\u00e9cnica de corte y pulido se puede realizar el procesamiento histol\u00f3gico de muestras que no pueden ser procesadas con t\u00e9cnicas convencionales, tales como tejido \u00f3seo sin descalcificar, muestras que contengan implantes met\u00e1licos, etc\u00e9tera<\/p>[\/et_pb_text][\/et_pb_column][\/et_pb_row][\/et_pb_section][et_pb_section fb_built=\u00bb1&#8243; _builder_version=\u00bb4.20.4&#8243; _module_preset=\u00bbdefault\u00bb background_color=\u00bb#235b78&#8243; custom_padding=\u00bb30px||30px||true|false\u00bb global_colors_info=\u00bb{}\u00bb][et_pb_row _builder_version=\u00bb4.20.4&#8243; _module_preset=\u00bbdefault\u00bb global_colors_info=\u00bb{}\u00bb][et_pb_column type=\u00bb4_4&#8243; _builder_version=\u00bb4.20.4&#8243; _module_preset=\u00bbdefault\u00bb global_colors_info=\u00bb{}\u00bb][et_pb_text _builder_version=\u00bb4.25.0&#8243; _module_preset=\u00bbdefault\u00bb header_3_font=\u00bbPoppins|700|||||||\u00bb header_3_text_color=\u00bb#FFFFFF\u00bb header_3_font_size=\u00bb34px\u00bb global_colors_info=\u00bb{}\u00bb]<h3>Servicios<\/h3>[\/et_pb_text][\/et_pb_column][\/et_pb_row][\/et_pb_section][et_pb_section fb_built=\u00bb1&#8243; _builder_version=\u00bb4.20.4&#8243; _module_preset=\u00bbdefault\u00bb custom_padding=\u00bb50px||50px||true|false\u00bb global_colors_info=\u00bb{}\u00bb][et_pb_row _builder_version=\u00bb4.20.4&#8243; _module_preset=\u00bbdefault\u00bb global_colors_info=\u00bb{}\u00bb][et_pb_column type=\u00bb4_4&#8243; _builder_version=\u00bb4.20.4&#8243; _module_preset=\u00bbdefault\u00bb global_colors_info=\u00bb{}\u00bb][et_pb_text _builder_version=\u00bb4.25.0&#8243; _module_preset=\u00bbdefault\u00bb text_font=\u00bbPoppins||||||||\u00bb text_orientation=\u00bbjustified\u00bb global_colors_info=\u00bb{}\u00bb]<ul>\n<li>Procesamiento de muestras (Fijaci\u00f3n, inclusi\u00f3n en parafina, corte y tinci\u00f3n) de muestras blandas mediante microtomo<\/li>\n<li>Procesamiento de muestras (Fijaci\u00f3n, crioprotecci\u00f3n, inclusi\u00f3n en OCT y tinci\u00f3n) de muestras blandas mediante criostato<\/li>\n<li>Procesamiento de muestras de alta dureza como hueso, implantes de distintas caracter\u00edsticas (Titanio, acero inoxidable, hidroxiapatita, fosfato tric\u00e1lcico, etc.), muestras de histolog\u00eda humana, muestras e implantes dentales, muestras metalogr\u00e1ficas, etc.<\/li>\n<li>Digitalizaci\u00f3n de im\u00e1genes en campo claro, campo oscuro y fluorescencia en un \u00fanico campo o z-stack de hasta 60\u03bcm<\/li>\n<li>An\u00e1lisis histomorfom\u00e9trico de muestras de hueso o m\u00fasculo para medir\u00a0cuantificar osteointegraci\u00f3n, an\u00e1lisis de hueso cortical, histomorfometr\u00eda humana, an\u00e1lisis de met\u00e1stasis en hueso, etc.<\/li>\n<li>An\u00e1lisis de im\u00e1genes histol\u00f3gicas (Cuantificaci\u00f3n de n\u00facleos, an\u00e1lisis de fibras de col\u00e1geno, cuantificaci\u00f3n de expresi\u00f3n de biomarcadores (IHC\/IF), segmentaci\u00f3n y clasificaci\u00f3n de tejidos, cuantificaci\u00f3n de angiog\u00e9nesis, etc.)<\/li>\n<\/ul>[\/et_pb_text][\/et_pb_column][\/et_pb_row][\/et_pb_section][et_pb_section fb_built=\u00bb1&#8243; _builder_version=\u00bb4.20.4&#8243; _module_preset=\u00bbdefault\u00bb background_color=\u00bb#235b78&#8243; custom_padding=\u00bb30px||30px||true|false\u00bb global_colors_info=\u00bb{}\u00bb][et_pb_row _builder_version=\u00bb4.20.4&#8243; _module_preset=\u00bbdefault\u00bb global_colors_info=\u00bb{}\u00bb][et_pb_column type=\u00bb4_4&#8243; _builder_version=\u00bb4.20.4&#8243; _module_preset=\u00bbdefault\u00bb global_colors_info=\u00bb{}\u00bb][et_pb_text _builder_version=\u00bb4.20.4&#8243; _module_preset=\u00bbdefault\u00bb header_3_font=\u00bbPoppins|700|||||||\u00bb header_3_text_color=\u00bb#FFFFFF\u00bb header_3_font_size=\u00bb34px\u00bb global_colors_info=\u00bb{}\u00bb]<h3>Equipamiento<\/h3>[\/et_pb_text][\/et_pb_column][\/et_pb_row][\/et_pb_section][et_pb_section fb_built=\u00bb1&#8243; _builder_version=\u00bb4.20.4&#8243; _module_preset=\u00bbdefault\u00bb global_colors_info=\u00bb{}\u00bb][et_pb_row _builder_version=\u00bb4.20.4&#8243; _module_preset=\u00bbdefault\u00bb custom_margin=\u00bb||||false|false\u00bb custom_padding=\u00bb50px||50px||true|false\u00bb global_colors_info=\u00bb{}\u00bb][et_pb_column type=\u00bb4_4&#8243; _builder_version=\u00bb4.20.4&#8243; _module_preset=\u00bbdefault\u00bb global_colors_info=\u00bb{}\u00bb][et_pb_text _builder_version=\u00bb4.25.0&#8243; _module_preset=\u00bbdefault\u00bb text_font=\u00bbPoppins||||||||\u00bb text_orientation=\u00bbjustified\u00bb global_colors_info=\u00bb{}\u00bb]<p style=\"text-align: justify;\"><strong>Equipamiento de histolog\u00eda convencional<\/strong><strong><\/strong><\/p>\n<ul>\n<li>Microtomo de rotaci\u00f3n motorizado HM 360 THERMO SCIENTIFIC Dispone de accesorio portacuchillas para muestras de metacrilato<\/li>\n<li>Criostato semiautom\u00e1tico LEICA CM 3050 S<\/li>\n<li>Vitrina de gases Secuflow WALDNER (habilitada para revelado con DAB).<br \/>Microscopio LEICA DM 1000 con c\u00e1mara LEICA ICC 50 HD Objetivos 4x, 10x, 20x, 4x y 100x (inmersi\u00f3n)<\/li>\n<li>Esc\u00e1ner de portaobjetos OLYMPUS VS200 con campo claro, campo oscuro y polarizador. Objetivos 2x, 4x, 10x, 20x y 40x<\/li>\n<li>Esc\u00e1ner de portaobjetos LEICA APERIO VERSA 200 con cargador de hasta 200 portaobjetos, permite tanto campo claro como fluorescencia y FISH. Objetivos 1,25x, 4x, 10x, 20x, 40x y 63x (inmersi\u00f3n). Incluye algoritmos de cuantificaci\u00f3n de n\u00facleos, segmentaci\u00f3n de membrana y an\u00e1lisis de imagen<strong><\/strong><strong><\/strong><strong><\/strong><strong><\/strong><\/li>\n<\/ul>\n<p><strong>Equipamiento para tejidos duros<\/strong><strong><\/strong><\/p>\n<p><strong><\/strong><\/p>\n<ul>\n<li>Equipamiento EXAKT (401, 402, 510, 520, 530), sistema de sierra de bandas EXAKT CL-CP 300 y sistema de pulido EXAKT 400<\/li>\n<li>Equipo y software de Histomorfometr\u00eda BIOQUANT OSTEO<\/li>\n<\/ul>[\/et_pb_text][\/et_pb_column][\/et_pb_row][\/et_pb_section][et_pb_section fb_built=\u00bb1&#8243; _builder_version=\u00bb4.20.4&#8243; _module_preset=\u00bbdefault\u00bb background_image=\u00bbhttps:\/\/ibima.eu\/wp-content\/uploads\/2023\/04\/BANNER.jpg\u00bb custom_margin=\u00bb5px||5px||true|false\u00bb custom_padding=\u00bb||||false|false\u00bb locked=\u00bboff\u00bb global_colors_info=\u00bb{}\u00bb][et_pb_row _builder_version=\u00bb4.20.4&#8243; _module_preset=\u00bbdefault\u00bb custom_padding=\u00bb80px||80px||true|false\u00bb global_colors_info=\u00bb{}\u00bb][et_pb_column type=\u00bb4_4&#8243; _builder_version=\u00bb4.20.4&#8243; _module_preset=\u00bbdefault\u00bb global_colors_info=\u00bb{}\u00bb][et_pb_text _builder_version=\u00bb4.25.0&#8243; _module_preset=\u00bbdefault\u00bb text_font=\u00bbPoppins|700|||||||\u00bb text_text_color=\u00bb#FFFFFF\u00bb text_font_size=\u00bb33px\u00bb header_5_font=\u00bbPoppins|700|||||||\u00bb header_5_text_align=\u00bbright\u00bb header_5_text_color=\u00bb#FFFFFF\u00bb header_5_font_size=\u00bb32px\u00bb header_5_line_height=\u00bb1.2em\u00bb global_colors_info=\u00bb{}\u00bb]<h5>Tarifas<\/h5>[\/et_pb_text][et_pb_button button_url=\u00bbhttps:\/\/ibima.eu\/wp-content\/uploads\/2024\/11\/Tarifas-HISTOLOGIA-2023_06_19.pdf\u00bb url_new_window=\u00bbon\u00bb button_text=\u00bbDESCARGAR\u00bb button_alignment=\u00bbright\u00bb _builder_version=\u00bb4.27.2&#8243; _module_preset=\u00bbdefault\u00bb custom_button=\u00bbon\u00bb button_text_size=\u00bb17px\u00bb button_text_color=\u00bb#ffffff\u00bb button_bg_color=\u00bb#43a5d3&#8243; button_border_width=\u00bb0px\u00bb button_border_radius=\u00bb12px\u00bb button_font=\u00bbPoppins||||||||\u00bb button_icon=\u00bb&#x39;||divi||400&#8243; hover_enabled=\u00bb0&#8243; global_colors_info=\u00bb{}\u00bb sticky_enabled=\u00bb0&#8243;][\/et_pb_button][\/et_pb_column][\/et_pb_row][\/et_pb_section][et_pb_section fb_built=\u00bb1&#8243; _builder_version=\u00bb4.20.4&#8243; _module_preset=\u00bbdefault\u00bb background_color=\u00bb#235b78&#8243; custom_padding=\u00bb30px||30px||true|false\u00bb global_colors_info=\u00bb{}\u00bb][et_pb_row _builder_version=\u00bb4.20.4&#8243; _module_preset=\u00bbdefault\u00bb global_colors_info=\u00bb{}\u00bb][et_pb_column type=\u00bb4_4&#8243; _builder_version=\u00bb4.20.4&#8243; _module_preset=\u00bbdefault\u00bb global_colors_info=\u00bb{}\u00bb][et_pb_text _builder_version=\u00bb4.25.0&#8243; _module_preset=\u00bbdefault\u00bb header_3_font=\u00bbPoppins|700|||||||\u00bb header_3_text_color=\u00bb#FFFFFF\u00bb header_3_font_size=\u00bb34px\u00bb global_colors_info=\u00bb{}\u00bb]<h3>Contacto<\/h3>[\/et_pb_text][\/et_pb_column][\/et_pb_row][\/et_pb_section][et_pb_section fb_built=\u00bb1&#8243; _builder_version=\u00bb4.20.4&#8243; _module_preset=\u00bbdefault\u00bb background_color=\u00bb#f4f4f4&#8243; custom_margin=\u00bb||||false|false\u00bb custom_padding=\u00bb5px||||false|false\u00bb global_colors_info=\u00bb{}\u00bb][et_pb_row column_structure=\u00bb1_3,1_3,1_3&#8243; make_equal=\u00bbon\u00bb custom_padding_last_edited=\u00bbon|tablet\u00bb _builder_version=\u00bb4.20.4&#8243; _module_preset=\u00bbdefault\u00bb transform_scale_tablet=\u00bb102%|102%\u00bb transform_scale_phone=\u00bb102%|102%\u00bb transform_scale_last_edited=\u00bbon|tablet\u00bb transform_translate_tablet=\u00bb\u00bb transform_translate_phone=\u00bb\u00bb transform_translate_last_edited=\u00bbon|tablet\u00bb transform_rotate_tablet=\u00bb\u00bb transform_rotate_phone=\u00bb\u00bb transform_rotate_last_edited=\u00bbon|tablet\u00bb transform_skew_tablet=\u00bb\u00bb transform_skew_phone=\u00bb\u00bb transform_skew_last_edited=\u00bbon|tablet\u00bb transform_origin_tablet=\u00bb\u00bb transform_origin_phone=\u00bb\u00bb transform_origin_last_edited=\u00bbon|tablet\u00bb transform_styles_last_edited=\u00bbon|tablet\u00bb width=\u00bb100%\u00bb custom_margin=\u00bb0px||||false|false\u00bb custom_padding_tablet=\u00bb10px||0px||false|false\u00bb custom_padding_phone=\u00bb10px||0px||false|false\u00bb transform_styles_tablet=\u00bb\u00bb transform_styles_phone=\u00bb\u00bb global_colors_info=\u00bb{}\u00bb][et_pb_column type=\u00bb1_3&#8243; _builder_version=\u00bb4.20.4&#8243; _module_preset=\u00bbdefault\u00bb global_colors_info=\u00bb{}\u00bb][et_pb_blurb title=\u00bbIv\u00e1n Dur\u00e1n Jim\u00e9nez\u00bb image=\u00bbhttps:\/\/ibima.eu\/wp-content\/uploads\/2024\/01\/Ivan-Duran-Histologia.png\u00bb image_icon_width=\u00bb72%\u00bb _builder_version=\u00bb4.24.2&#8243; _module_preset=\u00bbdefault\u00bb header_font=\u00bbPoppins|700|||||||\u00bb header_text_align=\u00bbcenter\u00bb header_text_color=\u00bb#43a5d3&#8243; header_font_size=\u00bb24px\u00bb body_font=\u00bbMontserrat||||||||\u00bb body_text_align=\u00bbcenter\u00bb body_text_color=\u00bb#FFFFFF\u00bb body_font_size=\u00bb18px\u00bb background_color=\u00bb#2a627d\u00bb image_icon_custom_margin=\u00bb10px||||false|false\u00bb module_alignment=\u00bbcenter\u00bb min_height=\u00bb554.8px\u00bb custom_margin=\u00bb||27px|||\u00bb custom_padding=\u00bb|30px|0px|30px|false|true\u00bb hover_enabled=\u00bb0&#8243; border_width_right=\u00bb5px\u00bb border_color_right=\u00bb#FFFFFF\u00bb border_radii_image=\u00bbon|100%|100%|100%|100%\u00bb locked=\u00bboff\u00bb global_colors_info=\u00bb{}\u00bb sticky_enabled=\u00bb0&#8243;]<p style=\"text-align: center;\">Coordinador Cient\u00edfico<\/p>\n<p style=\"text-align: center;\"><a href=\"mailto:%20ijduran@uma.es\">ijduran@uma.es<\/a><\/p>[\/et_pb_blurb][\/et_pb_column][et_pb_column type=\u00bb1_3&#8243; _builder_version=\u00bb4.20.4&#8243; _module_preset=\u00bbdefault\u00bb global_colors_info=\u00bb{}\u00bb][et_pb_blurb title=\u00bbAlejandro Dom\u00ednguez Moreno\u00bb image=\u00bbhttps:\/\/ibima.eu\/wp-content\/uploads\/2024\/07\/HistologiaAlejandro2048.jpeg\u00bb image_icon_width=\u00bb72%\u00bb _builder_version=\u00bb4.27.0&#8243; _module_preset=\u00bbdefault\u00bb header_font=\u00bbPoppins|700|||||||\u00bb header_text_align=\u00bbcenter\u00bb header_text_color=\u00bb#43a5d3&#8243; header_font_size=\u00bb24px\u00bb body_font=\u00bbMontserrat||||||||\u00bb body_text_align=\u00bbcenter\u00bb body_text_color=\u00bb#FFFFFF\u00bb body_font_size=\u00bb18px\u00bb background_color=\u00bb#2a627d\u00bb image_icon_custom_margin=\u00bb10px||||false|false\u00bb module_alignment=\u00bbcenter\u00bb min_height=\u00bb554.8px\u00bb custom_margin=\u00bb||27px|||\u00bb custom_padding=\u00bb|30px|0px|30px|false|true\u00bb border_width_right=\u00bb5px\u00bb border_color_right=\u00bb#FFFFFF\u00bb border_radii_image=\u00bbon|100%|100%|100%|100%\u00bb locked=\u00bboff\u00bb global_colors_info=\u00bb{}\u00bb]<p style=\"text-align: center;\">\u00a0T\u00e9cnico de Histolog\u00eda<\/p>\n<p style=\"text-align: center;\">Contacto: 952 36 76 27 | <a href=\"mailto:%20alejandro.dominguez@ibima.eu\">alejandro.dominguez@ibima.eu<\/a><\/p>[\/et_pb_blurb][\/et_pb_column][et_pb_column type=\u00bb1_3&#8243; _builder_version=\u00bb4.20.4&#8243; _module_preset=\u00bbdefault\u00bb global_colors_info=\u00bb{}\u00bb][et_pb_blurb title=\u00bbMarta Carayol Gordillo\u00bb image=\u00bbhttps:\/\/ibima.eu\/wp-content\/uploads\/2024\/07\/NanoMarta_-2048.jpeg\u00bb image_icon_width=\u00bb72%\u00bb _builder_version=\u00bb4.27.0&#8243; _module_preset=\u00bbdefault\u00bb header_font=\u00bbPoppins|700|||||||\u00bb header_text_align=\u00bbcenter\u00bb header_text_color=\u00bb#43a5d3&#8243; header_font_size=\u00bb24px\u00bb body_font=\u00bbMontserrat||||||||\u00bb body_text_align=\u00bbcenter\u00bb body_text_color=\u00bb#FFFFFF\u00bb body_font_size=\u00bb18px\u00bb background_color=\u00bb#2a627d\u00bb image_icon_custom_margin=\u00bb10px||||false|false\u00bb module_alignment=\u00bbcenter\u00bb min_height=\u00bb555.2px\u00bb custom_margin=\u00bb||27px|||\u00bb custom_padding=\u00bb|30px|0px|30px|false|true\u00bb border_width_right=\u00bb5px\u00bb border_color_right=\u00bb#FFFFFF\u00bb border_radii_image=\u00bbon|100%|100%|100%|100%\u00bb locked=\u00bboff\u00bb global_colors_info=\u00bb{}\u00bb]<p><span>T\u00e9cnico de Microscop\u00eda Electr\u00f3nica e Histolog\u00eda<\/span><\/p>\n<p><span>Contacto: 952 36 76 37 |\u00a0<\/span><a href=\"mailto:mcarayol@ibima.eu\">mcarayol@ibima.eu<\/a><\/p>[\/et_pb_blurb][\/et_pb_column][\/et_pb_row][\/et_pb_section]\n","protected":false},"excerpt":{"rendered":"<p>Histolog\u00edaEl equipamiento disponible en la Unidad, junto a las t\u00e9cnicas en constante implementaci\u00f3n por parte del equipo t\u00e9cnico, permiten realizar valoraciones cualitativas y cuantitativas de cualquier tejido. En particular, los instrumentos de corte y pulido espec\u00edficos de materiales duros y el equipamiento de Histomorfometr\u00eda permite un an\u00e1lisis exhaustivo del tejido \u00f3seo.Mediante la t\u00e9cnica de corte [&hellip;]<\/p>\n","protected":false},"author":1,"featured_media":0,"parent":0,"menu_order":0,"comment_status":"closed","ping_status":"closed","template":"","meta":{"_acf_changed":false,"_et_pb_use_builder":"on","_et_pb_old_content":"","_et_gb_content_width":"","footnotes":""},"class_list":["post-1079","page","type-page","status-publish","hentry"],"acf":[],"yoast_head":"<!-- This site is optimized with the Yoast SEO plugin v27.4 - https:\/\/yoast.com\/product\/yoast-seo-wordpress\/ -->\n<title>Histolog\u00eda - Ibima<\/title>\n<meta name=\"description\" content=\"La Unidad de Histolog\u00eda de IBIMA ofrece procesamiento de muestras, tinciones y an\u00e1lisis histol\u00f3gicos avanzados para apoyar la investigaci\u00f3n\" \/>\n<meta name=\"robots\" content=\"index, follow, max-snippet:-1, max-image-preview:large, max-video-preview:-1\" \/>\n<link rel=\"canonical\" href=\"https:\/\/ibima.eu\/es\/histologia\/\" \/>\n<meta property=\"og:locale\" content=\"es_ES\" \/>\n<meta property=\"og:type\" content=\"article\" \/>\n<meta property=\"og:title\" content=\"Histolog\u00eda - Ibima\" \/>\n<meta property=\"og:description\" content=\"La Unidad de Histolog\u00eda de IBIMA ofrece procesamiento de muestras, tinciones y an\u00e1lisis histol\u00f3gicos avanzados para apoyar la investigaci\u00f3n\" \/>\n<meta property=\"og:url\" content=\"https:\/\/ibima.eu\/es\/histologia\/\" \/>\n<meta property=\"og:site_name\" content=\"Ibima\" \/>\n<meta property=\"article:modified_time\" content=\"2025-11-25T11:45:13+00:00\" \/>\n<meta name=\"twitter:card\" content=\"summary_large_image\" \/>\n<meta name=\"twitter:label1\" content=\"Tiempo de lectura\" \/>\n\t<meta name=\"twitter:data1\" content=\"3 minutos\" \/>\n<script type=\"application\/ld+json\" class=\"yoast-schema-graph\">{\"@context\":\"https:\\\/\\\/schema.org\",\"@graph\":[{\"@type\":\"WebPage\",\"@id\":\"https:\\\/\\\/ibima.eu\\\/histologia\\\/\",\"url\":\"https:\\\/\\\/ibima.eu\\\/histologia\\\/\",\"name\":\"Histolog\u00eda - Ibima\",\"isPartOf\":{\"@id\":\"https:\\\/\\\/ibima.eu\\\/es\\\/#website\"},\"datePublished\":\"2023-06-22T07:19:58+00:00\",\"dateModified\":\"2025-11-25T11:45:13+00:00\",\"description\":\"La Unidad de Histolog\u00eda de IBIMA ofrece procesamiento de muestras, tinciones y an\u00e1lisis histol\u00f3gicos avanzados para apoyar la investigaci\u00f3n\",\"breadcrumb\":{\"@id\":\"https:\\\/\\\/ibima.eu\\\/histologia\\\/#breadcrumb\"},\"inLanguage\":\"es\",\"potentialAction\":[{\"@type\":\"ReadAction\",\"target\":[\"https:\\\/\\\/ibima.eu\\\/histologia\\\/\"]}]},{\"@type\":\"BreadcrumbList\",\"@id\":\"https:\\\/\\\/ibima.eu\\\/histologia\\\/#breadcrumb\",\"itemListElement\":[{\"@type\":\"ListItem\",\"position\":1,\"name\":\"Portada\",\"item\":\"https:\\\/\\\/ibima.eu\\\/es\\\/\"},{\"@type\":\"ListItem\",\"position\":2,\"name\":\"Histolog\u00eda\"}]},{\"@type\":\"WebSite\",\"@id\":\"https:\\\/\\\/ibima.eu\\\/es\\\/#website\",\"url\":\"https:\\\/\\\/ibima.eu\\\/es\\\/\",\"name\":\"Ibima\",\"description\":\"\",\"potentialAction\":[{\"@type\":\"SearchAction\",\"target\":{\"@type\":\"EntryPoint\",\"urlTemplate\":\"https:\\\/\\\/ibima.eu\\\/es\\\/?s={search_term_string}\"},\"query-input\":{\"@type\":\"PropertyValueSpecification\",\"valueRequired\":true,\"valueName\":\"search_term_string\"}}],\"inLanguage\":\"es\"}]}<\/script>\n<!-- \/ Yoast SEO plugin. -->","yoast_head_json":{"title":"Histolog\u00eda - Ibima","description":"La Unidad de Histolog\u00eda de IBIMA ofrece procesamiento de muestras, tinciones y an\u00e1lisis histol\u00f3gicos avanzados para apoyar la investigaci\u00f3n","robots":{"index":"index","follow":"follow","max-snippet":"max-snippet:-1","max-image-preview":"max-image-preview:large","max-video-preview":"max-video-preview:-1"},"canonical":"https:\/\/ibima.eu\/es\/histologia\/","og_locale":"es_ES","og_type":"article","og_title":"Histolog\u00eda - Ibima","og_description":"La Unidad de Histolog\u00eda de IBIMA ofrece procesamiento de muestras, tinciones y an\u00e1lisis histol\u00f3gicos avanzados para apoyar la investigaci\u00f3n","og_url":"https:\/\/ibima.eu\/es\/histologia\/","og_site_name":"Ibima","article_modified_time":"2025-11-25T11:45:13+00:00","twitter_card":"summary_large_image","twitter_misc":{"Tiempo de lectura":"3 minutos"},"schema":{"@context":"https:\/\/schema.org","@graph":[{"@type":"WebPage","@id":"https:\/\/ibima.eu\/histologia\/","url":"https:\/\/ibima.eu\/histologia\/","name":"Histolog\u00eda - Ibima","isPartOf":{"@id":"https:\/\/ibima.eu\/es\/#website"},"datePublished":"2023-06-22T07:19:58+00:00","dateModified":"2025-11-25T11:45:13+00:00","description":"La Unidad de Histolog\u00eda de IBIMA ofrece procesamiento de muestras, tinciones y an\u00e1lisis histol\u00f3gicos avanzados para apoyar la investigaci\u00f3n","breadcrumb":{"@id":"https:\/\/ibima.eu\/histologia\/#breadcrumb"},"inLanguage":"es","potentialAction":[{"@type":"ReadAction","target":["https:\/\/ibima.eu\/histologia\/"]}]},{"@type":"BreadcrumbList","@id":"https:\/\/ibima.eu\/histologia\/#breadcrumb","itemListElement":[{"@type":"ListItem","position":1,"name":"Portada","item":"https:\/\/ibima.eu\/es\/"},{"@type":"ListItem","position":2,"name":"Histolog\u00eda"}]},{"@type":"WebSite","@id":"https:\/\/ibima.eu\/es\/#website","url":"https:\/\/ibima.eu\/es\/","name":"Ibima","description":"","potentialAction":[{"@type":"SearchAction","target":{"@type":"EntryPoint","urlTemplate":"https:\/\/ibima.eu\/es\/?s={search_term_string}"},"query-input":{"@type":"PropertyValueSpecification","valueRequired":true,"valueName":"search_term_string"}}],"inLanguage":"es"}]}},"_links":{"self":[{"href":"https:\/\/ibima.eu\/es\/wp-json\/wp\/v2\/pages\/1079","targetHints":{"allow":["GET"]}}],"collection":[{"href":"https:\/\/ibima.eu\/es\/wp-json\/wp\/v2\/pages"}],"about":[{"href":"https:\/\/ibima.eu\/es\/wp-json\/wp\/v2\/types\/page"}],"author":[{"embeddable":true,"href":"https:\/\/ibima.eu\/es\/wp-json\/wp\/v2\/users\/1"}],"replies":[{"embeddable":true,"href":"https:\/\/ibima.eu\/es\/wp-json\/wp\/v2\/comments?post=1079"}],"version-history":[{"count":6,"href":"https:\/\/ibima.eu\/es\/wp-json\/wp\/v2\/pages\/1079\/revisions"}],"predecessor-version":[{"id":58549,"href":"https:\/\/ibima.eu\/es\/wp-json\/wp\/v2\/pages\/1079\/revisions\/58549"}],"wp:attachment":[{"href":"https:\/\/ibima.eu\/es\/wp-json\/wp\/v2\/media?parent=1079"}],"curies":[{"name":"wp","href":"https:\/\/api.w.org\/{rel}","templated":true}]}}