{"id":1162,"date":"2023-06-30T06:40:18","date_gmt":"2023-06-30T06:40:18","guid":{"rendered":"https:\/\/prueba.ibima.eu\/?page_id=1162"},"modified":"2025-11-25T11:50:32","modified_gmt":"2025-11-25T11:50:32","slug":"produccion-celular-y-salas-gmp","status":"publish","type":"page","link":"https:\/\/ibima.eu\/es\/produccion-celular-y-salas-gmp\/","title":{"rendered":"Producci\u00f3n Celular y Salas GMP"},"content":{"rendered":"\n[et_pb_section fb_built=\u00bb1&#8243; _builder_version=\u00bb4.20.4&#8243; _module_preset=\u00bbdefault\u00bb background_image=\u00bbhttps:\/\/ibima.eu\/wp-content\/uploads\/2023\/10\/PRODUCCION-CELULAR-scaled.jpg\u00bb global_colors_info=\u00bb{}\u00bb][et_pb_row _builder_version=\u00bb4.20.4&#8243; _module_preset=\u00bbdefault\u00bb custom_padding=\u00bb250px||30px||false|false\u00bb global_colors_info=\u00bb{}\u00bb][et_pb_column type=\u00bb4_4&#8243; _builder_version=\u00bb4.20.4&#8243; _module_preset=\u00bbdefault\u00bb global_colors_info=\u00bb{}\u00bb][et_pb_text _builder_version=\u00bb4.23&#8243; _module_preset=\u00bbdefault\u00bb header_2_font=\u00bbPoppins|700|||||||\u00bb header_2_text_color=\u00bb#FFFFFF\u00bb header_2_font_size=\u00bb46px\u00bb header_2_font_size_tablet=\u00bb46px\u00bb header_2_font_size_phone=\u00bb40px\u00bb header_2_font_size_last_edited=\u00bbon|phone\u00bb global_colors_info=\u00bb{}\u00bb]<h2>Producci\u00f3n Celular y Salas GMP<\/h2>[\/et_pb_text][\/et_pb_column][\/et_pb_row][\/et_pb_section][et_pb_section fb_built=\u00bb1&#8243; _builder_version=\u00bb4.20.4&#8243; _module_preset=\u00bbdefault\u00bb custom_margin=\u00bb50px||50px||true|false\u00bb custom_margin_tablet=\u00bb20px||20px||true|false\u00bb custom_margin_phone=\u00bb20px||20px||true|false\u00bb custom_margin_last_edited=\u00bbon|tablet\u00bb global_colors_info=\u00bb{}\u00bb][et_pb_row _builder_version=\u00bb4.20.4&#8243; _module_preset=\u00bbdefault\u00bb width=\u00bb70%\u00bb global_colors_info=\u00bb{}\u00bb][et_pb_column type=\u00bb4_4&#8243; _builder_version=\u00bb4.20.4&#8243; _module_preset=\u00bbdefault\u00bb global_colors_info=\u00bb{}\u00bb][et_pb_text _builder_version=\u00bb4.23.4&#8243; _module_preset=\u00bbdefault\u00bb text_font=\u00bbPoppins||||||||\u00bb text_orientation=\u00bbjustified\u00bb global_colors_info=\u00bb{}\u00bb]<p style=\"text-align: justify;\">Las instalaciones de la Unidad de Producci\u00f3n Celular y Salas GMP se integran en una red de 5 Fabricantes de medicamentos de Terapias Avanzadas autorizados por la AEMPS en el marco de la La Red Andaluza de Dise\u00f1o y Traslaci\u00f3n de Terapias (RAdytTA). Las instalaciones, situadas en la s\u00e9ptima planta del pabell\u00f3n A del Hospital Regional Universitario de M\u00e1laga, cumplen con los requisitos de calidad y seguridad exigidos para la fabricaci\u00f3n as\u00e9ptica de medicamentos<\/p>[\/et_pb_text][\/et_pb_column][\/et_pb_row][\/et_pb_section][et_pb_section fb_built=\u00bb1&#8243; _builder_version=\u00bb4.20.4&#8243; _module_preset=\u00bbdefault\u00bb background_color=\u00bb#235b78&#8243; custom_margin=\u00bb5px||||false|false\u00bb custom_padding=\u00bb30px||30px||true|false\u00bb global_colors_info=\u00bb{}\u00bb][et_pb_row _builder_version=\u00bb4.20.4&#8243; _module_preset=\u00bbdefault\u00bb global_colors_info=\u00bb{}\u00bb][et_pb_column type=\u00bb4_4&#8243; _builder_version=\u00bb4.20.4&#8243; _module_preset=\u00bbdefault\u00bb global_colors_info=\u00bb{}\u00bb][et_pb_text _builder_version=\u00bb4.20.4&#8243; _module_preset=\u00bbdefault\u00bb header_3_font=\u00bbPoppins|700|||||||\u00bb header_3_text_color=\u00bb#FFFFFF\u00bb header_3_font_size=\u00bb34px\u00bb global_colors_info=\u00bb{}\u00bb]<h3>Servicios<\/h3>[\/et_pb_text][\/et_pb_column][\/et_pb_row][\/et_pb_section][et_pb_section fb_built=\u00bb1&#8243; _builder_version=\u00bb4.20.4&#8243; _module_preset=\u00bbdefault\u00bb global_colors_info=\u00bb{}\u00bb][et_pb_row _builder_version=\u00bb4.20.4&#8243; _module_preset=\u00bbdefault\u00bb custom_margin=\u00bb50px||||false|false\u00bb custom_margin_tablet=\u00bb20px||||false|false\u00bb custom_margin_phone=\u00bb20px||||false|false\u00bb custom_margin_last_edited=\u00bbon|tablet\u00bb global_colors_info=\u00bb{}\u00bb][et_pb_column type=\u00bb4_4&#8243; _builder_version=\u00bb4.20.4&#8243; _module_preset=\u00bbdefault\u00bb global_colors_info=\u00bb{}\u00bb][et_pb_text _builder_version=\u00bb4.23.4&#8243; _module_preset=\u00bbdefault\u00bb text_font=\u00bbPoppins||||||||\u00bb header_font=\u00bbPoppins||||||||\u00bb custom_margin=\u00bb20px|||30px|false|false\u00bb global_colors_info=\u00bb{}\u00bb]<ul>\n<li><span style=\"font-family: Times New Roman, serif;\"><span style=\"font-size: medium;\"><span style=\"color: #555555;\"><span style=\"font-family: Verdana, sans-serif;\">Aislamiento de c\u00e9lulas troncales mesenquimales derivadas de tejido adiposo, y expansi\u00f3n in vitro hasta obtener dosis asignada seg\u00fan protocolo y posterior envasado<br \/><\/span><\/span><\/span><\/span><\/li>\n<li><span style=\"font-family: Times New Roman, serif;\"><span style=\"font-size: medium;\"><span style=\"color: #555555;\"><span style=\"font-family: Verdana, sans-serif;\">Controles de Calidad para medicamentos de Terapia Celular validados seg\u00fan farmacopea europea: esterilidad, endotoxinas, mycoplasma, potencia y fenotipo)<\/span><\/span><\/span><\/span><\/li>\n<li><span style=\"font-family: Times New Roman, serif;\"><span style=\"font-size: medium;\"><span style=\"color: #555555;\"><span style=\"font-family: Verdana, sans-serif;\">Asesoramiento metodol\u00f3gico, cient\u00edfico y t\u00e9cnico sobre ensayos cl\u00ednicos de terapia celular<\/span><\/span><\/span><\/span><\/li>\n<\/ul>[\/et_pb_text][\/et_pb_column][\/et_pb_row][\/et_pb_section][et_pb_section fb_built=\u00bb1&#8243; _builder_version=\u00bb4.20.4&#8243; _module_preset=\u00bbdefault\u00bb global_colors_info=\u00bb{}\u00bb][et_pb_row _builder_version=\u00bb4.20.4&#8243; _module_preset=\u00bbdefault\u00bb global_colors_info=\u00bb{}\u00bb][et_pb_column type=\u00bb4_4&#8243; _builder_version=\u00bb4.20.4&#8243; _module_preset=\u00bbdefault\u00bb global_colors_info=\u00bb{}\u00bb][dsm_text_divider header=\u00bbEquipamiento\u00bb color=\u00bb#2b5e7a\u00bb _builder_version=\u00bb4.20.4&#8243; _module_preset=\u00bbdefault\u00bb header_font=\u00bbPoppins||||||||\u00bb header_text_color=\u00bb#2b5e7a\u00bb global_colors_info=\u00bb{}\u00bb][\/dsm_text_divider][et_pb_text _builder_version=\u00bb4.23.4&#8243; _module_preset=\u00bbdefault\u00bb text_font=\u00bbPoppins||||||||\u00bb custom_padding=\u00bb50px||||false|false\u00bb global_colors_info=\u00bb{}\u00bb]<p style=\"text-align: justify;\">La Unidad cuenta con tres salas autorizadas para la fabricaci\u00f3n as\u00e9ptica de medicamentos de Terapia Avanzada seg\u00fan normas GMP (del ingl\u00e9s Good Manufacturing Practices)<\/p>\n<p style=\"text-align: justify;\">La Unidad est\u00e1 autorizada por la Agencia Espa\u00f1ola de Medicamentos y Productos Sanitarios para la\u00a0fabricaci\u00f3n de medicamentos de terapia celular basados en c\u00e9lulas mesenquimales troncales derivadas de tejido adiposo (CMTAd) para su uso aut\u00f3logo o alog\u00e9nico, as\u00ed como para la realizaci\u00f3n de los controles de calidad correspondientes seg\u00fan Farmacopea Europea (Ph. Eur). En esta Unidad se fabrican medicamentos basados en CMMTAd para su uso en ensayos cl\u00ednicos en terapia celular sobre patolog\u00edas que no cuentan o no responden adecuadamente a tratamientos convencionales como la\u00a0Esclerosis Lateral Amiotr\u00f3fica (ELA),\u00a0la Incontinencia Fecal estructural\u00a0o el\u00a0Infarto Cerebral Agudo o Ictus<\/p>[\/et_pb_text][\/et_pb_column][\/et_pb_row][et_pb_row column_structure=\u00bb1_2,1_2&#8243; use_custom_gutter=\u00bbon\u00bb gutter_width=\u00bb2&#8243; _builder_version=\u00bb4.20.4&#8243; _module_preset=\u00bbdefault\u00bb custom_padding=\u00bb50px||50px||true|false\u00bb global_colors_info=\u00bb{}\u00bb][et_pb_column type=\u00bb1_2&#8243; _builder_version=\u00bb4.20.4&#8243; _module_preset=\u00bbdefault\u00bb global_colors_info=\u00bb{}\u00bb][et_pb_video src=\u00bbhttps:\/\/www.youtube.com\/watch?v=3OTwNRrRhaI\u00bb _builder_version=\u00bb4.20.4&#8243; _module_preset=\u00bbdefault\u00bb global_colors_info=\u00bb{}\u00bb][\/et_pb_video][\/et_pb_column][et_pb_column type=\u00bb1_2&#8243; _builder_version=\u00bb4.20.4&#8243; _module_preset=\u00bbdefault\u00bb custom_padding=\u00bb||||true|false\u00bb global_colors_info=\u00bb{}\u00bb][et_pb_video src=\u00bbhttps:\/\/www.youtube.com\/watch?v=TVS6pLHqGjg\u00bb _builder_version=\u00bb4.20.4&#8243; _module_preset=\u00bbdefault\u00bb global_colors_info=\u00bb{}\u00bb][\/et_pb_video][\/et_pb_column][\/et_pb_row][et_pb_row column_structure=\u00bb1_2,1_2&#8243; use_custom_gutter=\u00bbon\u00bb gutter_width=\u00bb2&#8243; _builder_version=\u00bb4.20.4&#8243; _module_preset=\u00bbdefault\u00bb custom_padding=\u00bb50px||50px||true|false\u00bb global_colors_info=\u00bb{}\u00bb][et_pb_column type=\u00bb1_2&#8243; _builder_version=\u00bb4.20.4&#8243; _module_preset=\u00bbdefault\u00bb global_colors_info=\u00bb{}\u00bb][et_pb_video src=\u00bbhttps:\/\/www.youtube.com\/watch?v=3OTwNRrRhaI\u00bb _builder_version=\u00bb4.20.4&#8243; _module_preset=\u00bbdefault\u00bb global_colors_info=\u00bb{}\u00bb][\/et_pb_video][\/et_pb_column][et_pb_column type=\u00bb1_2&#8243; _builder_version=\u00bb4.20.4&#8243; _module_preset=\u00bbdefault\u00bb custom_padding=\u00bb||||true|false\u00bb global_colors_info=\u00bb{}\u00bb][et_pb_video src=\u00bbhttps:\/\/www.youtube.com\/watch?v=4ZA_0rPmA6s\u00bb _builder_version=\u00bb4.20.4&#8243; _module_preset=\u00bbdefault\u00bb global_colors_info=\u00bb{}\u00bb][\/et_pb_video][\/et_pb_column][\/et_pb_row][\/et_pb_section][et_pb_section fb_built=\u00bb1&#8243; _builder_version=\u00bb4.20.4&#8243; _module_preset=\u00bbdefault\u00bb background_image=\u00bbhttps:\/\/ibima.eu\/wp-content\/uploads\/2023\/04\/BANNER.jpg\u00bb custom_margin=\u00bb5px||5px||true|false\u00bb custom_padding=\u00bb||||false|false\u00bb locked=\u00bboff\u00bb global_colors_info=\u00bb{}\u00bb][et_pb_row _builder_version=\u00bb4.20.4&#8243; _module_preset=\u00bbdefault\u00bb custom_padding=\u00bb80px||80px||true|false\u00bb global_colors_info=\u00bb{}\u00bb][et_pb_column type=\u00bb4_4&#8243; _builder_version=\u00bb4.20.4&#8243; _module_preset=\u00bbdefault\u00bb global_colors_info=\u00bb{}\u00bb][et_pb_text _builder_version=\u00bb4.24.2&#8243; _module_preset=\u00bbdefault\u00bb text_font=\u00bbPoppins|700|||||||\u00bb text_text_color=\u00bb#FFFFFF\u00bb text_font_size=\u00bb33px\u00bb header_5_font=\u00bbPoppins|700|||||||\u00bb header_5_text_align=\u00bbright\u00bb header_5_text_color=\u00bb#FFFFFF\u00bb header_5_font_size=\u00bb32px\u00bb header_5_line_height=\u00bb1.2em\u00bb global_colors_info=\u00bb{}\u00bb]<h5>Tarifas<\/h5>[\/et_pb_text][et_pb_button button_url=\u00bbhttps:\/\/ibima.eu\/wp-content\/uploads\/2024\/12\/2024_11_19_Tarifas-Produccion-Celular-Salas-GMP.pdf\u00bb url_new_window=\u00bbon\u00bb button_text=\u00bbDESCARGAR\u00bb button_alignment=\u00bbright\u00bb _builder_version=\u00bb4.27.4&#8243; _module_preset=\u00bbdefault\u00bb custom_button=\u00bbon\u00bb button_text_size=\u00bb17px\u00bb button_text_color=\u00bb#ffffff\u00bb button_bg_color=\u00bb#43a5d3&#8243; button_border_width=\u00bb0px\u00bb button_border_radius=\u00bb12px\u00bb button_font=\u00bbPoppins||||||||\u00bb button_icon=\u00bb&#x39;||divi||400&#8243; global_colors_info=\u00bb{}\u00bb][\/et_pb_button][\/et_pb_column][\/et_pb_row][\/et_pb_section][et_pb_section fb_built=\u00bb1&#8243; _builder_version=\u00bb4.20.4&#8243; _module_preset=\u00bbdefault\u00bb background_color=\u00bb#235b78&#8243; custom_padding=\u00bb30px||30px||true|false\u00bb global_colors_info=\u00bb{}\u00bb][et_pb_row _builder_version=\u00bb4.20.4&#8243; _module_preset=\u00bbdefault\u00bb global_colors_info=\u00bb{}\u00bb][et_pb_column type=\u00bb4_4&#8243; _builder_version=\u00bb4.20.4&#8243; _module_preset=\u00bbdefault\u00bb global_colors_info=\u00bb{}\u00bb][et_pb_text _builder_version=\u00bb4.23&#8243; _module_preset=\u00bbdefault\u00bb header_3_font=\u00bbPoppins|700|||||||\u00bb header_3_text_color=\u00bb#FFFFFF\u00bb header_3_font_size=\u00bb34px\u00bb global_colors_info=\u00bb{}\u00bb]<h3>Contacto<\/h3>[\/et_pb_text][\/et_pb_column][\/et_pb_row][\/et_pb_section][et_pb_section fb_built=\u00bb1&#8243; _builder_version=\u00bb4.20.4&#8243; _module_preset=\u00bbdefault\u00bb background_color=\u00bb#f4f4f4&#8243; custom_margin=\u00bb||||false|false\u00bb custom_padding=\u00bb5px||||false|false\u00bb locked=\u00bboff\u00bb global_colors_info=\u00bb{}\u00bb][et_pb_row column_structure=\u00bb1_3,1_3,1_3&#8243; make_equal=\u00bbon\u00bb custom_padding_last_edited=\u00bbon|tablet\u00bb _builder_version=\u00bb4.20.4&#8243; _module_preset=\u00bbdefault\u00bb transform_scale_tablet=\u00bb102%|102%\u00bb transform_scale_phone=\u00bb102%|102%\u00bb transform_scale_last_edited=\u00bbon|tablet\u00bb transform_translate_tablet=\u00bb\u00bb transform_translate_phone=\u00bb\u00bb transform_translate_last_edited=\u00bbon|tablet\u00bb transform_rotate_tablet=\u00bb\u00bb transform_rotate_phone=\u00bb\u00bb transform_rotate_last_edited=\u00bbon|tablet\u00bb transform_skew_tablet=\u00bb\u00bb transform_skew_phone=\u00bb\u00bb transform_skew_last_edited=\u00bbon|tablet\u00bb transform_origin_tablet=\u00bb\u00bb transform_origin_phone=\u00bb\u00bb transform_origin_last_edited=\u00bbon|tablet\u00bb transform_styles_last_edited=\u00bbon|tablet\u00bb width=\u00bb100%\u00bb custom_margin=\u00bb0px||||false|false\u00bb custom_padding_tablet=\u00bb10px||0px||false|false\u00bb custom_padding_phone=\u00bb10px||0px||false|false\u00bb transform_styles_tablet=\u00bb\u00bb transform_styles_phone=\u00bb\u00bb global_colors_info=\u00bb{}\u00bb][et_pb_column type=\u00bb1_3&#8243; _builder_version=\u00bb4.20.4&#8243; _module_preset=\u00bbdefault\u00bb global_colors_info=\u00bb{}\u00bb][et_pb_blurb title=\u00bbAntonio Rodr\u00edguez Acosta\u00bb image=\u00bbhttps:\/\/ibima.eu\/wp-content\/uploads\/2024\/02\/Antonio-Acosta-Produccion-celular.png\u00bb image_icon_width=\u00bb72%\u00bb _builder_version=\u00bb4.24.2&#8243; _module_preset=\u00bbdefault\u00bb header_font=\u00bbPoppins|700|||||||\u00bb header_text_align=\u00bbcenter\u00bb header_text_color=\u00bb#43a5d3&#8243; header_font_size=\u00bb24px\u00bb body_font=\u00bbMontserrat||||||||\u00bb body_text_align=\u00bbcenter\u00bb body_text_color=\u00bb#FFFFFF\u00bb body_font_size=\u00bb18px\u00bb background_color=\u00bb#2a627d\u00bb image_icon_custom_margin=\u00bb10px||||false|false\u00bb module_alignment=\u00bbcenter\u00bb min_height=\u00bb554.8px\u00bb min_height_tablet=\u00bb554.8px\u00bb min_height_phone=\u00bb400px\u00bb min_height_last_edited=\u00bbon|phone\u00bb custom_margin=\u00bb5px||5px||true|false\u00bb custom_padding=\u00bb5px|30px|5px|30px|true|true\u00bb border_width_right=\u00bb5px\u00bb border_color_right=\u00bb#FFFFFF\u00bb border_radii_image=\u00bbon|100%|100%|100%|100%\u00bb locked=\u00bboff\u00bb global_colors_info=\u00bb{}\u00bb]<p>Coordinador<\/p>\n<p>Contacto: 951 29 15 86 |<\/p>\n<p><a href=\"mailto:antonio.rodriguez.acosta@ibima.eu\">antonio.rodriguez.acosta@ibima.eu<\/a><\/p>\n<p>&nbsp;<\/p>[\/et_pb_blurb][\/et_pb_column][et_pb_column type=\u00bb1_3&#8243; _builder_version=\u00bb4.20.4&#8243; _module_preset=\u00bbdefault\u00bb global_colors_info=\u00bb{}\u00bb][et_pb_blurb title=\u00bbJes\u00fas Chaparro Garc\u00eda\u00bb image=\u00bbhttps:\/\/ibima.eu\/wp-content\/uploads\/2024\/10\/JesusChaparro2048.jpg\u00bb image_icon_width=\u00bb72%\u00bb _builder_version=\u00bb4.27.2&#8243; _module_preset=\u00bbdefault\u00bb header_font=\u00bbPoppins|700|||||||\u00bb header_text_align=\u00bbcenter\u00bb header_text_color=\u00bb#43a5d3&#8243; header_font_size=\u00bb24px\u00bb body_font=\u00bbMontserrat||||||||\u00bb body_text_align=\u00bbcenter\u00bb body_text_color=\u00bb#FFFFFF\u00bb body_font_size=\u00bb18px\u00bb background_color=\u00bb#2a627d\u00bb image_icon_custom_margin=\u00bb10px||||false|false\u00bb module_alignment=\u00bbcenter\u00bb min_height=\u00bb554.8px\u00bb min_height_tablet=\u00bb554.8px\u00bb min_height_phone=\u00bb400px\u00bb min_height_last_edited=\u00bbon|phone\u00bb custom_margin=\u00bb5px||5px||true|false\u00bb custom_padding=\u00bb5px|83px|5px|83px|true|true\u00bb border_width_right=\u00bb5px\u00bb border_color_right=\u00bb#FFFFFF\u00bb border_radii_image=\u00bbon|100%|100%|100%|100%\u00bb locked=\u00bboff\u00bb global_colors_info=\u00bb{}\u00bb]<p>&nbsp;<\/p>\n<p>Personal Calidad CERT22\/00034<\/p>\n<p>Contacto: 951 29 15 86 |<\/p>\n<p><a href=\"mailto:jesus.chaparro@ibima.eu\">jesus.chaparro@ibima.eu<\/a><\/p>\n<p>&nbsp;<\/p>[\/et_pb_blurb][\/et_pb_column][et_pb_column type=\u00bb1_3&#8243; _builder_version=\u00bb4.20.4&#8243; _module_preset=\u00bbdefault\u00bb global_colors_info=\u00bb{}\u00bb][et_pb_blurb title=\u00bbRafael Maldonado S\u00e1nchez\u00bb image=\u00bbhttps:\/\/ibima.eu\/wp-content\/uploads\/2024\/10\/RafaelMaldonado2048.jpg\u00bb image_icon_width=\u00bb72%\u00bb _builder_version=\u00bb4.27.2&#8243; _module_preset=\u00bbdefault\u00bb header_font=\u00bbPoppins|700|||||||\u00bb header_text_align=\u00bbcenter\u00bb header_text_color=\u00bb#43a5d3&#8243; header_font_size=\u00bb24px\u00bb body_font=\u00bbMontserrat||||||||\u00bb body_text_align=\u00bbcenter\u00bb body_text_color=\u00bb#FFFFFF\u00bb body_font_size=\u00bb18px\u00bb background_color=\u00bb#2a627d\u00bb image_icon_custom_margin=\u00bb10px||||false|false\u00bb module_alignment=\u00bbcenter\u00bb min_height=\u00bb554.8px\u00bb min_height_tablet=\u00bb554.8px\u00bb min_height_phone=\u00bb400px\u00bb min_height_last_edited=\u00bbon|phone\u00bb custom_margin=\u00bb5px||5px||true|false\u00bb custom_padding=\u00bb5px|30px|5px|30px|true|true\u00bb border_width_right=\u00bb5px\u00bb border_color_right=\u00bb#FFFFFF\u00bb border_radii_image=\u00bbon|100%|100%|100%|100%\u00bb locked=\u00bboff\u00bb global_colors_info=\u00bb{}\u00bb]<p>T\u00e9cnico de Producci\u00f3n<\/p>\n<p>Contacto: 951 29 15 86 |<\/p>\n<p><a href=\"mailto:rafael.maldonado@ibima.eu\">rafael.maldonado@ibima.eu<\/a><\/p>\n<p>&nbsp;<\/p>[\/et_pb_blurb][\/et_pb_column][\/et_pb_row][\/et_pb_section]\n","protected":false},"excerpt":{"rendered":"<p>Producci\u00f3n Celular y Salas GMPLas instalaciones de la Unidad de Producci\u00f3n Celular y Salas GMP se integran en una red de 5 Fabricantes de medicamentos de Terapias Avanzadas autorizados por la AEMPS en el marco de la La Red Andaluza de Dise\u00f1o y Traslaci\u00f3n de Terapias (RAdytTA). Las instalaciones, situadas en la s\u00e9ptima planta del [&hellip;]<\/p>\n","protected":false},"author":1,"featured_media":0,"parent":0,"menu_order":0,"comment_status":"closed","ping_status":"closed","template":"","meta":{"_acf_changed":false,"_et_pb_use_builder":"on","_et_pb_old_content":"","_et_gb_content_width":"","footnotes":""},"class_list":["post-1162","page","type-page","status-publish","hentry"],"acf":[],"yoast_head":"<!-- This site is optimized with the Yoast SEO plugin v27.4 - https:\/\/yoast.com\/product\/yoast-seo-wordpress\/ -->\n<title>Producci\u00f3n Celular y Salas GMP - Ibima<\/title>\n<meta name=\"description\" content=\"Conoce nuestro laboratorio con maquinaria dirigida espec\u00edficamente a la producci\u00f3n celular y salas GMP\" \/>\n<meta name=\"robots\" content=\"index, follow, max-snippet:-1, max-image-preview:large, max-video-preview:-1\" \/>\n<link rel=\"canonical\" href=\"https:\/\/ibima.eu\/es\/produccion-celular-y-salas-gmp\/\" \/>\n<meta property=\"og:locale\" content=\"es_ES\" \/>\n<meta property=\"og:type\" content=\"article\" \/>\n<meta property=\"og:title\" content=\"Producci\u00f3n Celular y Salas GMP - Ibima\" \/>\n<meta property=\"og:description\" content=\"Conoce nuestro laboratorio con maquinaria dirigida espec\u00edficamente a la producci\u00f3n celular y salas GMP\" \/>\n<meta property=\"og:url\" content=\"https:\/\/ibima.eu\/es\/produccion-celular-y-salas-gmp\/\" \/>\n<meta property=\"og:site_name\" content=\"Ibima\" \/>\n<meta property=\"article:modified_time\" content=\"2025-11-25T11:50:32+00:00\" \/>\n<meta name=\"twitter:card\" content=\"summary_large_image\" \/>\n<meta name=\"twitter:label1\" content=\"Tiempo de lectura\" \/>\n\t<meta name=\"twitter:data1\" content=\"2 minutos\" \/>\n<script type=\"application\/ld+json\" class=\"yoast-schema-graph\">{\"@context\":\"https:\\\/\\\/schema.org\",\"@graph\":[{\"@type\":\"WebPage\",\"@id\":\"https:\\\/\\\/ibima.eu\\\/produccion-celular-y-salas-gmp\\\/\",\"url\":\"https:\\\/\\\/ibima.eu\\\/produccion-celular-y-salas-gmp\\\/\",\"name\":\"Producci\u00f3n Celular y Salas GMP - Ibima\",\"isPartOf\":{\"@id\":\"https:\\\/\\\/ibima.eu\\\/es\\\/#website\"},\"datePublished\":\"2023-06-30T06:40:18+00:00\",\"dateModified\":\"2025-11-25T11:50:32+00:00\",\"description\":\"Conoce nuestro laboratorio con maquinaria dirigida espec\u00edficamente a la producci\u00f3n celular y salas GMP\",\"breadcrumb\":{\"@id\":\"https:\\\/\\\/ibima.eu\\\/produccion-celular-y-salas-gmp\\\/#breadcrumb\"},\"inLanguage\":\"es\",\"potentialAction\":[{\"@type\":\"ReadAction\",\"target\":[\"https:\\\/\\\/ibima.eu\\\/produccion-celular-y-salas-gmp\\\/\"]}]},{\"@type\":\"BreadcrumbList\",\"@id\":\"https:\\\/\\\/ibima.eu\\\/produccion-celular-y-salas-gmp\\\/#breadcrumb\",\"itemListElement\":[{\"@type\":\"ListItem\",\"position\":1,\"name\":\"Portada\",\"item\":\"https:\\\/\\\/ibima.eu\\\/es\\\/\"},{\"@type\":\"ListItem\",\"position\":2,\"name\":\"Producci\u00f3n Celular y Salas GMP\"}]},{\"@type\":\"WebSite\",\"@id\":\"https:\\\/\\\/ibima.eu\\\/es\\\/#website\",\"url\":\"https:\\\/\\\/ibima.eu\\\/es\\\/\",\"name\":\"Ibima\",\"description\":\"\",\"potentialAction\":[{\"@type\":\"SearchAction\",\"target\":{\"@type\":\"EntryPoint\",\"urlTemplate\":\"https:\\\/\\\/ibima.eu\\\/es\\\/?s={search_term_string}\"},\"query-input\":{\"@type\":\"PropertyValueSpecification\",\"valueRequired\":true,\"valueName\":\"search_term_string\"}}],\"inLanguage\":\"es\"}]}<\/script>\n<!-- \/ Yoast SEO plugin. -->","yoast_head_json":{"title":"Producci\u00f3n Celular y Salas GMP - Ibima","description":"Conoce nuestro laboratorio con maquinaria dirigida espec\u00edficamente a la producci\u00f3n celular y salas GMP","robots":{"index":"index","follow":"follow","max-snippet":"max-snippet:-1","max-image-preview":"max-image-preview:large","max-video-preview":"max-video-preview:-1"},"canonical":"https:\/\/ibima.eu\/es\/produccion-celular-y-salas-gmp\/","og_locale":"es_ES","og_type":"article","og_title":"Producci\u00f3n Celular y Salas GMP - Ibima","og_description":"Conoce nuestro laboratorio con maquinaria dirigida espec\u00edficamente a la producci\u00f3n celular y salas GMP","og_url":"https:\/\/ibima.eu\/es\/produccion-celular-y-salas-gmp\/","og_site_name":"Ibima","article_modified_time":"2025-11-25T11:50:32+00:00","twitter_card":"summary_large_image","twitter_misc":{"Tiempo de lectura":"2 minutos"},"schema":{"@context":"https:\/\/schema.org","@graph":[{"@type":"WebPage","@id":"https:\/\/ibima.eu\/produccion-celular-y-salas-gmp\/","url":"https:\/\/ibima.eu\/produccion-celular-y-salas-gmp\/","name":"Producci\u00f3n Celular y Salas GMP - Ibima","isPartOf":{"@id":"https:\/\/ibima.eu\/es\/#website"},"datePublished":"2023-06-30T06:40:18+00:00","dateModified":"2025-11-25T11:50:32+00:00","description":"Conoce nuestro laboratorio con maquinaria dirigida espec\u00edficamente a la producci\u00f3n celular y salas GMP","breadcrumb":{"@id":"https:\/\/ibima.eu\/produccion-celular-y-salas-gmp\/#breadcrumb"},"inLanguage":"es","potentialAction":[{"@type":"ReadAction","target":["https:\/\/ibima.eu\/produccion-celular-y-salas-gmp\/"]}]},{"@type":"BreadcrumbList","@id":"https:\/\/ibima.eu\/produccion-celular-y-salas-gmp\/#breadcrumb","itemListElement":[{"@type":"ListItem","position":1,"name":"Portada","item":"https:\/\/ibima.eu\/es\/"},{"@type":"ListItem","position":2,"name":"Producci\u00f3n Celular y Salas GMP"}]},{"@type":"WebSite","@id":"https:\/\/ibima.eu\/es\/#website","url":"https:\/\/ibima.eu\/es\/","name":"Ibima","description":"","potentialAction":[{"@type":"SearchAction","target":{"@type":"EntryPoint","urlTemplate":"https:\/\/ibima.eu\/es\/?s={search_term_string}"},"query-input":{"@type":"PropertyValueSpecification","valueRequired":true,"valueName":"search_term_string"}}],"inLanguage":"es"}]}},"_links":{"self":[{"href":"https:\/\/ibima.eu\/es\/wp-json\/wp\/v2\/pages\/1162","targetHints":{"allow":["GET"]}}],"collection":[{"href":"https:\/\/ibima.eu\/es\/wp-json\/wp\/v2\/pages"}],"about":[{"href":"https:\/\/ibima.eu\/es\/wp-json\/wp\/v2\/types\/page"}],"author":[{"embeddable":true,"href":"https:\/\/ibima.eu\/es\/wp-json\/wp\/v2\/users\/1"}],"replies":[{"embeddable":true,"href":"https:\/\/ibima.eu\/es\/wp-json\/wp\/v2\/comments?post=1162"}],"version-history":[{"count":11,"href":"https:\/\/ibima.eu\/es\/wp-json\/wp\/v2\/pages\/1162\/revisions"}],"predecessor-version":[{"id":58554,"href":"https:\/\/ibima.eu\/es\/wp-json\/wp\/v2\/pages\/1162\/revisions\/58554"}],"wp:attachment":[{"href":"https:\/\/ibima.eu\/es\/wp-json\/wp\/v2\/media?parent=1162"}],"curies":[{"name":"wp","href":"https:\/\/api.w.org\/{rel}","templated":true}]}}