{"id":12018,"date":"2023-10-09T09:49:16","date_gmt":"2023-10-09T09:49:16","guid":{"rendered":"https:\/\/prueba.ibima.eu\/?page_id=12018"},"modified":"2024-09-24T12:42:49","modified_gmt":"2024-09-24T12:42:49","slug":"trabaja-con-nosotros","status":"publish","type":"page","link":"https:\/\/ibima.eu\/es\/trabaja-con-nosotros\/","title":{"rendered":"Trabaja con nosotros"},"content":{"rendered":"<p>[et_pb_section fb_built=\u00bb1&#8243; _builder_version=\u00bb4.20.4&#8243; _module_preset=\u00bbdefault\u00bb background_image=\u00bbhttps:\/\/ibima.eu\/wp-content\/uploads\/2023\/04\/FotoWeb-min-1000&#215;500-1.jpg\u00bb global_colors_info=\u00bb{}\u00bb][et_pb_row _builder_version=\u00bb4.20.4&#8243; _module_preset=\u00bbdefault\u00bb custom_padding=\u00bb250px||30px||false|false\u00bb global_colors_info=\u00bb{}\u00bb][et_pb_column type=\u00bb4_4&#8243; _builder_version=\u00bb4.20.4&#8243; _module_preset=\u00bbdefault\u00bb global_colors_info=\u00bb{}\u00bb][et_pb_text _builder_version=\u00bb4.20.4&#8243; _module_preset=\u00bbdefault\u00bb header_2_font=\u00bbPoppins|700|||||||\u00bb header_2_text_color=\u00bb#FFFFFF\u00bb header_2_font_size=\u00bb46px\u00bb header_2_font_size_tablet=\u00bb46px\u00bb header_2_font_size_phone=\u00bb40px\u00bb header_2_font_size_last_edited=\u00bbon|phone\u00bb global_colors_info=\u00bb{}\u00bb]<\/p>\n<h2>Trabaja con nosotros<\/h2>\n<p>[\/et_pb_text][\/et_pb_column][\/et_pb_row][\/et_pb_section][et_pb_section fb_built=\u00bb1&#8243; custom_padding_last_edited=\u00bbon|tablet\u00bb _builder_version=\u00bb4.20.4&#8243; _module_preset=\u00bbdefault\u00bb custom_padding_tablet=\u00bb||0px||false|false\u00bb custom_padding_phone=\u00bb||0px||false|false\u00bb global_colors_info=\u00bb{}\u00bb][et_pb_row _builder_version=\u00bb4.20.4&#8243; _module_preset=\u00bbdefault\u00bb width=\u00bb60%\u00bb custom_padding=\u00bb50px||50px||true|false\u00bb global_colors_info=\u00bb{}\u00bb][et_pb_column type=\u00bb4_4&#8243; _builder_version=\u00bb4.20.4&#8243; _module_preset=\u00bbdefault\u00bb global_colors_info=\u00bb{}\u00bb][et_pb_text _builder_version=\u00bb4.23.4&#8243; _module_preset=\u00bbdefault\u00bb text_font=\u00bbPoppins||||||||\u00bb global_colors_info=\u00bb{}\u00bb]<\/p>\n<p style=\"text-align: justify;\">Queremos seguir creciendo gracias a los mejores profesionales para ofrecer a M\u00e1laga y a los malague\u00f1os una investigaci\u00f3n biom\u00e9dica traslacional de calidad. Para ello IBIMA Plataforma BIONAND debe seguir apostando por enriquecer todas sus \u00e1reas multidisciplinares para situar al Instituto en el centro de la atracci\u00f3n del talento. A continuaci\u00f3n, te ofrecemos algunas claves sobre por qu\u00e9 estamos esper\u00e1ndote para formar parte de nuestro Instituto<\/p>\n<p>[\/et_pb_text][\/et_pb_column][\/et_pb_row][\/et_pb_section][et_pb_section fb_built=\u00bb1&#8243; custom_padding_last_edited=\u00bbon|tablet\u00bb _builder_version=\u00bb4.20.4&#8243; _module_preset=\u00bbdefault\u00bb custom_padding_tablet=\u00bb0px||0px||true|false\u00bb custom_padding_phone=\u00bb0px||0px||true|false\u00bb global_colors_info=\u00bb{}\u00bb][et_pb_row _builder_version=\u00bb4.20.4&#8243; _module_preset=\u00bbdefault\u00bb global_colors_info=\u00bb{}\u00bb][et_pb_column type=\u00bb4_4&#8243; _builder_version=\u00bb4.20.4&#8243; _module_preset=\u00bbdefault\u00bb global_colors_info=\u00bb{}\u00bb][et_pb_text _builder_version=\u00bb4.20.4&#8243; _module_preset=\u00bbdefault\u00bb header_3_font=\u00bbPoppins||||||||\u00bb header_3_text_align=\u00bbcenter\u00bb header_3_text_color=\u00bb#24a8d7&#8243; header_3_font_size=\u00bb24px\u00bb custom_padding=\u00bb50px||||false|false\u00bb global_colors_info=\u00bb{}\u00bb]<\/p>\n<h3><strong>\u00bfPOR QU\u00c9 TRABAJAR EN IBIMA PLATAFORMA BIONAND?<\/strong><\/h3>\n<p>[\/et_pb_text][\/et_pb_column][\/et_pb_row][et_pb_row _builder_version=\u00bb4.20.4&#8243; _module_preset=\u00bbdefault\u00bb width=\u00bb60%\u00bb custom_padding=\u00bb||50px||false|false\u00bb global_colors_info=\u00bb{}\u00bb][et_pb_column type=\u00bb4_4&#8243; _builder_version=\u00bb4.20.4&#8243; _module_preset=\u00bbdefault\u00bb global_colors_info=\u00bb{}\u00bb][et_pb_blurb title=\u00bbUna investigaci\u00f3n de excelencia\u00bb use_icon=\u00bbon\u00bb font_icon=\u00bb&#x24;||divi||400&#8243; icon_color=\u00bb#24a8d7&#8243; image_icon_background_color=\u00bb#FFFFFF\u00bb icon_placement=\u00bbleft\u00bb content_max_width=\u00bb1100px\u00bb _builder_version=\u00bb4.23.4&#8243; _module_preset=\u00bbdefault\u00bb header_font=\u00bbPoppins|700|||||||\u00bb header_text_color=\u00bb#24a8d7&#8243; header_font_size=\u00bb18px\u00bb body_font=\u00bbPoppins||||||||\u00bb custom_margin=\u00bb50px||||false|false\u00bb global_colors_info=\u00bb{}\u00bb]<\/p>\n<p style=\"text-align: justify;\">IBIMA Plataforma BIONAND tiene una gran preocupaci\u00f3n por mantener e incrementar su investigaci\u00f3n de excelencia compitiendo con los mejores centros a nivel nacional e internacional. Es uno de los m\u00e1s de 30 institutos acreditados por el Instituto de Salud Carlos III y cuenta con el sello oficial europeo a la Excelencia en Recursos Humanos HR Excellence in Research<\/p>\n<p>[\/et_pb_blurb][et_pb_blurb title=\u00bbUna investigaci\u00f3n abierta al mundo\u00bb use_icon=\u00bbon\u00bb font_icon=\u00bb&#x24;||divi||400&#8243; icon_color=\u00bb#24a8d7&#8243; image_icon_background_color=\u00bb#FFFFFF\u00bb icon_placement=\u00bbleft\u00bb content_max_width=\u00bb1100px\u00bb _builder_version=\u00bb4.23.4&#8243; _module_preset=\u00bbdefault\u00bb header_font=\u00bbPoppins|700|||||||\u00bb header_text_color=\u00bb#24a8d7&#8243; header_font_size=\u00bb18px\u00bb body_font=\u00bbPoppins||||||||\u00bb custom_margin=\u00bb50px||||false|false\u00bb global_colors_info=\u00bb{}\u00bb]<\/p>\n<p style=\"text-align: justify;\">Esa presencia internacional est\u00e1 presente en los resultados de las distintas acciones que se llevan a cabo desde el Instituto por situar a la provincia de M\u00e1laga en el primer escalaf\u00f3n fuera de nuestras fronteras con numerosas iniciativas organizadas y coordinadas desde la provincia de M\u00e1laga<\/p>\n<p>[\/et_pb_blurb][et_pb_blurb title=\u00bb Un entorno privilegiado\u00bb use_icon=\u00bbon\u00bb font_icon=\u00bb&#x24;||divi||400&#8243; icon_color=\u00bb#24a8d7&#8243; image_icon_background_color=\u00bb#FFFFFF\u00bb icon_placement=\u00bbleft\u00bb content_max_width=\u00bb1100px\u00bb _builder_version=\u00bb4.23.4&#8243; _module_preset=\u00bbdefault\u00bb header_font=\u00bbPoppins|700|||||||\u00bb header_text_color=\u00bb#24a8d7&#8243; header_font_size=\u00bb18px\u00bb body_font=\u00bbPoppins||||||||\u00bb custom_margin=\u00bb50px||||false|false\u00bb global_colors_info=\u00bb{}\u00bb]<\/p>\n<p style=\"text-align: justify;\">Desarrollamos nuestro trabajo en la provincia de M\u00e1laga, donde residen m\u00e1s de un mill\u00f3n y medio de personas. Un tercio de ellas residen en la capital, donde se encuentra el Hospital Regional Universitario de M\u00e1laga, el Hospital Universitario Virgen de la Victoria y la Universidad de M\u00e1laga. Es una ciudad que comparte los valores del Instituto con un fuerte compromiso por abrirse al exterior con un importante esp\u00edritu vanguardista y con una oferta tur\u00edstica que hacen posible que la visiten, al igual que a la provincia, millones de personas al a\u00f1o.<\/p>\n<p style=\"text-align: justify;\">Adem\u00e1s, M\u00e1laga actualmente cuenta con una red de transportes entre las que se encuentra uno de los aeropuertos internacionales con mayor tr\u00e1fico de pasajeros en Espa\u00f1a, con una red de alta velocidad ferroviaria implantada desde hace m\u00e1s de una d\u00e9cada y con un puerto que incrementa cada a\u00f1o la visita de grandes cruceros en rutas nacionales a internacionales. Adem\u00e1s, nuestro edificio se encuentra en pleno centro del M\u00e1laga TechPark, rodeado de las mejores infraestructuras y de numerosas empresas de base biotecnol\u00f3gica<\/p>\n<p>[\/et_pb_blurb][et_pb_blurb title=\u00bbNuestro compromiso con los ciudadanos\u00bb use_icon=\u00bbon\u00bb font_icon=\u00bb&#x24;||divi||400&#8243; icon_color=\u00bb#24a8d7&#8243; image_icon_background_color=\u00bb#FFFFFF\u00bb icon_placement=\u00bbleft\u00bb content_max_width=\u00bb1100px\u00bb _builder_version=\u00bb4.23.4&#8243; _module_preset=\u00bbdefault\u00bb header_font=\u00bbPoppins|700|||||||\u00bb header_text_color=\u00bb#24a8d7&#8243; header_font_size=\u00bb18px\u00bb body_font=\u00bbPoppins||||||||\u00bb custom_margin=\u00bb50px||||false|false\u00bb global_colors_info=\u00bb{}\u00bb]<\/p>\n<p style=\"text-align: justify;\">Una de las claves para el \u00e9xito de nuestra investigaci\u00f3n se basa en una apuesta por el compromiso en el desarrollo social y econ\u00f3mico de M\u00e1laga y su provincia, promoviendo mejoras que vayan encaminadas a ampliar y mejorar el \u00e1mbito de actuaci\u00f3n de los grupos que componen el Instituto para dar respuesta a la demanda que necesita la poblaci\u00f3n, mejorando la calidad de vida de su ciudadan\u00eda<\/p>\n<p>[\/et_pb_blurb][et_pb_blurb title=\u00bbTrabajo en equipo\u00bb use_icon=\u00bbon\u00bb font_icon=\u00bb&#x24;||divi||400&#8243; icon_color=\u00bb#24a8d7&#8243; image_icon_background_color=\u00bb#FFFFFF\u00bb icon_placement=\u00bbleft\u00bb content_max_width=\u00bb1100px\u00bb _builder_version=\u00bb4.23.4&#8243; _module_preset=\u00bbdefault\u00bb header_font=\u00bbPoppins|700|||||||\u00bb header_text_color=\u00bb#24a8d7&#8243; header_font_size=\u00bb18px\u00bb body_font=\u00bbPoppins||||||||\u00bb custom_margin=\u00bb50px||||false|false\u00bb global_colors_info=\u00bb{}\u00bb]<\/p>\n<p style=\"text-align: justify;\">Para conseguir todos estos retos, es fundamental que desde IBIMA Plataforma BIONAND se potencie un fuerte esp\u00edritu de trabajo de equipo mediante la realizaci\u00f3n de actividades conjuntas entre los componentes que integran los grupos de investigaci\u00f3n, as\u00ed como entre las distintas \u00e1reas de investigaci\u00f3n para permitir un desarrollo en conjunto de sus profesionales, que se traduzcan en puentes que refuercen el car\u00e1cter traslacional de la investigaci\u00f3n desarrollada en IBIMA Plataforma BIONAND<\/p>\n<p>[\/et_pb_blurb][et_pb_text _builder_version=\u00bb4.20.4&#8243; _module_preset=\u00bbdefault\u00bb header_3_font=\u00bbPoppins||||||||\u00bb header_3_text_align=\u00bbcenter\u00bb header_3_text_color=\u00bb#24a8d7&#8243; header_3_font_size=\u00bb24px\u00bb custom_padding=\u00bb50px||||false|false\u00bb global_colors_info=\u00bb{}\u00bb]<\/p>\n<h3><strong><a href=\"https:\/\/ibima.eu\/es\/busqueda-de-candidatos-as\/\">B\u00daSQUEDA DE CANDIDATOS\/AS<\/a><\/strong><\/h3>\n<p>[\/et_pb_text][\/et_pb_column][\/et_pb_row][\/et_pb_section]<\/p>\n","protected":false},"excerpt":{"rendered":"<p>Trabaja con nosotrosQueremos seguir creciendo gracias a los mejores profesionales para ofrecer a M\u00e1laga y a los malague\u00f1os una investigaci\u00f3n biom\u00e9dica traslacional de calidad. Para ello IBIMA Plataforma BIONAND debe seguir apostando por enriquecer todas sus \u00e1reas multidisciplinares para situar al Instituto en el centro de la atracci\u00f3n del talento. A continuaci\u00f3n, te ofrecemos algunas [&hellip;]<\/p>\n","protected":false},"author":1,"featured_media":0,"parent":0,"menu_order":0,"comment_status":"closed","ping_status":"closed","template":"","meta":{"_acf_changed":false,"_et_pb_use_builder":"on","_et_pb_old_content":"","_et_gb_content_width":"","footnotes":""},"class_list":["post-12018","page","type-page","status-publish","hentry"],"acf":[],"yoast_head":"<!-- This site is optimized with the Yoast SEO plugin v27.3 - https:\/\/yoast.com\/product\/yoast-seo-wordpress\/ -->\n<title>Trabaja con nosotros - Ibima<\/title>\n<meta name=\"robots\" content=\"index, follow, max-snippet:-1, max-image-preview:large, max-video-preview:-1\" \/>\n<link rel=\"canonical\" href=\"https:\/\/ibima.eu\/es\/trabaja-con-nosotros\/\" \/>\n<meta property=\"og:locale\" content=\"es_ES\" \/>\n<meta property=\"og:type\" content=\"article\" \/>\n<meta property=\"og:title\" content=\"Trabaja con nosotros - Ibima\" \/>\n<meta property=\"og:description\" content=\"Trabaja con nosotrosQueremos seguir creciendo gracias a los mejores profesionales para ofrecer a M\u00e1laga y a los malague\u00f1os una investigaci\u00f3n biom\u00e9dica traslacional de calidad. Para ello IBIMA Plataforma BIONAND debe seguir apostando por enriquecer todas sus \u00e1reas multidisciplinares para situar al Instituto en el centro de la atracci\u00f3n del talento. A continuaci\u00f3n, te ofrecemos algunas [&hellip;]\" \/>\n<meta property=\"og:url\" content=\"https:\/\/ibima.eu\/es\/trabaja-con-nosotros\/\" \/>\n<meta property=\"og:site_name\" content=\"Ibima\" \/>\n<meta property=\"article:modified_time\" content=\"2024-09-24T12:42:49+00:00\" \/>\n<meta name=\"twitter:card\" content=\"summary_large_image\" \/>\n<meta name=\"twitter:label1\" content=\"Tiempo de lectura\" \/>\n\t<meta name=\"twitter:data1\" content=\"6 minutos\" \/>\n<script type=\"application\/ld+json\" class=\"yoast-schema-graph\">{\"@context\":\"https:\\\/\\\/schema.org\",\"@graph\":[{\"@type\":\"WebPage\",\"@id\":\"https:\\\/\\\/ibima.eu\\\/es\\\/trabaja-con-nosotros\\\/\",\"url\":\"https:\\\/\\\/ibima.eu\\\/es\\\/trabaja-con-nosotros\\\/\",\"name\":\"Trabaja con nosotros - Ibima\",\"isPartOf\":{\"@id\":\"https:\\\/\\\/ibima.eu\\\/es\\\/#website\"},\"datePublished\":\"2023-10-09T09:49:16+00:00\",\"dateModified\":\"2024-09-24T12:42:49+00:00\",\"breadcrumb\":{\"@id\":\"https:\\\/\\\/ibima.eu\\\/es\\\/trabaja-con-nosotros\\\/#breadcrumb\"},\"inLanguage\":\"es\",\"potentialAction\":[{\"@type\":\"ReadAction\",\"target\":[\"https:\\\/\\\/ibima.eu\\\/es\\\/trabaja-con-nosotros\\\/\"]}]},{\"@type\":\"BreadcrumbList\",\"@id\":\"https:\\\/\\\/ibima.eu\\\/es\\\/trabaja-con-nosotros\\\/#breadcrumb\",\"itemListElement\":[{\"@type\":\"ListItem\",\"position\":1,\"name\":\"Portada\",\"item\":\"https:\\\/\\\/ibima.eu\\\/es\\\/\"},{\"@type\":\"ListItem\",\"position\":2,\"name\":\"Trabaja con nosotros\"}]},{\"@type\":\"WebSite\",\"@id\":\"https:\\\/\\\/ibima.eu\\\/es\\\/#website\",\"url\":\"https:\\\/\\\/ibima.eu\\\/es\\\/\",\"name\":\"Ibima\",\"description\":\"\",\"potentialAction\":[{\"@type\":\"SearchAction\",\"target\":{\"@type\":\"EntryPoint\",\"urlTemplate\":\"https:\\\/\\\/ibima.eu\\\/es\\\/?s={search_term_string}\"},\"query-input\":{\"@type\":\"PropertyValueSpecification\",\"valueRequired\":true,\"valueName\":\"search_term_string\"}}],\"inLanguage\":\"es\"}]}<\/script>\n<!-- \/ Yoast SEO plugin. -->","yoast_head_json":{"title":"Trabaja con nosotros - Ibima","robots":{"index":"index","follow":"follow","max-snippet":"max-snippet:-1","max-image-preview":"max-image-preview:large","max-video-preview":"max-video-preview:-1"},"canonical":"https:\/\/ibima.eu\/es\/trabaja-con-nosotros\/","og_locale":"es_ES","og_type":"article","og_title":"Trabaja con nosotros - Ibima","og_description":"Trabaja con nosotrosQueremos seguir creciendo gracias a los mejores profesionales para ofrecer a M\u00e1laga y a los malague\u00f1os una investigaci\u00f3n biom\u00e9dica traslacional de calidad. Para ello IBIMA Plataforma BIONAND debe seguir apostando por enriquecer todas sus \u00e1reas multidisciplinares para situar al Instituto en el centro de la atracci\u00f3n del talento. A continuaci\u00f3n, te ofrecemos algunas [&hellip;]","og_url":"https:\/\/ibima.eu\/es\/trabaja-con-nosotros\/","og_site_name":"Ibima","article_modified_time":"2024-09-24T12:42:49+00:00","twitter_card":"summary_large_image","twitter_misc":{"Tiempo de lectura":"6 minutos"},"schema":{"@context":"https:\/\/schema.org","@graph":[{"@type":"WebPage","@id":"https:\/\/ibima.eu\/es\/trabaja-con-nosotros\/","url":"https:\/\/ibima.eu\/es\/trabaja-con-nosotros\/","name":"Trabaja con nosotros - Ibima","isPartOf":{"@id":"https:\/\/ibima.eu\/es\/#website"},"datePublished":"2023-10-09T09:49:16+00:00","dateModified":"2024-09-24T12:42:49+00:00","breadcrumb":{"@id":"https:\/\/ibima.eu\/es\/trabaja-con-nosotros\/#breadcrumb"},"inLanguage":"es","potentialAction":[{"@type":"ReadAction","target":["https:\/\/ibima.eu\/es\/trabaja-con-nosotros\/"]}]},{"@type":"BreadcrumbList","@id":"https:\/\/ibima.eu\/es\/trabaja-con-nosotros\/#breadcrumb","itemListElement":[{"@type":"ListItem","position":1,"name":"Portada","item":"https:\/\/ibima.eu\/es\/"},{"@type":"ListItem","position":2,"name":"Trabaja con nosotros"}]},{"@type":"WebSite","@id":"https:\/\/ibima.eu\/es\/#website","url":"https:\/\/ibima.eu\/es\/","name":"Ibima","description":"","potentialAction":[{"@type":"SearchAction","target":{"@type":"EntryPoint","urlTemplate":"https:\/\/ibima.eu\/es\/?s={search_term_string}"},"query-input":{"@type":"PropertyValueSpecification","valueRequired":true,"valueName":"search_term_string"}}],"inLanguage":"es"}]}},"_links":{"self":[{"href":"https:\/\/ibima.eu\/es\/wp-json\/wp\/v2\/pages\/12018","targetHints":{"allow":["GET"]}}],"collection":[{"href":"https:\/\/ibima.eu\/es\/wp-json\/wp\/v2\/pages"}],"about":[{"href":"https:\/\/ibima.eu\/es\/wp-json\/wp\/v2\/types\/page"}],"author":[{"embeddable":true,"href":"https:\/\/ibima.eu\/es\/wp-json\/wp\/v2\/users\/1"}],"replies":[{"embeddable":true,"href":"https:\/\/ibima.eu\/es\/wp-json\/wp\/v2\/comments?post=12018"}],"version-history":[{"count":2,"href":"https:\/\/ibima.eu\/es\/wp-json\/wp\/v2\/pages\/12018\/revisions"}],"predecessor-version":[{"id":48915,"href":"https:\/\/ibima.eu\/es\/wp-json\/wp\/v2\/pages\/12018\/revisions\/48915"}],"wp:attachment":[{"href":"https:\/\/ibima.eu\/es\/wp-json\/wp\/v2\/media?parent=12018"}],"curies":[{"name":"wp","href":"https:\/\/api.w.org\/{rel}","templated":true}]}}