{"id":12131,"date":"2023-10-09T12:02:35","date_gmt":"2023-10-09T12:02:35","guid":{"rendered":"https:\/\/prueba.ibima.eu\/?page_id=12131"},"modified":"2025-11-25T11:40:03","modified_gmt":"2025-11-25T11:40:03","slug":"carrera-investigador","status":"publish","type":"page","link":"https:\/\/ibima.eu\/es\/carrera-investigador\/","title":{"rendered":"Carrera investigadora"},"content":{"rendered":"\n[et_pb_section fb_built=\u00bb1&#8243; _builder_version=\u00bb4.20.4&#8243; _module_preset=\u00bbdefault\u00bb background_image=\u00bbhttps:\/\/ibima.eu\/wp-content\/uploads\/2023\/04\/FotoWeb-min-1000&#215;500-1.jpg\u00bb global_colors_info=\u00bb{}\u00bb][et_pb_row _builder_version=\u00bb4.20.4&#8243; _module_preset=\u00bbdefault\u00bb custom_padding=\u00bb250px||30px||false|false\u00bb global_colors_info=\u00bb{}\u00bb][et_pb_column type=\u00bb4_4&#8243; _builder_version=\u00bb4.20.4&#8243; _module_preset=\u00bbdefault\u00bb global_colors_info=\u00bb{}\u00bb][et_pb_text _builder_version=\u00bb4.20.4&#8243; _module_preset=\u00bbdefault\u00bb header_2_font=\u00bbPoppins|700|||||||\u00bb header_2_text_color=\u00bb#FFFFFF\u00bb header_2_font_size=\u00bb46px\u00bb header_2_font_size_tablet=\u00bb46px\u00bb header_2_font_size_phone=\u00bb40px\u00bb header_2_font_size_last_edited=\u00bbon|phone\u00bb global_colors_info=\u00bb{}\u00bb]<h2>Carrera investigadora<\/h2>[\/et_pb_text][\/et_pb_column][\/et_pb_row][\/et_pb_section][et_pb_section fb_built=\u00bb1&#8243; _builder_version=\u00bb4.20.4&#8243; _module_preset=\u00bbdefault\u00bb global_colors_info=\u00bb{}\u00bb][et_pb_row custom_padding_last_edited=\u00bbon|desktop\u00bb _builder_version=\u00bb4.20.4&#8243; _module_preset=\u00bbdefault\u00bb width=\u00bb60%\u00bb custom_padding=\u00bb100px||100px||true|false\u00bb custom_padding_tablet=\u00bb50px||50px||true|false\u00bb custom_padding_phone=\u00bb50px||50px||true|false\u00bb global_colors_info=\u00bb{}\u00bb][et_pb_column type=\u00bb4_4&#8243; _builder_version=\u00bb4.20.4&#8243; _module_preset=\u00bbdefault\u00bb global_colors_info=\u00bb{}\u00bb][et_pb_text _builder_version=\u00bb4.23.4&#8243; _module_preset=\u00bbdefault\u00bb text_font=\u00bbPoppins||||||||\u00bb global_colors_info=\u00bb{}\u00bb]<p><strong>Mapa de la carrera investigadora en Espa\u00f1a y en Andaluc\u00eda<br \/><\/strong><br \/>A continuaci\u00f3n, se muestra un diagrama con las principales oportunidades de financiaci\u00f3n disponibles a nivel Estatal y Andaluz en las que el Instituto participa para la incorporaci\u00f3n de investigadores<\/p>[\/et_pb_text][\/et_pb_column][\/et_pb_row][et_pb_row _builder_version=\u00bb4.27.4&#8243; _module_preset=\u00bbdefault\u00bb hover_enabled=\u00bb0&#8243; global_colors_info=\u00bb{}\u00bb link_option_url=\u00bbhttps:\/\/www.fecyt.es\/publicaciones\/researcher-career-path-spain-glance\u00bb sticky_enabled=\u00bb0&#8243;][et_pb_column type=\u00bb4_4&#8243; _builder_version=\u00bb4.20.4&#8243; _module_preset=\u00bbdefault\u00bb global_colors_info=\u00bb{}\u00bb][et_pb_blurb title=\u00bbResearcher Career path in Spain at a glance! (8th edition): \u00bb image=\u00bbhttps:\/\/ibima.eu\/wp-content\/uploads\/2023\/10\/descarga.png\u00bb image_icon_width=\u00bb50%\u00bb _builder_version=\u00bb4.27.4&#8243; _module_preset=\u00bbdefault\u00bb link_option_url=\u00bbhttps:\/\/www.fecyt.es\/publicaciones\/researcher-career-path-spain-glance\u00bb link_option_url_new_window=\u00bbon\u00bb hover_enabled=\u00bb0&#8243; global_colors_info=\u00bb{}\u00bb sticky_enabled=\u00bb0&#8243;][\/et_pb_blurb][et_pb_blurb image=\u00bbhttps:\/\/ibima.eu\/wp-content\/uploads\/2023\/10\/descarga-1.png\u00bb image_icon_width=\u00bb50%\u00bb _builder_version=\u00bb4.23.4&#8243; _module_preset=\u00bbdefault\u00bb body_font=\u00bbPoppins||||||||\u00bb link_option_url=\u00bbhttps:\/\/myidp.sciencecareers.org\/?AspxAutoDetectCookieSupport=1&#8243; link_option_url_new_window=\u00bbon\u00bb global_colors_info=\u00bb{}\u00bb]<p><a href=\"https:\/\/myidp.sciencecareers.org\/\"><b>myIDP<\/b><\/a><b>:\u00a0<\/b> <span style=\"font-weight: 400;\">Herramienta gratuita para la planificaci\u00f3n profesional dirigida a apoyar a investigadores pre y postdoctorales en ciencias a definir sus objetivos profesionales<\/span><\/p>[\/et_pb_blurb][et_pb_blurb image=\u00bbhttps:\/\/ibima.eu\/wp-content\/uploads\/2023\/10\/logo-euraxess.jpg\u00bb image_icon_width=\u00bb34%\u00bb _builder_version=\u00bb4.23.4&#8243; _module_preset=\u00bbdefault\u00bb body_font=\u00bbPoppins||||||||\u00bb custom_margin=\u00bb30px||||false|false\u00bb link_option_url=\u00bbhttps:\/\/euraxess.ec.europa.eu\/\u00bb link_option_url_new_window=\u00bbon\u00bb global_colors_info=\u00bb{}\u00bb]<p><a href=\"https:\/\/euraxess.ec.europa.eu\/career-development\/researchers\"><b>Career Orientation tool<\/b><\/a><span style=\"font-weight: 400;\">: <\/span><span style=\"font-weight: 400;\">Herramienta para el autoan\u00e1lisis de las motivaciones, y la identificaci\u00f3n acciones y recursos para el impulso de la carrera investigadora<\/span><\/p>\n<p><a href=\"https:\/\/euraxess.ec.europa.eu\/career-development\/researchers\/pipers-project-career-kit#\/CareerLinksApp\"><b>PIPERS Project Career Kit<\/b><\/a><span style=\"font-weight: 400;\">:\u00a0<\/span><span style=\"font-weight: 400;\">Recursos de formaci\u00f3n en temas relacionados con el desarrollo de soft skills, como emprendimiento, propiedad intelectual, habilidades de liderazgo, gesti\u00f3n de la carrera investigadora, desarrollo profesional, etc<\/span><\/p>\n<p><a href=\"https:\/\/euraxess.ec.europa.eu\/career-development\/researchers\/discover-careers-beyond-academia\/\"><b>Discover: careers beyond academia<\/b><\/a><span style=\"font-weight: 400;\">:\u00a0 informaci\u00f3n sobre los distintos sectores, trabajos y competencias exigidas, planificaci\u00f3n de carrera, testimonios de investigadores trabajando fuera del sector acad\u00e9mico<\/span><\/p>\n<p>&nbsp;<\/p>[\/et_pb_blurb][et_pb_blurb title=\u00bbEditor de Curr\u00edculum Vitae Normalizado (CVN)\u00bb url=\u00bbhttps:\/\/cvn.fecyt.es\/editor\/#HOME\u00bb image=\u00bbhttps:\/\/ibima.eu\/wp-content\/uploads\/2023\/10\/descarga-2.png\u00bb image_icon_width=\u00bb45%\u00bb _builder_version=\u00bb4.23.4&#8243; _module_preset=\u00bbdefault\u00bb body_font=\u00bbPoppins||||||||\u00bb custom_margin=\u00bb30px||||false|false\u00bb link_option_url=\u00bbhttps:\/\/cvn.fecyt.es\/editor\/#HOME\u00bb link_option_url_new_window=\u00bbon\u00bb global_colors_info=\u00bb{}\u00bb]<p><span style=\"font-weight: 400;\">Modelo de la FECYT. Aplicaci\u00f3n online que posibilita a los investigadores crear un curr\u00edculo en formato Curr\u00edculum V\u00edtae Normalizado (CVN) y exportar al formato del Curr\u00edculum Vitae Abreviado (CVA)<\/span><\/p>\n<p>&nbsp;<\/p>[\/et_pb_blurb][et_pb_blurb title=\u00bbCV Europass\u00bb url=\u00bbhttps:\/\/europa.eu\/europass\/es\/create-europass-cv\u00bb image=\u00bbhttps:\/\/ibima.eu\/wp-content\/uploads\/2023\/10\/Logo-europass.png\u00bb image_icon_width=\u00bb45%\u00bb _builder_version=\u00bb4.27.0&#8243; _module_preset=\u00bbdefault\u00bb header_font=\u00bbPoppins||||||||\u00bb text_orientation=\u00bbcenter\u00bb custom_margin=\u00bb30px||100px||false|false\u00bb custom_margin_tablet=\u00bb30px||50px||false|false\u00bb custom_margin_phone=\u00bb30px||50px||false|false\u00bb custom_margin_last_edited=\u00bbon|tablet\u00bb link_option_url=\u00bbhttps:\/\/europa.eu\/europass\/es\/create-europass-cv\u00bb link_option_url_new_window=\u00bbon\u00bb global_colors_info=\u00bb{}\u00bb][\/et_pb_blurb][\/et_pb_column][\/et_pb_row][\/et_pb_section]\n","protected":false},"excerpt":{"rendered":"<p>Carrera investigadoraMapa de la carrera investigadora en Espa\u00f1a y en Andaluc\u00edaA continuaci\u00f3n, se muestra un diagrama con las principales oportunidades de financiaci\u00f3n disponibles a nivel Estatal y Andaluz en las que el Instituto participa para la incorporaci\u00f3n de investigadoresmyIDP:\u00a0 Herramienta gratuita para la planificaci\u00f3n profesional dirigida a apoyar a investigadores pre y postdoctorales en ciencias [&hellip;]<\/p>\n","protected":false},"author":1,"featured_media":0,"parent":0,"menu_order":0,"comment_status":"closed","ping_status":"closed","template":"","meta":{"_acf_changed":false,"_et_pb_use_builder":"on","_et_pb_old_content":"","_et_gb_content_width":"","footnotes":""},"class_list":["post-12131","page","type-page","status-publish","hentry"],"acf":[],"yoast_head":"<!-- This site is optimized with the Yoast SEO plugin v27.4 - https:\/\/yoast.com\/product\/yoast-seo-wordpress\/ -->\n<title>Carrera investigadora - Ibima<\/title>\n<meta name=\"description\" content=\"Descubre la carrera investigadora en IBIMA Plataforma BIONAND: oportunidades, crecimiento profesional, convocatorias y apoyo integral\" \/>\n<meta name=\"robots\" content=\"index, follow, max-snippet:-1, max-image-preview:large, max-video-preview:-1\" \/>\n<link rel=\"canonical\" href=\"https:\/\/ibima.eu\/es\/carrera-investigador\/\" \/>\n<meta property=\"og:locale\" content=\"es_ES\" \/>\n<meta property=\"og:type\" content=\"article\" \/>\n<meta property=\"og:title\" content=\"Carrera investigadora - Ibima\" \/>\n<meta property=\"og:description\" content=\"Descubre la carrera investigadora en IBIMA Plataforma BIONAND: oportunidades, crecimiento profesional, convocatorias y apoyo integral\" \/>\n<meta property=\"og:url\" content=\"https:\/\/ibima.eu\/es\/carrera-investigador\/\" \/>\n<meta property=\"og:site_name\" content=\"Ibima\" \/>\n<meta property=\"article:modified_time\" content=\"2025-11-25T11:40:03+00:00\" \/>\n<meta name=\"twitter:card\" content=\"summary_large_image\" \/>\n<meta name=\"twitter:label1\" content=\"Tiempo de lectura\" \/>\n\t<meta name=\"twitter:data1\" content=\"2 minutos\" \/>\n<script type=\"application\/ld+json\" class=\"yoast-schema-graph\">{\"@context\":\"https:\\\/\\\/schema.org\",\"@graph\":[{\"@type\":\"WebPage\",\"@id\":\"https:\\\/\\\/ibima.eu\\\/carrera-investigador\\\/\",\"url\":\"https:\\\/\\\/ibima.eu\\\/carrera-investigador\\\/\",\"name\":\"Carrera investigadora - Ibima\",\"isPartOf\":{\"@id\":\"https:\\\/\\\/ibima.eu\\\/es\\\/#website\"},\"datePublished\":\"2023-10-09T12:02:35+00:00\",\"dateModified\":\"2025-11-25T11:40:03+00:00\",\"description\":\"Descubre la carrera investigadora en IBIMA Plataforma BIONAND: oportunidades, crecimiento profesional, convocatorias y apoyo integral\",\"breadcrumb\":{\"@id\":\"https:\\\/\\\/ibima.eu\\\/carrera-investigador\\\/#breadcrumb\"},\"inLanguage\":\"es\",\"potentialAction\":[{\"@type\":\"ReadAction\",\"target\":[\"https:\\\/\\\/ibima.eu\\\/carrera-investigador\\\/\"]}]},{\"@type\":\"BreadcrumbList\",\"@id\":\"https:\\\/\\\/ibima.eu\\\/carrera-investigador\\\/#breadcrumb\",\"itemListElement\":[{\"@type\":\"ListItem\",\"position\":1,\"name\":\"Portada\",\"item\":\"https:\\\/\\\/ibima.eu\\\/es\\\/\"},{\"@type\":\"ListItem\",\"position\":2,\"name\":\"Carrera investigadora\"}]},{\"@type\":\"WebSite\",\"@id\":\"https:\\\/\\\/ibima.eu\\\/es\\\/#website\",\"url\":\"https:\\\/\\\/ibima.eu\\\/es\\\/\",\"name\":\"Ibima\",\"description\":\"\",\"potentialAction\":[{\"@type\":\"SearchAction\",\"target\":{\"@type\":\"EntryPoint\",\"urlTemplate\":\"https:\\\/\\\/ibima.eu\\\/es\\\/?s={search_term_string}\"},\"query-input\":{\"@type\":\"PropertyValueSpecification\",\"valueRequired\":true,\"valueName\":\"search_term_string\"}}],\"inLanguage\":\"es\"}]}<\/script>\n<!-- \/ Yoast SEO plugin. -->","yoast_head_json":{"title":"Carrera investigadora - Ibima","description":"Descubre la carrera investigadora en IBIMA Plataforma BIONAND: oportunidades, crecimiento profesional, convocatorias y apoyo integral","robots":{"index":"index","follow":"follow","max-snippet":"max-snippet:-1","max-image-preview":"max-image-preview:large","max-video-preview":"max-video-preview:-1"},"canonical":"https:\/\/ibima.eu\/es\/carrera-investigador\/","og_locale":"es_ES","og_type":"article","og_title":"Carrera investigadora - Ibima","og_description":"Descubre la carrera investigadora en IBIMA Plataforma BIONAND: oportunidades, crecimiento profesional, convocatorias y apoyo integral","og_url":"https:\/\/ibima.eu\/es\/carrera-investigador\/","og_site_name":"Ibima","article_modified_time":"2025-11-25T11:40:03+00:00","twitter_card":"summary_large_image","twitter_misc":{"Tiempo de lectura":"2 minutos"},"schema":{"@context":"https:\/\/schema.org","@graph":[{"@type":"WebPage","@id":"https:\/\/ibima.eu\/carrera-investigador\/","url":"https:\/\/ibima.eu\/carrera-investigador\/","name":"Carrera investigadora - Ibima","isPartOf":{"@id":"https:\/\/ibima.eu\/es\/#website"},"datePublished":"2023-10-09T12:02:35+00:00","dateModified":"2025-11-25T11:40:03+00:00","description":"Descubre la carrera investigadora en IBIMA Plataforma BIONAND: oportunidades, crecimiento profesional, convocatorias y apoyo integral","breadcrumb":{"@id":"https:\/\/ibima.eu\/carrera-investigador\/#breadcrumb"},"inLanguage":"es","potentialAction":[{"@type":"ReadAction","target":["https:\/\/ibima.eu\/carrera-investigador\/"]}]},{"@type":"BreadcrumbList","@id":"https:\/\/ibima.eu\/carrera-investigador\/#breadcrumb","itemListElement":[{"@type":"ListItem","position":1,"name":"Portada","item":"https:\/\/ibima.eu\/es\/"},{"@type":"ListItem","position":2,"name":"Carrera investigadora"}]},{"@type":"WebSite","@id":"https:\/\/ibima.eu\/es\/#website","url":"https:\/\/ibima.eu\/es\/","name":"Ibima","description":"","potentialAction":[{"@type":"SearchAction","target":{"@type":"EntryPoint","urlTemplate":"https:\/\/ibima.eu\/es\/?s={search_term_string}"},"query-input":{"@type":"PropertyValueSpecification","valueRequired":true,"valueName":"search_term_string"}}],"inLanguage":"es"}]}},"_links":{"self":[{"href":"https:\/\/ibima.eu\/es\/wp-json\/wp\/v2\/pages\/12131","targetHints":{"allow":["GET"]}}],"collection":[{"href":"https:\/\/ibima.eu\/es\/wp-json\/wp\/v2\/pages"}],"about":[{"href":"https:\/\/ibima.eu\/es\/wp-json\/wp\/v2\/types\/page"}],"author":[{"embeddable":true,"href":"https:\/\/ibima.eu\/es\/wp-json\/wp\/v2\/users\/1"}],"replies":[{"embeddable":true,"href":"https:\/\/ibima.eu\/es\/wp-json\/wp\/v2\/comments?post=12131"}],"version-history":[{"count":5,"href":"https:\/\/ibima.eu\/es\/wp-json\/wp\/v2\/pages\/12131\/revisions"}],"predecessor-version":[{"id":58545,"href":"https:\/\/ibima.eu\/es\/wp-json\/wp\/v2\/pages\/12131\/revisions\/58545"}],"wp:attachment":[{"href":"https:\/\/ibima.eu\/es\/wp-json\/wp\/v2\/media?parent=12131"}],"curies":[{"name":"wp","href":"https:\/\/api.w.org\/{rel}","templated":true}]}}