{"id":12160,"date":"2023-10-09T12:22:22","date_gmt":"2023-10-09T12:22:22","guid":{"rendered":"https:\/\/prueba.ibima.eu\/?page_id=12160"},"modified":"2024-03-12T10:15:59","modified_gmt":"2024-03-12T10:15:59","slug":"talento-internacional","status":"publish","type":"page","link":"https:\/\/ibima.eu\/es\/talento-internacional\/","title":{"rendered":"Talento Internacional"},"content":{"rendered":"<p>[et_pb_section fb_built=\u00bb1&#8243; _builder_version=\u00bb4.20.4&#8243; _module_preset=\u00bbdefault\u00bb background_image=\u00bbhttps:\/\/ibima.eu\/wp-content\/uploads\/2023\/04\/FotoWeb-min-1000&#215;500-1.jpg\u00bb global_colors_info=\u00bb{}\u00bb][et_pb_row _builder_version=\u00bb4.20.4&#8243; _module_preset=\u00bbdefault\u00bb custom_padding=\u00bb250px||30px||false|false\u00bb global_colors_info=\u00bb{}\u00bb][et_pb_column type=\u00bb4_4&#8243; _builder_version=\u00bb4.20.4&#8243; _module_preset=\u00bbdefault\u00bb global_colors_info=\u00bb{}\u00bb][et_pb_text _builder_version=\u00bb4.23.2&#8243; _module_preset=\u00bbdefault\u00bb header_2_font=\u00bbPoppins|700|||||||\u00bb header_2_text_color=\u00bb#FFFFFF\u00bb header_2_font_size=\u00bb46px\u00bb header_2_font_size_tablet=\u00bb46px\u00bb header_2_font_size_phone=\u00bb40px\u00bb header_2_font_size_last_edited=\u00bbon|phone\u00bb global_colors_info=\u00bb{}\u00bb]<\/p>\n<h2>Talento Internacional<\/h2>\n<p>[\/et_pb_text][\/et_pb_column][\/et_pb_row][\/et_pb_section][et_pb_section fb_built=\u00bb1&#8243; _builder_version=\u00bb4.20.4&#8243; _module_preset=\u00bbdefault\u00bb global_colors_info=\u00bb{}\u00bb][et_pb_row _builder_version=\u00bb4.20.4&#8243; _module_preset=\u00bbdefault\u00bb width=\u00bb60%\u00bb custom_padding=\u00bb50px||50px||true|false\u00bb global_colors_info=\u00bb{}\u00bb][et_pb_column type=\u00bb4_4&#8243; _builder_version=\u00bb4.20.4&#8243; _module_preset=\u00bbdefault\u00bb global_colors_info=\u00bb{}\u00bb][et_pb_blurb title=\u00bbGu\u00eda para la gesti\u00f3n de la movilidad del investigador extranjero en Espa\u00f1a: \u00bb image=\u00bbhttps:\/\/ibima.eu\/wp-content\/uploads\/2023\/10\/logo-euraxess.jpg\u00bb image_icon_width=\u00bb43%\u00bb content_max_width=\u00bb1100px\u00bb _builder_version=\u00bb4.23.4&#8243; _module_preset=\u00bbdefault\u00bb header_font=\u00bbPoppins||||||||\u00bb body_font=\u00bbPoppins||||||||\u00bb global_colors_info=\u00bb{}\u00bb]<\/p>\n<p><span style=\"font-weight: 400;\">ofrece informaci\u00f3n para los investigadores extranjeros que llegan a Espa\u00f1a como la tramitaci\u00f3n de los permisos de residencia, el sistema de Seguridad Social y desempleo, o la homologaci\u00f3n de titulaciones acad\u00e9micas y los derechos de protecci\u00f3n de la I+D+i<\/span><\/p>\n<p><a href=\"https:\/\/www.euraxess.es\/spain\/news\/guidelines-foreign-researchers-spain\" target=\"_blank\" rel=\"noopener\">M\u00e1s Informaci\u00f3n\u00a0<\/a><\/p>\n<p><a href=\"http:\/\/euraxess.ec.europa.eu\/information\" target=\"_blank\" rel=\"noopener\"><b>Servicio de Euraxess de informaci\u00f3n y asistencia al extranjero en Europa<\/b><\/a><\/p>\n<p><a href=\"https:\/\/www.euraxess.es\/\" target=\"_blank\" rel=\"noopener\"><b>Euraxess SPAIN<\/b><\/a><b>:<\/b><span style=\"font-weight: 400;\"> Portal donde los investigadores pueden encontrar informaci\u00f3n relacionada con el empleo, oportunidades de financiaci\u00f3n y procedimientos administrativos para trabajar en Espa\u00f1a<\/span><\/p>\n<p>&nbsp;<\/p>\n<p>[\/et_pb_blurb][et_pb_blurb title=\u00bbMovilidad y Estancias\u00bb use_icon=\u00bbon\u00bb font_icon=\u00bb&#xf5b0;||fa||900&#8243; icon_color=\u00bb#24a8d7&#8243; icon_placement=\u00bbleft\u00bb content_max_width=\u00bb1100px\u00bb _builder_version=\u00bb4.24.2&#8243; _module_preset=\u00bbdefault\u00bb header_font=\u00bbPoppins|600|||||||\u00bb header_text_color=\u00bb#195e7f\u00bb body_font=\u00bbPoppins||||||||\u00bb custom_padding=\u00bb50px||||false|false\u00bb hover_enabled=\u00bb0&#8243; global_colors_info=\u00bb{}\u00bb locked=\u00bboff\u00bb sticky_enabled=\u00bb0&#8243;]<\/p>\n<p>Desde IBIMA Plataforma BIONAND apostamos por la formaci\u00f3n de nuestros investigadores, apoy\u00e1ndolos en la obtenci\u00f3n de fondos para movilidad y estancias a nivel internacional, con el objetivo de hacerlas m\u00e1s competitivas.<\/p>\n<p>Para consultar las estancias disponibles, por favor, haz clic en el bot\u00f3n de abajo.<\/p>\n<p>[\/et_pb_blurb][et_pb_button button_url=\u00bbhttps:\/\/ibima.eu\/es\/movilidad-y-estancias-2\/\u00bb url_new_window=\u00bbon\u00bb button_text=\u00bbAYUDAS ACTIVAS PARA LA MOVILIDAD Y ESTANCIAS\u00bb button_alignment=\u00bbcenter\u00bb _builder_version=\u00bb4.24.2&#8243; _module_preset=\u00bbdefault\u00bb custom_button=\u00bbon\u00bb button_text_size=\u00bb17px\u00bb button_text_color=\u00bb#ffffff\u00bb button_bg_color=\u00bb#43a5d3&#8243; button_border_width=\u00bb0px\u00bb button_border_radius=\u00bb12px\u00bb button_font=\u00bbPoppins||||||||\u00bb button_icon=\u00bb&#x39;||divi||400&#8243; custom_margin=\u00bb30px||||false|false\u00bb custom_padding=\u00bb||||false|false\u00bb hover_enabled=\u00bb0&#8243; global_colors_info=\u00bb{}\u00bb sticky_enabled=\u00bb0&#8243; locked=\u00bboff\u00bb][\/et_pb_button][\/et_pb_column][\/et_pb_row][\/et_pb_section]<\/p>\n","protected":false},"excerpt":{"rendered":"<p>Talento Internacionalofrece informaci\u00f3n para los investigadores extranjeros que llegan a Espa\u00f1a como la tramitaci\u00f3n de los permisos de residencia, el sistema de Seguridad Social y desempleo, o la homologaci\u00f3n de titulaciones acad\u00e9micas y los derechos de protecci\u00f3n de la I+D+i M\u00e1s Informaci\u00f3n\u00a0 Servicio de Euraxess de informaci\u00f3n y asistencia al extranjero en Europa Euraxess SPAIN: [&hellip;]<\/p>\n","protected":false},"author":1,"featured_media":0,"parent":0,"menu_order":0,"comment_status":"closed","ping_status":"closed","template":"","meta":{"_acf_changed":false,"_et_pb_use_builder":"on","_et_pb_old_content":"","_et_gb_content_width":"","footnotes":""},"class_list":["post-12160","page","type-page","status-publish","hentry"],"acf":[],"yoast_head":"<!-- This site is optimized with the Yoast SEO plugin v27.3 - https:\/\/yoast.com\/product\/yoast-seo-wordpress\/ -->\n<title>Talento Internacional - Ibima<\/title>\n<meta name=\"robots\" content=\"index, follow, max-snippet:-1, max-image-preview:large, max-video-preview:-1\" \/>\n<link rel=\"canonical\" href=\"https:\/\/ibima.eu\/es\/talento-internacional\/\" \/>\n<meta property=\"og:locale\" content=\"es_ES\" \/>\n<meta property=\"og:type\" content=\"article\" \/>\n<meta property=\"og:title\" content=\"Talento Internacional - Ibima\" \/>\n<meta property=\"og:description\" content=\"Talento Internacionalofrece informaci\u00f3n para los investigadores extranjeros que llegan a Espa\u00f1a como la tramitaci\u00f3n de los permisos de residencia, el sistema de Seguridad Social y desempleo, o la homologaci\u00f3n de titulaciones acad\u00e9micas y los derechos de protecci\u00f3n de la I+D+i M\u00e1s Informaci\u00f3n\u00a0 Servicio de Euraxess de informaci\u00f3n y asistencia al extranjero en Europa Euraxess SPAIN: [&hellip;]\" \/>\n<meta property=\"og:url\" content=\"https:\/\/ibima.eu\/es\/talento-internacional\/\" \/>\n<meta property=\"og:site_name\" content=\"Ibima\" \/>\n<meta property=\"article:modified_time\" content=\"2024-03-12T10:15:59+00:00\" \/>\n<meta name=\"twitter:card\" content=\"summary_large_image\" \/>\n<meta name=\"twitter:label1\" content=\"Tiempo de lectura\" \/>\n\t<meta name=\"twitter:data1\" content=\"2 minutos\" \/>\n<script type=\"application\/ld+json\" class=\"yoast-schema-graph\">{\"@context\":\"https:\\\/\\\/schema.org\",\"@graph\":[{\"@type\":\"WebPage\",\"@id\":\"https:\\\/\\\/ibima.eu\\\/talento-internacional\\\/\",\"url\":\"https:\\\/\\\/ibima.eu\\\/talento-internacional\\\/\",\"name\":\"Talento Internacional - Ibima\",\"isPartOf\":{\"@id\":\"https:\\\/\\\/ibima.eu\\\/es\\\/#website\"},\"datePublished\":\"2023-10-09T12:22:22+00:00\",\"dateModified\":\"2024-03-12T10:15:59+00:00\",\"breadcrumb\":{\"@id\":\"https:\\\/\\\/ibima.eu\\\/talento-internacional\\\/#breadcrumb\"},\"inLanguage\":\"es\",\"potentialAction\":[{\"@type\":\"ReadAction\",\"target\":[\"https:\\\/\\\/ibima.eu\\\/talento-internacional\\\/\"]}]},{\"@type\":\"BreadcrumbList\",\"@id\":\"https:\\\/\\\/ibima.eu\\\/talento-internacional\\\/#breadcrumb\",\"itemListElement\":[{\"@type\":\"ListItem\",\"position\":1,\"name\":\"Portada\",\"item\":\"https:\\\/\\\/ibima.eu\\\/es\\\/\"},{\"@type\":\"ListItem\",\"position\":2,\"name\":\"Talento Internacional\"}]},{\"@type\":\"WebSite\",\"@id\":\"https:\\\/\\\/ibima.eu\\\/es\\\/#website\",\"url\":\"https:\\\/\\\/ibima.eu\\\/es\\\/\",\"name\":\"Ibima\",\"description\":\"\",\"potentialAction\":[{\"@type\":\"SearchAction\",\"target\":{\"@type\":\"EntryPoint\",\"urlTemplate\":\"https:\\\/\\\/ibima.eu\\\/es\\\/?s={search_term_string}\"},\"query-input\":{\"@type\":\"PropertyValueSpecification\",\"valueRequired\":true,\"valueName\":\"search_term_string\"}}],\"inLanguage\":\"es\"}]}<\/script>\n<!-- \/ Yoast SEO plugin. -->","yoast_head_json":{"title":"Talento Internacional - Ibima","robots":{"index":"index","follow":"follow","max-snippet":"max-snippet:-1","max-image-preview":"max-image-preview:large","max-video-preview":"max-video-preview:-1"},"canonical":"https:\/\/ibima.eu\/es\/talento-internacional\/","og_locale":"es_ES","og_type":"article","og_title":"Talento Internacional - Ibima","og_description":"Talento Internacionalofrece informaci\u00f3n para los investigadores extranjeros que llegan a Espa\u00f1a como la tramitaci\u00f3n de los permisos de residencia, el sistema de Seguridad Social y desempleo, o la homologaci\u00f3n de titulaciones acad\u00e9micas y los derechos de protecci\u00f3n de la I+D+i M\u00e1s Informaci\u00f3n\u00a0 Servicio de Euraxess de informaci\u00f3n y asistencia al extranjero en Europa Euraxess SPAIN: [&hellip;]","og_url":"https:\/\/ibima.eu\/es\/talento-internacional\/","og_site_name":"Ibima","article_modified_time":"2024-03-12T10:15:59+00:00","twitter_card":"summary_large_image","twitter_misc":{"Tiempo de lectura":"2 minutos"},"schema":{"@context":"https:\/\/schema.org","@graph":[{"@type":"WebPage","@id":"https:\/\/ibima.eu\/talento-internacional\/","url":"https:\/\/ibima.eu\/talento-internacional\/","name":"Talento Internacional - Ibima","isPartOf":{"@id":"https:\/\/ibima.eu\/es\/#website"},"datePublished":"2023-10-09T12:22:22+00:00","dateModified":"2024-03-12T10:15:59+00:00","breadcrumb":{"@id":"https:\/\/ibima.eu\/talento-internacional\/#breadcrumb"},"inLanguage":"es","potentialAction":[{"@type":"ReadAction","target":["https:\/\/ibima.eu\/talento-internacional\/"]}]},{"@type":"BreadcrumbList","@id":"https:\/\/ibima.eu\/talento-internacional\/#breadcrumb","itemListElement":[{"@type":"ListItem","position":1,"name":"Portada","item":"https:\/\/ibima.eu\/es\/"},{"@type":"ListItem","position":2,"name":"Talento Internacional"}]},{"@type":"WebSite","@id":"https:\/\/ibima.eu\/es\/#website","url":"https:\/\/ibima.eu\/es\/","name":"Ibima","description":"","potentialAction":[{"@type":"SearchAction","target":{"@type":"EntryPoint","urlTemplate":"https:\/\/ibima.eu\/es\/?s={search_term_string}"},"query-input":{"@type":"PropertyValueSpecification","valueRequired":true,"valueName":"search_term_string"}}],"inLanguage":"es"}]}},"_links":{"self":[{"href":"https:\/\/ibima.eu\/es\/wp-json\/wp\/v2\/pages\/12160","targetHints":{"allow":["GET"]}}],"collection":[{"href":"https:\/\/ibima.eu\/es\/wp-json\/wp\/v2\/pages"}],"about":[{"href":"https:\/\/ibima.eu\/es\/wp-json\/wp\/v2\/types\/page"}],"author":[{"embeddable":true,"href":"https:\/\/ibima.eu\/es\/wp-json\/wp\/v2\/users\/1"}],"replies":[{"embeddable":true,"href":"https:\/\/ibima.eu\/es\/wp-json\/wp\/v2\/comments?post=12160"}],"version-history":[{"count":0,"href":"https:\/\/ibima.eu\/es\/wp-json\/wp\/v2\/pages\/12160\/revisions"}],"wp:attachment":[{"href":"https:\/\/ibima.eu\/es\/wp-json\/wp\/v2\/media?parent=12160"}],"curies":[{"name":"wp","href":"https:\/\/api.w.org\/{rel}","templated":true}]}}