{"id":1250,"date":"2023-07-14T05:59:52","date_gmt":"2023-07-14T05:59:52","guid":{"rendered":"https:\/\/prueba.ibima.eu\/?page_id=1250"},"modified":"2023-10-10T07:54:59","modified_gmt":"2023-10-10T07:54:59","slug":"master-en-biologia-celular-y-molecular","status":"publish","type":"page","link":"https:\/\/ibima.eu\/es\/master-en-biologia-celular-y-molecular\/","title":{"rendered":"M\u00c1STER EN BIOLOG\u00cdA CELULAR Y MOLECULAR"},"content":{"rendered":"<p>[et_pb_section fb_built=\u00bb1&#8243; _builder_version=\u00bb4.20.4&#8243; _module_preset=\u00bbdefault\u00bb background_image=\u00bbhttps:\/\/ibima.eu\/wp-content\/uploads\/2023\/04\/FotoWeb-min-1000&#215;500-1.jpg\u00bb global_colors_info=\u00bb{}\u00bb][et_pb_row _builder_version=\u00bb4.20.4&#8243; _module_preset=\u00bbdefault\u00bb custom_padding=\u00bb250px||30px||false|false\u00bb global_colors_info=\u00bb{}\u00bb][et_pb_column type=\u00bb4_4&#8243; _builder_version=\u00bb4.20.4&#8243; _module_preset=\u00bbdefault\u00bb global_colors_info=\u00bb{}\u00bb][et_pb_text _builder_version=\u00bb4.20.4&#8243; _module_preset=\u00bbdefault\u00bb header_2_font=\u00bbPoppins|700|||||||\u00bb header_2_text_color=\u00bb#FFFFFF\u00bb header_2_font_size=\u00bb46px\u00bb hover_enabled=\u00bb0&#8243; global_colors_info=\u00bb{}\u00bb header_2_font_size_last_edited=\u00bbon|phone\u00bb header_2_font_size_phone=\u00bb40px\u00bb sticky_enabled=\u00bb0&#8243; header_2_font_size_tablet=\u00bb46px\u00bb]<\/p>\n<h2>M\u00c1STER EN BIOLOG\u00cdA CELULAR Y MOLECULAR<\/h2>\n<p>[\/et_pb_text][\/et_pb_column][\/et_pb_row][\/et_pb_section][et_pb_section fb_built=\u00bb1&#8243; _builder_version=\u00bb4.20.4&#8243; _module_preset=\u00bbdefault\u00bb custom_margin=\u00bb80px||50px||false|false\u00bb hover_enabled=\u00bb0&#8243; global_colors_info=\u00bb{}\u00bb custom_margin_last_edited=\u00bbon|tablet\u00bb custom_margin_tablet=\u00bb20px||50px||false|false\u00bb sticky_enabled=\u00bb0&#8243; custom_margin_phone=\u00bb20px||50px||false|false\u00bb][et_pb_row column_structure=\u00bb3_4,1_4&#8243; use_custom_gutter=\u00bbon\u00bb gutter_width=\u00bb3&#8243; _builder_version=\u00bb4.20.4&#8243; _module_preset=\u00bbdefault\u00bb width=\u00bb70%\u00bb global_colors_info=\u00bb{}\u00bb][et_pb_column type=\u00bb3_4&#8243; _builder_version=\u00bb4.20.4&#8243; _module_preset=\u00bbdefault\u00bb global_colors_info=\u00bb{}\u00bb][dsm_text_divider header=\u00bbObjetivos\u00bb color=\u00bb#41a7d4&#8243; _builder_version=\u00bb4.20.4&#8243; _module_preset=\u00bbdefault\u00bb header_font=\u00bbPoppins||||||||\u00bb header_text_color=\u00bb#105e7c\u00bb global_colors_info=\u00bb{}\u00bb][\/dsm_text_divider][et_pb_text _builder_version=\u00bb4.20.4&#8243; _module_preset=\u00bbdefault\u00bb text_font_size=\u00bb16px\u00bb text_orientation=\u00bbjustified\u00bb custom_margin=\u00bb30px||||false|false\u00bb global_colors_info=\u00bb{}\u00bb]<\/p>\n<li>Garantizar una formaci\u00f3n multidisciplinar en el \u00e1mbito de la Biolog\u00eda Celular y la Biolog\u00eda Molecular a aquellos alumnos que acceden al Programa, a la vez que de una elevada y actualizada especializaci\u00f3n en campos cient\u00edficos concretos.<\/li>\n<p><\/br><\/p>\n<li>Proporcionar herramientas metodol\u00f3gicas y conceptuales a futuros investigadores, en proceso de formaci\u00f3n, en el campo de la Biolog\u00eda Celular y Molecular, necesarias para abordar de una manera integrada su Tesis Doctoral, que le permitan abordar con la mayor amplitud de miras su \u201cproblema biol\u00f3gico\u201d, sin tener que restringirse a los m\u00e9todos y protocolos empleados en su laboratorio habitual..<\/li>\n<p><\/br><\/p>\n<li>Poseer y comprender conocimientos que aporten una base u oportunidad de ser originales en el desarrollo y\/o aplicaci\u00f3n de ideas, a menudo en un contexto de investigaci\u00f3n.<\/li>\n<p><\/br><\/p>\n<li>Que los estudiantes sepan aplicar los conocimientos adquiridos y su capacidad de resoluci\u00f3n de problemas en entornos nuevos o poco conocidos dentro de contextos m\u00e1s amplios (o multidisciplinares) relacionados con su \u00e1rea de estudio..<\/li>\n<p><\/br><\/p>\n<li>Que los estudiantes sean capaces de integrar conocimientos y enfrentarse a la complejidad de formular juicios a partir de una informaci\u00f3n que, siendo incompleta o limitada, incluya reflexiones sobre las responsabilidades sociales y \u00e9ticas vinculadas a la aplicaci\u00f3n de sus conocimientos y juicios..<\/li>\n<p><\/br><\/p>\n<li>Que los estudiantes sepan comunicar sus conclusiones y los conocimientos y razones \u00faltimas que las sustentan a p\u00fablicos especializados y no especializados de un modo claro y sin ambig\u00fcedades.<\/li>\n<p><\/br><\/p>\n<li>Que los estudiantes posean las habilidades de aprendizaje que les permitan continuar estudiando de un modo que habr\u00e1 de ser en gran medida autodirigido o aut\u00f3nomo..<\/li>\n<p><\/br><\/p>\n<li>Solidez en los conocimientos espec\u00edficos de la profesi\u00f3n..<\/li>\n<p><\/br><\/p>\n<li>Conocimientos avanzados que permitan abordar de forma integral las bases del funcionamiento de los sistemas biol\u00f3gicos..<\/li>\n<p><\/br><\/p>\n<li>Capacidad de an\u00e1lisis y s\u00edntesis a partir del planteamiento de problemas gen\u00e9ricos..<\/li>\n<p><\/br><\/p>\n<li>Resoluci\u00f3n de problemas y casos pr\u00e1cticos, con especial \u00e9nfasis en los de relevancia biom\u00e9dica, fisiol\u00f3gica, tecnol\u00f3gico\/industrial y\/o medioambiental..<\/li>\n<p><\/br><\/p>\n<li>Capacidad de toma de decisiones..<\/li>\n<p><\/br><\/p>\n<li>Capacidad de cr\u00edtica y autocr\u00edtica.<\/li>\n<p><\/br><\/p>\n<li>Capacidad para aplicar la teor\u00eda a la pr\u00e1ctica..<\/li>\n<p><\/br><\/p>\n<li>Capacidad para trabajar en equipo y para hacer presentaciones en p\u00fablico..<\/li>\n<p><\/br><\/p>\n<li>Adquirir familiaridad con el lenguaje especializado de la ciencia..<\/li>\n<p><\/br><\/p>\n<li>Fomentar un ambiente de discusi\u00f3n y cooperaci\u00f3n..<\/li>\n<p><\/br><\/p>\n<ul>[\/et_pb_text][et_pb_button button_url=\u00bbhttps:\/\/www.uma.es\/master-en-biologia-celular-y-molecular\/\u00bb url_new_window=\u00bbon\u00bb button_text=\u00bb+ Informaci\u00f3n\u00bb _builder_version=\u00bb4.20.4&#8243; _module_preset=\u00bbdefault\u00bb custom_button=\u00bbon\u00bb button_text_color=\u00bb#FFFFFF\u00bb button_bg_color=\u00bb#41a7d4&#8243; button_border_width=\u00bb0px\u00bb button_border_radius=\u00bb6px\u00bb button_icon=\u00bb&#x35;||divi||400&#8243; custom_margin=\u00bb30px||||false|false\u00bb global_colors_info=\u00bb{}\u00bb][\/et_pb_button][\/et_pb_column][et_pb_column type=\u00bb1_4&#8243; _builder_version=\u00bb4.20.4&#8243; _module_preset=\u00bbdefault\u00bb custom_padding=\u00bb|||30px|false|false\u00bb border_width_left=\u00bb1px\u00bb border_color_left=\u00bbrgba(65,167,212,0.41)\u00bb global_colors_info=\u00bb{}\u00bb][et_pb_text _builder_version=\u00bb4.20.4&#8243; _module_preset=\u00bbdefault\u00bb text_font=\u00bbPoppins||||||||\u00bb text_text_color=\u00bb#105e7c\u00bb text_font_size=\u00bb22px\u00bb hover_enabled=\u00bb0&#8243; global_colors_info=\u00bb{}\u00bb custom_margin_last_edited=\u00bbon|tablet\u00bb custom_margin_tablet=\u00bb25px||||false|false\u00bb sticky_enabled=\u00bb0&#8243; custom_margin_phone=\u00bb25px||||false|false\u00bb]<\/p>\n<p>Direcci\u00f3n<\/p>\n<p>[\/et_pb_text][et_pb_blurb title=\u00bbDR. FRANCISCO MIGUEL C\u00c1NOVAS RAMOS\u00bb _builder_version=\u00bb4.20.4&#8243; _module_preset=\u00bbdefault\u00bb header_font=\u00bbPoppins||||||||\u00bb header_text_color=\u00bb#41a7d4&#8243; global_colors_info=\u00bb{}\u00bb]<\/p>\n<div class=\"g-bg-white w-100\">\n<p class=\"g-font-size-14 g-color-gray-dark-v4 g-line-height-1_8\">Catedr\u00e1tico de la Facultad de Ciencias. Universidad de M\u00e1laga.<br \/>Facultad de Ciencias. Universidad de M\u00e1laga.<\/p>\n<\/div>\n<p><i class=\"icon-phone g-color-gray-dark-v5 g-mr-10\"><\/i><span class=\"g-font-size-14\">952 13 23 58<br \/><\/span><i class=\"icon-envelope g-color-gray-dark-v5 g-mr-10\"><\/i><a class=\"g-font-size-14 u-link-v5 g-color-main g-color-primary--hover\" href=\"mailto:canovas@uma.es\">canovas@uma.es<\/a><\/p>\n<p>[\/et_pb_blurb][\/et_pb_column][\/et_pb_row][\/et_pb_section]<\/p>\n","protected":false},"excerpt":{"rendered":"<p>M\u00c1STER EN BIOLOG\u00cdA CELULAR Y MOLECULAR<div class=\"et_pb_module dsm_text_divider dsm_text_divider_0\">\n\t\t\t\t\n\t\t\t\t\n\t\t\t\t\n\t\t\t\t\n\t\t\t\t\n\t\t\t\t\n\t\t\t\t<div class=\"et_pb_module_inner\">\n\t\t\t\t\t<div class=\"dsm-text-divider-wrapper dsm-text-divider-align-center et_pb_bg_layout_light\">\n\t\t\t\t\n\t\t\t\t\n\t\t\t\t<div class=\"dsm-text-divider-before dsm-divider\"><\/div>\n\t\t\t\t<h3 class=\"dsm-text-divider-header et_pb_module_header\"><span>Objetivos<\/span><\/h3>\n\t\t\t\t<div class=\"dsm-text-divider-after dsm-divider\"><\/div>\n\t\t\t<\/div>\n\t\t\t\t<\/div>\n\t\t\t<\/div>Garantizar una formaci\u00f3n multidisciplinar en el \u00e1mbito de la Biolog\u00eda Celular y la Biolog\u00eda Molecular a aquellos alumnos que acceden al Programa, a la vez que de una elevada y actualizada especializaci\u00f3n en campos cient\u00edficos concretos. Proporcionar herramientas metodol\u00f3gicas y conceptuales a futuros [&hellip;]<\/p>\n","protected":false},"author":1,"featured_media":0,"parent":0,"menu_order":0,"comment_status":"closed","ping_status":"closed","template":"","meta":{"_acf_changed":false,"_et_pb_use_builder":"on","_et_pb_old_content":"","_et_gb_content_width":"","footnotes":""},"class_list":["post-1250","page","type-page","status-publish","hentry"],"acf":[],"yoast_head":"<!-- This site is optimized with the Yoast SEO plugin v27.6 - https:\/\/yoast.com\/product\/yoast-seo-wordpress\/ -->\n<title>M\u00c1STER EN BIOLOG\u00cdA CELULAR Y MOLECULAR - Ibima<\/title>\n<meta name=\"robots\" content=\"index, follow, max-snippet:-1, max-image-preview:large, max-video-preview:-1\" \/>\n<link rel=\"canonical\" href=\"https:\/\/ibima.eu\/es\/master-en-biologia-celular-y-molecular\/\" \/>\n<meta property=\"og:locale\" content=\"es_ES\" \/>\n<meta property=\"og:type\" content=\"article\" \/>\n<meta property=\"og:title\" content=\"M\u00c1STER EN BIOLOG\u00cdA CELULAR Y MOLECULAR - Ibima\" \/>\n<meta property=\"og:description\" content=\"M\u00c1STER EN BIOLOG\u00cdA CELULAR Y MOLECULARGarantizar una formaci\u00f3n multidisciplinar en el \u00e1mbito de la Biolog\u00eda Celular y la Biolog\u00eda Molecular a aquellos alumnos que acceden al Programa, a la vez que de una elevada y actualizada especializaci\u00f3n en campos cient\u00edficos concretos. Proporcionar herramientas metodol\u00f3gicas y conceptuales a futuros [&hellip;]\" \/>\n<meta property=\"og:url\" content=\"https:\/\/ibima.eu\/es\/master-en-biologia-celular-y-molecular\/\" \/>\n<meta property=\"og:site_name\" content=\"Ibima\" \/>\n<meta property=\"article:modified_time\" content=\"2023-10-10T07:54:59+00:00\" \/>\n<meta name=\"twitter:card\" content=\"summary_large_image\" \/>\n<meta name=\"twitter:label1\" content=\"Tiempo de lectura\" \/>\n\t<meta name=\"twitter:data1\" content=\"4 minutos\" \/>\n<script type=\"application\/ld+json\" class=\"yoast-schema-graph\">{\"@context\":\"https:\\\/\\\/schema.org\",\"@graph\":[{\"@type\":\"WebPage\",\"@id\":\"https:\\\/\\\/ibima.eu\\\/master-en-biologia-celular-y-molecular\\\/\",\"url\":\"https:\\\/\\\/ibima.eu\\\/master-en-biologia-celular-y-molecular\\\/\",\"name\":\"M\u00c1STER EN BIOLOG\u00cdA CELULAR Y MOLECULAR - Ibima\",\"isPartOf\":{\"@id\":\"https:\\\/\\\/ibima.eu\\\/es\\\/#website\"},\"datePublished\":\"2023-07-14T05:59:52+00:00\",\"dateModified\":\"2023-10-10T07:54:59+00:00\",\"breadcrumb\":{\"@id\":\"https:\\\/\\\/ibima.eu\\\/master-en-biologia-celular-y-molecular\\\/#breadcrumb\"},\"inLanguage\":\"es\",\"potentialAction\":[{\"@type\":\"ReadAction\",\"target\":[\"https:\\\/\\\/ibima.eu\\\/master-en-biologia-celular-y-molecular\\\/\"]}]},{\"@type\":\"BreadcrumbList\",\"@id\":\"https:\\\/\\\/ibima.eu\\\/master-en-biologia-celular-y-molecular\\\/#breadcrumb\",\"itemListElement\":[{\"@type\":\"ListItem\",\"position\":1,\"name\":\"Portada\",\"item\":\"https:\\\/\\\/ibima.eu\\\/es\\\/\"},{\"@type\":\"ListItem\",\"position\":2,\"name\":\"M\u00c1STER EN BIOLOG\u00cdA CELULAR Y MOLECULAR\"}]},{\"@type\":\"WebSite\",\"@id\":\"https:\\\/\\\/ibima.eu\\\/es\\\/#website\",\"url\":\"https:\\\/\\\/ibima.eu\\\/es\\\/\",\"name\":\"Ibima\",\"description\":\"\",\"potentialAction\":[{\"@type\":\"SearchAction\",\"target\":{\"@type\":\"EntryPoint\",\"urlTemplate\":\"https:\\\/\\\/ibima.eu\\\/es\\\/?s={search_term_string}\"},\"query-input\":{\"@type\":\"PropertyValueSpecification\",\"valueRequired\":true,\"valueName\":\"search_term_string\"}}],\"inLanguage\":\"es\"}]}<\/script>\n<!-- \/ Yoast SEO plugin. -->","yoast_head_json":{"title":"M\u00c1STER EN BIOLOG\u00cdA CELULAR Y MOLECULAR - Ibima","robots":{"index":"index","follow":"follow","max-snippet":"max-snippet:-1","max-image-preview":"max-image-preview:large","max-video-preview":"max-video-preview:-1"},"canonical":"https:\/\/ibima.eu\/es\/master-en-biologia-celular-y-molecular\/","og_locale":"es_ES","og_type":"article","og_title":"M\u00c1STER EN BIOLOG\u00cdA CELULAR Y MOLECULAR - Ibima","og_description":"M\u00c1STER EN BIOLOG\u00cdA CELULAR Y MOLECULARGarantizar una formaci\u00f3n multidisciplinar en el \u00e1mbito de la Biolog\u00eda Celular y la Biolog\u00eda Molecular a aquellos alumnos que acceden al Programa, a la vez que de una elevada y actualizada especializaci\u00f3n en campos cient\u00edficos concretos. Proporcionar herramientas metodol\u00f3gicas y conceptuales a futuros [&hellip;]","og_url":"https:\/\/ibima.eu\/es\/master-en-biologia-celular-y-molecular\/","og_site_name":"Ibima","article_modified_time":"2023-10-10T07:54:59+00:00","twitter_card":"summary_large_image","twitter_misc":{"Tiempo de lectura":"4 minutos"},"schema":{"@context":"https:\/\/schema.org","@graph":[{"@type":"WebPage","@id":"https:\/\/ibima.eu\/master-en-biologia-celular-y-molecular\/","url":"https:\/\/ibima.eu\/master-en-biologia-celular-y-molecular\/","name":"M\u00c1STER EN BIOLOG\u00cdA CELULAR Y MOLECULAR - Ibima","isPartOf":{"@id":"https:\/\/ibima.eu\/es\/#website"},"datePublished":"2023-07-14T05:59:52+00:00","dateModified":"2023-10-10T07:54:59+00:00","breadcrumb":{"@id":"https:\/\/ibima.eu\/master-en-biologia-celular-y-molecular\/#breadcrumb"},"inLanguage":"es","potentialAction":[{"@type":"ReadAction","target":["https:\/\/ibima.eu\/master-en-biologia-celular-y-molecular\/"]}]},{"@type":"BreadcrumbList","@id":"https:\/\/ibima.eu\/master-en-biologia-celular-y-molecular\/#breadcrumb","itemListElement":[{"@type":"ListItem","position":1,"name":"Portada","item":"https:\/\/ibima.eu\/es\/"},{"@type":"ListItem","position":2,"name":"M\u00c1STER EN BIOLOG\u00cdA CELULAR Y MOLECULAR"}]},{"@type":"WebSite","@id":"https:\/\/ibima.eu\/es\/#website","url":"https:\/\/ibima.eu\/es\/","name":"Ibima","description":"","potentialAction":[{"@type":"SearchAction","target":{"@type":"EntryPoint","urlTemplate":"https:\/\/ibima.eu\/es\/?s={search_term_string}"},"query-input":{"@type":"PropertyValueSpecification","valueRequired":true,"valueName":"search_term_string"}}],"inLanguage":"es"}]}},"_links":{"self":[{"href":"https:\/\/ibima.eu\/es\/wp-json\/wp\/v2\/pages\/1250","targetHints":{"allow":["GET"]}}],"collection":[{"href":"https:\/\/ibima.eu\/es\/wp-json\/wp\/v2\/pages"}],"about":[{"href":"https:\/\/ibima.eu\/es\/wp-json\/wp\/v2\/types\/page"}],"author":[{"embeddable":true,"href":"https:\/\/ibima.eu\/es\/wp-json\/wp\/v2\/users\/1"}],"replies":[{"embeddable":true,"href":"https:\/\/ibima.eu\/es\/wp-json\/wp\/v2\/comments?post=1250"}],"version-history":[{"count":0,"href":"https:\/\/ibima.eu\/es\/wp-json\/wp\/v2\/pages\/1250\/revisions"}],"wp:attachment":[{"href":"https:\/\/ibima.eu\/es\/wp-json\/wp\/v2\/media?parent=1250"}],"curies":[{"name":"wp","href":"https:\/\/api.w.org\/{rel}","templated":true}]}}