{"id":12732,"date":"2023-11-02T08:07:06","date_gmt":"2023-11-02T08:07:06","guid":{"rendered":"https:\/\/ibima.eu\/?page_id=12732"},"modified":"2023-12-29T10:51:24","modified_gmt":"2023-12-29T10:51:24","slug":"estabulario-de-ratas-y-ratones","status":"publish","type":"page","link":"https:\/\/ibima.eu\/es\/estabulario-de-ratas-y-ratones\/","title":{"rendered":"Estabulario de ratas y ratones"},"content":{"rendered":"<p>[et_pb_section fb_built=\u00bb1&#8243; _builder_version=\u00bb4.20.4&#8243; _module_preset=\u00bbdefault\u00bb background_image=\u00bbhttps:\/\/ibima.eu\/wp-content\/uploads\/2023\/04\/FotoWeb-min-1000&#215;500-1.jpg\u00bb global_colors_info=\u00bb{}\u00bb][et_pb_row _builder_version=\u00bb4.20.4&#8243; _module_preset=\u00bbdefault\u00bb custom_padding=\u00bb250px||30px||false|false\u00bb global_colors_info=\u00bb{}\u00bb][et_pb_column type=\u00bb4_4&#8243; _builder_version=\u00bb4.20.4&#8243; _module_preset=\u00bbdefault\u00bb global_colors_info=\u00bb{}\u00bb][et_pb_text _builder_version=\u00bb4.23&#8243; _module_preset=\u00bbdefault\u00bb header_2_font=\u00bbPoppins|700|||||||\u00bb header_2_text_color=\u00bb#FFFFFF\u00bb header_2_font_size=\u00bb46px\u00bb global_colors_info=\u00bb{}\u00bb]<\/p>\n<h2>Estabulario de rata y ratones<\/h2>\n<p>[\/et_pb_text][\/et_pb_column][\/et_pb_row][\/et_pb_section][et_pb_section fb_built=\u00bb1&#8243; _builder_version=\u00bb4.23&#8243; _module_preset=\u00bbdefault\u00bb global_colors_info=\u00bb{}\u00bb][et_pb_row column_structure=\u00bb1_2,1_2&#8243; _builder_version=\u00bb4.23&#8243; _module_preset=\u00bbdefault\u00bb custom_padding=\u00bb80px||80px||true|false\u00bb global_colors_info=\u00bb{}\u00bb][et_pb_column type=\u00bb1_2&#8243; _builder_version=\u00bb4.23&#8243; _module_preset=\u00bbdefault\u00bb global_colors_info=\u00bb{}\u00bb][et_pb_text _builder_version=\u00bb4.23&#8243; _module_preset=\u00bbdefault\u00bb text_font=\u00bbPoppins|600|||||||\u00bb text_text_color=\u00bb#40a2d1&#8243; text_font_size=\u00bb20px\u00bb global_colors_info=\u00bb{}\u00bb]<\/p>\n<p>Servicios<\/p>\n<p>[\/et_pb_text][et_pb_text _builder_version=\u00bb4.23.2&#8243; _module_preset=\u00bbdefault\u00bb custom_margin=\u00bb40px||||false|false\u00bb hover_enabled=\u00bb0&#8243; global_colors_info=\u00bb{}\u00bb sticky_enabled=\u00bb0&#8243; text_font=\u00bbPoppins||||||||\u00bb]<\/p>\n<ul>\n<li>\n<p class=\"western\"><span style=\"color: #555555;\"><span style=\"font-family: Verdana, sans-serif;\"><span style=\"font-size: medium;\">Alojamiento de ratas y ratones de laboratorio.<\/span><\/span><\/span><\/p>\n<\/li>\n<li>\n<p class=\"western\"><span style=\"color: #555555;\"><span style=\"font-family: Verdana, sans-serif;\"><span style=\"font-size: medium;\"><span>Abastecimiento centralizado de dietas para animales, viruta, serr\u00edn, jaulas, rejillas, biberones, etc.<\/span><\/span><\/span><\/span><\/p>\n<\/li>\n<li>\n<p class=\"western\"><span style=\"color: #555555;\"><span style=\"font-family: Verdana, sans-serif;\"><span style=\"font-size: medium;\">Suministro de dietas especiales para determinados estudios fisiol\u00f3gicos o patol\u00f3gicos.<\/span><\/span><\/span><\/p>\n<\/li>\n<li>\n<p class=\"western\"><span style=\"color: #555555;\"><span style=\"font-family: Verdana, sans-serif;\"><span style=\"font-size: medium;\">Servicio de gesti\u00f3n de residuos biol\u00f3gicos especiales tipo II.<\/span><\/span><\/span><\/p>\n<\/li>\n<li>\n<p class=\"western\"><span style=\"color: #555555;\"><span style=\"font-family: Verdana, sans-serif;\"><span style=\"font-size: medium;\"><span>Mantenimiento y cuidado de animales en condiciones especiales (temperatura, luz, humedad, ambiente est\u00e9ril, etc.) durante el desarrollo de los experimentos que as\u00ed lo requieran.<\/span><\/span><\/span><\/span><\/p>\n<\/li>\n<li>\n<p class=\"western\"><span style=\"color: #555555;\"><span style=\"font-family: Verdana, sans-serif;\"><span style=\"font-size: medium;\"><span>Servicio t\u00e9cnico de apoyo para la realizaci\u00f3n de procedimientos experimentales<\/span><\/span><\/span><\/span><span style=\"color: #555555;\"><span style=\"font-family: Verdana, sans-serif;\"><span style=\"font-size: medium;\"><span><span lang=\"en-US\">.<\/span><\/span><\/span><\/span><\/span><\/p>\n<\/li>\n<li>\n<p class=\"western\"><span style=\"color: #555555;\"><span style=\"font-family: Verdana, sans-serif;\"><span style=\"font-size: medium;\">Realizaci\u00f3n integral y personalizada de experimentos.<\/span><\/span><\/span><\/p>\n<\/li>\n<\/ul>\n<p>[\/et_pb_text][\/et_pb_column][et_pb_column type=\u00bb1_2&#8243; _builder_version=\u00bb4.23&#8243; _module_preset=\u00bbdefault\u00bb global_colors_info=\u00bb{}\u00bb][et_pb_text _builder_version=\u00bb4.23&#8243; _module_preset=\u00bbdefault\u00bb text_font=\u00bbPoppins|600|||||||\u00bb text_text_color=\u00bb#40a2d1&#8243; text_font_size=\u00bb20px\u00bb global_colors_info=\u00bb{}\u00bb]<\/p>\n<p>Equipamiento<\/p>\n<p>[\/et_pb_text][et_pb_text _builder_version=\u00bb4.23.2&#8243; _module_preset=\u00bbdefault\u00bb custom_padding=\u00bb40px||||false|false\u00bb hover_enabled=\u00bb0&#8243; global_colors_info=\u00bb{}\u00bb text_font=\u00bbPoppins||||||||\u00bb sticky_enabled=\u00bb0&#8243;]<\/p>\n<ul>\n<li>\n<p class=\"western\"><span style=\"color: #555555;\"><span style=\"font-family: Verdana, sans-serif;\"><span style=\"font-size: medium;\"><span>Sala alojamiento de ratas<\/span><\/span><\/span><\/span><span style=\"color: #555555;\"><span style=\"font-family: Verdana, sans-serif;\"><span style=\"font-size: medium;\"><span><span lang=\"en-US\"> con capacidad para 170 ratas.<\/span><\/span><\/span><\/span><\/span><\/p>\n<\/li>\n<li>\n<p class=\"western\"><span style=\"color: #555555;\"><span style=\"font-family: Verdana, sans-serif;\"><span style=\"font-size: medium;\"><span>Dos salas de alojamiento de ratones<\/span><\/span><\/span><\/span><span style=\"color: #555555;\"><span style=\"font-family: Verdana, sans-serif;\"><span style=\"font-size: medium;\"><span><span lang=\"en-US\"> con capacidad para 2.200 ratones<\/span><\/span><\/span><\/span><\/span><span style=\"color: #555555;\"><span style=\"font-family: Verdana, sans-serif;\"><span style=\"font-size: medium;\"><span>.<\/span><\/span><\/span><\/span><\/p>\n<\/li>\n<li>\n<p class=\"western\"><span style=\"color: #555555;\"><span style=\"font-family: Verdana, sans-serif;\"><span style=\"font-size: medium;\">Sala de cirug\u00edas.<\/span><\/span><\/span><\/p>\n<\/li>\n<li>\n<p class=\"western\"><span style=\"color: #555555;\"><span style=\"font-family: Verdana, sans-serif;\"><span style=\"font-size: medium;\"><\/span><\/span><\/span><span style=\"color: #555555;\"><span style=\"font-family: Verdana, sans-serif;\"><span style=\"font-size: medium;\">3 Unidades de Ventilaci\u00f3n Smartflow Tecniplast.<\/span><\/span><\/span><span style=\"color: #555555;\"><span style=\"font-family: Verdana, sans-serif;\"><span style=\"font-size: medium;\"><\/span><\/span><\/span><\/p>\n<\/li>\n<li>\n<p class=\"western\"><span style=\"color: #555555;\"><span style=\"font-family: Verdana, sans-serif;\"><span style=\"font-size: medium;\"><\/span><\/span><\/span><span style=\"color: #555555;\"><span style=\"font-family: Verdana, sans-serif;\"><span style=\"font-size: medium;\"><span>10 Racks con microaisladores ventilados Tecniplast de distintos tama\u00f1os.<\/span><\/span><\/span><\/span><\/p>\n<\/li>\n<li>\n<p class=\"western\"><span style=\"color: #555555;\"><span style=\"font-family: Verdana, sans-serif;\"><span style=\"font-size: medium;\"><span><\/span><\/span><\/span><\/span><span style=\"color: #555555;\"><span style=\"font-family: Verdana, sans-serif;\"><span style=\"font-size: medium;\"><span>Autoclave Systec DX-200.<\/span><\/span><\/span><\/span><\/p>\n<\/li>\n<li>\n<p class=\"western\"><span style=\"color: #555555;\"><span style=\"font-family: Verdana, sans-serif;\"><span style=\"font-size: medium;\"><span><\/span><\/span><\/span><\/span><span style=\"color: #555555;\"><span style=\"font-family: Verdana, sans-serif;\"><span style=\"font-size: medium;\">Cabina de seguridad Biolog\u00edca, clase II, ESCO.<\/span><\/span><\/span><\/p>\n<\/li>\n<li>\n<p class=\"western\"><span style=\"color: #555555;\"><span style=\"font-family: Verdana, sans-serif;\"><span style=\"font-size: medium;\"><\/span><\/span><\/span><span style=\"color: #555555;\"><span style=\"font-family: Verdana, sans-serif;\"><span style=\"font-size: medium;\">Estaci\u00f3n de cambio CS5 EVO, Tecniplast.<\/span><\/span><\/span><\/p>\n<\/li>\n<li>\n<p class=\"western\"><span style=\"color: #555555;\"><span style=\"font-family: Verdana, sans-serif;\"><span style=\"font-size: medium;\"><\/span><\/span><\/span><span style=\"color: #555555;\"><span style=\"font-family: Verdana, sans-serif;\"><span style=\"font-size: medium;\"><span>Equipo de anestesia Cibertec CA-EAC20 para usar con Isoflurano y Sevoflurano, sistema de aspiraci\u00f3n y filtrado Cibertec CA-AG1000, c\u00e1mara de inducci\u00f3n CA-CIS4, mascarilla con tabla de cirug\u00eda CA-MRS4.<\/span><\/span><\/span><\/span><\/p>\n<\/li>\n<li>\n<p class=\"western\"><span style=\"color: #555555;\"><span style=\"font-family: Verdana, sans-serif;\"><span style=\"font-size: medium;\"><span><\/span><\/span><\/span><\/span><span style=\"color: #555555;\"><span style=\"font-family: Verdana, sans-serif;\"><span style=\"font-size: medium;\">Sistema de descontaminaci\u00f3n por per\u00f3xido de hidr\u00f3geno, Aeroturbex.<\/span><\/span><\/span><\/p>\n<\/li>\n<\/ul>\n<ul><\/ul>\n<p>[\/et_pb_text][\/et_pb_column][\/et_pb_row][\/et_pb_section][et_pb_section fb_built=\u00bb1&#8243; _builder_version=\u00bb4.20.4&#8243; _module_preset=\u00bbdefault\u00bb background_color=\u00bb#235b78&#8243; custom_padding=\u00bb30px||30px||true|false\u00bb global_colors_info=\u00bb{}\u00bb][et_pb_row _builder_version=\u00bb4.20.4&#8243; _module_preset=\u00bbdefault\u00bb global_colors_info=\u00bb{}\u00bb][et_pb_column type=\u00bb4_4&#8243; _builder_version=\u00bb4.20.4&#8243; _module_preset=\u00bbdefault\u00bb global_colors_info=\u00bb{}\u00bb][et_pb_text _builder_version=\u00bb4.20.4&#8243; _module_preset=\u00bbdefault\u00bb header_3_font=\u00bbPoppins|700|||||||\u00bb header_3_text_color=\u00bb#FFFFFF\u00bb header_3_font_size=\u00bb34px\u00bb global_colors_info=\u00bb{}\u00bb]<\/p>\n<h3>Centro de Experimentaci\u00f3n Animal y Conducta Animal<\/h3>\n<p>[\/et_pb_text][\/et_pb_column][\/et_pb_row][\/et_pb_section][et_pb_section fb_built=\u00bb1&#8243; _builder_version=\u00bb4.20.4&#8243; _module_preset=\u00bbdefault\u00bb global_colors_info=\u00bb{}\u00bb][et_pb_row _builder_version=\u00bb4.20.4&#8243; _module_preset=\u00bbdefault\u00bb custom_padding=\u00bb50px||50px||true|false\u00bb global_colors_info=\u00bb{}\u00bb][et_pb_column type=\u00bb4_4&#8243; _builder_version=\u00bb4.20.4&#8243; _module_preset=\u00bbdefault\u00bb global_colors_info=\u00bb{}\u00bb][et_pb_text _builder_version=\u00bb4.23.2&#8243; _module_preset=\u00bbdefault\u00bb hover_enabled=\u00bb0&#8243; global_colors_info=\u00bb{}\u00bb text_font=\u00bbPoppins||||||||\u00bb sticky_enabled=\u00bb0&#8243;]<\/p>\n<p style=\"text-align: justify;\">Los investigadores del Instituto disponen del Centro de Experimentaci\u00f3n Animal y Conducta Animal de la Universidad de M\u00e1laga para el mantenimiento, cr\u00eda y estabulaci\u00f3n de los animales objeto de los distintos procedimientos experimentales correspondientes a los proyectos de investigaci\u00f3n en curso.<\/p>\n<p>[\/et_pb_text][\/et_pb_column][\/et_pb_row][\/et_pb_section][et_pb_section fb_built=\u00bb1&#8243; _builder_version=\u00bb4.20.4&#8243; _module_preset=\u00bbdefault\u00bb global_colors_info=\u00bb{}\u00bb][et_pb_row _builder_version=\u00bb4.20.4&#8243; _module_preset=\u00bbdefault\u00bb width=\u00bb70%\u00bb min_height=\u00bb827px\u00bb custom_padding=\u00bb80px||80px||true|false\u00bb global_colors_info=\u00bb{}\u00bb][et_pb_column type=\u00bb4_4&#8243; _builder_version=\u00bb4.20.4&#8243; _module_preset=\u00bbdefault\u00bb global_colors_info=\u00bb{}\u00bb][et_pb_accordion open_toggle_text_color=\u00bb#41a7d4&#8243; open_toggle_background_color=\u00bb#f2f2f2&#8243; closed_toggle_background_color=\u00bb#41a7d4&#8243; icon_color=\u00bb#FFFFFF\u00bb _builder_version=\u00bb4.23.2&#8243; _module_preset=\u00bbdefault\u00bb toggle_text_color=\u00bb#FFFFFF\u00bb toggle_font=\u00bbPoppins|600|||||||\u00bb toggle_font_size=\u00bb18px\u00bb closed_toggle_font=\u00bbPoppins|600|||||||\u00bb closed_toggle_font_size=\u00bb18px\u00bb hover_enabled=\u00bb0&#8243; global_colors_info=\u00bb{}\u00bb body_font=\u00bbPoppins||||||||\u00bb sticky_enabled=\u00bb0&#8243;][et_pb_accordion_item title=\u00bbServicios\u00bb open=\u00bboff\u00bb _builder_version=\u00bb4.20.4&#8243; _module_preset=\u00bbdefault\u00bb global_colors_info=\u00bb{}\u00bb]<\/p>\n<ul>\n<li>\n<p class=\"western\"><span style=\"color: #212529;\"><span style=\"font-family: Verdana, sans-serif;\"><span style=\"font-size: medium;\">Alojamiento\u00a0 y cuidado de animales de laboratorio de las especies:<\/span><\/span><\/span><\/p>\n<ul>\n<li>\n<p class=\"western\"><span style=\"color: #212529;\"><span style=\"font-family: Verdana, sans-serif;\"><span style=\"font-size: medium;\">Rat\u00f3n<\/span><\/span><\/span><\/p>\n<\/li>\n<li>\n<p class=\"western\"><span style=\"color: #212529;\"><span style=\"font-family: Verdana, sans-serif;\"><span style=\"font-size: medium;\">Rata<\/span><\/span><\/span><\/p>\n<\/li>\n<li>\n<p class=\"western\"><span style=\"color: #212529;\"><span style=\"font-family: Verdana, sans-serif;\"><span style=\"font-size: medium;\">Cobayo<\/span><\/span><\/span><\/p>\n<\/li>\n<li>\n<p class=\"western\"><span style=\"color: #212529;\"><span style=\"font-family: Verdana, sans-serif;\"><span style=\"font-size: medium;\">Conejo<\/span><\/span><\/span><\/p>\n<\/li>\n<li>\n<p class=\"western\"><span style=\"color: #212529;\"><span style=\"font-family: Verdana, sans-serif;\"><span style=\"font-size: medium;\">Pez cebra<\/span><\/span><\/span><\/p>\n<\/li>\n<li>\n<p class=\"western\"><span style=\"color: #212529;\"><span style=\"font-family: Verdana, sans-serif;\"><span style=\"font-size: medium;\">Xenopus<\/span><\/span><\/span><\/p>\n<\/li>\n<\/ul>\n<\/li>\n<\/ul>\n<ul>\n<li>\n<p class=\"western\"><span style=\"color: #212529;\"><span style=\"font-family: Verdana, sans-serif;\"><span style=\"font-size: medium;\">Alojamiento en condiciones especiales:<\/span><\/span><\/span><\/p>\n<ul>\n<li>\n<p class=\"western\"><span style=\"color: #212529;\"><span style=\"font-family: Verdana, sans-serif;\"><span style=\"font-size: medium;\">Cr\u00eda de animales en status SPF<\/span><\/span><\/span><\/p>\n<\/li>\n<li>\n<p class=\"western\"><span style=\"color: #212529;\"><span style=\"font-family: Verdana, sans-serif;\"><span style=\"font-size: medium;\">Animales inmunodeprimidos.<\/span><\/span><\/span><\/p>\n<\/li>\n<li>\n<p class=\"western\"><span style=\"color: #212529;\"><span style=\"font-family: Verdana, sans-serif;\"><span style=\"font-size: medium;\">Animales en cuarentena.<\/span><\/span><\/span><\/p>\n<\/li>\n<li>\n<p class=\"western\"><span style=\"color: #212529;\"><span style=\"font-family: Verdana, sans-serif;\"><span style=\"font-size: medium;\">Ciclos modificados.<\/span><\/span><\/span><\/p>\n<\/li>\n<\/ul>\n<\/li>\n<\/ul>\n<ul>\n<li>\n<p class=\"western\"><span style=\"color: #212529;\"><span style=\"font-family: Verdana, sans-serif;\"><span style=\"font-size: medium;\">Servicio de cr\u00eda y mantenimiento de l\u00edneas.<\/span><\/span><\/span><\/p>\n<\/li>\n<li>\n<p class=\"western\"><span style=\"color: #212529;\"><span style=\"font-family: Verdana, sans-serif;\"><span style=\"font-size: medium;\">Realizaci\u00f3n de procedimientos experimentales por t\u00e9cnicos especializados.<\/span><\/span><\/span><\/p>\n<\/li>\n<li>\n<p class=\"western\"><span style=\"color: #212529;\"><span style=\"font-family: Verdana, sans-serif;\"><span style=\"font-size: medium;\">Equipos avanzados de experimentaci\u00f3n, conducta y cirug\u00eda.<\/span><\/span><\/span><\/p>\n<\/li>\n<li>\n<p class=\"western\"><span style=\"color: #212529;\"><span style=\"font-family: Verdana, sans-serif;\"><span style=\"font-size: medium;\">Asesoramiento y apoyo en la realizaci\u00f3n de procedimientos.<\/span><\/span><\/span><\/p>\n<\/li>\n<\/ul>\n<p>[\/et_pb_accordion_item][et_pb_accordion_item title=\u00bbInstalaciones\u00bb _builder_version=\u00bb4.20.4&#8243; _module_preset=\u00bbdefault\u00bb global_colors_info=\u00bb{}\u00bb open=\u00bbon\u00bb]<\/p>\n<ul>\n<ul>\n<li>\n<p><span style=\"color: #555555;\"><span style=\"font-family: Verdana, sans-serif;\"><span style=\"font-size: medium;\">Unidad de Cr\u00eda de animales bajo barrera biol\u00f3gica en estatus SPF<\/span><\/span><\/span><\/p>\n<\/li>\n<li>\n<p><span style=\"color: #555555;\"><span style=\"font-family: Verdana, sans-serif;\"><span style=\"font-size: medium;\">Laboratorio de procesado de muestras<\/span><\/span><\/span><\/p>\n<\/li>\n<li>\n<p><span style=\"color: #555555;\"><span style=\"font-family: Verdana, sans-serif;\"><span style=\"font-size: medium;\">Servicio de reserva y uso de instalaciones destinadas a procedimientos quir\u00fargicos animales<\/span><\/span><\/span><\/p>\n<\/li>\n<li>\n<p><span style=\"font-family: Times New Roman, serif;\"><span style=\"font-size: medium;\"><span style=\"color: #555555;\"><span style=\"font-family: Verdana, sans-serif;\"><span>Servicio de reserva y uso de instalaciones para la realizaci\u00f3n de estudios comportamentales<\/span><\/span><\/span><\/span><\/span><\/p>\n<\/li>\n<\/ul>\n<\/ul>\n<p>[\/et_pb_accordion_item][\/et_pb_accordion][\/et_pb_column][\/et_pb_row][\/et_pb_section][et_pb_section fb_built=\u00bb1&#8243; _builder_version=\u00bb4.23.2&#8243; _module_preset=\u00bbdefault\u00bb background_color=\u00bb#235b78&#8243; custom_padding=\u00bb30px||30px||true|false\u00bb global_colors_info=\u00bb{}\u00bb][et_pb_row _builder_version=\u00bb4.20.4&#8243; _module_preset=\u00bbdefault\u00bb global_colors_info=\u00bb{}\u00bb][et_pb_column type=\u00bb4_4&#8243; _builder_version=\u00bb4.20.4&#8243; _module_preset=\u00bbdefault\u00bb global_colors_info=\u00bb{}\u00bb][et_pb_text _builder_version=\u00bb4.20.4&#8243; _module_preset=\u00bbdefault\u00bb header_3_font=\u00bbPoppins|700|||||||\u00bb header_3_text_color=\u00bb#FFFFFF\u00bb header_3_font_size=\u00bb34px\u00bb global_colors_info=\u00bb{}\u00bb]<\/p>\n<h3>Contacto<\/h3>\n<p>[\/et_pb_text][\/et_pb_column][\/et_pb_row][\/et_pb_section][et_pb_section fb_built=\u00bb1&#8243; _builder_version=\u00bb4.20.4&#8243; _module_preset=\u00bbdefault\u00bb background_color=\u00bb#f4f4f4&#8243; custom_margin=\u00bb5px||||false|false\u00bb custom_padding=\u00bb||||false|false\u00bb global_colors_info=\u00bb{}\u00bb][et_pb_row column_structure=\u00bb1_3,1_3,1_3&#8243; make_equal=\u00bbon\u00bb _builder_version=\u00bb4.23.2&#8243; _module_preset=\u00bbdefault\u00bb background_color=\u00bb#235b78&#8243; width=\u00bb100%\u00bb custom_margin=\u00bb||||false|false\u00bb global_colors_info=\u00bb{}\u00bb][et_pb_column type=\u00bb1_3&#8243; _builder_version=\u00bb4.20.4&#8243; _module_preset=\u00bbdefault\u00bb global_colors_info=\u00bb{}\u00bb][\/et_pb_column][et_pb_column type=\u00bb1_3&#8243; _builder_version=\u00bb4.20.4&#8243; _module_preset=\u00bbdefault\u00bb global_colors_info=\u00bb{}\u00bb][et_pb_blurb title=\u00bbRicardo Gonz\u00e1lez Carrascosa\u00bb image=\u00bbhttps:\/\/ibima.eu\/wp-content\/uploads\/2023\/06\/ECAICarrascosa.jpg\u00bb image_icon_width=\u00bb54%\u00bb _builder_version=\u00bb4.23.2&#8243; _module_preset=\u00bbdefault\u00bb header_font=\u00bbPoppins|700|||||||\u00bb header_text_align=\u00bbcenter\u00bb header_text_color=\u00bb#43a5d3&#8243; header_font_size=\u00bb24px\u00bb body_font=\u00bbMontserrat||||||||\u00bb body_text_align=\u00bbcenter\u00bb body_text_color=\u00bb#FFFFFF\u00bb body_font_size=\u00bb18px\u00bb background_color=\u00bb#2a627d\u00bb image_icon_custom_margin=\u00bb30px||||false|false\u00bb module_alignment=\u00bbcenter\u00bb custom_padding=\u00bb|30px|31px|30px|false|true\u00bb border_radii_image=\u00bbon|200px|200px|200px|200px\u00bb global_colors_info=\u00bb{}\u00bb]<\/p>\n<p style=\"text-align: center;\">Coordinador de la Plataforma Experimentaci\u00f3n Animal<\/p>\n<p style=\"text-align: center;\"><a href=\"mailto:%20estab@uma.es\">estab@uma.es<\/a><\/p>\n<p>[\/et_pb_blurb][\/et_pb_column][et_pb_column type=\u00bb1_3&#8243; _builder_version=\u00bb4.20.4&#8243; _module_preset=\u00bbdefault\u00bb global_colors_info=\u00bb{}\u00bb][\/et_pb_column][\/et_pb_row][\/et_pb_section]<\/p>\n","protected":false},"excerpt":{"rendered":"<p>Estabulario de rata y ratonesServicios Alojamiento de ratas y ratones de laboratorio. Abastecimiento centralizado de dietas para animales, viruta, serr\u00edn, jaulas, rejillas, biberones, etc. Suministro de dietas especiales para determinados estudios fisiol\u00f3gicos o patol\u00f3gicos. Servicio de gesti\u00f3n de residuos biol\u00f3gicos especiales tipo II. Mantenimiento y cuidado de animales en condiciones especiales (temperatura, luz, humedad, ambiente [&hellip;]<\/p>\n","protected":false},"author":1,"featured_media":0,"parent":0,"menu_order":0,"comment_status":"closed","ping_status":"closed","template":"","meta":{"_acf_changed":false,"_et_pb_use_builder":"on","_et_pb_old_content":"","_et_gb_content_width":"","footnotes":""},"class_list":["post-12732","page","type-page","status-publish","hentry"],"acf":[],"yoast_head":"<!-- This site is optimized with the Yoast SEO plugin v27.6 - https:\/\/yoast.com\/product\/yoast-seo-wordpress\/ -->\n<title>Estabulario de ratas y ratones - Ibima<\/title>\n<meta name=\"robots\" content=\"index, follow, max-snippet:-1, max-image-preview:large, max-video-preview:-1\" \/>\n<link rel=\"canonical\" href=\"https:\/\/ibima.eu\/es\/estabulario-de-ratas-y-ratones\/\" \/>\n<meta property=\"og:locale\" content=\"es_ES\" \/>\n<meta property=\"og:type\" content=\"article\" \/>\n<meta property=\"og:title\" content=\"Estabulario de ratas y ratones - Ibima\" \/>\n<meta property=\"og:description\" content=\"Estabulario de rata y ratonesServicios Alojamiento de ratas y ratones de laboratorio. Abastecimiento centralizado de dietas para animales, viruta, serr\u00edn, jaulas, rejillas, biberones, etc. Suministro de dietas especiales para determinados estudios fisiol\u00f3gicos o patol\u00f3gicos. Servicio de gesti\u00f3n de residuos biol\u00f3gicos especiales tipo II. Mantenimiento y cuidado de animales en condiciones especiales (temperatura, luz, humedad, ambiente [&hellip;]\" \/>\n<meta property=\"og:url\" content=\"https:\/\/ibima.eu\/es\/estabulario-de-ratas-y-ratones\/\" \/>\n<meta property=\"og:site_name\" content=\"Ibima\" \/>\n<meta property=\"article:modified_time\" content=\"2023-12-29T10:51:24+00:00\" \/>\n<meta name=\"twitter:card\" content=\"summary_large_image\" \/>\n<meta name=\"twitter:label1\" content=\"Tiempo de lectura\" \/>\n\t<meta name=\"twitter:data1\" content=\"6 minutos\" \/>\n<script type=\"application\/ld+json\" class=\"yoast-schema-graph\">{\"@context\":\"https:\\\/\\\/schema.org\",\"@graph\":[{\"@type\":\"WebPage\",\"@id\":\"https:\\\/\\\/ibima.eu\\\/estabulario-de-ratas-y-ratones\\\/\",\"url\":\"https:\\\/\\\/ibima.eu\\\/estabulario-de-ratas-y-ratones\\\/\",\"name\":\"Estabulario de ratas y ratones - Ibima\",\"isPartOf\":{\"@id\":\"https:\\\/\\\/ibima.eu\\\/es\\\/#website\"},\"datePublished\":\"2023-11-02T08:07:06+00:00\",\"dateModified\":\"2023-12-29T10:51:24+00:00\",\"breadcrumb\":{\"@id\":\"https:\\\/\\\/ibima.eu\\\/estabulario-de-ratas-y-ratones\\\/#breadcrumb\"},\"inLanguage\":\"es\",\"potentialAction\":[{\"@type\":\"ReadAction\",\"target\":[\"https:\\\/\\\/ibima.eu\\\/estabulario-de-ratas-y-ratones\\\/\"]}]},{\"@type\":\"BreadcrumbList\",\"@id\":\"https:\\\/\\\/ibima.eu\\\/estabulario-de-ratas-y-ratones\\\/#breadcrumb\",\"itemListElement\":[{\"@type\":\"ListItem\",\"position\":1,\"name\":\"Portada\",\"item\":\"https:\\\/\\\/ibima.eu\\\/es\\\/\"},{\"@type\":\"ListItem\",\"position\":2,\"name\":\"Estabulario de ratas y ratones\"}]},{\"@type\":\"WebSite\",\"@id\":\"https:\\\/\\\/ibima.eu\\\/es\\\/#website\",\"url\":\"https:\\\/\\\/ibima.eu\\\/es\\\/\",\"name\":\"Ibima\",\"description\":\"\",\"potentialAction\":[{\"@type\":\"SearchAction\",\"target\":{\"@type\":\"EntryPoint\",\"urlTemplate\":\"https:\\\/\\\/ibima.eu\\\/es\\\/?s={search_term_string}\"},\"query-input\":{\"@type\":\"PropertyValueSpecification\",\"valueRequired\":true,\"valueName\":\"search_term_string\"}}],\"inLanguage\":\"es\"}]}<\/script>\n<!-- \/ Yoast SEO plugin. -->","yoast_head_json":{"title":"Estabulario de ratas y ratones - Ibima","robots":{"index":"index","follow":"follow","max-snippet":"max-snippet:-1","max-image-preview":"max-image-preview:large","max-video-preview":"max-video-preview:-1"},"canonical":"https:\/\/ibima.eu\/es\/estabulario-de-ratas-y-ratones\/","og_locale":"es_ES","og_type":"article","og_title":"Estabulario de ratas y ratones - Ibima","og_description":"Estabulario de rata y ratonesServicios Alojamiento de ratas y ratones de laboratorio. Abastecimiento centralizado de dietas para animales, viruta, serr\u00edn, jaulas, rejillas, biberones, etc. Suministro de dietas especiales para determinados estudios fisiol\u00f3gicos o patol\u00f3gicos. Servicio de gesti\u00f3n de residuos biol\u00f3gicos especiales tipo II. Mantenimiento y cuidado de animales en condiciones especiales (temperatura, luz, humedad, ambiente [&hellip;]","og_url":"https:\/\/ibima.eu\/es\/estabulario-de-ratas-y-ratones\/","og_site_name":"Ibima","article_modified_time":"2023-12-29T10:51:24+00:00","twitter_card":"summary_large_image","twitter_misc":{"Tiempo de lectura":"6 minutos"},"schema":{"@context":"https:\/\/schema.org","@graph":[{"@type":"WebPage","@id":"https:\/\/ibima.eu\/estabulario-de-ratas-y-ratones\/","url":"https:\/\/ibima.eu\/estabulario-de-ratas-y-ratones\/","name":"Estabulario de ratas y ratones - Ibima","isPartOf":{"@id":"https:\/\/ibima.eu\/es\/#website"},"datePublished":"2023-11-02T08:07:06+00:00","dateModified":"2023-12-29T10:51:24+00:00","breadcrumb":{"@id":"https:\/\/ibima.eu\/estabulario-de-ratas-y-ratones\/#breadcrumb"},"inLanguage":"es","potentialAction":[{"@type":"ReadAction","target":["https:\/\/ibima.eu\/estabulario-de-ratas-y-ratones\/"]}]},{"@type":"BreadcrumbList","@id":"https:\/\/ibima.eu\/estabulario-de-ratas-y-ratones\/#breadcrumb","itemListElement":[{"@type":"ListItem","position":1,"name":"Portada","item":"https:\/\/ibima.eu\/es\/"},{"@type":"ListItem","position":2,"name":"Estabulario de ratas y ratones"}]},{"@type":"WebSite","@id":"https:\/\/ibima.eu\/es\/#website","url":"https:\/\/ibima.eu\/es\/","name":"Ibima","description":"","potentialAction":[{"@type":"SearchAction","target":{"@type":"EntryPoint","urlTemplate":"https:\/\/ibima.eu\/es\/?s={search_term_string}"},"query-input":{"@type":"PropertyValueSpecification","valueRequired":true,"valueName":"search_term_string"}}],"inLanguage":"es"}]}},"_links":{"self":[{"href":"https:\/\/ibima.eu\/es\/wp-json\/wp\/v2\/pages\/12732","targetHints":{"allow":["GET"]}}],"collection":[{"href":"https:\/\/ibima.eu\/es\/wp-json\/wp\/v2\/pages"}],"about":[{"href":"https:\/\/ibima.eu\/es\/wp-json\/wp\/v2\/types\/page"}],"author":[{"embeddable":true,"href":"https:\/\/ibima.eu\/es\/wp-json\/wp\/v2\/users\/1"}],"replies":[{"embeddable":true,"href":"https:\/\/ibima.eu\/es\/wp-json\/wp\/v2\/comments?post=12732"}],"version-history":[{"count":0,"href":"https:\/\/ibima.eu\/es\/wp-json\/wp\/v2\/pages\/12732\/revisions"}],"wp:attachment":[{"href":"https:\/\/ibima.eu\/es\/wp-json\/wp\/v2\/media?parent=12732"}],"curies":[{"name":"wp","href":"https:\/\/api.w.org\/{rel}","templated":true}]}}