{"id":1287,"date":"2023-07-14T07:31:00","date_gmt":"2023-07-14T07:31:00","guid":{"rendered":"https:\/\/prueba.ibima.eu\/?page_id=1287"},"modified":"2023-10-10T07:35:33","modified_gmt":"2023-10-10T07:35:33","slug":"movilidad-y-estancias","status":"publish","type":"page","link":"https:\/\/ibima.eu\/es\/movilidad-y-estancias\/","title":{"rendered":"Movilidad y estancias"},"content":{"rendered":"<p>[et_pb_section fb_built=\u00bb1&#8243; _builder_version=\u00bb4.20.4&#8243; _module_preset=\u00bbdefault\u00bb background_image=\u00bbhttps:\/\/ibima.eu\/wp-content\/uploads\/2023\/07\/viajes.jpg\u00bb custom_padding=\u00bb200px||||false|false\u00bb global_colors_info=\u00bb{}\u00bb][et_pb_row column_structure=\u00bb1_2,1_2&#8243; _builder_version=\u00bb4.20.4&#8243; _module_preset=\u00bbdefault\u00bb custom_padding=\u00bb||80px||false|false\u00bb global_colors_info=\u00bb{}\u00bb][et_pb_column type=\u00bb1_2&#8243; _builder_version=\u00bb4.20.4&#8243; _module_preset=\u00bbdefault\u00bb global_colors_info=\u00bb{}\u00bb][\/et_pb_column][et_pb_column type=\u00bb1_2&#8243; _builder_version=\u00bb4.20.4&#8243; _module_preset=\u00bbdefault\u00bb custom_padding=\u00bb||||false|false\u00bb global_colors_info=\u00bb{}\u00bb][et_pb_text _builder_version=\u00bb4.20.4&#8243; _module_preset=\u00bbdefault\u00bb header_font=\u00bbPoppins|700|||||||\u00bb header_text_color=\u00bb#105e7c\u00bb header_3_font=\u00bbPoppins|600|||||||\u00bb header_3_text_align=\u00bbcenter\u00bb header_3_text_color=\u00bb#105e7c\u00bb header_3_font_size=\u00bb23px\u00bb custom_margin=\u00bb650px||||false|false\u00bb custom_padding=\u00bb||||false|false\u00bb hover_enabled=\u00bb0&#8243; global_colors_info=\u00bb{}\u00bb custom_margin_last_edited=\u00bbon|tablet\u00bb custom_margin_tablet=\u00bb1000px||||false|false\u00bb sticky_enabled=\u00bb0&#8243; custom_margin_phone=\u00bb1000px||||false|false\u00bb]<\/p>\n<h3>PLAN PROPIO DE MOVILIDAD IBIMA PLATAFORMA BIONAND<\/h3>\n<p>[\/et_pb_text][et_pb_text _builder_version=\u00bb4.20.4&#8243; _module_preset=\u00bbdefault\u00bb text_font_size=\u00bb16px\u00bb text_orientation=\u00bbjustified\u00bb custom_margin=\u00bb30px||||false|false\u00bb global_colors_info=\u00bb{}\u00bb]<\/p>\n<p>El Plan propio de IBIMA Plataforma BIONAND tiene el objetivo de favorecer e impulsar la movilidad de los m\u00e9dicos j\u00f3venes especialistas, investigadores predoctorales, posdoctorales, emergentes, otros investigadores, facultativos y personal de enfermer\u00eda para realizar estancias de movilidad con el fin de permitir la actualizaci\u00f3n de los conocimiento o el aprendizaje de nuevas t\u00e9cnicas y m\u00e9todos para la investigaci\u00f3n, mejorando su competitividad, posibilitando nuevos v\u00ednculos acad\u00e9micos y fortaleciendo los existentes, posicionando al Instituto en el primer plano internacional como generador y generador de talento. Para m\u00e1s informaci\u00f3n, puede consultar:<\/p>\n<p>[\/et_pb_text][et_pb_button button_text=\u00bbAyudas activas para la Movilidad y Estancias\u00bb button_alignment=\u00bbcenter\u00bb _builder_version=\u00bb4.20.4&#8243; _module_preset=\u00bbdefault\u00bb custom_button=\u00bbon\u00bb button_text_color=\u00bb#FFFFFF\u00bb button_bg_color=\u00bb#41a7d4&#8243; button_border_width=\u00bb0px\u00bb button_border_radius=\u00bb5px\u00bb button_font=\u00bbPoppins||||||||\u00bb custom_margin=\u00bb30px||||false|false\u00bb global_colors_info=\u00bb{}\u00bb][\/et_pb_button][et_pb_text _builder_version=\u00bb4.20.4&#8243; _module_preset=\u00bbdefault\u00bb header_font=\u00bbPoppins|700|||||||\u00bb header_text_color=\u00bb#105e7c\u00bb header_3_font=\u00bbPoppins|600|||||||\u00bb header_3_text_align=\u00bbcenter\u00bb header_3_text_color=\u00bb#105e7c\u00bb header_3_font_size=\u00bb23px\u00bb custom_margin=\u00bb100px||||false|false\u00bb global_colors_info=\u00bb{}\u00bb]<\/p>\n<h3>PLAN PROPIO DE MOVILIDAD IBIMA PLATAFORMA BIONAND<\/h3>\n<p>[\/et_pb_text][et_pb_text _builder_version=\u00bb4.20.4&#8243; _module_preset=\u00bbdefault\u00bb text_font_size=\u00bb16px\u00bb text_orientation=\u00bbjustified\u00bb custom_margin=\u00bb30px||||false|false\u00bb global_colors_info=\u00bb{}\u00bb]Puedes consultar todos los programas relacionados con Movilidad de la Universidad de M\u00e1laga donde encontrar\u00e1s toda la informaci\u00f3n sobre:[\/et_pb_text][dsm_icon_list _builder_version=\u00bb4.20.4&#8243; _module_preset=\u00bbdefault\u00bb global_colors_info=\u00bb{}\u00bb][dsm_icon_list_child text=\u00bbErasmus +\u00bb font_icon=\u00bb&#x24;||divi||400&#8243; icon_color=\u00bb#41a7d4&#8243; icon_font_size=\u00bb28px\u00bb url=\u00bbhttps:\/\/www.uma.es\/relaciones-internacionales\/info\/105727\/erasmus\/\u00bb url_new_window=\u00bbon\u00bb _builder_version=\u00bb4.20.4&#8243; _module_preset=\u00bbdefault\u00bb text_font=\u00bbPoppins||||||||\u00bb text_text_color=\u00bb#105e7c\u00bb text_font_size=\u00bb17px\u00bb custom_margin=\u00bb30px||||false|false\u00bb global_colors_info=\u00bb{}\u00bb][\/dsm_icon_list_child][dsm_icon_list_child text=\u00bbCooperaci\u00f3n internacional\u00bb font_icon=\u00bb&#x24;||divi||400&#8243; icon_color=\u00bb#41a7d4&#8243; icon_font_size=\u00bb28px\u00bb url=\u00bbhttps:\/\/www.uma.es\/relaciones-internacionales\/info\/106725\/cooperacion-internacional\/\u00bb url_new_window=\u00bbon\u00bb _builder_version=\u00bb4.20.4&#8243; _module_preset=\u00bbdefault\u00bb text_font=\u00bbPoppins||||||||\u00bb text_text_color=\u00bb#105e7c\u00bb text_font_size=\u00bb17px\u00bb custom_margin=\u00bb30px||||false|false\u00bb global_colors_info=\u00bb{}\u00bb][\/dsm_icon_list_child][dsm_icon_list_child text=\u00bbPr\u00e1cticas internacionales\u00bb font_icon=\u00bb&#x24;||divi||400&#8243; icon_color=\u00bb#41a7d4&#8243; icon_font_size=\u00bb28px\u00bb url=\u00bbhttps:\/\/www.uma.es\/relaciones-internacionales\/cms\/menu\/convenios-y-proyectos\/\u00bb url_new_window=\u00bbon\u00bb _builder_version=\u00bb4.20.4&#8243; _module_preset=\u00bbdefault\u00bb text_font=\u00bbPoppins||||||||\u00bb text_text_color=\u00bb#105e7c\u00bb text_font_size=\u00bb17px\u00bb custom_margin=\u00bb30px||||false|false\u00bb global_colors_info=\u00bb{}\u00bb][\/dsm_icon_list_child][dsm_icon_list_child text=\u00bbConvenios y proyectos\u00bb font_icon=\u00bb&#x24;||divi||400&#8243; icon_color=\u00bb#41a7d4&#8243; icon_font_size=\u00bb28px\u00bb url=\u00bbhttps:\/\/www.uma.es\/relaciones-internacionales\/cms\/menu\/convenios-y-proyectos\/\u00bb url_new_window=\u00bbon\u00bb _builder_version=\u00bb4.20.4&#8243; _module_preset=\u00bbdefault\u00bb text_font=\u00bbPoppins||||||||\u00bb text_text_color=\u00bb#105e7c\u00bb text_font_size=\u00bb17px\u00bb custom_margin=\u00bb30px||||false|false\u00bb global_colors_info=\u00bb{}\u00bb][\/dsm_icon_list_child][dsm_icon_list_child text=\u00bbOtras movilidades\u00bb font_icon=\u00bb&#x24;||divi||400&#8243; icon_color=\u00bb#41a7d4&#8243; icon_font_size=\u00bb28px\u00bb url=\u00bbhttps:\/\/www.uma.es\/relaciones-internacionales\/cms\/menu\/otras-movilidades\/\u00bb url_new_window=\u00bbon\u00bb _builder_version=\u00bb4.20.4&#8243; _module_preset=\u00bbdefault\u00bb text_font=\u00bbPoppins||||||||\u00bb text_text_color=\u00bb#105e7c\u00bb text_font_size=\u00bb17px\u00bb custom_margin=\u00bb30px||||false|false\u00bb global_colors_info=\u00bb{}\u00bb][\/dsm_icon_list_child][\/dsm_icon_list][\/et_pb_column][\/et_pb_row][\/et_pb_section]<\/p>\n","protected":false},"excerpt":{"rendered":"<p>PLAN PROPIO DE MOVILIDAD IBIMA PLATAFORMA BIONANDEl Plan propio de IBIMA Plataforma BIONAND tiene el objetivo de favorecer e impulsar la movilidad de los m\u00e9dicos j\u00f3venes especialistas, investigadores predoctorales, posdoctorales, emergentes, otros investigadores, facultativos y personal de enfermer\u00eda para realizar estancias de movilidad con el fin de permitir la actualizaci\u00f3n de los conocimiento o el [&hellip;]<\/p>\n","protected":false},"author":1,"featured_media":0,"parent":0,"menu_order":0,"comment_status":"closed","ping_status":"closed","template":"","meta":{"_acf_changed":false,"_et_pb_use_builder":"on","_et_pb_old_content":"","_et_gb_content_width":"","footnotes":""},"class_list":["post-1287","page","type-page","status-publish","hentry"],"acf":[],"yoast_head":"<!-- This site is optimized with the Yoast SEO plugin v27.4 - https:\/\/yoast.com\/product\/yoast-seo-wordpress\/ -->\n<title>Movilidad y estancias - Ibima<\/title>\n<meta name=\"robots\" content=\"index, follow, max-snippet:-1, max-image-preview:large, max-video-preview:-1\" \/>\n<link rel=\"canonical\" href=\"https:\/\/ibima.eu\/es\/movilidad-y-estancias\/\" \/>\n<meta property=\"og:locale\" content=\"es_ES\" \/>\n<meta property=\"og:type\" content=\"article\" \/>\n<meta property=\"og:title\" content=\"Movilidad y estancias - Ibima\" \/>\n<meta property=\"og:description\" content=\"PLAN PROPIO DE MOVILIDAD IBIMA PLATAFORMA BIONANDEl Plan propio de IBIMA Plataforma BIONAND tiene el objetivo de favorecer e impulsar la movilidad de los m\u00e9dicos j\u00f3venes especialistas, investigadores predoctorales, posdoctorales, emergentes, otros investigadores, facultativos y personal de enfermer\u00eda para realizar estancias de movilidad con el fin de permitir la actualizaci\u00f3n de los conocimiento o el [&hellip;]\" \/>\n<meta property=\"og:url\" content=\"https:\/\/ibima.eu\/es\/movilidad-y-estancias\/\" \/>\n<meta property=\"og:site_name\" content=\"Ibima\" \/>\n<meta property=\"article:modified_time\" content=\"2023-10-10T07:35:33+00:00\" \/>\n<meta name=\"twitter:card\" content=\"summary_large_image\" \/>\n<meta name=\"twitter:label1\" content=\"Tiempo de lectura\" \/>\n\t<meta name=\"twitter:data1\" content=\"4 minutos\" \/>\n<script type=\"application\/ld+json\" class=\"yoast-schema-graph\">{\"@context\":\"https:\\\/\\\/schema.org\",\"@graph\":[{\"@type\":\"WebPage\",\"@id\":\"https:\\\/\\\/ibima.eu\\\/movilidad-y-estancias\\\/\",\"url\":\"https:\\\/\\\/ibima.eu\\\/movilidad-y-estancias\\\/\",\"name\":\"Movilidad y estancias - Ibima\",\"isPartOf\":{\"@id\":\"https:\\\/\\\/ibima.eu\\\/es\\\/#website\"},\"datePublished\":\"2023-07-14T07:31:00+00:00\",\"dateModified\":\"2023-10-10T07:35:33+00:00\",\"breadcrumb\":{\"@id\":\"https:\\\/\\\/ibima.eu\\\/movilidad-y-estancias\\\/#breadcrumb\"},\"inLanguage\":\"es\",\"potentialAction\":[{\"@type\":\"ReadAction\",\"target\":[\"https:\\\/\\\/ibima.eu\\\/movilidad-y-estancias\\\/\"]}]},{\"@type\":\"BreadcrumbList\",\"@id\":\"https:\\\/\\\/ibima.eu\\\/movilidad-y-estancias\\\/#breadcrumb\",\"itemListElement\":[{\"@type\":\"ListItem\",\"position\":1,\"name\":\"Portada\",\"item\":\"https:\\\/\\\/ibima.eu\\\/es\\\/\"},{\"@type\":\"ListItem\",\"position\":2,\"name\":\"Movilidad y estancias\"}]},{\"@type\":\"WebSite\",\"@id\":\"https:\\\/\\\/ibima.eu\\\/es\\\/#website\",\"url\":\"https:\\\/\\\/ibima.eu\\\/es\\\/\",\"name\":\"Ibima\",\"description\":\"\",\"potentialAction\":[{\"@type\":\"SearchAction\",\"target\":{\"@type\":\"EntryPoint\",\"urlTemplate\":\"https:\\\/\\\/ibima.eu\\\/es\\\/?s={search_term_string}\"},\"query-input\":{\"@type\":\"PropertyValueSpecification\",\"valueRequired\":true,\"valueName\":\"search_term_string\"}}],\"inLanguage\":\"es\"}]}<\/script>\n<!-- \/ Yoast SEO plugin. -->","yoast_head_json":{"title":"Movilidad y estancias - Ibima","robots":{"index":"index","follow":"follow","max-snippet":"max-snippet:-1","max-image-preview":"max-image-preview:large","max-video-preview":"max-video-preview:-1"},"canonical":"https:\/\/ibima.eu\/es\/movilidad-y-estancias\/","og_locale":"es_ES","og_type":"article","og_title":"Movilidad y estancias - Ibima","og_description":"PLAN PROPIO DE MOVILIDAD IBIMA PLATAFORMA BIONANDEl Plan propio de IBIMA Plataforma BIONAND tiene el objetivo de favorecer e impulsar la movilidad de los m\u00e9dicos j\u00f3venes especialistas, investigadores predoctorales, posdoctorales, emergentes, otros investigadores, facultativos y personal de enfermer\u00eda para realizar estancias de movilidad con el fin de permitir la actualizaci\u00f3n de los conocimiento o el [&hellip;]","og_url":"https:\/\/ibima.eu\/es\/movilidad-y-estancias\/","og_site_name":"Ibima","article_modified_time":"2023-10-10T07:35:33+00:00","twitter_card":"summary_large_image","twitter_misc":{"Tiempo de lectura":"4 minutos"},"schema":{"@context":"https:\/\/schema.org","@graph":[{"@type":"WebPage","@id":"https:\/\/ibima.eu\/movilidad-y-estancias\/","url":"https:\/\/ibima.eu\/movilidad-y-estancias\/","name":"Movilidad y estancias - Ibima","isPartOf":{"@id":"https:\/\/ibima.eu\/es\/#website"},"datePublished":"2023-07-14T07:31:00+00:00","dateModified":"2023-10-10T07:35:33+00:00","breadcrumb":{"@id":"https:\/\/ibima.eu\/movilidad-y-estancias\/#breadcrumb"},"inLanguage":"es","potentialAction":[{"@type":"ReadAction","target":["https:\/\/ibima.eu\/movilidad-y-estancias\/"]}]},{"@type":"BreadcrumbList","@id":"https:\/\/ibima.eu\/movilidad-y-estancias\/#breadcrumb","itemListElement":[{"@type":"ListItem","position":1,"name":"Portada","item":"https:\/\/ibima.eu\/es\/"},{"@type":"ListItem","position":2,"name":"Movilidad y estancias"}]},{"@type":"WebSite","@id":"https:\/\/ibima.eu\/es\/#website","url":"https:\/\/ibima.eu\/es\/","name":"Ibima","description":"","potentialAction":[{"@type":"SearchAction","target":{"@type":"EntryPoint","urlTemplate":"https:\/\/ibima.eu\/es\/?s={search_term_string}"},"query-input":{"@type":"PropertyValueSpecification","valueRequired":true,"valueName":"search_term_string"}}],"inLanguage":"es"}]}},"_links":{"self":[{"href":"https:\/\/ibima.eu\/es\/wp-json\/wp\/v2\/pages\/1287","targetHints":{"allow":["GET"]}}],"collection":[{"href":"https:\/\/ibima.eu\/es\/wp-json\/wp\/v2\/pages"}],"about":[{"href":"https:\/\/ibima.eu\/es\/wp-json\/wp\/v2\/types\/page"}],"author":[{"embeddable":true,"href":"https:\/\/ibima.eu\/es\/wp-json\/wp\/v2\/users\/1"}],"replies":[{"embeddable":true,"href":"https:\/\/ibima.eu\/es\/wp-json\/wp\/v2\/comments?post=1287"}],"version-history":[{"count":0,"href":"https:\/\/ibima.eu\/es\/wp-json\/wp\/v2\/pages\/1287\/revisions"}],"wp:attachment":[{"href":"https:\/\/ibima.eu\/es\/wp-json\/wp\/v2\/media?parent=1287"}],"curies":[{"name":"wp","href":"https:\/\/api.w.org\/{rel}","templated":true}]}}