{"id":13127,"date":"2023-11-15T15:49:30","date_gmt":"2023-11-15T15:49:30","guid":{"rendered":"https:\/\/ibima.eu\/?page_id=13127"},"modified":"2025-11-25T11:57:11","modified_gmt":"2025-11-25T11:57:11","slug":"unidad-de-ensayos-clinicos-fase-i","status":"publish","type":"page","link":"https:\/\/ibima.eu\/es\/unidad-de-ensayos-clinicos-fase-i\/","title":{"rendered":"Unidad de Ensayos Cl\u00ednicos Fase I"},"content":{"rendered":"\n[et_pb_section fb_built=\u00bb1&#8243; _builder_version=\u00bb4.20.4&#8243; _module_preset=\u00bbdefault\u00bb background_image=\u00bbhttps:\/\/ibima.eu\/wp-content\/uploads\/2023\/04\/FotoWeb-min-1000&#215;500-1.jpg\u00bb global_colors_info=\u00bb{}\u00bb][et_pb_row _builder_version=\u00bb4.20.4&#8243; _module_preset=\u00bbdefault\u00bb custom_padding=\u00bb250px||30px||false|false\u00bb global_colors_info=\u00bb{}\u00bb][et_pb_column type=\u00bb4_4&#8243; _builder_version=\u00bb4.20.4&#8243; _module_preset=\u00bbdefault\u00bb global_colors_info=\u00bb{}\u00bb][et_pb_text _builder_version=\u00bb4.23&#8243; _module_preset=\u00bbdefault\u00bb header_2_font=\u00bbPoppins|700|||||||\u00bb header_2_text_color=\u00bb#FFFFFF\u00bb header_2_font_size=\u00bb46px\u00bb hover_enabled=\u00bb0&#8243; global_colors_info=\u00bb{}\u00bb sticky_enabled=\u00bb0&#8243;]<h2>Unidad de Ensayos Cl\u00ednicos Fase I<\/h2>[\/et_pb_text][\/et_pb_column][\/et_pb_row][\/et_pb_section][et_pb_section fb_built=\u00bb1&#8243; _builder_version=\u00bb4.23&#8243; _module_preset=\u00bbdefault\u00bb global_colors_info=\u00bb{}\u00bb][et_pb_row _builder_version=\u00bb4.23&#8243; _module_preset=\u00bbdefault\u00bb width=\u00bb60%\u00bb custom_padding=\u00bb50px||50px||true|false\u00bb global_colors_info=\u00bb{}\u00bb][et_pb_column type=\u00bb4_4&#8243; _builder_version=\u00bb4.23&#8243; _module_preset=\u00bbdefault\u00bb global_colors_info=\u00bb{}\u00bb][et_pb_text _builder_version=\u00bb4.23.4&#8243; _module_preset=\u00bbdefault\u00bb text_font=\u00bbPoppins||||||||\u00bb global_colors_info=\u00bb{}\u00bb]<p style=\"text-align: justify;\">La Unidad de Investigaci\u00f3n Cl\u00ednica Fase I, ubicada en el Hospital Universitario Virgen de la Victoria, cuenta con acceso directo desde el exterior del hospital, distribuidos en un \u00e1rea de recepci\u00f3n de usuarios, una consulta para extracciones, un control de enfermer\u00eda, dos consultas, un hospital de d\u00eda y dos habitaciones dobles.<\/p>\n<p style=\"text-align: justify;\">La Unidad, desde julio de 2024, cumple con los est\u00e1ndares definitivos en el Manual de Est\u00e1ndares de Unidades de Ensayos Cl\u00ednicos en fases tempranas con la certificaci\u00f3n de calidad avanzada por parte de la Agencia de Calidad Sanitaria de Andaluc\u00eda.\u00a0<\/p>\n<p style=\"text-align: justify;\"><\/p>[\/et_pb_text][\/et_pb_column][\/et_pb_row][et_pb_row use_custom_gutter=\u00bbon\u00bb gutter_width=\u00bb2&#8243; _builder_version=\u00bb4.23&#8243; _module_preset=\u00bbdefault\u00bb global_colors_info=\u00bb{}\u00bb][et_pb_column type=\u00bb4_4&#8243; _builder_version=\u00bb4.23&#8243; _module_preset=\u00bbdefault\u00bb global_colors_info=\u00bb{}\u00bb][et_pb_gallery gallery_ids=\u00bb13133,13154,13136,13138,13142,13148,13152,13153&#8243; posts_number=\u00bb8&#8243; show_title_and_caption=\u00bboff\u00bb zoom_icon_color=\u00bb#FFFFFF\u00bb hover_overlay_color=\u00bbrgba(56,145,179,0.34)\u00bb hover_icon=\u00bb&#x54;||divi||400&#8243; _builder_version=\u00bb4.24.2&#8243; _module_preset=\u00bbdefault\u00bb global_colors_info=\u00bb{}\u00bb][\/et_pb_gallery][\/et_pb_column][\/et_pb_row][\/et_pb_section][et_pb_section fb_built=\u00bb1&#8243; _builder_version=\u00bb4.20.4&#8243; _module_preset=\u00bbdefault\u00bb background_color=\u00bb#235b78&#8243; custom_padding=\u00bb30px||30px||true|false\u00bb locked=\u00bboff\u00bb global_colors_info=\u00bb{}\u00bb][et_pb_row admin_label=\u00bbFila\u00bb _builder_version=\u00bb4.20.4&#8243; _module_preset=\u00bbdefault\u00bb global_colors_info=\u00bb{}\u00bb][et_pb_column type=\u00bb4_4&#8243; _builder_version=\u00bb4.20.4&#8243; _module_preset=\u00bbdefault\u00bb global_colors_info=\u00bb{}\u00bb][et_pb_text _builder_version=\u00bb4.23&#8243; _module_preset=\u00bbdefault\u00bb header_3_font=\u00bbPoppins|700|||||||\u00bb header_3_text_color=\u00bb#FFFFFF\u00bb header_3_font_size=\u00bb34px\u00bb global_colors_info=\u00bb{}\u00bb]<h3>Contacto<\/h3>[\/et_pb_text][\/et_pb_column][\/et_pb_row][\/et_pb_section][et_pb_section fb_built=\u00bb1&#8243; _builder_version=\u00bb4.23&#8243; _module_preset=\u00bbdefault\u00bb global_colors_info=\u00bb{}\u00bb][et_pb_row _builder_version=\u00bb4.23&#8243; _module_preset=\u00bbdefault\u00bb custom_padding=\u00bb50px||50px||true|false\u00bb global_colors_info=\u00bb{}\u00bb][et_pb_column type=\u00bb4_4&#8243; _builder_version=\u00bb4.23&#8243; _module_preset=\u00bbdefault\u00bb global_colors_info=\u00bb{}\u00bb][et_pb_blurb title=\u00bbJavier Garc\u00eda Corbacho\u00bb image=\u00bbhttps:\/\/ibima.eu\/wp-content\/uploads\/2023\/04\/CorbachoJ.jpg\u00bb image_icon_width=\u00bb194%\u00bb _builder_version=\u00bb4.24.1&#8243; _module_preset=\u00bbdefault\u00bb header_font=\u00bbPoppins|700|||||||\u00bb header_text_align=\u00bbcenter\u00bb header_text_color=\u00bb#43a5d3&#8243; header_font_size=\u00bb24px\u00bb body_font=\u00bbPoppins||||||||\u00bb body_text_align=\u00bbcenter\u00bb body_text_color=\u00bb#235b78&#8243; body_font_size=\u00bb18px\u00bb background_color=\u00bb#FFFFFF\u00bb image_icon_custom_margin=\u00bb10px||||false|false\u00bb width=\u00bb46%\u00bb module_alignment=\u00bbcenter\u00bb custom_margin=\u00bb||27px|||\u00bb custom_padding=\u00bb|30px|0px|30px|false|true\u00bb border_width_right=\u00bb5px\u00bb border_color_right=\u00bb#FFFFFF\u00bb border_radii_image=\u00bbon|100%|100%|100%|100%\u00bb locked=\u00bboff\u00bb global_colors_info=\u00bb{}\u00bb]<p><a href=\"mailto:jgcorbacho@ibima.eu\">jgcorbacho@ibima.eu<\/a><\/p>[\/et_pb_blurb][\/et_pb_column][\/et_pb_row][\/et_pb_section]\n","protected":false},"excerpt":{"rendered":"<p>Unidad de Ensayos Cl\u00ednicos Fase ILa Unidad de Investigaci\u00f3n Cl\u00ednica Fase I, ubicada en el Hospital Universitario Virgen de la Victoria, cuenta con acceso directo desde el exterior del hospital, distribuidos en un \u00e1rea de recepci\u00f3n de usuarios, una consulta para extracciones, un control de enfermer\u00eda, dos consultas, un hospital de d\u00eda y dos habitaciones [&hellip;]<\/p>\n","protected":false},"author":1,"featured_media":0,"parent":0,"menu_order":0,"comment_status":"closed","ping_status":"closed","template":"","meta":{"_acf_changed":false,"_et_pb_use_builder":"on","_et_pb_old_content":"","_et_gb_content_width":"","footnotes":""},"class_list":["post-13127","page","type-page","status-publish","hentry"],"acf":[],"yoast_head":"<!-- This site is optimized with the Yoast SEO plugin v27.3 - https:\/\/yoast.com\/product\/yoast-seo-wordpress\/ -->\n<title>Unidad de Ensayos Cl\u00ednicos Fase I - Ibima<\/title>\n<meta name=\"description\" content=\"Esta p\u00e1gina hace referencia a la unidad de ensayos clinicos Fase I, instalaciones dedicadas a la traslaci\u00f3n de la investigaci\u00f3n\" \/>\n<meta name=\"robots\" content=\"index, follow, max-snippet:-1, max-image-preview:large, max-video-preview:-1\" \/>\n<link rel=\"canonical\" href=\"https:\/\/ibima.eu\/es\/unidad-de-ensayos-clinicos-fase-i\/\" \/>\n<meta property=\"og:locale\" content=\"es_ES\" \/>\n<meta property=\"og:type\" content=\"article\" \/>\n<meta property=\"og:title\" content=\"Unidad de Ensayos Cl\u00ednicos Fase I - Ibima\" \/>\n<meta property=\"og:description\" content=\"Esta p\u00e1gina hace referencia a la unidad de ensayos clinicos Fase I, instalaciones dedicadas a la traslaci\u00f3n de la investigaci\u00f3n\" \/>\n<meta property=\"og:url\" content=\"https:\/\/ibima.eu\/es\/unidad-de-ensayos-clinicos-fase-i\/\" \/>\n<meta property=\"og:site_name\" content=\"Ibima\" \/>\n<meta property=\"article:modified_time\" content=\"2025-11-25T11:57:11+00:00\" \/>\n<meta name=\"twitter:card\" content=\"summary_large_image\" \/>\n<meta name=\"twitter:label1\" content=\"Tiempo de lectura\" \/>\n\t<meta name=\"twitter:data1\" content=\"3 minutos\" \/>\n<script type=\"application\/ld+json\" class=\"yoast-schema-graph\">{\"@context\":\"https:\\\/\\\/schema.org\",\"@graph\":[{\"@type\":\"WebPage\",\"@id\":\"https:\\\/\\\/ibima.eu\\\/unidad-de-ensayos-clinicos-fase-i\\\/\",\"url\":\"https:\\\/\\\/ibima.eu\\\/unidad-de-ensayos-clinicos-fase-i\\\/\",\"name\":\"Unidad de Ensayos Cl\u00ednicos Fase I - Ibima\",\"isPartOf\":{\"@id\":\"https:\\\/\\\/ibima.eu\\\/es\\\/#website\"},\"datePublished\":\"2023-11-15T15:49:30+00:00\",\"dateModified\":\"2025-11-25T11:57:11+00:00\",\"description\":\"Esta p\u00e1gina hace referencia a la unidad de ensayos clinicos Fase I, instalaciones dedicadas a la traslaci\u00f3n de la investigaci\u00f3n\",\"breadcrumb\":{\"@id\":\"https:\\\/\\\/ibima.eu\\\/unidad-de-ensayos-clinicos-fase-i\\\/#breadcrumb\"},\"inLanguage\":\"es\",\"potentialAction\":[{\"@type\":\"ReadAction\",\"target\":[\"https:\\\/\\\/ibima.eu\\\/unidad-de-ensayos-clinicos-fase-i\\\/\"]}]},{\"@type\":\"BreadcrumbList\",\"@id\":\"https:\\\/\\\/ibima.eu\\\/unidad-de-ensayos-clinicos-fase-i\\\/#breadcrumb\",\"itemListElement\":[{\"@type\":\"ListItem\",\"position\":1,\"name\":\"Portada\",\"item\":\"https:\\\/\\\/ibima.eu\\\/es\\\/\"},{\"@type\":\"ListItem\",\"position\":2,\"name\":\"Unidad de Ensayos Cl\u00ednicos Fase I\"}]},{\"@type\":\"WebSite\",\"@id\":\"https:\\\/\\\/ibima.eu\\\/es\\\/#website\",\"url\":\"https:\\\/\\\/ibima.eu\\\/es\\\/\",\"name\":\"Ibima\",\"description\":\"\",\"potentialAction\":[{\"@type\":\"SearchAction\",\"target\":{\"@type\":\"EntryPoint\",\"urlTemplate\":\"https:\\\/\\\/ibima.eu\\\/es\\\/?s={search_term_string}\"},\"query-input\":{\"@type\":\"PropertyValueSpecification\",\"valueRequired\":true,\"valueName\":\"search_term_string\"}}],\"inLanguage\":\"es\"}]}<\/script>\n<!-- \/ Yoast SEO plugin. -->","yoast_head_json":{"title":"Unidad de Ensayos Cl\u00ednicos Fase I - Ibima","description":"Esta p\u00e1gina hace referencia a la unidad de ensayos clinicos Fase I, instalaciones dedicadas a la traslaci\u00f3n de la investigaci\u00f3n","robots":{"index":"index","follow":"follow","max-snippet":"max-snippet:-1","max-image-preview":"max-image-preview:large","max-video-preview":"max-video-preview:-1"},"canonical":"https:\/\/ibima.eu\/es\/unidad-de-ensayos-clinicos-fase-i\/","og_locale":"es_ES","og_type":"article","og_title":"Unidad de Ensayos Cl\u00ednicos Fase I - Ibima","og_description":"Esta p\u00e1gina hace referencia a la unidad de ensayos clinicos Fase I, instalaciones dedicadas a la traslaci\u00f3n de la investigaci\u00f3n","og_url":"https:\/\/ibima.eu\/es\/unidad-de-ensayos-clinicos-fase-i\/","og_site_name":"Ibima","article_modified_time":"2025-11-25T11:57:11+00:00","twitter_card":"summary_large_image","twitter_misc":{"Tiempo de lectura":"3 minutos"},"schema":{"@context":"https:\/\/schema.org","@graph":[{"@type":"WebPage","@id":"https:\/\/ibima.eu\/unidad-de-ensayos-clinicos-fase-i\/","url":"https:\/\/ibima.eu\/unidad-de-ensayos-clinicos-fase-i\/","name":"Unidad de Ensayos Cl\u00ednicos Fase I - Ibima","isPartOf":{"@id":"https:\/\/ibima.eu\/es\/#website"},"datePublished":"2023-11-15T15:49:30+00:00","dateModified":"2025-11-25T11:57:11+00:00","description":"Esta p\u00e1gina hace referencia a la unidad de ensayos clinicos Fase I, instalaciones dedicadas a la traslaci\u00f3n de la investigaci\u00f3n","breadcrumb":{"@id":"https:\/\/ibima.eu\/unidad-de-ensayos-clinicos-fase-i\/#breadcrumb"},"inLanguage":"es","potentialAction":[{"@type":"ReadAction","target":["https:\/\/ibima.eu\/unidad-de-ensayos-clinicos-fase-i\/"]}]},{"@type":"BreadcrumbList","@id":"https:\/\/ibima.eu\/unidad-de-ensayos-clinicos-fase-i\/#breadcrumb","itemListElement":[{"@type":"ListItem","position":1,"name":"Portada","item":"https:\/\/ibima.eu\/es\/"},{"@type":"ListItem","position":2,"name":"Unidad de Ensayos Cl\u00ednicos Fase I"}]},{"@type":"WebSite","@id":"https:\/\/ibima.eu\/es\/#website","url":"https:\/\/ibima.eu\/es\/","name":"Ibima","description":"","potentialAction":[{"@type":"SearchAction","target":{"@type":"EntryPoint","urlTemplate":"https:\/\/ibima.eu\/es\/?s={search_term_string}"},"query-input":{"@type":"PropertyValueSpecification","valueRequired":true,"valueName":"search_term_string"}}],"inLanguage":"es"}]}},"_links":{"self":[{"href":"https:\/\/ibima.eu\/es\/wp-json\/wp\/v2\/pages\/13127","targetHints":{"allow":["GET"]}}],"collection":[{"href":"https:\/\/ibima.eu\/es\/wp-json\/wp\/v2\/pages"}],"about":[{"href":"https:\/\/ibima.eu\/es\/wp-json\/wp\/v2\/types\/page"}],"author":[{"embeddable":true,"href":"https:\/\/ibima.eu\/es\/wp-json\/wp\/v2\/users\/1"}],"replies":[{"embeddable":true,"href":"https:\/\/ibima.eu\/es\/wp-json\/wp\/v2\/comments?post=13127"}],"version-history":[{"count":2,"href":"https:\/\/ibima.eu\/es\/wp-json\/wp\/v2\/pages\/13127\/revisions"}],"predecessor-version":[{"id":58560,"href":"https:\/\/ibima.eu\/es\/wp-json\/wp\/v2\/pages\/13127\/revisions\/58560"}],"wp:attachment":[{"href":"https:\/\/ibima.eu\/es\/wp-json\/wp\/v2\/media?parent=13127"}],"curies":[{"name":"wp","href":"https:\/\/api.w.org\/{rel}","templated":true}]}}