{"id":325,"date":"2023-04-27T06:14:35","date_gmt":"2023-04-27T06:14:35","guid":{"rendered":"https:\/\/prueba.ibima.eu\/?page_id=325"},"modified":"2025-11-25T11:41:15","modified_gmt":"2025-11-25T11:41:15","slug":"donde-estamos","status":"publish","type":"page","link":"https:\/\/ibima.eu\/es\/donde-estamos\/","title":{"rendered":"D\u00f3nde estamos"},"content":{"rendered":"\n[et_pb_section fb_built=\u00bb1&#8243; _builder_version=\u00bb4.20.4&#8243; _module_preset=\u00bbdefault\u00bb background_image=\u00bbhttps:\/\/ibima.eu\/wp-content\/uploads\/2023\/10\/DONDE_-ESTAMOS-scaled.jpg\u00bb global_colors_info=\u00bb{}\u00bb][et_pb_row _builder_version=\u00bb4.20.4&#8243; _module_preset=\u00bbdefault\u00bb custom_padding=\u00bb250px||30px||false|false\u00bb global_colors_info=\u00bb{}\u00bb][et_pb_column type=\u00bb4_4&#8243; _builder_version=\u00bb4.20.4&#8243; _module_preset=\u00bbdefault\u00bb global_colors_info=\u00bb{}\u00bb][et_pb_text _builder_version=\u00bb4.27.0&#8243; _module_preset=\u00bbdefault\u00bb header_2_font=\u00bbPoppins|700|||||||\u00bb header_2_text_color=\u00bb#FFFFFF\u00bb header_2_font_size=\u00bb46px\u00bb header_2_font_size_tablet=\u00bb46px\u00bb header_2_font_size_phone=\u00bb40px\u00bb header_2_font_size_last_edited=\u00bbon|phone\u00bb global_colors_info=\u00bb{}\u00bb]<h2>D\u00f3nde estamos<\/h2>[\/et_pb_text][\/et_pb_column][\/et_pb_row][\/et_pb_section][et_pb_section fb_built=\u00bb1&#8243; _builder_version=\u00bb4.20.4&#8243; _module_preset=\u00bbdefault\u00bb background_color=\u00bb#235b78&#8243; custom_margin=\u00bb5px||||false|false\u00bb custom_margin_tablet=\u00bb5px||||false|false\u00bb custom_margin_phone=\u00bb0px||||false|false\u00bb custom_margin_last_edited=\u00bbon|phone\u00bb global_colors_info=\u00bb{}\u00bb][et_pb_row _builder_version=\u00bb4.20.4&#8243; _module_preset=\u00bbdefault\u00bb custom_padding=\u00bb50px||50px||true|false\u00bb global_colors_info=\u00bb{}\u00bb][et_pb_column type=\u00bb4_4&#8243; _builder_version=\u00bb4.20.4&#8243; _module_preset=\u00bbdefault\u00bb global_colors_info=\u00bb{}\u00bb][et_pb_text _builder_version=\u00bb4.27.0&#8243; _module_preset=\u00bbdefault\u00bb header_4_font=\u00bbPoppins|700|||||||\u00bb header_4_text_color=\u00bb#FFFFFF\u00bb header_4_font_size=\u00bb27px\u00bb header_5_font=\u00bbPoppins||||||||\u00bb header_5_text_color=\u00bb#FFFFFF\u00bb global_colors_info=\u00bb{}\u00bb]<h4>Edificio IBIMA Plataforma BIONAND<\/h4>[\/et_pb_text][\/et_pb_column][\/et_pb_row][\/et_pb_section][et_pb_section fb_built=\u00bb1&#8243; _builder_version=\u00bb4.20.4&#8243; _module_preset=\u00bbdefault\u00bb custom_margin=\u00bb80px||80px||true|false\u00bb custom_margin_tablet=\u00bb80px||80px||true|false\u00bb custom_margin_phone=\u00bb40px||40px||true|false\u00bb custom_margin_last_edited=\u00bbon|phone\u00bb global_colors_info=\u00bb{}\u00bb][et_pb_row _builder_version=\u00bb4.20.4&#8243; _module_preset=\u00bbdefault\u00bb width=\u00bb70%\u00bb global_colors_info=\u00bb{}\u00bb][et_pb_column type=\u00bb4_4&#8243; _builder_version=\u00bb4.20.4&#8243; _module_preset=\u00bbdefault\u00bb global_colors_info=\u00bb{}\u00bb][et_pb_text _builder_version=\u00bb4.27.0&#8243; _module_preset=\u00bbdefault\u00bb text_font=\u00bbPoppins||||||||\u00bb text_font_size=\u00bb16px\u00bb text_orientation=\u00bbjustified\u00bb global_colors_info=\u00bb{}\u00bb]<p>IBIMA Plataforma BIONAND se sit\u00faa en el M\u00e1laga TechPark \u2013 Parque Tecnol\u00f3gico de Andaluc\u00eda, junto con otros espacios dedicados a la investigaci\u00f3n cl\u00ednica en el Hospital Regional Universitario de M\u00e1laga, el Hospital Universitario Virgen de la Victoria, el Hospital Universitario Costa del Sol, el Distrito Sanitario M\u00e1laga-Guadalhorce de Atenci\u00f3n Primaria, y la Universidad de M\u00e1laga.<\/p>[\/et_pb_text][et_pb_image src=\u00bbhttps:\/\/ibima.eu\/wp-content\/uploads\/2023\/07\/IBIMA-FOTO_2.jpg\u00bb title_text=\u00bbIBIMA FOTO_2&#8243; _builder_version=\u00bb4.20.4&#8243; _module_preset=\u00bbdefault\u00bb custom_margin=\u00bb30px||||false|false\u00bb global_colors_info=\u00bb{}\u00bb][\/et_pb_image][et_pb_text _builder_version=\u00bb4.23.2&#8243; _module_preset=\u00bbdefault\u00bb text_font=\u00bbPoppins||||||||\u00bb text_font_size=\u00bb16px\u00bb text_orientation=\u00bbjustified\u00bb custom_margin=\u00bb30px||||false|false\u00bb global_colors_info=\u00bb{}\u00bb]<p style=\"text-align: justify;\">Nuestro edificio est\u00e1 ubicado un entorno tecnol\u00f3gico que integra el sector empresarial y universitario, con una superficie de 6.500 metros cuadrados. El centro consta de cuatro plantas donde se ubican los laboratorios de los distintos grupos de investigaci\u00f3n, las distintas unidades de apoyo a la investigaci\u00f3n y espacios dise\u00f1ados para mantener reuniones y albergar eventos.<\/p>\n<p style=\"text-align: justify;\">La distribuci\u00f3n y estructura de los laboratorios est\u00e1 dotado con espacios di\u00e1fanos que favorecen la interacci\u00f3n entre profesionales, facilitando as\u00ed formas de trabajo, basadas en la complementariedad, la colaboraci\u00f3n y la interdisciplinariedad.<\/p>\n<p style=\"text-align: justify;\">En el edificio se encuentra la \u00faltima tecnolog\u00eda en el \u00e1mbito de la investigaci\u00f3n biom\u00e9dica para seguir colaborando a una investigaci\u00f3n puntera, innovadora y que impulse las sinergias entre los distintos grupos de investigaci\u00f3n, con el tejido empresarial biotecnol\u00f3gico y con la industria farmac\u00e9utica, para traducirlo, en definitiva, en mejoras para la salud de los ciudadanos; haci\u00e9ndoles part\u00edcipes de la vida del Instituto integr\u00e1ndolos en la actividad diaria del centro mediante actividades de divulgaci\u00f3n, participaci\u00f3n ciudadana y docencia de los futuros profesionales de nuestro \u00e1mbito<\/p>[\/et_pb_text][\/et_pb_column][\/et_pb_row][\/et_pb_section][et_pb_section fb_built=\u00bb1&#8243; _builder_version=\u00bb4.20.4&#8243; _module_preset=\u00bbdefault\u00bb background_color=\u00bb#ebebeb\u00bb global_colors_info=\u00bb{}\u00bb][et_pb_row use_custom_gutter=\u00bbon\u00bb gutter_width=\u00bb2&#8243; custom_padding_last_edited=\u00bbon|phone\u00bb _builder_version=\u00bb4.20.4&#8243; _module_preset=\u00bbdefault\u00bb width=\u00bb100%\u00bb custom_margin=\u00bb||||true|false\u00bb custom_padding=\u00bb80px||80px||true|false\u00bb custom_padding_tablet=\u00bb80px||80px||true|false\u00bb custom_padding_phone=\u00bb0px||0px||true|false\u00bb global_colors_info=\u00bb{}\u00bb][et_pb_column type=\u00bb4_4&#8243; _builder_version=\u00bb4.20.4&#8243; _module_preset=\u00bbdefault\u00bb global_colors_info=\u00bb{}\u00bb][et_pb_code _builder_version=\u00bb4.27.0&#8243; _module_preset=\u00bbdefault\u00bb global_colors_info=\u00bb{}\u00bb]<div id=\"metaslider-id-1406\" style=\"width: 100%;\" class=\"ml-slider-3-107-0 metaslider metaslider-flex metaslider-1406 ml-slider has-dots-nav has-carousel-mode ms-theme-default\" role=\"region\" aria-label=\"Nueva presentaci\u00f3n de diapositivas\" data-height=\"300\" data-width=\"700\">\n    <div id=\"metaslider_container_1406\">\n        <div id=\"metaslider_1406\">\n            <ul class='slides'>\n                <li style=\"display: none; width: 100%;\" class=\"slide-1414 ms-image \" aria-roledescription=\"slide\" data-date=\"2023-07-25 07:57:48\" data-filename=\"Edificiocentral1-500x250-1-500x214.jpg\" data-slide-type=\"image\"><img loading=\"lazy\" decoding=\"async\" src=\"https:\/\/ibima.eu\/wp-content\/uploads\/2023\/04\/Edificiocentral1-500x250-1-500x214.jpg\" height=\"300\" width=\"700\" alt=\"Edificiocentral1-500x250\" class=\"slider-1406 slide-1414 msDefaultImage\" title=\"Edificiocentral1-500x250\" \/><\/li>\n                <li style=\"display: none; width: 100%;\" class=\"slide-44718 ms-image \" aria-roledescription=\"slide\" data-date=\"2024-07-26 07:02:47\" data-filename=\"IBIMA_HUVV_Fachada-700x300.jpg\" data-slide-type=\"image\"><img loading=\"lazy\" decoding=\"async\" src=\"https:\/\/ibima.eu\/wp-content\/uploads\/2024\/07\/IBIMA_HUVV_Fachada-700x300.jpg\" height=\"300\" width=\"700\" alt=\"IBIMA_HUVV_Fachada\" class=\"slider-1406 slide-44718 msDefaultImage\" title=\"IBIMA_HUVV_Fachada\" \/><\/li>\n                <li style=\"display: none; width: 100%;\" class=\"slide-44720 ms-image \" aria-roledescription=\"slide\" data-date=\"2024-07-26 07:04:23\" data-filename=\"ManosHRegional-scaled-700x300.jpg\" data-slide-type=\"image\"><img loading=\"lazy\" decoding=\"async\" src=\"https:\/\/ibima.eu\/wp-content\/uploads\/2024\/07\/ManosHRegional-scaled-700x300.jpg\" height=\"300\" width=\"700\" alt=\"ManosHRegional\" class=\"slider-1406 slide-44720 msDefaultImage\" title=\"ManosHRegional\" \/><\/li>\n                <li style=\"display: none; width: 100%;\" class=\"slide-1407 ms-image \" aria-roledescription=\"slide\" data-date=\"2023-07-25 07:57:48\" data-filename=\"Edificiocentral14-500x250-1-500x214.jpeg\" data-slide-type=\"image\"><img loading=\"lazy\" decoding=\"async\" src=\"https:\/\/ibima.eu\/wp-content\/uploads\/2023\/04\/Edificiocentral14-500x250-1-500x214.jpeg\" height=\"300\" width=\"700\" alt=\"Edificiocentral14-500x250\" class=\"slider-1406 slide-1407 msDefaultImage\" title=\"Edificiocentral14-500x250\" \/><\/li>\n                <li style=\"display: none; width: 100%;\" class=\"slide-44795 ms-image \" aria-roledescription=\"slide\" data-date=\"2024-07-26 10:41:35\" data-filename=\"WhatsApp-Image-2024-07-26-at-12.39.09-700x300.jpeg\" data-slide-type=\"image\"><img loading=\"lazy\" decoding=\"async\" src=\"https:\/\/ibima.eu\/wp-content\/uploads\/2024\/07\/WhatsApp-Image-2024-07-26-at-12.39.09-700x300.jpeg\" height=\"300\" width=\"700\" alt=\"HospitalClinicoFoto\" class=\"slider-1406 slide-44795 msDefaultImage\" title=\"HospitalClinicoFoto\" \/><\/li>\n                <li style=\"display: none; width: 100%;\" class=\"slide-44722 ms-image \" aria-roledescription=\"slide\" data-date=\"2024-07-26 07:05:44\" data-filename=\"IBIMA_HUVV_Interior-700x300.jpg\" data-slide-type=\"image\"><img loading=\"lazy\" decoding=\"async\" src=\"https:\/\/ibima.eu\/wp-content\/uploads\/2024\/07\/IBIMA_HUVV_Interior-700x300.jpg\" height=\"300\" width=\"700\" alt=\"IBIMA_HUVV_Interior\" class=\"slider-1406 slide-44722 msDefaultImage\" title=\"IBIMA_HUVV_Interior\" \/><\/li>\n                <li style=\"display: none; width: 100%;\" class=\"slide-1412 ms-image \" aria-roledescription=\"slide\" data-date=\"2023-07-25 07:57:48\" data-filename=\"Edificiocentral6-500x250-1-500x214.jpeg\" data-slide-type=\"image\"><img loading=\"lazy\" decoding=\"async\" src=\"https:\/\/ibima.eu\/wp-content\/uploads\/2023\/04\/Edificiocentral6-500x250-1-500x214.jpeg\" height=\"300\" width=\"700\" alt=\"Edificiocentral6-500x250\" class=\"slider-1406 slide-1412 msDefaultImage\" title=\"Edificiocentral6-500x250\" \/><\/li>\n                <li style=\"display: none; width: 100%;\" class=\"slide-1413 ms-image \" aria-roledescription=\"slide\" data-date=\"2023-07-25 07:57:48\" data-filename=\"Edificiocentral8-500x250-1-500x214.jpeg\" data-slide-type=\"image\"><img loading=\"lazy\" decoding=\"async\" src=\"https:\/\/ibima.eu\/wp-content\/uploads\/2023\/04\/Edificiocentral8-500x250-1-500x214.jpeg\" height=\"300\" width=\"700\" alt=\"Edificiocentral8-500x250 (1)\" class=\"slider-1406 slide-1413 msDefaultImage\" title=\"Edificiocentral8-500x250 (1)\" \/><\/li>\n                <li style=\"display: none; width: 100%;\" class=\"slide-44726 ms-image \" aria-roledescription=\"slide\" data-date=\"2024-07-26 08:02:32\" data-filename=\"HRegional_SalaBlanca-700x300.webp\" data-slide-type=\"image\"><img loading=\"lazy\" decoding=\"async\" src=\"https:\/\/ibima.eu\/wp-content\/uploads\/2024\/07\/HRegional_SalaBlanca-700x300.webp\" height=\"300\" width=\"700\" alt=\"HRegional_SalaBlanca\" class=\"slider-1406 slide-44726 msDefaultImage\" title=\"HRegional_SalaBlanca\" \/><\/li>\n                <li style=\"display: none; width: 100%;\" class=\"slide-1415 ms-image \" aria-roledescription=\"slide\" data-date=\"2023-07-25 07:57:48\" data-filename=\"Edificiocentral3-500x250-1-500x214.jpeg\" data-slide-type=\"image\"><img loading=\"lazy\" decoding=\"async\" src=\"https:\/\/ibima.eu\/wp-content\/uploads\/2023\/04\/Edificiocentral3-500x250-1-500x214.jpeg\" height=\"300\" width=\"700\" alt=\"Edificiocentral3-500x250\" class=\"slider-1406 slide-1415 msDefaultImage\" title=\"Edificiocentral3-500x250\" \/><\/li>\n                <li style=\"display: none; width: 100%;\" class=\"slide-44797 ms-image \" aria-roledescription=\"slide\" data-date=\"2024-07-26 10:42:34\" data-filename=\"WhatsApp-Image-2024-07-26-at-12.39.09-1-700x300.jpeg\" data-slide-type=\"image\"><img loading=\"lazy\" decoding=\"async\" src=\"https:\/\/ibima.eu\/wp-content\/uploads\/2024\/07\/WhatsApp-Image-2024-07-26-at-12.39.09-1-700x300.jpeg\" height=\"300\" width=\"700\" alt=\"HospitalClinicoFoto\" class=\"slider-1406 slide-44797 msDefaultImage\" title=\"HospitalClinicoFoto\" \/><\/li>\n                <li style=\"display: none; width: 100%;\" class=\"slide-44724 ms-image \" aria-roledescription=\"slide\" data-date=\"2024-07-26 08:01:46\" data-filename=\"HospitalCivilcarrousel-700x300.jpeg\" data-slide-type=\"image\"><img loading=\"lazy\" decoding=\"async\" src=\"https:\/\/ibima.eu\/wp-content\/uploads\/2024\/07\/HospitalCivilcarrousel-700x300.jpeg\" height=\"300\" width=\"700\" alt=\"HospitalCivilcarrousel\" class=\"slider-1406 slide-44724 msDefaultImage\" title=\"HospitalCivilcarrousel\" \/><\/li>\n                <li style=\"display: none; width: 100%;\" class=\"slide-44799 ms-image \" aria-roledescription=\"slide\" data-date=\"2024-07-26 10:43:34\" data-filename=\"Rajaa_Civil-700x300.webp\" data-slide-type=\"image\"><img loading=\"lazy\" decoding=\"async\" src=\"https:\/\/ibima.eu\/wp-content\/uploads\/2024\/07\/Rajaa_Civil-700x300.webp\" height=\"300\" width=\"700\" alt=\"Rajaa_Civil\" class=\"slider-1406 slide-44799 msDefaultImage\" title=\"Rajaa_Civil\" \/><\/li>\n            <\/ul>\n        <\/div>\n        \n    <\/div>\n<\/div>[\/et_pb_code][\/et_pb_column][\/et_pb_row][\/et_pb_section][et_pb_section fb_built=\u00bb1&#8243; custom_padding_last_edited=\u00bbon|phone\u00bb _builder_version=\u00bb4.20.4&#8243; _module_preset=\u00bbdefault\u00bb custom_margin=\u00bb5px||||false|false\u00bb custom_margin_tablet=\u00bb5px||||false|false\u00bb custom_margin_phone=\u00bb0px||-8px||false|false\u00bb custom_margin_last_edited=\u00bbon|phone\u00bb custom_padding_tablet=\u00bb\u00bb custom_padding_phone=\u00bb0px||0px||true|false\u00bb global_colors_info=\u00bb{}\u00bb][et_pb_row custom_padding_last_edited=\u00bbon|phone\u00bb _builder_version=\u00bb4.20.4&#8243; _module_preset=\u00bbdefault\u00bb width=\u00bb100%\u00bb max_width=\u00bb2100px\u00bb custom_padding_tablet=\u00bb\u00bb custom_padding_phone=\u00bb0px||0px||true|false\u00bb global_colors_info=\u00bb{}\u00bb][et_pb_column type=\u00bb4_4&#8243; _builder_version=\u00bb4.20.4&#8243; _module_preset=\u00bbdefault\u00bb global_colors_info=\u00bb{}\u00bb][et_pb_code _builder_version=\u00bb4.20.4&#8243; _module_preset=\u00bbdefault\u00bb global_colors_info=\u00bb{}\u00bb]<iframe src=\"https:\/\/www.google.com\/maps\/embed?pb=!1m14!1m8!1m3!1d12789.498595163248!2d-4.557252!3d36.7375774!3m2!1i1024!2i768!4f13.1!3m3!1m2!1s0xd72f02cae37e157%3A0x4f55fc9378b0633b!2sIBIMA%20Plataforma%20BIONAND!5e0!3m2!1ses!2ses!4v1682577456752!5m2!1ses!2ses\" width=\"2200\" height=\"500\" style=\"border:0;\" allowfullscreen=\"\" loading=\"lazy\" referrerpolicy=\"no-referrer-when-downgrade\"><\/iframe>[\/et_pb_code][\/et_pb_column][\/et_pb_row][\/et_pb_section]\n","protected":false},"excerpt":{"rendered":"<p>D\u00f3nde estamosEdificio IBIMA Plataforma BIONANDIBIMA Plataforma BIONAND se sit\u00faa en el M\u00e1laga TechPark \u2013 Parque Tecnol\u00f3gico de Andaluc\u00eda, junto con otros espacios dedicados a la investigaci\u00f3n cl\u00ednica en el Hospital Regional Universitario de M\u00e1laga, el Hospital Universitario Virgen de la Victoria, el Hospital Universitario Costa del Sol, el Distrito Sanitario M\u00e1laga-Guadalhorce de Atenci\u00f3n Primaria, y [&hellip;]<\/p>\n","protected":false},"author":1,"featured_media":0,"parent":0,"menu_order":0,"comment_status":"closed","ping_status":"closed","template":"","meta":{"_acf_changed":false,"_et_pb_use_builder":"on","_et_pb_old_content":"","_et_gb_content_width":"","footnotes":""},"class_list":["post-325","page","type-page","status-publish","hentry"],"acf":[],"yoast_head":"<!-- This site is optimized with the Yoast SEO plugin v27.4 - https:\/\/yoast.com\/product\/yoast-seo-wordpress\/ -->\n<title>D\u00f3nde estamos - Ibima<\/title>\n<meta name=\"description\" content=\"Si quieres saber d\u00f3nde estamos esta es tu p\u00e1gina. IBIMA se ubica en el M\u00e1laga Tech Park sede del Parque Tecnol\u00f3gico de Andaluc\u00eda.\" \/>\n<meta name=\"robots\" content=\"index, follow, max-snippet:-1, max-image-preview:large, max-video-preview:-1\" \/>\n<link rel=\"canonical\" href=\"https:\/\/ibima.eu\/es\/donde-estamos\/\" \/>\n<meta property=\"og:locale\" content=\"es_ES\" \/>\n<meta property=\"og:type\" content=\"article\" \/>\n<meta property=\"og:title\" content=\"D\u00f3nde estamos - Ibima\" \/>\n<meta property=\"og:description\" content=\"Si quieres saber d\u00f3nde estamos esta es tu p\u00e1gina. IBIMA se ubica en el M\u00e1laga Tech Park sede del Parque Tecnol\u00f3gico de Andaluc\u00eda.\" \/>\n<meta property=\"og:url\" content=\"https:\/\/ibima.eu\/es\/donde-estamos\/\" \/>\n<meta property=\"og:site_name\" content=\"Ibima\" \/>\n<meta property=\"article:modified_time\" content=\"2025-11-25T11:41:15+00:00\" \/>\n<meta name=\"twitter:card\" content=\"summary_large_image\" \/>\n<meta name=\"twitter:label1\" content=\"Tiempo de lectura\" \/>\n\t<meta name=\"twitter:data1\" content=\"4 minutos\" \/>\n<script type=\"application\/ld+json\" class=\"yoast-schema-graph\">{\"@context\":\"https:\\\/\\\/schema.org\",\"@graph\":[{\"@type\":\"WebPage\",\"@id\":\"https:\\\/\\\/ibima.eu\\\/donde-estamos\\\/\",\"url\":\"https:\\\/\\\/ibima.eu\\\/donde-estamos\\\/\",\"name\":\"D\u00f3nde estamos - Ibima\",\"isPartOf\":{\"@id\":\"https:\\\/\\\/ibima.eu\\\/es\\\/#website\"},\"datePublished\":\"2023-04-27T06:14:35+00:00\",\"dateModified\":\"2025-11-25T11:41:15+00:00\",\"description\":\"Si quieres saber d\u00f3nde estamos esta es tu p\u00e1gina. IBIMA se ubica en el M\u00e1laga Tech Park sede del Parque Tecnol\u00f3gico de Andaluc\u00eda.\",\"breadcrumb\":{\"@id\":\"https:\\\/\\\/ibima.eu\\\/donde-estamos\\\/#breadcrumb\"},\"inLanguage\":\"es\",\"potentialAction\":[{\"@type\":\"ReadAction\",\"target\":[\"https:\\\/\\\/ibima.eu\\\/donde-estamos\\\/\"]}]},{\"@type\":\"BreadcrumbList\",\"@id\":\"https:\\\/\\\/ibima.eu\\\/donde-estamos\\\/#breadcrumb\",\"itemListElement\":[{\"@type\":\"ListItem\",\"position\":1,\"name\":\"Portada\",\"item\":\"https:\\\/\\\/ibima.eu\\\/es\\\/\"},{\"@type\":\"ListItem\",\"position\":2,\"name\":\"D\u00f3nde estamos\"}]},{\"@type\":\"WebSite\",\"@id\":\"https:\\\/\\\/ibima.eu\\\/es\\\/#website\",\"url\":\"https:\\\/\\\/ibima.eu\\\/es\\\/\",\"name\":\"Ibima\",\"description\":\"\",\"potentialAction\":[{\"@type\":\"SearchAction\",\"target\":{\"@type\":\"EntryPoint\",\"urlTemplate\":\"https:\\\/\\\/ibima.eu\\\/es\\\/?s={search_term_string}\"},\"query-input\":{\"@type\":\"PropertyValueSpecification\",\"valueRequired\":true,\"valueName\":\"search_term_string\"}}],\"inLanguage\":\"es\"}]}<\/script>\n<!-- \/ Yoast SEO plugin. -->","yoast_head_json":{"title":"D\u00f3nde estamos - Ibima","description":"Si quieres saber d\u00f3nde estamos esta es tu p\u00e1gina. IBIMA se ubica en el M\u00e1laga Tech Park sede del Parque Tecnol\u00f3gico de Andaluc\u00eda.","robots":{"index":"index","follow":"follow","max-snippet":"max-snippet:-1","max-image-preview":"max-image-preview:large","max-video-preview":"max-video-preview:-1"},"canonical":"https:\/\/ibima.eu\/es\/donde-estamos\/","og_locale":"es_ES","og_type":"article","og_title":"D\u00f3nde estamos - Ibima","og_description":"Si quieres saber d\u00f3nde estamos esta es tu p\u00e1gina. IBIMA se ubica en el M\u00e1laga Tech Park sede del Parque Tecnol\u00f3gico de Andaluc\u00eda.","og_url":"https:\/\/ibima.eu\/es\/donde-estamos\/","og_site_name":"Ibima","article_modified_time":"2025-11-25T11:41:15+00:00","twitter_card":"summary_large_image","twitter_misc":{"Tiempo de lectura":"4 minutos"},"schema":{"@context":"https:\/\/schema.org","@graph":[{"@type":"WebPage","@id":"https:\/\/ibima.eu\/donde-estamos\/","url":"https:\/\/ibima.eu\/donde-estamos\/","name":"D\u00f3nde estamos - Ibima","isPartOf":{"@id":"https:\/\/ibima.eu\/es\/#website"},"datePublished":"2023-04-27T06:14:35+00:00","dateModified":"2025-11-25T11:41:15+00:00","description":"Si quieres saber d\u00f3nde estamos esta es tu p\u00e1gina. IBIMA se ubica en el M\u00e1laga Tech Park sede del Parque Tecnol\u00f3gico de Andaluc\u00eda.","breadcrumb":{"@id":"https:\/\/ibima.eu\/donde-estamos\/#breadcrumb"},"inLanguage":"es","potentialAction":[{"@type":"ReadAction","target":["https:\/\/ibima.eu\/donde-estamos\/"]}]},{"@type":"BreadcrumbList","@id":"https:\/\/ibima.eu\/donde-estamos\/#breadcrumb","itemListElement":[{"@type":"ListItem","position":1,"name":"Portada","item":"https:\/\/ibima.eu\/es\/"},{"@type":"ListItem","position":2,"name":"D\u00f3nde estamos"}]},{"@type":"WebSite","@id":"https:\/\/ibima.eu\/es\/#website","url":"https:\/\/ibima.eu\/es\/","name":"Ibima","description":"","potentialAction":[{"@type":"SearchAction","target":{"@type":"EntryPoint","urlTemplate":"https:\/\/ibima.eu\/es\/?s={search_term_string}"},"query-input":{"@type":"PropertyValueSpecification","valueRequired":true,"valueName":"search_term_string"}}],"inLanguage":"es"}]}},"_links":{"self":[{"href":"https:\/\/ibima.eu\/es\/wp-json\/wp\/v2\/pages\/325","targetHints":{"allow":["GET"]}}],"collection":[{"href":"https:\/\/ibima.eu\/es\/wp-json\/wp\/v2\/pages"}],"about":[{"href":"https:\/\/ibima.eu\/es\/wp-json\/wp\/v2\/types\/page"}],"author":[{"embeddable":true,"href":"https:\/\/ibima.eu\/es\/wp-json\/wp\/v2\/users\/1"}],"replies":[{"embeddable":true,"href":"https:\/\/ibima.eu\/es\/wp-json\/wp\/v2\/comments?post=325"}],"version-history":[{"count":4,"href":"https:\/\/ibima.eu\/es\/wp-json\/wp\/v2\/pages\/325\/revisions"}],"predecessor-version":[{"id":58546,"href":"https:\/\/ibima.eu\/es\/wp-json\/wp\/v2\/pages\/325\/revisions\/58546"}],"wp:attachment":[{"href":"https:\/\/ibima.eu\/es\/wp-json\/wp\/v2\/media?parent=325"}],"curies":[{"name":"wp","href":"https:\/\/api.w.org\/{rel}","templated":true}]}}