{"id":34560,"date":"2024-03-12T09:49:44","date_gmt":"2024-03-12T09:49:44","guid":{"rendered":"https:\/\/ibima.eu\/?page_id=34560"},"modified":"2026-03-22T09:35:44","modified_gmt":"2026-03-22T09:35:44","slug":"movilidad-y-estancias-2","status":"publish","type":"page","link":"https:\/\/ibima.eu\/es\/movilidad-y-estancias-2\/","title":{"rendered":"Ayudas Activas para la Movilidad y Estancias"},"content":{"rendered":"<p>[et_pb_section fb_built=\u00bb1&#8243; _builder_version=\u00bb4.20.4&#8243; _module_preset=\u00bbdefault\u00bb background_image=\u00bbhttps:\/\/ibima.eu\/wp-content\/uploads\/2023\/04\/FotoWeb-min-1000&#215;500-1.jpg\u00bb global_colors_info=\u00bb{}\u00bb][et_pb_row _builder_version=\u00bb4.20.4&#8243; _module_preset=\u00bbdefault\u00bb custom_padding=\u00bb250px||30px||false|false\u00bb global_colors_info=\u00bb{}\u00bb][et_pb_column type=\u00bb4_4&#8243; _builder_version=\u00bb4.20.4&#8243; _module_preset=\u00bbdefault\u00bb global_colors_info=\u00bb{}\u00bb][et_pb_text _builder_version=\u00bb4.23.2&#8243; _module_preset=\u00bbdefault\u00bb header_2_font=\u00bbPoppins|700|||||||\u00bb header_2_text_color=\u00bb#FFFFFF\u00bb header_2_font_size=\u00bb46px\u00bb header_2_font_size_tablet=\u00bb46px\u00bb header_2_font_size_phone=\u00bb40px\u00bb header_2_font_size_last_edited=\u00bbon|phone\u00bb global_colors_info=\u00bb{}\u00bb]<\/p>\n<h2><span>AYUDAS ACTIVAS PARA LA MOVILIDAD<\/span><\/h2>\n<p>[\/et_pb_text][\/et_pb_column][\/et_pb_row][\/et_pb_section][et_pb_section fb_built=\u00bb1&#8243; _builder_version=\u00bb4.20.4&#8243; _module_preset=\u00bbdefault\u00bb global_colors_info=\u00bb{}\u00bb][et_pb_row _builder_version=\u00bb4.24.3&#8243; _module_preset=\u00bbdefault\u00bb width=\u00bb60%\u00bb custom_padding=\u00bb50px||50px||true|false\u00bb global_colors_info=\u00bb{}\u00bb][et_pb_column type=\u00bb4_4&#8243; _builder_version=\u00bb4.20.4&#8243; _module_preset=\u00bbdefault\u00bb global_colors_info=\u00bb{}\u00bb][et_pb_blurb image_icon_width=\u00bb43%\u00bb content_max_width=\u00bb1100px\u00bb _builder_version=\u00bb4.24.2&#8243; _module_preset=\u00bbdefault\u00bb header_font=\u00bbPoppins||||||||\u00bb body_font=\u00bbPoppins||||||||\u00bb global_colors_info=\u00bb{}\u00bb]<\/p>\n<p>Este espacio est\u00e1 reservado para la publicaci\u00f3n de las distintas ayudas<span>\u00a0<\/span><strong>ACTIVAS<\/strong><span>\u00a0<\/span>que se publiquen en distintos canales de comunicaci\u00f3n destinados a fomentar la Movilidad del personal investigador<\/p>\n<p>&nbsp;<\/p>\n<p>[\/et_pb_blurb][et_pb_blurb title=\u00bbA\u00f1o 2026&#8243; image_icon_width=\u00bb43%\u00bb content_max_width=\u00bb1100px\u00bb _builder_version=\u00bb4.27.5&#8243; _module_preset=\u00bbdefault\u00bb header_level=\u00bbh2&#8243; header_font=\u00bbPoppins||||||||\u00bb body_font=\u00bbPoppins||||||||\u00bb custom_margin=\u00bb||8px||false|false\u00bb global_colors_info=\u00bb{}\u00bb][\/et_pb_blurb][et_pb_blurb title=\u00bbProgramas de Internacionalizaci\u00f3n y de Atracci\u00f3n de Talento Internacional\u00bb image_icon_width=\u00bb43%\u00bb content_max_width=\u00bb1100px\u00bb _builder_version=\u00bb4.27.4&#8243; _module_preset=\u00bbdefault\u00bb header_level=\u00bbh3&#8243; header_font=\u00bbPoppins||||||||\u00bb header_text_color=\u00bb#0C71C3&#8243; body_font=\u00bbPoppins||||||||\u00bb custom_margin=\u00bb||15px||false|false\u00bb global_colors_info=\u00bb{}\u00bb][\/et_pb_blurb][et_pb_blurb title=\u00bbEFSD &#8211; EUROPEAN FOUNDATION FOR THE STUDY OF DIABETES\u00bb image_icon_width=\u00bb43%\u00bb content_max_width=\u00bb1100px\u00bb _builder_version=\u00bb4.27.5&#8243; _module_preset=\u00bbdefault\u00bb header_font=\u00bbPoppins||||||||\u00bb body_font=\u00bbPoppins||||||||\u00bb custom_margin=\u00bb20px||||false|false\u00bb hover_enabled=\u00bb0&#8243; global_colors_info=\u00bb{}\u00bb sticky_enabled=\u00bb0&#8243;]<\/p>\n<p><strong>ALBERT RENOLD TRAVEL FELLOWSHIP PROGRAMME 2026<\/strong><\/p>\n<p style=\"text-align: justify;\">Ayudas de movilidad dirigidas a miembros j\u00f3venes de la EFSD para el aprendizaje de t\u00e9cnicas de investigaci\u00f3n en diabetes. La instituci\u00f3n de origen y\/o destino deber\u00e1n estar ubicado en un pa\u00eds europeo o asociado, ambas deber\u00e1n ser organizaciones sin \u00e1nimo de lucro y estar ubicadas en pa\u00edses diferentes.<\/p>\n<ul>\n<li><span>Dotaci\u00f3n econ\u00f3mica: <\/span><span>m\u00e1ximo 10.000\u20ac.<\/span><\/li>\n<li><span>Duraci\u00f3n:<\/span> m\u00e1ximo tres meses.<\/li>\n<li><span>Presentaci\u00f3n de solicitudes:<\/span> <strong>hasta el 15 de abril de 2026 a las 12:00h.<\/strong><\/li>\n<li><span>M\u00e1s informaci\u00f3n:<\/span> <a href=\"https:\/\/www.sspa.juntadeandalucia.es\/fundacionprogresoysalud\/investigamas\/solucion\/serOportunidadesFinanciacionId\/1116\/DET\/16408\">HTML<\/a> \u00a0\u00a0\u00a0\u00a0\u00a0\u00a0\u00a0\u00a0\u00a0\u00a0 <a href=\"https:\/\/consigna.juntadeandalucia.es\/b87a2d1e9784272d28e8814674f92906\/descarga\">PDF<\/a><\/li>\n<\/ul>\n<p>[\/et_pb_blurb][et_pb_blurb title=\u00bbBAYER HEALTHCARE AG\u00bb image_icon_width=\u00bb43%\u00bb content_max_width=\u00bb1100px\u00bb _builder_version=\u00bb4.27.5&#8243; _module_preset=\u00bbdefault\u00bb header_font=\u00bbPoppins||||||||\u00bb body_font=\u00bbPoppins||||||||\u00bb custom_margin=\u00bb20px||||false|false\u00bb hover_enabled=\u00bb0&#8243; global_colors_info=\u00bb{}\u00bb sticky_enabled=\u00bb0&#8243;]<\/p>\n<p><strong>BAYER FOUNDATION SCIENTIFIC FELLOWSHIPS 2026<\/strong><\/p>\n<p style=\"text-align: justify;\">Becas dise\u00f1adas para mejorar o complementar estudios existentes de m\u00e1ster, doctorado o medicina proporcionando financiaci\u00f3n adicional para estancias internacionales o actividades de investigaci\u00f3n. Los estudiantes fuera de Alemania deben realizar las becas en Alemania y los estudiantes alemanes realizar\u00e1n las becas fuera de su pa\u00eds.<\/p>\n<ul>\n<li><span>Dotaci\u00f3n econ\u00f3mica: <\/span><span>m\u00e1ximo 10.000\u20ac\/beca.<\/span><\/li>\n<li><span>Duraci\u00f3n:<\/span> m\u00e1ximo 6 meses.<\/li>\n<li><span>Presentaci\u00f3n de solicitudes:<\/span> <strong>hasta el 15 de abril de 2026.<\/strong><\/li>\n<li><span>M\u00e1s informaci\u00f3n:<\/span> <a href=\"https:\/\/www.sspa.juntadeandalucia.es\/fundacionprogresoysalud\/investigamas\/solucion\/serOportunidadesFinanciacionId\/1116\/DET\/17021\">HTML<\/a> \u00a0\u00a0\u00a0\u00a0\u00a0\u00a0\u00a0\u00a0\u00a0\u00a0 <a href=\"https:\/\/consigna.juntadeandalucia.es\/d54d2c295d72a60e156780b0382c7857\/descarga\">PDF<\/a><\/li>\n<\/ul>\n<p>[\/et_pb_blurb][et_pb_blurb title=\u00bbFENS &#8211; FEDERATION OF EUROPEAN NEUROSCIENCE SOCIETIES\u00bb image_icon_width=\u00bb43%\u00bb content_max_width=\u00bb1100px\u00bb _builder_version=\u00bb4.27.5&#8243; _module_preset=\u00bbdefault\u00bb header_font=\u00bbPoppins||||||||\u00bb body_font=\u00bbPoppins||||||||\u00bb custom_margin=\u00bb20px||||false|false\u00bb hover_enabled=\u00bb0&#8243; global_colors_info=\u00bb{}\u00bb sticky_enabled=\u00bb0&#8243;]<\/p>\n<p><strong>FENS\/IBRO-PERC EXCHANGE FELLOWSHIPS 2026<\/strong><\/p>\n<p style=\"text-align: justify;\">Programa de intercambio de profesionales entre instituciones europeas en el campo de las neurociencias dirigido a estudiantes de m\u00e1ster, doctorado y becarios postdoctorales miembros de una sociedad FENS, miembros individuales de FENS o miembros de una organizaci\u00f3n miembro de <em>International Brain Research Organisation<\/em> (IBRO) en la regi\u00f3n paneuropea.<\/p>\n<ul>\n<li style=\"text-align: justify;\"><span>Dotaci\u00f3n econ\u00f3mica:<\/span> 4.000\u20ac\/beca.<\/li>\n<li><span>Duraci\u00f3n:<\/span> m\u00e1ximo cuatro meses<span>.<\/span><\/li>\n<li><span>Presentaci\u00f3n de solicitudes:<\/span> <strong>hasta el 15 de abril de 2026.<\/strong><\/li>\n<li><span>M\u00e1s informaci\u00f3n:<\/span> <a href=\"https:\/\/www.sspa.juntadeandalucia.es\/fundacionprogresoysalud\/investigamas\/solucion\/serOportunidadesFinanciacionId\/1116\/DET\/17084\">HTML<\/a> \u00a0\u00a0\u00a0\u00a0\u00a0\u00a0\u00a0\u00a0\u00a0\u00a0 <a href=\"https:\/\/consigna.juntadeandalucia.es\/6efd010fe3007275f2b53800f65cecdb\/descarga\">PDF<\/a><\/li>\n<\/ul>\n<p>[\/et_pb_blurb][et_pb_blurb title=\u00bbESR &#8211; EUROPEAN SOCIETY OF RADIOLOGY\u00bb image_icon_width=\u00bb43%\u00bb content_max_width=\u00bb1100px\u00bb _builder_version=\u00bb4.27.5&#8243; _module_preset=\u00bbdefault\u00bb header_font=\u00bbPoppins||||||||\u00bb body_font=\u00bbPoppins||||||||\u00bb custom_margin=\u00bb20px||||false|false\u00bb global_colors_info=\u00bb{}\u00bb]<\/p>\n<p style=\"text-align: justify;\"><strong>VISITING SCHOLARSHIP PROGRAMMES EUROPE 2026. <\/strong>Dirigidas a residentes en radiolog\u00eda entre tercer y quinto a\u00f1o que deseen beneficiarse de una formaci\u00f3n tres meses, donde los becarios recibir\u00e1n una introducci\u00f3n estructurada y modular a distintas subespecialidades en radiolog\u00eda y ser\u00e1n supervisados por un tutor especializado en un centro acad\u00e9mico de formaci\u00f3n preseleccionado y de gran prestigio en Europa.<\/p>\n<ul>\n<li style=\"text-align: justify;\"><span>Dotaci\u00f3n econ\u00f3mica:<\/span> <span>3.500\u20ac.<\/span><\/li>\n<li><span>Duraci\u00f3n: <\/span><span>tres meses.<\/span><\/li>\n<li><span>M\u00e1s informaci\u00f3n:<\/span> <a href=\"https:\/\/www.sspa.juntadeandalucia.es\/fundacionprogresoysalud\/investigamas\/solucion\/serOportunidadesFinanciacionId\/1116\/DET\/16991\">HTML<\/a> \u00a0\u00a0\u00a0 \u00a0\u00a0<a href=\"https:\/\/www.sspa.juntadeandalucia.es\/fundacionprogresoysalud\/investigamas\/fps-convocatorias\/jsf\/convocatoria\/composicionConsultaConvocatoria.faces?modoLlamada=DET&amp;idConvocatoria=16991&amp;mobile=false\">PDF<\/a><\/li>\n<\/ul>\n<p><strong>EXCHANGE PROGRAMMES FOR FELLOWSHIPS EUROPE 2026. <\/strong>Dirigidas a miembros que est\u00e9n en los tres o cuatro a\u00f1os posteriores a la obtenci\u00f3n de la especialidad, para la realizaci\u00f3n de estancias formativas en los principales centros de referencia europeos en el campo de la radiolog\u00eda.<\/p>\n<ul>\n<li><span>Dotaci\u00f3n econ\u00f3mica:<\/span> <span>3.500\u20ac.<\/span><\/li>\n<li><span>Duraci\u00f3n: <\/span><span>tres meses.<\/span><\/li>\n<li><span>M\u00e1s informaci\u00f3n:<\/span> <a href=\"https:\/\/www.sspa.juntadeandalucia.es\/fundacionprogresoysalud\/investigamas\/solucion\/serOportunidadesFinanciacionId\/1116\/DET\/16874\">HTML<\/a> \u00a0\u00a0\u00a0 \u00a0\u00a0<a href=\"https:\/\/www.sspa.juntadeandalucia.es\/fundacionprogresoysalud\/investigamas\/fps-convocatorias\/jsf\/convocatoria\/composicionConsultaConvocatoria.faces?modoLlamada=DET&amp;idConvocatoria=16874&amp;mobile=false\">PDF<\/a><\/li>\n<\/ul>\n<p><span>Presentaci\u00f3n de solicitudes:<\/span> <strong>hasta el 23 de marzo de 2026.<\/strong><\/p>\n<p>[\/et_pb_blurb][\/et_pb_column][\/et_pb_row][\/et_pb_section]<\/p>\n","protected":false},"excerpt":{"rendered":"<p>AYUDAS ACTIVAS PARA LA MOVILIDADEste espacio est\u00e1 reservado para la publicaci\u00f3n de las distintas ayudas\u00a0ACTIVAS\u00a0que se publiquen en distintos canales de comunicaci\u00f3n destinados a fomentar la Movilidad del personal investigador &nbsp;ALBERT RENOLD TRAVEL FELLOWSHIP PROGRAMME 2026 Ayudas de movilidad dirigidas a miembros j\u00f3venes de la EFSD para el aprendizaje de t\u00e9cnicas de investigaci\u00f3n en diabetes. [&hellip;]<\/p>\n","protected":false},"author":2,"featured_media":0,"parent":0,"menu_order":0,"comment_status":"closed","ping_status":"closed","template":"","meta":{"_acf_changed":false,"_et_pb_use_builder":"on","_et_pb_old_content":"","_et_gb_content_width":"","footnotes":""},"class_list":["post-34560","page","type-page","status-publish","hentry"],"acf":[],"yoast_head":"<!-- This site is optimized with the Yoast SEO plugin v27.3 - https:\/\/yoast.com\/product\/yoast-seo-wordpress\/ -->\n<title>Ayudas Activas para la Movilidad y Estancias - Ibima<\/title>\n<meta name=\"description\" content=\"Conoce las ayudas a movilidad y estancias de la Unidad de Internacional del Instituto de Investigaci\u00f3n Biom\u00e9dica de M\u00e1laga\" \/>\n<meta name=\"robots\" content=\"index, follow, max-snippet:-1, max-image-preview:large, max-video-preview:-1\" \/>\n<link rel=\"canonical\" href=\"https:\/\/ibima.eu\/es\/movilidad-y-estancias-2\/\" \/>\n<meta property=\"og:locale\" content=\"es_ES\" \/>\n<meta property=\"og:type\" content=\"article\" \/>\n<meta property=\"og:title\" content=\"Ayudas Activas para la Movilidad y Estancias - Ibima\" \/>\n<meta property=\"og:description\" content=\"Conoce las ayudas a movilidad y estancias de la Unidad de Internacional del Instituto de Investigaci\u00f3n Biom\u00e9dica de M\u00e1laga\" \/>\n<meta property=\"og:url\" content=\"https:\/\/ibima.eu\/es\/movilidad-y-estancias-2\/\" \/>\n<meta property=\"og:site_name\" content=\"Ibima\" \/>\n<meta property=\"article:modified_time\" content=\"2026-03-22T09:35:44+00:00\" \/>\n<meta name=\"twitter:card\" content=\"summary_large_image\" \/>\n<meta name=\"twitter:label1\" content=\"Tiempo de lectura\" \/>\n\t<meta name=\"twitter:data1\" content=\"2 minutos\" \/>\n<script type=\"application\/ld+json\" class=\"yoast-schema-graph\">{\"@context\":\"https:\\\/\\\/schema.org\",\"@graph\":[{\"@type\":\"WebPage\",\"@id\":\"https:\\\/\\\/ibima.eu\\\/es\\\/movilidad-y-estancias-2\\\/\",\"url\":\"https:\\\/\\\/ibima.eu\\\/es\\\/movilidad-y-estancias-2\\\/\",\"name\":\"Ayudas Activas para la Movilidad y Estancias - Ibima\",\"isPartOf\":{\"@id\":\"https:\\\/\\\/ibima.eu\\\/es\\\/#website\"},\"datePublished\":\"2024-03-12T09:49:44+00:00\",\"dateModified\":\"2026-03-22T09:35:44+00:00\",\"description\":\"Conoce las ayudas a movilidad y estancias de la Unidad de Internacional del Instituto de Investigaci\u00f3n Biom\u00e9dica de M\u00e1laga\",\"breadcrumb\":{\"@id\":\"https:\\\/\\\/ibima.eu\\\/es\\\/movilidad-y-estancias-2\\\/#breadcrumb\"},\"inLanguage\":\"es\",\"potentialAction\":[{\"@type\":\"ReadAction\",\"target\":[\"https:\\\/\\\/ibima.eu\\\/es\\\/movilidad-y-estancias-2\\\/\"]}]},{\"@type\":\"BreadcrumbList\",\"@id\":\"https:\\\/\\\/ibima.eu\\\/es\\\/movilidad-y-estancias-2\\\/#breadcrumb\",\"itemListElement\":[{\"@type\":\"ListItem\",\"position\":1,\"name\":\"Portada\",\"item\":\"https:\\\/\\\/ibima.eu\\\/es\\\/\"},{\"@type\":\"ListItem\",\"position\":2,\"name\":\"Ayudas Activas para la Movilidad y Estancias\"}]},{\"@type\":\"WebSite\",\"@id\":\"https:\\\/\\\/ibima.eu\\\/es\\\/#website\",\"url\":\"https:\\\/\\\/ibima.eu\\\/es\\\/\",\"name\":\"Ibima\",\"description\":\"\",\"potentialAction\":[{\"@type\":\"SearchAction\",\"target\":{\"@type\":\"EntryPoint\",\"urlTemplate\":\"https:\\\/\\\/ibima.eu\\\/es\\\/?s={search_term_string}\"},\"query-input\":{\"@type\":\"PropertyValueSpecification\",\"valueRequired\":true,\"valueName\":\"search_term_string\"}}],\"inLanguage\":\"es\"}]}<\/script>\n<!-- \/ Yoast SEO plugin. -->","yoast_head_json":{"title":"Ayudas Activas para la Movilidad y Estancias - Ibima","description":"Conoce las ayudas a movilidad y estancias de la Unidad de Internacional del Instituto de Investigaci\u00f3n Biom\u00e9dica de M\u00e1laga","robots":{"index":"index","follow":"follow","max-snippet":"max-snippet:-1","max-image-preview":"max-image-preview:large","max-video-preview":"max-video-preview:-1"},"canonical":"https:\/\/ibima.eu\/es\/movilidad-y-estancias-2\/","og_locale":"es_ES","og_type":"article","og_title":"Ayudas Activas para la Movilidad y Estancias - Ibima","og_description":"Conoce las ayudas a movilidad y estancias de la Unidad de Internacional del Instituto de Investigaci\u00f3n Biom\u00e9dica de M\u00e1laga","og_url":"https:\/\/ibima.eu\/es\/movilidad-y-estancias-2\/","og_site_name":"Ibima","article_modified_time":"2026-03-22T09:35:44+00:00","twitter_card":"summary_large_image","twitter_misc":{"Tiempo de lectura":"2 minutos"},"schema":{"@context":"https:\/\/schema.org","@graph":[{"@type":"WebPage","@id":"https:\/\/ibima.eu\/es\/movilidad-y-estancias-2\/","url":"https:\/\/ibima.eu\/es\/movilidad-y-estancias-2\/","name":"Ayudas Activas para la Movilidad y Estancias - Ibima","isPartOf":{"@id":"https:\/\/ibima.eu\/es\/#website"},"datePublished":"2024-03-12T09:49:44+00:00","dateModified":"2026-03-22T09:35:44+00:00","description":"Conoce las ayudas a movilidad y estancias de la Unidad de Internacional del Instituto de Investigaci\u00f3n Biom\u00e9dica de M\u00e1laga","breadcrumb":{"@id":"https:\/\/ibima.eu\/es\/movilidad-y-estancias-2\/#breadcrumb"},"inLanguage":"es","potentialAction":[{"@type":"ReadAction","target":["https:\/\/ibima.eu\/es\/movilidad-y-estancias-2\/"]}]},{"@type":"BreadcrumbList","@id":"https:\/\/ibima.eu\/es\/movilidad-y-estancias-2\/#breadcrumb","itemListElement":[{"@type":"ListItem","position":1,"name":"Portada","item":"https:\/\/ibima.eu\/es\/"},{"@type":"ListItem","position":2,"name":"Ayudas Activas para la Movilidad y Estancias"}]},{"@type":"WebSite","@id":"https:\/\/ibima.eu\/es\/#website","url":"https:\/\/ibima.eu\/es\/","name":"Ibima","description":"","potentialAction":[{"@type":"SearchAction","target":{"@type":"EntryPoint","urlTemplate":"https:\/\/ibima.eu\/es\/?s={search_term_string}"},"query-input":{"@type":"PropertyValueSpecification","valueRequired":true,"valueName":"search_term_string"}}],"inLanguage":"es"}]}},"_links":{"self":[{"href":"https:\/\/ibima.eu\/es\/wp-json\/wp\/v2\/pages\/34560","targetHints":{"allow":["GET"]}}],"collection":[{"href":"https:\/\/ibima.eu\/es\/wp-json\/wp\/v2\/pages"}],"about":[{"href":"https:\/\/ibima.eu\/es\/wp-json\/wp\/v2\/types\/page"}],"author":[{"embeddable":true,"href":"https:\/\/ibima.eu\/es\/wp-json\/wp\/v2\/users\/2"}],"replies":[{"embeddable":true,"href":"https:\/\/ibima.eu\/es\/wp-json\/wp\/v2\/comments?post=34560"}],"version-history":[{"count":24,"href":"https:\/\/ibima.eu\/es\/wp-json\/wp\/v2\/pages\/34560\/revisions"}],"predecessor-version":[{"id":60510,"href":"https:\/\/ibima.eu\/es\/wp-json\/wp\/v2\/pages\/34560\/revisions\/60510"}],"wp:attachment":[{"href":"https:\/\/ibima.eu\/es\/wp-json\/wp\/v2\/media?parent=34560"}],"curies":[{"name":"wp","href":"https:\/\/api.w.org\/{rel}","templated":true}]}}