{"id":396,"date":"2023-05-10T09:55:36","date_gmt":"2023-05-10T09:55:36","guid":{"rendered":"https:\/\/prueba.ibima.eu\/?page_id=396"},"modified":"2025-11-25T11:33:10","modified_gmt":"2025-11-25T11:33:10","slug":"area-7","status":"publish","type":"page","link":"https:\/\/ibima.eu\/es\/area-7\/","title":{"rendered":"\u00c1rea 7"},"content":{"rendered":"\n[et_pb_section fb_built=\u00bb1&#8243; _builder_version=\u00bb4.20.4&#8243; _module_preset=\u00bbdefault\u00bb background_image=\u00bbhttps:\/\/ibima.eu\/wp-content\/uploads\/2023\/04\/FotoWeb-min-1000&#215;500-1.jpg\u00bb global_colors_info=\u00bb{}\u00bb][et_pb_row _builder_version=\u00bb4.20.4&#8243; _module_preset=\u00bbdefault\u00bb custom_padding=\u00bb250px||30px||false|false\u00bb global_colors_info=\u00bb{}\u00bb][et_pb_column type=\u00bb4_4&#8243; _builder_version=\u00bb4.20.4&#8243; _module_preset=\u00bbdefault\u00bb global_colors_info=\u00bb{}\u00bb][et_pb_text _builder_version=\u00bb4.20.4&#8243; _module_preset=\u00bbdefault\u00bb header_2_font=\u00bbPoppins|700|||||||\u00bb header_2_text_color=\u00bb#FFFFFF\u00bb header_2_font_size=\u00bb46px\u00bb global_colors_info=\u00bb{}\u00bb]<h2>\u00c1rea 7<\/h2>\n<p>&nbsp;<\/p>[\/et_pb_text][\/et_pb_column][\/et_pb_row][\/et_pb_section][et_pb_section fb_built=\u00bb1&#8243; _builder_version=\u00bb4.20.4&#8243; _module_preset=\u00bbdefault\u00bb background_color=\u00bb#43a5d3&#8243; global_colors_info=\u00bb{}\u00bb][et_pb_row _builder_version=\u00bb4.20.4&#8243; _module_preset=\u00bbdefault\u00bb global_colors_info=\u00bb{}\u00bb][et_pb_column type=\u00bb4_4&#8243; _builder_version=\u00bb4.20.4&#8243; _module_preset=\u00bbdefault\u00bb global_colors_info=\u00bb{}\u00bb][et_pb_menu menu_id=\u00bb12&#8243; active_link_color=\u00bb#FFFFFF\u00bb _builder_version=\u00bb4.20.4&#8243; _module_preset=\u00bbdefault\u00bb menu_font=\u00bbMontserrat|700|||||||\u00bb menu_font_size=\u00bb20px\u00bb background_enable_color=\u00bboff\u00bb text_orientation=\u00bbcenter\u00bb custom_padding=\u00bb30px||30px||true|false\u00bb global_colors_info=\u00bb{}\u00bb][\/et_pb_menu][\/et_pb_column][\/et_pb_row][\/et_pb_section][et_pb_section fb_built=\u00bb1&#8243; _builder_version=\u00bb4.20.4&#8243; _module_preset=\u00bbdefault\u00bb custom_margin=\u00bb80px||||false|false\u00bb global_colors_info=\u00bb{}\u00bb][et_pb_row _builder_version=\u00bb4.20.4&#8243; _module_preset=\u00bbdefault\u00bb global_colors_info=\u00bb{}\u00bb][et_pb_column type=\u00bb4_4&#8243; _builder_version=\u00bb4.20.4&#8243; _module_preset=\u00bbdefault\u00bb global_colors_info=\u00bb{}\u00bb][et_pb_text _builder_version=\u00bb4.20.4&#8243; _module_preset=\u00bbdefault\u00bb text_font=\u00bbPoppins|700|||||||\u00bb text_text_color=\u00bb#235b78&#8243; header_font=\u00bbPoppins|700|||||||\u00bb header_text_color=\u00bb#235b78&#8243; global_colors_info=\u00bb{}\u00bb]<h1>NANODIAGN\u00d3STICO<\/h1>[\/et_pb_text][\/et_pb_column][\/et_pb_row][\/et_pb_section][et_pb_section fb_built=\u00bb1&#8243; _builder_version=\u00bb4.20.4&#8243; _module_preset=\u00bbdefault\u00bb custom_margin=\u00bb80px||||false|false\u00bb global_colors_info=\u00bb{}\u00bb][et_pb_row column_structure=\u00bb1_4,1_4,1_4,1_4&#8243; use_custom_gutter=\u00bbon\u00bb make_equal=\u00bbon\u00bb _builder_version=\u00bb4.24.2&#8243; _module_preset=\u00bbdefault\u00bb width=\u00bb100%\u00bb custom_margin=\u00bb5px||||false|false\u00bb global_colors_info=\u00bb{}\u00bb][et_pb_column type=\u00bb1_4&#8243; _builder_version=\u00bb4.20.4&#8243; _module_preset=\u00bbdefault\u00bb custom_padding=\u00bb||||false|false\u00bb global_colors_info=\u00bb{}\u00bb][et_pb_image src=\u00bbhttps:\/\/ibima.eu\/wp-content\/uploads\/2024\/07\/MarisaNano2.jpg\u00bb title_text=\u00bbMarisaNano2&#8243; force_fullwidth=\u00bbon\u00bb _builder_version=\u00bb4.27.0&#8243; _module_preset=\u00bbdefault\u00bb global_colors_info=\u00bb{}\u00bb][\/et_pb_image][\/et_pb_column][et_pb_column type=\u00bb1_4&#8243; _builder_version=\u00bb4.20.4&#8243; _module_preset=\u00bbdefault\u00bb background_color=\u00bb#43a5d3&#8243; custom_padding=\u00bb|5px|||false|false\u00bb border_width_right=\u00bb4px\u00bb border_color_right=\u00bb#FFFFFF\u00bb global_colors_info=\u00bb{}\u00bb][et_pb_text _builder_version=\u00bb4.20.4&#8243; _module_preset=\u00bbdefault\u00bb header_4_font=\u00bbPoppins|800|||||||\u00bb header_4_text_color=\u00bb#235b78&#8243; header_4_font_size=\u00bb34px\u00bb header_6_font=\u00bbPoppins|700|||||||\u00bb header_6_text_color=\u00bb#235b78&#8243; header_6_font_size=\u00bb32px\u00bb min_height=\u00bb200px\u00bb custom_padding=\u00bb80px|||50px|false|false\u00bb global_colors_info=\u00bb{}\u00bb]<h4>COORDINADORA<br \/>DEL \u00c1REA<\/h4>\n<p>&nbsp;<\/p>[\/et_pb_text][et_pb_text _builder_version=\u00bb4.23.4&#8243; _module_preset=\u00bbdefault\u00bb text_font=\u00bbMontserrat|500|||||||\u00bb text_text_color=\u00bb#FFFFFF\u00bb text_font_size=\u00bb25px\u00bb header_6_font=\u00bbPoppins|500|||||||\u00bb header_6_text_color=\u00bb#FFFFFF\u00bb header_6_font_size=\u00bb24px\u00bb header_6_line_height=\u00bb1.4em\u00bb custom_padding=\u00bb20px|||50px|false|false\u00bb global_colors_info=\u00bb{}\u00bb]<h6>Mar\u00eda Luisa Garc\u00eda Mart\u00edn<\/h6>[\/et_pb_text][et_pb_button button_url=\u00bbhttps:\/\/ibima.eu\/wp-content\/uploads\/2024\/01\/Articulo-presente-y-futuro-investigacion-clinica.pdf\u00bb url_new_window=\u00bbon\u00bb button_text=\u00bbCURRICULUM VITAE\u00bb button_alignment=\u00bbcenter\u00bb module_class=\u00bbpopmake-44380\t\u00bb _builder_version=\u00bb4.27.0&#8243; _module_preset=\u00bbdefault\u00bb custom_button=\u00bbon\u00bb button_text_size=\u00bb17px\u00bb button_text_color=\u00bb#ffffff\u00bb button_bg_color=\u00bbgcid-3dc4bbe4-c2a6-41d8-9100-a62c429ab32e\u00bb button_border_width=\u00bb0px\u00bb button_border_radius=\u00bb12px\u00bb button_font=\u00bbPoppins||||||||\u00bb button_icon=\u00bb&#x39;||divi||400&#8243; custom_margin=\u00bb25px||25px||true|false\u00bb custom_padding=\u00bb||||false|false\u00bb locked=\u00bboff\u00bb global_colors_info=\u00bb{%22gcid-3dc4bbe4-c2a6-41d8-9100-a62c429ab32e%22:%91%22button_bg_color%22%93}\u00bb][\/et_pb_button][\/et_pb_column][et_pb_column type=\u00bb1_4&#8243; _builder_version=\u00bb4.24.2&#8243; _module_preset=\u00bbdefault\u00bb background_color=\u00bb#235b78&#8243; global_colors_info=\u00bb{}\u00bb][\/et_pb_column][et_pb_column type=\u00bb1_4&#8243; _builder_version=\u00bb4.20.4&#8243; _module_preset=\u00bbdefault\u00bb background_color=\u00bb#235b78&#8243; border_color_left=\u00bb#FFFFFF\u00bb global_colors_info=\u00bb{}\u00bb][\/et_pb_column][\/et_pb_row][\/et_pb_section][et_pb_section fb_built=\u00bb1&#8243; _builder_version=\u00bb4.20.4&#8243; _module_preset=\u00bbdefault\u00bb background_color=\u00bb#235b78&#8243; custom_padding=\u00bb30px||30px||true|false\u00bb global_colors_info=\u00bb{}\u00bb][et_pb_row _builder_version=\u00bb4.20.4&#8243; _module_preset=\u00bbdefault\u00bb global_colors_info=\u00bb{}\u00bb][et_pb_column type=\u00bb4_4&#8243; _builder_version=\u00bb4.20.4&#8243; _module_preset=\u00bbdefault\u00bb global_colors_info=\u00bb{}\u00bb][et_pb_text _builder_version=\u00bb4.20.4&#8243; _module_preset=\u00bbdefault\u00bb header_3_font=\u00bbPoppins|700|||||||\u00bb header_3_text_color=\u00bb#FFFFFF\u00bb header_3_font_size=\u00bb34px\u00bb global_colors_info=\u00bb{}\u00bb]<h3>Grupos de investigaci\u00f3n del \u00c1rea<\/h3>[\/et_pb_text][\/et_pb_column][\/et_pb_row][\/et_pb_section][et_pb_section fb_built=\u00bb1&#8243; _builder_version=\u00bb4.24.1&#8243; _module_preset=\u00bbdefault\u00bb custom_padding=\u00bb50px||50px||false|false\u00bb global_colors_info=\u00bb{}\u00bb][et_pb_row column_structure=\u00bb1_3,1_3,1_3&#8243; use_custom_gutter=\u00bbon\u00bb gutter_width=\u00bb2&#8243; make_equal=\u00bbon\u00bb _builder_version=\u00bb4.24.1&#8243; _module_preset=\u00bbdefault\u00bb global_colors_info=\u00bb{}\u00bb][et_pb_column type=\u00bb1_3&#8243; _builder_version=\u00bb4.20.4&#8243; _module_preset=\u00bbdefault\u00bb global_colors_info=\u00bb{}\u00bb][et_pb_blurb title=\u00bbG-01 &#8211; BIOMEDICAL MAGNETIC RESONANCE LABORATORY (BMRL) \u00bb image=\u00bbhttps:\/\/ibima.eu\/wp-content\/uploads\/2023\/10\/Foto_Nanoimagen_Marisa-e1709279702696.jpg\u00bb icon_placement=\u00bbleft\u00bb image_icon_width=\u00bb71px\u00bb _builder_version=\u00bb4.27.0&#8243; _module_preset=\u00bbdefault\u00bb header_font=\u00bbPoppins||||||||\u00bb header_text_color=\u00bb#24a8d7&#8243; body_text_color=\u00bb#195e7f\u00bb min_height=\u00bb142px\u00bb custom_padding=\u00bb20px|20px|20px|20px|true|true\u00bb link_option_url=\u00bbhttps:\/\/ibima.eu\/project\/g-01\/\u00bb border_radii=\u00bbon|15px|15px|15px|15px\u00bb border_width_all=\u00bb1px\u00bb border_color_all=\u00bb#195e7f\u00bb border_radii_image=\u00bbon|25%|25%|25%|25%\u00bb box_shadow_style=\u00bbpreset1&#8243; box_shadow_spread=\u00bb-6px\u00bb global_colors_info=\u00bb{}\u00bb sticky_enabled=\u00bb0&#8243;]<p>Mar\u00eda Luisa Garc\u00eda Mart\u00edn<\/p>[\/et_pb_blurb][\/et_pb_column][et_pb_column type=\u00bb1_3&#8243; _builder_version=\u00bb4.20.4&#8243; _module_preset=\u00bbdefault\u00bb global_colors_info=\u00bb{}\u00bb][et_pb_blurb title=\u00bbF-10 &#8211; LABORATORIO DE DENDR\u00cdMEROS BIOMIM\u00c9TICOS Y FOT\u00d3NICA\u00bb image=\u00bbhttps:\/\/ibima.eu\/wp-content\/uploads\/2024\/02\/F10-IR-Ezequiel.png\u00bb icon_placement=\u00bbleft\u00bb image_icon_width=\u00bb71px\u00bb _builder_version=\u00bb4.24.1&#8243; _module_preset=\u00bbdefault\u00bb header_font=\u00bbPoppins||||||||\u00bb header_text_color=\u00bb#24a8d7&#8243; body_text_color=\u00bb#195e7f\u00bb min_height=\u00bb142px\u00bb custom_padding=\u00bb20px|20px|20px|20px|true|true\u00bb link_option_url=\u00bbhttps:\/\/ibima.eu\/project\/f-10\/\u00bb border_radii=\u00bbon|15px|15px|15px|15px\u00bb border_width_all=\u00bb1px\u00bb border_color_all=\u00bb#195e7f\u00bb border_radii_image=\u00bbon|25%|25%|25%|25%\u00bb box_shadow_style=\u00bbpreset1&#8243; box_shadow_spread=\u00bb-6px\u00bb global_colors_info=\u00bb{}\u00bb]<p>Ezequiel P\u00e9rez-Inestrosa Villatoro<\/p>[\/et_pb_blurb][\/et_pb_column][et_pb_column type=\u00bb1_3&#8243; _builder_version=\u00bb4.20.4&#8243; _module_preset=\u00bbdefault\u00bb global_colors_info=\u00bb{}\u00bb][et_pb_blurb title=\u00bbF-03 \u2013 INGENIER\u00cdA DE COMUNICACIONES\u00bb image=\u00bbhttps:\/\/ibima.eu\/wp-content\/uploads\/2024\/07\/InigoMolina3.jpg\u00bb icon_placement=\u00bbleft\u00bb image_icon_width=\u00bb71px\u00bb _builder_version=\u00bb4.25.1&#8243; _module_preset=\u00bbdefault\u00bb header_font=\u00bbPoppins||||||||\u00bb header_text_color=\u00bb#24a8d7&#8243; body_text_color=\u00bb#195e7f\u00bb min_height=\u00bb142px\u00bb custom_padding=\u00bb20px|20px|20px|20px|true|true\u00bb link_option_url=\u00bbhttps:\/\/ibima.eu\/project\/f-03&#8243; border_radii=\u00bbon|15px|15px|15px|15px\u00bb border_width_all=\u00bb1px\u00bb border_color_all=\u00bb#195e7f\u00bb border_radii_image=\u00bbon|25%|25%|25%|25%\u00bb box_shadow_style=\u00bbpreset1&#8243; box_shadow_spread=\u00bb-6px\u00bb global_colors_info=\u00bb{}\u00bb]<p>\u00cd\u00f1igo Molina Fern\u00e1ndez<\/p>[\/et_pb_blurb][\/et_pb_column][\/et_pb_row][et_pb_row column_structure=\u00bb1_3,1_3,1_3&#8243; use_custom_gutter=\u00bbon\u00bb gutter_width=\u00bb2&#8243; make_equal=\u00bbon\u00bb _builder_version=\u00bb4.20.4&#8243; _module_preset=\u00bbdefault\u00bb custom_padding=\u00bb40px||||false|false\u00bb global_colors_info=\u00bb{}\u00bb][et_pb_column type=\u00bb1_3&#8243; _builder_version=\u00bb4.20.4&#8243; _module_preset=\u00bbdefault\u00bb global_colors_info=\u00bb{}\u00bb][et_pb_blurb title=\u00bbH-03 &#8211; DESARROLLO Y ENFERMEDAD CARDIOVASCULAR \u00bb image=\u00bbhttps:\/\/ibima.eu\/wp-content\/uploads\/2024\/02\/H03-IR-J.Maria_.png\u00bb icon_placement=\u00bbleft\u00bb image_icon_width=\u00bb71px\u00bb _builder_version=\u00bb4.24.0&#8243; _module_preset=\u00bbdefault\u00bb header_font=\u00bbPoppins||||||||\u00bb header_text_color=\u00bb#24a8d7&#8243; body_text_color=\u00bb#195e7f\u00bb custom_padding=\u00bb20px|20px|20px|20px|true|true\u00bb link_option_url=\u00bbhttps:\/\/ibima.eu\/project\/h-03\/\u00bb border_radii=\u00bbon|15px|15px|15px|15px\u00bb border_width_all=\u00bb1px\u00bb border_color_all=\u00bb#195e7f\u00bb border_radii_image=\u00bbon|25%|25%|25%|25%\u00bb box_shadow_style=\u00bbpreset1&#8243; box_shadow_spread=\u00bb-6px\u00bb global_colors_info=\u00bb{}\u00bb min_height=\u00bb142px\u00bb]<p>Jos\u00e9 Mar\u00eda P\u00e9rez Pomares<\/p>[\/et_pb_blurb][\/et_pb_column][et_pb_column type=\u00bb1_3&#8243; _builder_version=\u00bb4.20.4&#8243; _module_preset=\u00bbdefault\u00bb global_colors_info=\u00bb{}\u00bb][\/et_pb_column][et_pb_column type=\u00bb1_3&#8243; _builder_version=\u00bb4.20.4&#8243; _module_preset=\u00bbdefault\u00bb global_colors_info=\u00bb{}\u00bb][\/et_pb_column][\/et_pb_row][\/et_pb_section]\n","protected":false},"excerpt":{"rendered":"<p>\u00c1rea 7 &nbsp;NANODIAGN\u00d3STICOCOORDINADORADEL \u00c1REA &nbsp;Mar\u00eda Luisa Garc\u00eda Mart\u00ednGrupos de investigaci\u00f3n del \u00c1reaMar\u00eda Luisa Garc\u00eda Mart\u00ednEzequiel P\u00e9rez-Inestrosa Villatoro\u00cd\u00f1igo Molina Fern\u00e1ndezJos\u00e9 Mar\u00eda P\u00e9rez Pomares<\/p>\n","protected":false},"author":1,"featured_media":0,"parent":0,"menu_order":0,"comment_status":"closed","ping_status":"closed","template":"","meta":{"_acf_changed":false,"_et_pb_use_builder":"on","_et_pb_old_content":"","_et_gb_content_width":"","footnotes":""},"class_list":["post-396","page","type-page","status-publish","hentry"],"acf":[],"yoast_head":"<!-- This site is optimized with the Yoast SEO plugin v27.4 - https:\/\/yoast.com\/product\/yoast-seo-wordpress\/ -->\n<title>\u00c1rea 7 - Ibima<\/title>\n<meta name=\"description\" content=\"El \u00e1rea 7 trabaja el nanodiagn\u00f3stico de la mano de los \u00faltimos avances en ciencia y biomedicina para mejorar la calidad de vida\" \/>\n<meta name=\"robots\" content=\"index, follow, max-snippet:-1, max-image-preview:large, max-video-preview:-1\" \/>\n<link rel=\"canonical\" href=\"https:\/\/ibima.eu\/es\/area-7\/\" \/>\n<meta property=\"og:locale\" content=\"es_ES\" \/>\n<meta property=\"og:type\" content=\"article\" \/>\n<meta property=\"og:title\" content=\"\u00c1rea 7 - Ibima\" \/>\n<meta property=\"og:description\" content=\"El \u00e1rea 7 trabaja el nanodiagn\u00f3stico de la mano de los \u00faltimos avances en ciencia y biomedicina para mejorar la calidad de vida\" \/>\n<meta property=\"og:url\" content=\"https:\/\/ibima.eu\/es\/area-7\/\" \/>\n<meta property=\"og:site_name\" content=\"Ibima\" \/>\n<meta property=\"article:modified_time\" content=\"2025-11-25T11:33:10+00:00\" \/>\n<meta name=\"twitter:card\" content=\"summary_large_image\" \/>\n<meta name=\"twitter:label1\" content=\"Tiempo de lectura\" \/>\n\t<meta name=\"twitter:data1\" content=\"2 minutos\" \/>\n<script type=\"application\/ld+json\" class=\"yoast-schema-graph\">{\"@context\":\"https:\\\/\\\/schema.org\",\"@graph\":[{\"@type\":\"WebPage\",\"@id\":\"https:\\\/\\\/ibima.eu\\\/area-7\\\/\",\"url\":\"https:\\\/\\\/ibima.eu\\\/area-7\\\/\",\"name\":\"\u00c1rea 7 - Ibima\",\"isPartOf\":{\"@id\":\"https:\\\/\\\/ibima.eu\\\/es\\\/#website\"},\"datePublished\":\"2023-05-10T09:55:36+00:00\",\"dateModified\":\"2025-11-25T11:33:10+00:00\",\"description\":\"El \u00e1rea 7 trabaja el nanodiagn\u00f3stico de la mano de los \u00faltimos avances en ciencia y biomedicina para mejorar la calidad de vida\",\"breadcrumb\":{\"@id\":\"https:\\\/\\\/ibima.eu\\\/area-7\\\/#breadcrumb\"},\"inLanguage\":\"es\",\"potentialAction\":[{\"@type\":\"ReadAction\",\"target\":[\"https:\\\/\\\/ibima.eu\\\/area-7\\\/\"]}]},{\"@type\":\"BreadcrumbList\",\"@id\":\"https:\\\/\\\/ibima.eu\\\/area-7\\\/#breadcrumb\",\"itemListElement\":[{\"@type\":\"ListItem\",\"position\":1,\"name\":\"Portada\",\"item\":\"https:\\\/\\\/ibima.eu\\\/es\\\/\"},{\"@type\":\"ListItem\",\"position\":2,\"name\":\"\u00c1rea 7\"}]},{\"@type\":\"WebSite\",\"@id\":\"https:\\\/\\\/ibima.eu\\\/es\\\/#website\",\"url\":\"https:\\\/\\\/ibima.eu\\\/es\\\/\",\"name\":\"Ibima\",\"description\":\"\",\"potentialAction\":[{\"@type\":\"SearchAction\",\"target\":{\"@type\":\"EntryPoint\",\"urlTemplate\":\"https:\\\/\\\/ibima.eu\\\/es\\\/?s={search_term_string}\"},\"query-input\":{\"@type\":\"PropertyValueSpecification\",\"valueRequired\":true,\"valueName\":\"search_term_string\"}}],\"inLanguage\":\"es\"}]}<\/script>\n<!-- \/ Yoast SEO plugin. -->","yoast_head_json":{"title":"\u00c1rea 7 - Ibima","description":"El \u00e1rea 7 trabaja el nanodiagn\u00f3stico de la mano de los \u00faltimos avances en ciencia y biomedicina para mejorar la calidad de vida","robots":{"index":"index","follow":"follow","max-snippet":"max-snippet:-1","max-image-preview":"max-image-preview:large","max-video-preview":"max-video-preview:-1"},"canonical":"https:\/\/ibima.eu\/es\/area-7\/","og_locale":"es_ES","og_type":"article","og_title":"\u00c1rea 7 - Ibima","og_description":"El \u00e1rea 7 trabaja el nanodiagn\u00f3stico de la mano de los \u00faltimos avances en ciencia y biomedicina para mejorar la calidad de vida","og_url":"https:\/\/ibima.eu\/es\/area-7\/","og_site_name":"Ibima","article_modified_time":"2025-11-25T11:33:10+00:00","twitter_card":"summary_large_image","twitter_misc":{"Tiempo de lectura":"2 minutos"},"schema":{"@context":"https:\/\/schema.org","@graph":[{"@type":"WebPage","@id":"https:\/\/ibima.eu\/area-7\/","url":"https:\/\/ibima.eu\/area-7\/","name":"\u00c1rea 7 - Ibima","isPartOf":{"@id":"https:\/\/ibima.eu\/es\/#website"},"datePublished":"2023-05-10T09:55:36+00:00","dateModified":"2025-11-25T11:33:10+00:00","description":"El \u00e1rea 7 trabaja el nanodiagn\u00f3stico de la mano de los \u00faltimos avances en ciencia y biomedicina para mejorar la calidad de vida","breadcrumb":{"@id":"https:\/\/ibima.eu\/area-7\/#breadcrumb"},"inLanguage":"es","potentialAction":[{"@type":"ReadAction","target":["https:\/\/ibima.eu\/area-7\/"]}]},{"@type":"BreadcrumbList","@id":"https:\/\/ibima.eu\/area-7\/#breadcrumb","itemListElement":[{"@type":"ListItem","position":1,"name":"Portada","item":"https:\/\/ibima.eu\/es\/"},{"@type":"ListItem","position":2,"name":"\u00c1rea 7"}]},{"@type":"WebSite","@id":"https:\/\/ibima.eu\/es\/#website","url":"https:\/\/ibima.eu\/es\/","name":"Ibima","description":"","potentialAction":[{"@type":"SearchAction","target":{"@type":"EntryPoint","urlTemplate":"https:\/\/ibima.eu\/es\/?s={search_term_string}"},"query-input":{"@type":"PropertyValueSpecification","valueRequired":true,"valueName":"search_term_string"}}],"inLanguage":"es"}]}},"_links":{"self":[{"href":"https:\/\/ibima.eu\/es\/wp-json\/wp\/v2\/pages\/396","targetHints":{"allow":["GET"]}}],"collection":[{"href":"https:\/\/ibima.eu\/es\/wp-json\/wp\/v2\/pages"}],"about":[{"href":"https:\/\/ibima.eu\/es\/wp-json\/wp\/v2\/types\/page"}],"author":[{"embeddable":true,"href":"https:\/\/ibima.eu\/es\/wp-json\/wp\/v2\/users\/1"}],"replies":[{"embeddable":true,"href":"https:\/\/ibima.eu\/es\/wp-json\/wp\/v2\/comments?post=396"}],"version-history":[{"count":6,"href":"https:\/\/ibima.eu\/es\/wp-json\/wp\/v2\/pages\/396\/revisions"}],"predecessor-version":[{"id":58538,"href":"https:\/\/ibima.eu\/es\/wp-json\/wp\/v2\/pages\/396\/revisions\/58538"}],"wp:attachment":[{"href":"https:\/\/ibima.eu\/es\/wp-json\/wp\/v2\/media?parent=396"}],"curies":[{"name":"wp","href":"https:\/\/api.w.org\/{rel}","templated":true}]}}