{"id":44396,"date":"2024-07-25T09:08:47","date_gmt":"2024-07-25T09:08:47","guid":{"rendered":"https:\/\/ibima.eu\/?page_id=44396"},"modified":"2025-11-25T12:07:23","modified_gmt":"2025-11-25T12:07:23","slug":"guias-de-practica-clinica","status":"publish","type":"page","link":"https:\/\/ibima.eu\/es\/guias-de-practica-clinica\/","title":{"rendered":"Gu\u00edas de Pr\u00e1ctica Cl\u00ednica"},"content":{"rendered":"\n[et_pb_section fb_built=\u00bb1&#8243; _builder_version=\u00bb4.27.0&#8243; _module_preset=\u00bbdefault\u00bb background_image=\u00bbhttps:\/\/ibima.eu\/wp-content\/uploads\/2024\/07\/Guias-de-Practica-Clinica-2.webp\u00bb global_colors_info=\u00bb{}\u00bb][et_pb_row _builder_version=\u00bb4.20.4&#8243; _module_preset=\u00bbdefault\u00bb custom_padding=\u00bb250px||30px||false|false\u00bb global_colors_info=\u00bb{}\u00bb][et_pb_column type=\u00bb4_4&#8243; _builder_version=\u00bb4.20.4&#8243; _module_preset=\u00bbdefault\u00bb global_colors_info=\u00bb{}\u00bb][et_pb_text _builder_version=\u00bb4.27.0&#8243; _module_preset=\u00bbdefault\u00bb header_2_font=\u00bbPoppins|700|||||||\u00bb header_2_text_color=\u00bb#FFFFFF\u00bb header_2_font_size=\u00bb46px\u00bb global_colors_info=\u00bb{}\u00bb]<h2><span>Gu\u00edas de Pr\u00e1ctica Cl\u00ednica\u00a0<\/span><\/h2>[\/et_pb_text][\/et_pb_column][\/et_pb_row][\/et_pb_section][et_pb_section fb_built=\u00bb1&#8243; _builder_version=\u00bb4.27.0&#8243; _module_preset=\u00bbdefault\u00bb custom_padding=\u00bb38px||38px||true|false\u00bb global_colors_info=\u00bb{}\u00bb][et_pb_row _builder_version=\u00bb4.27.0&#8243; _module_preset=\u00bbdefault\u00bb global_colors_info=\u00bb{}\u00bb][et_pb_column type=\u00bb4_4&#8243; _builder_version=\u00bb4.27.0&#8243; _module_preset=\u00bbdefault\u00bb global_colors_info=\u00bb{}\u00bb][et_pb_blog fullwidth=\u00bboff\u00bb include_categories=\u00bb2413&#8243; show_thumbnail=\u00bboff\u00bb show_content=\u00bbon\u00bb show_author=\u00bboff\u00bb show_date=\u00bboff\u00bb show_categories=\u00bboff\u00bb _builder_version=\u00bb4.27.0&#8243; _module_preset=\u00bbdefault\u00bb body_text_color=\u00bb#43a5d3&#8243; pagination_font=\u00bbPoppins||||||||\u00bb pagination_text_color=\u00bbgcid-3dc4bbe4-c2a6-41d8-9100-a62c429ab32e\u00bb pagination_font_size=\u00bb16px\u00bb custom_margin=\u00bb||||false|false\u00bb hover_enabled=\u00bb0&#8243; custom_css_free_form=\u00bbselector article{||  margin: 10px;||}\u00bb locked=\u00bboff\u00bb global_colors_info=\u00bb{%22gcid-3dc4bbe4-c2a6-41d8-9100-a62c429ab32e%22:%91%22pagination_text_color%22%93}\u00bb sticky_enabled=\u00bb0&#8243;][\/et_pb_blog][\/et_pb_column][\/et_pb_row][\/et_pb_section]\n","protected":false},"excerpt":{"rendered":"<p>Gu\u00edas de Pr\u00e1ctica Cl\u00ednica\u00a0<\/p>\n","protected":false},"author":2,"featured_media":0,"parent":0,"menu_order":0,"comment_status":"closed","ping_status":"closed","template":"","meta":{"_acf_changed":false,"_et_pb_use_builder":"on","_et_pb_old_content":"","_et_gb_content_width":"","footnotes":""},"class_list":["post-44396","page","type-page","status-publish","hentry"],"acf":[],"yoast_head":"<!-- This site is optimized with the Yoast SEO plugin v27.4 - https:\/\/yoast.com\/product\/yoast-seo-wordpress\/ -->\n<title>Gu\u00edas de Pr\u00e1ctica Cl\u00ednica - Ibima<\/title>\n<meta name=\"description\" content=\"Accede a Gu\u00edas de Pr\u00e1ctica Cl\u00ednica actualizadas en IBIMA, con recomendaciones basadas en evidencia para profesionales de la salud.\" \/>\n<meta name=\"robots\" content=\"index, follow, max-snippet:-1, max-image-preview:large, max-video-preview:-1\" \/>\n<link rel=\"canonical\" href=\"https:\/\/ibima.eu\/es\/guias-de-practica-clinica\/\" \/>\n<meta property=\"og:locale\" content=\"es_ES\" \/>\n<meta property=\"og:type\" content=\"article\" \/>\n<meta property=\"og:title\" content=\"Gu\u00edas de Pr\u00e1ctica Cl\u00ednica - Ibima\" \/>\n<meta property=\"og:description\" content=\"Accede a Gu\u00edas de Pr\u00e1ctica Cl\u00ednica actualizadas en IBIMA, con recomendaciones basadas en evidencia para profesionales de la salud.\" \/>\n<meta property=\"og:url\" content=\"https:\/\/ibima.eu\/es\/guias-de-practica-clinica\/\" \/>\n<meta property=\"og:site_name\" content=\"Ibima\" \/>\n<meta property=\"article:modified_time\" content=\"2025-11-25T12:07:23+00:00\" \/>\n<meta name=\"twitter:card\" content=\"summary_large_image\" \/>\n<meta name=\"twitter:label1\" content=\"Tiempo de lectura\" \/>\n\t<meta name=\"twitter:data1\" content=\"4 minutos\" \/>\n<script type=\"application\/ld+json\" class=\"yoast-schema-graph\">{\"@context\":\"https:\\\/\\\/schema.org\",\"@graph\":[{\"@type\":\"WebPage\",\"@id\":\"https:\\\/\\\/ibima.eu\\\/guias-de-practica-clinica\\\/\",\"url\":\"https:\\\/\\\/ibima.eu\\\/guias-de-practica-clinica\\\/\",\"name\":\"Gu\u00edas de Pr\u00e1ctica Cl\u00ednica - Ibima\",\"isPartOf\":{\"@id\":\"https:\\\/\\\/ibima.eu\\\/es\\\/#website\"},\"datePublished\":\"2024-07-25T09:08:47+00:00\",\"dateModified\":\"2025-11-25T12:07:23+00:00\",\"description\":\"Accede a Gu\u00edas de Pr\u00e1ctica Cl\u00ednica actualizadas en IBIMA, con recomendaciones basadas en evidencia para profesionales de la salud.\",\"breadcrumb\":{\"@id\":\"https:\\\/\\\/ibima.eu\\\/guias-de-practica-clinica\\\/#breadcrumb\"},\"inLanguage\":\"es\",\"potentialAction\":[{\"@type\":\"ReadAction\",\"target\":[\"https:\\\/\\\/ibima.eu\\\/guias-de-practica-clinica\\\/\"]}]},{\"@type\":\"BreadcrumbList\",\"@id\":\"https:\\\/\\\/ibima.eu\\\/guias-de-practica-clinica\\\/#breadcrumb\",\"itemListElement\":[{\"@type\":\"ListItem\",\"position\":1,\"name\":\"Portada\",\"item\":\"https:\\\/\\\/ibima.eu\\\/es\\\/\"},{\"@type\":\"ListItem\",\"position\":2,\"name\":\"Gu\u00edas de Pr\u00e1ctica Cl\u00ednica\"}]},{\"@type\":\"WebSite\",\"@id\":\"https:\\\/\\\/ibima.eu\\\/es\\\/#website\",\"url\":\"https:\\\/\\\/ibima.eu\\\/es\\\/\",\"name\":\"Ibima\",\"description\":\"\",\"potentialAction\":[{\"@type\":\"SearchAction\",\"target\":{\"@type\":\"EntryPoint\",\"urlTemplate\":\"https:\\\/\\\/ibima.eu\\\/es\\\/?s={search_term_string}\"},\"query-input\":{\"@type\":\"PropertyValueSpecification\",\"valueRequired\":true,\"valueName\":\"search_term_string\"}}],\"inLanguage\":\"es\"}]}<\/script>\n<!-- \/ Yoast SEO plugin. -->","yoast_head_json":{"title":"Gu\u00edas de Pr\u00e1ctica Cl\u00ednica - Ibima","description":"Accede a Gu\u00edas de Pr\u00e1ctica Cl\u00ednica actualizadas en IBIMA, con recomendaciones basadas en evidencia para profesionales de la salud.","robots":{"index":"index","follow":"follow","max-snippet":"max-snippet:-1","max-image-preview":"max-image-preview:large","max-video-preview":"max-video-preview:-1"},"canonical":"https:\/\/ibima.eu\/es\/guias-de-practica-clinica\/","og_locale":"es_ES","og_type":"article","og_title":"Gu\u00edas de Pr\u00e1ctica Cl\u00ednica - Ibima","og_description":"Accede a Gu\u00edas de Pr\u00e1ctica Cl\u00ednica actualizadas en IBIMA, con recomendaciones basadas en evidencia para profesionales de la salud.","og_url":"https:\/\/ibima.eu\/es\/guias-de-practica-clinica\/","og_site_name":"Ibima","article_modified_time":"2025-11-25T12:07:23+00:00","twitter_card":"summary_large_image","twitter_misc":{"Tiempo de lectura":"4 minutos"},"schema":{"@context":"https:\/\/schema.org","@graph":[{"@type":"WebPage","@id":"https:\/\/ibima.eu\/guias-de-practica-clinica\/","url":"https:\/\/ibima.eu\/guias-de-practica-clinica\/","name":"Gu\u00edas de Pr\u00e1ctica Cl\u00ednica - Ibima","isPartOf":{"@id":"https:\/\/ibima.eu\/es\/#website"},"datePublished":"2024-07-25T09:08:47+00:00","dateModified":"2025-11-25T12:07:23+00:00","description":"Accede a Gu\u00edas de Pr\u00e1ctica Cl\u00ednica actualizadas en IBIMA, con recomendaciones basadas en evidencia para profesionales de la salud.","breadcrumb":{"@id":"https:\/\/ibima.eu\/guias-de-practica-clinica\/#breadcrumb"},"inLanguage":"es","potentialAction":[{"@type":"ReadAction","target":["https:\/\/ibima.eu\/guias-de-practica-clinica\/"]}]},{"@type":"BreadcrumbList","@id":"https:\/\/ibima.eu\/guias-de-practica-clinica\/#breadcrumb","itemListElement":[{"@type":"ListItem","position":1,"name":"Portada","item":"https:\/\/ibima.eu\/es\/"},{"@type":"ListItem","position":2,"name":"Gu\u00edas de Pr\u00e1ctica Cl\u00ednica"}]},{"@type":"WebSite","@id":"https:\/\/ibima.eu\/es\/#website","url":"https:\/\/ibima.eu\/es\/","name":"Ibima","description":"","potentialAction":[{"@type":"SearchAction","target":{"@type":"EntryPoint","urlTemplate":"https:\/\/ibima.eu\/es\/?s={search_term_string}"},"query-input":{"@type":"PropertyValueSpecification","valueRequired":true,"valueName":"search_term_string"}}],"inLanguage":"es"}]}},"_links":{"self":[{"href":"https:\/\/ibima.eu\/es\/wp-json\/wp\/v2\/pages\/44396","targetHints":{"allow":["GET"]}}],"collection":[{"href":"https:\/\/ibima.eu\/es\/wp-json\/wp\/v2\/pages"}],"about":[{"href":"https:\/\/ibima.eu\/es\/wp-json\/wp\/v2\/types\/page"}],"author":[{"embeddable":true,"href":"https:\/\/ibima.eu\/es\/wp-json\/wp\/v2\/users\/2"}],"replies":[{"embeddable":true,"href":"https:\/\/ibima.eu\/es\/wp-json\/wp\/v2\/comments?post=44396"}],"version-history":[{"count":15,"href":"https:\/\/ibima.eu\/es\/wp-json\/wp\/v2\/pages\/44396\/revisions"}],"predecessor-version":[{"id":58569,"href":"https:\/\/ibima.eu\/es\/wp-json\/wp\/v2\/pages\/44396\/revisions\/58569"}],"wp:attachment":[{"href":"https:\/\/ibima.eu\/es\/wp-json\/wp\/v2\/media?parent=44396"}],"curies":[{"name":"wp","href":"https:\/\/api.w.org\/{rel}","templated":true}]}}