{"id":44729,"date":"2024-07-26T08:38:21","date_gmt":"2024-07-26T08:38:21","guid":{"rendered":"https:\/\/ibima.eu\/?page_id=44729"},"modified":"2024-07-31T11:25:49","modified_gmt":"2024-07-31T11:25:49","slug":"estancia-internacional-en-ibima-a06","status":"publish","type":"page","link":"https:\/\/ibima.eu\/es\/estancia-internacional-en-ibima-a06\/","title":{"rendered":"Estancia Internacional en IBIMA &#8211; A06"},"content":{"rendered":"<p>[et_pb_section fb_built=\u00bb1&#8243; _builder_version=\u00bb4.27.0&#8243; _module_preset=\u00bbdefault\u00bb background_image=\u00bbhttps:\/\/ibima.eu\/wp-content\/uploads\/2024\/07\/Estancias-internacionales-Heading.jpg\u00bb background_position=\u00bbtop_center\u00bb background_vertical_offset=\u00bb33%\u00bb global_colors_info=\u00bb{}\u00bb][et_pb_row _builder_version=\u00bb4.20.4&#8243; _module_preset=\u00bbdefault\u00bb custom_padding=\u00bb250px||30px||false|false\u00bb global_colors_info=\u00bb{}\u00bb][et_pb_column type=\u00bb4_4&#8243; _builder_version=\u00bb4.20.4&#8243; _module_preset=\u00bbdefault\u00bb global_colors_info=\u00bb{}\u00bb][et_pb_text _builder_version=\u00bb4.27.0&#8243; _module_preset=\u00bbdefault\u00bb header_2_font=\u00bbPoppins|700|||||||\u00bb header_2_text_color=\u00bb#FFFFFF\u00bb header_2_font_size=\u00bb46px\u00bb header_2_font_size_tablet=\u00bb46px\u00bb header_2_font_size_phone=\u00bb40px\u00bb header_2_font_size_last_edited=\u00bbon|phone\u00bb global_colors_info=\u00bb{}\u00bb][\/et_pb_text][\/et_pb_column][\/et_pb_row][\/et_pb_section][et_pb_section fb_built=\u00bb1&#8243; custom_padding_last_edited=\u00bbon|tablet\u00bb _builder_version=\u00bb4.20.4&#8243; _module_preset=\u00bbdefault\u00bb custom_padding_tablet=\u00bb0px||0px||true|false\u00bb custom_padding_phone=\u00bb0px||0px||true|false\u00bb global_colors_info=\u00bb{}\u00bb][et_pb_row _builder_version=\u00bb4.20.4&#8243; _module_preset=\u00bbdefault\u00bb global_colors_info=\u00bb{}\u00bb][et_pb_column type=\u00bb4_4&#8243; _builder_version=\u00bb4.20.4&#8243; _module_preset=\u00bbdefault\u00bb global_colors_info=\u00bb{}\u00bb][et_pb_text _builder_version=\u00bb4.27.0&#8243; _module_preset=\u00bbdefault\u00bb header_3_font=\u00bbPoppins||||||||\u00bb header_3_text_align=\u00bbcenter\u00bb header_3_text_color=\u00bb#24a8d7&#8243; header_3_font_size=\u00bb24px\u00bb custom_margin=\u00bb||-11px||false|false\u00bb custom_padding=\u00bb50px||||false|false\u00bb global_colors_info=\u00bb{}\u00bb]<\/p>\n<h3>A-06 Diabetes, Obesidad y otros Factores de Riesgo Vascular. Enfermedades Autoinmunes Sist\u00e9micas<\/h3>\n<p>[\/et_pb_text][\/et_pb_column][\/et_pb_row][et_pb_row _builder_version=\u00bb4.20.4&#8243; _module_preset=\u00bbdefault\u00bb width=\u00bb60%\u00bb custom_padding=\u00bb||50px||false|false\u00bb global_colors_info=\u00bb{}\u00bb][et_pb_column type=\u00bb4_4&#8243; _builder_version=\u00bb4.20.4&#8243; _module_preset=\u00bbdefault\u00bb global_colors_info=\u00bb{}\u00bb][et_pb_blurb title=\u00bbGRUPO DE ACOGIDA\u00bb use_icon=\u00bbon\u00bb font_icon=\u00bb&#x24;||divi||400&#8243; icon_color=\u00bb#24a8d7&#8243; image_icon_background_color=\u00bb#FFFFFF\u00bb icon_placement=\u00bbleft\u00bb content_max_width=\u00bb1100px\u00bb _builder_version=\u00bb4.27.0&#8243; _module_preset=\u00bbdefault\u00bb header_font=\u00bbPoppins|700|||||||\u00bb header_text_color=\u00bb#24a8d7&#8243; header_font_size=\u00bb18px\u00bb body_font=\u00bbPoppins||||||||\u00bb custom_margin=\u00bb50px||||false|false\u00bb global_colors_info=\u00bb{}\u00bb]<\/p>\n<p style=\"text-align: justify;\"><a href=\"https:\/\/ibima.eu\/es\/project\/a-06\/\"><strong>\u00a0&#8211; Grupo de investigaci\u00f3n: <\/strong>A-06 Diabetes, Obesidad y otros Factores de Riesgo Vascular. Enfermedades Autoinmunes Sist\u00e9micas<\/a><\/p>\n<p style=\"text-align: justify;\">&#8211; <strong>Supervisora<\/strong>: Mar\u00eda Rosa Bernal L\u00f3pez<\/p>\n<p>[\/et_pb_blurb][et_pb_blurb title=\u00bbDESCRIPCI\u00d3N DE LA OFERTA\u00bb use_icon=\u00bbon\u00bb font_icon=\u00bb&#x24;||divi||400&#8243; icon_color=\u00bb#24a8d7&#8243; image_icon_background_color=\u00bb#FFFFFF\u00bb icon_placement=\u00bbleft\u00bb content_max_width=\u00bb1100px\u00bb _builder_version=\u00bb4.27.0&#8243; _module_preset=\u00bbdefault\u00bb header_font=\u00bbPoppins|700|||||||\u00bb header_text_color=\u00bb#24a8d7&#8243; header_font_size=\u00bb18px\u00bb body_font=\u00bbPoppins||||||||\u00bb custom_margin=\u00bb50px||||false|false\u00bb global_colors_info=\u00bb{}\u00bb]<\/p>\n<p><strong>&#8211; T\u00edtulo traineeship:<\/strong> Medicina personalizada y de precisi\u00f3n en el Riesgo Cardiometab\u00f3lico<\/p>\n<p><strong>&#8211; Palabras clave:<\/strong> Enfermedades no Transmisibles, Riesgo Metab\u00f3lico, Genes<\/p>\n<p>[\/et_pb_blurb][et_pb_blurb image_icon_background_color=\u00bb#FFFFFF\u00bb icon_placement=\u00bbleft\u00bb content_max_width=\u00bb1100px\u00bb _builder_version=\u00bb4.27.0&#8243; _module_preset=\u00bbdefault\u00bb header_font=\u00bbPoppins|700|||||||\u00bb header_text_color=\u00bb#000000&#8243; header_font_size=\u00bb18px\u00bb body_font=\u00bbPoppins||||||||\u00bb custom_margin=\u00bb25px|||63px|false|false\u00bb global_colors_info=\u00bb{}\u00bb]<\/p>\n<p style=\"text-align: justify;\"><strong>Descripci\u00f3n del grupo\/proyecto:<\/strong><\/p>\n<p style=\"text-align: justify;\">El grupo es un equipo multidisciplinar cl\u00ednico-b\u00e1sico dentro de la Unidad de Gesti\u00f3n Cl\u00ednica de Medina Interna, ubicado en el Hospital Regional Universitario de M\u00e1laga\/IBIMA-Plataforma BIONAND, que desarrolla proyectos relacionados con la prevenci\u00f3n y\/o tratamiento de las enfermedades metab\u00f3licas no transmisibles (Obesidad, Diabetes, Enfermedad Cardiovascular) y enfermedades autoinmunes en todo el ciclo vital humano. Son proyectos basados en modificaci\u00f3n de estilo de vida con dieta saludable y pr\u00e1ctica regular de actividad f\u00edsica.<\/p>\n<p style=\"text-align: justify;\"><strong>\u00bfQu\u00e9 puede aprender el alumno durante su estancia?<\/strong><\/p>\n<p style=\"text-align: justify;\">El objetivo de la estancia es conocer la importancia de la medicina traslacional 5P, personalizada, predictiva, preventiva, participativa y poblacional basada en el m\u00e9todo cient\u00edfico, as\u00ed como las aplicaciones que tiene sobre los genes (DNA, RNA y prote\u00ednas) dentro de la medicina traslacional.<\/p>\n<p style=\"text-align: justify;\"><strong>Principales tareas y oportunidades de aprendizaje:<\/strong><\/p>\n<ul style=\"text-align: justify;\">\n<li>Fenotipaci\u00f3n de los participantes en los proyectos de investigaci\u00f3n<\/li>\n<li>Implantaci\u00f3n de un estilo de vida saludable en los pacientes de alto riego sin\/con enfermedades metab\u00f3licas<\/li>\n<li>Participaci\u00f3n y desarrollo de las t\u00e9cnicas -omicas (epigen\u00e9tica, transcript\u00f3mica, prote\u00f3mica y metagen\u00f3mica) tanto nuclear como mitocondrial<\/li>\n<li>Impacto de las prote\u00ednas en la modificaci\u00f3n del estilo de vida<\/li>\n<li>Desarrollo, cumplimentaci\u00f3n y an\u00e1lisis estad\u00edstico de las bases de datos de los distintos estudios<\/li>\n<li>Metodolog\u00eda de la Investigaci\u00f3n<\/li>\n<li>Publicaci\u00f3n de resultados obtenidos en las intervenciones de modificaci\u00f3n de estilo de vida<\/li>\n<\/ul>\n<p style=\"text-align: justify;\"><strong>Otra informaci\u00f3n de inter\u00e9s<\/strong><\/p>\n<ul style=\"text-align: justify;\">\n<li><strong>Duraci\u00f3n:<\/strong> \u00a04 &#8211; 12 meses<\/li>\n<li><strong>Fechas disponibles: <\/strong>Indiferente<\/li>\n<li><strong>N\u00famero de alumnos que puede acoger el grupo al mismo tiempo en este puesto:<\/strong> 2<\/li>\n<\/ul>\n<p style=\"text-align: justify;\"><em>* Todas las pr\u00e1cticas ofrecidas por IBIMA Plataforma BIONAND son en el \u00e1mbito de la investigaci\u00f3n (no asistenciales).<\/em><\/p>\n<p style=\"text-align: justify;\">\n<p>[\/et_pb_blurb][\/et_pb_column][\/et_pb_row][\/et_pb_section]<\/p>\n","protected":false},"excerpt":{"rendered":"<p>A-06 Diabetes, Obesidad y otros Factores de Riesgo Vascular. Enfermedades Autoinmunes Sist\u00e9micas\u00a0&#8211; Grupo de investigaci\u00f3n: A-06 Diabetes, Obesidad y otros Factores de Riesgo Vascular. Enfermedades Autoinmunes Sist\u00e9micas &#8211; Supervisora: Mar\u00eda Rosa Bernal L\u00f3pez- T\u00edtulo traineeship: Medicina personalizada y de precisi\u00f3n en el Riesgo Cardiometab\u00f3lico &#8211; Palabras clave: Enfermedades no Transmisibles, Riesgo Metab\u00f3lico, GenesDescripci\u00f3n del grupo\/proyecto: [&hellip;]<\/p>\n","protected":false},"author":2,"featured_media":0,"parent":0,"menu_order":0,"comment_status":"closed","ping_status":"closed","template":"","meta":{"_acf_changed":false,"_et_pb_use_builder":"on","_et_pb_old_content":"","_et_gb_content_width":"","footnotes":""},"class_list":["post-44729","page","type-page","status-publish","hentry"],"acf":[],"yoast_head":"<!-- This site is optimized with the Yoast SEO plugin v27.3 - https:\/\/yoast.com\/product\/yoast-seo-wordpress\/ -->\n<title>Estancia Internacional en IBIMA - A06 - Ibima<\/title>\n<meta name=\"robots\" content=\"index, follow, max-snippet:-1, max-image-preview:large, max-video-preview:-1\" \/>\n<link rel=\"canonical\" href=\"https:\/\/ibima.eu\/es\/estancia-internacional-en-ibima-a06\/\" \/>\n<meta property=\"og:locale\" content=\"es_ES\" \/>\n<meta property=\"og:type\" content=\"article\" \/>\n<meta property=\"og:title\" content=\"Estancia Internacional en IBIMA - A06 - Ibima\" \/>\n<meta property=\"og:description\" content=\"A-06 Diabetes, Obesidad y otros Factores de Riesgo Vascular. Enfermedades Autoinmunes Sist\u00e9micas\u00a0- Grupo de investigaci\u00f3n: A-06 Diabetes, Obesidad y otros Factores de Riesgo Vascular. Enfermedades Autoinmunes Sist\u00e9micas - Supervisora: Mar\u00eda Rosa Bernal L\u00f3pez- T\u00edtulo traineeship: Medicina personalizada y de precisi\u00f3n en el Riesgo Cardiometab\u00f3lico - Palabras clave: Enfermedades no Transmisibles, Riesgo Metab\u00f3lico, GenesDescripci\u00f3n del grupo\/proyecto: [&hellip;]\" \/>\n<meta property=\"og:url\" content=\"https:\/\/ibima.eu\/es\/estancia-internacional-en-ibima-a06\/\" \/>\n<meta property=\"og:site_name\" content=\"Ibima\" \/>\n<meta property=\"article:modified_time\" content=\"2024-07-31T11:25:49+00:00\" \/>\n<meta name=\"twitter:card\" content=\"summary_large_image\" \/>\n<meta name=\"twitter:label1\" content=\"Tiempo de lectura\" \/>\n\t<meta name=\"twitter:data1\" content=\"4 minutos\" \/>\n<script type=\"application\/ld+json\" class=\"yoast-schema-graph\">{\"@context\":\"https:\\\/\\\/schema.org\",\"@graph\":[{\"@type\":\"WebPage\",\"@id\":\"https:\\\/\\\/ibima.eu\\\/es\\\/estancia-internacional-en-ibima-a06\\\/\",\"url\":\"https:\\\/\\\/ibima.eu\\\/es\\\/estancia-internacional-en-ibima-a06\\\/\",\"name\":\"Estancia Internacional en IBIMA - A06 - Ibima\",\"isPartOf\":{\"@id\":\"https:\\\/\\\/ibima.eu\\\/es\\\/#website\"},\"datePublished\":\"2024-07-26T08:38:21+00:00\",\"dateModified\":\"2024-07-31T11:25:49+00:00\",\"breadcrumb\":{\"@id\":\"https:\\\/\\\/ibima.eu\\\/es\\\/estancia-internacional-en-ibima-a06\\\/#breadcrumb\"},\"inLanguage\":\"es\",\"potentialAction\":[{\"@type\":\"ReadAction\",\"target\":[\"https:\\\/\\\/ibima.eu\\\/es\\\/estancia-internacional-en-ibima-a06\\\/\"]}]},{\"@type\":\"BreadcrumbList\",\"@id\":\"https:\\\/\\\/ibima.eu\\\/es\\\/estancia-internacional-en-ibima-a06\\\/#breadcrumb\",\"itemListElement\":[{\"@type\":\"ListItem\",\"position\":1,\"name\":\"Portada\",\"item\":\"https:\\\/\\\/ibima.eu\\\/es\\\/\"},{\"@type\":\"ListItem\",\"position\":2,\"name\":\"Estancia Internacional en IBIMA &#8211; A06\"}]},{\"@type\":\"WebSite\",\"@id\":\"https:\\\/\\\/ibima.eu\\\/es\\\/#website\",\"url\":\"https:\\\/\\\/ibima.eu\\\/es\\\/\",\"name\":\"Ibima\",\"description\":\"\",\"potentialAction\":[{\"@type\":\"SearchAction\",\"target\":{\"@type\":\"EntryPoint\",\"urlTemplate\":\"https:\\\/\\\/ibima.eu\\\/es\\\/?s={search_term_string}\"},\"query-input\":{\"@type\":\"PropertyValueSpecification\",\"valueRequired\":true,\"valueName\":\"search_term_string\"}}],\"inLanguage\":\"es\"}]}<\/script>\n<!-- \/ Yoast SEO plugin. -->","yoast_head_json":{"title":"Estancia Internacional en IBIMA - A06 - Ibima","robots":{"index":"index","follow":"follow","max-snippet":"max-snippet:-1","max-image-preview":"max-image-preview:large","max-video-preview":"max-video-preview:-1"},"canonical":"https:\/\/ibima.eu\/es\/estancia-internacional-en-ibima-a06\/","og_locale":"es_ES","og_type":"article","og_title":"Estancia Internacional en IBIMA - A06 - Ibima","og_description":"A-06 Diabetes, Obesidad y otros Factores de Riesgo Vascular. Enfermedades Autoinmunes Sist\u00e9micas\u00a0- Grupo de investigaci\u00f3n: A-06 Diabetes, Obesidad y otros Factores de Riesgo Vascular. Enfermedades Autoinmunes Sist\u00e9micas - Supervisora: Mar\u00eda Rosa Bernal L\u00f3pez- T\u00edtulo traineeship: Medicina personalizada y de precisi\u00f3n en el Riesgo Cardiometab\u00f3lico - Palabras clave: Enfermedades no Transmisibles, Riesgo Metab\u00f3lico, GenesDescripci\u00f3n del grupo\/proyecto: [&hellip;]","og_url":"https:\/\/ibima.eu\/es\/estancia-internacional-en-ibima-a06\/","og_site_name":"Ibima","article_modified_time":"2024-07-31T11:25:49+00:00","twitter_card":"summary_large_image","twitter_misc":{"Tiempo de lectura":"4 minutos"},"schema":{"@context":"https:\/\/schema.org","@graph":[{"@type":"WebPage","@id":"https:\/\/ibima.eu\/es\/estancia-internacional-en-ibima-a06\/","url":"https:\/\/ibima.eu\/es\/estancia-internacional-en-ibima-a06\/","name":"Estancia Internacional en IBIMA - A06 - Ibima","isPartOf":{"@id":"https:\/\/ibima.eu\/es\/#website"},"datePublished":"2024-07-26T08:38:21+00:00","dateModified":"2024-07-31T11:25:49+00:00","breadcrumb":{"@id":"https:\/\/ibima.eu\/es\/estancia-internacional-en-ibima-a06\/#breadcrumb"},"inLanguage":"es","potentialAction":[{"@type":"ReadAction","target":["https:\/\/ibima.eu\/es\/estancia-internacional-en-ibima-a06\/"]}]},{"@type":"BreadcrumbList","@id":"https:\/\/ibima.eu\/es\/estancia-internacional-en-ibima-a06\/#breadcrumb","itemListElement":[{"@type":"ListItem","position":1,"name":"Portada","item":"https:\/\/ibima.eu\/es\/"},{"@type":"ListItem","position":2,"name":"Estancia Internacional en IBIMA &#8211; A06"}]},{"@type":"WebSite","@id":"https:\/\/ibima.eu\/es\/#website","url":"https:\/\/ibima.eu\/es\/","name":"Ibima","description":"","potentialAction":[{"@type":"SearchAction","target":{"@type":"EntryPoint","urlTemplate":"https:\/\/ibima.eu\/es\/?s={search_term_string}"},"query-input":{"@type":"PropertyValueSpecification","valueRequired":true,"valueName":"search_term_string"}}],"inLanguage":"es"}]}},"_links":{"self":[{"href":"https:\/\/ibima.eu\/es\/wp-json\/wp\/v2\/pages\/44729","targetHints":{"allow":["GET"]}}],"collection":[{"href":"https:\/\/ibima.eu\/es\/wp-json\/wp\/v2\/pages"}],"about":[{"href":"https:\/\/ibima.eu\/es\/wp-json\/wp\/v2\/types\/page"}],"author":[{"embeddable":true,"href":"https:\/\/ibima.eu\/es\/wp-json\/wp\/v2\/users\/2"}],"replies":[{"embeddable":true,"href":"https:\/\/ibima.eu\/es\/wp-json\/wp\/v2\/comments?post=44729"}],"version-history":[{"count":5,"href":"https:\/\/ibima.eu\/es\/wp-json\/wp\/v2\/pages\/44729\/revisions"}],"predecessor-version":[{"id":47936,"href":"https:\/\/ibima.eu\/es\/wp-json\/wp\/v2\/pages\/44729\/revisions\/47936"}],"wp:attachment":[{"href":"https:\/\/ibima.eu\/es\/wp-json\/wp\/v2\/media?parent=44729"}],"curies":[{"name":"wp","href":"https:\/\/api.w.org\/{rel}","templated":true}]}}