{"id":44735,"date":"2024-07-26T08:59:31","date_gmt":"2024-07-26T08:59:31","guid":{"rendered":"https:\/\/ibima.eu\/?page_id=44735"},"modified":"2024-07-26T08:59:31","modified_gmt":"2024-07-26T08:59:31","slug":"estancia-internacional-en-ibima-a01","status":"publish","type":"page","link":"https:\/\/ibima.eu\/es\/estancia-internacional-en-ibima-a01\/","title":{"rendered":"Estancia Internacional en IBIMA &#8211; A01"},"content":{"rendered":"\n[et_pb_section fb_built=\u00bb1&#8243; _builder_version=\u00bb4.27.0&#8243; _module_preset=\u00bbdefault\u00bb background_image=\u00bbhttps:\/\/ibima.eu\/wp-content\/uploads\/2024\/07\/Estancias-internacionales-Heading.jpg\u00bb background_position=\u00bbtop_center\u00bb background_vertical_offset=\u00bb33%\u00bb global_colors_info=\u00bb{}\u00bb][et_pb_row _builder_version=\u00bb4.20.4&#8243; _module_preset=\u00bbdefault\u00bb custom_padding=\u00bb250px||30px||false|false\u00bb global_colors_info=\u00bb{}\u00bb][et_pb_column type=\u00bb4_4&#8243; _builder_version=\u00bb4.20.4&#8243; _module_preset=\u00bbdefault\u00bb global_colors_info=\u00bb{}\u00bb][et_pb_text _builder_version=\u00bb4.27.0&#8243; _module_preset=\u00bbdefault\u00bb header_2_font=\u00bbPoppins|700|||||||\u00bb header_2_text_color=\u00bb#FFFFFF\u00bb header_2_font_size=\u00bb46px\u00bb header_2_font_size_tablet=\u00bb46px\u00bb header_2_font_size_phone=\u00bb40px\u00bb header_2_font_size_last_edited=\u00bbon|phone\u00bb global_colors_info=\u00bb{}\u00bb][\/et_pb_text][\/et_pb_column][\/et_pb_row][\/et_pb_section][et_pb_section fb_built=\u00bb1&#8243; custom_padding_last_edited=\u00bbon|tablet\u00bb _builder_version=\u00bb4.20.4&#8243; _module_preset=\u00bbdefault\u00bb custom_padding_tablet=\u00bb0px||0px||true|false\u00bb custom_padding_phone=\u00bb0px||0px||true|false\u00bb global_colors_info=\u00bb{}\u00bb][et_pb_row _builder_version=\u00bb4.20.4&#8243; _module_preset=\u00bbdefault\u00bb global_colors_info=\u00bb{}\u00bb][et_pb_column type=\u00bb4_4&#8243; _builder_version=\u00bb4.20.4&#8243; _module_preset=\u00bbdefault\u00bb global_colors_info=\u00bb{}\u00bb][et_pb_text _builder_version=\u00bb4.27.0&#8243; _module_preset=\u00bbdefault\u00bb header_3_font=\u00bbPoppins||||||||\u00bb header_3_text_align=\u00bbcenter\u00bb header_3_text_color=\u00bb#24a8d7&#8243; header_3_font_size=\u00bb24px\u00bb custom_margin=\u00bb||-11px||false|false\u00bb custom_padding=\u00bb50px||||false|false\u00bb global_colors_info=\u00bb{}\u00bb]<h3>A-01 Endocrinolog\u00eda y Nutrici\u00f3n, Diabetes y Obesidad\u00a0<\/h3>[\/et_pb_text][\/et_pb_column][\/et_pb_row][et_pb_row _builder_version=\u00bb4.20.4&#8243; _module_preset=\u00bbdefault\u00bb width=\u00bb60%\u00bb custom_padding=\u00bb||50px||false|false\u00bb global_colors_info=\u00bb{}\u00bb][et_pb_column type=\u00bb4_4&#8243; _builder_version=\u00bb4.20.4&#8243; _module_preset=\u00bbdefault\u00bb global_colors_info=\u00bb{}\u00bb][et_pb_blurb title=\u00bbGRUPO DE ACOGIDA\u00bb use_icon=\u00bbon\u00bb font_icon=\u00bb&#x24;||divi||400&#8243; icon_color=\u00bb#24a8d7&#8243; image_icon_background_color=\u00bb#FFFFFF\u00bb icon_placement=\u00bbleft\u00bb content_max_width=\u00bb1100px\u00bb _builder_version=\u00bb4.27.0&#8243; _module_preset=\u00bbdefault\u00bb header_font=\u00bbPoppins|700|||||||\u00bb header_text_color=\u00bb#24a8d7&#8243; header_font_size=\u00bb18px\u00bb body_font=\u00bbPoppins||||||||\u00bb custom_margin=\u00bb50px||||false|false\u00bb global_colors_info=\u00bb{}\u00bb]<p style=\"text-align: justify;\"><a href=\"https:\/\/ibima.eu\/es\/project\/a-01\/\"><strong>\u00a0&#8211; Grupo de investigaci\u00f3n: <\/strong>A-01 Endocrinolog\u00eda y Nutrici\u00f3n, Diabetes y Obesidad <\/a><\/p>\n<p style=\"text-align: justify;\">&#8211; <strong>Supervisora<\/strong>: Eva Garc\u00eda Escobar<\/p>[\/et_pb_blurb][et_pb_blurb title=\u00bbDESCRIPCI\u00d3N DE LA OFERTA\u00bb use_icon=\u00bbon\u00bb font_icon=\u00bb&#x24;||divi||400&#8243; icon_color=\u00bb#24a8d7&#8243; image_icon_background_color=\u00bb#FFFFFF\u00bb icon_placement=\u00bbleft\u00bb content_max_width=\u00bb1100px\u00bb _builder_version=\u00bb4.27.0&#8243; _module_preset=\u00bbdefault\u00bb header_font=\u00bbPoppins|700|||||||\u00bb header_text_color=\u00bb#24a8d7&#8243; header_font_size=\u00bb18px\u00bb body_font=\u00bbPoppins||||||||\u00bb custom_margin=\u00bb50px||||false|false\u00bb global_colors_info=\u00bb{}\u00bb]<p><strong>&#8211; T\u00edtulo traineeship: <\/strong>Introducci\u00f3n a la metodolog\u00eda en cultivos celulares y biolog\u00eda molecular aplicada a la investigaci\u00f3n en enfermedades metab\u00f3licas.<\/p>\n<p><strong>&#8211; Palabras clave:<\/strong> Diabetes y enfermedades metab\u00f3licas asociadas; cultivos celulares; biolog\u00eda molecular y gen\u00e9tica\/epigen\u00e9tica<\/p>[\/et_pb_blurb][et_pb_blurb image_icon_background_color=\u00bb#FFFFFF\u00bb icon_placement=\u00bbleft\u00bb content_max_width=\u00bb1100px\u00bb _builder_version=\u00bb4.27.0&#8243; _module_preset=\u00bbdefault\u00bb header_font=\u00bbPoppins|700|||||||\u00bb header_text_color=\u00bb#000000&#8243; header_font_size=\u00bb18px\u00bb body_font=\u00bbPoppins||||||||\u00bb custom_margin=\u00bb25px|||63px|false|false\u00bb global_colors_info=\u00bb{}\u00bb]<p style=\"text-align: justify;\"><strong>Descripci\u00f3n del grupo\/proyecto:<\/strong><\/p>\n<p style=\"text-align: justify;\">Grupo de investigaci\u00f3n multidisciplinar, constituido por enfermeros\/as, personal t\u00e9cnico, nutricionistas, investigadores\/as de carrera y m\u00e9dicos especialistas en endocrinolog\u00eda y nutrici\u00f3n. Hacemos medicina traslacional, abarcando desde la investigaci\u00f3n b\u00e1sica y precl\u00ednica hasta los ensayos cl\u00ednicos. Nuestro compromiso es avanzar hacia una mejora de la salud y calidad de vida de las personas con diabetes y otras enfermedades endocrinas.<\/p>\n<p style=\"text-align: justify;\">L\u00edneas de investigaci\u00f3n:<\/p>\n<ul>\n<li style=\"text-align: justify;\">Obesidad y diabetes traslacional: metabolismo del tejido adiposo y de la c\u00e9lula beta<\/li>\n<li style=\"text-align: justify;\">Nuevas aproximaciones en investigaci\u00f3n cl\u00ednica-experimental en diabetes, metabolismo y nutrici\u00f3n cl\u00ednica aplicada a enfermedades cr\u00f3nicas.<\/li>\n<li style=\"text-align: justify;\">Epidemiolog\u00eda y factores de riesgo de diabetes y enfermedades metab\u00f3licas relacionadas.<\/li>\n<\/ul>\n<p style=\"text-align: justify;\"><strong>\u00bfQu\u00e9 puede aprender el alumno durante su estancia?<\/strong><\/p>\n<p>Podr\u00e1n adquirir habilidades pr\u00e1cticas y conocimientos te\u00f3ricos fundamentales en el campo de la biolog\u00eda celular y molecular.<\/p>\n<p>Conocer\u00e1n de una forma aplicada t\u00e9cnicas y procedimientos relacionados con el cultivo, mantenimiento, manipulaci\u00f3n y experimentaci\u00f3n con c\u00e9lulas humanas en un entorno in vitro controlado. Tambi\u00e9n aprender\u00e1n t\u00e9cnicas de biolog\u00eda molecular enfocadas al an\u00e1lisis de expresi\u00f3n g\u00e9nica (qPCR y dPCR) y regulaci\u00f3n epigen\u00e9tica (miRNAs y metilaci\u00f3n espec\u00edfica del ADN).<\/p>\n<p style=\"text-align: justify;\"><strong>Principales tareas y oportunidades de aprendizaje:<\/strong><\/p>\n<ul style=\"text-align: justify;\">\n<li>Procesamiento de diferentes tipos de muestras biol\u00f3gicas de origen humano (sangre, suero, c\u00e9lulas\u2026).<\/li>\n<li>Preparaci\u00f3n de medios de cultivo, siembra y congelaci\u00f3n de c\u00e9lulas, mantenimiento de las condiciones de crecimiento, as\u00ed como la observaci\u00f3n y an\u00e1lisis de las mismas.<\/li>\n<li>Extracci\u00f3n y cuantificaci\u00f3n de \u00e1cidos nucleicos (ADN y ARN), amplificaci\u00f3n de secuencias espec\u00edficas mediante PCR a tiempo real y PCR digital, as\u00ed como t\u00e9cnicas de pirosencuenciaci\u00f3n para analizar el estado de metilaci\u00f3n del ADN.<\/li>\n<li>Metodolog\u00eda de la investigaci\u00f3n.<\/li>\n<\/ul>\n<p style=\"text-align: justify;\"><strong>Otra informaci\u00f3n de inter\u00e9s<\/strong><\/p>\n<ul style=\"text-align: justify;\">\n<li><strong>Duraci\u00f3n:<\/strong>\u00a0 2 &#8211; 3 meses<\/li>\n<li><strong>Fechas disponibles: <\/strong>Octubre &#8211; Julio<\/li>\n<li><strong>N\u00famero de alumnos que puede acoger el grupo al mismo tiempo en este puesto:<\/strong> 1<\/li>\n<\/ul>\n<p style=\"text-align: justify;\"><em>* Todas las pr\u00e1cticas ofrecidas por IBIMA Plataforma BIONAND son en el \u00e1mbito de la investigaci\u00f3n (no asistenciales).<\/em><\/p>\n<p style=\"text-align: justify;\"><\/p>[\/et_pb_blurb][\/et_pb_column][\/et_pb_row][\/et_pb_section]\n","protected":false},"excerpt":{"rendered":"<p>A-01 Endocrinolog\u00eda y Nutrici\u00f3n, Diabetes y Obesidad\u00a0\u00a0&#8211; Grupo de investigaci\u00f3n: A-01 Endocrinolog\u00eda y Nutrici\u00f3n, Diabetes y Obesidad &#8211; Supervisora: Eva Garc\u00eda Escobar- T\u00edtulo traineeship: Introducci\u00f3n a la metodolog\u00eda en cultivos celulares y biolog\u00eda molecular aplicada a la investigaci\u00f3n en enfermedades metab\u00f3licas. &#8211; Palabras clave: Diabetes y enfermedades metab\u00f3licas asociadas; cultivos celulares; biolog\u00eda molecular y gen\u00e9tica\/epigen\u00e9ticaDescripci\u00f3n [&hellip;]<\/p>\n","protected":false},"author":2,"featured_media":0,"parent":0,"menu_order":0,"comment_status":"closed","ping_status":"closed","template":"","meta":{"_acf_changed":false,"_et_pb_use_builder":"on","_et_pb_old_content":"","_et_gb_content_width":"","footnotes":""},"class_list":["post-44735","page","type-page","status-publish","hentry"],"acf":[],"yoast_head":"<!-- This site is optimized with the Yoast SEO plugin v27.3 - https:\/\/yoast.com\/product\/yoast-seo-wordpress\/ -->\n<title>Estancia Internacional en IBIMA - A01 - Ibima<\/title>\n<meta name=\"robots\" content=\"index, follow, max-snippet:-1, max-image-preview:large, max-video-preview:-1\" \/>\n<link rel=\"canonical\" href=\"https:\/\/ibima.eu\/es\/estancia-internacional-en-ibima-a01\/\" \/>\n<meta property=\"og:locale\" content=\"es_ES\" \/>\n<meta property=\"og:type\" content=\"article\" \/>\n<meta property=\"og:title\" content=\"Estancia Internacional en IBIMA - A01 - Ibima\" \/>\n<meta property=\"og:description\" content=\"A-01 Endocrinolog\u00eda y Nutrici\u00f3n, Diabetes y Obesidad\u00a0\u00a0- Grupo de investigaci\u00f3n: A-01 Endocrinolog\u00eda y Nutrici\u00f3n, Diabetes y Obesidad - Supervisora: Eva Garc\u00eda Escobar- T\u00edtulo traineeship: Introducci\u00f3n a la metodolog\u00eda en cultivos celulares y biolog\u00eda molecular aplicada a la investigaci\u00f3n en enfermedades metab\u00f3licas. - Palabras clave: Diabetes y enfermedades metab\u00f3licas asociadas; cultivos celulares; biolog\u00eda molecular y gen\u00e9tica\/epigen\u00e9ticaDescripci\u00f3n [&hellip;]\" \/>\n<meta property=\"og:url\" content=\"https:\/\/ibima.eu\/es\/estancia-internacional-en-ibima-a01\/\" \/>\n<meta property=\"og:site_name\" content=\"Ibima\" \/>\n<meta name=\"twitter:card\" content=\"summary_large_image\" \/>\n<meta name=\"twitter:label1\" content=\"Tiempo de lectura\" \/>\n\t<meta name=\"twitter:data1\" content=\"2 minutos\" \/>\n<script type=\"application\/ld+json\" class=\"yoast-schema-graph\">{\"@context\":\"https:\\\/\\\/schema.org\",\"@graph\":[{\"@type\":\"WebPage\",\"@id\":\"https:\\\/\\\/ibima.eu\\\/estancia-internacional-en-ibima-a01\\\/\",\"url\":\"https:\\\/\\\/ibima.eu\\\/estancia-internacional-en-ibima-a01\\\/\",\"name\":\"Estancia Internacional en IBIMA - A01 - Ibima\",\"isPartOf\":{\"@id\":\"https:\\\/\\\/ibima.eu\\\/es\\\/#website\"},\"datePublished\":\"2024-07-26T08:59:31+00:00\",\"breadcrumb\":{\"@id\":\"https:\\\/\\\/ibima.eu\\\/estancia-internacional-en-ibima-a01\\\/#breadcrumb\"},\"inLanguage\":\"es\",\"potentialAction\":[{\"@type\":\"ReadAction\",\"target\":[\"https:\\\/\\\/ibima.eu\\\/estancia-internacional-en-ibima-a01\\\/\"]}]},{\"@type\":\"BreadcrumbList\",\"@id\":\"https:\\\/\\\/ibima.eu\\\/estancia-internacional-en-ibima-a01\\\/#breadcrumb\",\"itemListElement\":[{\"@type\":\"ListItem\",\"position\":1,\"name\":\"Portada\",\"item\":\"https:\\\/\\\/ibima.eu\\\/es\\\/\"},{\"@type\":\"ListItem\",\"position\":2,\"name\":\"Estancia Internacional en IBIMA &#8211; A01\"}]},{\"@type\":\"WebSite\",\"@id\":\"https:\\\/\\\/ibima.eu\\\/es\\\/#website\",\"url\":\"https:\\\/\\\/ibima.eu\\\/es\\\/\",\"name\":\"Ibima\",\"description\":\"\",\"potentialAction\":[{\"@type\":\"SearchAction\",\"target\":{\"@type\":\"EntryPoint\",\"urlTemplate\":\"https:\\\/\\\/ibima.eu\\\/es\\\/?s={search_term_string}\"},\"query-input\":{\"@type\":\"PropertyValueSpecification\",\"valueRequired\":true,\"valueName\":\"search_term_string\"}}],\"inLanguage\":\"es\"}]}<\/script>\n<!-- \/ Yoast SEO plugin. -->","yoast_head_json":{"title":"Estancia Internacional en IBIMA - A01 - Ibima","robots":{"index":"index","follow":"follow","max-snippet":"max-snippet:-1","max-image-preview":"max-image-preview:large","max-video-preview":"max-video-preview:-1"},"canonical":"https:\/\/ibima.eu\/es\/estancia-internacional-en-ibima-a01\/","og_locale":"es_ES","og_type":"article","og_title":"Estancia Internacional en IBIMA - A01 - Ibima","og_description":"A-01 Endocrinolog\u00eda y Nutrici\u00f3n, Diabetes y Obesidad\u00a0\u00a0- Grupo de investigaci\u00f3n: A-01 Endocrinolog\u00eda y Nutrici\u00f3n, Diabetes y Obesidad - Supervisora: Eva Garc\u00eda Escobar- T\u00edtulo traineeship: Introducci\u00f3n a la metodolog\u00eda en cultivos celulares y biolog\u00eda molecular aplicada a la investigaci\u00f3n en enfermedades metab\u00f3licas. - Palabras clave: Diabetes y enfermedades metab\u00f3licas asociadas; cultivos celulares; biolog\u00eda molecular y gen\u00e9tica\/epigen\u00e9ticaDescripci\u00f3n [&hellip;]","og_url":"https:\/\/ibima.eu\/es\/estancia-internacional-en-ibima-a01\/","og_site_name":"Ibima","twitter_card":"summary_large_image","twitter_misc":{"Tiempo de lectura":"2 minutos"},"schema":{"@context":"https:\/\/schema.org","@graph":[{"@type":"WebPage","@id":"https:\/\/ibima.eu\/estancia-internacional-en-ibima-a01\/","url":"https:\/\/ibima.eu\/estancia-internacional-en-ibima-a01\/","name":"Estancia Internacional en IBIMA - A01 - Ibima","isPartOf":{"@id":"https:\/\/ibima.eu\/es\/#website"},"datePublished":"2024-07-26T08:59:31+00:00","breadcrumb":{"@id":"https:\/\/ibima.eu\/estancia-internacional-en-ibima-a01\/#breadcrumb"},"inLanguage":"es","potentialAction":[{"@type":"ReadAction","target":["https:\/\/ibima.eu\/estancia-internacional-en-ibima-a01\/"]}]},{"@type":"BreadcrumbList","@id":"https:\/\/ibima.eu\/estancia-internacional-en-ibima-a01\/#breadcrumb","itemListElement":[{"@type":"ListItem","position":1,"name":"Portada","item":"https:\/\/ibima.eu\/es\/"},{"@type":"ListItem","position":2,"name":"Estancia Internacional en IBIMA &#8211; A01"}]},{"@type":"WebSite","@id":"https:\/\/ibima.eu\/es\/#website","url":"https:\/\/ibima.eu\/es\/","name":"Ibima","description":"","potentialAction":[{"@type":"SearchAction","target":{"@type":"EntryPoint","urlTemplate":"https:\/\/ibima.eu\/es\/?s={search_term_string}"},"query-input":{"@type":"PropertyValueSpecification","valueRequired":true,"valueName":"search_term_string"}}],"inLanguage":"es"}]}},"_links":{"self":[{"href":"https:\/\/ibima.eu\/es\/wp-json\/wp\/v2\/pages\/44735","targetHints":{"allow":["GET"]}}],"collection":[{"href":"https:\/\/ibima.eu\/es\/wp-json\/wp\/v2\/pages"}],"about":[{"href":"https:\/\/ibima.eu\/es\/wp-json\/wp\/v2\/types\/page"}],"author":[{"embeddable":true,"href":"https:\/\/ibima.eu\/es\/wp-json\/wp\/v2\/users\/2"}],"replies":[{"embeddable":true,"href":"https:\/\/ibima.eu\/es\/wp-json\/wp\/v2\/comments?post=44735"}],"version-history":[{"count":3,"href":"https:\/\/ibima.eu\/es\/wp-json\/wp\/v2\/pages\/44735\/revisions"}],"predecessor-version":[{"id":44768,"href":"https:\/\/ibima.eu\/es\/wp-json\/wp\/v2\/pages\/44735\/revisions\/44768"}],"wp:attachment":[{"href":"https:\/\/ibima.eu\/es\/wp-json\/wp\/v2\/media?parent=44735"}],"curies":[{"name":"wp","href":"https:\/\/api.w.org\/{rel}","templated":true}]}}