{"id":44736,"date":"2024-07-26T09:03:42","date_gmt":"2024-07-26T09:03:42","guid":{"rendered":"https:\/\/ibima.eu\/?page_id=44736"},"modified":"2024-07-26T09:59:48","modified_gmt":"2024-07-26T09:59:48","slug":"estancia-internacional-en-ibima-a01_2","status":"publish","type":"page","link":"https:\/\/ibima.eu\/es\/estancia-internacional-en-ibima-a01_2\/","title":{"rendered":"Estancia Internacional en IBIMA &#8211; A01_2"},"content":{"rendered":"<p>[et_pb_section fb_built=\u00bb1&#8243; _builder_version=\u00bb4.27.0&#8243; _module_preset=\u00bbdefault\u00bb background_image=\u00bbhttps:\/\/ibima.eu\/wp-content\/uploads\/2024\/07\/Estancias-internacionales-Heading.jpg\u00bb background_position=\u00bbtop_center\u00bb background_vertical_offset=\u00bb33%\u00bb global_colors_info=\u00bb{}\u00bb][et_pb_row _builder_version=\u00bb4.20.4&#8243; _module_preset=\u00bbdefault\u00bb custom_padding=\u00bb250px||30px||false|false\u00bb global_colors_info=\u00bb{}\u00bb][et_pb_column type=\u00bb4_4&#8243; _builder_version=\u00bb4.20.4&#8243; _module_preset=\u00bbdefault\u00bb global_colors_info=\u00bb{}\u00bb][et_pb_text _builder_version=\u00bb4.27.0&#8243; _module_preset=\u00bbdefault\u00bb header_2_font=\u00bbPoppins|700|||||||\u00bb header_2_text_color=\u00bb#FFFFFF\u00bb header_2_font_size=\u00bb46px\u00bb hover_enabled=\u00bb0&#8243; header_2_font_size_tablet=\u00bb46px\u00bb header_2_font_size_phone=\u00bb40px\u00bb header_2_font_size_last_edited=\u00bbon|phone\u00bb global_colors_info=\u00bb{}\u00bb sticky_enabled=\u00bb0&#8243;][\/et_pb_text][\/et_pb_column][\/et_pb_row][\/et_pb_section][et_pb_section fb_built=\u00bb1&#8243; custom_padding_last_edited=\u00bbon|tablet\u00bb _builder_version=\u00bb4.20.4&#8243; _module_preset=\u00bbdefault\u00bb custom_padding_tablet=\u00bb0px||0px||true|false\u00bb custom_padding_phone=\u00bb0px||0px||true|false\u00bb global_colors_info=\u00bb{}\u00bb][et_pb_row _builder_version=\u00bb4.20.4&#8243; _module_preset=\u00bbdefault\u00bb global_colors_info=\u00bb{}\u00bb][et_pb_column type=\u00bb4_4&#8243; _builder_version=\u00bb4.20.4&#8243; _module_preset=\u00bbdefault\u00bb global_colors_info=\u00bb{}\u00bb][et_pb_text _builder_version=\u00bb4.27.0&#8243; _module_preset=\u00bbdefault\u00bb header_3_font=\u00bbPoppins||||||||\u00bb header_3_text_align=\u00bbcenter\u00bb header_3_text_color=\u00bb#24a8d7&#8243; header_3_font_size=\u00bb24px\u00bb custom_margin=\u00bb||-11px||false|false\u00bb custom_padding=\u00bb50px||||false|false\u00bb global_colors_info=\u00bb{}\u00bb]<\/p>\n<h3>A-01 Endocrinolog\u00eda y Nutrici\u00f3n, Diabetes y Obesidad<\/h3>\n<p>[\/et_pb_text][\/et_pb_column][\/et_pb_row][et_pb_row _builder_version=\u00bb4.20.4&#8243; _module_preset=\u00bbdefault\u00bb width=\u00bb60%\u00bb custom_padding=\u00bb||50px||false|false\u00bb global_colors_info=\u00bb{}\u00bb][et_pb_column type=\u00bb4_4&#8243; _builder_version=\u00bb4.20.4&#8243; _module_preset=\u00bbdefault\u00bb global_colors_info=\u00bb{}\u00bb][et_pb_blurb title=\u00bbGRUPO DE ACOGIDA\u00bb use_icon=\u00bbon\u00bb font_icon=\u00bb&#x24;||divi||400&#8243; icon_color=\u00bb#24a8d7&#8243; image_icon_background_color=\u00bb#FFFFFF\u00bb icon_placement=\u00bbleft\u00bb content_max_width=\u00bb1100px\u00bb _builder_version=\u00bb4.27.0&#8243; _module_preset=\u00bbdefault\u00bb header_font=\u00bbPoppins|700|||||||\u00bb header_text_color=\u00bb#24a8d7&#8243; header_font_size=\u00bb18px\u00bb body_font=\u00bbPoppins||||||||\u00bb custom_margin=\u00bb50px||||false|false\u00bb hover_enabled=\u00bb0&#8243; global_colors_info=\u00bb{}\u00bb sticky_enabled=\u00bb0&#8243;]<\/p>\n<p style=\"text-align: justify;\"><a href=\"https:\/\/ibima.eu\/es\/project\/a-01\/\"><strong>\u00a0&#8211; Grupo de investigaci\u00f3n: <\/strong>A-01 Endocrinolog\u00eda y Nutrici\u00f3n, Diabetes y Obesidad<\/a><\/p>\n<p style=\"text-align: justify;\">&#8211; <strong>Supervisora<\/strong>: Sara Garc\u00eda Serrano<\/p>\n<p>[\/et_pb_blurb][et_pb_blurb title=\u00bbDESCRIPCI\u00d3N DE LA OFERTA\u00bb use_icon=\u00bbon\u00bb font_icon=\u00bb&#x24;||divi||400&#8243; icon_color=\u00bb#24a8d7&#8243; image_icon_background_color=\u00bb#FFFFFF\u00bb icon_placement=\u00bbleft\u00bb content_max_width=\u00bb1100px\u00bb _builder_version=\u00bb4.27.0&#8243; _module_preset=\u00bbdefault\u00bb header_font=\u00bbPoppins|700|||||||\u00bb header_text_color=\u00bb#24a8d7&#8243; header_font_size=\u00bb18px\u00bb body_font=\u00bbPoppins||||||||\u00bb custom_margin=\u00bb50px||||false|false\u00bb global_colors_info=\u00bb{}\u00bb]<\/p>\n<p><strong>&#8211; T\u00edtulo traineeship:<\/strong> Perspectiva -\u00f3mica de la medicina personalizada en el Riesgo Cardiometab\u00f3lico<\/p>\n<p><strong>&#8211; Palabras clave:<\/strong> Enfermedades no Transmisibles, Riesgo Metab\u00f3lico, Tecnolog\u00eda -\u00f3mica<\/p>\n<p>[\/et_pb_blurb][et_pb_blurb image_icon_background_color=\u00bb#FFFFFF\u00bb icon_placement=\u00bbleft\u00bb content_max_width=\u00bb1100px\u00bb _builder_version=\u00bb4.27.0&#8243; _module_preset=\u00bbdefault\u00bb header_font=\u00bbPoppins|700|||||||\u00bb header_text_color=\u00bb#000000&#8243; header_font_size=\u00bb18px\u00bb body_font=\u00bbPoppins||||||||\u00bb custom_margin=\u00bb25px|||63px|false|false\u00bb global_colors_info=\u00bb{}\u00bb]<\/p>\n<p style=\"text-align: justify;\"><strong>Descripci\u00f3n del grupo\/proyecto:<\/strong><\/p>\n<p style=\"text-align: justify;\">Grupo multidisdiplinar centrado en el estudio de la diabetes mellitus, factores de riesgo y enfermedades metab\u00f3licas asociadas en Espa\u00f1a (Estudio di@bet.es). Estudio de biomarcadores predictores de diabetes (ej. miRNAs, otros marcadores gen\u00e9ticos y bioqu\u00edmicos) y enfermedades metab\u00f3licas asociadas como la obesidad. Estudio de los efectos positivos de la dieta mediterr\u00e1nea sobre el metabolismo lip\u00eddico e hidrocarbonado.<\/p>\n<p style=\"text-align: justify;\"><strong>\u00bfQu\u00e9 puede aprender el alumno durante su estancia?<\/strong><\/p>\n<p style=\"text-align: justify;\">El alumno puede aprender diferentes t\u00e9cnicas de biolog\u00eda molecular principalmente:\u00a0 extracci\u00f3n de \u00e1cidos nucleicos, retrotranscripci\u00f3n (RT) y PCR a tiempo real. As\u00ed mismo, podr\u00e1 conocer diferentes t\u00e9cnicas dentro del \u00e1rea de cultivos celulares y bioqu\u00edmica que est\u00e9n realizando en ese momento diferentes compa\u00f1eros del grupo. Podr\u00e1 asistir semanalmente a las sesiones de investigaci\u00f3n donde se presentan los proyectos y resultados m\u00e1s recientes de las investigaciones desarrolladas en el equipo de investigaci\u00f3n.<\/p>\n<p style=\"text-align: justify;\"><strong>Principales tareas y oportunidades de aprendizaje:<\/strong><\/p>\n<ul style=\"text-align: justify;\">\n<li>Realizar extracciones de \u00e1cidos nucleicos desde suero y otros tejidos.<\/li>\n<li>Realizar retrotrancripciones (Rt) y PCRs a tiempo real.<\/li>\n<li>Dise\u00f1ar este tipo de experimentos, estandarizar, normalizar y analizar los resultados.<\/li>\n<li>Colaborar en la realizaci\u00f3n de las diferentes tareas dentro del laboratorio de biolog\u00eda molecular y bioqu\u00edmica que se est\u00e9n desarrollando durante el periodo que dure la estancia.<\/li>\n<\/ul>\n<p style=\"text-align: justify;\"><strong>Otra informaci\u00f3n de inter\u00e9s<\/strong><\/p>\n<ul style=\"text-align: justify;\">\n<li><strong>Duraci\u00f3n:<\/strong>\u00a0 2 &#8211; 3 meses<\/li>\n<li><strong>Fechas disponibles: <\/strong>Octubre &#8211; Julio<\/li>\n<li><strong>N\u00famero de alumnos que puede acoger el grupo al mismo tiempo en este puesto:<\/strong> 2<\/li>\n<\/ul>\n<p style=\"text-align: justify;\"><em>* Todas las pr\u00e1cticas ofrecidas por IBIMA Plataforma BIONAND son en el \u00e1mbito de la investigaci\u00f3n (no asistenciales).<\/em><\/p>\n<p style=\"text-align: justify;\">\n<p>[\/et_pb_blurb][\/et_pb_column][\/et_pb_row][\/et_pb_section]<\/p>\n","protected":false},"excerpt":{"rendered":"<p>A-01 Endocrinolog\u00eda y Nutrici\u00f3n, Diabetes y Obesidad\u00a0&#8211; Grupo de investigaci\u00f3n: A-01 Endocrinolog\u00eda y Nutrici\u00f3n, Diabetes y Obesidad &#8211; Supervisora: Sara Garc\u00eda Serrano- T\u00edtulo traineeship: Perspectiva -\u00f3mica de la medicina personalizada en el Riesgo Cardiometab\u00f3lico &#8211; Palabras clave: Enfermedades no Transmisibles, Riesgo Metab\u00f3lico, Tecnolog\u00eda -\u00f3micaDescripci\u00f3n del grupo\/proyecto: Grupo multidisdiplinar centrado en el estudio de la diabetes [&hellip;]<\/p>\n","protected":false},"author":2,"featured_media":0,"parent":0,"menu_order":0,"comment_status":"closed","ping_status":"closed","template":"","meta":{"_acf_changed":false,"_et_pb_use_builder":"on","_et_pb_old_content":"","_et_gb_content_width":"","footnotes":""},"class_list":["post-44736","page","type-page","status-publish","hentry"],"acf":[],"yoast_head":"<!-- This site is optimized with the Yoast SEO plugin v27.3 - https:\/\/yoast.com\/product\/yoast-seo-wordpress\/ -->\n<title>Estancia Internacional en IBIMA - A01_2 - Ibima<\/title>\n<meta name=\"robots\" content=\"index, follow, max-snippet:-1, max-image-preview:large, max-video-preview:-1\" \/>\n<link rel=\"canonical\" href=\"https:\/\/ibima.eu\/es\/estancia-internacional-en-ibima-a01_2\/\" \/>\n<meta property=\"og:locale\" content=\"es_ES\" \/>\n<meta property=\"og:type\" content=\"article\" \/>\n<meta property=\"og:title\" content=\"Estancia Internacional en IBIMA - A01_2 - Ibima\" \/>\n<meta property=\"og:description\" content=\"A-01 Endocrinolog\u00eda y Nutrici\u00f3n, Diabetes y Obesidad\u00a0- Grupo de investigaci\u00f3n: A-01 Endocrinolog\u00eda y Nutrici\u00f3n, Diabetes y Obesidad - Supervisora: Sara Garc\u00eda Serrano- T\u00edtulo traineeship: Perspectiva -\u00f3mica de la medicina personalizada en el Riesgo Cardiometab\u00f3lico - Palabras clave: Enfermedades no Transmisibles, Riesgo Metab\u00f3lico, Tecnolog\u00eda -\u00f3micaDescripci\u00f3n del grupo\/proyecto: Grupo multidisdiplinar centrado en el estudio de la diabetes [&hellip;]\" \/>\n<meta property=\"og:url\" content=\"https:\/\/ibima.eu\/es\/estancia-internacional-en-ibima-a01_2\/\" \/>\n<meta property=\"og:site_name\" content=\"Ibima\" \/>\n<meta property=\"article:modified_time\" content=\"2024-07-26T09:59:48+00:00\" \/>\n<meta name=\"twitter:card\" content=\"summary_large_image\" \/>\n<meta name=\"twitter:label1\" content=\"Tiempo de lectura\" \/>\n\t<meta name=\"twitter:data1\" content=\"4 minutos\" \/>\n<script type=\"application\/ld+json\" class=\"yoast-schema-graph\">{\"@context\":\"https:\\\/\\\/schema.org\",\"@graph\":[{\"@type\":\"WebPage\",\"@id\":\"https:\\\/\\\/ibima.eu\\\/es\\\/estancia-internacional-en-ibima-a01_2\\\/\",\"url\":\"https:\\\/\\\/ibima.eu\\\/es\\\/estancia-internacional-en-ibima-a01_2\\\/\",\"name\":\"Estancia Internacional en IBIMA - A01_2 - Ibima\",\"isPartOf\":{\"@id\":\"https:\\\/\\\/ibima.eu\\\/es\\\/#website\"},\"datePublished\":\"2024-07-26T09:03:42+00:00\",\"dateModified\":\"2024-07-26T09:59:48+00:00\",\"breadcrumb\":{\"@id\":\"https:\\\/\\\/ibima.eu\\\/es\\\/estancia-internacional-en-ibima-a01_2\\\/#breadcrumb\"},\"inLanguage\":\"es\",\"potentialAction\":[{\"@type\":\"ReadAction\",\"target\":[\"https:\\\/\\\/ibima.eu\\\/es\\\/estancia-internacional-en-ibima-a01_2\\\/\"]}]},{\"@type\":\"BreadcrumbList\",\"@id\":\"https:\\\/\\\/ibima.eu\\\/es\\\/estancia-internacional-en-ibima-a01_2\\\/#breadcrumb\",\"itemListElement\":[{\"@type\":\"ListItem\",\"position\":1,\"name\":\"Portada\",\"item\":\"https:\\\/\\\/ibima.eu\\\/es\\\/\"},{\"@type\":\"ListItem\",\"position\":2,\"name\":\"Estancia Internacional en IBIMA &#8211; A01_2\"}]},{\"@type\":\"WebSite\",\"@id\":\"https:\\\/\\\/ibima.eu\\\/es\\\/#website\",\"url\":\"https:\\\/\\\/ibima.eu\\\/es\\\/\",\"name\":\"Ibima\",\"description\":\"\",\"potentialAction\":[{\"@type\":\"SearchAction\",\"target\":{\"@type\":\"EntryPoint\",\"urlTemplate\":\"https:\\\/\\\/ibima.eu\\\/es\\\/?s={search_term_string}\"},\"query-input\":{\"@type\":\"PropertyValueSpecification\",\"valueRequired\":true,\"valueName\":\"search_term_string\"}}],\"inLanguage\":\"es\"}]}<\/script>\n<!-- \/ Yoast SEO plugin. -->","yoast_head_json":{"title":"Estancia Internacional en IBIMA - A01_2 - Ibima","robots":{"index":"index","follow":"follow","max-snippet":"max-snippet:-1","max-image-preview":"max-image-preview:large","max-video-preview":"max-video-preview:-1"},"canonical":"https:\/\/ibima.eu\/es\/estancia-internacional-en-ibima-a01_2\/","og_locale":"es_ES","og_type":"article","og_title":"Estancia Internacional en IBIMA - A01_2 - Ibima","og_description":"A-01 Endocrinolog\u00eda y Nutrici\u00f3n, Diabetes y Obesidad\u00a0- Grupo de investigaci\u00f3n: A-01 Endocrinolog\u00eda y Nutrici\u00f3n, Diabetes y Obesidad - Supervisora: Sara Garc\u00eda Serrano- T\u00edtulo traineeship: Perspectiva -\u00f3mica de la medicina personalizada en el Riesgo Cardiometab\u00f3lico - Palabras clave: Enfermedades no Transmisibles, Riesgo Metab\u00f3lico, Tecnolog\u00eda -\u00f3micaDescripci\u00f3n del grupo\/proyecto: Grupo multidisdiplinar centrado en el estudio de la diabetes [&hellip;]","og_url":"https:\/\/ibima.eu\/es\/estancia-internacional-en-ibima-a01_2\/","og_site_name":"Ibima","article_modified_time":"2024-07-26T09:59:48+00:00","twitter_card":"summary_large_image","twitter_misc":{"Tiempo de lectura":"4 minutos"},"schema":{"@context":"https:\/\/schema.org","@graph":[{"@type":"WebPage","@id":"https:\/\/ibima.eu\/es\/estancia-internacional-en-ibima-a01_2\/","url":"https:\/\/ibima.eu\/es\/estancia-internacional-en-ibima-a01_2\/","name":"Estancia Internacional en IBIMA - A01_2 - Ibima","isPartOf":{"@id":"https:\/\/ibima.eu\/es\/#website"},"datePublished":"2024-07-26T09:03:42+00:00","dateModified":"2024-07-26T09:59:48+00:00","breadcrumb":{"@id":"https:\/\/ibima.eu\/es\/estancia-internacional-en-ibima-a01_2\/#breadcrumb"},"inLanguage":"es","potentialAction":[{"@type":"ReadAction","target":["https:\/\/ibima.eu\/es\/estancia-internacional-en-ibima-a01_2\/"]}]},{"@type":"BreadcrumbList","@id":"https:\/\/ibima.eu\/es\/estancia-internacional-en-ibima-a01_2\/#breadcrumb","itemListElement":[{"@type":"ListItem","position":1,"name":"Portada","item":"https:\/\/ibima.eu\/es\/"},{"@type":"ListItem","position":2,"name":"Estancia Internacional en IBIMA &#8211; A01_2"}]},{"@type":"WebSite","@id":"https:\/\/ibima.eu\/es\/#website","url":"https:\/\/ibima.eu\/es\/","name":"Ibima","description":"","potentialAction":[{"@type":"SearchAction","target":{"@type":"EntryPoint","urlTemplate":"https:\/\/ibima.eu\/es\/?s={search_term_string}"},"query-input":{"@type":"PropertyValueSpecification","valueRequired":true,"valueName":"search_term_string"}}],"inLanguage":"es"}]}},"_links":{"self":[{"href":"https:\/\/ibima.eu\/es\/wp-json\/wp\/v2\/pages\/44736","targetHints":{"allow":["GET"]}}],"collection":[{"href":"https:\/\/ibima.eu\/es\/wp-json\/wp\/v2\/pages"}],"about":[{"href":"https:\/\/ibima.eu\/es\/wp-json\/wp\/v2\/types\/page"}],"author":[{"embeddable":true,"href":"https:\/\/ibima.eu\/es\/wp-json\/wp\/v2\/users\/2"}],"replies":[{"embeddable":true,"href":"https:\/\/ibima.eu\/es\/wp-json\/wp\/v2\/comments?post=44736"}],"version-history":[{"count":3,"href":"https:\/\/ibima.eu\/es\/wp-json\/wp\/v2\/pages\/44736\/revisions"}],"predecessor-version":[{"id":44781,"href":"https:\/\/ibima.eu\/es\/wp-json\/wp\/v2\/pages\/44736\/revisions\/44781"}],"wp:attachment":[{"href":"https:\/\/ibima.eu\/es\/wp-json\/wp\/v2\/media?parent=44736"}],"curies":[{"name":"wp","href":"https:\/\/api.w.org\/{rel}","templated":true}]}}