{"id":44737,"date":"2024-07-26T09:09:47","date_gmt":"2024-07-26T09:09:47","guid":{"rendered":"https:\/\/ibima.eu\/?page_id=44737"},"modified":"2024-07-26T10:39:04","modified_gmt":"2024-07-26T10:39:04","slug":"estancia-internacional-en-ibima-a03_1","status":"publish","type":"page","link":"https:\/\/ibima.eu\/es\/estancia-internacional-en-ibima-a03_1\/","title":{"rendered":"Estancia Internacional en IBIMA &#8211; A03_1"},"content":{"rendered":"<p>[et_pb_section fb_built=\u00bb1&#8243; _builder_version=\u00bb4.27.0&#8243; _module_preset=\u00bbdefault\u00bb background_image=\u00bbhttps:\/\/ibima.eu\/wp-content\/uploads\/2024\/07\/Estancias-internacionales-Heading.jpg\u00bb background_position=\u00bbtop_center\u00bb background_vertical_offset=\u00bb33%\u00bb global_colors_info=\u00bb{}\u00bb][et_pb_row _builder_version=\u00bb4.20.4&#8243; _module_preset=\u00bbdefault\u00bb custom_padding=\u00bb250px||30px||false|false\u00bb global_colors_info=\u00bb{}\u00bb][et_pb_column type=\u00bb4_4&#8243; _builder_version=\u00bb4.20.4&#8243; _module_preset=\u00bbdefault\u00bb global_colors_info=\u00bb{}\u00bb][et_pb_text _builder_version=\u00bb4.27.0&#8243; _module_preset=\u00bbdefault\u00bb header_2_font=\u00bbPoppins|700|||||||\u00bb header_2_text_color=\u00bb#FFFFFF\u00bb header_2_font_size=\u00bb46px\u00bb header_2_font_size_tablet=\u00bb46px\u00bb header_2_font_size_phone=\u00bb40px\u00bb header_2_font_size_last_edited=\u00bbon|phone\u00bb global_colors_info=\u00bb{}\u00bb][\/et_pb_text][\/et_pb_column][\/et_pb_row][\/et_pb_section][et_pb_section fb_built=\u00bb1&#8243; custom_padding_last_edited=\u00bbon|tablet\u00bb _builder_version=\u00bb4.20.4&#8243; _module_preset=\u00bbdefault\u00bb custom_padding_tablet=\u00bb0px||0px||true|false\u00bb custom_padding_phone=\u00bb0px||0px||true|false\u00bb global_colors_info=\u00bb{}\u00bb][et_pb_row _builder_version=\u00bb4.20.4&#8243; _module_preset=\u00bbdefault\u00bb global_colors_info=\u00bb{}\u00bb][et_pb_column type=\u00bb4_4&#8243; _builder_version=\u00bb4.20.4&#8243; _module_preset=\u00bbdefault\u00bb global_colors_info=\u00bb{}\u00bb][et_pb_text _builder_version=\u00bb4.27.0&#8243; _module_preset=\u00bbdefault\u00bb header_3_font=\u00bbPoppins||||||||\u00bb header_3_text_align=\u00bbcenter\u00bb header_3_text_color=\u00bb#24a8d7&#8243; header_3_font_size=\u00bb24px\u00bb custom_margin=\u00bb||-11px||false|false\u00bb custom_padding=\u00bb50px||||false|false\u00bb hover_enabled=\u00bb0&#8243; global_colors_info=\u00bb{}\u00bb sticky_enabled=\u00bb0&#8243;]<\/p>\n<h3>A-03 Investigaci\u00f3n Cardiovascular para la Salud<\/h3>\n<p>[\/et_pb_text][\/et_pb_column][\/et_pb_row][et_pb_row _builder_version=\u00bb4.20.4&#8243; _module_preset=\u00bbdefault\u00bb width=\u00bb60%\u00bb custom_padding=\u00bb||50px||false|false\u00bb global_colors_info=\u00bb{}\u00bb][et_pb_column type=\u00bb4_4&#8243; _builder_version=\u00bb4.20.4&#8243; _module_preset=\u00bbdefault\u00bb global_colors_info=\u00bb{}\u00bb][et_pb_blurb title=\u00bbGRUPO DE ACOGIDA\u00bb use_icon=\u00bbon\u00bb font_icon=\u00bb&#x24;||divi||400&#8243; icon_color=\u00bb#24a8d7&#8243; image_icon_background_color=\u00bb#FFFFFF\u00bb icon_placement=\u00bbleft\u00bb content_max_width=\u00bb1100px\u00bb _builder_version=\u00bb4.27.0&#8243; _module_preset=\u00bbdefault\u00bb header_font=\u00bbPoppins|700|||||||\u00bb header_text_color=\u00bb#24a8d7&#8243; header_font_size=\u00bb18px\u00bb body_font=\u00bbPoppins||||||||\u00bb custom_margin=\u00bb50px||||false|false\u00bb hover_enabled=\u00bb0&#8243; global_colors_info=\u00bb{}\u00bb sticky_enabled=\u00bb0&#8243;]<\/p>\n<p style=\"text-align: justify;\"><a href=\"https:\/\/ibima.eu\/es\/project\/a-03\/\"><strong>\u00a0&#8211; Grupo de investigaci\u00f3n: <\/strong>A-03 Investigaci\u00f3n Cardiovascular para la Salud<\/a><\/p>\n<p style=\"text-align: justify;\">&#8211; <strong>Supervisor<\/strong>: Francisco Jos\u00e9 Pav\u00f3n Mor\u00f3n<\/p>\n<p>[\/et_pb_blurb][et_pb_blurb title=\u00bbDESCRIPCI\u00d3N DE LA OFERTA\u00bb use_icon=\u00bbon\u00bb font_icon=\u00bb&#x24;||divi||400&#8243; icon_color=\u00bb#24a8d7&#8243; image_icon_background_color=\u00bb#FFFFFF\u00bb icon_placement=\u00bbleft\u00bb content_max_width=\u00bb1100px\u00bb _builder_version=\u00bb4.27.0&#8243; _module_preset=\u00bbdefault\u00bb header_font=\u00bbPoppins|700|||||||\u00bb header_text_color=\u00bb#24a8d7&#8243; header_font_size=\u00bb18px\u00bb body_font=\u00bbPoppins||||||||\u00bb custom_margin=\u00bb50px||||false|false\u00bb global_colors_info=\u00bb{}\u00bb]<\/p>\n<p><strong>&#8211; T\u00edtulo traineeship:<\/strong> Se\u00f1alizaci\u00f3n inflamatoria de sistema cardiovascular en modelos de estr\u00e9s.<\/p>\n<p><strong>&#8211; Palabras clave:<\/strong> Citoquinas, Endocannabinoides, Coraz\u00f3n, Estr\u00e9s, Roedores.<\/p>\n<p>[\/et_pb_blurb][et_pb_blurb image_icon_background_color=\u00bb#FFFFFF\u00bb icon_placement=\u00bbleft\u00bb content_max_width=\u00bb1100px\u00bb _builder_version=\u00bb4.27.0&#8243; _module_preset=\u00bbdefault\u00bb header_font=\u00bbPoppins|700|||||||\u00bb header_text_color=\u00bb#000000&#8243; header_font_size=\u00bb18px\u00bb body_font=\u00bbPoppins||||||||\u00bb custom_margin=\u00bb25px|||63px|false|false\u00bb global_colors_info=\u00bb{}\u00bb]<\/p>\n<p style=\"text-align: justify;\"><strong>Descripci\u00f3n del grupo\/proyecto:<\/strong><\/p>\n<p style=\"text-align: justify;\">El grupo de investigaci\u00f3n IBIMA-A03 pertenece al \u00c1rea del Coraz\u00f3n del Hospital Universitario Virgen de la Victoria. Se trata de un grupo multidisciplinar (Cardiolog\u00eda, Enfermer\u00eda, Biolog\u00eda, Bioqu\u00edmica y Biotecnolog\u00eda&#8230;) que lleva a cabo una actividad investigadora traslacional que combina estudios cl\u00ednicos en pacientes con modelos precl\u00ednicos. Una de sus l\u00edneas prioritarias de investigaci\u00f3n es la asociaci\u00f3n entre estr\u00e9s y riesgo cardiovascular a trav\u00e9s de sistemas inflamatorios como las citoquinas, quimioquinas, factores de crecimiento y mediadores lip\u00eddicos (p. ej. endocannabinoides y \u00e1cido lisofosfat\u00edsico). Esta l\u00ednea est\u00e1 financiada por proyectos competitivos nacionales desde el Instituto de Salud Carlos III, Plan Nacional sobre Drogas y Fondos europeos FEDER\/FSA. El instituto de salud IBIMA proporciona los medios adecuados para la realizaci\u00f3n de los diferentes proyectos, tanto en infraestrutura como en la gesti\u00f3n de los mismos.<\/p>\n<p style=\"text-align: justify;\"><strong>\u00bfQu\u00e9 puede aprender el alumno durante su estancia?<\/strong><\/p>\n<p style=\"text-align: justify;\">El alumno recibir\u00e1 una formaci\u00f3n te\u00f3rica y pr\u00e1ctica en el \u00e1mbito de la Biolog\u00eda Molecular y Cardiolog\u00eda en un grupo multidisciplinar.<\/p>\n<p style=\"text-align: justify;\">&#8211; La formaci\u00f3n te\u00f3rica consistir\u00e1 en conocer las buenas pr\u00e1cticas de laboratorio; los fundamentos \u00e9ticos y legales de la investigaci\u00f3n biom\u00e9dica; bases te\u00f3ricas de la investigaci\u00f3n traslacional en el \u00e1rea de la cardiolog\u00eda (t\u00e9cnicas de laboratorio aplicadas, interacci\u00f3n entre investigadores b\u00e1sico y cl\u00ednicos, establecimiento de estrategias de investigaci\u00f3n en el servicio&#8230;).<\/p>\n<p style=\"text-align: justify;\">&#8211; La formaci\u00f3n pr\u00e1ctica consistir\u00e1 en el manejo y organizaci\u00f3n de bases de datos cl\u00ednicas; an\u00e1lisis estad\u00edstico de resultados; protocolos para el procesamiento de muestras biol\u00f3gicas (sangre y muestras precl\u00ednicas) y biolog\u00eda molecular (PCR a tiempo real e inmunoensayos).<\/p>\n<p style=\"text-align: justify;\"><strong>Principales tareas y oportunidades de aprendizaje:<\/strong><\/p>\n<ul style=\"text-align: justify;\">\n<li>Formaci\u00f3n te\u00f3rica en investigaci\u00f3n traslacional mediante asistencia y participaci\u00f3n en seminarios y cursos organizados por IBIMA y el servicio de Cardiolog\u00eda y Cirug\u00eda Card\u00edaca.<\/li>\n<li>Procesamiento de muestras biol\u00f3gicas: a) Obtenci\u00f3n de plasma y c\u00e9lulas blancas mononucleares; b) Disecci\u00f3n de coraz\u00f3n y otros \u00f3rganos; c) Preparaci\u00f3n de muestras para su fijaci\u00f3n.<\/li>\n<li>Desarrollo de t\u00e9cnicas de biolog\u00eda molecular: Extracci\u00f3n de ARNm y PCR cuantitativa a tiempo real; inmunoensayos: ELISAs, multiplex; y Western blot.<\/li>\n<li>An\u00e1lisis de resultados aplicando estad\u00edstica param\u00e9trica y no param\u00e9trica con modelos multivariantes.Publicaci\u00f3n de resultados obtenidos en las intervenciones de modificaci\u00f3n de estilo de vida<\/li>\n<\/ul>\n<p style=\"text-align: justify;\"><strong>Otra informaci\u00f3n de inter\u00e9s<\/strong><\/p>\n<ul style=\"text-align: justify;\">\n<li><strong>Duraci\u00f3n:<\/strong> \u00a04 &#8211; 12 meses<\/li>\n<li><strong>Fechas disponibles: <\/strong>Indiferente<\/li>\n<li><strong>N\u00famero de alumnos que puede acoger el grupo al mismo tiempo en este puesto:<\/strong> 2<\/li>\n<\/ul>\n<p style=\"text-align: justify;\"><em>* Todas las pr\u00e1cticas ofrecidas por IBIMA Plataforma BIONAND son en el \u00e1mbito de la investigaci\u00f3n (no asistenciales).<\/em><\/p>\n<p style=\"text-align: justify;\">\n<p>[\/et_pb_blurb][\/et_pb_column][\/et_pb_row][\/et_pb_section]<\/p>\n","protected":false},"excerpt":{"rendered":"<p>A-03 Investigaci\u00f3n Cardiovascular para la Salud\u00a0&#8211; Grupo de investigaci\u00f3n: A-03 Investigaci\u00f3n Cardiovascular para la Salud &#8211; Supervisor: Francisco Jos\u00e9 Pav\u00f3n Mor\u00f3n- T\u00edtulo traineeship: Se\u00f1alizaci\u00f3n inflamatoria de sistema cardiovascular en modelos de estr\u00e9s. &#8211; Palabras clave: Citoquinas, Endocannabinoides, Coraz\u00f3n, Estr\u00e9s, Roedores.Descripci\u00f3n del grupo\/proyecto: El grupo de investigaci\u00f3n IBIMA-A03 pertenece al \u00c1rea del Coraz\u00f3n del Hospital Universitario [&hellip;]<\/p>\n","protected":false},"author":2,"featured_media":0,"parent":0,"menu_order":0,"comment_status":"closed","ping_status":"closed","template":"","meta":{"_acf_changed":false,"_et_pb_use_builder":"on","_et_pb_old_content":"","_et_gb_content_width":"","footnotes":""},"class_list":["post-44737","page","type-page","status-publish","hentry"],"acf":[],"yoast_head":"<!-- This site is optimized with the Yoast SEO plugin v27.3 - https:\/\/yoast.com\/product\/yoast-seo-wordpress\/ -->\n<title>Estancia Internacional en IBIMA - A03_1 - Ibima<\/title>\n<meta name=\"robots\" content=\"index, follow, max-snippet:-1, max-image-preview:large, max-video-preview:-1\" \/>\n<link rel=\"canonical\" href=\"https:\/\/ibima.eu\/es\/estancia-internacional-en-ibima-a03_1\/\" \/>\n<meta property=\"og:locale\" content=\"es_ES\" \/>\n<meta property=\"og:type\" content=\"article\" \/>\n<meta property=\"og:title\" content=\"Estancia Internacional en IBIMA - A03_1 - Ibima\" \/>\n<meta property=\"og:description\" content=\"A-03 Investigaci\u00f3n Cardiovascular para la Salud\u00a0- Grupo de investigaci\u00f3n: A-03 Investigaci\u00f3n Cardiovascular para la Salud - Supervisor: Francisco Jos\u00e9 Pav\u00f3n Mor\u00f3n- T\u00edtulo traineeship: Se\u00f1alizaci\u00f3n inflamatoria de sistema cardiovascular en modelos de estr\u00e9s. - Palabras clave: Citoquinas, Endocannabinoides, Coraz\u00f3n, Estr\u00e9s, Roedores.Descripci\u00f3n del grupo\/proyecto: El grupo de investigaci\u00f3n IBIMA-A03 pertenece al \u00c1rea del Coraz\u00f3n del Hospital Universitario [&hellip;]\" \/>\n<meta property=\"og:url\" content=\"https:\/\/ibima.eu\/es\/estancia-internacional-en-ibima-a03_1\/\" \/>\n<meta property=\"og:site_name\" content=\"Ibima\" \/>\n<meta property=\"article:modified_time\" content=\"2024-07-26T10:39:04+00:00\" \/>\n<meta name=\"twitter:card\" content=\"summary_large_image\" \/>\n<meta name=\"twitter:label1\" content=\"Tiempo de lectura\" \/>\n\t<meta name=\"twitter:data1\" content=\"2 minutos\" \/>\n<script type=\"application\/ld+json\" class=\"yoast-schema-graph\">{\"@context\":\"https:\\\/\\\/schema.org\",\"@graph\":[{\"@type\":\"WebPage\",\"@id\":\"https:\\\/\\\/ibima.eu\\\/es\\\/estancia-internacional-en-ibima-a03_1\\\/\",\"url\":\"https:\\\/\\\/ibima.eu\\\/es\\\/estancia-internacional-en-ibima-a03_1\\\/\",\"name\":\"Estancia Internacional en IBIMA - A03_1 - Ibima\",\"isPartOf\":{\"@id\":\"https:\\\/\\\/ibima.eu\\\/es\\\/#website\"},\"datePublished\":\"2024-07-26T09:09:47+00:00\",\"dateModified\":\"2024-07-26T10:39:04+00:00\",\"breadcrumb\":{\"@id\":\"https:\\\/\\\/ibima.eu\\\/es\\\/estancia-internacional-en-ibima-a03_1\\\/#breadcrumb\"},\"inLanguage\":\"es\",\"potentialAction\":[{\"@type\":\"ReadAction\",\"target\":[\"https:\\\/\\\/ibima.eu\\\/es\\\/estancia-internacional-en-ibima-a03_1\\\/\"]}]},{\"@type\":\"BreadcrumbList\",\"@id\":\"https:\\\/\\\/ibima.eu\\\/es\\\/estancia-internacional-en-ibima-a03_1\\\/#breadcrumb\",\"itemListElement\":[{\"@type\":\"ListItem\",\"position\":1,\"name\":\"Portada\",\"item\":\"https:\\\/\\\/ibima.eu\\\/es\\\/\"},{\"@type\":\"ListItem\",\"position\":2,\"name\":\"Estancia Internacional en IBIMA &#8211; A03_1\"}]},{\"@type\":\"WebSite\",\"@id\":\"https:\\\/\\\/ibima.eu\\\/es\\\/#website\",\"url\":\"https:\\\/\\\/ibima.eu\\\/es\\\/\",\"name\":\"Ibima\",\"description\":\"\",\"potentialAction\":[{\"@type\":\"SearchAction\",\"target\":{\"@type\":\"EntryPoint\",\"urlTemplate\":\"https:\\\/\\\/ibima.eu\\\/es\\\/?s={search_term_string}\"},\"query-input\":{\"@type\":\"PropertyValueSpecification\",\"valueRequired\":true,\"valueName\":\"search_term_string\"}}],\"inLanguage\":\"es\"}]}<\/script>\n<!-- \/ Yoast SEO plugin. -->","yoast_head_json":{"title":"Estancia Internacional en IBIMA - A03_1 - Ibima","robots":{"index":"index","follow":"follow","max-snippet":"max-snippet:-1","max-image-preview":"max-image-preview:large","max-video-preview":"max-video-preview:-1"},"canonical":"https:\/\/ibima.eu\/es\/estancia-internacional-en-ibima-a03_1\/","og_locale":"es_ES","og_type":"article","og_title":"Estancia Internacional en IBIMA - A03_1 - Ibima","og_description":"A-03 Investigaci\u00f3n Cardiovascular para la Salud\u00a0- Grupo de investigaci\u00f3n: A-03 Investigaci\u00f3n Cardiovascular para la Salud - Supervisor: Francisco Jos\u00e9 Pav\u00f3n Mor\u00f3n- T\u00edtulo traineeship: Se\u00f1alizaci\u00f3n inflamatoria de sistema cardiovascular en modelos de estr\u00e9s. - Palabras clave: Citoquinas, Endocannabinoides, Coraz\u00f3n, Estr\u00e9s, Roedores.Descripci\u00f3n del grupo\/proyecto: El grupo de investigaci\u00f3n IBIMA-A03 pertenece al \u00c1rea del Coraz\u00f3n del Hospital Universitario [&hellip;]","og_url":"https:\/\/ibima.eu\/es\/estancia-internacional-en-ibima-a03_1\/","og_site_name":"Ibima","article_modified_time":"2024-07-26T10:39:04+00:00","twitter_card":"summary_large_image","twitter_misc":{"Tiempo de lectura":"2 minutos"},"schema":{"@context":"https:\/\/schema.org","@graph":[{"@type":"WebPage","@id":"https:\/\/ibima.eu\/es\/estancia-internacional-en-ibima-a03_1\/","url":"https:\/\/ibima.eu\/es\/estancia-internacional-en-ibima-a03_1\/","name":"Estancia Internacional en IBIMA - A03_1 - Ibima","isPartOf":{"@id":"https:\/\/ibima.eu\/es\/#website"},"datePublished":"2024-07-26T09:09:47+00:00","dateModified":"2024-07-26T10:39:04+00:00","breadcrumb":{"@id":"https:\/\/ibima.eu\/es\/estancia-internacional-en-ibima-a03_1\/#breadcrumb"},"inLanguage":"es","potentialAction":[{"@type":"ReadAction","target":["https:\/\/ibima.eu\/es\/estancia-internacional-en-ibima-a03_1\/"]}]},{"@type":"BreadcrumbList","@id":"https:\/\/ibima.eu\/es\/estancia-internacional-en-ibima-a03_1\/#breadcrumb","itemListElement":[{"@type":"ListItem","position":1,"name":"Portada","item":"https:\/\/ibima.eu\/es\/"},{"@type":"ListItem","position":2,"name":"Estancia Internacional en IBIMA &#8211; A03_1"}]},{"@type":"WebSite","@id":"https:\/\/ibima.eu\/es\/#website","url":"https:\/\/ibima.eu\/es\/","name":"Ibima","description":"","potentialAction":[{"@type":"SearchAction","target":{"@type":"EntryPoint","urlTemplate":"https:\/\/ibima.eu\/es\/?s={search_term_string}"},"query-input":{"@type":"PropertyValueSpecification","valueRequired":true,"valueName":"search_term_string"}}],"inLanguage":"es"}]}},"_links":{"self":[{"href":"https:\/\/ibima.eu\/es\/wp-json\/wp\/v2\/pages\/44737","targetHints":{"allow":["GET"]}}],"collection":[{"href":"https:\/\/ibima.eu\/es\/wp-json\/wp\/v2\/pages"}],"about":[{"href":"https:\/\/ibima.eu\/es\/wp-json\/wp\/v2\/types\/page"}],"author":[{"embeddable":true,"href":"https:\/\/ibima.eu\/es\/wp-json\/wp\/v2\/users\/2"}],"replies":[{"embeddable":true,"href":"https:\/\/ibima.eu\/es\/wp-json\/wp\/v2\/comments?post=44737"}],"version-history":[{"count":4,"href":"https:\/\/ibima.eu\/es\/wp-json\/wp\/v2\/pages\/44737\/revisions"}],"predecessor-version":[{"id":44793,"href":"https:\/\/ibima.eu\/es\/wp-json\/wp\/v2\/pages\/44737\/revisions\/44793"}],"wp:attachment":[{"href":"https:\/\/ibima.eu\/es\/wp-json\/wp\/v2\/media?parent=44737"}],"curies":[{"name":"wp","href":"https:\/\/api.w.org\/{rel}","templated":true}]}}