{"id":47981,"date":"2024-08-01T07:05:49","date_gmt":"2024-08-01T07:05:49","guid":{"rendered":"https:\/\/ibima.eu\/?page_id=47981"},"modified":"2024-08-01T07:05:49","modified_gmt":"2024-08-01T07:05:49","slug":"estancia-internacional-en-ibima-c01","status":"publish","type":"page","link":"https:\/\/ibima.eu\/es\/estancia-internacional-en-ibima-c01\/","title":{"rendered":"Estancia Internacional en IBIMA &#8211; C01"},"content":{"rendered":"<p>[et_pb_section fb_built=\u00bb1&#8243; _builder_version=\u00bb4.27.0&#8243; _module_preset=\u00bbdefault\u00bb background_image=\u00bbhttps:\/\/ibima.eu\/wp-content\/uploads\/2024\/07\/Estancias-internacionales-Heading.jpg\u00bb background_position=\u00bbtop_center\u00bb background_vertical_offset=\u00bb33%\u00bb global_colors_info=\u00bb{}\u00bb][et_pb_row _builder_version=\u00bb4.20.4&#8243; _module_preset=\u00bbdefault\u00bb custom_padding=\u00bb250px||30px||false|false\u00bb global_colors_info=\u00bb{}\u00bb][et_pb_column type=\u00bb4_4&#8243; _builder_version=\u00bb4.20.4&#8243; _module_preset=\u00bbdefault\u00bb global_colors_info=\u00bb{}\u00bb][et_pb_text _builder_version=\u00bb4.27.0&#8243; _module_preset=\u00bbdefault\u00bb header_2_font=\u00bbPoppins|700|||||||\u00bb header_2_text_color=\u00bb#FFFFFF\u00bb header_2_font_size=\u00bb46px\u00bb header_2_font_size_tablet=\u00bb46px\u00bb header_2_font_size_phone=\u00bb40px\u00bb header_2_font_size_last_edited=\u00bbon|phone\u00bb global_colors_info=\u00bb{}\u00bb][\/et_pb_text][\/et_pb_column][\/et_pb_row][\/et_pb_section][et_pb_section fb_built=\u00bb1&#8243; custom_padding_last_edited=\u00bbon|tablet\u00bb _builder_version=\u00bb4.20.4&#8243; _module_preset=\u00bbdefault\u00bb custom_padding_tablet=\u00bb0px||0px||true|false\u00bb custom_padding_phone=\u00bb0px||0px||true|false\u00bb global_colors_info=\u00bb{}\u00bb][et_pb_row _builder_version=\u00bb4.20.4&#8243; _module_preset=\u00bbdefault\u00bb global_colors_info=\u00bb{}\u00bb][et_pb_column type=\u00bb4_4&#8243; _builder_version=\u00bb4.20.4&#8243; _module_preset=\u00bbdefault\u00bb global_colors_info=\u00bb{}\u00bb][et_pb_text _builder_version=\u00bb4.27.0&#8243; _module_preset=\u00bbdefault\u00bb header_3_font=\u00bbPoppins||||||||\u00bb header_3_text_align=\u00bbcenter\u00bb header_3_text_color=\u00bb#24a8d7&#8243; header_3_font_size=\u00bb24px\u00bb custom_margin=\u00bb||-11px||false|false\u00bb custom_padding=\u00bb50px||||false|false\u00bb global_colors_info=\u00bb{}\u00bb]<\/p>\n<h3>A-01 Neuroinmunolog\u00eda y Neuroinflamaci\u00f3n<\/h3>\n<p>[\/et_pb_text][\/et_pb_column][\/et_pb_row][et_pb_row _builder_version=\u00bb4.20.4&#8243; _module_preset=\u00bbdefault\u00bb width=\u00bb60%\u00bb custom_padding=\u00bb||50px||false|false\u00bb global_colors_info=\u00bb{}\u00bb][et_pb_column type=\u00bb4_4&#8243; _builder_version=\u00bb4.20.4&#8243; _module_preset=\u00bbdefault\u00bb global_colors_info=\u00bb{}\u00bb][et_pb_blurb title=\u00bbGRUPO DE ACOGIDA\u00bb use_icon=\u00bbon\u00bb font_icon=\u00bb&#x24;||divi||400&#8243; icon_color=\u00bb#24a8d7&#8243; image_icon_background_color=\u00bb#FFFFFF\u00bb icon_placement=\u00bbleft\u00bb content_max_width=\u00bb1100px\u00bb _builder_version=\u00bb4.27.0&#8243; _module_preset=\u00bbdefault\u00bb header_font=\u00bbPoppins|700|||||||\u00bb header_text_color=\u00bb#24a8d7&#8243; header_font_size=\u00bb18px\u00bb body_font=\u00bbPoppins||||||||\u00bb custom_margin=\u00bb50px||||false|false\u00bb hover_enabled=\u00bb0&#8243; global_colors_info=\u00bb{}\u00bb sticky_enabled=\u00bb0&#8243;]<\/p>\n<p style=\"text-align: justify;\"><a href=\"https:\/\/ibima.eu\/es\/project\/c-01\/\"><strong>\u00a0&#8211; Grupo de investigaci\u00f3n: <\/strong>C-01 Neuroinmunolog\u00eda y Neuroinflamaci\u00f3n<\/a><\/p>\n<p style=\"text-align: justify;\">&#8211; <strong>Supervisora<\/strong>: Beatriz Garc\u00eda D\u00edaz<\/p>\n<p>[\/et_pb_blurb][et_pb_blurb title=\u00bbDESCRIPCI\u00d3N DE LA OFERTA\u00bb use_icon=\u00bbon\u00bb font_icon=\u00bb&#x24;||divi||400&#8243; icon_color=\u00bb#24a8d7&#8243; image_icon_background_color=\u00bb#FFFFFF\u00bb icon_placement=\u00bbleft\u00bb content_max_width=\u00bb1100px\u00bb _builder_version=\u00bb4.27.0&#8243; _module_preset=\u00bbdefault\u00bb header_font=\u00bbPoppins|700|||||||\u00bb header_text_color=\u00bb#24a8d7&#8243; header_font_size=\u00bb18px\u00bb body_font=\u00bbPoppins||||||||\u00bb custom_margin=\u00bb50px||||false|false\u00bb global_colors_info=\u00bb{}\u00bb]<\/p>\n<p><strong>&#8211; T\u00edtulo traineeship:<\/strong> Papel del metabolismo cerebral en las alteraciones de la mielina debidas al abuso del alcohol<\/p>\n<p><strong>&#8211; Palabras clave:<\/strong> Mielina, alcohol, metabolismo cerebral, vasos sangu\u00edneos<\/p>\n<p>[\/et_pb_blurb][et_pb_blurb image_icon_background_color=\u00bb#FFFFFF\u00bb icon_placement=\u00bbleft\u00bb content_max_width=\u00bb1100px\u00bb _builder_version=\u00bb4.27.0&#8243; _module_preset=\u00bbdefault\u00bb header_font=\u00bbPoppins|700|||||||\u00bb header_text_color=\u00bb#000000&#8243; header_font_size=\u00bb18px\u00bb body_font=\u00bbPoppins||||||||\u00bb custom_margin=\u00bb25px|||63px|false|false\u00bb global_colors_info=\u00bb{}\u00bb]<\/p>\n<p style=\"text-align: justify;\"><strong>Descripci\u00f3n del grupo\/proyecto:<\/strong><\/p>\n<p>Nuestro equipo est\u00e1 interesado en estudiar las alteraciones metab\u00f3licas y de la mielina en el cerebro inducidas por el consumo cr\u00f3nico de alcohol, para dilucidar las bases neurol\u00f3gicas de las modificaciones conductuales debidas al abuso de alcohol. Para perseguir este objetivo, utilizamos varios modelos de consumo cr\u00f3nico de alcohol en roedores y cultivos celulares.<\/p>\n<p style=\"text-align: justify;\"><strong>\u00bfQu\u00e9 puede aprender el alumno durante su estancia?<\/strong><\/p>\n<p>Los estudiantes se familiarizar\u00e1n con el an\u00e1lisis histol\u00f3gico y molecular de la oligodendrogl\u00eda y la mielinizaci\u00f3n, el cultivo de c\u00e9lulas de oligodendrocitos y los estudios conductuales.<\/p>\n<p style=\"text-align: justify;\"><strong>Principales tareas y oportunidades de aprendizaje:<\/strong><\/p>\n<ul style=\"text-align: justify;\">\n<li>Seccionamiento e inmunotinci\u00f3n de prote\u00ednas de mielina y marcadores oligodendrocitarios en tejidos cerebrales y\/o medulares.<\/li>\n<li>Adquisici\u00f3n de im\u00e1genes mediante microscop\u00eda confocal y axioscan, an\u00e1lisis y cuantificaci\u00f3n de las inmunotinciones de mielina\/oligodendrocitos utilizando el software Fiji.<\/li>\n<li>Aislamiento de prote\u00ednas y ARN mediante soluci\u00f3n reactiva TRIzol. Cuantificaci\u00f3n mediante espectrofot\u00f3metro nanodrop y ensayo de prote\u00ednas BCA + Page y an\u00e1lisis Western blot de muestras de cerebro o c\u00e9lulas de cultivo.<\/li>\n<li>Extracci\u00f3n de ARN de muestras de cerebro o de c\u00e9lulas de cultivo, PCR cuantitativa, an\u00e1lisis de expresi\u00f3n y cuantificaci\u00f3n de los datos.<\/li>\n<li>Aislamiento de c\u00e9lulas progenitoras neurales de la zona subventricular de rat\u00f3n, diferenciaci\u00f3n de progenitores oligodendrocitos, cultivo y diferenciaci\u00f3n de oligodendrocitos.<\/li>\n<\/ul>\n<p style=\"text-align: justify;\"><strong>Otra informaci\u00f3n de inter\u00e9s<\/strong><\/p>\n<ul style=\"text-align: justify;\">\n<li><strong>Duraci\u00f3n:<\/strong> \u00a04 &#8211; 12 meses<\/li>\n<li><strong>Fechas disponibles: <\/strong>Septiembre &#8211; Junio<\/li>\n<li><strong>N\u00famero de alumnos que puede acoger el grupo al mismo tiempo en este puesto:<\/strong> 1<\/li>\n<\/ul>\n<p style=\"text-align: justify;\"><em>* Todas las pr\u00e1cticas ofrecidas por IBIMA Plataforma BIONAND son en el \u00e1mbito de la investigaci\u00f3n (no asistenciales).<\/em><\/p>\n<p style=\"text-align: justify;\">\n<p>[\/et_pb_blurb][\/et_pb_column][\/et_pb_row][\/et_pb_section]<\/p>\n","protected":false},"excerpt":{"rendered":"<p>A-01 Neuroinmunolog\u00eda y Neuroinflamaci\u00f3n\u00a0&#8211; Grupo de investigaci\u00f3n: C-01 Neuroinmunolog\u00eda y Neuroinflamaci\u00f3n &#8211; Supervisora: Beatriz Garc\u00eda D\u00edaz- T\u00edtulo traineeship: Papel del metabolismo cerebral en las alteraciones de la mielina debidas al abuso del alcohol &#8211; Palabras clave: Mielina, alcohol, metabolismo cerebral, vasos sangu\u00edneosDescripci\u00f3n del grupo\/proyecto: Nuestro equipo est\u00e1 interesado en estudiar las alteraciones metab\u00f3licas y de [&hellip;]<\/p>\n","protected":false},"author":2,"featured_media":0,"parent":0,"menu_order":0,"comment_status":"closed","ping_status":"closed","template":"","meta":{"_acf_changed":false,"_et_pb_use_builder":"on","_et_pb_old_content":"","_et_gb_content_width":"","footnotes":""},"class_list":["post-47981","page","type-page","status-publish","hentry"],"acf":[],"yoast_head":"<!-- This site is optimized with the Yoast SEO plugin v27.3 - https:\/\/yoast.com\/product\/yoast-seo-wordpress\/ -->\n<title>Estancia Internacional en IBIMA - C01 - Ibima<\/title>\n<meta name=\"robots\" content=\"index, follow, max-snippet:-1, max-image-preview:large, max-video-preview:-1\" \/>\n<link rel=\"canonical\" href=\"https:\/\/ibima.eu\/es\/estancia-internacional-en-ibima-c01\/\" \/>\n<meta property=\"og:locale\" content=\"es_ES\" \/>\n<meta property=\"og:type\" content=\"article\" \/>\n<meta property=\"og:title\" content=\"Estancia Internacional en IBIMA - C01 - Ibima\" \/>\n<meta property=\"og:description\" content=\"A-01 Neuroinmunolog\u00eda y Neuroinflamaci\u00f3n\u00a0- Grupo de investigaci\u00f3n: C-01 Neuroinmunolog\u00eda y Neuroinflamaci\u00f3n - Supervisora: Beatriz Garc\u00eda D\u00edaz- T\u00edtulo traineeship: Papel del metabolismo cerebral en las alteraciones de la mielina debidas al abuso del alcohol - Palabras clave: Mielina, alcohol, metabolismo cerebral, vasos sangu\u00edneosDescripci\u00f3n del grupo\/proyecto: Nuestro equipo est\u00e1 interesado en estudiar las alteraciones metab\u00f3licas y de [&hellip;]\" \/>\n<meta property=\"og:url\" content=\"https:\/\/ibima.eu\/es\/estancia-internacional-en-ibima-c01\/\" \/>\n<meta property=\"og:site_name\" content=\"Ibima\" \/>\n<meta name=\"twitter:card\" content=\"summary_large_image\" \/>\n<meta name=\"twitter:label1\" content=\"Tiempo de lectura\" \/>\n\t<meta name=\"twitter:data1\" content=\"4 minutos\" \/>\n<script type=\"application\/ld+json\" class=\"yoast-schema-graph\">{\"@context\":\"https:\\\/\\\/schema.org\",\"@graph\":[{\"@type\":\"WebPage\",\"@id\":\"https:\\\/\\\/ibima.eu\\\/estancia-internacional-en-ibima-c01\\\/\",\"url\":\"https:\\\/\\\/ibima.eu\\\/estancia-internacional-en-ibima-c01\\\/\",\"name\":\"Estancia Internacional en IBIMA - C01 - Ibima\",\"isPartOf\":{\"@id\":\"https:\\\/\\\/ibima.eu\\\/es\\\/#website\"},\"datePublished\":\"2024-08-01T07:05:49+00:00\",\"breadcrumb\":{\"@id\":\"https:\\\/\\\/ibima.eu\\\/estancia-internacional-en-ibima-c01\\\/#breadcrumb\"},\"inLanguage\":\"es\",\"potentialAction\":[{\"@type\":\"ReadAction\",\"target\":[\"https:\\\/\\\/ibima.eu\\\/estancia-internacional-en-ibima-c01\\\/\"]}]},{\"@type\":\"BreadcrumbList\",\"@id\":\"https:\\\/\\\/ibima.eu\\\/estancia-internacional-en-ibima-c01\\\/#breadcrumb\",\"itemListElement\":[{\"@type\":\"ListItem\",\"position\":1,\"name\":\"Portada\",\"item\":\"https:\\\/\\\/ibima.eu\\\/es\\\/\"},{\"@type\":\"ListItem\",\"position\":2,\"name\":\"Estancia Internacional en IBIMA &#8211; C01\"}]},{\"@type\":\"WebSite\",\"@id\":\"https:\\\/\\\/ibima.eu\\\/es\\\/#website\",\"url\":\"https:\\\/\\\/ibima.eu\\\/es\\\/\",\"name\":\"Ibima\",\"description\":\"\",\"potentialAction\":[{\"@type\":\"SearchAction\",\"target\":{\"@type\":\"EntryPoint\",\"urlTemplate\":\"https:\\\/\\\/ibima.eu\\\/es\\\/?s={search_term_string}\"},\"query-input\":{\"@type\":\"PropertyValueSpecification\",\"valueRequired\":true,\"valueName\":\"search_term_string\"}}],\"inLanguage\":\"es\"}]}<\/script>\n<!-- \/ Yoast SEO plugin. -->","yoast_head_json":{"title":"Estancia Internacional en IBIMA - C01 - Ibima","robots":{"index":"index","follow":"follow","max-snippet":"max-snippet:-1","max-image-preview":"max-image-preview:large","max-video-preview":"max-video-preview:-1"},"canonical":"https:\/\/ibima.eu\/es\/estancia-internacional-en-ibima-c01\/","og_locale":"es_ES","og_type":"article","og_title":"Estancia Internacional en IBIMA - C01 - Ibima","og_description":"A-01 Neuroinmunolog\u00eda y Neuroinflamaci\u00f3n\u00a0- Grupo de investigaci\u00f3n: C-01 Neuroinmunolog\u00eda y Neuroinflamaci\u00f3n - Supervisora: Beatriz Garc\u00eda D\u00edaz- T\u00edtulo traineeship: Papel del metabolismo cerebral en las alteraciones de la mielina debidas al abuso del alcohol - Palabras clave: Mielina, alcohol, metabolismo cerebral, vasos sangu\u00edneosDescripci\u00f3n del grupo\/proyecto: Nuestro equipo est\u00e1 interesado en estudiar las alteraciones metab\u00f3licas y de [&hellip;]","og_url":"https:\/\/ibima.eu\/es\/estancia-internacional-en-ibima-c01\/","og_site_name":"Ibima","twitter_card":"summary_large_image","twitter_misc":{"Tiempo de lectura":"4 minutos"},"schema":{"@context":"https:\/\/schema.org","@graph":[{"@type":"WebPage","@id":"https:\/\/ibima.eu\/estancia-internacional-en-ibima-c01\/","url":"https:\/\/ibima.eu\/estancia-internacional-en-ibima-c01\/","name":"Estancia Internacional en IBIMA - C01 - Ibima","isPartOf":{"@id":"https:\/\/ibima.eu\/es\/#website"},"datePublished":"2024-08-01T07:05:49+00:00","breadcrumb":{"@id":"https:\/\/ibima.eu\/estancia-internacional-en-ibima-c01\/#breadcrumb"},"inLanguage":"es","potentialAction":[{"@type":"ReadAction","target":["https:\/\/ibima.eu\/estancia-internacional-en-ibima-c01\/"]}]},{"@type":"BreadcrumbList","@id":"https:\/\/ibima.eu\/estancia-internacional-en-ibima-c01\/#breadcrumb","itemListElement":[{"@type":"ListItem","position":1,"name":"Portada","item":"https:\/\/ibima.eu\/es\/"},{"@type":"ListItem","position":2,"name":"Estancia Internacional en IBIMA &#8211; C01"}]},{"@type":"WebSite","@id":"https:\/\/ibima.eu\/es\/#website","url":"https:\/\/ibima.eu\/es\/","name":"Ibima","description":"","potentialAction":[{"@type":"SearchAction","target":{"@type":"EntryPoint","urlTemplate":"https:\/\/ibima.eu\/es\/?s={search_term_string}"},"query-input":{"@type":"PropertyValueSpecification","valueRequired":true,"valueName":"search_term_string"}}],"inLanguage":"es"}]}},"_links":{"self":[{"href":"https:\/\/ibima.eu\/es\/wp-json\/wp\/v2\/pages\/47981","targetHints":{"allow":["GET"]}}],"collection":[{"href":"https:\/\/ibima.eu\/es\/wp-json\/wp\/v2\/pages"}],"about":[{"href":"https:\/\/ibima.eu\/es\/wp-json\/wp\/v2\/types\/page"}],"author":[{"embeddable":true,"href":"https:\/\/ibima.eu\/es\/wp-json\/wp\/v2\/users\/2"}],"replies":[{"embeddable":true,"href":"https:\/\/ibima.eu\/es\/wp-json\/wp\/v2\/comments?post=47981"}],"version-history":[{"count":2,"href":"https:\/\/ibima.eu\/es\/wp-json\/wp\/v2\/pages\/47981\/revisions"}],"predecessor-version":[{"id":48005,"href":"https:\/\/ibima.eu\/es\/wp-json\/wp\/v2\/pages\/47981\/revisions\/48005"}],"wp:attachment":[{"href":"https:\/\/ibima.eu\/es\/wp-json\/wp\/v2\/media?parent=47981"}],"curies":[{"name":"wp","href":"https:\/\/api.w.org\/{rel}","templated":true}]}}