{"id":47985,"date":"2024-08-01T07:18:30","date_gmt":"2024-08-01T07:18:30","guid":{"rendered":"https:\/\/ibima.eu\/?page_id=47985"},"modified":"2024-08-01T07:18:30","modified_gmt":"2024-08-01T07:18:30","slug":"estancia-internacional-en-ibima-d05","status":"publish","type":"page","link":"https:\/\/ibima.eu\/es\/estancia-internacional-en-ibima-d05\/","title":{"rendered":"Estancia Internacional en IBIMA &#8211; D05"},"content":{"rendered":"<p>[et_pb_section fb_built=\u00bb1&#8243; _builder_version=\u00bb4.27.0&#8243; _module_preset=\u00bbdefault\u00bb background_image=\u00bbhttps:\/\/ibima.eu\/wp-content\/uploads\/2024\/07\/Estancias-internacionales-Heading.jpg\u00bb background_position=\u00bbtop_center\u00bb background_vertical_offset=\u00bb33%\u00bb global_colors_info=\u00bb{}\u00bb][et_pb_row _builder_version=\u00bb4.20.4&#8243; _module_preset=\u00bbdefault\u00bb custom_padding=\u00bb250px||30px||false|false\u00bb global_colors_info=\u00bb{}\u00bb][et_pb_column type=\u00bb4_4&#8243; _builder_version=\u00bb4.20.4&#8243; _module_preset=\u00bbdefault\u00bb global_colors_info=\u00bb{}\u00bb][et_pb_text _builder_version=\u00bb4.27.0&#8243; _module_preset=\u00bbdefault\u00bb header_2_font=\u00bbPoppins|700|||||||\u00bb header_2_text_color=\u00bb#FFFFFF\u00bb header_2_font_size=\u00bb46px\u00bb header_2_font_size_tablet=\u00bb46px\u00bb header_2_font_size_phone=\u00bb40px\u00bb header_2_font_size_last_edited=\u00bbon|phone\u00bb global_colors_info=\u00bb{}\u00bb][\/et_pb_text][\/et_pb_column][\/et_pb_row][\/et_pb_section][et_pb_section fb_built=\u00bb1&#8243; custom_padding_last_edited=\u00bbon|tablet\u00bb _builder_version=\u00bb4.20.4&#8243; _module_preset=\u00bbdefault\u00bb custom_padding_tablet=\u00bb0px||0px||true|false\u00bb custom_padding_phone=\u00bb0px||0px||true|false\u00bb global_colors_info=\u00bb{}\u00bb][et_pb_row _builder_version=\u00bb4.20.4&#8243; _module_preset=\u00bbdefault\u00bb global_colors_info=\u00bb{}\u00bb][et_pb_column type=\u00bb4_4&#8243; _builder_version=\u00bb4.20.4&#8243; _module_preset=\u00bbdefault\u00bb global_colors_info=\u00bb{}\u00bb][et_pb_text _builder_version=\u00bb4.27.0&#8243; _module_preset=\u00bbdefault\u00bb header_3_font=\u00bbPoppins||||||||\u00bb header_3_text_align=\u00bbcenter\u00bb header_3_text_color=\u00bb#24a8d7&#8243; header_3_font_size=\u00bb24px\u00bb custom_margin=\u00bb||-11px||false|false\u00bb custom_padding=\u00bb50px||||false|false\u00bb global_colors_info=\u00bb{}\u00bb]<\/p>\n<h3>D-05 Hepatogastroenterolog\u00eda, Farmacolog\u00eda y Terap\u00e9utica Cl\u00ednica Traslacional<\/h3>\n<p>[\/et_pb_text][\/et_pb_column][\/et_pb_row][et_pb_row _builder_version=\u00bb4.20.4&#8243; _module_preset=\u00bbdefault\u00bb width=\u00bb60%\u00bb custom_padding=\u00bb||50px||false|false\u00bb global_colors_info=\u00bb{}\u00bb][et_pb_column type=\u00bb4_4&#8243; _builder_version=\u00bb4.20.4&#8243; _module_preset=\u00bbdefault\u00bb global_colors_info=\u00bb{}\u00bb][et_pb_blurb title=\u00bbGRUPO DE ACOGIDA\u00bb use_icon=\u00bbon\u00bb font_icon=\u00bb&#x24;||divi||400&#8243; icon_color=\u00bb#24a8d7&#8243; image_icon_background_color=\u00bb#FFFFFF\u00bb icon_placement=\u00bbleft\u00bb content_max_width=\u00bb1100px\u00bb _builder_version=\u00bb4.27.0&#8243; _module_preset=\u00bbdefault\u00bb header_font=\u00bbPoppins|700|||||||\u00bb header_text_color=\u00bb#24a8d7&#8243; header_font_size=\u00bb18px\u00bb body_font=\u00bbPoppins||||||||\u00bb custom_margin=\u00bb50px||||false|false\u00bb hover_enabled=\u00bb0&#8243; global_colors_info=\u00bb{}\u00bb sticky_enabled=\u00bb0&#8243;]<\/p>\n<p style=\"text-align: justify;\"><a href=\"https:\/\/ibima.eu\/es\/project\/d-05\/\"><strong>\u00a0&#8211; Grupo de investigaci\u00f3n: D-05, Hepatogastroenterolog\u00eda, Farmacolog\u00eda y Terap\u00e9utica <\/strong><\/a><\/p>\n<p style=\"text-align: justify;\">&#8211; <strong>Supervisora<\/strong>: Eduardo Garc\u00eda Fuentes<\/p>\n<p>[\/et_pb_blurb][et_pb_blurb title=\u00bbDESCRIPCI\u00d3N DE LA OFERTA\u00bb use_icon=\u00bbon\u00bb font_icon=\u00bb&#x24;||divi||400&#8243; icon_color=\u00bb#24a8d7&#8243; image_icon_background_color=\u00bb#FFFFFF\u00bb icon_placement=\u00bbleft\u00bb content_max_width=\u00bb1100px\u00bb _builder_version=\u00bb4.27.0&#8243; _module_preset=\u00bbdefault\u00bb header_font=\u00bbPoppins|700|||||||\u00bb header_text_color=\u00bb#24a8d7&#8243; header_font_size=\u00bb18px\u00bb body_font=\u00bbPoppins||||||||\u00bb custom_margin=\u00bb50px||||false|false\u00bb global_colors_info=\u00bb{}\u00bb]<\/p>\n<p><strong>&#8211; T\u00edtulo traineeship: <\/strong>Obesidad, Enfermedad de Crohn (EC) y la esteatosis hep\u00e1tica<\/p>\n<p><strong>&#8211; Palabras clave:<\/strong> Enfermedad inflamatoria intestinal, obesidad, organoides intestinales, ves\u00edculas extracelulares<\/p>\n<p>[\/et_pb_blurb][et_pb_blurb image_icon_background_color=\u00bb#FFFFFF\u00bb icon_placement=\u00bbleft\u00bb content_max_width=\u00bb1100px\u00bb _builder_version=\u00bb4.27.0&#8243; _module_preset=\u00bbdefault\u00bb header_font=\u00bbPoppins|700|||||||\u00bb header_text_color=\u00bb#000000&#8243; header_font_size=\u00bb18px\u00bb body_font=\u00bbPoppins||||||||\u00bb custom_margin=\u00bb25px|||63px|false|false\u00bb global_colors_info=\u00bb{}\u00bb]<\/p>\n<p style=\"text-align: justify;\"><strong>Descripci\u00f3n del grupo\/proyecto:<\/strong><\/p>\n<p style=\"text-align: justify;\">La investigaci\u00f3n del grupo se centra en el estudio de la obesidad, la enfermedad de Crohn (EC) y la esteatosis hep\u00e1tica, y la implicaci\u00f3n del intestino y las ves\u00edculas extracelulares (VE), incluidas las de origen bacteriano, en el desarrollo de estas patolog\u00edas. Los \u00faltimos proyectos adjudicados al grupo de investigaci\u00f3n se centran en el estudio de la EC desde el punto de vista de la medicina personalizada, con especial inter\u00e9s en la mejora de la respuesta terap\u00e9utica a f\u00e1rmacos biol\u00f3gicos. Cuenta con experiencia en estudios de miRNA, cultivos celulares utilizando organoides intestinales humanos y ves\u00edculas extracelulares, y cultivos in vitro utilizando biopsias humanas de pacientes con estas patolog\u00edas.<\/p>\n<p style=\"text-align: justify;\"><strong>\u00bfQu\u00e9 puede aprender el alumno durante su estancia?<\/strong><\/p>\n<p style=\"text-align: justify;\">Los estudiantes pueden ampliar su formaci\u00f3n en las \u00e1reas de obesidad, enfermedad de Crohn (EC) y esteatosis hep\u00e1tica, con especial atenci\u00f3n a los avances en los estudios de ves\u00edculas extracelulares (EV) y organoides intestinales humanos.<\/p>\n<p style=\"text-align: justify;\"><strong>Principales tareas y oportunidades de aprendizaje:<\/strong><\/p>\n<p style=\"text-align: justify;\"><span style=\"font-size: 14px;\">El estudiante se encargar\u00eda de realizar los diferentes cultivos in vitro utilizando biopsias y\/o organoides intestinales humanos, aislar ves\u00edculas extracelulares, aislar ARNm y realizar estudios de transcript\u00f3mica.<\/span><\/p>\n<p style=\"text-align: justify;\"><strong>Otra informaci\u00f3n de inter\u00e9s<\/strong><\/p>\n<ul style=\"text-align: justify;\">\n<li><strong>Duraci\u00f3n:<\/strong>\u00a0 2 &#8211; 3 meses<\/li>\n<li><strong>Fechas disponibles: <\/strong>Septiembre &#8211; Junio<\/li>\n<li><strong>N\u00famero de alumnos que puede acoger el grupo al mismo tiempo en este puesto:<\/strong> 1<\/li>\n<\/ul>\n<p style=\"text-align: justify;\"><em>* Todas las pr\u00e1cticas ofrecidas por IBIMA Plataforma BIONAND son en el \u00e1mbito de la investigaci\u00f3n (no asistenciales).<\/em><\/p>\n<p style=\"text-align: justify;\">\n<p>[\/et_pb_blurb][\/et_pb_column][\/et_pb_row][\/et_pb_section]<\/p>\n","protected":false},"excerpt":{"rendered":"<p>D-05 Hepatogastroenterolog\u00eda, Farmacolog\u00eda y Terap\u00e9utica Cl\u00ednica Traslacional\u00a0&#8211; Grupo de investigaci\u00f3n: D-05, Hepatogastroenterolog\u00eda, Farmacolog\u00eda y Terap\u00e9utica &#8211; Supervisora: Eduardo Garc\u00eda Fuentes- T\u00edtulo traineeship: Obesidad, Enfermedad de Crohn (EC) y la esteatosis hep\u00e1tica &#8211; Palabras clave: Enfermedad inflamatoria intestinal, obesidad, organoides intestinales, ves\u00edculas extracelularesDescripci\u00f3n del grupo\/proyecto: La investigaci\u00f3n del grupo se centra en el estudio de la [&hellip;]<\/p>\n","protected":false},"author":2,"featured_media":0,"parent":0,"menu_order":0,"comment_status":"closed","ping_status":"closed","template":"","meta":{"_acf_changed":false,"_et_pb_use_builder":"on","_et_pb_old_content":"","_et_gb_content_width":"","footnotes":""},"class_list":["post-47985","page","type-page","status-publish","hentry"],"acf":[],"yoast_head":"<!-- This site is optimized with the Yoast SEO plugin v27.3 - https:\/\/yoast.com\/product\/yoast-seo-wordpress\/ -->\n<title>Estancia Internacional en IBIMA - D05 - Ibima<\/title>\n<meta name=\"robots\" content=\"index, follow, max-snippet:-1, max-image-preview:large, max-video-preview:-1\" \/>\n<link rel=\"canonical\" href=\"https:\/\/ibima.eu\/es\/estancia-internacional-en-ibima-d05\/\" \/>\n<meta property=\"og:locale\" content=\"es_ES\" \/>\n<meta property=\"og:type\" content=\"article\" \/>\n<meta property=\"og:title\" content=\"Estancia Internacional en IBIMA - D05 - Ibima\" \/>\n<meta property=\"og:description\" content=\"D-05 Hepatogastroenterolog\u00eda, Farmacolog\u00eda y Terap\u00e9utica Cl\u00ednica Traslacional\u00a0- Grupo de investigaci\u00f3n: D-05, Hepatogastroenterolog\u00eda, Farmacolog\u00eda y Terap\u00e9utica - Supervisora: Eduardo Garc\u00eda Fuentes- T\u00edtulo traineeship: Obesidad, Enfermedad de Crohn (EC) y la esteatosis hep\u00e1tica - Palabras clave: Enfermedad inflamatoria intestinal, obesidad, organoides intestinales, ves\u00edculas extracelularesDescripci\u00f3n del grupo\/proyecto: La investigaci\u00f3n del grupo se centra en el estudio de la [&hellip;]\" \/>\n<meta property=\"og:url\" content=\"https:\/\/ibima.eu\/es\/estancia-internacional-en-ibima-d05\/\" \/>\n<meta property=\"og:site_name\" content=\"Ibima\" \/>\n<meta name=\"twitter:card\" content=\"summary_large_image\" \/>\n<meta name=\"twitter:label1\" content=\"Tiempo de lectura\" \/>\n\t<meta name=\"twitter:data1\" content=\"4 minutos\" \/>\n<script type=\"application\/ld+json\" class=\"yoast-schema-graph\">{\"@context\":\"https:\\\/\\\/schema.org\",\"@graph\":[{\"@type\":\"WebPage\",\"@id\":\"https:\\\/\\\/ibima.eu\\\/estancia-internacional-en-ibima-d05\\\/\",\"url\":\"https:\\\/\\\/ibima.eu\\\/estancia-internacional-en-ibima-d05\\\/\",\"name\":\"Estancia Internacional en IBIMA - D05 - Ibima\",\"isPartOf\":{\"@id\":\"https:\\\/\\\/ibima.eu\\\/es\\\/#website\"},\"datePublished\":\"2024-08-01T07:18:30+00:00\",\"breadcrumb\":{\"@id\":\"https:\\\/\\\/ibima.eu\\\/estancia-internacional-en-ibima-d05\\\/#breadcrumb\"},\"inLanguage\":\"es\",\"potentialAction\":[{\"@type\":\"ReadAction\",\"target\":[\"https:\\\/\\\/ibima.eu\\\/estancia-internacional-en-ibima-d05\\\/\"]}]},{\"@type\":\"BreadcrumbList\",\"@id\":\"https:\\\/\\\/ibima.eu\\\/estancia-internacional-en-ibima-d05\\\/#breadcrumb\",\"itemListElement\":[{\"@type\":\"ListItem\",\"position\":1,\"name\":\"Portada\",\"item\":\"https:\\\/\\\/ibima.eu\\\/es\\\/\"},{\"@type\":\"ListItem\",\"position\":2,\"name\":\"Estancia Internacional en IBIMA &#8211; D05\"}]},{\"@type\":\"WebSite\",\"@id\":\"https:\\\/\\\/ibima.eu\\\/es\\\/#website\",\"url\":\"https:\\\/\\\/ibima.eu\\\/es\\\/\",\"name\":\"Ibima\",\"description\":\"\",\"potentialAction\":[{\"@type\":\"SearchAction\",\"target\":{\"@type\":\"EntryPoint\",\"urlTemplate\":\"https:\\\/\\\/ibima.eu\\\/es\\\/?s={search_term_string}\"},\"query-input\":{\"@type\":\"PropertyValueSpecification\",\"valueRequired\":true,\"valueName\":\"search_term_string\"}}],\"inLanguage\":\"es\"}]}<\/script>\n<!-- \/ Yoast SEO plugin. -->","yoast_head_json":{"title":"Estancia Internacional en IBIMA - D05 - Ibima","robots":{"index":"index","follow":"follow","max-snippet":"max-snippet:-1","max-image-preview":"max-image-preview:large","max-video-preview":"max-video-preview:-1"},"canonical":"https:\/\/ibima.eu\/es\/estancia-internacional-en-ibima-d05\/","og_locale":"es_ES","og_type":"article","og_title":"Estancia Internacional en IBIMA - D05 - Ibima","og_description":"D-05 Hepatogastroenterolog\u00eda, Farmacolog\u00eda y Terap\u00e9utica Cl\u00ednica Traslacional\u00a0- Grupo de investigaci\u00f3n: D-05, Hepatogastroenterolog\u00eda, Farmacolog\u00eda y Terap\u00e9utica - Supervisora: Eduardo Garc\u00eda Fuentes- T\u00edtulo traineeship: Obesidad, Enfermedad de Crohn (EC) y la esteatosis hep\u00e1tica - Palabras clave: Enfermedad inflamatoria intestinal, obesidad, organoides intestinales, ves\u00edculas extracelularesDescripci\u00f3n del grupo\/proyecto: La investigaci\u00f3n del grupo se centra en el estudio de la [&hellip;]","og_url":"https:\/\/ibima.eu\/es\/estancia-internacional-en-ibima-d05\/","og_site_name":"Ibima","twitter_card":"summary_large_image","twitter_misc":{"Tiempo de lectura":"4 minutos"},"schema":{"@context":"https:\/\/schema.org","@graph":[{"@type":"WebPage","@id":"https:\/\/ibima.eu\/estancia-internacional-en-ibima-d05\/","url":"https:\/\/ibima.eu\/estancia-internacional-en-ibima-d05\/","name":"Estancia Internacional en IBIMA - D05 - Ibima","isPartOf":{"@id":"https:\/\/ibima.eu\/es\/#website"},"datePublished":"2024-08-01T07:18:30+00:00","breadcrumb":{"@id":"https:\/\/ibima.eu\/estancia-internacional-en-ibima-d05\/#breadcrumb"},"inLanguage":"es","potentialAction":[{"@type":"ReadAction","target":["https:\/\/ibima.eu\/estancia-internacional-en-ibima-d05\/"]}]},{"@type":"BreadcrumbList","@id":"https:\/\/ibima.eu\/estancia-internacional-en-ibima-d05\/#breadcrumb","itemListElement":[{"@type":"ListItem","position":1,"name":"Portada","item":"https:\/\/ibima.eu\/es\/"},{"@type":"ListItem","position":2,"name":"Estancia Internacional en IBIMA &#8211; D05"}]},{"@type":"WebSite","@id":"https:\/\/ibima.eu\/es\/#website","url":"https:\/\/ibima.eu\/es\/","name":"Ibima","description":"","potentialAction":[{"@type":"SearchAction","target":{"@type":"EntryPoint","urlTemplate":"https:\/\/ibima.eu\/es\/?s={search_term_string}"},"query-input":{"@type":"PropertyValueSpecification","valueRequired":true,"valueName":"search_term_string"}}],"inLanguage":"es"}]}},"_links":{"self":[{"href":"https:\/\/ibima.eu\/es\/wp-json\/wp\/v2\/pages\/47985","targetHints":{"allow":["GET"]}}],"collection":[{"href":"https:\/\/ibima.eu\/es\/wp-json\/wp\/v2\/pages"}],"about":[{"href":"https:\/\/ibima.eu\/es\/wp-json\/wp\/v2\/types\/page"}],"author":[{"embeddable":true,"href":"https:\/\/ibima.eu\/es\/wp-json\/wp\/v2\/users\/2"}],"replies":[{"embeddable":true,"href":"https:\/\/ibima.eu\/es\/wp-json\/wp\/v2\/comments?post=47985"}],"version-history":[{"count":2,"href":"https:\/\/ibima.eu\/es\/wp-json\/wp\/v2\/pages\/47985\/revisions"}],"predecessor-version":[{"id":48020,"href":"https:\/\/ibima.eu\/es\/wp-json\/wp\/v2\/pages\/47985\/revisions\/48020"}],"wp:attachment":[{"href":"https:\/\/ibima.eu\/es\/wp-json\/wp\/v2\/media?parent=47985"}],"curies":[{"name":"wp","href":"https:\/\/api.w.org\/{rel}","templated":true}]}}