{"id":49017,"date":"2024-10-10T08:34:59","date_gmt":"2024-10-10T08:34:59","guid":{"rendered":"https:\/\/ibima.eu\/?page_id=49017"},"modified":"2024-11-04T13:11:20","modified_gmt":"2024-11-04T13:11:20","slug":"programa","status":"publish","type":"page","link":"https:\/\/ibima.eu\/es\/innohealth\/programa\/","title":{"rendered":"Programa"},"content":{"rendered":"<p>[et_pb_section fb_built=\u00bb1&#8243; _builder_version=\u00bb4.27.0&#8243; _module_preset=\u00bbdefault\u00bb background_image=\u00bbhttps:\/\/ibima.eu\/wp-content\/uploads\/2024\/10\/2.png\u00bb global_colors_info=\u00bb{}\u00bb][et_pb_row _builder_version=\u00bb4.20.4&#8243; _module_preset=\u00bbdefault\u00bb custom_padding=\u00bb250px||30px||false|false\u00bb global_colors_info=\u00bb{}\u00bb][et_pb_column type=\u00bb4_4&#8243; _builder_version=\u00bb4.20.4&#8243; _module_preset=\u00bbdefault\u00bb global_colors_info=\u00bb{}\u00bb][et_pb_text disabled_on=\u00bbon|on|on\u00bb _builder_version=\u00bb4.27.0&#8243; _module_preset=\u00bbdefault\u00bb header_2_font=\u00bbPoppins|700|||||||\u00bb header_2_text_color=\u00bb#FFFFFF\u00bb header_2_font_size=\u00bb46px\u00bb text_text_shadow_style=\u00bbpreset3&#8243; text_text_shadow_color=\u00bb#000000&#8243; disabled=\u00bbon\u00bb global_colors_info=\u00bb{}\u00bb]<\/p>\n<h2>Unidad de Innovaci\u00f3n y Transferencia de Tecnolog\u00eda<\/h2>\n<p>[\/et_pb_text][\/et_pb_column][\/et_pb_row][\/et_pb_section][et_pb_section fb_built=\u00bb1&#8243; _builder_version=\u00bb4.20.4&#8243; _module_preset=\u00bbdefault\u00bb background_color=\u00bb#235b78&#8243; custom_padding=\u00bb30px||30px||true|false\u00bb locked=\u00bboff\u00bb global_colors_info=\u00bb{}\u00bb][et_pb_row _builder_version=\u00bb4.20.4&#8243; _module_preset=\u00bbdefault\u00bb global_colors_info=\u00bb{}\u00bb][et_pb_column type=\u00bb4_4&#8243; _builder_version=\u00bb4.20.4&#8243; _module_preset=\u00bbdefault\u00bb global_colors_info=\u00bb{}\u00bb][et_pb_text _builder_version=\u00bb4.27.0&#8243; _module_preset=\u00bbdefault\u00bb header_3_font=\u00bbPoppins|700|||||||\u00bb header_3_text_color=\u00bb#FFFFFF\u00bb header_3_font_size=\u00bb34px\u00bb global_colors_info=\u00bb{}\u00bb]<\/p>\n<h3>II Edici\u00f3n: El dato en salud digital<\/h3>\n<p>[\/et_pb_text][\/et_pb_column][\/et_pb_row][\/et_pb_section][et_pb_section fb_built=\u00bb1&#8243; _builder_version=\u00bb4.27.0&#8243; _module_preset=\u00bbdefault\u00bb background_color=\u00bb#ffa14f\u00bb custom_padding=\u00bb15px||15px||true|false\u00bb hover_transition_duration=\u00bb150ms\u00bb locked=\u00bboff\u00bb global_colors_info=\u00bb{}\u00bb][et_pb_row _builder_version=\u00bb4.27.0&#8243; _module_preset=\u00bbdefault\u00bb background_color=\u00bb#ffa14f\u00bb width=\u00bb75%\u00bb custom_padding=\u00bb||||false|true\u00bb hover_transition_duration=\u00bb0ms\u00bb global_colors_info=\u00bb{}\u00bb][et_pb_column type=\u00bb4_4&#8243; _builder_version=\u00bb4.25.0&#8243; _module_preset=\u00bbdefault\u00bb custom_padding=\u00bb||||true|true\u00bb animation_style=\u00bbslide\u00bb animation_direction=\u00bbbottom\u00bb global_colors_info=\u00bb{}\u00bb][et_pb_menu menu_id=\u00bb2633&#8243; menu_style=\u00bbinline_centered_logo\u00bb logo=\u00bbhttps:\/\/ibima.eu\/wp-content\/uploads\/2024\/10\/logos_OPI-OTT_horizontal-removebg-preview-1.png\u00bb logo_max_width=\u00bb300px\u00bb _builder_version=\u00bb4.27.0&#8243; _module_preset=\u00bbdefault\u00bb menu_font_size=\u00bb24px\u00bb background_color=\u00bb#ffa14f\u00bb background_layout=\u00bbdark\u00bb menu_text_shadow_style=\u00bbpreset4&#8243; global_colors_info=\u00bb{}\u00bb][\/et_pb_menu][\/et_pb_column][\/et_pb_row][\/et_pb_section][et_pb_section fb_built=\u00bb1&#8243; _builder_version=\u00bb4.20.4&#8243; _module_preset=\u00bbdefault\u00bb background_color=\u00bb#235b78&#8243; custom_padding=\u00bb30px||30px||true|false\u00bb locked=\u00bboff\u00bb global_colors_info=\u00bb{}\u00bb][et_pb_row _builder_version=\u00bb4.20.4&#8243; _module_preset=\u00bbdefault\u00bb global_colors_info=\u00bb{}\u00bb][et_pb_column type=\u00bb4_4&#8243; _builder_version=\u00bb4.20.4&#8243; _module_preset=\u00bbdefault\u00bb global_colors_info=\u00bb{}\u00bb][et_pb_text _builder_version=\u00bb4.27.0&#8243; _module_preset=\u00bbdefault\u00bb header_3_font=\u00bbPoppins|700|||||||\u00bb header_3_text_color=\u00bb#FFFFFF\u00bb header_3_font_size=\u00bb34px\u00bb global_colors_info=\u00bb{}\u00bb]<\/p>\n<h3>Programa<\/h3>\n<p>[\/et_pb_text][\/et_pb_column][\/et_pb_row][\/et_pb_section][et_pb_section fb_built=\u00bb1&#8243; _builder_version=\u00bb4.27.0&#8243; _module_preset=\u00bbdefault\u00bb custom_margin=\u00bb25px||25px||true|false\u00bb global_colors_info=\u00bb{}\u00bb][et_pb_row _builder_version=\u00bb4.27.0&#8243; _module_preset=\u00bbdefault\u00bb global_colors_info=\u00bb{}\u00bb][et_pb_column type=\u00bb4_4&#8243; _builder_version=\u00bb4.27.0&#8243; _module_preset=\u00bbdefault\u00bb global_colors_info=\u00bb{}\u00bb][et_pb_text _builder_version=\u00bb4.27.0&#8243; _module_preset=\u00bbdefault\u00bb header_2_text_color=\u00bb#FFFFFF\u00bb background_color=\u00bb#43a5d3&#8243; custom_margin=\u00bb||||false|false\u00bb custom_padding=\u00bb8px|||8px|false|false\u00bb global_colors_info=\u00bb{}\u00bb]<\/p>\n<h2>INNOHealth: El dato en salud digital<\/h2>\n<p>[\/et_pb_text][et_pb_text _builder_version=\u00bb4.27.2&#8243; _module_preset=\u00bbdefault\u00bb text_line_height=\u00bb1.8em\u00bb header_3_text_color=\u00bbgcid-1b92041e-7703-41af-ba15-9ccf9ddbe714&#8243; custom_margin=\u00bb10px||10px||true|false\u00bb global_colors_info=\u00bb{%22gcid-1b92041e-7703-41af-ba15-9ccf9ddbe714%22:%91%22header_3_text_color%22%93}\u00bb]<\/p>\n<h3>\u00a0II Edici\u00f3n<\/h3>\n<p><strong>10:30 &#8211; 11:00 Inscripciones y caf\u00e9 de bienvenida<\/strong><br \/><strong>11:00 &#8211; 11:30 Bienvenida e inauguraci\u00f3n<br \/><\/strong>D. Ismael Vargas Pina, Director General de Sistemas de Informaci\u00f3n y Comunicaciones, Servicio Andaluz de Salud<br \/>D. Francisco J. Tinahones Madue\u00f1o. Director Cient\u00edfico IBIMA Plataforma BIONAND<br \/><span class=\"OYPEnA font-feature-liga-off font-feature-clig-off font-feature-calt-off text-decoration-none text-strikethrough-none\">D. Enrique Serrano Montes. Vicepresidente de Industria 4.0, InnovaIRV<\/span><\/p>\n<p><strong>11:30 &#8211; 12:45 Mesa redonda \u201cUso compartido del dato en investigaci\u00f3n en salud\u201d. Modera: D. Antonio Cuesta. Coordinador del \u00c1rea IBIMA &#8211; Tech. IBIMA Plataforma BIONAND.<\/strong><br \/>\u00abEl reglamento europeo del uso del dato\u00bb<br \/>D. Jos\u00e9 Antonio Bravo Gonz\u00e1lez, SOPRA<br \/>\u00abEl contexto del uso del dato en investigaci\u00f3n\u00bb<br \/>D. Rom\u00e1n Villegas, Responsable de la Subdirecci\u00f3n de la Gesti\u00f3n de la Informaci\u00f3n, Servicio Andaluz de Salud.<br \/>\u00ab<span class=\"OYPEnA font-feature-liga-off font-feature-clig-off font-feature-calt-off text-decoration-none text-strikethrough-none\">Generaci\u00f3n de evidencia a partir de grandes bases de datos cl\u00ednicos de forma \u00e9tica, segura y accesible como motor de innovaci\u00f3n en salud<\/span>\u00ab<br \/>D. Joaqu\u00edn Dopazo Bl\u00e1zquez, Director de la Plataforma de Medicina Computacional, Fundaci\u00f3n Progreso y Salud<strong>13:00 &#8211; 14:00 13:00 &#8211; 14:00 Mesa redonda \u201cDesarrollo de casos en el uso de datos de salud\u201d. Modera: D. Enrique Serrano. Vicepresidente de Industria 4.0. InnovaIRV.<\/strong><br \/>\u00ab<span class=\"OYPEnA font-feature-liga-off font-feature-clig-off font-feature-calt-off text-decoration-none text-strikethrough-none\">Metodolog\u00eda de uso de datos de salud mediante Inteligencia Artificial\u00bb<br \/>D. Ezequiel L\u00f3pez Rubio, IBIMA Plataforma BIONAND, Catedr\u00e1tico de Ciencias de la Computaci\u00f3n e Inteligencia Artificial de la Universidad de M\u00e1laga<\/span><br \/>\u00abUso secundario de datos de salud: ejemplos de an\u00e1lisis federado\u00bb<br \/>D\u00f1a. Celia \u00c1lvarez Moreno, Investigadora del Grupo de la Salud Computacional, Instituto de Biomedicina de Sevilla, Hospital Universitario Virgen del Roc\u00edo<br \/>\u00abGeneraci\u00f3n de datos sociosanitarios de los mayores en el hogar\u00bb<br \/>D. Javier Herrero S\u00e1nchez, Director de Estrategia e Innovaci\u00f3n, Smartcare DRD tech Factory<br \/>\u00ab<span class=\"OYPEnA font-feature-liga-off font-feature-clig-off font-feature-calt-off text-decoration-none text-strikethrough-none\">TRUSTroke y buenas pr\u00e1cticas en iniciativas de datos e IA para transformar la salud\u00bb<br \/>D. Felip Miralles, Director Ejecutivo de Tecnolog\u00edas de la Salud, Eurecat<\/span><\/p>\n<p><strong>14:00 &#8211; 14:45 C\u00f3ctel de networking<\/strong><br \/><strong>14:45 &#8211; 16:30 Reuniones one-to-one.<\/strong> Previamente concertadas.<\/p>\n<p>[\/et_pb_text][\/et_pb_column][\/et_pb_row][et_pb_row _builder_version=\u00bb4.27.0&#8243; _module_preset=\u00bbdefault\u00bb custom_margin=\u00bb50px||50px||true|false\u00bb hover_enabled=\u00bb0&#8243; global_colors_info=\u00bb{}\u00bb sticky_enabled=\u00bb0&#8243;][et_pb_column type=\u00bb4_4&#8243; _builder_version=\u00bb4.27.0&#8243; _module_preset=\u00bbdefault\u00bb global_colors_info=\u00bb{}\u00bb][et_pb_button button_url=\u00bbhttps:\/\/ibima.eu\/wp-content\/uploads\/2024\/11\/Innohealth-2-programa.pdf\u00bb url_new_window=\u00bbon\u00bb button_text=\u00bbDESCARGABLE\u00bb button_alignment=\u00bbleft\u00bb _builder_version=\u00bb4.27.2&#8243; _module_preset=\u00bbdefault\u00bb custom_button=\u00bbon\u00bb button_text_size=\u00bb17px\u00bb button_text_color=\u00bb#ffffff\u00bb button_bg_color=\u00bb#235b78&#8243; button_border_width=\u00bb0px\u00bb button_border_radius=\u00bb12px\u00bb button_font=\u00bbPoppins||||||||\u00bb button_icon=\u00bb&#x39;||divi||400&#8243; hover_enabled=\u00bb0&#8243; locked=\u00bboff\u00bb global_colors_info=\u00bb{}\u00bb sticky_enabled=\u00bb0&#8243;][\/et_pb_button][\/et_pb_column][\/et_pb_row][\/et_pb_section]<\/p>\n","protected":false},"excerpt":{"rendered":"<p>Unidad de Innovaci\u00f3n y Transferencia de Tecnolog\u00edaII Edici\u00f3n: El dato en salud digitalProgramaINNOHealth: El dato en salud digital\u00a0II Edici\u00f3n 10:30 &#8211; 11:00 Inscripciones y caf\u00e9 de bienvenida11:00 &#8211; 11:30 Bienvenida e inauguraci\u00f3nD. Ismael Vargas Pina, Director General de Sistemas de Informaci\u00f3n y Comunicaciones, Servicio Andaluz de SaludD. Francisco J. Tinahones Madue\u00f1o. Director Cient\u00edfico IBIMA Plataforma [&hellip;]<\/p>\n","protected":false},"author":2,"featured_media":0,"parent":48998,"menu_order":0,"comment_status":"closed","ping_status":"closed","template":"","meta":{"_acf_changed":false,"_et_pb_use_builder":"on","_et_pb_old_content":"","_et_gb_content_width":"","footnotes":""},"class_list":["post-49017","page","type-page","status-publish","hentry"],"acf":[],"yoast_head":"<!-- This site is optimized with the Yoast SEO plugin v27.4 - https:\/\/yoast.com\/product\/yoast-seo-wordpress\/ -->\n<title>Programa - Ibima<\/title>\n<meta name=\"robots\" content=\"index, follow, max-snippet:-1, max-image-preview:large, max-video-preview:-1\" \/>\n<link rel=\"canonical\" href=\"https:\/\/ibima.eu\/es\/innohealth\/programa\/\" \/>\n<meta property=\"og:locale\" content=\"es_ES\" \/>\n<meta property=\"og:type\" content=\"article\" \/>\n<meta property=\"og:title\" content=\"Programa - Ibima\" \/>\n<meta property=\"og:description\" content=\"Unidad de Innovaci\u00f3n y Transferencia de Tecnolog\u00edaII Edici\u00f3n: El dato en salud digitalProgramaINNOHealth: El dato en salud digital\u00a0II Edici\u00f3n 10:30 - 11:00 Inscripciones y caf\u00e9 de bienvenida11:00 - 11:30 Bienvenida e inauguraci\u00f3nD. Ismael Vargas Pina, Director General de Sistemas de Informaci\u00f3n y Comunicaciones, Servicio Andaluz de SaludD. Francisco J. Tinahones Madue\u00f1o. Director Cient\u00edfico IBIMA Plataforma [&hellip;]\" \/>\n<meta property=\"og:url\" content=\"https:\/\/ibima.eu\/es\/innohealth\/programa\/\" \/>\n<meta property=\"og:site_name\" content=\"Ibima\" \/>\n<meta property=\"article:modified_time\" content=\"2024-11-04T13:11:20+00:00\" \/>\n<meta name=\"twitter:card\" content=\"summary_large_image\" \/>\n<meta name=\"twitter:label1\" content=\"Tiempo de lectura\" \/>\n\t<meta name=\"twitter:data1\" content=\"9 minutos\" \/>\n<script type=\"application\/ld+json\" class=\"yoast-schema-graph\">{\"@context\":\"https:\\\/\\\/schema.org\",\"@graph\":[{\"@type\":\"WebPage\",\"@id\":\"https:\\\/\\\/ibima.eu\\\/es\\\/innohealth\\\/programa\\\/\",\"url\":\"https:\\\/\\\/ibima.eu\\\/es\\\/innohealth\\\/programa\\\/\",\"name\":\"Programa - Ibima\",\"isPartOf\":{\"@id\":\"https:\\\/\\\/ibima.eu\\\/es\\\/#website\"},\"datePublished\":\"2024-10-10T08:34:59+00:00\",\"dateModified\":\"2024-11-04T13:11:20+00:00\",\"breadcrumb\":{\"@id\":\"https:\\\/\\\/ibima.eu\\\/es\\\/innohealth\\\/programa\\\/#breadcrumb\"},\"inLanguage\":\"es\",\"potentialAction\":[{\"@type\":\"ReadAction\",\"target\":[\"https:\\\/\\\/ibima.eu\\\/es\\\/innohealth\\\/programa\\\/\"]}]},{\"@type\":\"BreadcrumbList\",\"@id\":\"https:\\\/\\\/ibima.eu\\\/es\\\/innohealth\\\/programa\\\/#breadcrumb\",\"itemListElement\":[{\"@type\":\"ListItem\",\"position\":1,\"name\":\"Portada\",\"item\":\"https:\\\/\\\/ibima.eu\\\/es\\\/\"},{\"@type\":\"ListItem\",\"position\":2,\"name\":\"Innohealth\",\"item\":\"https:\\\/\\\/ibima.eu\\\/es\\\/innohealth\\\/\"},{\"@type\":\"ListItem\",\"position\":3,\"name\":\"Programa\"}]},{\"@type\":\"WebSite\",\"@id\":\"https:\\\/\\\/ibima.eu\\\/es\\\/#website\",\"url\":\"https:\\\/\\\/ibima.eu\\\/es\\\/\",\"name\":\"Ibima\",\"description\":\"\",\"potentialAction\":[{\"@type\":\"SearchAction\",\"target\":{\"@type\":\"EntryPoint\",\"urlTemplate\":\"https:\\\/\\\/ibima.eu\\\/es\\\/?s={search_term_string}\"},\"query-input\":{\"@type\":\"PropertyValueSpecification\",\"valueRequired\":true,\"valueName\":\"search_term_string\"}}],\"inLanguage\":\"es\"}]}<\/script>\n<!-- \/ Yoast SEO plugin. -->","yoast_head_json":{"title":"Programa - Ibima","robots":{"index":"index","follow":"follow","max-snippet":"max-snippet:-1","max-image-preview":"max-image-preview:large","max-video-preview":"max-video-preview:-1"},"canonical":"https:\/\/ibima.eu\/es\/innohealth\/programa\/","og_locale":"es_ES","og_type":"article","og_title":"Programa - Ibima","og_description":"Unidad de Innovaci\u00f3n y Transferencia de Tecnolog\u00edaII Edici\u00f3n: El dato en salud digitalProgramaINNOHealth: El dato en salud digital\u00a0II Edici\u00f3n 10:30 - 11:00 Inscripciones y caf\u00e9 de bienvenida11:00 - 11:30 Bienvenida e inauguraci\u00f3nD. Ismael Vargas Pina, Director General de Sistemas de Informaci\u00f3n y Comunicaciones, Servicio Andaluz de SaludD. Francisco J. Tinahones Madue\u00f1o. Director Cient\u00edfico IBIMA Plataforma [&hellip;]","og_url":"https:\/\/ibima.eu\/es\/innohealth\/programa\/","og_site_name":"Ibima","article_modified_time":"2024-11-04T13:11:20+00:00","twitter_card":"summary_large_image","twitter_misc":{"Tiempo de lectura":"9 minutos"},"schema":{"@context":"https:\/\/schema.org","@graph":[{"@type":"WebPage","@id":"https:\/\/ibima.eu\/es\/innohealth\/programa\/","url":"https:\/\/ibima.eu\/es\/innohealth\/programa\/","name":"Programa - Ibima","isPartOf":{"@id":"https:\/\/ibima.eu\/es\/#website"},"datePublished":"2024-10-10T08:34:59+00:00","dateModified":"2024-11-04T13:11:20+00:00","breadcrumb":{"@id":"https:\/\/ibima.eu\/es\/innohealth\/programa\/#breadcrumb"},"inLanguage":"es","potentialAction":[{"@type":"ReadAction","target":["https:\/\/ibima.eu\/es\/innohealth\/programa\/"]}]},{"@type":"BreadcrumbList","@id":"https:\/\/ibima.eu\/es\/innohealth\/programa\/#breadcrumb","itemListElement":[{"@type":"ListItem","position":1,"name":"Portada","item":"https:\/\/ibima.eu\/es\/"},{"@type":"ListItem","position":2,"name":"Innohealth","item":"https:\/\/ibima.eu\/es\/innohealth\/"},{"@type":"ListItem","position":3,"name":"Programa"}]},{"@type":"WebSite","@id":"https:\/\/ibima.eu\/es\/#website","url":"https:\/\/ibima.eu\/es\/","name":"Ibima","description":"","potentialAction":[{"@type":"SearchAction","target":{"@type":"EntryPoint","urlTemplate":"https:\/\/ibima.eu\/es\/?s={search_term_string}"},"query-input":{"@type":"PropertyValueSpecification","valueRequired":true,"valueName":"search_term_string"}}],"inLanguage":"es"}]}},"_links":{"self":[{"href":"https:\/\/ibima.eu\/es\/wp-json\/wp\/v2\/pages\/49017","targetHints":{"allow":["GET"]}}],"collection":[{"href":"https:\/\/ibima.eu\/es\/wp-json\/wp\/v2\/pages"}],"about":[{"href":"https:\/\/ibima.eu\/es\/wp-json\/wp\/v2\/types\/page"}],"author":[{"embeddable":true,"href":"https:\/\/ibima.eu\/es\/wp-json\/wp\/v2\/users\/2"}],"replies":[{"embeddable":true,"href":"https:\/\/ibima.eu\/es\/wp-json\/wp\/v2\/comments?post=49017"}],"version-history":[{"count":17,"href":"https:\/\/ibima.eu\/es\/wp-json\/wp\/v2\/pages\/49017\/revisions"}],"predecessor-version":[{"id":49425,"href":"https:\/\/ibima.eu\/es\/wp-json\/wp\/v2\/pages\/49017\/revisions\/49425"}],"up":[{"embeddable":true,"href":"https:\/\/ibima.eu\/es\/wp-json\/wp\/v2\/pages\/48998"}],"wp:attachment":[{"href":"https:\/\/ibima.eu\/es\/wp-json\/wp\/v2\/media?parent=49017"}],"curies":[{"name":"wp","href":"https:\/\/api.w.org\/{rel}","templated":true}]}}