{"id":49029,"date":"2024-10-10T08:34:52","date_gmt":"2024-10-10T08:34:52","guid":{"rendered":"https:\/\/ibima.eu\/?page_id=49029"},"modified":"2024-10-14T10:59:51","modified_gmt":"2024-10-14T10:59:51","slug":"sede","status":"publish","type":"page","link":"https:\/\/ibima.eu\/es\/innohealth\/sede\/","title":{"rendered":"Sede"},"content":{"rendered":"<p>[et_pb_section fb_built=\u00bb1&#8243; _builder_version=\u00bb4.27.0&#8243; _module_preset=\u00bbdefault\u00bb background_image=\u00bbhttps:\/\/ibima.eu\/wp-content\/uploads\/2024\/10\/2.png\u00bb global_colors_info=\u00bb{}\u00bb][et_pb_row _builder_version=\u00bb4.20.4&#8243; _module_preset=\u00bbdefault\u00bb custom_padding=\u00bb250px||30px||false|false\u00bb global_colors_info=\u00bb{}\u00bb][et_pb_column type=\u00bb4_4&#8243; _builder_version=\u00bb4.20.4&#8243; _module_preset=\u00bbdefault\u00bb global_colors_info=\u00bb{}\u00bb][et_pb_text disabled_on=\u00bbon|on|on\u00bb _builder_version=\u00bb4.27.0&#8243; _module_preset=\u00bbdefault\u00bb header_2_font=\u00bbPoppins|700|||||||\u00bb header_2_text_color=\u00bb#FFFFFF\u00bb header_2_font_size=\u00bb46px\u00bb text_text_shadow_style=\u00bbpreset3&#8243; text_text_shadow_color=\u00bb#000000&#8243; disabled=\u00bbon\u00bb global_colors_info=\u00bb{}\u00bb]<\/p>\n<h2>Unidad de Innovaci\u00f3n y Transferencia de Tecnolog\u00eda<\/h2>\n<p>[\/et_pb_text][\/et_pb_column][\/et_pb_row][\/et_pb_section][et_pb_section fb_built=\u00bb1&#8243; _builder_version=\u00bb4.20.4&#8243; _module_preset=\u00bbdefault\u00bb background_color=\u00bb#235b78&#8243; custom_padding=\u00bb30px||30px||true|false\u00bb locked=\u00bboff\u00bb global_colors_info=\u00bb{}\u00bb][et_pb_row _builder_version=\u00bb4.20.4&#8243; _module_preset=\u00bbdefault\u00bb global_colors_info=\u00bb{}\u00bb][et_pb_column type=\u00bb4_4&#8243; _builder_version=\u00bb4.20.4&#8243; _module_preset=\u00bbdefault\u00bb global_colors_info=\u00bb{}\u00bb][et_pb_text _builder_version=\u00bb4.27.0&#8243; _module_preset=\u00bbdefault\u00bb header_3_font=\u00bbPoppins|700|||||||\u00bb header_3_text_color=\u00bb#FFFFFF\u00bb header_3_font_size=\u00bb34px\u00bb global_colors_info=\u00bb{}\u00bb]<\/p>\n<h3>II Edici\u00f3n: El dato en salud digital<\/h3>\n<p>[\/et_pb_text][\/et_pb_column][\/et_pb_row][\/et_pb_section][et_pb_section fb_built=\u00bb1&#8243; _builder_version=\u00bb4.27.0&#8243; _module_preset=\u00bbdefault\u00bb background_color=\u00bb#ffa14f\u00bb custom_padding=\u00bb15px||15px||true|false\u00bb hover_transition_duration=\u00bb150ms\u00bb global_colors_info=\u00bb{}\u00bb locked=\u00bboff\u00bb][et_pb_row _builder_version=\u00bb4.27.0&#8243; _module_preset=\u00bbdefault\u00bb background_color=\u00bb#ffa14f\u00bb width=\u00bb75%\u00bb custom_padding=\u00bb||||false|true\u00bb hover_transition_duration=\u00bb0ms\u00bb global_colors_info=\u00bb{}\u00bb][et_pb_column type=\u00bb4_4&#8243; _builder_version=\u00bb4.25.0&#8243; _module_preset=\u00bbdefault\u00bb custom_padding=\u00bb||||true|true\u00bb animation_style=\u00bbslide\u00bb animation_direction=\u00bbbottom\u00bb global_colors_info=\u00bb{}\u00bb][et_pb_menu menu_id=\u00bb2633&#8243; menu_style=\u00bbinline_centered_logo\u00bb logo=\u00bbhttps:\/\/ibima.eu\/wp-content\/uploads\/2024\/10\/logos_OPI-OTT_horizontal-removebg-preview-1.png\u00bb logo_max_width=\u00bb300px\u00bb _builder_version=\u00bb4.27.0&#8243; _module_preset=\u00bbdefault\u00bb menu_font_size=\u00bb24px\u00bb background_color=\u00bb#ffa14f\u00bb background_layout=\u00bbdark\u00bb menu_text_shadow_style=\u00bbpreset4&#8243; global_colors_info=\u00bb{}\u00bb][\/et_pb_menu][\/et_pb_column][\/et_pb_row][\/et_pb_section][et_pb_section fb_built=\u00bb1&#8243; _builder_version=\u00bb4.20.4&#8243; _module_preset=\u00bbdefault\u00bb background_color=\u00bb#235b78&#8243; custom_padding=\u00bb30px||30px||true|false\u00bb locked=\u00bboff\u00bb global_colors_info=\u00bb{}\u00bb][et_pb_row _builder_version=\u00bb4.20.4&#8243; _module_preset=\u00bbdefault\u00bb global_colors_info=\u00bb{}\u00bb][et_pb_column type=\u00bb4_4&#8243; _builder_version=\u00bb4.20.4&#8243; _module_preset=\u00bbdefault\u00bb global_colors_info=\u00bb{}\u00bb][et_pb_text _builder_version=\u00bb4.27.0&#8243; _module_preset=\u00bbdefault\u00bb header_3_font=\u00bbPoppins|700|||||||\u00bb header_3_text_color=\u00bb#FFFFFF\u00bb header_3_font_size=\u00bb34px\u00bb global_colors_info=\u00bb{}\u00bb]<\/p>\n<h3>Sede: Edificio The Green Lemon, M\u00e1laga TechPark<\/h3>\n<p>[\/et_pb_text][\/et_pb_column][\/et_pb_row][\/et_pb_section][et_pb_section fb_built=\u00bb1&#8243; _builder_version=\u00bb4.27.0&#8243; _module_preset=\u00bbdefault\u00bb global_colors_info=\u00bb{}\u00bb][et_pb_row column_structure=\u00bb2_5,3_5&#8243; _builder_version=\u00bb4.27.0&#8243; _module_preset=\u00bbdefault\u00bb custom_margin=\u00bb25px||25px||true|false\u00bb hover_enabled=\u00bb0&#8243; global_colors_info=\u00bb{}\u00bb sticky_enabled=\u00bb0&#8243;][et_pb_column type=\u00bb2_5&#8243; _builder_version=\u00bb4.27.0&#8243; _module_preset=\u00bbdefault\u00bb hover_enabled=\u00bb0&#8243; global_colors_info=\u00bb{}\u00bb custom_padding=\u00bb|25px||25px|false|true\u00bb sticky_enabled=\u00bb0&#8243;][et_pb_text _builder_version=\u00bb4.27.0&#8243; _module_preset=\u00bbdefault\u00bb global_colors_info=\u00bb{}\u00bb]<\/p>\n<h1><strong>The Green Lemon<\/strong><\/h1>\n<p style=\"text-align: justify;\">El edificio <strong>Green Lemon<\/strong> es un espacio innovador y moderno, dise\u00f1ado bajo criterios de sostenibilidad. Ofrece instalaciones de alta tecnolog\u00eda, incluyendo salas de conferencias equipadas con las \u00faltimas herramientas audiovisuales, espacios de coworking y zonas de networking ideales para fomentar el intercambio de ideas y la colaboraci\u00f3n entre profesionales del sector salud y tecnolog\u00eda.<\/p>\n<p style=\"text-align: justify;\">\n<h2 style=\"text-align: justify;\"><strong>\u00bfC\u00f3mo llegar?<\/strong><\/h2>\n<p style=\"text-align: justify;\"><strong>En coche: <\/strong>Acceso al M\u00e1laga TechPark por la A-357. Se dispone de zona de aparcamiento p\u00fablico gratu\u00edto en Rotonda Av. Alcalde Pedro Aparicio, a tan solo 10 minutos andando del Edificio Green Lemon (ver ubicaci\u00f3n m\u00e1s abajo)<\/p>\n<p class=\"vc_custom_heading us_custom_7c4111d6\"><strong>En bus:<\/strong> Hasta el PTA llegan las <a href=\"http:\/\/www.emtmalaga.es\/emt-classic\/home.html\">l\u00edneas 19 y 25 y la l\u00ednea E. PTA Express<\/a>, de la EMT desde las 6:30 hasta las 23.00<\/p>\n<p class=\"vc_custom_heading us_custom_7c4111d6\"><strong>En tren:<\/strong> A la estaci\u00f3n de M\u00e1laga &#8211; Mar\u00eda Zambrano llegan trenes de cercan\u00edas, media distancia y larga distancia (AVE, Ablo, Ouigo&#8230;). A 20 minutos en coche o taxi desde la estaci\u00f3n se encuentra el M\u00e1laga TechPark<\/p>\n<p class=\"vc_custom_heading us_custom_7c4111d6\"><strong>En avi\u00f3n:<\/strong> El aeropuerto\u00a0 internacional de M\u00e1laga &#8211; Costa del Sol se encuentra a escasos 17 minutos en coche o taxi.<\/p>\n<div class=\"g-cols wpb_row  type_default valign_top vc_inner\">\n<div class=\"vc_col-sm-3\/5 wpb_column vc_column_container\">\n<div class=\"vc_column-inner\">\n<div class=\"wpb_wrapper\">\n<div class=\"wpb_text_column\">\n<div class=\"wpb_wrapper\">\n<p>&nbsp;<\/p>\n<\/div>\n<\/div>\n<\/div>\n<\/div>\n<\/div>\n<\/div>\n<p>[\/et_pb_text][\/et_pb_column][et_pb_column type=\u00bb3_5&#8243; _builder_version=\u00bb4.27.0&#8243; _module_preset=\u00bbdefault\u00bb global_colors_info=\u00bb{}\u00bb custom_padding=\u00bb|25px||25px|false|true\u00bb][et_pb_image src=\u00bbhttps:\/\/www.pta.es\/wp-content\/uploads\/2021\/05\/The_Green_Lemon_fachada.jpg\u00bb _builder_version=\u00bb4.27.0&#8243; _module_preset=\u00bbdefault\u00bb global_colors_info=\u00bb{}\u00bb][\/et_pb_image][\/et_pb_column][\/et_pb_row][et_pb_row column_structure=\u00bb1_2,1_2&#8243; _builder_version=\u00bb4.27.0&#8243; _module_preset=\u00bbdefault\u00bb custom_margin=\u00bb25px||25px||true|false\u00bb hover_enabled=\u00bb0&#8243; global_colors_info=\u00bb{}\u00bb sticky_enabled=\u00bb0&#8243;][et_pb_column type=\u00bb1_2&#8243; _builder_version=\u00bb4.27.0&#8243; _module_preset=\u00bbdefault\u00bb global_colors_info=\u00bb{}\u00bb custom_padding=\u00bb|25px||25px|false|true\u00bb][et_pb_text _builder_version=\u00bb4.27.0&#8243; _module_preset=\u00bbdefault\u00bb global_colors_info=\u00bb{}\u00bb]<\/p>\n<h1><strong>M\u00e1laga TechPark<\/strong><\/h1>\n<p style=\"text-align: justify;\">El <strong>M\u00e1laga TechPark<\/strong>, anteriormente conocido como <strong>Parque Tecnol\u00f3gico de Andaluc\u00eda (PTA)<\/strong>, es un referente internacional en innovaci\u00f3n y tecnolog\u00eda, ubicado en M\u00e1laga. Fundado en 1992, se ha convertido en un ecosistema din\u00e1mico que acoge a m\u00e1s de 600 empresas de diferentes sectores, como las tecnolog\u00edas de la informaci\u00f3n, telecomunicaciones, biotecnolog\u00eda, energ\u00eda, e-health y m\u00e1s.<\/p>\n<p style=\"text-align: justify;\">El parque ofrece infraestructuras de primer nivel, dise\u00f1adas para fomentar el crecimiento empresarial y la colaboraci\u00f3n entre empresas y centros de investigaci\u00f3n. <strong>M\u00e1laga TechPark<\/strong> se ha consolidado como un hub para la innovaci\u00f3n en Europa, con un fuerte enfoque en el desarrollo tecnol\u00f3gico y la atracci\u00f3n de talento internacional.<\/p>\n<p style=\"text-align: justify;\">Sus conexiones con diversas instituciones p\u00fablicas y privadas permiten la creaci\u00f3n de sinergias para el desarrollo de proyectos innovadores. Adem\u00e1s, su ubicaci\u00f3n estrat\u00e9gica, a pocos kil\u00f3metros del centro de M\u00e1laga y del Aeropuerto Internacional de M\u00e1laga, facilita el acceso tanto para empresas nacionales como internacionales.<\/p>\n<p>[\/et_pb_text][\/et_pb_column][et_pb_column type=\u00bb1_2&#8243; _builder_version=\u00bb4.27.0&#8243; _module_preset=\u00bbdefault\u00bb global_colors_info=\u00bb{}\u00bb custom_padding=\u00bb|25px||25px|false|true\u00bb][et_pb_image src=\u00bbhttps:\/\/d17umfmk0e27oh.cloudfront.net\/articulos\/articulos-1195266.jpg\u00bb _builder_version=\u00bb4.27.0&#8243; _module_preset=\u00bbdefault\u00bb global_colors_info=\u00bb{}\u00bb][\/et_pb_image][\/et_pb_column][\/et_pb_row][et_pb_row _builder_version=\u00bb4.27.0&#8243; _module_preset=\u00bbdefault\u00bb custom_margin=\u00bb25px||25px||true|false\u00bb hover_enabled=\u00bb0&#8243; global_colors_info=\u00bb{}\u00bb custom_padding=\u00bb|25px||25px|false|true\u00bb sticky_enabled=\u00bb0&#8243;][et_pb_column type=\u00bb4_4&#8243; _builder_version=\u00bb4.27.0&#8243; _module_preset=\u00bbdefault\u00bb global_colors_info=\u00bb{}\u00bb][et_pb_text _builder_version=\u00bb4.27.0&#8243; _module_preset=\u00bbdefault\u00bb custom_margin=\u00bb25px||||false|false\u00bb global_colors_info=\u00bb{}\u00bb]<\/p>\n<h2 style=\"text-align: center;\">C\u00d3MO LLEGAR<\/h2>\n<p>[\/et_pb_text][et_pb_button button_url=\u00bbhttps:\/\/www.google.com\/maps\/dir\/\/The+Green+Lemon,+C.+Severo+Ochoa,+57,+Campanillas,+29590+M%C3%A1laga\/@36.7386185,-4.5515582,17.25z\/data=!4m17!1m7!3m6!1s0xd72f1d1eca16857:0xda0f43585f1c8779!2sThe+Green+Lemon!8m2!3d36.738964!4d-4.552525!16s%2Fg%2F11nn3qg3_j!4m8!1m0!1m5!1m1!1s0xd72f1d1eca16857:0xda0f43585f1c8779!2m2!1d-4.5525716!2d36.7388876!3e3?entry=ttu&#038;g_ep=EgoyMDI0MTAwOS4wIKXMDSoASAFQAw%3D%3D\u00bb url_new_window=\u00bbon\u00bb button_text=\u00bbComo llegar\u00bb button_alignment=\u00bbcenter\u00bb _builder_version=\u00bb4.27.0&#8243; _module_preset=\u00bbdefault\u00bb custom_button=\u00bbon\u00bb button_text_size=\u00bb17px\u00bb button_text_color=\u00bb#ffffff\u00bb button_bg_color=\u00bb#235b78&#8243; button_border_width=\u00bb0px\u00bb button_border_radius=\u00bb12px\u00bb button_font=\u00bbPoppins||||||||\u00bb button_icon=\u00bb&#x39;||divi||400&#8243; hover_enabled=\u00bb0&#8243; locked=\u00bboff\u00bb global_colors_info=\u00bb{}\u00bb sticky_enabled=\u00bb0&#8243; custom_padding=\u00bb10px||10px||true|false\u00bb custom_margin=\u00bb15px||15px||true|false\u00bb][\/et_pb_button][et_pb_image src=\u00bbhttps:\/\/ibima.eu\/wp-content\/uploads\/2024\/10\/Plano-Parking-publico-green-lemon.bmp\u00bb title_text=\u00bbPlano Parking publico &#8211; green lemon\u00bb url=\u00bbhttps:\/\/www.google.es\/maps\/dir\/Parking,+Campanillas,+29590+M%C3%A1laga\/The+Green+Lemon,+Calle+Severo+Ochoa,+M%C3%A1laga\/@36.7391707,-4.5507886,18z\/data=!3m1!4b1!4m14!4m13!1m5!1m1!1s0xd72f12bd9789289:0x206e2b2957541381!2m2!1d-4.5464773!2d36.7393913!1m5!1m1!1s0xd72f1d1eca16857:0xda0f43585f1c8779!2m2!1d-4.5525716!2d36.7388876!3e2?hl=es&#038;entry=ttu&#038;g_ep=EgoyMDI0MTAwOS4wIKXMDSoASAFQAw%3D%3D\u00bb url_new_window=\u00bbon\u00bb align=\u00bbcenter\u00bb _builder_version=\u00bb4.27.0&#8243; _module_preset=\u00bbdefault\u00bb global_colors_info=\u00bb{}\u00bb][\/et_pb_image][\/et_pb_column][\/et_pb_row][\/et_pb_section]<\/p>\n","protected":false},"excerpt":{"rendered":"<p>Unidad de Innovaci\u00f3n y Transferencia de Tecnolog\u00edaII Edici\u00f3n: El dato en salud digitalSede: Edificio The Green Lemon, M\u00e1laga TechParkThe Green Lemon El edificio Green Lemon es un espacio innovador y moderno, dise\u00f1ado bajo criterios de sostenibilidad. Ofrece instalaciones de alta tecnolog\u00eda, incluyendo salas de conferencias equipadas con las \u00faltimas herramientas audiovisuales, espacios de coworking y [&hellip;]<\/p>\n","protected":false},"author":2,"featured_media":0,"parent":48998,"menu_order":0,"comment_status":"closed","ping_status":"closed","template":"","meta":{"_acf_changed":false,"_et_pb_use_builder":"on","_et_pb_old_content":"","_et_gb_content_width":"","footnotes":""},"class_list":["post-49029","page","type-page","status-publish","hentry"],"acf":[],"yoast_head":"<!-- This site is optimized with the Yoast SEO plugin v27.4 - https:\/\/yoast.com\/product\/yoast-seo-wordpress\/ -->\n<title>Sede - Ibima<\/title>\n<meta name=\"robots\" content=\"index, follow, max-snippet:-1, max-image-preview:large, max-video-preview:-1\" \/>\n<link rel=\"canonical\" href=\"https:\/\/ibima.eu\/es\/innohealth\/sede\/\" \/>\n<meta property=\"og:locale\" content=\"es_ES\" \/>\n<meta property=\"og:type\" content=\"article\" \/>\n<meta property=\"og:title\" content=\"Sede - Ibima\" \/>\n<meta property=\"og:description\" content=\"Unidad de Innovaci\u00f3n y Transferencia de Tecnolog\u00edaII Edici\u00f3n: El dato en salud digitalSede: Edificio The Green Lemon, M\u00e1laga TechParkThe Green Lemon El edificio Green Lemon es un espacio innovador y moderno, dise\u00f1ado bajo criterios de sostenibilidad. Ofrece instalaciones de alta tecnolog\u00eda, incluyendo salas de conferencias equipadas con las \u00faltimas herramientas audiovisuales, espacios de coworking y [&hellip;]\" \/>\n<meta property=\"og:url\" content=\"https:\/\/ibima.eu\/es\/innohealth\/sede\/\" \/>\n<meta property=\"og:site_name\" content=\"Ibima\" \/>\n<meta property=\"article:modified_time\" content=\"2024-10-14T10:59:51+00:00\" \/>\n<meta name=\"twitter:card\" content=\"summary_large_image\" \/>\n<meta name=\"twitter:label1\" content=\"Tiempo de lectura\" \/>\n\t<meta name=\"twitter:data1\" content=\"9 minutos\" \/>\n<script type=\"application\/ld+json\" class=\"yoast-schema-graph\">{\"@context\":\"https:\\\/\\\/schema.org\",\"@graph\":[{\"@type\":\"WebPage\",\"@id\":\"https:\\\/\\\/ibima.eu\\\/es\\\/innohealth\\\/sede\\\/\",\"url\":\"https:\\\/\\\/ibima.eu\\\/es\\\/innohealth\\\/sede\\\/\",\"name\":\"Sede - Ibima\",\"isPartOf\":{\"@id\":\"https:\\\/\\\/ibima.eu\\\/es\\\/#website\"},\"datePublished\":\"2024-10-10T08:34:52+00:00\",\"dateModified\":\"2024-10-14T10:59:51+00:00\",\"breadcrumb\":{\"@id\":\"https:\\\/\\\/ibima.eu\\\/es\\\/innohealth\\\/sede\\\/#breadcrumb\"},\"inLanguage\":\"es\",\"potentialAction\":[{\"@type\":\"ReadAction\",\"target\":[\"https:\\\/\\\/ibima.eu\\\/es\\\/innohealth\\\/sede\\\/\"]}]},{\"@type\":\"BreadcrumbList\",\"@id\":\"https:\\\/\\\/ibima.eu\\\/es\\\/innohealth\\\/sede\\\/#breadcrumb\",\"itemListElement\":[{\"@type\":\"ListItem\",\"position\":1,\"name\":\"Portada\",\"item\":\"https:\\\/\\\/ibima.eu\\\/es\\\/\"},{\"@type\":\"ListItem\",\"position\":2,\"name\":\"Innohealth\",\"item\":\"https:\\\/\\\/ibima.eu\\\/es\\\/innohealth\\\/\"},{\"@type\":\"ListItem\",\"position\":3,\"name\":\"Sede\"}]},{\"@type\":\"WebSite\",\"@id\":\"https:\\\/\\\/ibima.eu\\\/es\\\/#website\",\"url\":\"https:\\\/\\\/ibima.eu\\\/es\\\/\",\"name\":\"Ibima\",\"description\":\"\",\"potentialAction\":[{\"@type\":\"SearchAction\",\"target\":{\"@type\":\"EntryPoint\",\"urlTemplate\":\"https:\\\/\\\/ibima.eu\\\/es\\\/?s={search_term_string}\"},\"query-input\":{\"@type\":\"PropertyValueSpecification\",\"valueRequired\":true,\"valueName\":\"search_term_string\"}}],\"inLanguage\":\"es\"}]}<\/script>\n<!-- \/ Yoast SEO plugin. -->","yoast_head_json":{"title":"Sede - Ibima","robots":{"index":"index","follow":"follow","max-snippet":"max-snippet:-1","max-image-preview":"max-image-preview:large","max-video-preview":"max-video-preview:-1"},"canonical":"https:\/\/ibima.eu\/es\/innohealth\/sede\/","og_locale":"es_ES","og_type":"article","og_title":"Sede - Ibima","og_description":"Unidad de Innovaci\u00f3n y Transferencia de Tecnolog\u00edaII Edici\u00f3n: El dato en salud digitalSede: Edificio The Green Lemon, M\u00e1laga TechParkThe Green Lemon El edificio Green Lemon es un espacio innovador y moderno, dise\u00f1ado bajo criterios de sostenibilidad. Ofrece instalaciones de alta tecnolog\u00eda, incluyendo salas de conferencias equipadas con las \u00faltimas herramientas audiovisuales, espacios de coworking y [&hellip;]","og_url":"https:\/\/ibima.eu\/es\/innohealth\/sede\/","og_site_name":"Ibima","article_modified_time":"2024-10-14T10:59:51+00:00","twitter_card":"summary_large_image","twitter_misc":{"Tiempo de lectura":"9 minutos"},"schema":{"@context":"https:\/\/schema.org","@graph":[{"@type":"WebPage","@id":"https:\/\/ibima.eu\/es\/innohealth\/sede\/","url":"https:\/\/ibima.eu\/es\/innohealth\/sede\/","name":"Sede - Ibima","isPartOf":{"@id":"https:\/\/ibima.eu\/es\/#website"},"datePublished":"2024-10-10T08:34:52+00:00","dateModified":"2024-10-14T10:59:51+00:00","breadcrumb":{"@id":"https:\/\/ibima.eu\/es\/innohealth\/sede\/#breadcrumb"},"inLanguage":"es","potentialAction":[{"@type":"ReadAction","target":["https:\/\/ibima.eu\/es\/innohealth\/sede\/"]}]},{"@type":"BreadcrumbList","@id":"https:\/\/ibima.eu\/es\/innohealth\/sede\/#breadcrumb","itemListElement":[{"@type":"ListItem","position":1,"name":"Portada","item":"https:\/\/ibima.eu\/es\/"},{"@type":"ListItem","position":2,"name":"Innohealth","item":"https:\/\/ibima.eu\/es\/innohealth\/"},{"@type":"ListItem","position":3,"name":"Sede"}]},{"@type":"WebSite","@id":"https:\/\/ibima.eu\/es\/#website","url":"https:\/\/ibima.eu\/es\/","name":"Ibima","description":"","potentialAction":[{"@type":"SearchAction","target":{"@type":"EntryPoint","urlTemplate":"https:\/\/ibima.eu\/es\/?s={search_term_string}"},"query-input":{"@type":"PropertyValueSpecification","valueRequired":true,"valueName":"search_term_string"}}],"inLanguage":"es"}]}},"_links":{"self":[{"href":"https:\/\/ibima.eu\/es\/wp-json\/wp\/v2\/pages\/49029","targetHints":{"allow":["GET"]}}],"collection":[{"href":"https:\/\/ibima.eu\/es\/wp-json\/wp\/v2\/pages"}],"about":[{"href":"https:\/\/ibima.eu\/es\/wp-json\/wp\/v2\/types\/page"}],"author":[{"embeddable":true,"href":"https:\/\/ibima.eu\/es\/wp-json\/wp\/v2\/users\/2"}],"replies":[{"embeddable":true,"href":"https:\/\/ibima.eu\/es\/wp-json\/wp\/v2\/comments?post=49029"}],"version-history":[{"count":8,"href":"https:\/\/ibima.eu\/es\/wp-json\/wp\/v2\/pages\/49029\/revisions"}],"predecessor-version":[{"id":49120,"href":"https:\/\/ibima.eu\/es\/wp-json\/wp\/v2\/pages\/49029\/revisions\/49120"}],"up":[{"embeddable":true,"href":"https:\/\/ibima.eu\/es\/wp-json\/wp\/v2\/pages\/48998"}],"wp:attachment":[{"href":"https:\/\/ibima.eu\/es\/wp-json\/wp\/v2\/media?parent=49029"}],"curies":[{"name":"wp","href":"https:\/\/api.w.org\/{rel}","templated":true}]}}