{"id":49329,"date":"2024-10-22T11:27:24","date_gmt":"2024-10-22T11:27:24","guid":{"rendered":"https:\/\/ibima.eu\/?page_id=49329"},"modified":"2025-12-03T20:03:14","modified_gmt":"2025-12-03T20:03:14","slug":"actuaciones-financiadas","status":"publish","type":"page","link":"https:\/\/ibima.eu\/es\/actuaciones-financiadas\/","title":{"rendered":"Actuaciones Financiadas"},"content":{"rendered":"<p>[et_pb_section fb_built=\u00bb1&#8243; _builder_version=\u00bb4.20.4&#8243; _module_preset=\u00bbdefault\u00bb background_image=\u00bbhttps:\/\/ibima.eu\/wp-content\/uploads\/2023\/04\/FotoWeb-min-1000&#215;500-1.jpg\u00bb global_colors_info=\u00bb{}\u00bb][et_pb_row _builder_version=\u00bb4.20.4&#8243; _module_preset=\u00bbdefault\u00bb custom_padding=\u00bb250px||30px||false|false\u00bb global_colors_info=\u00bb{}\u00bb][et_pb_column type=\u00bb4_4&#8243; _builder_version=\u00bb4.20.4&#8243; _module_preset=\u00bbdefault\u00bb global_colors_info=\u00bb{}\u00bb][et_pb_text _builder_version=\u00bb4.27.4&#8243; _module_preset=\u00bbdefault\u00bb header_2_font=\u00bbPoppins|700|||||||\u00bb header_2_text_color=\u00bb#FFFFFF\u00bb header_2_font_size=\u00bb46px\u00bb header_2_font_size_tablet=\u00bb46px\u00bb header_2_font_size_phone=\u00bb40px\u00bb header_2_font_size_last_edited=\u00bbon|phone\u00bb global_colors_info=\u00bb{}\u00bb]<\/p>\n<h2>Subvenciones<\/h2>\n<p>[\/et_pb_text][\/et_pb_column][\/et_pb_row][\/et_pb_section][et_pb_section fb_built=\u00bb1&#8243; custom_padding_last_edited=\u00bbon|tablet\u00bb _builder_version=\u00bb4.20.4&#8243; _module_preset=\u00bbdefault\u00bb custom_padding_tablet=\u00bb||0px||false|false\u00bb custom_padding_phone=\u00bb||0px||false|false\u00bb global_colors_info=\u00bb{}\u00bb][et_pb_row _builder_version=\u00bb4.20.4&#8243; _module_preset=\u00bbdefault\u00bb width=\u00bb60%\u00bb custom_padding=\u00bb50px||50px||true|false\u00bb global_colors_info=\u00bb{}\u00bb][et_pb_column type=\u00bb4_4&#8243; _builder_version=\u00bb4.20.4&#8243; _module_preset=\u00bbdefault\u00bb global_colors_info=\u00bb{}\u00bb][et_pb_text _builder_version=\u00bb4.27.2&#8243; _module_preset=\u00bbdefault\u00bb text_font=\u00bbPoppins||||||||\u00bb global_colors_info=\u00bb{}\u00bb]<\/p>\n<p style=\"text-align: justify;\"><span>La Fundaci\u00f3n para la Investigaci\u00f3n de M\u00e1laga en Biomedicina y Salud (FIMABIS), en calidad de entidad beneficiaria, hace p\u00fablica la informaci\u00f3n relativa a las actuaciones de I+D+i que han obtenido financiaci\u00f3n en el marco de convocatorias publicadas por organismos tanto de car\u00e1cter p\u00fablico como privados, de diferente alcance territorial: internacionales, nacionales y regionales, y que son desarrolladas actualmente por el personal investigador y t\u00e9cnico adscrito a la Fundaci\u00f3n.<\/span><\/p>\n<p>[\/et_pb_text][\/et_pb_column][\/et_pb_row][\/et_pb_section][et_pb_section fb_built=\u00bb1&#8243; custom_padding_last_edited=\u00bbon|tablet\u00bb _builder_version=\u00bb4.20.4&#8243; _module_preset=\u00bbdefault\u00bb custom_padding_tablet=\u00bb0px||0px||true|false\u00bb custom_padding_phone=\u00bb0px||0px||true|false\u00bb global_colors_info=\u00bb{}\u00bb][et_pb_row _builder_version=\u00bb4.20.4&#8243; _module_preset=\u00bbdefault\u00bb width=\u00bb60%\u00bb custom_padding=\u00bb||50px||false|false\u00bb global_colors_info=\u00bb{}\u00bb][et_pb_column type=\u00bb4_4&#8243; _builder_version=\u00bb4.20.4&#8243; _module_preset=\u00bbdefault\u00bb global_colors_info=\u00bb{}\u00bb][et_pb_blurb title=\u00bbMecanismo de Recuperaci\u00f3n y Resiliencia\u00bb use_icon=\u00bbon\u00bb font_icon=\u00bb&#x24;||divi||400&#8243; icon_color=\u00bb#24a8d7&#8243; image_icon_background_color=\u00bb#FFFFFF\u00bb icon_placement=\u00bbleft\u00bb content_max_width=\u00bb1100px\u00bb _builder_version=\u00bb4.27.2&#8243; _module_preset=\u00bbdefault\u00bb header_font=\u00bbPoppins|700|||||||\u00bb header_text_color=\u00bb#24a8d7&#8243; header_font_size=\u00bb18px\u00bb body_font=\u00bbPoppins||||||||\u00bb custom_margin=\u00bb50px||||false|false\u00bb global_colors_info=\u00bb{}\u00bb]<\/p>\n<p style=\"text-align: justify;\"><span>Conoce las actuaciones financiadas por la Uni\u00f3n Europea a trav\u00e9s del Fondo NextGenerationEU con cargo a los fondos del Mecanismo de Recuperaci\u00f3n y Resiliencia a trav\u00e9s del Plan de Recuperaci\u00f3n, Transformaci\u00f3n y Resiliencia del Gobierno de Espa\u00f1a (Plan RTR\/Next GenerationEU).<\/span><\/p>\n<p style=\"text-align: justify;\"><a href=\"https:\/\/ibima.eu\/wp-content\/uploads\/2025\/12\/ActuacionesCofinanciadas_PRTR_Revisado.xlsx\">Actuaciones con cargo a los fondos del Mecanismo de Recuperaci\u00f3n y Resiliencia.<\/a><span><\/span><\/p>\n<p style=\"text-align: justify;\"><span><\/span><\/p>\n<p><img decoding=\"async\" alt=\"Logos UE\" data-entity-type=\"file\" data-entity-uuid=\"7ee07b03-6b8d-4475-8a6d-4d7166ab2e82\" src=\"https:\/\/ibima.eu\/wp-content\/uploads\/2024\/10\/Composicion-Resilencia.jpg\" \/><\/p>\n<p>[\/et_pb_blurb][et_pb_blurb title=\u00bbPeriodo de Programaci\u00f3n 2021-2027&#8243; use_icon=\u00bbon\u00bb font_icon=\u00bb&#x24;||divi||400&#8243; icon_color=\u00bb#24a8d7&#8243; image_icon_background_color=\u00bb#FFFFFF\u00bb icon_placement=\u00bbleft\u00bb content_max_width=\u00bb1100px\u00bb _builder_version=\u00bb4.27.2&#8243; _module_preset=\u00bbdefault\u00bb header_font=\u00bbPoppins|700|||||||\u00bb header_text_color=\u00bb#24a8d7&#8243; header_font_size=\u00bb18px\u00bb body_font=\u00bbPoppins||||||||\u00bb custom_margin=\u00bb50px||||false|false\u00bb global_colors_info=\u00bb{}\u00bb]<\/p>\n<p style=\"text-align: justify;\">A trav\u00e9s <span>de este litado se pueden conocer las actuaciones cofinanciadas por el Fondo Europeo de Desarrollo Regional (FEDER) y el Fondo Social Europeo Plus (FSE+), correspondientes al Periodo de Programaci\u00f3n 2021-2027:<\/span><\/p>\n<p style=\"text-align: justify;\"><a href=\"https:\/\/ibima.eu\/wp-content\/uploads\/2025\/12\/ActuacionesCofinanciadas_2021-2027_Revisado.xlsx\">Actuaciones con cargo a FEDER y FSE+.<\/a><span><\/span><\/p>\n<p style=\"text-align: justify;\"><span><\/span><\/p>\n<p><img decoding=\"async\" alt=\"Logo FEDER\" data-entity-type=\"file\" data-entity-uuid=\"5feeae34-451a-4a53-8694-ba8d6fbb0c90\" src=\"https:\/\/ibima.eu\/wp-content\/uploads\/2024\/10\/CofinanciadoUE_1.png\" \/><\/p>\n<p>[\/et_pb_blurb][et_pb_blurb title=\u00bbPeriodo de Programaci\u00f3n 2014-2020&#8243; use_icon=\u00bbon\u00bb font_icon=\u00bb&#x24;||divi||400&#8243; icon_color=\u00bb#24a8d7&#8243; image_icon_background_color=\u00bb#FFFFFF\u00bb icon_placement=\u00bbleft\u00bb content_max_width=\u00bb1100px\u00bb _builder_version=\u00bb4.27.2&#8243; _module_preset=\u00bbdefault\u00bb header_font=\u00bbPoppins|700|||||||\u00bb header_text_color=\u00bb#24a8d7&#8243; header_font_size=\u00bb18px\u00bb body_font=\u00bbPoppins||||||||\u00bb custom_margin=\u00bb50px||||false|false\u00bb custom_padding=\u00bb0px|||||\u00bb global_colors_info=\u00bb{}\u00bb]<\/p>\n<p style=\"text-align: justify;\"><span>Como entidad beneficiaria de las actuaciones cofinanciadas por el F<\/span><span>ondo Europeo de Desarrollo Regional (FEDER) y por el Fondo Social Europeo (FSE) correspondientes al Periodo de Programaci\u00f3n 2007-2013 se han desarrollado las acciones que se recogen en el listado siguiente:<\/span><\/p>\n<p style=\"text-align: justify;\"><a href=\"https:\/\/ibima.eu\/wp-content\/uploads\/2025\/12\/ActuacionesCofinanciadas_2014-2020_Revisado.xlsx\">Actuaciones con cargo a FEDER y FSE (2014-2020).<\/a><span><\/span><\/p>\n<p style=\"text-align: justify;\"><span><\/span><\/p>\n<p><img loading=\"lazy\" decoding=\"async\" alt=\"Logo FEDER\" data-entity-type=\"file\" data-entity-uuid=\"5feeae34-451a-4a53-8694-ba8d6fbb0c90\" src=\"https:\/\/ibima.eu\/wp-content\/uploads\/2024\/10\/Cofinanciadas14def.png\" width=\"602\" height=\"108\" \/><\/p>\n<p>[\/et_pb_blurb][et_pb_blurb title=\u00bbPeriodo de Programaci\u00f3n 2007-2013&#8243; use_icon=\u00bbon\u00bb font_icon=\u00bb&#x24;||divi||400&#8243; icon_color=\u00bb#24a8d7&#8243; image_icon_background_color=\u00bb#FFFFFF\u00bb icon_placement=\u00bbleft\u00bb content_max_width=\u00bb1100px\u00bb _builder_version=\u00bb4.27.2&#8243; _module_preset=\u00bbdefault\u00bb header_font=\u00bbPoppins|700|||||||\u00bb header_text_color=\u00bb#24a8d7&#8243; header_font_size=\u00bb18px\u00bb body_font=\u00bbPoppins||||||||\u00bb custom_margin=\u00bb50px||||false|false\u00bb global_colors_info=\u00bb{}\u00bb]<\/p>\n<p style=\"text-align: justify;\"><span>Como entidad beneficiaria de las actuaciones cofinanciadas por el F<\/span><span>ondo Europeo de Desarrollo Regional (FEDER) y por el Fondo Social Europeo (FSE) correspondientes al Periodo de Programaci\u00f3n 2007-2013 se han desarrollado las acciones que se recogen en el listado siguiente:<\/span><\/p>\n<p style=\"text-align: justify;\"><a href=\"https:\/\/ibima.eu\/wp-content\/uploads\/2024\/10\/ActuacionesCofinanciadas_2007-2013.xlsx\">Actuaciones con cargo a FEDER y FSE (2007-2013).<\/a><span><\/span><\/p>\n<p style=\"text-align: justify;\"><span><\/span><\/p>\n<p><img loading=\"lazy\" decoding=\"async\" alt=\"Logo FEDER\" data-entity-type=\"file\" data-entity-uuid=\"5feeae34-451a-4a53-8694-ba8d6fbb0c90\" src=\"https:\/\/ibima.eu\/wp-content\/uploads\/2024\/10\/Cofinanciadas14def.png\" width=\"602\" height=\"108\" \/><\/p>\n<p>[\/et_pb_blurb][et_pb_blurb title=\u00bbAyudas Competitivas FIMABIS 2019-2024&#8243; use_icon=\u00bbon\u00bb font_icon=\u00bb&#x24;||divi||400&#8243; icon_color=\u00bb#24a8d7&#8243; image_icon_background_color=\u00bb#FFFFFF\u00bb icon_placement=\u00bbleft\u00bb content_max_width=\u00bb1100px\u00bb _builder_version=\u00bb4.27.2&#8243; _module_preset=\u00bbdefault\u00bb header_font=\u00bbPoppins|700|||||||\u00bb header_text_color=\u00bb#24a8d7&#8243; header_font_size=\u00bb18px\u00bb body_font=\u00bbPoppins||||||||\u00bb custom_margin=\u00bb50px||||false|false\u00bb global_colors_info=\u00bb{}\u00bb]<\/p>\n<p style=\"text-align: justify;\">Todas las ayudas concedidas a la Fundaci\u00f3n para la Investigaci\u00f3n de M\u00e1laga en Biomedicina y Salud (FIMABIS) durante el periodo correspondiente a 2019-2024 se recogen en el listado siguiente:<\/p>\n<p style=\"text-align: justify;\"><a href=\"https:\/\/ibima.eu\/wp-content\/uploads\/2025\/12\/AyudasCompetitivas2020-2025_Revisado.xlsx\">Ayudas competitivas FIMABIS<\/a><\/p>\n<p style=\"text-align: justify;\">\n<p>[\/et_pb_blurb][\/et_pb_column][\/et_pb_row][\/et_pb_section]<\/p>\n","protected":false},"excerpt":{"rendered":"<p>SubvencionesLa Fundaci\u00f3n para la Investigaci\u00f3n de M\u00e1laga en Biomedicina y Salud (FIMABIS), en calidad de entidad beneficiaria, hace p\u00fablica la informaci\u00f3n relativa a las actuaciones de I+D+i que han obtenido financiaci\u00f3n en el marco de convocatorias publicadas por organismos tanto de car\u00e1cter p\u00fablico como privados, de diferente alcance territorial: internacionales, nacionales y regionales, y que [&hellip;]<\/p>\n","protected":false},"author":2,"featured_media":0,"parent":0,"menu_order":0,"comment_status":"closed","ping_status":"closed","template":"","meta":{"_acf_changed":false,"_et_pb_use_builder":"on","_et_pb_old_content":"","_et_gb_content_width":"","footnotes":""},"class_list":["post-49329","page","type-page","status-publish","hentry"],"acf":[],"yoast_head":"<!-- This site is optimized with the Yoast SEO plugin v27.3 - https:\/\/yoast.com\/product\/yoast-seo-wordpress\/ -->\n<title>Actuaciones Financiadas - Ibima<\/title>\n<meta name=\"description\" content=\"Actuaciones financiadas: proyectos, infraestructuras y actividades respaldadas por convocatorias competitivas para impulsar la investigaci\u00f3n\" \/>\n<meta name=\"robots\" content=\"index, follow, max-snippet:-1, max-image-preview:large, max-video-preview:-1\" \/>\n<link rel=\"canonical\" href=\"https:\/\/ibima.eu\/es\/actuaciones-financiadas\/\" \/>\n<meta property=\"og:locale\" content=\"es_ES\" \/>\n<meta property=\"og:type\" content=\"article\" \/>\n<meta property=\"og:title\" content=\"Actuaciones Financiadas - Ibima\" \/>\n<meta property=\"og:description\" content=\"Actuaciones financiadas: proyectos, infraestructuras y actividades respaldadas por convocatorias competitivas para impulsar la investigaci\u00f3n\" \/>\n<meta property=\"og:url\" content=\"https:\/\/ibima.eu\/es\/actuaciones-financiadas\/\" \/>\n<meta property=\"og:site_name\" content=\"Ibima\" \/>\n<meta property=\"article:modified_time\" content=\"2025-12-03T20:03:14+00:00\" \/>\n<meta property=\"og:image\" content=\"https:\/\/ibima.eu\/wp-content\/uploads\/2024\/10\/Composicion-Resilencia.jpg\" \/>\n<meta name=\"twitter:card\" content=\"summary_large_image\" \/>\n<meta name=\"twitter:label1\" content=\"Tiempo de lectura\" \/>\n\t<meta name=\"twitter:data1\" content=\"3 minutos\" \/>\n<script type=\"application\/ld+json\" class=\"yoast-schema-graph\">{\"@context\":\"https:\\\/\\\/schema.org\",\"@graph\":[{\"@type\":\"WebPage\",\"@id\":\"https:\\\/\\\/ibima.eu\\\/es\\\/actuaciones-financiadas\\\/\",\"url\":\"https:\\\/\\\/ibima.eu\\\/es\\\/actuaciones-financiadas\\\/\",\"name\":\"Actuaciones Financiadas - Ibima\",\"isPartOf\":{\"@id\":\"https:\\\/\\\/ibima.eu\\\/es\\\/#website\"},\"primaryImageOfPage\":{\"@id\":\"https:\\\/\\\/ibima.eu\\\/es\\\/actuaciones-financiadas\\\/#primaryimage\"},\"image\":{\"@id\":\"https:\\\/\\\/ibima.eu\\\/es\\\/actuaciones-financiadas\\\/#primaryimage\"},\"thumbnailUrl\":\"https:\\\/\\\/ibima.eu\\\/wp-content\\\/uploads\\\/2024\\\/10\\\/Composicion-Resilencia.jpg\",\"datePublished\":\"2024-10-22T11:27:24+00:00\",\"dateModified\":\"2025-12-03T20:03:14+00:00\",\"description\":\"Actuaciones financiadas: proyectos, infraestructuras y actividades respaldadas por convocatorias competitivas para impulsar la investigaci\u00f3n\",\"breadcrumb\":{\"@id\":\"https:\\\/\\\/ibima.eu\\\/es\\\/actuaciones-financiadas\\\/#breadcrumb\"},\"inLanguage\":\"es\",\"potentialAction\":[{\"@type\":\"ReadAction\",\"target\":[\"https:\\\/\\\/ibima.eu\\\/es\\\/actuaciones-financiadas\\\/\"]}]},{\"@type\":\"ImageObject\",\"inLanguage\":\"es\",\"@id\":\"https:\\\/\\\/ibima.eu\\\/es\\\/actuaciones-financiadas\\\/#primaryimage\",\"url\":\"https:\\\/\\\/ibima.eu\\\/wp-content\\\/uploads\\\/2024\\\/10\\\/Composicion-Resilencia.jpg\",\"contentUrl\":\"https:\\\/\\\/ibima.eu\\\/wp-content\\\/uploads\\\/2024\\\/10\\\/Composicion-Resilencia.jpg\"},{\"@type\":\"BreadcrumbList\",\"@id\":\"https:\\\/\\\/ibima.eu\\\/es\\\/actuaciones-financiadas\\\/#breadcrumb\",\"itemListElement\":[{\"@type\":\"ListItem\",\"position\":1,\"name\":\"Portada\",\"item\":\"https:\\\/\\\/ibima.eu\\\/es\\\/\"},{\"@type\":\"ListItem\",\"position\":2,\"name\":\"Actuaciones Financiadas\"}]},{\"@type\":\"WebSite\",\"@id\":\"https:\\\/\\\/ibima.eu\\\/es\\\/#website\",\"url\":\"https:\\\/\\\/ibima.eu\\\/es\\\/\",\"name\":\"Ibima\",\"description\":\"\",\"potentialAction\":[{\"@type\":\"SearchAction\",\"target\":{\"@type\":\"EntryPoint\",\"urlTemplate\":\"https:\\\/\\\/ibima.eu\\\/es\\\/?s={search_term_string}\"},\"query-input\":{\"@type\":\"PropertyValueSpecification\",\"valueRequired\":true,\"valueName\":\"search_term_string\"}}],\"inLanguage\":\"es\"}]}<\/script>\n<!-- \/ Yoast SEO plugin. -->","yoast_head_json":{"title":"Actuaciones Financiadas - Ibima","description":"Actuaciones financiadas: proyectos, infraestructuras y actividades respaldadas por convocatorias competitivas para impulsar la investigaci\u00f3n","robots":{"index":"index","follow":"follow","max-snippet":"max-snippet:-1","max-image-preview":"max-image-preview:large","max-video-preview":"max-video-preview:-1"},"canonical":"https:\/\/ibima.eu\/es\/actuaciones-financiadas\/","og_locale":"es_ES","og_type":"article","og_title":"Actuaciones Financiadas - Ibima","og_description":"Actuaciones financiadas: proyectos, infraestructuras y actividades respaldadas por convocatorias competitivas para impulsar la investigaci\u00f3n","og_url":"https:\/\/ibima.eu\/es\/actuaciones-financiadas\/","og_site_name":"Ibima","article_modified_time":"2025-12-03T20:03:14+00:00","og_image":[{"url":"https:\/\/ibima.eu\/wp-content\/uploads\/2024\/10\/Composicion-Resilencia.jpg","type":"","width":"","height":""}],"twitter_card":"summary_large_image","twitter_misc":{"Tiempo de lectura":"3 minutos"},"schema":{"@context":"https:\/\/schema.org","@graph":[{"@type":"WebPage","@id":"https:\/\/ibima.eu\/es\/actuaciones-financiadas\/","url":"https:\/\/ibima.eu\/es\/actuaciones-financiadas\/","name":"Actuaciones Financiadas - Ibima","isPartOf":{"@id":"https:\/\/ibima.eu\/es\/#website"},"primaryImageOfPage":{"@id":"https:\/\/ibima.eu\/es\/actuaciones-financiadas\/#primaryimage"},"image":{"@id":"https:\/\/ibima.eu\/es\/actuaciones-financiadas\/#primaryimage"},"thumbnailUrl":"https:\/\/ibima.eu\/wp-content\/uploads\/2024\/10\/Composicion-Resilencia.jpg","datePublished":"2024-10-22T11:27:24+00:00","dateModified":"2025-12-03T20:03:14+00:00","description":"Actuaciones financiadas: proyectos, infraestructuras y actividades respaldadas por convocatorias competitivas para impulsar la investigaci\u00f3n","breadcrumb":{"@id":"https:\/\/ibima.eu\/es\/actuaciones-financiadas\/#breadcrumb"},"inLanguage":"es","potentialAction":[{"@type":"ReadAction","target":["https:\/\/ibima.eu\/es\/actuaciones-financiadas\/"]}]},{"@type":"ImageObject","inLanguage":"es","@id":"https:\/\/ibima.eu\/es\/actuaciones-financiadas\/#primaryimage","url":"https:\/\/ibima.eu\/wp-content\/uploads\/2024\/10\/Composicion-Resilencia.jpg","contentUrl":"https:\/\/ibima.eu\/wp-content\/uploads\/2024\/10\/Composicion-Resilencia.jpg"},{"@type":"BreadcrumbList","@id":"https:\/\/ibima.eu\/es\/actuaciones-financiadas\/#breadcrumb","itemListElement":[{"@type":"ListItem","position":1,"name":"Portada","item":"https:\/\/ibima.eu\/es\/"},{"@type":"ListItem","position":2,"name":"Actuaciones Financiadas"}]},{"@type":"WebSite","@id":"https:\/\/ibima.eu\/es\/#website","url":"https:\/\/ibima.eu\/es\/","name":"Ibima","description":"","potentialAction":[{"@type":"SearchAction","target":{"@type":"EntryPoint","urlTemplate":"https:\/\/ibima.eu\/es\/?s={search_term_string}"},"query-input":{"@type":"PropertyValueSpecification","valueRequired":true,"valueName":"search_term_string"}}],"inLanguage":"es"}]}},"_links":{"self":[{"href":"https:\/\/ibima.eu\/es\/wp-json\/wp\/v2\/pages\/49329","targetHints":{"allow":["GET"]}}],"collection":[{"href":"https:\/\/ibima.eu\/es\/wp-json\/wp\/v2\/pages"}],"about":[{"href":"https:\/\/ibima.eu\/es\/wp-json\/wp\/v2\/types\/page"}],"author":[{"embeddable":true,"href":"https:\/\/ibima.eu\/es\/wp-json\/wp\/v2\/users\/2"}],"replies":[{"embeddable":true,"href":"https:\/\/ibima.eu\/es\/wp-json\/wp\/v2\/comments?post=49329"}],"version-history":[{"count":14,"href":"https:\/\/ibima.eu\/es\/wp-json\/wp\/v2\/pages\/49329\/revisions"}],"predecessor-version":[{"id":58839,"href":"https:\/\/ibima.eu\/es\/wp-json\/wp\/v2\/pages\/49329\/revisions\/58839"}],"wp:attachment":[{"href":"https:\/\/ibima.eu\/es\/wp-json\/wp\/v2\/media?parent=49329"}],"curies":[{"name":"wp","href":"https:\/\/api.w.org\/{rel}","templated":true}]}}