{"id":50502,"date":"2025-02-17T10:59:38","date_gmt":"2025-02-17T10:59:38","guid":{"rendered":"https:\/\/ibima.eu\/?page_id=50502"},"modified":"2025-11-25T12:05:36","modified_gmt":"2025-11-25T12:05:36","slug":"formacion-online","status":"publish","type":"page","link":"https:\/\/ibima.eu\/es\/formacion-online\/","title":{"rendered":"Formaci\u00f3n online"},"content":{"rendered":"\n[et_pb_section fb_built=\u00bb1&#8243; _builder_version=\u00bb4.20.4&#8243; _module_preset=\u00bbdefault\u00bb background_image=\u00bbhttps:\/\/ibima.eu\/wp-content\/uploads\/2023\/04\/FotoWeb-min-1000&#215;500-1.jpg\u00bb global_colors_info=\u00bb{}\u00bb][et_pb_row _builder_version=\u00bb4.20.4&#8243; _module_preset=\u00bbdefault\u00bb custom_padding=\u00bb250px||30px||false|false\u00bb global_colors_info=\u00bb{}\u00bb][et_pb_column type=\u00bb4_4&#8243; _builder_version=\u00bb4.20.4&#8243; _module_preset=\u00bbdefault\u00bb global_colors_info=\u00bb{}\u00bb][et_pb_text _builder_version=\u00bb4.27.0&#8243; _module_preset=\u00bbdefault\u00bb header_2_font=\u00bbPoppins|700|||||||\u00bb header_2_text_color=\u00bb#FFFFFF\u00bb header_2_font_size=\u00bb46px\u00bb header_2_font_size_tablet=\u00bb46px\u00bb header_2_font_size_phone=\u00bb40px\u00bb header_2_font_size_last_edited=\u00bbon|phone\u00bb global_colors_info=\u00bb{}\u00bb]<h2>Formacion Online<\/h2>[\/et_pb_text][\/et_pb_column][\/et_pb_row][\/et_pb_section][et_pb_section fb_built=\u00bb1&#8243; custom_padding_last_edited=\u00bbon|tablet\u00bb _builder_version=\u00bb4.20.4&#8243; _module_preset=\u00bbdefault\u00bb custom_padding_tablet=\u00bb25px||||false|false\u00bb custom_padding_phone=\u00bb25px||||false|false\u00bb global_colors_info=\u00bb{}\u00bb][et_pb_row _builder_version=\u00bb4.20.4&#8243; _module_preset=\u00bbdefault\u00bb global_colors_info=\u00bb{}\u00bb][et_pb_column type=\u00bb4_4&#8243; _builder_version=\u00bb4.20.4&#8243; _module_preset=\u00bbdefault\u00bb global_colors_info=\u00bb{}\u00bb][et_pb_blurb title=\u00bbAtero-Met\u00e1-Renal: Avances en Aterosclerosis, Metabolismo Lip\u00eddico y Enfermedad Renal.\u00bb _builder_version=\u00bb4.27.4&#8243; _module_preset=\u00bbdefault\u00bb header_font=\u00bbPoppins||||||||\u00bb header_text_color=\u00bb#24a8d7&#8243; header_font_size=\u00bb20px\u00bb header_line_height=\u00bb1.2em\u00bb body_font=\u00bbPoppins||||||||\u00bb min_height=\u00bb220.6px\u00bb custom_margin=\u00bb50px||||false|false\u00bb locked=\u00bboff\u00bb global_colors_info=\u00bb{}\u00bb]<p><b>Bloque I: Arterosclerosis y Riesgo Cardiovascular\u00a0<\/b><\/p>\n<p><span style=\"font-size: 14px;\">Ponentes:<\/span><\/p>\n<ul>\n<li style=\"text-align: justify;\"><span style=\"font-size: 14px;\"><span style=\"font-size: 14px;\">Dr. Pedro Valdivieso. <\/span><\/span>Servicio de Medicina Interna. Hospital <span style=\"font-size: 14px;\">Medicina Interna, Hospital Universitario Virgen de la Victoria, M\u00e1laga.<\/span><\/li>\n<li style=\"text-align: justify;\"><span style=\"font-size: 14px;\">Dra. Raquel Campuzano Ru\u00edz. Servicio de Cardiolog\u00eda, Hospital Universitario Fundaci\u00f3n Alcorc\u00f3n, Madrid.<\/span><\/li>\n<li style=\"text-align: justify;\"><span style=\"font-size: 14px;\">Dr. Lorenzo F\u00e1cila Rubio. Servicio de Cardiolog\u00eda, Consorcio Hospital General Universitario de Valencia.<\/span><\/li>\n<li style=\"text-align: justify;\"><span style=\"font-size: 14px;\">Dr. Jos\u00e9 Mar\u00eda Cepeda Diez. Servicio de Emergencias sanitarias, Castilla y Le\u00f3n.<br data-start=\"366\" data-end=\"369\" \/>Dr. Jos\u00e9 Juli\u00e1n Segura de la Morena- Servicio de Nefrolog\u00eda, Hospital Universitario 12 de Octubre de Madrid.<br data-start=\"466\" data-end=\"469\" \/>Dr. Jos\u00e9 Antonio Garc\u00eda Donaire. Servicio de Nefrolog\u00eda, Hospital Universitario San Carlos, Madrid.<\/span><\/li>\n<\/ul>\n<p><b>Bloque II: Nash-L\u00edpidos y riesgo cardiovascular\u00a0<\/b><\/p>\n<p><span style=\"font-size: 14px;\">Ponentes:<\/span><\/p>\n<ul>\n<li style=\"text-align: justify;\">Dra. Roc\u00edo Aller. Servicio del Aparato Digestivo, Hospital Cl\u00ednico Universitario de Valladolid.<\/li>\n<li style=\"text-align: justify;\">Dra. Roc\u00edo Mu\u00f1oz. Servicio del Aparato Digestivo, Hospital Universitario Virgen del Roc\u00edo.<\/li>\n<li style=\"text-align: justify;\">Dr. Lu\u00eds \u00c1vila. Distrito de Atenci\u00f3n Primaria, M\u00e1laga-Axarqu\u00eda.<\/li>\n<li style=\"text-align: justify;\">Dra. Vanesa Bernal. Servicio del Aparato Digestivo, Hospital Universitario Miguel Servet de Madrid.<\/li>\n<li style=\"text-align: justify;\">Dr. Francisco G\u00f3mez. Servicio de Medicina Interna, Complejo Hospitalario Universitario de Ja\u00e9n.<\/li>\n<li style=\"text-align: justify;\">Dr. Manuel Romero. Servicio del Aparato Digestivo, Hospital Universitario Virgen del Roc\u00edo de Sevilla.<\/li>\n<\/ul>\n<p><a href=\"https:\/\/ibima.eu\/wp-content\/uploads\/2025\/02\/Atero-Meta-Renal-Avances-en-Aterosclerosis-Metabolismo-Lipidico-y-Enfermedad-Renal_2024.pdf\"><span style=\"font-size: 14px;\">Programa<\/span><\/a><\/p>\n<p><a href=\"https:\/\/profesionales.msd.es\/courses\/ecme-98018473\/?cb=1738848169954&amp;recordID=2231&amp;utm_campaign=bau-cardiometabolico&amp;utm_source=ibima&amp;utm_content=ES_NON_04095___curso-ibima-24_UN&amp;utm_medium=email\">Inscripci\u00f3n<\/a><\/p>[\/et_pb_blurb][et_pb_blurb title=\u00bbEnfermedad Hep\u00e1tica Metab\u00f3lica y Dislipemias: Cardio-METAbolic-Network \u00bb _builder_version=\u00bb4.27.4&#8243; _module_preset=\u00bbdefault\u00bb header_font=\u00bbPoppins||||||||\u00bb header_text_color=\u00bb#24a8d7&#8243; header_font_size=\u00bb20px\u00bb header_line_height=\u00bb1.2em\u00bb body_font=\u00bbPoppins||||||||\u00bb min_height=\u00bb220.6px\u00bb custom_margin=\u00bb50px||||false|false\u00bb locked=\u00bboff\u00bb global_colors_info=\u00bb{}\u00bb]<p><b>Bloque I: L\u00edpidos y Riesgo\u00a0<\/b><\/p>\n<p><span style=\"font-size: 14px;\">Ponentes:<\/span><\/p>\n<ul>\n<li style=\"text-align: justify;\"><span style=\"font-size: 14px;\"><span style=\"font-size: 14px;\">Dr. Pedro Valdivieso. <\/span><\/span>Servicio de Medicina Interna. Hospital Universitario Virgen de la Victoria de M\u00e1laga<\/li>\n<li style=\"text-align: justify;\"><span style=\"font-size: 14px;\">Dra. Inmaculada Gonz\u00e1lez. Servicio de Endocrinolog\u00eda y Nutrici\u00f3n. Hospital Regional Universitario de M\u00e1laga.<\/span><\/li>\n<li style=\"text-align: justify;\"><span style=\"font-size: 14px;\">Dr. Juan Jos\u00e9 G\u00f3mez. Servicio de Cardiolog\u00eda. Hospital Universitario Virgen de la Victoria de M\u00e1laga.<\/span><\/li>\n<li style=\"text-align: justify;\"><span style=\"font-size: 14px;\">Dr. Jos\u00e9 L\u00f3pez-Miranda. Servicio de Medicina Interna del Hospital Universitario Reina Sof\u00eda de C\u00f3rdoba.<\/span><\/li>\n<li style=\"text-align: justify;\"><span style=\"font-size: 14px;\">Dr. Olvido Mu\u00f1iz. Servicio de Medicina Interna del Hospital Universitario Virgen del Roc\u00edo, Sevilla.<\/span><\/li>\n<li style=\"text-align: justify;\"><span style=\"font-size: 14px;\">Dr. Juan F Alcal\u00e1. Servicio de Medicina Interna del Hospital Universitario Reina Sof\u00eda de C\u00f3rdoba.<\/span><\/li>\n<\/ul>\n<p><b>Bloque II: Nash-L\u00edpidos y riesgo cardiovascular\u00a0<\/b><\/p>\n<p><span style=\"font-size: 14px;\">Ponentes:<\/span><\/p>\n<ul>\n<li style=\"text-align: justify;\"><span style=\"font-size: 14px;\">Dra. Roc\u00edo Aller. Servicio del Aparato Digestivo, Hospital Cl\u00ednico Universitario de Valladolid.<\/span><\/li>\n<li style=\"text-align: justify;\"><span style=\"font-size: 14px;\">Dra. Roc\u00edo Mu\u00f1oz. Servicio del Aparato Digestivo, Hospital Universitario Virgen del Roc\u00edo. <\/span><\/li>\n<li style=\"text-align: justify;\"><span style=\"font-size: 14px;\">Dr. Lu\u00eds \u00c1vila.\u00a0 Distrito de Atenci\u00f3n Primaria, M\u00e1laga-Axarqu\u00eda.<\/span><\/li>\n<li style=\"text-align: justify;\"><span style=\"font-size: 14px;\">Dra. Vanesa Bernal. Servicio del Aparato Digestivo, Hospital Universitario Miguel Servet de Madrid.<\/span><\/li>\n<li style=\"text-align: justify;\"><span style=\"font-size: 14px;\">Dr. Francisco G\u00f3mez. Servicio de Medicina Interna, Complejo Hospitalario Universitario de Ja\u00e9n.\u00a0<\/span><\/li>\n<li style=\"text-align: justify;\"><span style=\"font-size: 14px;\">Dr. Manuel Romero. Servicio del Aparato Digestivo, Hospital Universitario Virgen del Roc\u00edo de Sevilla.<\/span><\/li>\n<\/ul>\n<p><a href=\"https:\/\/ibima.eu\/wp-content\/uploads\/2025\/02\/Enfermedad-Hepatica-Metabolica-y-Dislipemias-Cardio-METAbolic-Network.pdf\"><span style=\"font-size: 14px;\">Programa<\/span><\/a><\/p>\n<p><a href=\"https:\/\/profesionales.msd.es\/courses\/ecme-98018396\/?recordID=2233&amp;utm_campaign=bau-cardiometabolico&amp;utm_source=ibima&amp;utm_content=ES_NON_02600___curso-ibima-23_UN&amp;utm_medium=email\"><span style=\"font-size: 14px;\">Inscipci\u00f3n<\/span><\/a><\/p>[\/et_pb_blurb][et_pb_text _builder_version=\u00bb4.27.0&#8243; _module_preset=\u00bbdefault\u00bb header_3_font=\u00bbPoppins|700|||||||\u00bb header_3_text_align=\u00bbcenter\u00bb header_3_text_color=\u00bb#24a8d7&#8243; header_3_font_size=\u00bb24px\u00bb custom_padding=\u00bb9px|||||\u00bb global_colors_info=\u00bb{}\u00bb][\/et_pb_text][\/et_pb_column][\/et_pb_row][et_pb_row _builder_version=\u00bb4.20.4&#8243; _module_preset=\u00bbdefault\u00bb global_colors_info=\u00bb{}\u00bb][et_pb_column type=\u00bb4_4&#8243; _builder_version=\u00bb4.20.4&#8243; _module_preset=\u00bbdefault\u00bb global_colors_info=\u00bb{}\u00bb][et_pb_text _builder_version=\u00bb4.27.0&#8243; _module_preset=\u00bbdefault\u00bb header_3_font=\u00bbPoppins|700|||||||\u00bb header_3_text_align=\u00bbcenter\u00bb header_3_text_color=\u00bb#24a8d7&#8243; header_3_font_size=\u00bb24px\u00bb custom_padding=\u00bb9px|||||\u00bb global_colors_info=\u00bb{}\u00bb][\/et_pb_text][\/et_pb_column][\/et_pb_row][\/et_pb_section][et_pb_section fb_built=\u00bb1&#8243; _builder_version=\u00bb4.27.0&#8243; _module_preset=\u00bbdefault\u00bb background_color=\u00bb#FFFFFF\u00bb custom_margin=\u00bb||||true|false\u00bb custom_padding=\u00bb15px||15px||true|false\u00bb locked=\u00bboff\u00bb global_colors_info=\u00bb{}\u00bb][et_pb_row column_structure=\u00bb1_2,1_2&#8243; use_custom_gutter=\u00bbon\u00bb gutter_width=\u00bb2&#8243; _builder_version=\u00bb4.27.0&#8243; _module_preset=\u00bbdefault\u00bb width=\u00bb70%\u00bb global_colors_info=\u00bb{}\u00bb][et_pb_column type=\u00bb1_2&#8243; _builder_version=\u00bb4.20.4&#8243; _module_preset=\u00bbdefault\u00bb global_colors_info=\u00bb{}\u00bb][\/et_pb_column][et_pb_column type=\u00bb1_2&#8243; _builder_version=\u00bb4.20.4&#8243; _module_preset=\u00bbdefault\u00bb global_colors_info=\u00bb{}\u00bb][et_pb_button button_url=\u00bbhttps:\/\/ibima.eu\/es\/formacion-continua\/\u00bb url_new_window=\u00bbon\u00bb button_text=\u00bbFormaci\u00f3n continua\u00bb button_alignment=\u00bbcenter\u00bb _builder_version=\u00bb4.27.0&#8243; _module_preset=\u00bbdefault\u00bb custom_button=\u00bbon\u00bb button_text_size=\u00bb20px\u00bb button_text_color=\u00bb#FFFFFF\u00bb button_bg_color=\u00bb#195e7f\u00bb button_border_color=\u00bb#FFFFFF\u00bb button_icon=\u00bb&#xe092;||divi||400&#8243; custom_margin=\u00bb15px||15px||true|false\u00bb custom_padding=\u00bb||||false|false\u00bb global_colors_info=\u00bb{}\u00bb][\/et_pb_button][\/et_pb_column][\/et_pb_row][\/et_pb_section]\n","protected":false},"excerpt":{"rendered":"<p>Formacion OnlineBloque I: Arterosclerosis y Riesgo Cardiovascular\u00a0 Ponentes: Dr. Pedro Valdivieso. Servicio de Medicina Interna. Hospital Medicina Interna, Hospital Universitario Virgen de la Victoria, M\u00e1laga. Dra. Raquel Campuzano Ru\u00edz. Servicio de Cardiolog\u00eda, Hospital Universitario Fundaci\u00f3n Alcorc\u00f3n, Madrid. Dr. Lorenzo F\u00e1cila Rubio. Servicio de Cardiolog\u00eda, Consorcio Hospital General Universitario de Valencia. Dr. Jos\u00e9 Mar\u00eda Cepeda Diez. [&hellip;]<\/p>\n","protected":false},"author":4,"featured_media":0,"parent":0,"menu_order":0,"comment_status":"closed","ping_status":"closed","template":"","meta":{"_acf_changed":false,"_et_pb_use_builder":"on","_et_pb_old_content":"","_et_gb_content_width":"","footnotes":""},"class_list":["post-50502","page","type-page","status-publish","hentry"],"acf":[],"yoast_head":"<!-- This site is optimized with the Yoast SEO plugin v27.4 - https:\/\/yoast.com\/product\/yoast-seo-wordpress\/ -->\n<title>Formaci\u00f3n online - Ibima<\/title>\n<meta name=\"description\" content=\"Ofrecemos formaci\u00f3n online para potenciar habilidades cient\u00edficas, impulsar carreras investigadoras y promover excelencia en\" \/>\n<meta name=\"robots\" content=\"index, follow, max-snippet:-1, max-image-preview:large, max-video-preview:-1\" \/>\n<link rel=\"canonical\" href=\"https:\/\/ibima.eu\/es\/formacion-online\/\" \/>\n<meta property=\"og:locale\" content=\"es_ES\" \/>\n<meta property=\"og:type\" content=\"article\" \/>\n<meta property=\"og:title\" content=\"Formaci\u00f3n online - Ibima\" \/>\n<meta property=\"og:description\" content=\"Ofrecemos formaci\u00f3n online para potenciar habilidades cient\u00edficas, impulsar carreras investigadoras y promover excelencia en\" \/>\n<meta property=\"og:url\" content=\"https:\/\/ibima.eu\/es\/formacion-online\/\" \/>\n<meta property=\"og:site_name\" content=\"Ibima\" \/>\n<meta property=\"article:modified_time\" content=\"2025-11-25T12:05:36+00:00\" \/>\n<meta name=\"twitter:card\" content=\"summary_large_image\" \/>\n<meta name=\"twitter:label1\" content=\"Tiempo de lectura\" \/>\n\t<meta name=\"twitter:data1\" content=\"2 minutos\" \/>\n<script type=\"application\/ld+json\" class=\"yoast-schema-graph\">{\"@context\":\"https:\\\/\\\/schema.org\",\"@graph\":[{\"@type\":\"WebPage\",\"@id\":\"https:\\\/\\\/ibima.eu\\\/formacion-online\\\/\",\"url\":\"https:\\\/\\\/ibima.eu\\\/formacion-online\\\/\",\"name\":\"Formaci\u00f3n online - Ibima\",\"isPartOf\":{\"@id\":\"https:\\\/\\\/ibima.eu\\\/es\\\/#website\"},\"datePublished\":\"2025-02-17T10:59:38+00:00\",\"dateModified\":\"2025-11-25T12:05:36+00:00\",\"description\":\"Ofrecemos formaci\u00f3n online para potenciar habilidades cient\u00edficas, impulsar carreras investigadoras y promover excelencia en\",\"breadcrumb\":{\"@id\":\"https:\\\/\\\/ibima.eu\\\/formacion-online\\\/#breadcrumb\"},\"inLanguage\":\"es\",\"potentialAction\":[{\"@type\":\"ReadAction\",\"target\":[\"https:\\\/\\\/ibima.eu\\\/formacion-online\\\/\"]}]},{\"@type\":\"BreadcrumbList\",\"@id\":\"https:\\\/\\\/ibima.eu\\\/formacion-online\\\/#breadcrumb\",\"itemListElement\":[{\"@type\":\"ListItem\",\"position\":1,\"name\":\"Portada\",\"item\":\"https:\\\/\\\/ibima.eu\\\/es\\\/\"},{\"@type\":\"ListItem\",\"position\":2,\"name\":\"Formaci\u00f3n online\"}]},{\"@type\":\"WebSite\",\"@id\":\"https:\\\/\\\/ibima.eu\\\/es\\\/#website\",\"url\":\"https:\\\/\\\/ibima.eu\\\/es\\\/\",\"name\":\"Ibima\",\"description\":\"\",\"potentialAction\":[{\"@type\":\"SearchAction\",\"target\":{\"@type\":\"EntryPoint\",\"urlTemplate\":\"https:\\\/\\\/ibima.eu\\\/es\\\/?s={search_term_string}\"},\"query-input\":{\"@type\":\"PropertyValueSpecification\",\"valueRequired\":true,\"valueName\":\"search_term_string\"}}],\"inLanguage\":\"es\"}]}<\/script>\n<!-- \/ Yoast SEO plugin. -->","yoast_head_json":{"title":"Formaci\u00f3n online - Ibima","description":"Ofrecemos formaci\u00f3n online para potenciar habilidades cient\u00edficas, impulsar carreras investigadoras y promover excelencia en","robots":{"index":"index","follow":"follow","max-snippet":"max-snippet:-1","max-image-preview":"max-image-preview:large","max-video-preview":"max-video-preview:-1"},"canonical":"https:\/\/ibima.eu\/es\/formacion-online\/","og_locale":"es_ES","og_type":"article","og_title":"Formaci\u00f3n online - Ibima","og_description":"Ofrecemos formaci\u00f3n online para potenciar habilidades cient\u00edficas, impulsar carreras investigadoras y promover excelencia en","og_url":"https:\/\/ibima.eu\/es\/formacion-online\/","og_site_name":"Ibima","article_modified_time":"2025-11-25T12:05:36+00:00","twitter_card":"summary_large_image","twitter_misc":{"Tiempo de lectura":"2 minutos"},"schema":{"@context":"https:\/\/schema.org","@graph":[{"@type":"WebPage","@id":"https:\/\/ibima.eu\/formacion-online\/","url":"https:\/\/ibima.eu\/formacion-online\/","name":"Formaci\u00f3n online - Ibima","isPartOf":{"@id":"https:\/\/ibima.eu\/es\/#website"},"datePublished":"2025-02-17T10:59:38+00:00","dateModified":"2025-11-25T12:05:36+00:00","description":"Ofrecemos formaci\u00f3n online para potenciar habilidades cient\u00edficas, impulsar carreras investigadoras y promover excelencia en","breadcrumb":{"@id":"https:\/\/ibima.eu\/formacion-online\/#breadcrumb"},"inLanguage":"es","potentialAction":[{"@type":"ReadAction","target":["https:\/\/ibima.eu\/formacion-online\/"]}]},{"@type":"BreadcrumbList","@id":"https:\/\/ibima.eu\/formacion-online\/#breadcrumb","itemListElement":[{"@type":"ListItem","position":1,"name":"Portada","item":"https:\/\/ibima.eu\/es\/"},{"@type":"ListItem","position":2,"name":"Formaci\u00f3n online"}]},{"@type":"WebSite","@id":"https:\/\/ibima.eu\/es\/#website","url":"https:\/\/ibima.eu\/es\/","name":"Ibima","description":"","potentialAction":[{"@type":"SearchAction","target":{"@type":"EntryPoint","urlTemplate":"https:\/\/ibima.eu\/es\/?s={search_term_string}"},"query-input":{"@type":"PropertyValueSpecification","valueRequired":true,"valueName":"search_term_string"}}],"inLanguage":"es"}]}},"_links":{"self":[{"href":"https:\/\/ibima.eu\/es\/wp-json\/wp\/v2\/pages\/50502","targetHints":{"allow":["GET"]}}],"collection":[{"href":"https:\/\/ibima.eu\/es\/wp-json\/wp\/v2\/pages"}],"about":[{"href":"https:\/\/ibima.eu\/es\/wp-json\/wp\/v2\/types\/page"}],"author":[{"embeddable":true,"href":"https:\/\/ibima.eu\/es\/wp-json\/wp\/v2\/users\/4"}],"replies":[{"embeddable":true,"href":"https:\/\/ibima.eu\/es\/wp-json\/wp\/v2\/comments?post=50502"}],"version-history":[{"count":4,"href":"https:\/\/ibima.eu\/es\/wp-json\/wp\/v2\/pages\/50502\/revisions"}],"predecessor-version":[{"id":58567,"href":"https:\/\/ibima.eu\/es\/wp-json\/wp\/v2\/pages\/50502\/revisions\/58567"}],"wp:attachment":[{"href":"https:\/\/ibima.eu\/es\/wp-json\/wp\/v2\/media?parent=50502"}],"curies":[{"name":"wp","href":"https:\/\/api.w.org\/{rel}","templated":true}]}}