{"id":829,"date":"2023-05-31T06:23:18","date_gmt":"2023-05-31T06:23:18","guid":{"rendered":"https:\/\/prueba.ibima.eu\/?page_id=829"},"modified":"2025-11-25T11:36:28","modified_gmt":"2025-11-25T11:36:28","slug":"asesoramiento-metodologico-y-estadistico","status":"publish","type":"page","link":"https:\/\/ibima.eu\/es\/asesoramiento-metodologico-y-estadistico\/","title":{"rendered":"Asesoramiento metodol\u00f3gico y estad\u00edstico"},"content":{"rendered":"\n[et_pb_section fb_built=\u00bb1&#8243; _builder_version=\u00bb4.23&#8243; _module_preset=\u00bbdefault\u00bb background_image=\u00bbhttps:\/\/ibima.eu\/wp-content\/uploads\/2023\/11\/Asesoramiento-metodologico-y-estadistico-scaled.jpg\u00bb global_colors_info=\u00bb{}\u00bb][et_pb_row _builder_version=\u00bb4.20.4&#8243; _module_preset=\u00bbdefault\u00bb custom_padding=\u00bb250px||30px||false|false\u00bb global_colors_info=\u00bb{}\u00bb][et_pb_column type=\u00bb4_4&#8243; _builder_version=\u00bb4.20.4&#8243; _module_preset=\u00bbdefault\u00bb global_colors_info=\u00bb{}\u00bb][et_pb_text _builder_version=\u00bb4.23.2&#8243; _module_preset=\u00bbdefault\u00bb header_2_font=\u00bbPoppins|700|||||||\u00bb header_2_text_color=\u00bb#FFFFFF\u00bb header_2_font_size=\u00bb46px\u00bb header_2_font_size_tablet=\u00bb46px\u00bb header_2_font_size_phone=\u00bb40px\u00bb header_2_font_size_last_edited=\u00bbon|phone\u00bb global_colors_info=\u00bb{}\u00bb]<h2>Asesoramiento Metodol\u00f3gico y Estad\u00edstico<\/h2>[\/et_pb_text][\/et_pb_column][\/et_pb_row][\/et_pb_section][et_pb_section fb_built=\u00bb1&#8243; _builder_version=\u00bb4.20.4&#8243; _module_preset=\u00bbdefault\u00bb custom_margin=\u00bb80px||80px||true|false\u00bb custom_margin_tablet=\u00bb40px||40px||true|false\u00bb custom_margin_phone=\u00bb40px||40px||true|false\u00bb custom_margin_last_edited=\u00bbon|tablet\u00bb global_colors_info=\u00bb{}\u00bb][et_pb_row _builder_version=\u00bb4.20.4&#8243; _module_preset=\u00bbdefault\u00bb width=\u00bb70%\u00bb global_colors_info=\u00bb{}\u00bb][et_pb_column type=\u00bb4_4&#8243; _builder_version=\u00bb4.20.4&#8243; _module_preset=\u00bbdefault\u00bb global_colors_info=\u00bb{}\u00bb][et_pb_text _builder_version=\u00bb4.23.4&#8243; _module_preset=\u00bbdefault\u00bb text_font=\u00bbPoppins||||||||\u00bb text_orientation=\u00bbjustified\u00bb global_colors_info=\u00bb{}\u00bb]<p style=\"text-align: justify;\">El objetivo de esta unidad de asesoramiento de la investigaci\u00f3n de los grupos se centra en desarrollar todo el potencial para generar datos que son cruciales para detectar, solucionar y prevenir problemas relacionados con la salud de los pacientes. Ofrece un soporte biomatem\u00e1tico especializado que a\u00f1ade rigurosidad y un cuidado especial en cuanto al dise\u00f1o, implementaci\u00f3n y an\u00e1lisis. Ofrece un soporte cient\u00edfico que sirve de puente entre la investigaci\u00f3n cl\u00ednica y la traslacional<\/p>[\/et_pb_text][\/et_pb_column][\/et_pb_row][\/et_pb_section][et_pb_section fb_built=\u00bb1&#8243; _builder_version=\u00bb4.20.4&#8243; _module_preset=\u00bbdefault\u00bb background_color=\u00bb#235b78&#8243; custom_padding=\u00bb30px||30px||true|false\u00bb global_colors_info=\u00bb{}\u00bb][et_pb_row _builder_version=\u00bb4.20.4&#8243; _module_preset=\u00bbdefault\u00bb global_colors_info=\u00bb{}\u00bb][et_pb_column type=\u00bb4_4&#8243; _builder_version=\u00bb4.20.4&#8243; _module_preset=\u00bbdefault\u00bb global_colors_info=\u00bb{}\u00bb][et_pb_text _builder_version=\u00bb4.20.4&#8243; _module_preset=\u00bbdefault\u00bb header_3_font=\u00bbPoppins|700|||||||\u00bb header_3_text_color=\u00bb#FFFFFF\u00bb header_3_font_size=\u00bb34px\u00bb global_colors_info=\u00bb{}\u00bb]<h3>Servicios<\/h3>[\/et_pb_text][\/et_pb_column][\/et_pb_row][\/et_pb_section][et_pb_section fb_built=\u00bb1&#8243; custom_padding_last_edited=\u00bbon|tablet\u00bb _builder_version=\u00bb4.20.4&#8243; _module_preset=\u00bbdefault\u00bb custom_padding=\u00bb80px||80px||true|false\u00bb custom_padding_tablet=\u00bb40px||40px||true|false\u00bb custom_padding_phone=\u00bb40px||40px||true|false\u00bb global_colors_info=\u00bb{}\u00bb][et_pb_row column_structure=\u00bb1_2,1_2&#8243; use_custom_gutter=\u00bbon\u00bb gutter_width=\u00bb2&#8243; _builder_version=\u00bb4.20.4&#8243; _module_preset=\u00bbdefault\u00bb global_colors_info=\u00bb{}\u00bb][et_pb_column type=\u00bb1_2&#8243; _builder_version=\u00bb4.20.4&#8243; _module_preset=\u00bbdefault\u00bb global_colors_info=\u00bb{}\u00bb][et_pb_text _builder_version=\u00bb4.23&#8243; _module_preset=\u00bbdefault\u00bb global_colors_info=\u00bb{}\u00bb][\/et_pb_text][et_pb_text _builder_version=\u00bb4.23.4&#8243; _module_preset=\u00bbdefault\u00bb header_2_font=\u00bbPoppins|700|||||||\u00bb header_2_text_color=\u00bb#43a5d3&#8243; header_2_font_size=\u00bb28px\u00bb header_2_line_height=\u00bb1.2em\u00bb global_colors_info=\u00bb{}\u00bb]<h2>Asesoramiento metodol\u00f3gico<br \/>y epidemiol\u00f3gico<\/h2>[\/et_pb_text][dsm_icon_list _builder_version=\u00bb4.23.2&#8243; _module_preset=\u00bbdefault\u00bb text_font=\u00bbPoppins||||||||\u00bb custom_margin=\u00bb20px||||false|false\u00bb custom_margin_tablet=\u00bb20px||20px||false|false\u00bb custom_margin_phone=\u00bb20px||20px||false|false\u00bb custom_margin_last_edited=\u00bbon|tablet\u00bb global_colors_info=\u00bb{}\u00bb][dsm_icon_list_child text=\u00bbAsesor\u00eda y\/o revisi\u00f3n metodol\u00f3gica del protocolo de investigaci\u00f3n\u00bb font_icon=\u00bb&#x3d;||divi||400&#8243; icon_color=\u00bb#43a5d3&#8243; icon_font_size=\u00bb17px\u00bb _builder_version=\u00bb4.20.4&#8243; _module_preset=\u00bbdefault\u00bb text_font=\u00bbPoppins||||||||\u00bb text_text_color=\u00bb#235b78&#8243; text_font_size=\u00bb16px\u00bb global_colors_info=\u00bb{}\u00bb][\/dsm_icon_list_child][dsm_icon_list_child text=\u00bbAn\u00e1lisis de las causas de denegaci\u00f3n de proyectos rechazados\u00bb font_icon=\u00bb&#x3d;||divi||400&#8243; icon_color=\u00bb#43a5d3&#8243; icon_font_size=\u00bb17px\u00bb _builder_version=\u00bb4.20.4&#8243; _module_preset=\u00bbdefault\u00bb text_font=\u00bbPoppins||||||||\u00bb text_text_color=\u00bb#235b78&#8243; text_font_size=\u00bb16px\u00bb global_colors_info=\u00bb{}\u00bb][\/dsm_icon_list_child][dsm_icon_list_child text=\u00bbRevisi\u00f3n de art\u00edculos cient\u00edficos\u00bb font_icon=\u00bb&#x3d;||divi||400&#8243; icon_color=\u00bb#43a5d3&#8243; icon_font_size=\u00bb17px\u00bb _builder_version=\u00bb4.20.4&#8243; _module_preset=\u00bbdefault\u00bb text_font=\u00bbPoppins||||||||\u00bb text_text_color=\u00bb#235b78&#8243; text_font_size=\u00bb16px\u00bb global_colors_info=\u00bb{}\u00bb][\/dsm_icon_list_child][\/dsm_icon_list][\/et_pb_column][et_pb_column type=\u00bb1_2&#8243; _builder_version=\u00bb4.20.4&#8243; _module_preset=\u00bbdefault\u00bb global_colors_info=\u00bb{}\u00bb][et_pb_text _builder_version=\u00bb4.23.4&#8243; _module_preset=\u00bbdefault\u00bb header_2_font=\u00bbPoppins|700|||||||\u00bb header_2_text_color=\u00bb#43a5d3&#8243; header_2_font_size=\u00bb28px\u00bb global_colors_info=\u00bb{}\u00bb]<h2>Asesoramiento estad\u00edstico<\/h2>[\/et_pb_text][dsm_icon_list _builder_version=\u00bb4.23.2&#8243; _module_preset=\u00bbdefault\u00bb text_font=\u00bbPoppins||||||||\u00bb custom_margin=\u00bb20px||||false|false\u00bb global_colors_info=\u00bb{}\u00bb][dsm_icon_list_child text=\u00bbMuestreo y c\u00e1lculo del tama\u00f1o muestral\u00bb font_icon=\u00bb&#x3d;||divi||400&#8243; icon_color=\u00bb#43a5d3&#8243; icon_font_size=\u00bb17px\u00bb _builder_version=\u00bb4.20.4&#8243; _module_preset=\u00bbdefault\u00bb text_font=\u00bbPoppins||||||||\u00bb text_text_color=\u00bb#235b78&#8243; text_font_size=\u00bb16px\u00bb global_colors_info=\u00bb{}\u00bb][\/dsm_icon_list_child][dsm_icon_list_child text=\u00bbAn\u00e1lisis descriptivo de los datos\u00bb font_icon=\u00bb&#x3d;||divi||400&#8243; icon_color=\u00bb#43a5d3&#8243; icon_font_size=\u00bb17px\u00bb _builder_version=\u00bb4.20.4&#8243; _module_preset=\u00bbdefault\u00bb text_font=\u00bbPoppins||||||||\u00bb text_text_color=\u00bb#235b78&#8243; text_font_size=\u00bb16px\u00bb global_colors_info=\u00bb{}\u00bb][\/dsm_icon_list_child][dsm_icon_list_child text=\u00bbAn\u00e1lisis inferencial (bivariante y multivariante)\u00bb font_icon=\u00bb&#x3d;||divi||400&#8243; icon_color=\u00bb#43a5d3&#8243; icon_font_size=\u00bb17px\u00bb _builder_version=\u00bb4.20.4&#8243; _module_preset=\u00bbdefault\u00bb text_font=\u00bbPoppins||||||||\u00bb text_text_color=\u00bb#235b78&#8243; text_font_size=\u00bb16px\u00bb global_colors_info=\u00bb{}\u00bb][\/dsm_icon_list_child][dsm_icon_list_child text=\u00bbSoporte en el uso de software libre para an\u00e1lisis estad\u00edstico\u00bb font_icon=\u00bb&#x3d;||divi||400&#8243; icon_color=\u00bb#43a5d3&#8243; icon_font_size=\u00bb17px\u00bb _builder_version=\u00bb4.20.4&#8243; _module_preset=\u00bbdefault\u00bb text_font=\u00bbPoppins||||||||\u00bb text_text_color=\u00bb#235b78&#8243; text_font_size=\u00bb16px\u00bb global_colors_info=\u00bb{}\u00bb][\/dsm_icon_list_child][dsm_icon_list_child text=\u00bbRevisi\u00f3n de art\u00edculos cient\u00edficos\u00bb font_icon=\u00bb&#x3d;||divi||400&#8243; icon_color=\u00bb#43a5d3&#8243; icon_font_size=\u00bb17px\u00bb _builder_version=\u00bb4.20.4&#8243; _module_preset=\u00bbdefault\u00bb text_font=\u00bbPoppins||||||||\u00bb text_text_color=\u00bb#235b78&#8243; text_font_size=\u00bb16px\u00bb global_colors_info=\u00bb{}\u00bb][\/dsm_icon_list_child][\/dsm_icon_list][\/et_pb_column][\/et_pb_row][et_pb_row column_structure=\u00bb1_2,1_2&#8243; use_custom_gutter=\u00bbon\u00bb gutter_width=\u00bb2&#8243; _builder_version=\u00bb4.20.4&#8243; _module_preset=\u00bbdefault\u00bb custom_margin=\u00bb80px||||false|false\u00bb custom_margin_tablet=\u00bb40px||||false|false\u00bb custom_margin_phone=\u00bb40px||||false|false\u00bb custom_margin_last_edited=\u00bbon|tablet\u00bb global_colors_info=\u00bb{}\u00bb][et_pb_column type=\u00bb1_2&#8243; _builder_version=\u00bb4.20.4&#8243; _module_preset=\u00bbdefault\u00bb global_colors_info=\u00bb{}\u00bb][et_pb_text _builder_version=\u00bb4.23.4&#8243; _module_preset=\u00bbdefault\u00bb header_2_font=\u00bbPoppins|700|||||||\u00bb header_2_text_color=\u00bb#43a5d3&#8243; header_2_font_size=\u00bb28px\u00bb header_2_line_height=\u00bb1.2em\u00bb global_colors_info=\u00bb{}\u00bb]<h2>Asesoramiento a grupos<br \/>de investigaci\u00f3n<\/h2>[\/et_pb_text][dsm_icon_list _builder_version=\u00bb4.23.2&#8243; _module_preset=\u00bbdefault\u00bb text_font=\u00bbPoppins||||||||\u00bb custom_margin=\u00bb20px||||false|false\u00bb custom_margin_tablet=\u00bb20px||35px||false|false\u00bb custom_margin_phone=\u00bb20px||35px||false|false\u00bb custom_margin_last_edited=\u00bbon|tablet\u00bb global_colors_info=\u00bb{}\u00bb][dsm_icon_list_child text=\u00bbConocer el trabajo realizado en los grupos de investigaci\u00f3n para apoyar el inicio de l\u00edneas de investigaci\u00f3n o de innovaci\u00f3n cl\u00ednica e identificar y promover posibles colaboraciones inter-unidad, inter-centro e  internacionales\u00bb font_icon=\u00bb&#x3d;||divi||400&#8243; icon_color=\u00bb#43a5d3&#8243; icon_font_size=\u00bb17px\u00bb _builder_version=\u00bb4.20.4&#8243; _module_preset=\u00bbdefault\u00bb text_font=\u00bbPoppins||||||||\u00bb text_text_color=\u00bb#235b78&#8243; text_font_size=\u00bb16px\u00bb global_colors_info=\u00bb{}\u00bb][\/dsm_icon_list_child][dsm_icon_list_child text=\u00bbApoyar al personal investigador de los grupos en la explotaci\u00f3n de sus datos, as\u00ed como en la divulgaci\u00f3n de sus resultados experimentales en foros nacionales e internacionales\u00bb font_icon=\u00bb&#x3d;||divi||400&#8243; icon_color=\u00bb#43a5d3&#8243; icon_font_size=\u00bb17px\u00bb _builder_version=\u00bb4.20.4&#8243; _module_preset=\u00bbdefault\u00bb text_font=\u00bbPoppins||||||||\u00bb text_text_color=\u00bb#235b78&#8243; text_font_size=\u00bb16px\u00bb global_colors_info=\u00bb{}\u00bb][\/dsm_icon_list_child][dsm_icon_list_child text=\u00bbAsesorar a los grupos de investigaci\u00f3n sobre sus inquietudes investigadoras para definir objetivos y trazar estrategias adecuadas para su consecuci\u00f3n\u00bb font_icon=\u00bb&#x3d;||divi||400&#8243; icon_color=\u00bb#43a5d3&#8243; icon_font_size=\u00bb17px\u00bb _builder_version=\u00bb4.20.4&#8243; _module_preset=\u00bbdefault\u00bb text_font=\u00bbPoppins||||||||\u00bb text_text_color=\u00bb#235b78&#8243; text_font_size=\u00bb16px\u00bb global_colors_info=\u00bb{}\u00bb][\/dsm_icon_list_child][\/dsm_icon_list][et_pb_text _builder_version=\u00bb4.23.4&#8243; _module_preset=\u00bbdefault\u00bb header_2_font=\u00bbPoppins|700|||||||\u00bb header_2_text_color=\u00bb#43a5d3&#8243; header_2_font_size=\u00bb28px\u00bb header_2_line_height=\u00bb1.2em\u00bb custom_padding=\u00bb50px||||false|false\u00bb global_colors_info=\u00bb{}\u00bb]<h2>Actividades formativas relacionadas con metodolog\u00eda y estad\u00edstica<\/h2>[\/et_pb_text][\/et_pb_column][et_pb_column type=\u00bb1_2&#8243; _builder_version=\u00bb4.20.4&#8243; _module_preset=\u00bbdefault\u00bb global_colors_info=\u00bb{}\u00bb][et_pb_text _builder_version=\u00bb4.23.4&#8243; _module_preset=\u00bbdefault\u00bb header_2_font=\u00bbPoppins|700|||||||\u00bb header_2_text_color=\u00bb#43a5d3&#8243; header_2_font_size=\u00bb28px\u00bb global_colors_info=\u00bb{}\u00bb]<h2>Actividades formativas<\/h2>[\/et_pb_text][dsm_icon_list _builder_version=\u00bb4.23.2&#8243; _module_preset=\u00bbdefault\u00bb text_font=\u00bbPoppins||||||||\u00bb custom_margin=\u00bb20px||||false|false\u00bb global_colors_info=\u00bb{}\u00bb][dsm_icon_list_child text=\u00bbFormaci\u00f3n en la metodolog\u00eda de la investigaci\u00f3n\u00bb font_icon=\u00bb&#x3d;||divi||400&#8243; icon_color=\u00bb#43a5d3&#8243; icon_font_size=\u00bb17px\u00bb _builder_version=\u00bb4.20.4&#8243; _module_preset=\u00bbdefault\u00bb text_font=\u00bbPoppins||||||||\u00bb text_text_color=\u00bb#235b78&#8243; text_font_size=\u00bb16px\u00bb global_colors_info=\u00bb{}\u00bb][\/dsm_icon_list_child][dsm_icon_list_child text=\u00bbFormaci\u00f3n en el manejo de software de libre acceso para el an\u00e1lisis estad\u00edstico de datos\u00bb font_icon=\u00bb&#x3d;||divi||400&#8243; icon_color=\u00bb#43a5d3&#8243; icon_font_size=\u00bb17px\u00bb _builder_version=\u00bb4.20.4&#8243; _module_preset=\u00bbdefault\u00bb text_font=\u00bbPoppins||||||||\u00bb text_text_color=\u00bb#235b78&#8243; text_font_size=\u00bb16px\u00bb global_colors_info=\u00bb{}\u00bb][\/dsm_icon_list_child][dsm_icon_list_child text=\u00bbFormaci\u00f3n en estad\u00edstica avanzada\u00bb font_icon=\u00bb&#x3d;||divi||400&#8243; icon_color=\u00bb#43a5d3&#8243; icon_font_size=\u00bb17px\u00bb _builder_version=\u00bb4.20.4&#8243; _module_preset=\u00bbdefault\u00bb text_font=\u00bbPoppins||||||||\u00bb text_text_color=\u00bb#235b78&#8243; text_font_size=\u00bb16px\u00bb global_colors_info=\u00bb{}\u00bb][\/dsm_icon_list_child][dsm_icon_list_child text=\u00bbFormaci\u00f3n en la elaboraci\u00f3n de un manuscrito cient\u00edfico para su publicaci\u00f3n en revistas cient\u00edficas revisadas por pares hom\u00f3logos\u00bb font_icon=\u00bb&#x3d;||divi||400&#8243; icon_color=\u00bb#43a5d3&#8243; icon_font_size=\u00bb17px\u00bb _builder_version=\u00bb4.20.4&#8243; _module_preset=\u00bbdefault\u00bb text_font=\u00bbPoppins||||||||\u00bb text_text_color=\u00bb#235b78&#8243; text_font_size=\u00bb16px\u00bb global_colors_info=\u00bb{}\u00bb][\/dsm_icon_list_child][dsm_icon_list_child text=\u00bbFormaci\u00f3n en la lectura cr\u00edtica de literatura cient\u00edfica\u00bb font_icon=\u00bb&#x3d;||divi||400&#8243; icon_color=\u00bb#43a5d3&#8243; icon_font_size=\u00bb17px\u00bb _builder_version=\u00bb4.20.4&#8243; _module_preset=\u00bbdefault\u00bb text_font=\u00bbPoppins||||||||\u00bb text_text_color=\u00bb#235b78&#8243; text_font_size=\u00bb16px\u00bb global_colors_info=\u00bb{}\u00bb][\/dsm_icon_list_child][dsm_icon_list_child text=\u00bbCursos de formaci\u00f3n espec\u00edficos en funci\u00f3n de las necesidades de los investigadores\u00bb font_icon=\u00bb&#x3d;||divi||400&#8243; icon_color=\u00bb#43a5d3&#8243; icon_font_size=\u00bb17px\u00bb _builder_version=\u00bb4.20.4&#8243; _module_preset=\u00bbdefault\u00bb text_font=\u00bbPoppins||||||||\u00bb text_text_color=\u00bb#235b78&#8243; text_font_size=\u00bb16px\u00bb global_colors_info=\u00bb{}\u00bb][\/dsm_icon_list_child][\/dsm_icon_list][\/et_pb_column][\/et_pb_row][\/et_pb_section][et_pb_section fb_built=\u00bb1&#8243; _builder_version=\u00bb4.20.4&#8243; _module_preset=\u00bbdefault\u00bb background_color=\u00bb#235b78&#8243; custom_padding=\u00bb30px||30px||true|false\u00bb global_colors_info=\u00bb{}\u00bb][et_pb_row admin_label=\u00bbFila\u00bb _builder_version=\u00bb4.20.4&#8243; _module_preset=\u00bbdefault\u00bb global_colors_info=\u00bb{}\u00bb][et_pb_column type=\u00bb4_4&#8243; _builder_version=\u00bb4.20.4&#8243; _module_preset=\u00bbdefault\u00bb global_colors_info=\u00bb{}\u00bb][et_pb_text _builder_version=\u00bb4.23&#8243; _module_preset=\u00bbdefault\u00bb header_3_font=\u00bbPoppins|700|||||||\u00bb header_3_text_color=\u00bb#FFFFFF\u00bb header_3_font_size=\u00bb34px\u00bb global_colors_info=\u00bb{}\u00bb]<h3>Contacto<\/h3>[\/et_pb_text][\/et_pb_column][\/et_pb_row][\/et_pb_section][et_pb_section fb_built=\u00bb1&#8243; custom_padding_last_edited=\u00bbon|tablet\u00bb _builder_version=\u00bb4.20.4&#8243; _module_preset=\u00bbdefault\u00bb custom_padding=\u00bb80px||80px||true|false\u00bb custom_padding_tablet=\u00bb40px||40px||true|false\u00bb custom_padding_phone=\u00bb40px||40px||true|false\u00bb global_colors_info=\u00bb{}\u00bb][et_pb_row use_custom_gutter=\u00bbon\u00bb gutter_width=\u00bb2&#8243; _builder_version=\u00bb4.24.3&#8243; _module_preset=\u00bbdefault\u00bb global_colors_info=\u00bb{}\u00bb][et_pb_column type=\u00bb4_4&#8243; _builder_version=\u00bb4.20.4&#8243; _module_preset=\u00bbdefault\u00bb global_colors_info=\u00bb{}\u00bb][et_pb_blurb title=\u00bbRita P\u00e9rez Gonz\u00e1lez\u00bb image=\u00bbhttps:\/\/ibima.eu\/wp-content\/uploads\/2024\/02\/rita-.png\u00bb image_icon_width=\u00bb72%\u00bb _builder_version=\u00bb4.24.3&#8243; _module_preset=\u00bbdefault\u00bb header_font=\u00bbPoppins|700|||||||\u00bb header_text_align=\u00bbcenter\u00bb header_text_color=\u00bb#43a5d3&#8243; header_font_size=\u00bb24px\u00bb body_font=\u00bbMontserrat||||||||\u00bb body_text_align=\u00bbcenter\u00bb body_text_color=\u00bb#FFFFFF\u00bb body_font_size=\u00bb18px\u00bb background_color=\u00bb#2a627d\u00bb image_icon_custom_margin=\u00bb10px||||false|false\u00bb width=\u00bb70%\u00bb width_tablet=\u00bb70%\u00bb width_phone=\u00bb70%\u00bb width_last_edited=\u00bbon|desktop\u00bb module_alignment=\u00bbcenter\u00bb min_height=\u00bb543.2px\u00bb custom_margin=\u00bb-75px||27px|||\u00bb custom_padding=\u00bb30px|30px|30px|30px|false|true\u00bb border_width_right=\u00bb5px\u00bb border_color_right=\u00bb#FFFFFF\u00bb border_radii_image=\u00bbon|100%|100%|100%|100%\u00bb locked=\u00bboff\u00bb global_colors_info=\u00bb{}\u00bb]<p>T\u00e9cnico de Asesoramiento Metodol\u00f3gico y Estad\u00edstico<\/p>\n<p>Contacto: 636 725 473 |<\/p>\n<p><a href=\"mailto:%20rita.perez@ibima.eu\">rita.perez@ibima.eu<\/a><\/p>[\/et_pb_blurb][\/et_pb_column][\/et_pb_row][\/et_pb_section][et_pb_section fb_built=\u00bb1&#8243; disabled_on=\u00bbon|on|on\u00bb _builder_version=\u00bb4.23&#8243; _module_preset=\u00bbdefault\u00bb disabled=\u00bbon\u00bb global_colors_info=\u00bb{}\u00bb][et_pb_row _builder_version=\u00bb4.23&#8243; _module_preset=\u00bbdefault\u00bb module_alignment=\u00bbleft\u00bb custom_padding=\u00bb80px|604px|80px||true|false\u00bb global_colors_info=\u00bb{}\u00bb][et_pb_column type=\u00bb4_4&#8243; _builder_version=\u00bb4.23&#8243; _module_preset=\u00bbdefault\u00bb global_colors_info=\u00bb{}\u00bb][\/et_pb_column][\/et_pb_row][\/et_pb_section]\n","protected":false},"excerpt":{"rendered":"<p>Asesoramiento Metodol\u00f3gico y Estad\u00edsticoEl objetivo de esta unidad de asesoramiento de la investigaci\u00f3n de los grupos se centra en desarrollar todo el potencial para generar datos que son cruciales para detectar, solucionar y prevenir problemas relacionados con la salud de los pacientes. Ofrece un soporte biomatem\u00e1tico especializado que a\u00f1ade rigurosidad y un cuidado especial en [&hellip;]<\/p>\n","protected":false},"author":1,"featured_media":0,"parent":0,"menu_order":0,"comment_status":"closed","ping_status":"closed","template":"","meta":{"_acf_changed":false,"_et_pb_use_builder":"on","_et_pb_old_content":"","_et_gb_content_width":"","footnotes":""},"class_list":["post-829","page","type-page","status-publish","hentry"],"acf":[],"yoast_head":"<!-- This site is optimized with the Yoast SEO plugin v27.3 - https:\/\/yoast.com\/product\/yoast-seo-wordpress\/ -->\n<title>Asesoramiento metodol\u00f3gico y estad\u00edstico - Ibima<\/title>\n<meta name=\"description\" content=\"Conoce en profundidad el servicio de asesoramiento metodol\u00f3gico y estad\u00edstico que brinda IBIMA Plataforma BIONAND\" \/>\n<meta name=\"robots\" content=\"index, follow, max-snippet:-1, max-image-preview:large, max-video-preview:-1\" \/>\n<link rel=\"canonical\" href=\"https:\/\/ibima.eu\/es\/asesoramiento-metodologico-y-estadistico\/\" \/>\n<meta property=\"og:locale\" content=\"es_ES\" \/>\n<meta property=\"og:type\" content=\"article\" \/>\n<meta property=\"og:title\" content=\"Asesoramiento metodol\u00f3gico y estad\u00edstico - Ibima\" \/>\n<meta property=\"og:description\" content=\"Conoce en profundidad el servicio de asesoramiento metodol\u00f3gico y estad\u00edstico que brinda IBIMA Plataforma BIONAND\" \/>\n<meta property=\"og:url\" content=\"https:\/\/ibima.eu\/es\/asesoramiento-metodologico-y-estadistico\/\" \/>\n<meta property=\"og:site_name\" content=\"Ibima\" \/>\n<meta property=\"article:modified_time\" content=\"2025-11-25T11:36:28+00:00\" \/>\n<meta name=\"twitter:card\" content=\"summary_large_image\" \/>\n<meta name=\"twitter:label1\" content=\"Tiempo de lectura\" \/>\n\t<meta name=\"twitter:data1\" content=\"2 minutos\" \/>\n<script type=\"application\/ld+json\" class=\"yoast-schema-graph\">{\"@context\":\"https:\\\/\\\/schema.org\",\"@graph\":[{\"@type\":\"WebPage\",\"@id\":\"https:\\\/\\\/ibima.eu\\\/asesoramiento-metodologico-y-estadistico\\\/\",\"url\":\"https:\\\/\\\/ibima.eu\\\/asesoramiento-metodologico-y-estadistico\\\/\",\"name\":\"Asesoramiento metodol\u00f3gico y estad\u00edstico - Ibima\",\"isPartOf\":{\"@id\":\"https:\\\/\\\/ibima.eu\\\/es\\\/#website\"},\"datePublished\":\"2023-05-31T06:23:18+00:00\",\"dateModified\":\"2025-11-25T11:36:28+00:00\",\"description\":\"Conoce en profundidad el servicio de asesoramiento metodol\u00f3gico y estad\u00edstico que brinda IBIMA Plataforma BIONAND\",\"breadcrumb\":{\"@id\":\"https:\\\/\\\/ibima.eu\\\/asesoramiento-metodologico-y-estadistico\\\/#breadcrumb\"},\"inLanguage\":\"es\",\"potentialAction\":[{\"@type\":\"ReadAction\",\"target\":[\"https:\\\/\\\/ibima.eu\\\/asesoramiento-metodologico-y-estadistico\\\/\"]}]},{\"@type\":\"BreadcrumbList\",\"@id\":\"https:\\\/\\\/ibima.eu\\\/asesoramiento-metodologico-y-estadistico\\\/#breadcrumb\",\"itemListElement\":[{\"@type\":\"ListItem\",\"position\":1,\"name\":\"Portada\",\"item\":\"https:\\\/\\\/ibima.eu\\\/es\\\/\"},{\"@type\":\"ListItem\",\"position\":2,\"name\":\"Asesoramiento metodol\u00f3gico y estad\u00edstico\"}]},{\"@type\":\"WebSite\",\"@id\":\"https:\\\/\\\/ibima.eu\\\/es\\\/#website\",\"url\":\"https:\\\/\\\/ibima.eu\\\/es\\\/\",\"name\":\"Ibima\",\"description\":\"\",\"potentialAction\":[{\"@type\":\"SearchAction\",\"target\":{\"@type\":\"EntryPoint\",\"urlTemplate\":\"https:\\\/\\\/ibima.eu\\\/es\\\/?s={search_term_string}\"},\"query-input\":{\"@type\":\"PropertyValueSpecification\",\"valueRequired\":true,\"valueName\":\"search_term_string\"}}],\"inLanguage\":\"es\"}]}<\/script>\n<!-- \/ Yoast SEO plugin. -->","yoast_head_json":{"title":"Asesoramiento metodol\u00f3gico y estad\u00edstico - Ibima","description":"Conoce en profundidad el servicio de asesoramiento metodol\u00f3gico y estad\u00edstico que brinda IBIMA Plataforma BIONAND","robots":{"index":"index","follow":"follow","max-snippet":"max-snippet:-1","max-image-preview":"max-image-preview:large","max-video-preview":"max-video-preview:-1"},"canonical":"https:\/\/ibima.eu\/es\/asesoramiento-metodologico-y-estadistico\/","og_locale":"es_ES","og_type":"article","og_title":"Asesoramiento metodol\u00f3gico y estad\u00edstico - Ibima","og_description":"Conoce en profundidad el servicio de asesoramiento metodol\u00f3gico y estad\u00edstico que brinda IBIMA Plataforma BIONAND","og_url":"https:\/\/ibima.eu\/es\/asesoramiento-metodologico-y-estadistico\/","og_site_name":"Ibima","article_modified_time":"2025-11-25T11:36:28+00:00","twitter_card":"summary_large_image","twitter_misc":{"Tiempo de lectura":"2 minutos"},"schema":{"@context":"https:\/\/schema.org","@graph":[{"@type":"WebPage","@id":"https:\/\/ibima.eu\/asesoramiento-metodologico-y-estadistico\/","url":"https:\/\/ibima.eu\/asesoramiento-metodologico-y-estadistico\/","name":"Asesoramiento metodol\u00f3gico y estad\u00edstico - Ibima","isPartOf":{"@id":"https:\/\/ibima.eu\/es\/#website"},"datePublished":"2023-05-31T06:23:18+00:00","dateModified":"2025-11-25T11:36:28+00:00","description":"Conoce en profundidad el servicio de asesoramiento metodol\u00f3gico y estad\u00edstico que brinda IBIMA Plataforma BIONAND","breadcrumb":{"@id":"https:\/\/ibima.eu\/asesoramiento-metodologico-y-estadistico\/#breadcrumb"},"inLanguage":"es","potentialAction":[{"@type":"ReadAction","target":["https:\/\/ibima.eu\/asesoramiento-metodologico-y-estadistico\/"]}]},{"@type":"BreadcrumbList","@id":"https:\/\/ibima.eu\/asesoramiento-metodologico-y-estadistico\/#breadcrumb","itemListElement":[{"@type":"ListItem","position":1,"name":"Portada","item":"https:\/\/ibima.eu\/es\/"},{"@type":"ListItem","position":2,"name":"Asesoramiento metodol\u00f3gico y estad\u00edstico"}]},{"@type":"WebSite","@id":"https:\/\/ibima.eu\/es\/#website","url":"https:\/\/ibima.eu\/es\/","name":"Ibima","description":"","potentialAction":[{"@type":"SearchAction","target":{"@type":"EntryPoint","urlTemplate":"https:\/\/ibima.eu\/es\/?s={search_term_string}"},"query-input":{"@type":"PropertyValueSpecification","valueRequired":true,"valueName":"search_term_string"}}],"inLanguage":"es"}]}},"_links":{"self":[{"href":"https:\/\/ibima.eu\/es\/wp-json\/wp\/v2\/pages\/829","targetHints":{"allow":["GET"]}}],"collection":[{"href":"https:\/\/ibima.eu\/es\/wp-json\/wp\/v2\/pages"}],"about":[{"href":"https:\/\/ibima.eu\/es\/wp-json\/wp\/v2\/types\/page"}],"author":[{"embeddable":true,"href":"https:\/\/ibima.eu\/es\/wp-json\/wp\/v2\/users\/1"}],"replies":[{"embeddable":true,"href":"https:\/\/ibima.eu\/es\/wp-json\/wp\/v2\/comments?post=829"}],"version-history":[{"count":2,"href":"https:\/\/ibima.eu\/es\/wp-json\/wp\/v2\/pages\/829\/revisions"}],"predecessor-version":[{"id":58541,"href":"https:\/\/ibima.eu\/es\/wp-json\/wp\/v2\/pages\/829\/revisions\/58541"}],"wp:attachment":[{"href":"https:\/\/ibima.eu\/es\/wp-json\/wp\/v2\/media?parent=829"}],"curies":[{"name":"wp","href":"https:\/\/api.w.org\/{rel}","templated":true}]}}